{"id":100030,"date":"2024-06-11T18:14:08","date_gmt":"2024-06-11T15:14:08","guid":{"rendered":"https:\/\/help.freeplanetvpn.com\/about-us\/"},"modified":"2024-12-27T20:16:09","modified_gmt":"2024-12-27T17:16:09","slug":"about-us","status":"publish","type":"page","link":"https:\/\/freevpnplanet.com\/cs\/about-us\/","title":{"rendered":"About us"},"content":{"rendered":"\n<section class=\"image-text custom-block align-full   mobile-image-bottom mobile-title-center  header-size-medium text-size-small   content-left\" style='overflow: hidden;;;--min-height-mobile:400px;--min-height-desktop:507px;--content-width:36%'>\n\n    <div class=\"gutenberg-block-background\"><\/div>\n    <div class=\"image-text__inner inner-container\">\n\n        \n                    <div class=\"image-text__content\">\n\n                <h1><span data-sheets-root=\"1\">Internet zdarma pro ka\u017ed\u00e9ho!<\/span><\/h1>\n<p class=\"header__descr\"><span data-sheets-root=\"1\">Planet VPN je slu\u017eba zalo\u017een\u00e1 na z\u00e1sad\u00e1ch kvality, anonymity a dostupnosti pro u\u017eivatele. Sna\u017e\u00edme se, aby byl internet lep\u0161\u00ed, aby v\u00e1s chr\u00e1nil p\u0159ed nebezpe\u010d\u00edm a abyste se p\u0159i surfov\u00e1n\u00ed na internetu c\u00edtili svobodn\u011b.<\/span><\/p>\n                \n            <\/div>\n        \n                    <div class=\"bg-image-wrapper bg-image-wrapper--desktop custom image-align--center\">\n                <figure style='--image-max-width:2000px;--image-opacity:1.00;width: calc(90% - 20px);left:34%;top:50%'>\n                    <img decoding=\"async\" width=\"1239\" height=\"588\" src=\"https:\/\/freevpnplanet.com\/wp-content\/uploads\/2024\/06\/rvpn-bg.844f66c1-20240611_181533_011207.png\" class=\"bg-image\" alt=\"Background Image for Desktop\" \/>                <\/figure>\n            <\/div>\n        \n                    <div class=\"bg-image-wrapper bg-image-wrapper--mobile regular-image\">\n                <figure style='width: 100%;max-width: 700px;opacity: 1.00;margin-top: 24px'>\n                    <img decoding=\"async\" width=\"1239\" height=\"588\" src=\"https:\/\/freevpnplanet.com\/wp-content\/uploads\/2024\/06\/rvpn-bg.844f66c1-20240611_181533_011207.png\" class=\"bg-image\" alt=\"Background Image for Mobile\" \/>                <\/figure>\n            <\/div>\n            <\/div>\n<\/section>\n\n\n<section class=\"wrapper custom-block align-full    \" style='--background-color:var(--dark-blue-8)'>\n\n    <div class=\"gutenberg-block-background\"><\/div>\n    <div class=\"wrapper__inner inner-container\">\n        \n\n<h3 class=\"wp-block-heading has-text-align-center\" style=\"font-size:25px\">Na\u0161e posl\u00e1n\u00ed<\/h3>\n\n\n\n<p style=\"font-size:18px\">\\Jsme p\u0159esv\u011bd\u010deni, \u017ee ka\u017ed\u00fd \u010dlov\u011bk m\u00e1 pr\u00e1vo pou\u017e\u00edvat kvalitn\u00ed internet. S Planet VPN jsou v\u0161echna va\u0161e data vysoce chr\u00e1n\u011bna a p\u0159en\u00e1\u0161ena prost\u0159ednictv\u00edm bezpe\u010dn\u00fdch virtu\u00e1ln\u00edch tunel\u016f, co\u017e umo\u017e\u0148uje z\u016fstat v anonymit\u011b. Pou\u017e\u00edv\u00e1me technologie OpenVPN 256-bit 2048 RSA. Podporujeme p\u0159ipojen\u00ed p\u0159es IPSec (IKEv1 + IKEv2), kter\u00e9 je zn\u00e1m\u00e9 svou spolehlivost\u00ed, vysokou p\u0159enosovou rychlost\u00ed a vysokou \u00farovn\u00ed ochrany dat. K dispozici jsou tak\u00e9 protokoly PPTP a L2TP. S Planet VPN jsou v\u00e1m k dispozici filmy, hudba, sportovn\u00ed p\u0159enosy a bezplatn\u00e1 komunikace!<\/p>\n\n\n    <\/div>\n\n<\/section>\n\n\n<section class=\"image-text custom-block align-wide   mobile-image-top mobile-title-center  header-size-medium text-size-medium   content-right\" style='overflow: hidden;;;--min-height-mobile:400px;--min-height-desktop:500px;--content-width:62%'>\n\n    <div class=\"gutenberg-block-background\"><\/div>\n    <div class=\"image-text__inner inner-container\">\n\n        \n                    <div class=\"image-text__content\">\n\n                <h2><span data-sheets-root=\"1\">Osobn\u00ed svoboda<\/span><\/h2>\n<p class=\"features__descr\"><span data-sheets-root=\"1\">V dob\u011b rostouc\u00ed cenzury je na\u0161\u00edm c\u00edlem poskytnout v\u00e1m osobn\u00ed svobodu a pocit bezpe\u010d\u00ed na internetu. Neust\u00e1le pracujeme na \u0159e\u0161en\u00edch, kter\u00e1 udr\u017euj\u00ed va\u0161e osobn\u00ed \u00fadaje v jistot\u011b a zabezpe\u010den\u00ed, chr\u00e1n\u00ed va\u0161e po\u017eadavky a skr\u00fdvaj\u00ed va\u0161e aktivity. Nab\u00edz\u00edme v\u00e1m pln\u00fd p\u0159\u00edstup k jak\u00fdmkoli informac\u00edm na internetu a mo\u017enost pou\u017e\u00edvat je anonymn\u011b a bezpe\u010dn\u011b.<\/span><\/p>\n                \n            <\/div>\n        \n                    <div class=\"bg-image-wrapper bg-image-wrapper--desktop left image-align--center\">\n                <figure style='--image-max-width:407px;--image-opacity:1.00;width: calc(35% - 20px)'>\n                    <img decoding=\"async\" width=\"407\" height=\"288\" src=\"https:\/\/freevpnplanet.com\/wp-content\/uploads\/2024\/06\/rvpn-pic-1.0efc1381-20240611_182759_024047.png\" class=\"bg-image\" alt=\"Background Image for Desktop\" \/>                <\/figure>\n            <\/div>\n        \n                    <div class=\"bg-image-wrapper bg-image-wrapper--mobile regular-image\">\n                <figure style='width: 100%;max-width: 407px;opacity: 1.00;margin-top: 24px'>\n                    <img decoding=\"async\" width=\"407\" height=\"288\" src=\"https:\/\/freevpnplanet.com\/wp-content\/uploads\/2024\/06\/rvpn-pic-1.0efc1381-20240611_182759_024047.png\" class=\"bg-image\" alt=\"Background Image for Mobile\" \/>                <\/figure>\n            <\/div>\n            <\/div>\n<\/section>\n\n\n<section class=\"image-text custom-block align-wide   mobile-image-top mobile-title-center  header-size-medium text-size-medium   content-left\" style='overflow: hidden;;;--min-height-mobile:400px;--min-height-desktop:400px;--content-width:65%'>\n\n    <div class=\"gutenberg-block-background\"><\/div>\n    <div class=\"image-text__inner inner-container\">\n\n        \n                    <div class=\"image-text__content\">\n\n                <h2><span data-sheets-root=\"1\">Ochrana soukrom\u00ed<\/span><\/h2>\n<p class=\"features__descr\"><span data-sheets-root=\"1\">Zaru\u010dujeme spolehliv\u00e9 \u0161ifrov\u00e1n\u00ed va\u0161eho provozu a jeho p\u0159enos prost\u0159ednictv\u00edm zabezpe\u010den\u00e9ho p\u0159ipojen\u00ed. Va\u0161e online aktivity jsou pod spolehlivou ochranou. Pracujeme 24 hodin denn\u011b, 7 dn\u00ed v t\u00fddnu, abychom v\u00e1m zajistili soukrom\u00ed. Na\u0161e z\u00e1sady ochrany d\u016fv\u011brn\u00fdch informac\u00ed jsou transparentn\u00ed a jasn\u00e9. Ka\u017ed\u00e9ho u\u017eivatele okam\u017eit\u011b informujeme o jak\u00fdchkoli jej\u00edch zm\u011bn\u00e1ch.<\/span><\/p>\n                \n            <\/div>\n        \n                    <div class=\"bg-image-wrapper bg-image-wrapper--desktop right image-align--center\">\n                <figure style='--image-max-width:304px;--image-opacity:1.00;width: calc(35% - 20px)'>\n                    <img decoding=\"async\" width=\"304\" height=\"305\" src=\"https:\/\/freevpnplanet.com\/wp-content\/uploads\/2024\/06\/rvpn-pic-2.e55aedf1-20240611_191503_396014.png\" class=\"bg-image\" alt=\"Background Image for Desktop\" \/>                <\/figure>\n            <\/div>\n        \n                    <div class=\"bg-image-wrapper bg-image-wrapper--mobile regular-image\">\n                <figure style='width: 100%;max-width: 304px;opacity: 1.00;margin-top: 24px'>\n                    <img decoding=\"async\" width=\"304\" height=\"305\" src=\"https:\/\/freevpnplanet.com\/wp-content\/uploads\/2024\/06\/rvpn-pic-2.e55aedf1-20240611_191503_396014.png\" class=\"bg-image\" alt=\"Background Image for Mobile\" \/>                <\/figure>\n            <\/div>\n            <\/div>\n<\/section>\n\n\n<section class=\"image-text custom-block align-wide   mobile-image-top mobile-title-center  header-size-medium text-size-medium   content-right\" style='overflow: hidden;;;--min-height-mobile:400px;--min-height-desktop:400px;--content-width:65%'>\n\n    <div class=\"gutenberg-block-background\"><\/div>\n    <div class=\"image-text__inner inner-container\">\n\n        \n                    <div class=\"image-text__content\">\n\n                <h2><span data-sheets-root=\"1\">Digit\u00e1ln\u00ed pr\u00e1va<\/span><\/h2>\n<p class=\"features__descr\"><span data-sheets-root=\"1\">Nezaznamen\u00e1v\u00e1me \u017e\u00e1dn\u00e9 z\u00e1znamy o s\u00ed\u0165ov\u00e9 aktivit\u011b klient\u016f. Nepo\u017eadujeme po v\u00e1s \u017e\u00e1dn\u00e9 dal\u0161\u00ed informace o va\u0161\u00ed osob\u011b. Nab\u00edz\u00edme v\u00e1m anonymn\u00ed mo\u017enosti platby za na\u0161e slu\u017eby. V\u0161echny informace o pou\u017e\u00edv\u00e1n\u00ed slu\u017eby Planet VPN z\u016fst\u00e1vaj\u00ed anonymn\u00ed a nejsou v\u00e1z\u00e1ny na va\u0161i skute\u010dnou IP adresu.<\/span><\/p>\n                \n            <\/div>\n        \n                    <div class=\"bg-image-wrapper bg-image-wrapper--desktop left image-align--center\">\n                <figure style='--image-max-width:397px;--image-opacity:1.00;width: calc(35% - 20px)'>\n                    <img decoding=\"async\" width=\"397\" height=\"260\" src=\"https:\/\/freevpnplanet.com\/wp-content\/uploads\/2024\/06\/rvpn-pic-3.cbf2ef01-20240611_191648_160765.png\" class=\"bg-image\" alt=\"Background Image for Desktop\" \/>                <\/figure>\n            <\/div>\n        \n                    <div class=\"bg-image-wrapper bg-image-wrapper--mobile regular-image\">\n                <figure style='width: 100%;max-width: 397px;opacity: 1.00;margin-top: 24px'>\n                    <img decoding=\"async\" width=\"397\" height=\"260\" src=\"https:\/\/freevpnplanet.com\/wp-content\/uploads\/2024\/06\/rvpn-pic-3.cbf2ef01-20240611_191648_160765.png\" class=\"bg-image\" alt=\"Background Image for Mobile\" \/>                <\/figure>\n            <\/div>\n            <\/div>\n<\/section>\n\n\n<section class=\"wrapper custom-block align-full    \" style='--background-color:var(--dark-blue-8)'>\n\n    <div class=\"gutenberg-block-background\"><\/div>\n    <div class=\"wrapper__inner inner-container\">\n        \n\n<h3 class=\"wp-block-heading has-text-align-center\" style=\"font-size:25px\">Na\u0161e historie<\/h3>\n\n\n\n<p style=\"font-size:18px\">Slu\u017ebu Planet VPN jsme vytvo\u0159ili v roce 2017, abychom ka\u017ed\u00e9mu u\u017eivateli internetu poskytli digit\u00e1ln\u00ed bezpe\u010dnost a osobn\u00ed svobodu. Proto\u017ee jsme tak\u00e9 aktivn\u00edmi u\u017eivateli internetu, v\u00edme, jak je pocit bezpe\u010d\u00ed pro ka\u017ed\u00e9ho z n\u00e1s d\u016fle\u017eit\u00fd. Na internetu bohu\u017eel existuje mnoho hrozeb: po\u010d\u00ednaje otravn\u00fdmi inzerenty, podvodn\u00edky a dokonce i vl\u00e1dn\u00edmi agenturami, kter\u00e9 se sna\u017e\u00ed z\u00edskat p\u0159\u00edstup k osobn\u00edm \u00fadaj\u016fm u\u017eivatel\u016f.<\/p>\n\n\n\n<p style=\"font-size:18px\">Proto se zrodil n\u00e1pad vytvo\u0159it p\u0159\u00e1telskou komunitu podobn\u011b sm\u00fd\u0161lej\u00edc\u00edch lid\u00ed, kte\u0159\u00ed nyn\u00ed maj\u00ed servery VPN ve v\u00edce ne\u017e 60 zem\u00edch na p\u011bti kontinentech. A v sou\u010dasn\u00e9 dob\u011b n\u00e1m svou online bezpe\u010dnost sv\u011b\u0159uj\u00ed tis\u00edce u\u017eivatel\u016f.<\/p>\n\n\n    <\/div>\n\n<\/section>\n\n\n<section class=\"image-text custom-block align-full   mobile-image-top mobile-title-center  header-size-medium text-size-medium   content-right\" style='overflow: hidden;;;--min-height-mobile:400px;--min-height-desktop:500px;--content-width:67%'>\n\n    <div class=\"gutenberg-block-background\"><\/div>\n    <div class=\"image-text__inner inner-container\">\n\n        \n                    <div class=\"image-text__content\">\n\n                <h2><span data-sheets-root=\"1\">Na\u0161e hodnoty<\/span><\/h2>\n<p class=\"features__descr\"><span data-sheets-root=\"1\">Planet VPN podporuje my\u0161lenku zachov\u00e1n\u00ed osobn\u00ed svobody, online bezpe\u010dnosti a pr\u00e1va na volbu. T\u00fdk\u00e1 se to i soukrom\u00fdch usedge a obchodn\u00edch z\u00e1jm\u016f. Stoj\u00edme za spravedlnost\u00ed a v\u00edme, \u017ee ka\u017ed\u00fd by m\u011bl m\u00edt pr\u00e1vo na svobodn\u00fd p\u0159\u00edstup a bezpe\u010dn\u00e9 pou\u017e\u00edv\u00e1n\u00ed internetu. Nav\u00edc poskytujeme mo\u017enost vyhnout se cenov\u00e9 diskriminaci a trik\u016fm obchodn\u00edk\u016f.<\/span><\/p>\n                                    <div class=\"image-text__cta\">\n                        <a href=\"\/cs\/plans\/\" target=\"_self\" id=\"qa-download-button-values\" class=\"cta download-by-platform cta--with-border cta-size--small cta-mt--initial icon-position--icon-left\" style=\"--border-radius:40px\"><span class=\"cta__name\">St\u00e1hnout zdarma<\/span><\/a>                    <\/div>\n                \n            <\/div>\n        \n                    <div class=\"bg-image-wrapper bg-image-wrapper--desktop left image-align--left\">\n                <figure style='--image-max-width:390px;--image-opacity:1.00;width: calc(35% - 20px)'>\n                    <img decoding=\"async\" width=\"393\" height=\"288\" src=\"https:\/\/freevpnplanet.com\/wp-content\/uploads\/2024\/06\/rvpn-pic-4.d8c3f2a1-20240611_192429_140366.png\" class=\"bg-image\" alt=\"Background Image for Desktop\" \/>                <\/figure>\n            <\/div>\n        \n                    <div class=\"bg-image-wrapper bg-image-wrapper--mobile regular-image\">\n                <figure style='width: 100%;max-width: 393px;opacity: 1.00;margin-top: 24px'>\n                    <img decoding=\"async\" width=\"393\" height=\"288\" src=\"https:\/\/freevpnplanet.com\/wp-content\/uploads\/2024\/06\/rvpn-pic-4.d8c3f2a1-20240611_192429_140366.png\" class=\"bg-image\" alt=\"Background Image for Mobile\" \/>                <\/figure>\n            <\/div>\n            <\/div>\n<\/section>","protected":false},"excerpt":{"rendered":"","protected":false},"author":39,"featured_media":0,"parent":0,"menu_order":0,"comment_status":"closed","ping_status":"closed","template":"templates\/page_template-basic_for_gutenberg.php","meta":{"_acf_changed":false,"inline_featured_image":false,"footnotes":""},"download_by_lite_tag":[],"class_list":["post-100030","page","type-page","status-publish","hentry"],"yoast_head":"<!-- This site is optimized with the Yoast SEO plugin v22.6 - https:\/\/yoast.com\/wordpress\/plugins\/seo\/ -->\n<title>O n\u00e1s | Planet VPN<\/title>\n<meta name=\"description\" content=\"Planet VPN se sna\u017e\u00ed zajistit bezpe\u010dn\u00e9 a spolehliv\u00e9 surfov\u00e1n\u00ed na internetu. P\u0159idejte se k Planet VPN.\" \/>\n<meta name=\"robots\" content=\"index, follow, max-snippet:-1, max-image-preview:large, max-video-preview:-1\" \/>\n<link rel=\"canonical\" href=\"https:\/\/freevpnplanet.com\/cs\/about-us\/\" \/>\n<meta property=\"og:locale\" content=\"en_US\" \/>\n<meta property=\"og:type\" content=\"article\" \/>\n<meta property=\"og:title\" content=\"O n\u00e1s | Planet VPN\" \/>\n<meta property=\"og:description\" content=\"Planet VPN se sna\u017e\u00ed zajistit bezpe\u010dn\u00e9 a spolehliv\u00e9 surfov\u00e1n\u00ed na internetu. P\u0159idejte se k Planet VPN.\" \/>\n<meta property=\"og:url\" content=\"https:\/\/freevpnplanet.com\/cs\/about-us\/\" \/>\n<meta property=\"og:site_name\" content=\"Planet VPN\" \/>\n<meta property=\"article:modified_time\" content=\"2024-12-27T17:16:09+00:00\" \/>\n<meta name=\"twitter:card\" content=\"summary_large_image\" \/>\n<meta name=\"twitter:label1\" content=\"Est. reading time\" \/>\n\t<meta name=\"twitter:data1\" content=\"1 minute\" \/>\n<script type=\"application\/ld+json\" class=\"yoast-schema-graph\">{\"@context\":\"https:\/\/schema.org\",\"@graph\":[{\"@type\":\"WebPage\",\"@id\":\"https:\/\/freevpnplanet.com\/cs\/about-us\/\",\"url\":\"https:\/\/freevpnplanet.com\/cs\/about-us\/\",\"name\":\"O n\u00e1s | Planet VPN\",\"isPartOf\":{\"@id\":\"https:\/\/freevpnplanet.com\/cs\/#website\"},\"datePublished\":\"2024-06-11T15:14:08+00:00\",\"dateModified\":\"2024-12-27T17:16:09+00:00\",\"description\":\"Planet VPN se sna\u017e\u00ed zajistit bezpe\u010dn\u00e9 a spolehliv\u00e9 surfov\u00e1n\u00ed na internetu. P\u0159idejte se k Planet VPN.\",\"breadcrumb\":{\"@id\":\"https:\/\/freevpnplanet.com\/cs\/about-us\/#breadcrumb\"},\"inLanguage\":\"cs\",\"potentialAction\":[{\"@type\":\"ReadAction\",\"target\":[\"https:\/\/freevpnplanet.com\/cs\/about-us\/\"]}]},{\"@type\":\"BreadcrumbList\",\"@id\":\"https:\/\/freevpnplanet.com\/cs\/about-us\/#breadcrumb\",\"itemListElement\":[{\"@type\":\"ListItem\",\"position\":1,\"name\":\"Home\",\"item\":\"https:\/\/freevpnplanet.com\/cs\/\"},{\"@type\":\"ListItem\",\"position\":2,\"name\":\"About us\"}]},{\"@type\":\"WebSite\",\"@id\":\"https:\/\/freevpnplanet.com\/cs\/#website\",\"url\":\"https:\/\/freevpnplanet.com\/cs\/\",\"name\":\"Planet VPN \ud83d\udee1\ufe0f\ud83c\udf10 Free VPN\",\"description\":\"Free VPN\",\"potentialAction\":[{\"@type\":\"SearchAction\",\"target\":{\"@type\":\"EntryPoint\",\"urlTemplate\":\"https:\/\/freevpnplanet.com\/cs\/?s={search_term_string}\"},\"query-input\":\"required name=search_term_string\"}],\"inLanguage\":\"cs\",\"publisher\":{\"@id\":\"https:\/\/freevpnplanet.com\/cs\/#organization\"}},{\"@context\":\"https:\/\/schema.org\/\",\"@type\":\"SoftwareApplication\",\"name\":\"Planet VPN \ud83d\udee1\ufe0f\ud83c\udf10 Free VPN\",\"operatingSystem\":\"Windows, macOS, iOS, Android, Linux, Chrome\",\"applicationCategory\":\"SecurityApplication\",\"offers\":{\"@type\":\"AggregateOffer\",\"priceCurrency\":\"USD\",\"price\":\"0\",\"lowPrice\":\"0\",\"availability\":\"https:\/\/schema.org\/InStock\"},\"aggregateRating\":{\"@type\":\"AggregateRating\",\"ratingValue\":\"4.8\",\"bestRating\":\"5\",\"ratingCount\":\"12476\"}},{\"@type\":\"Organization\",\"@id\":\"https:\/\/freevpnplanet.com\/cs\/#organization\",\"url\":\"https:\/\/freevpnplanet.com\/cs\/\",\"name\":\"Planet VPN \ud83d\udee1\ufe0f\ud83c\udf10 Free VPN\"}]}<\/script>\n<!-- \/ Yoast SEO plugin. -->","yoast_head_json":{"title":"O n\u00e1s | Planet VPN","description":"Planet VPN se sna\u017e\u00ed zajistit bezpe\u010dn\u00e9 a spolehliv\u00e9 surfov\u00e1n\u00ed na internetu. P\u0159idejte se k Planet VPN.","robots":{"index":"index","follow":"follow","max-snippet":"max-snippet:-1","max-image-preview":"max-image-preview:large","max-video-preview":"max-video-preview:-1"},"canonical":"https:\/\/freevpnplanet.com\/cs\/about-us\/","og_locale":"en_US","og_type":"article","og_title":"O n\u00e1s | Planet VPN","og_description":"Planet VPN se sna\u017e\u00ed zajistit bezpe\u010dn\u00e9 a spolehliv\u00e9 surfov\u00e1n\u00ed na internetu. P\u0159idejte se k Planet VPN.","og_url":"https:\/\/freevpnplanet.com\/cs\/about-us\/","og_site_name":"Planet VPN","article_modified_time":"2024-12-27T17:16:09+00:00","twitter_card":"summary_large_image","twitter_misc":{"Est. reading time":"1 minute"},"schema":{"@context":"https:\/\/schema.org","@graph":[{"@type":"WebPage","@id":"https:\/\/freevpnplanet.com\/cs\/about-us\/","url":"https:\/\/freevpnplanet.com\/cs\/about-us\/","name":"O n\u00e1s | Planet VPN","isPartOf":{"@id":"https:\/\/freevpnplanet.com\/cs\/#website"},"datePublished":"2024-06-11T15:14:08+00:00","dateModified":"2024-12-27T17:16:09+00:00","description":"Planet VPN se sna\u017e\u00ed zajistit bezpe\u010dn\u00e9 a spolehliv\u00e9 surfov\u00e1n\u00ed na internetu. P\u0159idejte se k Planet VPN.","breadcrumb":{"@id":"https:\/\/freevpnplanet.com\/cs\/about-us\/#breadcrumb"},"inLanguage":"cs","potentialAction":[{"@type":"ReadAction","target":["https:\/\/freevpnplanet.com\/cs\/about-us\/"]}]},{"@type":"BreadcrumbList","@id":"https:\/\/freevpnplanet.com\/cs\/about-us\/#breadcrumb","itemListElement":[{"@type":"ListItem","position":1,"name":"Home","item":"https:\/\/freevpnplanet.com\/cs\/"},{"@type":"ListItem","position":2,"name":"About us"}]},{"@type":"WebSite","@id":"https:\/\/freevpnplanet.com\/cs\/#website","url":"https:\/\/freevpnplanet.com\/cs\/","name":"Planet VPN \ud83d\udee1\ufe0f\ud83c\udf10 Free VPN","description":"Free VPN","potentialAction":[{"@type":"SearchAction","target":{"@type":"EntryPoint","urlTemplate":"https:\/\/freevpnplanet.com\/cs\/?s={search_term_string}"},"query-input":"required name=search_term_string"}],"inLanguage":"cs","publisher":{"@id":"https:\/\/freevpnplanet.com\/cs\/#organization"}},{"@context":"https:\/\/schema.org\/","@type":"SoftwareApplication","name":"Planet VPN \ud83d\udee1\ufe0f\ud83c\udf10 Free VPN","operatingSystem":"Windows, macOS, iOS, Android, Linux, Chrome","applicationCategory":"SecurityApplication","offers":{"@type":"AggregateOffer","priceCurrency":"USD","price":"0","lowPrice":"0","availability":"https:\/\/schema.org\/InStock"},"aggregateRating":{"@type":"AggregateRating","ratingValue":"4.8","bestRating":"5","ratingCount":"12476"}},{"@type":"Organization","@id":"https:\/\/freevpnplanet.com\/cs\/#organization","url":"https:\/\/freevpnplanet.com\/cs\/","name":"Planet VPN \ud83d\udee1\ufe0f\ud83c\udf10 Free VPN"}]}},"acf":[],"_links":{"self":[{"href":"https:\/\/freevpnplanet.com\/cs\/wp-json\/wp\/v2\/pages\/100030","targetHints":{"allow":["GET"]}}],"collection":[{"href":"https:\/\/freevpnplanet.com\/cs\/wp-json\/wp\/v2\/pages"}],"about":[{"href":"https:\/\/freevpnplanet.com\/cs\/wp-json\/wp\/v2\/types\/page"}],"author":[{"embeddable":true,"href":"https:\/\/freevpnplanet.com\/cs\/wp-json\/wp\/v2\/users\/39"}],"replies":[{"embeddable":true,"href":"https:\/\/freevpnplanet.com\/cs\/wp-json\/wp\/v2\/comments?post=100030"}],"version-history":[{"count":1,"href":"https:\/\/freevpnplanet.com\/cs\/wp-json\/wp\/v2\/pages\/100030\/revisions"}],"predecessor-version":[{"id":150623,"href":"https:\/\/freevpnplanet.com\/cs\/wp-json\/wp\/v2\/pages\/100030\/revisions\/150623"}],"wp:attachment":[{"href":"https:\/\/freevpnplanet.com\/cs\/wp-json\/wp\/v2\/media?parent=100030"}],"wp:term":[{"taxonomy":"download_by_lite_tag","embeddable":true,"href":"https:\/\/freevpnplanet.com\/cs\/wp-json\/wp\/v2\/download_by_lite_tag?post=100030"}],"curies":[{"name":"wp","href":"https:\/\/api.w.org\/{rel}","templated":true}]}}