{"id":101382,"date":"2024-06-12T14:19:27","date_gmt":"2024-06-12T11:19:27","guid":{"rendered":"https:\/\/help.freeplanetvpn.com\/affiliate-program\/"},"modified":"2025-07-18T14:25:34","modified_gmt":"2025-07-18T11:25:34","slug":"affiliate-program","status":"publish","type":"page","link":"https:\/\/freevpnplanet.com\/cs\/affiliate-program\/","title":{"rendered":"Affiliate Program"},"content":{"rendered":"\n<section class=\"image-text custom-block align-full bg-circle-top-left  mobile-image-bottom   header-size-extra-large text-size-large   content-left\" style='overflow: hidden;;--background-color:var(--dark-blue-1); --text-color:var(--white);--min-height-mobile:400px;--min-height-desktop:676px;--content-width:46%'>\n\n    <div class=\"gutenberg-block-background\"><\/div>\n    <div class=\"image-text__inner inner-container\">\n\n        \n                    <div class=\"image-text__content\">\n\n                <h1>Partnersk\u00fd Program FREE VPN PLANET<\/h1>\n\n\n\n<p>M\u00e1te webov\u00e9 str\u00e1nky nebo kan\u00e1l na YouTube? Mo\u017en\u00e1 str\u00e1nku na Instagramu nebo Facebooku? Pom\u016f\u017eeme v\u00e1m vyd\u011blat n\u011bjak\u00e9 pen\u00edze nav\u00edc.<\/p>\n                                    <div class=\"image-text__cta\">\n                        <a href=\"https:\/\/affiliate.freevpnplanet.com\/\" target=\"_blank\" id=\"qa-program-hero\" class=\"cta cta-size--small cta-mt--initial icon-position--icon-left\" style=\"--button-background-color: var(--red);--button-background-color-hover: var(--red-hover);--button-background-color-pressed: var(--red-pressed)\"><span class=\"cta__name\">Zapojte se do na\u0161eho partnersk\u00e9ho programu<\/span><\/a>                    <\/div>\n                \n            <\/div>\n        \n                    <div class=\"bg-image-wrapper bg-image-wrapper--desktop right image-align--right\">\n                <figure style='--image-max-width:700px;--image-opacity:1.00;width: calc(62% - 20px)'>\n                    <img decoding=\"async\" width=\"923\" height=\"705\" src=\"https:\/\/freevpnplanet.com\/wp-content\/uploads\/2024\/09\/main_img_affiliate.svg\" class=\"bg-image\" alt=\"Background Image for Desktop\" \/>                <\/figure>\n            <\/div>\n        \n                    <div class=\"bg-image-wrapper bg-image-wrapper--mobile regular-image\">\n                <figure style='width: 100%;max-width: 550px;opacity: 1.00;margin-top: 40px'>\n                    <img decoding=\"async\" width=\"923\" height=\"705\" src=\"https:\/\/freevpnplanet.com\/wp-content\/uploads\/2024\/09\/main_img_affiliate.svg\" class=\"bg-image\" alt=\"Background Image for Mobile\" \/>                <\/figure>\n            <\/div>\n            <\/div>\n<\/section>\n\n\n<section class=\"wrapper custom-block align-full    \" style=''>\n\n    <div class=\"gutenberg-block-background\"><\/div>\n    <div class=\"wrapper__inner inner-container\">\n        \n\n<div class=\"wp-block-group is-content-justification-center is-nowrap is-layout-flex wp-container-core-group-is-layout-1 wp-block-group-is-layout-flex\">\n<div class=\"wp-block-columns wp-container-content-1 is-layout-flex wp-container-core-columns-is-layout-1 wp-block-columns-is-layout-flex row-gap--20 stack-breakpoint--768\">\n<div class=\"wp-block-column is-layout-flow wp-block-column-is-layout-flow\">\n<h2 data-v-0b82cb4d=\"\">MEZI U\u017dIVATELI\u00a0<span data-v-0b82cb4d=\"\">THE MOST GROWING\u00a0<\/span>VPN V ROCE 2023<\/h2>\n<\/div>\n<\/div>\n<\/div>\n\n\n\n<div class=\"wp-block-group alignwide images-list is-content-justification-space-between is-nowrap is-layout-flex wp-container-core-group-is-layout-2 wp-block-group-is-layout-flex\" style=\"margin-top:50px\">\n<figure class=\"wp-block-image size-full is-resized\"><img decoding=\"async\" width=\"380\" height=\"128\" src=\"https:\/\/freevpnplanet.com\/wp-content\/uploads\/2024\/06\/rvpn-taboola.84c3ff51-20240612_143702_009199.png\" alt=\"\" class=\"wp-image-94372\" style=\"width:204px\"\/><\/figure>\n\n\n\n<figure class=\"wp-block-image size-full is-resized\"><img decoding=\"async\" width=\"501\" height=\"128\" src=\"https:\/\/freevpnplanet.com\/wp-content\/uploads\/2024\/06\/rvpn-codefuel.63af7d61-20240612_143718_418588.png\" alt=\"\" class=\"wp-image-94390\" style=\"width:262px\"\/><\/figure>\n\n\n\n<figure class=\"wp-block-image size-full is-resized\"><img decoding=\"async\" width=\"351\" height=\"129\" src=\"https:\/\/freevpnplanet.com\/wp-content\/uploads\/2024\/06\/rvpn-bing.0fcd4b31-20240612_143733_953304.png\" alt=\"\" class=\"wp-image-94407\" style=\"width:188px\"\/><\/figure>\n\n\n\n<figure class=\"wp-block-image size-full is-resized\"><img decoding=\"async\" width=\"790\" height=\"129\" src=\"https:\/\/freevpnplanet.com\/wp-content\/uploads\/2024\/06\/rvpn-googleadmob.28c8ecb1-20240612_143752_838237.png\" alt=\"\" class=\"wp-image-94424\" style=\"width:400px\"\/><\/figure>\n<\/div>\n\n\n    <\/div>\n\n<\/section>\n\n\n<section class=\"wrapper custom-block align-full    \" style='--background-color:var(--dark-blue-8)'>\n\n    <div class=\"gutenberg-block-background\"><\/div>\n    <div class=\"wrapper__inner inner-container\">\n        \n\n<div class=\"wp-block-group is-content-justification-center is-layout-flex wp-container-core-group-is-layout-3 wp-block-group-is-layout-flex\" style=\"margin-bottom:50px\">\n<h2 class=\"wp-block-heading has-text-align-center\">PRO\u010c LID\u00c9 D\u016eV\u011a\u0158UJ\u00cd&nbsp;<\/h2>\n\n\n\n<h2 class=\"wp-block-heading has-green-color has-text-color has-link-color wp-elements-2e7625518b8dad0e674a3da2a160cd13\" style=\"margin-top:0px\">PLANET VPN<\/h2>\n<\/div>\n\n\n\n<div class=\"wp-block-group is-layout-constrained wp-block-group-is-layout-constrained\">\n<p class=\"\"><\/p>\n<\/div>\n\n\n\n<div class=\"wp-block-columns is-layout-flex wp-container-core-columns-is-layout-2 wp-block-columns-is-layout-flex row-gap--20 stack-breakpoint--768\">\n<div class=\"wp-block-column is-layout-flow wp-block-column-is-layout-flow\">\n<figure class=\"wp-block-image aligncenter size-full\"><img decoding=\"async\" width=\"324\" height=\"323\" src=\"https:\/\/freevpnplanet.com\/wp-content\/uploads\/2024\/06\/rvpn-manager-icon.7dfe41d1-20240612_152044_574063.png\" alt=\"\" class=\"wp-image-94469\"\/><\/figure>\n\n\n\n<h3 class=\"wp-block-heading\">Profesion\u00e1ln\u00ed spr\u00e1vce \u00fa\u010dtu<\/h3>\n\n\n\n<p class=\"has-medium-font-size\">N\u00e1\u0161 t\u00fdm profesion\u00e1ln\u00edch spr\u00e1vc\u016f \u00fa\u010dt\u016f v\u00e1m bude pom\u00e1hat na ka\u017ed\u00e9m kroku, abyste maximalizovali zisky z va\u0161eho provozu<\/p>\n<\/div>\n\n\n\n<div class=\"wp-block-column is-layout-flow wp-block-column-is-layout-flow\">\n<figure class=\"wp-block-image aligncenter size-full is-resized\"><img decoding=\"async\" width=\"324\" height=\"323\" src=\"https:\/\/freevpnplanet.com\/wp-content\/uploads\/2024\/06\/rvpn-team-icon.6adadae1-20240612_152305_257720.png\" alt=\"\" class=\"wp-image-94486\" style=\"width:324px;height:auto\"\/><\/figure>\n\n\n\n<h3 class=\"wp-block-heading\">Profesion\u00e1ln\u00ed t\u00fdm SEO, SMM a design\u00e9r\u016f<\/h3>\n\n\n\n<p class=\"has-medium-font-size\">N\u00e1\u0161 t\u00fdm v\u00e1m pom\u016f\u017ee zv\u00fd\u0161it potenci\u00e1l va\u0161ich webov\u00fdch str\u00e1nek v z\u00e1vislosti na zdroj\u00edch n\u00e1v\u0161t\u011bvnosti, kter\u00e9 m\u00e1te k dispozici<\/p>\n<\/div>\n<\/div>\n\n\n\n<div class=\"wp-block-columns is-layout-flex wp-container-core-columns-is-layout-3 wp-block-columns-is-layout-flex row-gap--20 stack-breakpoint--768\">\n<div class=\"wp-block-column is-layout-flow wp-block-column-is-layout-flow\">\n<figure class=\"wp-block-image aligncenter size-full\"><img decoding=\"async\" width=\"320\" height=\"320\" src=\"https:\/\/freevpnplanet.com\/wp-content\/uploads\/2024\/06\/rvpn-lifecomision-icon.01c53281-20240612_152628_436600.png\" alt=\"\" class=\"wp-image-94507\"\/><\/figure>\n\n\n\n<h3 class=\"wp-block-heading\">Do\u017eivotn\u00ed provize<\/h3>\n\n\n\n<p class=\"has-medium-font-size\">\u017d\u00e1dn\u00e9 omezen\u00ed, kolik m\u016f\u017eete vyd\u011blat &#8211; do\u017eivotn\u011b<\/p>\n<\/div>\n\n\n\n<div class=\"wp-block-column is-layout-flow wp-block-column-is-layout-flow\">\n<figure class=\"wp-block-image aligncenter size-full is-resized\"><img decoding=\"async\" width=\"324\" height=\"323\" src=\"https:\/\/freevpnplanet.com\/wp-content\/uploads\/2024\/06\/rvpn-payment-icon.9042fb31-20240612_152953_149461.png\" alt=\"\" class=\"wp-image-94527\" style=\"width:324px;height:auto\"\/><\/figure>\n\n\n\n<h3 class=\"wp-block-heading\">Flexibiln\u00ed zp\u016fsob platby WD<\/h3>\n\n\n\n<p class=\"has-medium-font-size\">BTC, PayPal, Wire atd.<\/p>\n<\/div>\n<\/div>\n\n\n\n<div class=\"wp-block-group is-layout-constrained wp-block-group-is-layout-constrained\" style=\"margin-top:0;padding-top:var(--wp--preset--spacing--70)\">\n<div class=\"buttons custom-block align-center \">\n                        <a href=\"https:\/\/affiliate.freevpnplanet.com\/\" target=\"_blank\" id=\"qa-program-trust\" class=\"cta cta-size--small cta-mt--initial icon-position--icon-left\" style=\"--button-background-color: var(--red);--button-background-color-hover: var(--red-hover);--button-background-color-pressed: var(--red-pressed)\"><span class=\"cta__name\">Zapojte se do na\u0161eho partnersk\u00e9ho programu<\/span><\/a>            <\/div><\/div>\n\n\n    <\/div>\n\n<\/section>\n\n\n<section class=\"image-text custom-block align-none   mobile-image-top mobile-title-center  header-size-extra-large text-size-small   content-right\" style='overflow: hidden;;;--min-height-mobile:400px;--min-height-desktop:482px;--content-width:50%'>\n\n    <div class=\"gutenberg-block-background\"><\/div>\n    <div class=\"image-text__inner inner-container\">\n\n        \n                    <div class=\"image-text__content\">\n\n                <h2>POT\u0158EBUJETE POMOC?<\/h2>\n\n<p>Kontaktujte n\u00e1s prost\u0159ednictv\u00edm\u00a0<a id=\"qa-email\" href=\"mailto:affiliates@planetfreevpn.com\">email<\/a>\u00a0a my se v\u00e1m co nejd\u0159\u00edve ozveme.<\/p>\n                \n            <\/div>\n        \n                    <div class=\"bg-image-wrapper bg-image-wrapper--desktop left image-align--left\">\n                <figure style='--image-max-width:486px;--image-opacity:1.00;width: calc(50% - 20px)'>\n                    <img decoding=\"async\" width=\"486\" height=\"342\" src=\"https:\/\/freevpnplanet.com\/wp-content\/uploads\/2024\/06\/rvpn-guestion-img.14083381-20240612_151717_329677.svg\" class=\"bg-image\" alt=\"Background Image for Desktop\" \/>                <\/figure>\n            <\/div>\n        \n                    <div class=\"bg-image-wrapper bg-image-wrapper--mobile regular-image\">\n                <figure style='width: 100%;max-width: 480px;opacity: 1.00;margin-top: 24px'>\n                    <img decoding=\"async\" width=\"486\" height=\"342\" src=\"https:\/\/freevpnplanet.com\/wp-content\/uploads\/2024\/06\/rvpn-guestion-img.14083381-20240612_151717_329677.svg\" class=\"bg-image\" alt=\"Background Image for Mobile\" \/>                <\/figure>\n            <\/div>\n            <\/div>\n<\/section>","protected":false},"excerpt":{"rendered":"","protected":false},"author":39,"featured_media":0,"parent":0,"menu_order":0,"comment_status":"closed","ping_status":"closed","template":"templates\/page_template-basic_for_gutenberg.php","meta":{"_acf_changed":false,"inline_featured_image":false,"footnotes":""},"download_by_lite_tag":[],"class_list":["post-101382","page","type-page","status-publish","hentry"],"yoast_head":"<!-- This site is optimized with the Yoast SEO plugin v22.6 - https:\/\/yoast.com\/wordpress\/plugins\/seo\/ -->\n<title>Partnersk\u00fd program Planet VPN - nejlep\u0161\u00ed podm\u00ednky a nab\u00eddky<\/title>\n<meta name=\"description\" content=\"P\u0159ipojte se k partnersk\u00e9mu programu Planet VPN. Nab\u00edz\u00edme v\u00fdhodn\u00e9 podm\u00ednky, vysok\u00e9 provize, rychl\u00e9 v\u00fdplaty a mo\u017enost oboustrann\u011b v\u00fdhodn\u00e9 dlouhodob\u00e9 spolupr\u00e1ce.\" \/>\n<meta name=\"robots\" content=\"index, follow, max-snippet:-1, max-image-preview:large, max-video-preview:-1\" \/>\n<link rel=\"canonical\" href=\"https:\/\/freevpnplanet.com\/cs\/affiliate-program\/\" \/>\n<meta property=\"og:locale\" content=\"en_US\" \/>\n<meta property=\"og:type\" content=\"article\" \/>\n<meta property=\"og:title\" content=\"Partnersk\u00fd program Planet VPN - nejlep\u0161\u00ed podm\u00ednky a nab\u00eddky\" \/>\n<meta property=\"og:description\" content=\"P\u0159ipojte se k partnersk\u00e9mu programu Planet VPN. Nab\u00edz\u00edme v\u00fdhodn\u00e9 podm\u00ednky, vysok\u00e9 provize, rychl\u00e9 v\u00fdplaty a mo\u017enost oboustrann\u011b v\u00fdhodn\u00e9 dlouhodob\u00e9 spolupr\u00e1ce.\" \/>\n<meta property=\"og:url\" content=\"https:\/\/freevpnplanet.com\/cs\/affiliate-program\/\" \/>\n<meta property=\"og:site_name\" content=\"Planet VPN\" \/>\n<meta property=\"article:modified_time\" content=\"2025-07-18T11:25:34+00:00\" \/>\n<meta property=\"og:image\" content=\"https:\/\/freevpnplanet.com\/wp-content\/uploads\/2024\/06\/rvpn-taboola.84c3ff51-20240612_143702_009199.png\" \/>\n<meta name=\"twitter:card\" content=\"summary_large_image\" \/>\n<meta name=\"twitter:label1\" content=\"Est. reading time\" \/>\n\t<meta name=\"twitter:data1\" content=\"2 minutes\" \/>\n<script type=\"application\/ld+json\" class=\"yoast-schema-graph\">{\"@context\":\"https:\/\/schema.org\",\"@graph\":[{\"@type\":\"WebPage\",\"@id\":\"https:\/\/freevpnplanet.com\/cs\/affiliate-program\/\",\"url\":\"https:\/\/freevpnplanet.com\/cs\/affiliate-program\/\",\"name\":\"Partnersk\u00fd program Planet VPN - nejlep\u0161\u00ed podm\u00ednky a nab\u00eddky\",\"isPartOf\":{\"@id\":\"https:\/\/freevpnplanet.com\/cs\/#website\"},\"primaryImageOfPage\":{\"@id\":\"https:\/\/freevpnplanet.com\/cs\/affiliate-program\/#primaryimage\"},\"image\":{\"@id\":\"https:\/\/freevpnplanet.com\/cs\/affiliate-program\/#primaryimage\"},\"thumbnailUrl\":\"https:\/\/freevpnplanet.com\/wp-content\/uploads\/2024\/06\/rvpn-taboola.84c3ff51-20240612_143702_009199.png\",\"datePublished\":\"2024-06-12T11:19:27+00:00\",\"dateModified\":\"2025-07-18T11:25:34+00:00\",\"description\":\"P\u0159ipojte se k partnersk\u00e9mu programu Planet VPN. Nab\u00edz\u00edme v\u00fdhodn\u00e9 podm\u00ednky, vysok\u00e9 provize, rychl\u00e9 v\u00fdplaty a mo\u017enost oboustrann\u011b v\u00fdhodn\u00e9 dlouhodob\u00e9 spolupr\u00e1ce.\",\"breadcrumb\":{\"@id\":\"https:\/\/freevpnplanet.com\/cs\/affiliate-program\/#breadcrumb\"},\"inLanguage\":\"cs\",\"potentialAction\":[{\"@type\":\"ReadAction\",\"target\":[\"https:\/\/freevpnplanet.com\/cs\/affiliate-program\/\"]}]},{\"@type\":\"ImageObject\",\"inLanguage\":\"cs\",\"@id\":\"https:\/\/freevpnplanet.com\/cs\/affiliate-program\/#primaryimage\",\"url\":\"https:\/\/freevpnplanet.com\/wp-content\/uploads\/2024\/06\/rvpn-taboola.84c3ff51-20240612_143702_009199.png\",\"contentUrl\":\"https:\/\/freevpnplanet.com\/wp-content\/uploads\/2024\/06\/rvpn-taboola.84c3ff51-20240612_143702_009199.png\"},{\"@type\":\"BreadcrumbList\",\"@id\":\"https:\/\/freevpnplanet.com\/cs\/affiliate-program\/#breadcrumb\",\"itemListElement\":[{\"@type\":\"ListItem\",\"position\":1,\"name\":\"Home\",\"item\":\"https:\/\/freevpnplanet.com\/cs\/\"},{\"@type\":\"ListItem\",\"position\":2,\"name\":\"Affiliate Program\"}]},{\"@type\":\"WebSite\",\"@id\":\"https:\/\/freevpnplanet.com\/cs\/#website\",\"url\":\"https:\/\/freevpnplanet.com\/cs\/\",\"name\":\"Planet VPN \ud83d\udee1\ufe0f\ud83c\udf10 Free VPN\",\"description\":\"Free VPN\",\"potentialAction\":[{\"@type\":\"SearchAction\",\"target\":{\"@type\":\"EntryPoint\",\"urlTemplate\":\"https:\/\/freevpnplanet.com\/cs\/?s={search_term_string}\"},\"query-input\":\"required name=search_term_string\"}],\"inLanguage\":\"cs\",\"publisher\":{\"@id\":\"https:\/\/freevpnplanet.com\/cs\/#organization\"}},{\"@context\":\"https:\/\/schema.org\/\",\"@type\":\"SoftwareApplication\",\"name\":\"Planet VPN \ud83d\udee1\ufe0f\ud83c\udf10 Free VPN\",\"operatingSystem\":\"Windows, macOS, iOS, Android, Linux, Chrome\",\"applicationCategory\":\"SecurityApplication\",\"offers\":{\"@type\":\"AggregateOffer\",\"priceCurrency\":\"USD\",\"price\":\"0\",\"lowPrice\":\"0\",\"availability\":\"https:\/\/schema.org\/InStock\"},\"aggregateRating\":{\"@type\":\"AggregateRating\",\"ratingValue\":\"4.8\",\"bestRating\":\"5\",\"ratingCount\":\"12476\"}},{\"@type\":\"Organization\",\"@id\":\"https:\/\/freevpnplanet.com\/cs\/#organization\",\"url\":\"https:\/\/freevpnplanet.com\/cs\/\",\"name\":\"Planet VPN \ud83d\udee1\ufe0f\ud83c\udf10 Free VPN\"}]}<\/script>\n<!-- \/ Yoast SEO plugin. -->","yoast_head_json":{"title":"Partnersk\u00fd program Planet VPN - nejlep\u0161\u00ed podm\u00ednky a nab\u00eddky","description":"P\u0159ipojte se k partnersk\u00e9mu programu Planet VPN. Nab\u00edz\u00edme v\u00fdhodn\u00e9 podm\u00ednky, vysok\u00e9 provize, rychl\u00e9 v\u00fdplaty a mo\u017enost oboustrann\u011b v\u00fdhodn\u00e9 dlouhodob\u00e9 spolupr\u00e1ce.","robots":{"index":"index","follow":"follow","max-snippet":"max-snippet:-1","max-image-preview":"max-image-preview:large","max-video-preview":"max-video-preview:-1"},"canonical":"https:\/\/freevpnplanet.com\/cs\/affiliate-program\/","og_locale":"en_US","og_type":"article","og_title":"Partnersk\u00fd program Planet VPN - nejlep\u0161\u00ed podm\u00ednky a nab\u00eddky","og_description":"P\u0159ipojte se k partnersk\u00e9mu programu Planet VPN. Nab\u00edz\u00edme v\u00fdhodn\u00e9 podm\u00ednky, vysok\u00e9 provize, rychl\u00e9 v\u00fdplaty a mo\u017enost oboustrann\u011b v\u00fdhodn\u00e9 dlouhodob\u00e9 spolupr\u00e1ce.","og_url":"https:\/\/freevpnplanet.com\/cs\/affiliate-program\/","og_site_name":"Planet VPN","article_modified_time":"2025-07-18T11:25:34+00:00","og_image":[{"url":"https:\/\/freevpnplanet.com\/wp-content\/uploads\/2024\/06\/rvpn-taboola.84c3ff51-20240612_143702_009199.png"}],"twitter_card":"summary_large_image","twitter_misc":{"Est. reading time":"2 minutes"},"schema":{"@context":"https:\/\/schema.org","@graph":[{"@type":"WebPage","@id":"https:\/\/freevpnplanet.com\/cs\/affiliate-program\/","url":"https:\/\/freevpnplanet.com\/cs\/affiliate-program\/","name":"Partnersk\u00fd program Planet VPN - nejlep\u0161\u00ed podm\u00ednky a nab\u00eddky","isPartOf":{"@id":"https:\/\/freevpnplanet.com\/cs\/#website"},"primaryImageOfPage":{"@id":"https:\/\/freevpnplanet.com\/cs\/affiliate-program\/#primaryimage"},"image":{"@id":"https:\/\/freevpnplanet.com\/cs\/affiliate-program\/#primaryimage"},"thumbnailUrl":"https:\/\/freevpnplanet.com\/wp-content\/uploads\/2024\/06\/rvpn-taboola.84c3ff51-20240612_143702_009199.png","datePublished":"2024-06-12T11:19:27+00:00","dateModified":"2025-07-18T11:25:34+00:00","description":"P\u0159ipojte se k partnersk\u00e9mu programu Planet VPN. Nab\u00edz\u00edme v\u00fdhodn\u00e9 podm\u00ednky, vysok\u00e9 provize, rychl\u00e9 v\u00fdplaty a mo\u017enost oboustrann\u011b v\u00fdhodn\u00e9 dlouhodob\u00e9 spolupr\u00e1ce.","breadcrumb":{"@id":"https:\/\/freevpnplanet.com\/cs\/affiliate-program\/#breadcrumb"},"inLanguage":"cs","potentialAction":[{"@type":"ReadAction","target":["https:\/\/freevpnplanet.com\/cs\/affiliate-program\/"]}]},{"@type":"ImageObject","inLanguage":"cs","@id":"https:\/\/freevpnplanet.com\/cs\/affiliate-program\/#primaryimage","url":"https:\/\/freevpnplanet.com\/wp-content\/uploads\/2024\/06\/rvpn-taboola.84c3ff51-20240612_143702_009199.png","contentUrl":"https:\/\/freevpnplanet.com\/wp-content\/uploads\/2024\/06\/rvpn-taboola.84c3ff51-20240612_143702_009199.png"},{"@type":"BreadcrumbList","@id":"https:\/\/freevpnplanet.com\/cs\/affiliate-program\/#breadcrumb","itemListElement":[{"@type":"ListItem","position":1,"name":"Home","item":"https:\/\/freevpnplanet.com\/cs\/"},{"@type":"ListItem","position":2,"name":"Affiliate Program"}]},{"@type":"WebSite","@id":"https:\/\/freevpnplanet.com\/cs\/#website","url":"https:\/\/freevpnplanet.com\/cs\/","name":"Planet VPN \ud83d\udee1\ufe0f\ud83c\udf10 Free VPN","description":"Free VPN","potentialAction":[{"@type":"SearchAction","target":{"@type":"EntryPoint","urlTemplate":"https:\/\/freevpnplanet.com\/cs\/?s={search_term_string}"},"query-input":"required name=search_term_string"}],"inLanguage":"cs","publisher":{"@id":"https:\/\/freevpnplanet.com\/cs\/#organization"}},{"@context":"https:\/\/schema.org\/","@type":"SoftwareApplication","name":"Planet VPN \ud83d\udee1\ufe0f\ud83c\udf10 Free VPN","operatingSystem":"Windows, macOS, iOS, Android, Linux, Chrome","applicationCategory":"SecurityApplication","offers":{"@type":"AggregateOffer","priceCurrency":"USD","price":"0","lowPrice":"0","availability":"https:\/\/schema.org\/InStock"},"aggregateRating":{"@type":"AggregateRating","ratingValue":"4.8","bestRating":"5","ratingCount":"12476"}},{"@type":"Organization","@id":"https:\/\/freevpnplanet.com\/cs\/#organization","url":"https:\/\/freevpnplanet.com\/cs\/","name":"Planet VPN \ud83d\udee1\ufe0f\ud83c\udf10 Free VPN"}]}},"acf":[],"_links":{"self":[{"href":"https:\/\/freevpnplanet.com\/cs\/wp-json\/wp\/v2\/pages\/101382","targetHints":{"allow":["GET"]}}],"collection":[{"href":"https:\/\/freevpnplanet.com\/cs\/wp-json\/wp\/v2\/pages"}],"about":[{"href":"https:\/\/freevpnplanet.com\/cs\/wp-json\/wp\/v2\/types\/page"}],"author":[{"embeddable":true,"href":"https:\/\/freevpnplanet.com\/cs\/wp-json\/wp\/v2\/users\/39"}],"replies":[{"embeddable":true,"href":"https:\/\/freevpnplanet.com\/cs\/wp-json\/wp\/v2\/comments?post=101382"}],"version-history":[{"count":3,"href":"https:\/\/freevpnplanet.com\/cs\/wp-json\/wp\/v2\/pages\/101382\/revisions"}],"predecessor-version":[{"id":171546,"href":"https:\/\/freevpnplanet.com\/cs\/wp-json\/wp\/v2\/pages\/101382\/revisions\/171546"}],"wp:attachment":[{"href":"https:\/\/freevpnplanet.com\/cs\/wp-json\/wp\/v2\/media?parent=101382"}],"wp:term":[{"taxonomy":"download_by_lite_tag","embeddable":true,"href":"https:\/\/freevpnplanet.com\/cs\/wp-json\/wp\/v2\/download_by_lite_tag?post=101382"}],"curies":[{"name":"wp","href":"https:\/\/api.w.org\/{rel}","templated":true}]}}