{"id":101448,"date":"2024-06-06T12:04:27","date_gmt":"2024-06-06T09:04:27","guid":{"rendered":"https:\/\/help.freeplanetvpn.com\/terms\/"},"modified":"2026-03-11T11:07:34","modified_gmt":"2026-03-11T08:07:34","slug":"terms","status":"publish","type":"page","link":"https:\/\/freevpnplanet.com\/cs\/terms\/","title":{"rendered":"Conditions of use"},"content":{"rendered":"\n<section style=\"padding-top:0;padding-bottom:0;padding-left:0;padding-right:0;margin-top:0;margin-bottom:0;margin-left:0;margin-right:0;\" class=\"section custom-blocks-section     alignfull wp-block-gutenberg-custom-blocks-section\">\n        <div class=\"container\">\n        \n\n<h1 class=\"wp-block-heading\">Podm\u00ednky slu\u017eby<\/h1>\n\n\n\n<p class=\"\">FREE VPN PLANET S.R.L. (d\u00e1le jen \u201espole\u010dnost\u201c, \u201emy\u201c nebo \u201ena\u0161e\u201c) je vlastn\u00edkem a provozovatelem slu\u017eby VPN zn\u00e1m\u00e9 pod ochrannou zn\u00e1mkou FREE PLANET VPN (d\u00e1le jen \u201eFREE PLANET VPN\u201c, \u201eslu\u017eba\u201c).<\/p>\n\n\n\n<p style=\"margin-top:0;margin-bottom:0\" class=\"\">Pro jasnost a jednotnost m\u016f\u017ee term\u00edn \u201eFREE PLANET VPN\u201c d\u00e1le odkazovat bu\u010f na ochrannou zn\u00e1mku, nebo na spole\u010dnost provozuj\u00edc\u00ed slu\u017ebu.<\/p>\n\n\n\n<h3 class=\"wp-block-heading title title--h4\">Datum \u00fa\u010dinnosti:<\/h3>\n\n\n\n<p class=\"\">N\u00e1sleduj\u00edc\u00ed podm\u00ednky slu\u017eby (d\u00e1le jen \u201ePodm\u00ednky\u201c) upravuj\u00ed p\u0159\u00edstup a pou\u017e\u00edv\u00e1n\u00ed webov\u00fdch str\u00e1nek FREE PLANET VPN (freeplanetvpn.com), aplikac\u00ed FREE PLANET VPN (d\u00e1le jen \u201eAplikace\u201c) a v\u0161ech souvisej\u00edc\u00edch slu\u017eeb (d\u00e1le souhrnn\u011b \u201eSlu\u017eby\u201c). P\u0159\u00edstupem na na\u0161e webov\u00e9 str\u00e1nky, aplikace nebo Slu\u017eby nebo jejich pou\u017e\u00edv\u00e1n\u00edm potvrzujete, \u017ee jste si tyto Podm\u00ednky p\u0159e\u010detli, porozum\u011bli jim a souhlas\u00edte s nimi.<\/p>\n\n\n\n<p class=\"\">Pokud fyzick\u00e1 osoba p\u0159ij\u00edm\u00e1 tyto Podm\u00ednky jm\u00e9nem organizace nebo zam\u011bstnavatele, t\u00edmto prohla\u0161uje a zaru\u010duje, \u017ee m\u00e1 plnou pravomoc zav\u00e1zat tyto subjekty k dodr\u017eov\u00e1n\u00ed t\u011bchto Podm\u00ednek.<\/p>\n\n\n\n<p style=\"margin-top:0;margin-bottom:0\" class=\"\">Tyto Podm\u00ednky spolu se Z\u00e1sadami ochrany osobn\u00edch \u00fadaj\u016f a jak\u00fdmikoli dal\u0161\u00edmi platn\u00fdmi zve\u0159ejn\u011bn\u00fdmi z\u00e1sadami p\u0159edstavuj\u00ed pr\u00e1vn\u011b z\u00e1vaznou smlouvu mezi u\u017eivatelem a FREE PLANET VPN. Pokud by n\u011bkter\u00e9 ustanoven\u00ed t\u011bchto Podm\u00ednek bylo pova\u017eov\u00e1no za nep\u0159ijateln\u00e9, u\u017eivatel\u00e9 jsou zdvo\u0159ile \u017e\u00e1d\u00e1ni, aby neinstalovali Aplikace ani nevyu\u017e\u00edvali Slu\u017eby.<\/p>\n\n\n\n<h3 class=\"wp-block-heading\">1. Obecn\u00e9<\/h3>\n\n\n\n<p class=\"\">Slu\u017eby poskytovan\u00e9 spole\u010dnost\u00ed FREE PLANET VPN zde zahrnuj\u00ed virtu\u00e1ln\u00ed priv\u00e1tn\u00ed s\u00ed\u0165 (VPN) ur\u010denou ke zv\u00fd\u0161en\u00ed online bezpe\u010dnosti a ochrany soukrom\u00ed.<\/p>\n\n\n\n<p class=\"\">N\u011bkter\u00e9 funkce mohou vy\u017eadovat vytvo\u0159en\u00ed \u00fa\u010dtu. Dr\u017eitel \u00fa\u010dtu nese v\u00fdlu\u010dnou odpov\u011bdnost za v\u0161echny akce a transakce prov\u00e1d\u011bn\u00e9 pod jeho \u00fa\u010dtem, v\u010detn\u011b v\u0161ech akc\u00ed prov\u00e1d\u011bn\u00fdch t\u0159et\u00edmi stranami, kter\u00fdm byl k \u00fa\u010dtu ud\u011blen p\u0159\u00edstup.<\/p>\n\n\n\n<p class=\"\">FREE PLANET VPN se nezab\u00fdv\u00e1 zaznamen\u00e1v\u00e1n\u00edm online aktivity. Vytvo\u0159en\u00ed \u00fa\u010dtu m\u016f\u017ee vy\u017eadovat shrom\u00e1\u017ed\u011bn\u00ed minim\u00e1ln\u00edch informac\u00ed, v\u010detn\u011b, ale nejen, e-mailov\u00e9 adresy a hesla. U placen\u00fdch p\u0159edplatn\u00fdch budou vy\u017eadov\u00e1ny platebn\u00ed \u00fadaje. U\u017eivatel\u00e9 jsou t\u00edmto povinni zajistit, aby v\u0161echny poskytnut\u00e9 informace byly p\u0159esn\u00e9 a aktu\u00e1ln\u00ed.<\/p>\n\n\n\n<p class=\"\">U\u017eivatel\u00e9 jsou povinni zachov\u00e1vat d\u016fv\u011brnost sv\u00fdch p\u0159ihla\u0161ovac\u00edch \u00fadaj\u016f. V p\u0159\u00edpad\u011b neopr\u00e1vn\u011bn\u00e9ho p\u0159\u00edstupu nebo pou\u017eit\u00ed jsou u\u017eivatel\u00e9 povinni neprodlen\u011b informovat p\u0159\u00edslu\u0161n\u00e9 org\u00e1ny.<\/p>\n\n\n\n<p style=\"margin-top:0;margin-bottom:0\" class=\"\">Pou\u017e\u00edv\u00e1n\u00ed slu\u017eeb je v\u00fdhradn\u011b na uv\u00e1\u017een\u00ed a riziko u\u017eivatele. FREE PLANET VPN si vyhrazuje pr\u00e1vo podle sv\u00e9ho uv\u00e1\u017een\u00ed kdykoli a bez p\u0159edchoz\u00edho upozorn\u011bn\u00ed upravit, pozastavit nebo ukon\u010dit jakoukoli \u010d\u00e1st slu\u017eeb.<\/p>\n\n\n\n<h3 class=\"wp-block-heading\">2. Zm\u011bny podm\u00ednek<\/h3>\n\n\n\n<p style=\"margin-bottom:0\" class=\"\">Tyto podm\u00ednky mohou b\u00fdt kdykoli zm\u011bn\u011bny zve\u0159ejn\u011bn\u00edm revidovan\u00e9 verze na webov\u00fdch str\u00e1nk\u00e1ch. Datum posledn\u00ed revize bude uvedeno v horn\u00ed \u010d\u00e1sti t\u00e9to str\u00e1nky. Pokra\u010dov\u00e1n\u00edm v pou\u017e\u00edv\u00e1n\u00ed slu\u017eeb po takov\u00fdch zm\u011bn\u00e1ch u\u017eivatel potvrzuje a souhlas\u00ed s t\u00edm, \u017ee bude v\u00e1z\u00e1n revidovan\u00fdmi podm\u00ednkami.<\/p>\n\n\n\n<h3 class=\"wp-block-heading\">3. Ochrana osobn\u00edch \u00fadaj\u016f<\/h3>\n\n\n\n<p class=\"\">FREE PLANET VPN nesleduje ani nezaznamen\u00e1v\u00e1 aktivity u\u017eivatel\u016f p\u0159i proch\u00e1zen\u00ed internetu, v\u010detn\u011b nav\u0161t\u00edven\u00fdch webov\u00fdch str\u00e1nek, DNS dotaz\u016f nebo e-mailov\u00e9 komunikace. Zaznamen\u00e1v\u00e1n\u00ed technick\u00fdch pokus\u016f o p\u0159ipojen\u00ed se prov\u00e1d\u00ed v\u00fdhradn\u011b z d\u016fvodu bezpe\u010dnosti a \u0159e\u0161en\u00ed probl\u00e9m\u016f.<\/p>\n\n\n\n<p style=\"margin-top:0;margin-bottom:0\" class=\"\">K p\u0159ed\u00e1v\u00e1n\u00ed osobn\u00edch \u00fadaj\u016f t\u0159et\u00edm stran\u00e1m nedoch\u00e1z\u00ed, s v\u00fdjimkou p\u0159\u00edpad\u016f v\u00fdslovn\u011b uveden\u00fdch v [Z\u00e1sad\u00e1ch ochrany osobn\u00edch \u00fadaj\u016f] instituce. \u017d\u00e1dosti vl\u00e1dn\u00edch org\u00e1n\u016f budou vy\u0159\u00edzeny pouze v p\u0159\u00edpad\u011b, \u017ee jsou pr\u00e1vn\u011b z\u00e1vazn\u00e9 a spadaj\u00ed do p\u0159\u00edslu\u0161n\u00e9 jurisdikce.<\/p>\n\n\n\n<h3 class=\"wp-block-heading\">4. Slu\u017eby t\u0159et\u00edch stran<\/h3>\n\n\n\n<p style=\"margin-bottom:0\" class=\"\">Je t\u0159eba poznamenat, \u017ee aplikace a webov\u00e9 str\u00e1nky mohou obsahovat obsah, funkce nebo odkazy poskytovan\u00e9 t\u0159et\u00edmi stranami. FREE PLANET VPN nem\u00e1 kontrolu nad t\u011bmito zdroji t\u0159et\u00edch stran a nenese odpov\u011bdnost za jejich podm\u00ednky, z\u00e1sady nebo dostupnost. Pou\u017e\u00edv\u00e1n\u00ed slu\u017eeb t\u0159et\u00edch stran je na v\u00fdhradn\u00edm uv\u00e1\u017een\u00ed a riziku u\u017eivatele.<\/p>\n\n\n\n<h3 class=\"wp-block-heading\">5. Licence<\/h3>\n\n\n\n<p class=\"\">T\u00edmto se ud\u011bluje omezen\u00e1, osobn\u00ed, odvolateln\u00e1 a nep\u0159enosn\u00e1 licence k p\u0159\u00edstupu a pou\u017e\u00edv\u00e1n\u00ed aplikac\u00ed, webov\u00fdch str\u00e1nek a slu\u017eeb. Ve\u0161ker\u00e1 pr\u00e1va, n\u00e1roky a pod\u00edly na softwaru, designu a obsahu z\u016fst\u00e1vaj\u00ed v\u00fdhradn\u00edm a v\u00fdlu\u010dn\u00fdm vlastnictv\u00edm FREE PLANET VPN.<\/p>\n\n\n\n<p style=\"margin-top:0;margin-bottom:0\" class=\"\">Slu\u017eby jsou poskytov\u00e1ny v\u00fdhradn\u011b pro osobn\u00ed pou\u017eit\u00ed a nesm\u011bj\u00ed b\u00fdt kop\u00edrov\u00e1ny, upravov\u00e1ny, reprodukov\u00e1ny, p\u0159eprod\u00e1v\u00e1ny, pronaj\u00edm\u00e1ny ani jinak naru\u0161ov\u00e1ny. Jak\u00fdkoli pokus o zp\u011btn\u00e9 in\u017een\u00fdrstv\u00ed, dekompilaci nebo jin\u00e9 naru\u0161en\u00ed slu\u017eeb je p\u0159\u00edsn\u011b zak\u00e1z\u00e1n a bude potrest\u00e1n v pln\u00e9m rozsahu povolen\u00e9m z\u00e1konem.<\/p>\n\n\n\n<h3 class=\"wp-block-heading\">6. P\u0159edplatn\u00e9<\/h3>\n\n\n\n<p style=\"margin-top:0;margin-bottom:0\" class=\"\">Spole\u010dnost nab\u00edz\u00ed slu\u017eby v bezplatn\u00e9 i placen\u00e9 form\u011b.<\/p>\n\n\n\n<h4 class=\"wp-block-heading\">6.1 Doba trv\u00e1n\u00ed a ceny<\/h4>\n\n\n\n<p style=\"margin-top:0;margin-bottom:0\" class=\"\">Podrobnosti o aktu\u00e1ln\u00edch p\u0159edplatn\u00fdch a souvisej\u00edc\u00edch cen\u00e1ch jsou k dispozici v aplikac\u00edch a na webov\u00fdch str\u00e1nk\u00e1ch spole\u010dnosti. Jak\u00e9koli zm\u011bny cen ze strany FREE PLANET VPN budou provedeny po p\u0159edchoz\u00edm ozn\u00e1men\u00ed u\u017eivatel\u016fm.<\/p>\n\n\n\n<h4 class=\"wp-block-heading\">6.2 Bezplatn\u00e9 zku\u0161ebn\u00ed verze<\/h4>\n\n\n\n<p style=\"margin-top:0;margin-bottom:0\" class=\"\">FREE PLANET VPN m\u016f\u017ee \u010das od \u010dasu poskytovat bezplatn\u00e9 zku\u0161ebn\u00ed verze pr\u00e9miov\u00fdch funkc\u00ed. Podm\u00ednky upravuj\u00edc\u00ed tyto bezplatn\u00e9 zku\u0161ebn\u00ed verze budou uvedeny samostatn\u011b v tomto dokumentu. Pokud bezplatn\u00e1 zku\u0161ebn\u00ed verze nebude p\u0159ed uplynut\u00edm jej\u00ed platnosti zru\u0161ena, bude z platebn\u00ed metody ur\u010den\u00e9 u\u017eivatelem automaticky str\u017eena \u010d\u00e1stka za n\u00e1sleduj\u00edc\u00ed p\u0159edplatn\u00e9 obdob\u00ed, a to na v\u00fdhradn\u00ed riziko a odpov\u011bdnost u\u017eivatele.<\/p>\n\n\n\n<h4 class=\"wp-block-heading\">6.3 Automatick\u00e9 prodlou\u017een\u00ed<\/h4>\n\n\n\n<p style=\"margin-top:0;margin-bottom:0\" class=\"\">Ve v\u00fdchoz\u00edm nastaven\u00ed se p\u0159edplatn\u00e9 automaticky prodlu\u017euje, pokud je ur\u010den\u00fd zp\u016fsob platby ov\u011b\u0159en jako aktivn\u00ed. Automatick\u00e9 prodlou\u017een\u00ed m\u016f\u017ee u\u017eivatel deaktivovat v nastaven\u00ed \u00fa\u010dtu.<\/p>\n\n\n\n<h4 class=\"wp-block-heading\">6.4 Platby a vr\u00e1cen\u00ed pen\u011bz<\/h4>\n\n\n\n<p class=\"\">Ve\u0161ker\u00e9 platby budou zpracov\u00e1v\u00e1ny v\u00fdhradn\u011b prost\u0159ednictv\u00edm poskytovatel\u016f t\u0159et\u00edch stran. N\u00e1kupy proveden\u00e9 prost\u0159ednictv\u00edm webov\u00fdch str\u00e1nek Spole\u010dnosti mohou b\u00fdt zp\u016fsobil\u00e9 k vr\u00e1cen\u00ed pen\u011bz v souladu s na\u0161imi <strong><a href=\"https:\/\/freevpnplanet.com\/cs\/refund\/\">Z\u00e1sadami vr\u00e1cen\u00ed pen\u011bz<\/a><\/strong>. Obnoven\u00ed p\u0159edplatn\u00e9ho nen\u00ed zp\u016fsobil\u00e9 k vr\u00e1cen\u00ed pen\u011bz. U n\u00e1kup\u016f proveden\u00fdch prost\u0159ednictv\u00edm obchod\u016f s aplikacemi t\u0159et\u00edch stran (v\u010detn\u011b, mimo jin\u00e9, Apple App Store nebo Google Play) se p\u0159\u00edpadn\u00e9 vr\u00e1cen\u00ed pen\u011bz \u0159\u00edd\u00ed v\u00fdhradn\u011b z\u00e1sadami p\u0159\u00edslu\u0161n\u00e9ho obchodu.<\/p>\n\n\n\n<h4 class=\"wp-block-heading\"><strong>6.5 Poskytnut\u00ed slu\u017eby<\/strong><\/h4>\n\n\n\n<p style=\"margin-top:0;margin-bottom:0\" class=\"\">Poskytnut\u00ed Slu\u017eby se pova\u017euje za pln\u011b spln\u011bn\u00e9 okam\u017eikem, kdy je U\u017eivateli ud\u011blen p\u0159\u00edstup v souladu se zvolen\u00fdm tarifn\u00edm pl\u00e1nem.<\/p>\n\n\n\n<h3 class=\"wp-block-heading\">7. Zak\u00e1zan\u00e9 pou\u017eit\u00ed<\/h3>\n\n\n\n<p style=\"margin-top:0;margin-bottom:0\" class=\"\">Pou\u017e\u00edv\u00e1n\u00edm Slu\u017eeb souhlas\u00edte, \u017ee se nebudete \u00fa\u010dastnit \u017e\u00e1dn\u00e9 z n\u00e1sleduj\u00edc\u00edch \u010dinnost\u00ed:<\/p>\n\n\n\n<ul class=\"wp-block-list\">\n<li><strong>nez\u00e1konn\u00e9, podvodn\u00e9 nebo \u0161kodliv\u00e9 \u00fa\u010dely;<\/strong><\/li>\n\n\n\n<li><strong>zas\u00edl\u00e1n\u00ed spamu nebo \u0161\u00ed\u0159en\u00ed malwaru;<\/strong><\/li>\n\n\n\n<li><strong>poru\u0161ov\u00e1n\u00ed pr\u00e1v du\u0161evn\u00edho vlastnictv\u00ed;<\/strong><\/li>\n\n\n\n<li><strong>zve\u0159ej\u0148ov\u00e1n\u00ed obsahu zahrnuj\u00edc\u00edho n\u00e1sil\u00ed, nen\u00e1vist nebo vyko\u0159is\u0165ov\u00e1n\u00ed nezletil\u00fdch;<\/strong><\/li>\n\n\n\n<li><strong>neopr\u00e1vn\u011bn\u00fd p\u0159\u00edstup k syst\u00e9mu\/s\u00edti (\u201ehacking\u201c);<\/strong><\/li>\n\n\n\n<li><strong>vojensk\u00e9 nebo kybernetick\u00e9 v\u00e1lky;<\/strong><\/li>\n\n\n\n<li><strong>pokusy o naru\u0161en\u00ed nebo obejit\u00ed syst\u00e9m\u016f FREE PLANET VPN.<\/strong><\/li>\n<\/ul>\n\n\n\n<p style=\"margin-top:0;margin-bottom:0\" class=\"\">FREE PLANET VPN si vyhrazuje pr\u00e1vo zru\u0161it jak\u00fdkoli \u00fa\u010det, u kter\u00e9ho bude zji\u0161t\u011bno poru\u0161en\u00ed t\u011bchto podm\u00ednek, bez n\u00e1roku na vr\u00e1cen\u00ed pen\u011bz.<\/p>\n\n\n\n<h3 class=\"wp-block-heading\">8. Z\u0159eknut\u00ed se z\u00e1ruky<\/h3>\n\n\n\n<p style=\"margin-top:0;margin-bottom:0\" class=\"\">Slu\u017eby jsou poskytov\u00e1ny \u201etak, jak jsou\u201c, bez jak\u00e9koli v\u00fdslovn\u00e9 nebo p\u0159edpokl\u00e1dan\u00e9 z\u00e1ruky. Nep\u0159eru\u0161ovan\u00fd provoz, bezchybn\u00e9 fungov\u00e1n\u00ed a kompatibilita se v\u0161emi za\u0159\u00edzen\u00edmi nejsou zaru\u010deny. Pou\u017e\u00edv\u00e1n\u00ed FREE PLANET VPN je na v\u00fdhradn\u00edm uv\u00e1\u017een\u00ed a riziku u\u017eivatele.<\/p>\n\n\n\n<h3 class=\"wp-block-heading\">9. Omezen\u00ed odpov\u011bdnosti<\/h3>\n\n\n\n<p style=\"margin-top:0;margin-bottom:0\" class=\"\">FREE PLANET VPN, jej\u00ed zam\u011bstnanci a obchodn\u00ed partne\u0159i nenesou odpov\u011bdnost za \u017e\u00e1dn\u00e9 \u0161kody, a\u0165 u\u017e p\u0159\u00edm\u00e9, nep\u0159\u00edm\u00e9, n\u00e1hodn\u00e9 nebo n\u00e1sledn\u00e9, v\u010detn\u011b, ale nikoli v\u00fdhradn\u011b, ztr\u00e1ty dat, p\u0159eru\u0161en\u00ed podnik\u00e1n\u00ed nebo u\u0161l\u00e9ho zisku, vznikl\u00e9 v souvislosti s pou\u017e\u00edv\u00e1n\u00edm slu\u017eeb. Maxim\u00e1ln\u00ed celkov\u00e1 odpov\u011bdnost v\u00fd\u0161e uveden\u00fdch stran je omezena na \u010d\u00e1stku, kterou u\u017eivatel skute\u010dn\u011b zaplatil za slu\u017eby.<\/p>\n\n\n\n<h3 class=\"wp-block-heading\">10. Od\u0161kodn\u011bn\u00ed<\/h3>\n\n\n\n<p style=\"margin-top:0;margin-bottom:0\" class=\"\">P\u0159ijet\u00edm t\u011bchto Podm\u00ednek souhlas\u00edte s t\u00edm, \u017ee od\u0161kodn\u00edte, budete h\u00e1jit a zbav\u00edte FREE PLANET VPN odpov\u011bdnosti za ve\u0161ker\u00e9 n\u00e1roky, \u0161kody, z\u00e1vazky nebo v\u00fddaje, v\u010detn\u011b p\u0159im\u011b\u0159en\u00fdch n\u00e1klad\u016f na pr\u00e1vn\u00ed zastoupen\u00ed, vznikl\u00e9 v d\u016fsledku poru\u0161en\u00ed t\u011bchto Podm\u00ednek nebo jak\u00e9hokoli zneu\u017eit\u00ed Slu\u017eeb.<\/p>\n\n\n\n<h3 class=\"wp-block-heading\">11. Rozhod\u010d\u00ed \u0159\u00edzen\u00ed<\/h3>\n\n\n\n<p style=\"margin-top:0;margin-bottom:0\" class=\"\">Tyto podm\u00ednky se \u0159\u00edd\u00ed pr\u00e1vn\u00edm r\u00e1mcem Rumunska. V p\u0159\u00edpad\u011b jak\u00fdchkoli spor\u016f bude z\u00e1le\u017eitost p\u0159edlo\u017eena k rozhod\u010d\u00edmu \u0159\u00edzen\u00ed v souladu s pravidly Rumunsk\u00e9 obchodn\u00ed a pr\u016fmyslov\u00e9 komory nebo jin\u00e9 vz\u00e1jemn\u011b dohodnut\u00e9 rumunsk\u00e9 rozhod\u010d\u00ed instituce. \u0158\u00edzen\u00ed bude vedeno v anglick\u00e9m jazyce a rozhod\u010d\u00ed n\u00e1lez bude kone\u010dn\u00fd a z\u00e1vazn\u00fd pro ob\u011b strany.<\/p>\n\n    <\/div>\n<\/section>\n","protected":false},"excerpt":{"rendered":"","protected":false},"author":13,"featured_media":0,"parent":0,"menu_order":0,"comment_status":"closed","ping_status":"closed","template":"templates\/page-policy.php","meta":{"_acf_changed":false,"inline_featured_image":false,"footnotes":""},"download_by_lite_tag":[],"class_list":["post-101448","page","type-page","status-publish","hentry"],"yoast_head":"<!-- This site is optimized with the Yoast SEO plugin v22.6 - https:\/\/yoast.com\/wordpress\/plugins\/seo\/ -->\n<title>Podm\u00ednky pou\u017e\u00edv\u00e1n\u00ed | Planet VPN<\/title>\n<meta name=\"description\" content=\"Podm\u00ednky pou\u017e\u00edv\u00e1n\u00ed VPN\" \/>\n<meta name=\"robots\" content=\"index, follow, max-snippet:-1, max-image-preview:large, max-video-preview:-1\" \/>\n<link rel=\"canonical\" href=\"https:\/\/freevpnplanet.com\/cs\/terms\/\" \/>\n<meta property=\"og:locale\" content=\"en_US\" \/>\n<meta property=\"og:type\" content=\"article\" \/>\n<meta property=\"og:title\" content=\"Podm\u00ednky pou\u017e\u00edv\u00e1n\u00ed | Planet VPN\" \/>\n<meta property=\"og:description\" content=\"Podm\u00ednky pou\u017e\u00edv\u00e1n\u00ed VPN\" \/>\n<meta property=\"og:url\" content=\"https:\/\/freevpnplanet.com\/cs\/terms\/\" \/>\n<meta property=\"og:site_name\" content=\"Planet VPN\" \/>\n<meta property=\"article:modified_time\" content=\"2026-03-11T08:07:34+00:00\" \/>\n<meta name=\"twitter:card\" content=\"summary_large_image\" \/>\n<meta name=\"twitter:label1\" content=\"Est. reading time\" \/>\n\t<meta name=\"twitter:data1\" content=\"5 minutes\" \/>\n<script type=\"application\/ld+json\" class=\"yoast-schema-graph\">{\"@context\":\"https:\/\/schema.org\",\"@graph\":[{\"@type\":\"WebPage\",\"@id\":\"https:\/\/freevpnplanet.com\/cs\/terms\/\",\"url\":\"https:\/\/freevpnplanet.com\/cs\/terms\/\",\"name\":\"Podm\u00ednky pou\u017e\u00edv\u00e1n\u00ed | Planet VPN\",\"isPartOf\":{\"@id\":\"https:\/\/freevpnplanet.com\/cs\/#website\"},\"datePublished\":\"2024-06-06T09:04:27+00:00\",\"dateModified\":\"2026-03-11T08:07:34+00:00\",\"description\":\"Podm\u00ednky pou\u017e\u00edv\u00e1n\u00ed VPN\",\"breadcrumb\":{\"@id\":\"https:\/\/freevpnplanet.com\/cs\/terms\/#breadcrumb\"},\"inLanguage\":\"cs\",\"potentialAction\":[{\"@type\":\"ReadAction\",\"target\":[\"https:\/\/freevpnplanet.com\/cs\/terms\/\"]}]},{\"@type\":\"BreadcrumbList\",\"@id\":\"https:\/\/freevpnplanet.com\/cs\/terms\/#breadcrumb\",\"itemListElement\":[{\"@type\":\"ListItem\",\"position\":1,\"name\":\"Home\",\"item\":\"https:\/\/freevpnplanet.com\/cs\/\"},{\"@type\":\"ListItem\",\"position\":2,\"name\":\"Conditions of use\"}]},{\"@type\":\"WebSite\",\"@id\":\"https:\/\/freevpnplanet.com\/cs\/#website\",\"url\":\"https:\/\/freevpnplanet.com\/cs\/\",\"name\":\"Planet VPN \ud83d\udee1\ufe0f\ud83c\udf10 Free VPN\",\"description\":\"Free VPN\",\"potentialAction\":[{\"@type\":\"SearchAction\",\"target\":{\"@type\":\"EntryPoint\",\"urlTemplate\":\"https:\/\/freevpnplanet.com\/cs\/?s={search_term_string}\"},\"query-input\":\"required name=search_term_string\"}],\"inLanguage\":\"cs\",\"publisher\":{\"@id\":\"https:\/\/freevpnplanet.com\/cs\/#organization\"}},{\"@context\":\"https:\/\/schema.org\/\",\"@type\":\"SoftwareApplication\",\"name\":\"Planet VPN \ud83d\udee1\ufe0f\ud83c\udf10 Free VPN\",\"operatingSystem\":\"Windows, macOS, iOS, Android, Linux, Chrome\",\"applicationCategory\":\"SecurityApplication\",\"offers\":{\"@type\":\"AggregateOffer\",\"priceCurrency\":\"USD\",\"price\":\"0\",\"lowPrice\":\"0\",\"availability\":\"https:\/\/schema.org\/InStock\"},\"aggregateRating\":{\"@type\":\"AggregateRating\",\"ratingValue\":\"4.8\",\"bestRating\":\"5\",\"ratingCount\":\"12476\"}},{\"@type\":\"Organization\",\"@id\":\"https:\/\/freevpnplanet.com\/cs\/#organization\",\"url\":\"https:\/\/freevpnplanet.com\/cs\/\",\"name\":\"Planet VPN \ud83d\udee1\ufe0f\ud83c\udf10 Free VPN\"}]}<\/script>\n<!-- \/ Yoast SEO plugin. -->","yoast_head_json":{"title":"Podm\u00ednky pou\u017e\u00edv\u00e1n\u00ed | Planet VPN","description":"Podm\u00ednky pou\u017e\u00edv\u00e1n\u00ed VPN","robots":{"index":"index","follow":"follow","max-snippet":"max-snippet:-1","max-image-preview":"max-image-preview:large","max-video-preview":"max-video-preview:-1"},"canonical":"https:\/\/freevpnplanet.com\/cs\/terms\/","og_locale":"en_US","og_type":"article","og_title":"Podm\u00ednky pou\u017e\u00edv\u00e1n\u00ed | Planet VPN","og_description":"Podm\u00ednky pou\u017e\u00edv\u00e1n\u00ed VPN","og_url":"https:\/\/freevpnplanet.com\/cs\/terms\/","og_site_name":"Planet VPN","article_modified_time":"2026-03-11T08:07:34+00:00","twitter_card":"summary_large_image","twitter_misc":{"Est. reading time":"5 minutes"},"schema":{"@context":"https:\/\/schema.org","@graph":[{"@type":"WebPage","@id":"https:\/\/freevpnplanet.com\/cs\/terms\/","url":"https:\/\/freevpnplanet.com\/cs\/terms\/","name":"Podm\u00ednky pou\u017e\u00edv\u00e1n\u00ed | Planet VPN","isPartOf":{"@id":"https:\/\/freevpnplanet.com\/cs\/#website"},"datePublished":"2024-06-06T09:04:27+00:00","dateModified":"2026-03-11T08:07:34+00:00","description":"Podm\u00ednky pou\u017e\u00edv\u00e1n\u00ed VPN","breadcrumb":{"@id":"https:\/\/freevpnplanet.com\/cs\/terms\/#breadcrumb"},"inLanguage":"cs","potentialAction":[{"@type":"ReadAction","target":["https:\/\/freevpnplanet.com\/cs\/terms\/"]}]},{"@type":"BreadcrumbList","@id":"https:\/\/freevpnplanet.com\/cs\/terms\/#breadcrumb","itemListElement":[{"@type":"ListItem","position":1,"name":"Home","item":"https:\/\/freevpnplanet.com\/cs\/"},{"@type":"ListItem","position":2,"name":"Conditions of use"}]},{"@type":"WebSite","@id":"https:\/\/freevpnplanet.com\/cs\/#website","url":"https:\/\/freevpnplanet.com\/cs\/","name":"Planet VPN \ud83d\udee1\ufe0f\ud83c\udf10 Free VPN","description":"Free VPN","potentialAction":[{"@type":"SearchAction","target":{"@type":"EntryPoint","urlTemplate":"https:\/\/freevpnplanet.com\/cs\/?s={search_term_string}"},"query-input":"required name=search_term_string"}],"inLanguage":"cs","publisher":{"@id":"https:\/\/freevpnplanet.com\/cs\/#organization"}},{"@context":"https:\/\/schema.org\/","@type":"SoftwareApplication","name":"Planet VPN \ud83d\udee1\ufe0f\ud83c\udf10 Free VPN","operatingSystem":"Windows, macOS, iOS, Android, Linux, Chrome","applicationCategory":"SecurityApplication","offers":{"@type":"AggregateOffer","priceCurrency":"USD","price":"0","lowPrice":"0","availability":"https:\/\/schema.org\/InStock"},"aggregateRating":{"@type":"AggregateRating","ratingValue":"4.8","bestRating":"5","ratingCount":"12476"}},{"@type":"Organization","@id":"https:\/\/freevpnplanet.com\/cs\/#organization","url":"https:\/\/freevpnplanet.com\/cs\/","name":"Planet VPN \ud83d\udee1\ufe0f\ud83c\udf10 Free VPN"}]}},"acf":[],"_links":{"self":[{"href":"https:\/\/freevpnplanet.com\/cs\/wp-json\/wp\/v2\/pages\/101448","targetHints":{"allow":["GET"]}}],"collection":[{"href":"https:\/\/freevpnplanet.com\/cs\/wp-json\/wp\/v2\/pages"}],"about":[{"href":"https:\/\/freevpnplanet.com\/cs\/wp-json\/wp\/v2\/types\/page"}],"author":[{"embeddable":true,"href":"https:\/\/freevpnplanet.com\/cs\/wp-json\/wp\/v2\/users\/13"}],"replies":[{"embeddable":true,"href":"https:\/\/freevpnplanet.com\/cs\/wp-json\/wp\/v2\/comments?post=101448"}],"version-history":[{"count":3,"href":"https:\/\/freevpnplanet.com\/cs\/wp-json\/wp\/v2\/pages\/101448\/revisions"}],"predecessor-version":[{"id":195618,"href":"https:\/\/freevpnplanet.com\/cs\/wp-json\/wp\/v2\/pages\/101448\/revisions\/195618"}],"wp:attachment":[{"href":"https:\/\/freevpnplanet.com\/cs\/wp-json\/wp\/v2\/media?parent=101448"}],"wp:term":[{"taxonomy":"download_by_lite_tag","embeddable":true,"href":"https:\/\/freevpnplanet.com\/cs\/wp-json\/wp\/v2\/download_by_lite_tag?post=101448"}],"curies":[{"name":"wp","href":"https:\/\/api.w.org\/{rel}","templated":true}]}}