{"id":101706,"date":"2024-06-28T17:47:49","date_gmt":"2024-06-28T14:47:49","guid":{"rendered":"https:\/\/help.freeplanetvpn.com\/data-protection-security\/"},"modified":"2025-07-18T10:48:07","modified_gmt":"2025-07-18T07:48:07","slug":"data-protection-security","status":"publish","type":"page","link":"https:\/\/freevpnplanet.com\/cs\/data-protection-security\/","title":{"rendered":"Data Protection Security"},"content":{"rendered":"\n<section class=\"image-text-static-image custom-block align-none data-protection-security__banner mobile-image-bottom   header-size-small text-size-small  \" style='--background-color:var(--dark-blue-0); --text-color:var(--white)'>\n\n    <div class=\"gutenberg-block-background\"><\/div>\n    <div class=\"image-text-static-image__inner inner-container\">\n                    <div class=\"image-text-static-image__content content-left\" style='--content-width: 39%'>\n                                    <div class=\"image-text-static-image__title\">\n                        <h1 >Zdarma VPN pro ochranu internetu<\/h1>                    <\/div>\n                \n                <p>Boj\u00edte se, \u017ee v\u00e1s n\u011bkdo sleduje? &#8211; \u017d\u00e1dn\u00fd probl\u00e9m! S Planet VPN nikdo nem\u016f\u017ee sledovat ani zachyt\u00e1vat va\u0161e data!<\/p>\n                                    <div class=\"image-text-static-image__cta\">\n                                                    <a href=\"\/cs\/plans\/\" target=\"_self\" id=\"qa-hero-cta-btn\" class=\"cta download-by-platform cta--with-border cta-size--small cta-mt--initial icon-position--icon-left\" style=\"--border-radius:40px\"><span class=\"cta__name\">St\u00e1hnout zdarma<\/span><\/a>                                            <\/div>\n                \n                \n\n            <\/div>\n        \n                    <div class=\"bg-image-wrapper bg-image-wrapper--desktop  right image-align--center\" style='--image-max-width: 61%'>\n                <figure>\n                    <img width=\"783\" height=\"734\" src=\"https:\/\/freevpnplanet.com\/wp-content\/uploads\/2024\/06\/rvpn-illustration.626d9081-20240628_175014_032621.svg\" class=\"attachment-full size-full\" alt=\"\" loading=\"lazy\" decoding=\"sync\" fetchpriority=\"low\" style=\"max-width:784px\" sizes=\"auto, (max-width: 784px) 100vw, 784px\" aria-hidden=\"true\" \/>                    <!-- <img decoding=\"async\" width=\"783\" height=\"734\" src=\"https:\/\/freevpnplanet.com\/wp-content\/uploads\/2024\/06\/rvpn-illustration.626d9081-20240628_175014_032621.svg\" class=\"attachment-full size-full\" alt=\"\" style=\"max-width:784px\" \/> -->\n                <\/figure>\n            <\/div>\n        \n            <\/div>\n<\/section>\n\n\n<section class=\"image-text-static-image custom-block align-none  mobile-image-bottom   header-size-small text-size-small  pb-0--desktop\" style=''>\n\n    <div class=\"gutenberg-block-background\"><\/div>\n    <div class=\"image-text-static-image__inner inner-container\">\n                    <div class=\"image-text-static-image__content content-right\" style='--content-width: 49%'>\n                                    <div class=\"image-text-static-image__title\">\n                        <h2 >Kdo v\u00e1s sleduje na internetu?<\/h2>                    <\/div>\n                \n                <p>Ka\u017ed\u00fd poskytovatel internetov\u00fdch slu\u017eeb (ISP) ukl\u00e1d\u00e1 v\u0161e, co na internetu d\u011bl\u00e1te, kter\u00e9 webov\u00e9 str\u00e1nky nav\u0161t\u011bvujete a kter\u00e9 zpr\u00e1vy p\u0159es internet pos\u00edl\u00e1te, a tyto informace odes\u00edl\u00e1 do speci\u00e1ln\u00edch \u00falo\u017ei\u0161\u0165.<\/p>\n<p>Pokud jste p\u0159ipojeni k ve\u0159ejn\u00e9 s\u00edti Wi-Fi, pak jsou v\u0161echna data, kter\u00e1 odes\u00edl\u00e1te a p\u0159ij\u00edm\u00e1te, k dispozici majitel\u016fm s\u00edt\u011b.<\/p>\n                \n                \n\n            <\/div>\n        \n                    <div class=\"bg-image-wrapper bg-image-wrapper--desktop  left image-align--center\" style='--image-max-width: 51%'>\n                <figure>\n                    <img width=\"472\" height=\"436\" src=\"https:\/\/freevpnplanet.com\/wp-content\/uploads\/2024\/06\/rvpn-surv.6d002b11-20240628_175357_751526.svg\" class=\"attachment-full size-full\" alt=\"\" loading=\"lazy\" decoding=\"sync\" fetchpriority=\"low\" style=\"max-width:472px\" sizes=\"auto, (max-width: 472px) 100vw, 472px\" aria-hidden=\"true\" \/>                    <!-- <img decoding=\"async\" width=\"472\" height=\"436\" src=\"https:\/\/freevpnplanet.com\/wp-content\/uploads\/2024\/06\/rvpn-surv.6d002b11-20240628_175357_751526.svg\" class=\"attachment-full size-full\" alt=\"\" style=\"max-width:472px\" \/> -->\n                <\/figure>\n            <\/div>\n        \n            <\/div>\n<\/section>\n\n\n<section class=\"image-text-static-image custom-block align-none  mobile-image-bottom   header-size-small text-size-small  \" style=''>\n\n    <div class=\"gutenberg-block-background\"><\/div>\n    <div class=\"image-text-static-image__inner inner-container\">\n                    <div class=\"image-text-static-image__content content-left\" style='--content-width: 49%'>\n                \n                <p>V kancel\u00e1\u0159\u00edch zam\u011bstnavatel\u00e9 v\u017edy monitoruj\u00ed va\u0161i internetovou aktivitu.<\/p>\n<p>Majitel\u00e9 webov\u00fdch str\u00e1nek sleduj\u00ed, z jak\u00e9 IP adresy byly jejich webov\u00e9 str\u00e1nky nav\u0161t\u00edveny, a tak\u00e9 vyhled\u00e1vac\u00ed syst\u00e9my a r\u016fzn\u00e9 statistick\u00e9 slu\u017eby o v\u00e1s shroma\u017e\u010fuj\u00ed v\u0161echny mo\u017en\u00e9 informace. Nemluv\u011b o neuv\u011b\u0159iteln\u00e9m mno\u017estv\u00ed zlo\u010dinc\u016f, kte\u0159\u00ed se sna\u017e\u00ed ud\u011blat v\u0161e pro to, aby se dostali k d\u016fv\u011brn\u00fdm informac\u00edm, a\u0165 u\u017e jde o n\u00e1le\u017eitosti va\u0161\u00ed karty, osobn\u00ed \u00fadaje nebo zpr\u00e1vy.<\/p>\n                \n                \n\n            <\/div>\n        \n                    <div class=\"bg-image-wrapper bg-image-wrapper--desktop  right image-align--center\" style='--image-max-width: 51%'>\n                <figure>\n                    <img width=\"436\" height=\"436\" src=\"https:\/\/freevpnplanet.com\/wp-content\/uploads\/2024\/06\/rvpn-watch.c8e51db1-20240628_175545_400134.svg\" class=\"attachment-full size-full\" alt=\"\" loading=\"lazy\" decoding=\"sync\" fetchpriority=\"low\" style=\"max-width:472px\" sizes=\"auto, (max-width: 472px) 100vw, 472px\" aria-hidden=\"true\" \/>                    <!-- <img decoding=\"async\" width=\"436\" height=\"436\" src=\"https:\/\/freevpnplanet.com\/wp-content\/uploads\/2024\/06\/rvpn-watch.c8e51db1-20240628_175545_400134.svg\" class=\"attachment-full size-full\" alt=\"\" style=\"max-width:472px\" \/> -->\n                <\/figure>\n            <\/div>\n        \n            <\/div>\n<\/section>\n\n\n<div class=\"wp-block-group alignfull has-background-blue-background-color has-background is-content-justification-center is-nowrap is-layout-flex wp-container-core-group-is-layout-1 wp-block-group-is-layout-flex\">\n<div class=\"wp-block-columns wp-container-content-1 is-layout-flex wp-container-core-columns-is-layout-1 wp-block-columns-is-layout-flex row-gap--20 stack-breakpoint--768\">\n<div class=\"wp-block-column is-layout-flow wp-block-column-is-layout-flow\" style=\"padding-right:var(--wp--preset--spacing--50);padding-left:var(--wp--preset--spacing--50)\">\n<section class=\"advanced-steps custom-block align-center  align-desktop-left align-mobile-left font-normal three-columns title-small image-shadow\" style=''>\n\n    <div class=\"gutenberg-block-background\"><\/div>\n    <div class=\"advanced-steps__container inner-container\">\n                    <div class=\"advanced-steps__intro\">\n                <h2 style=\"text-align: center;\">JAK SE CHR\u00c1NIT P\u0158ED DOZOREM NA INTERNETU?<\/h2>            <\/div>\n        \n        <ul class=\"advanced-steps__list advanced-steps__list--download-steps\" style='--columns-gap:50px'>\n                            <li style='--max-width:px'>\n                                            <h2 class=\"step-title\">St\u00e1hn\u011bte si<\/h2>\n                    \n                                            <div class=\"image-wrapper\">\n                            <img decoding=\"async\" width=\"219\" height=\"170\" src=\"https:\/\/freevpnplanet.com\/wp-content\/uploads\/2024\/05\/rvpn-download.df91dd21-20240524_114147_333777.svg\" class=\"attachment-full size-full\" alt=\"Step 1\" \/>                        <\/div>\n\n                                                    <p><a href=\"https:\/\/freevpnplanet.com\/cs\/download\/\" id=\"qa-advanced-step-content-link\">St\u00e1hn\u011bte si<\/a> a nainstalujte aplikaci do sv\u00e9ho za\u0159\u00edzen\u00ed.<\/p>                                                            <\/li>\n                                <li style='--max-width:px'>\n                                            <h2 class=\"step-title\">P\u0159ipojte se<\/h2>\n                    \n                                            <div class=\"image-wrapper\">\n                            <img decoding=\"async\" width=\"220\" height=\"171\" src=\"https:\/\/freevpnplanet.com\/wp-content\/uploads\/2024\/05\/rvpn-login.60a645a1-20240524_114327_062578.svg\" class=\"attachment-full size-full\" alt=\"Step 1\" \/>                        <\/div>\n\n                                                    <p>P\u0159ipoj se k jednomu z na\u0161ich server\u016f<\/p>                                                            <\/li>\n                                <li style='--max-width:px'>\n                                            <h2 class=\"step-title\">Nav\u0161tivte<\/h2>\n                    \n                                            <div class=\"image-wrapper\">\n                            <img decoding=\"async\" width=\"219\" height=\"170\" src=\"https:\/\/freevpnplanet.com\/wp-content\/uploads\/2024\/05\/rvpn-connect.12ef9ce1-20240524_114733_838401.svg\" class=\"attachment-full size-full\" alt=\"Step 3\" \/>                        <\/div>\n\n                                                    <p>Nav\u0161tiv jakoukoli webovou str\u00e1nku bez omezen\u00ed<\/p>                                                            <\/li>\n                        <\/ul>\n\n                    <div class=\"advanced-steps__cta\">\n                <a href=\"\/cs\/plans\/\" target=\"_self\" id=\"qa-cta-steps-btn\" class=\"cta download-by-platform cta--with-border cta-size--small cta-mt--initial icon-position--icon-left\" style=\"--border-radius:40px\"><span class=\"cta__name\">St\u00e1hnout zdarma<\/span><\/a>            <\/div>\n        \n        \n        \n\n    <\/div>\n<\/section>\n<\/div>\n<\/div>\n<\/div>\n\n\n\n<section class=\"image-text-static-image custom-block align-none  mobile-image-bottom   header-size-small text-size-small  pb-0--desktop\" style=''>\n\n    <div class=\"gutenberg-block-background\"><\/div>\n    <div class=\"image-text-static-image__inner inner-container\">\n                    <div class=\"image-text-static-image__content content-left\" style='--content-width: 49%'>\n                                    <div class=\"image-text-static-image__title\">\n                        <h2 >JAK JSI NA INTERNETU SLEDOV\u00c1N?<\/h2>                    <\/div>\n                \n                <p>Ka\u017ed\u00e9 za\u0159\u00edzen\u00ed v s\u00edti m\u00e1 svou vlastn\u00ed IP adresu, i kdy\u017e se p\u0159ipojuje\u0161 k internetu prost\u0159ednictv\u00edm ve\u0159ejn\u00e9 s\u00edt\u011b a tvoje extern\u00ed IP adresa nen\u00ed unik\u00e1tn\u00ed. Existuje tak\u00e9 m\u00edstn\u00ed adresa v r\u00e1mci s\u00edt\u011b. Poskytovatel nebo vlastn\u00edk s\u00edt\u011b snadno propoj\u00ed m\u00edstn\u00ed a extern\u00ed IP adresy, aby mohl sledovat tv\u00e9 aktivity.<\/p>\n<p>V\u0161echny tv\u00e9 ne\u0161ifrovan\u00e9 aktivity a zpr\u00e1vy na s\u00edti jsou zaznamen\u00e1v\u00e1ny, zpracov\u00e1v\u00e1ny a uchov\u00e1v\u00e1ny od n\u011bkolika m\u011bs\u00edc\u016f do n\u011bkolika let.<\/p>\n                \n                \n\n            <\/div>\n        \n                    <div class=\"bg-image-wrapper bg-image-wrapper--desktop  right image-align--center\" style='--image-max-width: 51%'>\n                <figure>\n                    <img width=\"436\" height=\"436\" src=\"https:\/\/freevpnplanet.com\/wp-content\/uploads\/2024\/06\/rvpn-zoom.97114291-20240628_180539_548832.svg\" class=\"attachment-full size-full\" alt=\"\" loading=\"lazy\" decoding=\"sync\" fetchpriority=\"low\" style=\"max-width:472px\" sizes=\"auto, (max-width: 472px) 100vw, 472px\" aria-hidden=\"true\" \/>                    <!-- <img decoding=\"async\" width=\"436\" height=\"436\" src=\"https:\/\/freevpnplanet.com\/wp-content\/uploads\/2024\/06\/rvpn-zoom.97114291-20240628_180539_548832.svg\" class=\"attachment-full size-full\" alt=\"\" style=\"max-width:472px\" \/> -->\n                <\/figure>\n            <\/div>\n        \n            <\/div>\n<\/section>\n\n\n<section class=\"image-text-static-image custom-block align-none  mobile-image-bottom   header-size-small text-size-small  \" style=''>\n\n    <div class=\"gutenberg-block-background\"><\/div>\n    <div class=\"image-text-static-image__inner inner-container\">\n                    <div class=\"image-text-static-image__content content-right\" style='--content-width: 49%'>\n                \n                <p>Na s\u00edti existuje mnoho dal\u0161\u00edch sledovac\u00edch technologi\u00ed, ale v\u0161echny jsou bezmocn\u00e9 v\u016f\u010di technologii VPN, kter\u00e1 vytv\u00e1\u0159\u00ed \u0161ifrovan\u00fd tunel mezi tebou a serverem, co\u017e znemo\u017e\u0148uje odchyt tv\u00e9 internetov\u00e9 aktivity.<\/p>\n<p>Proto nikdo nem\u016f\u017ee vyu\u017e\u00edt tvoje informace k \u017e\u00e1dn\u00e9mu \u00fa\u010delu. Planet VPN nab\u00edz\u00ed siln\u00e9 \u0161ifrov\u00e1n\u00ed, rychl\u00e9 p\u0159enosov\u00e9 kan\u00e1ly mezi daty a serverem a \u00faplnou absenci uchov\u00e1v\u00e1n\u00ed a logov\u00e1n\u00ed dat.<\/p>\n                \n                \n\n            <\/div>\n        \n                    <div class=\"bg-image-wrapper bg-image-wrapper--desktop  left image-align--center\" style='--image-max-width: 51%'>\n                <figure>\n                    <img width=\"436\" height=\"436\" src=\"https:\/\/freevpnplanet.com\/wp-content\/uploads\/2024\/06\/rvpn-tech.7ca10ed1-20240628_180601_644317.svg\" class=\"attachment-full size-full\" alt=\"\" loading=\"lazy\" decoding=\"sync\" fetchpriority=\"low\" style=\"max-width:472px\" sizes=\"auto, (max-width: 472px) 100vw, 472px\" aria-hidden=\"true\" \/>                    <!-- <img decoding=\"async\" width=\"436\" height=\"436\" src=\"https:\/\/freevpnplanet.com\/wp-content\/uploads\/2024\/06\/rvpn-tech.7ca10ed1-20240628_180601_644317.svg\" class=\"attachment-full size-full\" alt=\"\" style=\"max-width:472px\" \/> -->\n                <\/figure>\n            <\/div>\n        \n            <\/div>\n<\/section>\n\n\n<section class=\"image-text-static-image custom-block align-none  mobile-image-bottom   header-size-small text-size-small  \" style='--background-color:var(--dark-blue-0); --text-color:var(--white)'>\n\n    <div class=\"gutenberg-block-background\"><\/div>\n    <div class=\"image-text-static-image__inner inner-container\">\n                    <div class=\"image-text-static-image__content content-right\" style='--content-width: 51%'>\n                                    <div class=\"image-text-static-image__title\">\n                        <h2 >U\u017d NEJSI SLEDOV\u00c1N<\/h2>                    <\/div>\n                \n                <p>Dnes maj\u00ed vyhled\u00e1va\u010de, poskytovatel\u00e9 a webov\u00e9 str\u00e1nky mo\u017enost \u010d\u00edst data o ka\u017ed\u00e9m u\u017eivateli s r\u016fzn\u00fdmi c\u00edli. Nejbezpe\u010dn\u011bj\u0161\u00ed z nich je distribuce nep\u0159\u00edjemn\u00fdch reklam. Av\u0161ak tyto informace se mohou dostat do rukou podvodn\u00edk\u016f, co\u017e velmi pravd\u011bpodobn\u011b vede ke kr\u00e1de\u017ei osobn\u00edch a finan\u010dn\u00edch \u00fadaj\u016f.<\/p>\n<p>Pou\u017e\u00edv\u00e1me siln\u00e9 \u0161ifrov\u00e1n\u00ed o d\u00e9lce 256 bit\u016f, abychom t\u011b ochr\u00e1nili p\u0159ed jak\u00fdmikoli \u00fato\u010dn\u00edky a\/nebo sledov\u00e1n\u00edm tv\u00e9 internetov\u00e9 aktivity. S Planet VPN skryje\u0161 svou IP adresu, co\u017e tv\u00e9 surfov\u00e1n\u00ed u\u010din\u00ed zcela anonymn\u00edm.<\/p>\n<p>Neuchov\u00e1v\u00e1me \u017e\u00e1dn\u00e9 z\u00e1znamy o tv\u00e9 aktivit\u011b na internetu. Proto v\u0161echny tv\u00e9 akce z\u016fstanou zcela anonymn\u00ed. Anonymn\u00ed surfov\u00e1n\u00ed ti umo\u017en\u00ed chr\u00e1nit \u00fadaje o bankovn\u00edch \u00fa\u010dtech a kreditn\u00edch kart\u00e1ch, osobn\u00ed a obchodn\u00ed informace, jak\u00e9koli online zpr\u00e1vy a mnoho dal\u0161\u00edho p\u0159ed \u00fato\u010dn\u00edky.<\/p>\n                                    <div class=\"image-text-static-image__cta\">\n                                                    <a href=\"\/cs\/plans\/\" target=\"_self\" id=\"qa-cta-ready-btn\" class=\"cta download-by-platform cta--with-border cta-size--small cta-mt--initial icon-position--icon-left\" style=\"--border-radius:40px\"><span class=\"cta__name\">St\u00e1hnout zdarma<\/span><\/a>                                            <\/div>\n                \n                \n\n            <\/div>\n        \n                    <div class=\"bg-image-wrapper bg-image-wrapper--desktop  left image-align--center\" style='--image-max-width: 49%'>\n                <figure>\n                    <img width=\"444\" height=\"444\" src=\"https:\/\/freevpnplanet.com\/wp-content\/uploads\/2024\/07\/rvpn-no-spy.345c7111-20240701_151227_904235.svg\" class=\"attachment-full size-full\" alt=\"\" loading=\"lazy\" decoding=\"sync\" fetchpriority=\"low\" style=\"max-width:444px\" sizes=\"auto, (max-width: 444px) 100vw, 444px\" aria-hidden=\"true\" \/>                    <!-- <img decoding=\"async\" width=\"444\" height=\"444\" src=\"https:\/\/freevpnplanet.com\/wp-content\/uploads\/2024\/07\/rvpn-no-spy.345c7111-20240701_151227_904235.svg\" class=\"attachment-full size-full\" alt=\"\" style=\"max-width:444px\" \/> -->\n                <\/figure>\n            <\/div>\n        \n            <\/div>\n<\/section>","protected":false},"excerpt":{"rendered":"","protected":false},"author":39,"featured_media":0,"parent":0,"menu_order":0,"comment_status":"closed","ping_status":"closed","template":"templates\/page_template-basic_for_gutenberg.php","meta":{"_acf_changed":false,"inline_featured_image":false,"footnotes":""},"download_by_lite_tag":[],"class_list":["post-101706","page","type-page","status-publish","hentry"],"yoast_head":"<!-- This site is optimized with the Yoast SEO plugin v22.6 - https:\/\/yoast.com\/wordpress\/plugins\/seo\/ -->\n<title>Zdarma VPN pro ochranu internetu - Chra\u0148te sv\u00e1 data online | Planet VPN<\/title>\n<meta name=\"description\" content=\"Chra\u0148te se p\u0159ed online \u0161pehov\u00e1n\u00edm. Skryjte sv\u00e9 online aktivity p\u0159ed nepovolan\u00fdmi osobami pomoc\u00ed spolehliv\u00e9 ochrany Planet VPN.\" \/>\n<meta name=\"robots\" content=\"index, follow, max-snippet:-1, max-image-preview:large, max-video-preview:-1\" \/>\n<link rel=\"canonical\" href=\"https:\/\/freevpnplanet.com\/cs\/data-protection-security\/\" \/>\n<meta property=\"og:locale\" content=\"en_US\" \/>\n<meta property=\"og:type\" content=\"article\" \/>\n<meta property=\"og:title\" content=\"Zdarma VPN pro ochranu internetu - Chra\u0148te sv\u00e1 data online | Planet VPN\" \/>\n<meta property=\"og:description\" content=\"Chra\u0148te se p\u0159ed online \u0161pehov\u00e1n\u00edm. Skryjte sv\u00e9 online aktivity p\u0159ed nepovolan\u00fdmi osobami pomoc\u00ed spolehliv\u00e9 ochrany Planet VPN.\" \/>\n<meta property=\"og:url\" content=\"https:\/\/freevpnplanet.com\/cs\/data-protection-security\/\" \/>\n<meta property=\"og:site_name\" content=\"Planet VPN\" \/>\n<meta property=\"article:modified_time\" content=\"2025-07-18T07:48:07+00:00\" \/>\n<meta name=\"twitter:card\" content=\"summary_large_image\" \/>\n<script type=\"application\/ld+json\" class=\"yoast-schema-graph\">{\"@context\":\"https:\/\/schema.org\",\"@graph\":[{\"@type\":\"WebPage\",\"@id\":\"https:\/\/freevpnplanet.com\/cs\/data-protection-security\/\",\"url\":\"https:\/\/freevpnplanet.com\/cs\/data-protection-security\/\",\"name\":\"Zdarma VPN pro ochranu internetu - Chra\u0148te sv\u00e1 data online | Planet VPN\",\"isPartOf\":{\"@id\":\"https:\/\/freevpnplanet.com\/cs\/#website\"},\"datePublished\":\"2024-06-28T14:47:49+00:00\",\"dateModified\":\"2025-07-18T07:48:07+00:00\",\"description\":\"Chra\u0148te se p\u0159ed online \u0161pehov\u00e1n\u00edm. Skryjte sv\u00e9 online aktivity p\u0159ed nepovolan\u00fdmi osobami pomoc\u00ed spolehliv\u00e9 ochrany Planet VPN.\",\"breadcrumb\":{\"@id\":\"https:\/\/freevpnplanet.com\/cs\/data-protection-security\/#breadcrumb\"},\"inLanguage\":\"cs\",\"potentialAction\":[{\"@type\":\"ReadAction\",\"target\":[\"https:\/\/freevpnplanet.com\/cs\/data-protection-security\/\"]}]},{\"@type\":\"BreadcrumbList\",\"@id\":\"https:\/\/freevpnplanet.com\/cs\/data-protection-security\/#breadcrumb\",\"itemListElement\":[{\"@type\":\"ListItem\",\"position\":1,\"name\":\"Home\",\"item\":\"https:\/\/freevpnplanet.com\/cs\/\"},{\"@type\":\"ListItem\",\"position\":2,\"name\":\"Data Protection Security\"}]},{\"@type\":\"WebSite\",\"@id\":\"https:\/\/freevpnplanet.com\/cs\/#website\",\"url\":\"https:\/\/freevpnplanet.com\/cs\/\",\"name\":\"Planet VPN \ud83d\udee1\ufe0f\ud83c\udf10 Free VPN\",\"description\":\"Free VPN\",\"potentialAction\":[{\"@type\":\"SearchAction\",\"target\":{\"@type\":\"EntryPoint\",\"urlTemplate\":\"https:\/\/freevpnplanet.com\/cs\/?s={search_term_string}\"},\"query-input\":\"required name=search_term_string\"}],\"inLanguage\":\"cs\",\"publisher\":{\"@id\":\"https:\/\/freevpnplanet.com\/cs\/#organization\"}},{\"@context\":\"https:\/\/schema.org\/\",\"@type\":\"SoftwareApplication\",\"name\":\"Planet VPN \ud83d\udee1\ufe0f\ud83c\udf10 Free VPN\",\"operatingSystem\":\"Windows, macOS, iOS, Android, Linux, Chrome\",\"applicationCategory\":\"SecurityApplication\",\"offers\":{\"@type\":\"AggregateOffer\",\"priceCurrency\":\"USD\",\"price\":\"0\",\"lowPrice\":\"0\",\"availability\":\"https:\/\/schema.org\/InStock\"},\"aggregateRating\":{\"@type\":\"AggregateRating\",\"ratingValue\":\"4.8\",\"bestRating\":\"5\",\"ratingCount\":\"12476\"}},{\"@type\":\"Organization\",\"@id\":\"https:\/\/freevpnplanet.com\/cs\/#organization\",\"url\":\"https:\/\/freevpnplanet.com\/cs\/\",\"name\":\"Planet VPN \ud83d\udee1\ufe0f\ud83c\udf10 Free VPN\"}]}<\/script>\n<!-- \/ Yoast SEO plugin. -->","yoast_head_json":{"title":"Zdarma VPN pro ochranu internetu - Chra\u0148te sv\u00e1 data online | Planet VPN","description":"Chra\u0148te se p\u0159ed online \u0161pehov\u00e1n\u00edm. Skryjte sv\u00e9 online aktivity p\u0159ed nepovolan\u00fdmi osobami pomoc\u00ed spolehliv\u00e9 ochrany Planet VPN.","robots":{"index":"index","follow":"follow","max-snippet":"max-snippet:-1","max-image-preview":"max-image-preview:large","max-video-preview":"max-video-preview:-1"},"canonical":"https:\/\/freevpnplanet.com\/cs\/data-protection-security\/","og_locale":"en_US","og_type":"article","og_title":"Zdarma VPN pro ochranu internetu - Chra\u0148te sv\u00e1 data online | Planet VPN","og_description":"Chra\u0148te se p\u0159ed online \u0161pehov\u00e1n\u00edm. Skryjte sv\u00e9 online aktivity p\u0159ed nepovolan\u00fdmi osobami pomoc\u00ed spolehliv\u00e9 ochrany Planet VPN.","og_url":"https:\/\/freevpnplanet.com\/cs\/data-protection-security\/","og_site_name":"Planet VPN","article_modified_time":"2025-07-18T07:48:07+00:00","twitter_card":"summary_large_image","schema":{"@context":"https:\/\/schema.org","@graph":[{"@type":"WebPage","@id":"https:\/\/freevpnplanet.com\/cs\/data-protection-security\/","url":"https:\/\/freevpnplanet.com\/cs\/data-protection-security\/","name":"Zdarma VPN pro ochranu internetu - Chra\u0148te sv\u00e1 data online | Planet VPN","isPartOf":{"@id":"https:\/\/freevpnplanet.com\/cs\/#website"},"datePublished":"2024-06-28T14:47:49+00:00","dateModified":"2025-07-18T07:48:07+00:00","description":"Chra\u0148te se p\u0159ed online \u0161pehov\u00e1n\u00edm. Skryjte sv\u00e9 online aktivity p\u0159ed nepovolan\u00fdmi osobami pomoc\u00ed spolehliv\u00e9 ochrany Planet VPN.","breadcrumb":{"@id":"https:\/\/freevpnplanet.com\/cs\/data-protection-security\/#breadcrumb"},"inLanguage":"cs","potentialAction":[{"@type":"ReadAction","target":["https:\/\/freevpnplanet.com\/cs\/data-protection-security\/"]}]},{"@type":"BreadcrumbList","@id":"https:\/\/freevpnplanet.com\/cs\/data-protection-security\/#breadcrumb","itemListElement":[{"@type":"ListItem","position":1,"name":"Home","item":"https:\/\/freevpnplanet.com\/cs\/"},{"@type":"ListItem","position":2,"name":"Data Protection Security"}]},{"@type":"WebSite","@id":"https:\/\/freevpnplanet.com\/cs\/#website","url":"https:\/\/freevpnplanet.com\/cs\/","name":"Planet VPN \ud83d\udee1\ufe0f\ud83c\udf10 Free VPN","description":"Free VPN","potentialAction":[{"@type":"SearchAction","target":{"@type":"EntryPoint","urlTemplate":"https:\/\/freevpnplanet.com\/cs\/?s={search_term_string}"},"query-input":"required name=search_term_string"}],"inLanguage":"cs","publisher":{"@id":"https:\/\/freevpnplanet.com\/cs\/#organization"}},{"@context":"https:\/\/schema.org\/","@type":"SoftwareApplication","name":"Planet VPN \ud83d\udee1\ufe0f\ud83c\udf10 Free VPN","operatingSystem":"Windows, macOS, iOS, Android, Linux, Chrome","applicationCategory":"SecurityApplication","offers":{"@type":"AggregateOffer","priceCurrency":"USD","price":"0","lowPrice":"0","availability":"https:\/\/schema.org\/InStock"},"aggregateRating":{"@type":"AggregateRating","ratingValue":"4.8","bestRating":"5","ratingCount":"12476"}},{"@type":"Organization","@id":"https:\/\/freevpnplanet.com\/cs\/#organization","url":"https:\/\/freevpnplanet.com\/cs\/","name":"Planet VPN \ud83d\udee1\ufe0f\ud83c\udf10 Free VPN"}]}},"acf":[],"_links":{"self":[{"href":"https:\/\/freevpnplanet.com\/cs\/wp-json\/wp\/v2\/pages\/101706","targetHints":{"allow":["GET"]}}],"collection":[{"href":"https:\/\/freevpnplanet.com\/cs\/wp-json\/wp\/v2\/pages"}],"about":[{"href":"https:\/\/freevpnplanet.com\/cs\/wp-json\/wp\/v2\/types\/page"}],"author":[{"embeddable":true,"href":"https:\/\/freevpnplanet.com\/cs\/wp-json\/wp\/v2\/users\/39"}],"replies":[{"embeddable":true,"href":"https:\/\/freevpnplanet.com\/cs\/wp-json\/wp\/v2\/comments?post=101706"}],"version-history":[{"count":6,"href":"https:\/\/freevpnplanet.com\/cs\/wp-json\/wp\/v2\/pages\/101706\/revisions"}],"predecessor-version":[{"id":171383,"href":"https:\/\/freevpnplanet.com\/cs\/wp-json\/wp\/v2\/pages\/101706\/revisions\/171383"}],"wp:attachment":[{"href":"https:\/\/freevpnplanet.com\/cs\/wp-json\/wp\/v2\/media?parent=101706"}],"wp:term":[{"taxonomy":"download_by_lite_tag","embeddable":true,"href":"https:\/\/freevpnplanet.com\/cs\/wp-json\/wp\/v2\/download_by_lite_tag?post=101706"}],"curies":[{"name":"wp","href":"https:\/\/api.w.org\/{rel}","templated":true}]}}