{"id":101815,"date":"2024-07-04T14:07:25","date_gmt":"2024-07-04T11:07:25","guid":{"rendered":"https:\/\/help.freeplanetvpn.com\/anonymous-browsing\/"},"modified":"2025-07-18T11:07:05","modified_gmt":"2025-07-18T08:07:05","slug":"anonymous-browsing","status":"publish","type":"page","link":"https:\/\/freevpnplanet.com\/cs\/anonymous-browsing\/","title":{"rendered":"Anonymous Browsing"},"content":{"rendered":"\n<div class=\"wp-block-group alignfull has-background is-layout-constrained wp-block-group-is-layout-constrained\" style=\"background:linear-gradient(135deg,rgb(16,33,84) 0%,rgb(3,7,17) 100%)\">\n<section class=\"image-text custom-block align-full bg-circle anonymous-browsing__banner  mobile-image-bottom mobile-title-center  header-size-medium text-size-small   content-left\" style='overflow: hidden;;--background-color:var(--none); --text-color:var(--white);--min-height-mobile:400px;--min-height-desktop:676px;--content-width:50%'>\n\n    <div class=\"gutenberg-block-background\"><img decoding=\"async\" width=\"1366\" height=\"684\" src=\"https:\/\/freevpnplanet.com\/wp-content\/uploads\/2024\/07\/rvpn-rays.d1295b71-20240714_163037_604254.svg\" class=\"gutenberg-block-background__image-desktop background-image\" alt=\"bg-image-desktop\" title=\"bg-image-desktop\" \/><\/div>\n    <div class=\"image-text__inner inner-container\">\n\n        \n                    <div class=\"image-text__content\">\n\n                <h1>Anonymn\u00ed surfov\u00e1n\u00ed a prohl\u00ed\u017een\u00ed internetu pomoc\u00ed bezplatn\u00e9 VPN<\/h1>\n\n\n\n<p>Proch\u00e1zejte webov\u00e9 str\u00e1nky anonymn\u011b s Planet VPN. D\u00edky Planet VPN nelze va\u0161e akce na internetu vysledovat a va\u0161e soukrom\u00ed je chr\u00e1n\u011bno!<\/p>\n                                    <div class=\"image-text__cta\">\n                        <a href=\"\/cs\/plans\/\" target=\"_self\" id=\"qa-hero-cta-btn\" class=\"cta download-by-platform cta--with-border cta-size--small cta-mt--initial icon-position--icon-left\" style=\"--border-radius:40px\"><span class=\"cta__name\">St\u00e1hnout zdarma<\/span><\/a>                    <\/div>\n                \n            <\/div>\n        \n                    <div class=\"bg-image-wrapper bg-image-wrapper--desktop custom image-align--right\">\n                <figure style='--image-max-width:1293px;--image-opacity:1.00;width: calc(100% - 20px);left:5%;top:53%'>\n                    <img decoding=\"async\" width=\"1293\" height=\"636\" src=\"https:\/\/freevpnplanet.com\/wp-content\/uploads\/2024\/07\/rvpn-illustration.7b55dbd1-20240704_160606_363858.svg\" class=\"bg-image\" alt=\"Background Image for Desktop\" \/>                <\/figure>\n            <\/div>\n        \n                    <div class=\"bg-image-wrapper bg-image-wrapper--mobile regular-image\">\n                <figure style='width: 150%;max-width: 570px;opacity: 1.00;margin-top: 24px'>\n                    <img decoding=\"async\" width=\"1293\" height=\"636\" src=\"https:\/\/freevpnplanet.com\/wp-content\/uploads\/2024\/07\/rvpn-illustration.7b55dbd1-20240704_160606_363858.svg\" class=\"bg-image\" alt=\"Background Image for Mobile\" \/>                <\/figure>\n            <\/div>\n            <\/div>\n<\/section><\/div>\n\n\n\n<section class=\"image-text-static-image custom-block align-none  mobile-image-bottom   header-size-small text-size-small  \" style=''>\n\n    <div class=\"gutenberg-block-background\"><\/div>\n    <div class=\"image-text-static-image__inner inner-container\">\n                    <div class=\"image-text-static-image__content content-right\" style='--content-width: 50%'>\n                                    <div class=\"image-text-static-image__title\">\n                        <h2 >Pro\u010d pot\u0159ebujeme p\u0159i surfov\u00e1n\u00ed na internetu anonymitu?<\/h2>                    <\/div>\n                \n                <p>P\u0159edpokl\u00e1dejme, \u017ee se rozhodnete n\u011bco koupit v internetov\u00e9m obchod\u011b a zad\u00e1te \u00fadaje o sv\u00e9 kreditn\u00ed\/debetn\u00ed kart\u011b, poskytovatel i kybernetick\u00fd \u00fato\u010dn\u00edk mohou va\u0161e \u00fadaje snadno zachytit a pou\u017e\u00edt pro sv\u00e9 vlastn\u00ed \u00fa\u010dely. Tot\u00e9\u017e plat\u00ed p\u0159i vypl\u0148ov\u00e1n\u00ed jak\u00fdchkoli formul\u00e1\u0159\u016f s osobn\u00edmi \u00fadaji.<\/p>\n<p>Dokonce i jednoduch\u00e9 online zpr\u00e1vy na seznamk\u00e1ch nebo soci\u00e1ln\u00edch s\u00edt\u00edch mohou b\u00fdt zve\u0159ejn\u011bny, pokud spojen\u00ed mezi v\u00e1mi a webovou slu\u017ebou nen\u00ed bezpe\u010dn\u011b \u0161ifrov\u00e1no.<\/p>\n                                    <div class=\"image-text-static-image__cta\">\n                                                    <a href=\"\/cs\/plans\/\" target=\"_self\" id=\"qa-cta-btn-why\" class=\"cta download-by-platform cta--with-border cta-size--small cta-mt--initial icon-position--icon-left\" style=\"--border-radius:40px\"><span class=\"cta__name\">St\u00e1hnout zdarma<\/span><\/a>                                            <\/div>\n                \n                \n\n            <\/div>\n        \n                    <div class=\"bg-image-wrapper bg-image-wrapper--desktop  left image-align--center\" style='--image-max-width: 50%'>\n                <figure>\n                    <img width=\"436\" height=\"449\" src=\"https:\/\/freevpnplanet.com\/wp-content\/uploads\/2024\/07\/rvpn-anon.610c0fb1-20240704_161721_585357.svg\" class=\"attachment-full size-full\" alt=\"\" loading=\"lazy\" decoding=\"sync\" fetchpriority=\"low\" style=\"max-width:436px\" sizes=\"auto, (max-width: 436px) 100vw, 436px\" aria-hidden=\"true\" \/>                    <!-- <img decoding=\"async\" width=\"436\" height=\"449\" src=\"https:\/\/freevpnplanet.com\/wp-content\/uploads\/2024\/07\/rvpn-anon.610c0fb1-20240704_161721_585357.svg\" class=\"attachment-full size-full\" alt=\"\" style=\"max-width:436px\" \/> -->\n                <\/figure>\n            <\/div>\n        \n            <\/div>\n<\/section>\n\n\n<div class=\"wp-block-group alignfull has-background is-layout-constrained wp-block-group-is-layout-constrained\" style=\"background-color:#2f77d4\">\n<section class=\"image-text custom-block align-full   mobile-image-bottom mobile-title-center  header-size-medium text-size-small   content-left\" style='overflow: hidden;;--background-color:var(--none); --text-color:var(--white);--min-height-mobile:400px;--min-height-desktop:650px;--content-width:52%'>\n\n    <div class=\"gutenberg-block-background\"><\/div>\n    <div class=\"image-text__inner inner-container\">\n\n        \n                    <div class=\"image-text__content\">\n\n                <h2><span data-sheets-root=\"1\">Planet VPN &#8211; nejlep\u0161\u00ed anonymn\u00ed slu\u017eba VPN<\/span><\/h2>\n\n\n<p>Vytvo\u0159ili jsme pokro\u010dilou slu\u017ebu VPN s rychl\u00fdmi servery a siln\u00fdm \u0161ifrov\u00e1n\u00edm dat. Mnoho na\u0161ich server\u016f se nach\u00e1z\u00ed v r\u016fzn\u00fdch zem\u00edch sv\u011bta. Rychl\u00e9, \u0161irok\u00e9 kan\u00e1ly a \u00fapln\u00e1 absence zaznamen\u00e1v\u00e1n\u00ed informac\u00ed. Stejn\u011b jako anonymita plateb &#8211; to je to, co odli\u0161uje Planet VPN od v\u0161ech ostatn\u00edch konkurent\u016f.<br \/>Nikdy nijak neregistrujeme v\u00e1\u0161 internetov\u00fd provoz, co\u017e znemo\u017e\u0148uje va\u0161i identifikaci podle IP adresy nebo \u010dasov\u00e9ho raz\u00edtka.<\/p>\n<p>Planet VPN va\u0161e \u00fadaje s nik\u00fdm nesd\u00edl\u00ed. Proto\u017ee nav\u00edc neukl\u00e1d\u00e1me \u017e\u00e1dn\u00e1 data ani logy, nikdo se k va\u0161im \u00fadaj\u016fm nedostane.<\/p>\n                                    <div class=\"image-text__cta\">\n                        <a href=\"\/cs\/download\/\" target=\"\" id=\"qa-cta-does-vpn-btn\" class=\"cta cta-size--small cta-mt--initial icon-position--icon-left\" style=\"--border-radius:25px;--border-width:3px;--button-width:320px\"><span class=\"cta__name\">St\u00e1hnout zdarma<\/span><\/a>                    <\/div>\n                \n            <\/div>\n        \n                    <div class=\"bg-image-wrapper bg-image-wrapper--desktop custom image-align--left\">\n                <figure style='--image-max-width:1500px;--image-opacity:1.00;width: calc(70% - 20px);left:42%;top:50%'>\n                    <img decoding=\"async\" width=\"1140\" height=\"1140\" src=\"https:\/\/freevpnplanet.com\/wp-content\/uploads\/2024\/05\/rvpn-rvpn-map-20240410-114426-568830-20240507_185226_366905.png\" class=\"bg-image\" alt=\"Background Image for Desktop\" \/>                <\/figure>\n            <\/div>\n        \n                    <div class=\"bg-image-wrapper bg-image-wrapper--mobile background-image\">\n                <figure style='width: 140%;max-width: 1000px;opacity: 0.20;margin-top: 24px'>\n                    <img decoding=\"async\" width=\"1140\" height=\"1140\" src=\"https:\/\/freevpnplanet.com\/wp-content\/uploads\/2024\/05\/rvpn-rvpn-map-20240410-114426-568830-20240507_185226_366905.png\" class=\"bg-image\" alt=\"Background Image for Mobile\" \/>                <\/figure>\n            <\/div>\n            <\/div>\n<\/section><\/div>\n\n\n\n<div class=\"wp-block-group alignfull has-background-blue-background-color has-background is-content-justification-center is-nowrap is-layout-flex wp-container-core-group-is-layout-3 wp-block-group-is-layout-flex\">\n<div class=\"wp-block-columns wp-container-content-1 is-layout-flex wp-container-core-columns-is-layout-1 wp-block-columns-is-layout-flex row-gap--20 stack-breakpoint--768\">\n<div class=\"wp-block-column is-layout-flow wp-block-column-is-layout-flow\">\n<section class=\"advanced-steps custom-block align-none  align-desktop-left align-mobile-left font-normal three-columns title-small image-shadow\" style='--background-color:var(--dark-blue-8)'>\n\n    <div class=\"gutenberg-block-background\"><\/div>\n    <div class=\"advanced-steps__container inner-container\">\n                    <div class=\"advanced-steps__intro\">\n                <h2 style=\"text-align: center;\">Jak mohu za\u010d\u00edt anonymn\u011b prohl\u00ed\u017eet webov\u00e9 str\u00e1nky?<\/h2>            <\/div>\n        \n        <ul class=\"advanced-steps__list advanced-steps__list--download-steps\" style='--columns-gap:50px'>\n                            <li style='--max-width:px'>\n                                            <h2 class=\"step-title\">1. St\u00e1hnout<\/h2>\n                    \n                                            <div class=\"image-wrapper\">\n                            <img decoding=\"async\" width=\"219\" height=\"170\" src=\"https:\/\/freevpnplanet.com\/wp-content\/uploads\/2024\/05\/rvpn-download.df91dd21-20240524_114147_333777.svg\" class=\"attachment-full size-full\" alt=\"Step 1\" \/>                        <\/div>\n\n                                                    <p><a href=\"https:\/\/freevpnplanet.com\/cs\/download\/\" id=\"qa-advanced-step-content-link\"><span data-sheets-root=\"1\">St\u00e1hnout <\/span><\/a><span data-sheets-root=\"1\">si a nainstalujte aplikaci do sv\u00e9ho za\u0159\u00edzen\u00ed.<\/span><\/p>                                                            <\/li>\n                                <li style='--max-width:px'>\n                                            <h2 class=\"step-title\">2. P\u0159ipojte se<\/h2>\n                    \n                                            <div class=\"image-wrapper\">\n                            <img decoding=\"async\" width=\"220\" height=\"171\" src=\"https:\/\/freevpnplanet.com\/wp-content\/uploads\/2024\/05\/rvpn-login.60a645a1-20240524_114327_062578.svg\" class=\"attachment-full size-full\" alt=\"Step 1\" \/>                        <\/div>\n\n                                                    <p><span data-sheets-root=\"1\">P\u0159ipojte se k jednomu z na\u0161ich server\u016f.<\/span><\/p>                                                            <\/li>\n                                <li style='--max-width:px'>\n                                            <h2 class=\"step-title\">3. Nav\u0161tivte<\/h2>\n                    \n                                            <div class=\"image-wrapper\">\n                            <img decoding=\"async\" width=\"219\" height=\"170\" src=\"https:\/\/freevpnplanet.com\/wp-content\/uploads\/2024\/05\/rvpn-connect.12ef9ce1-20240524_114733_838401.svg\" class=\"attachment-full size-full\" alt=\"Step 3\" \/>                        <\/div>\n\n                                                    <p><span data-sheets-root=\"1\">Nav\u0161tivte libovolnou webovou str\u00e1nku bez omezen\u00ed<\/span><\/p>                                                            <\/li>\n                        <\/ul>\n\n                    <div class=\"advanced-steps__cta\">\n                <a href=\"\/cs\/plans\/\" target=\"_self\" id=\"qa-steps-btn-cta\" class=\"cta download-by-platform cta--with-border cta-size--small cta-mt--initial icon-position--icon-left\" style=\"--border-radius:40px\"><span class=\"cta__name\">St\u00e1hnout zdarma<\/span><\/a>            <\/div>\n        \n        \n        \n\n    <\/div>\n<\/section>\n<\/div>\n<\/div>\n<\/div>\n\n\n\n<section class=\"wrapper custom-block align-none    \" style=''>\n\n    <div class=\"gutenberg-block-background\"><\/div>\n    <div class=\"wrapper__inner inner-container\">\n        \n\n<section class=\"image-text-static-image custom-block align-none  mobile-image-bottom   header-size-small text-size-small  pb-0--desktop\" style=''>\n\n    <div class=\"gutenberg-block-background\"><\/div>\n    <div class=\"image-text-static-image__inner inner-container\">\n                    <div class=\"image-text-static-image__content content-right\" style='--content-width: 50%'>\n                                    <div class=\"image-text-static-image__title\">\n                        <h2 >Chra\u0148te osobn\u00ed \u00fadaje p\u0159ed ne\u017e\u00e1douc\u00edmi vet\u0159elci<\/h2>                    <\/div>\n                \n                <p>Pokud nepou\u017e\u00edv\u00e1te s\u00ed\u0165 VPN, je velmi snadn\u00e9 sledovat a zachyt\u00e1vat va\u0161e data. Poskytovatel\u00e9 internetov\u00e9ho p\u0159ipojen\u00ed sleduj\u00ed a zaznamen\u00e1vaj\u00ed va\u0161e akce a tyto informace sd\u00edlej\u00ed s dal\u0161\u00edmi organizacemi.<\/p>\n<p>Tyto organizace pou\u017e\u00edvaj\u00ed va\u0161e \u00fadaje k omezen\u00ed p\u0159\u00edstupu k ur\u010dit\u00e9mu obsahu a na z\u00e1klad\u011b anal\u00fdzy mohou vykazovat nadsazen\u00e9 ceny. Nemluv\u011b o zranitelnosti v\u016f\u010di kybernetick\u00e9 kriminalit\u011b a sledov\u00e1n\u00ed, zejm\u00e9na p\u0159i p\u0159ipojen\u00ed k ve\u0159ejn\u00fdm s\u00edt\u00edm Wi-Fi.<\/p>\n<p>Pomoc\u00ed Planet VPN m\u016f\u017eete na internetu surfovat anonymn\u011b a nedovolit nikomu, aby zasahoval do va\u0161ich osobn\u00edch z\u00e1le\u017eitost\u00ed.<\/p>\n                \n                \n\n            <\/div>\n        \n                    <div class=\"bg-image-wrapper bg-image-wrapper--desktop  left image-align--center\" style='--image-max-width: 50%'>\n                <figure>\n                    <img width=\"491\" height=\"436\" src=\"https:\/\/freevpnplanet.com\/wp-content\/uploads\/2024\/07\/rvpn-prot.d6581c71-20240704_192646_132779.svg\" class=\"attachment-full size-full\" alt=\"\" loading=\"lazy\" decoding=\"sync\" fetchpriority=\"low\" style=\"max-width:491px\" sizes=\"auto, (max-width: 491px) 100vw, 491px\" aria-hidden=\"true\" \/>                    <!-- <img decoding=\"async\" width=\"491\" height=\"436\" src=\"https:\/\/freevpnplanet.com\/wp-content\/uploads\/2024\/07\/rvpn-prot.d6581c71-20240704_192646_132779.svg\" class=\"attachment-full size-full\" alt=\"\" style=\"max-width:491px\" \/> -->\n                <\/figure>\n            <\/div>\n        \n            <\/div>\n<\/section>\n\n\n<section class=\"image-text-static-image custom-block align-none  mobile-image-bottom   header-size-small text-size-small  \" style=''>\n\n    <div class=\"gutenberg-block-background\"><\/div>\n    <div class=\"image-text-static-image__inner inner-container\">\n                    <div class=\"image-text-static-image__content content-left\" style='--content-width: 52%'>\n                                    <div class=\"image-text-static-image__title\">\n                        <h2 >Skryjte svou polohu a proch\u00e1zejte webov\u00e9 str\u00e1nky anonymn\u011b.<\/h2>                    <\/div>\n                \n                <p>Velk\u00e9 i mal\u00e9 spole\u010dnosti vynakl\u00e1daj\u00ed obrovsk\u00e9 \u010d\u00e1stky na to, aby zajistily, \u017ee jejich s\u00ed\u0165ov\u00e9 prost\u0159edky a internetov\u00e9 p\u0159ipojen\u00ed budou vyu\u017e\u00edv\u00e1ny k ur\u010den\u00e9mu \u00fa\u010delu.<\/p>\n<p>Firmy si naj\u00edmaj\u00ed ty nejlep\u0161\u00ed IT odborn\u00edky, ale i technicky nezasv\u011bcen\u00fd u\u017eivatel m\u016f\u017ee nyn\u00ed obej\u00edt z\u00e1sady firewallu Planet VPN, skr\u00fdt svou polohu a z\u00edskat anonymn\u00ed p\u0159\u00edstup k internetu a blokovan\u00fdm webov\u00fdm str\u00e1nk\u00e1m.<\/p>\n                \n                \n\n            <\/div>\n        \n                    <div class=\"bg-image-wrapper bg-image-wrapper--desktop  right image-align--center\" style='--image-max-width: 48%'>\n                <figure>\n                    <img width=\"436\" height=\"449\" src=\"https:\/\/freevpnplanet.com\/wp-content\/uploads\/2024\/07\/rvpn-anon.610c0fb1-20240704_161721_585357.svg\" class=\"attachment-full size-full\" alt=\"\" loading=\"lazy\" decoding=\"sync\" fetchpriority=\"low\" style=\"max-width:436px\" sizes=\"auto, (max-width: 436px) 100vw, 436px\" aria-hidden=\"true\" \/>                    <!-- <img decoding=\"async\" width=\"436\" height=\"449\" src=\"https:\/\/freevpnplanet.com\/wp-content\/uploads\/2024\/07\/rvpn-anon.610c0fb1-20240704_161721_585357.svg\" class=\"attachment-full size-full\" alt=\"\" style=\"max-width:436px\" \/> -->\n                <\/figure>\n            <\/div>\n        \n            <\/div>\n<\/section>\n\n\n<div class=\"buttons custom-block align-center \">\n                        <a href=\"\/cs\/plans\/\" target=\"_self\" id=\"qa-btn-why-bottom-cta\" class=\"cta download-by-platform cta--with-border cta-size--small cta-mt--initial icon-position--icon-left\" style=\"--border-radius:40px\"><span class=\"cta__name\">St\u00e1hnout zdarma<\/span><\/a>            <\/div>\n\n    <\/div>\n\n<\/section>","protected":false},"excerpt":{"rendered":"","protected":false},"author":39,"featured_media":0,"parent":0,"menu_order":0,"comment_status":"closed","ping_status":"closed","template":"templates\/page_template-basic_for_gutenberg.php","meta":{"_acf_changed":false,"inline_featured_image":false,"footnotes":""},"download_by_lite_tag":[],"class_list":["post-101815","page","type-page","status-publish","hentry"],"yoast_head":"<!-- This site is optimized with the Yoast SEO plugin v22.6 - https:\/\/yoast.com\/wordpress\/plugins\/seo\/ -->\n<title>Zdarma VPN pro anonymn\u00ed prohl\u00ed\u017een\u00ed a surfov\u00e1n\u00ed | Planet VPN<\/title>\n<meta name=\"description\" content=\"Bezpe\u010dn\u011b \u0161ifrujte provoz a skryjte svou skute\u010dnou IP adresu pomoc\u00ed VPN. Skryj svou online aktivitu s Planet VPN.\" \/>\n<meta name=\"robots\" content=\"index, follow, max-snippet:-1, max-image-preview:large, max-video-preview:-1\" \/>\n<link rel=\"canonical\" href=\"https:\/\/freevpnplanet.com\/cs\/anonymous-browsing\/\" \/>\n<meta property=\"og:locale\" content=\"en_US\" \/>\n<meta property=\"og:type\" content=\"article\" \/>\n<meta property=\"og:title\" content=\"Zdarma VPN pro anonymn\u00ed prohl\u00ed\u017een\u00ed a surfov\u00e1n\u00ed | Planet VPN\" \/>\n<meta property=\"og:description\" content=\"Bezpe\u010dn\u011b \u0161ifrujte provoz a skryjte svou skute\u010dnou IP adresu pomoc\u00ed VPN. Skryj svou online aktivitu s Planet VPN.\" \/>\n<meta property=\"og:url\" content=\"https:\/\/freevpnplanet.com\/cs\/anonymous-browsing\/\" \/>\n<meta property=\"og:site_name\" content=\"Planet VPN\" \/>\n<meta property=\"article:modified_time\" content=\"2025-07-18T08:07:05+00:00\" \/>\n<meta name=\"twitter:card\" content=\"summary_large_image\" \/>\n<script type=\"application\/ld+json\" class=\"yoast-schema-graph\">{\"@context\":\"https:\/\/schema.org\",\"@graph\":[{\"@type\":\"WebPage\",\"@id\":\"https:\/\/freevpnplanet.com\/cs\/anonymous-browsing\/\",\"url\":\"https:\/\/freevpnplanet.com\/cs\/anonymous-browsing\/\",\"name\":\"Zdarma VPN pro anonymn\u00ed prohl\u00ed\u017een\u00ed a surfov\u00e1n\u00ed | Planet VPN\",\"isPartOf\":{\"@id\":\"https:\/\/freevpnplanet.com\/cs\/#website\"},\"datePublished\":\"2024-07-04T11:07:25+00:00\",\"dateModified\":\"2025-07-18T08:07:05+00:00\",\"description\":\"Bezpe\u010dn\u011b \u0161ifrujte provoz a skryjte svou skute\u010dnou IP adresu pomoc\u00ed VPN. Skryj svou online aktivitu s Planet VPN.\",\"breadcrumb\":{\"@id\":\"https:\/\/freevpnplanet.com\/cs\/anonymous-browsing\/#breadcrumb\"},\"inLanguage\":\"cs\",\"potentialAction\":[{\"@type\":\"ReadAction\",\"target\":[\"https:\/\/freevpnplanet.com\/cs\/anonymous-browsing\/\"]}]},{\"@type\":\"BreadcrumbList\",\"@id\":\"https:\/\/freevpnplanet.com\/cs\/anonymous-browsing\/#breadcrumb\",\"itemListElement\":[{\"@type\":\"ListItem\",\"position\":1,\"name\":\"Home\",\"item\":\"https:\/\/freevpnplanet.com\/cs\/\"},{\"@type\":\"ListItem\",\"position\":2,\"name\":\"Anonymous Browsing\"}]},{\"@type\":\"WebSite\",\"@id\":\"https:\/\/freevpnplanet.com\/cs\/#website\",\"url\":\"https:\/\/freevpnplanet.com\/cs\/\",\"name\":\"Planet VPN \ud83d\udee1\ufe0f\ud83c\udf10 Free VPN\",\"description\":\"Free VPN\",\"potentialAction\":[{\"@type\":\"SearchAction\",\"target\":{\"@type\":\"EntryPoint\",\"urlTemplate\":\"https:\/\/freevpnplanet.com\/cs\/?s={search_term_string}\"},\"query-input\":\"required name=search_term_string\"}],\"inLanguage\":\"cs\",\"publisher\":{\"@id\":\"https:\/\/freevpnplanet.com\/cs\/#organization\"}},{\"@context\":\"https:\/\/schema.org\/\",\"@type\":\"SoftwareApplication\",\"name\":\"Planet VPN \ud83d\udee1\ufe0f\ud83c\udf10 Free VPN\",\"operatingSystem\":\"Windows, macOS, iOS, Android, Linux, Chrome\",\"applicationCategory\":\"SecurityApplication\",\"offers\":{\"@type\":\"AggregateOffer\",\"priceCurrency\":\"USD\",\"price\":\"0\",\"lowPrice\":\"0\",\"availability\":\"https:\/\/schema.org\/InStock\"},\"aggregateRating\":{\"@type\":\"AggregateRating\",\"ratingValue\":\"4.8\",\"bestRating\":\"5\",\"ratingCount\":\"12476\"}},{\"@type\":\"Organization\",\"@id\":\"https:\/\/freevpnplanet.com\/cs\/#organization\",\"url\":\"https:\/\/freevpnplanet.com\/cs\/\",\"name\":\"Planet VPN \ud83d\udee1\ufe0f\ud83c\udf10 Free VPN\"}]}<\/script>\n<!-- \/ Yoast SEO plugin. -->","yoast_head_json":{"title":"Zdarma VPN pro anonymn\u00ed prohl\u00ed\u017een\u00ed a surfov\u00e1n\u00ed | Planet VPN","description":"Bezpe\u010dn\u011b \u0161ifrujte provoz a skryjte svou skute\u010dnou IP adresu pomoc\u00ed VPN. Skryj svou online aktivitu s Planet VPN.","robots":{"index":"index","follow":"follow","max-snippet":"max-snippet:-1","max-image-preview":"max-image-preview:large","max-video-preview":"max-video-preview:-1"},"canonical":"https:\/\/freevpnplanet.com\/cs\/anonymous-browsing\/","og_locale":"en_US","og_type":"article","og_title":"Zdarma VPN pro anonymn\u00ed prohl\u00ed\u017een\u00ed a surfov\u00e1n\u00ed | Planet VPN","og_description":"Bezpe\u010dn\u011b \u0161ifrujte provoz a skryjte svou skute\u010dnou IP adresu pomoc\u00ed VPN. Skryj svou online aktivitu s Planet VPN.","og_url":"https:\/\/freevpnplanet.com\/cs\/anonymous-browsing\/","og_site_name":"Planet VPN","article_modified_time":"2025-07-18T08:07:05+00:00","twitter_card":"summary_large_image","schema":{"@context":"https:\/\/schema.org","@graph":[{"@type":"WebPage","@id":"https:\/\/freevpnplanet.com\/cs\/anonymous-browsing\/","url":"https:\/\/freevpnplanet.com\/cs\/anonymous-browsing\/","name":"Zdarma VPN pro anonymn\u00ed prohl\u00ed\u017een\u00ed a surfov\u00e1n\u00ed | Planet VPN","isPartOf":{"@id":"https:\/\/freevpnplanet.com\/cs\/#website"},"datePublished":"2024-07-04T11:07:25+00:00","dateModified":"2025-07-18T08:07:05+00:00","description":"Bezpe\u010dn\u011b \u0161ifrujte provoz a skryjte svou skute\u010dnou IP adresu pomoc\u00ed VPN. Skryj svou online aktivitu s Planet VPN.","breadcrumb":{"@id":"https:\/\/freevpnplanet.com\/cs\/anonymous-browsing\/#breadcrumb"},"inLanguage":"cs","potentialAction":[{"@type":"ReadAction","target":["https:\/\/freevpnplanet.com\/cs\/anonymous-browsing\/"]}]},{"@type":"BreadcrumbList","@id":"https:\/\/freevpnplanet.com\/cs\/anonymous-browsing\/#breadcrumb","itemListElement":[{"@type":"ListItem","position":1,"name":"Home","item":"https:\/\/freevpnplanet.com\/cs\/"},{"@type":"ListItem","position":2,"name":"Anonymous Browsing"}]},{"@type":"WebSite","@id":"https:\/\/freevpnplanet.com\/cs\/#website","url":"https:\/\/freevpnplanet.com\/cs\/","name":"Planet VPN \ud83d\udee1\ufe0f\ud83c\udf10 Free VPN","description":"Free VPN","potentialAction":[{"@type":"SearchAction","target":{"@type":"EntryPoint","urlTemplate":"https:\/\/freevpnplanet.com\/cs\/?s={search_term_string}"},"query-input":"required name=search_term_string"}],"inLanguage":"cs","publisher":{"@id":"https:\/\/freevpnplanet.com\/cs\/#organization"}},{"@context":"https:\/\/schema.org\/","@type":"SoftwareApplication","name":"Planet VPN \ud83d\udee1\ufe0f\ud83c\udf10 Free VPN","operatingSystem":"Windows, macOS, iOS, Android, Linux, Chrome","applicationCategory":"SecurityApplication","offers":{"@type":"AggregateOffer","priceCurrency":"USD","price":"0","lowPrice":"0","availability":"https:\/\/schema.org\/InStock"},"aggregateRating":{"@type":"AggregateRating","ratingValue":"4.8","bestRating":"5","ratingCount":"12476"}},{"@type":"Organization","@id":"https:\/\/freevpnplanet.com\/cs\/#organization","url":"https:\/\/freevpnplanet.com\/cs\/","name":"Planet VPN \ud83d\udee1\ufe0f\ud83c\udf10 Free VPN"}]}},"acf":[],"_links":{"self":[{"href":"https:\/\/freevpnplanet.com\/cs\/wp-json\/wp\/v2\/pages\/101815","targetHints":{"allow":["GET"]}}],"collection":[{"href":"https:\/\/freevpnplanet.com\/cs\/wp-json\/wp\/v2\/pages"}],"about":[{"href":"https:\/\/freevpnplanet.com\/cs\/wp-json\/wp\/v2\/types\/page"}],"author":[{"embeddable":true,"href":"https:\/\/freevpnplanet.com\/cs\/wp-json\/wp\/v2\/users\/39"}],"replies":[{"embeddable":true,"href":"https:\/\/freevpnplanet.com\/cs\/wp-json\/wp\/v2\/comments?post=101815"}],"version-history":[{"count":11,"href":"https:\/\/freevpnplanet.com\/cs\/wp-json\/wp\/v2\/pages\/101815\/revisions"}],"predecessor-version":[{"id":171402,"href":"https:\/\/freevpnplanet.com\/cs\/wp-json\/wp\/v2\/pages\/101815\/revisions\/171402"}],"wp:attachment":[{"href":"https:\/\/freevpnplanet.com\/cs\/wp-json\/wp\/v2\/media?parent=101815"}],"wp:term":[{"taxonomy":"download_by_lite_tag","embeddable":true,"href":"https:\/\/freevpnplanet.com\/cs\/wp-json\/wp\/v2\/download_by_lite_tag?post=101815"}],"curies":[{"name":"wp","href":"https:\/\/api.w.org\/{rel}","templated":true}]}}