{"id":102361,"date":"2024-07-01T18:45:04","date_gmt":"2024-07-01T15:45:04","guid":{"rendered":"https:\/\/help.freeplanetvpn.com\/encryption-of-internet-connection\/"},"modified":"2025-07-18T11:54:05","modified_gmt":"2025-07-18T08:54:05","slug":"encryption-of-internet-connection","status":"publish","type":"page","link":"https:\/\/freevpnplanet.com\/cs\/encryption-of-internet-connection\/","title":{"rendered":"Encryption of internet connection"},"content":{"rendered":"\n<section class=\"image-text-static-image custom-block align-none  mobile-image-bottom   header-size-small text-size-small  \" style='--background-color:var(--dark-blue-0); --text-color:var(--white)'>\n\n    <div class=\"gutenberg-block-background\"><\/div>\n    <div class=\"image-text-static-image__inner inner-container\">\n                    <div class=\"image-text-static-image__content content-left\" style='--content-width: 50%'>\n                                    <div class=\"image-text-static-image__title\">\n                        <h1 >\u0160ifrov\u00e1n\u00ed a zabezpe\u010den\u00ed dat pomoc\u00ed bezplatn\u00e9 VPN<\/h1>                    <\/div>\n                \n                <p>Planet VPN nejen skr\u00fdv\u00e1 va\u0161i skute\u010dnou IP adresu, ale tak\u00e9 bezpe\u010dn\u011b \u0161ifruje v\u00e1\u0161 provoz p\u0159es internet. Nikdo, ani v\u00e1\u0161 poskytovatel internetu nebo hostitel ve\u0159ejn\u00e9ho hotspotu WiFi, nem\u00e1 p\u0159\u00edstup k dat\u016fm, kter\u00e1 odes\u00edl\u00e1te a p\u0159ij\u00edm\u00e1te.<\/p>\n                                    <div class=\"image-text-static-image__cta\">\n                                                    <a href=\"\/cs\/plans\/\" target=\"_self\" id=\"qa-hero-cta-btn\" class=\"cta download-by-platform cta--with-border cta-size--small cta-mt--initial icon-position--icon-left\" style=\"--border-radius:40px\"><span class=\"cta__name\">St\u00e1hnout zdarma<\/span><\/a>                                            <\/div>\n                \n                \n\n            <\/div>\n        \n                    <div class=\"bg-image-wrapper bg-image-wrapper--desktop  right image-align--center\" style='--image-max-width: 50%'>\n                <figure>\n                    <img width=\"581\" height=\"581\" src=\"https:\/\/freevpnplanet.com\/wp-content\/uploads\/2024\/07\/rvpn-illustration.96354e01-20240701_184724_295398.svg\" class=\"attachment-full size-full\" alt=\"\" loading=\"lazy\" decoding=\"sync\" fetchpriority=\"low\" style=\"max-width:600px\" sizes=\"auto, (max-width: 600px) 100vw, 600px\" aria-hidden=\"true\" \/>                    <!-- <img decoding=\"async\" width=\"581\" height=\"581\" src=\"https:\/\/freevpnplanet.com\/wp-content\/uploads\/2024\/07\/rvpn-illustration.96354e01-20240701_184724_295398.svg\" class=\"attachment-full size-full\" alt=\"\" style=\"max-width:600px\" \/> -->\n                <\/figure>\n            <\/div>\n        \n            <\/div>\n<\/section>\n\n\n<section class=\"image-text-static-image custom-block align-none  mobile-image-bottom  pb-0 header-size-small text-size-small  pb-0--desktop\" style=''>\n\n    <div class=\"gutenberg-block-background\"><\/div>\n    <div class=\"image-text-static-image__inner inner-container\">\n                    <div class=\"image-text-static-image__content content-right\" style='--content-width: 59%'>\n                \n                <h2>Jak funguje \u0161ifrov\u00e1n\u00ed VPN?<\/h2>\n<p>Kdy\u017e se va\u0161e za\u0159\u00edzen\u00ed p\u0159ipoj\u00ed k Planet VPN, v\u0161echna data, kter\u00e1 p\u0159en\u00e1\u0161\u00edte p\u0159es internet, jsou \u0161ifrov\u00e1na spolehliv\u00fdm 256bitov\u00fdm \u0161ifrov\u00e1n\u00edm a de\u0161ifrov\u00e1na pouze na serverech VPN. Tento form\u00e1t \u0161ifrov\u00e1n\u00ed zaji\u0161\u0165uje, \u017ee p\u0159enos dat p\u0159es internet z\u016fstane d\u016fv\u011brn\u00fd.<\/p>\n<p>\u0160ifrov\u00e1n\u00ed je proces k\u00f3dov\u00e1n\u00ed dat takov\u00fdm zp\u016fsobem, \u017ee je m\u016f\u017ee \u010d\u00edst a pou\u017e\u00edvat pouze zam\u00fd\u0161len\u00fd p\u0159\u00edjemce, kter\u00fd m\u00e1 p\u0159\u00edslu\u0161n\u00e9 prost\u0159edky pro de\u0161ifrov\u00e1n\u00ed.<\/p>\n                \n                \n\n            <\/div>\n        \n                    <div class=\"bg-image-wrapper bg-image-wrapper--desktop  left image-align--center\" style='--image-max-width: 41%'>\n                <figure>\n                    <img width=\"436\" height=\"436\" src=\"https:\/\/freevpnplanet.com\/wp-content\/uploads\/2024\/06\/rvpn-zoom.97114291-20240628_180539_548832.svg\" class=\"attachment-full size-full\" alt=\"\" loading=\"lazy\" decoding=\"sync\" fetchpriority=\"low\" style=\"max-width:440px\" sizes=\"auto, (max-width: 440px) 100vw, 440px\" aria-hidden=\"true\" \/>                    <!-- <img decoding=\"async\" width=\"436\" height=\"436\" src=\"https:\/\/freevpnplanet.com\/wp-content\/uploads\/2024\/06\/rvpn-zoom.97114291-20240628_180539_548832.svg\" class=\"attachment-full size-full\" alt=\"\" style=\"max-width:440px\" \/> -->\n                <\/figure>\n            <\/div>\n        \n            <\/div>\n<\/section>\n\n\n<section class=\"image-text-static-image custom-block align-none  mobile-image-bottom   header-size-small text-size-small  \" style=''>\n\n    <div class=\"gutenberg-block-background\"><\/div>\n    <div class=\"image-text-static-image__inner inner-container\">\n                    <div class=\"image-text-static-image__content content-left\" style='--content-width: 59%'>\n                \n                <p>Aktivn\u00ed p\u0159ipojen\u00ed VPN je jako trubka v potrub\u00ed; nikdo zven\u010d\u00ed se nem\u016f\u017ee dostat dovnit\u0159 a zjistit, co se tam nach\u00e1z\u00ed. I kdy\u017e n\u011bkdo n\u011bjak\u00fdm zp\u016fsobem z\u00edsk\u00e1 va\u0161e datov\u00e9 pakety, nebude s nimi moci nic d\u011blat, a to bez jedine\u010dn\u00e9ho kl\u00ed\u010de, kter\u00fd je vygenerov\u00e1n v okam\u017eiku v\u00fdm\u011bny dat mezi va\u0161\u00edm za\u0159\u00edzen\u00edm a serverem VPN.<\/p>\n<p>T\u00edm je zaru\u010dena naprost\u00e1 anonymita, bezpe\u010dnost a integrita dat, kter\u00e1 odes\u00edl\u00e1te a p\u0159ij\u00edm\u00e1te prost\u0159ednictv\u00edm internetu pomoc\u00ed slu\u017eby Planet VPN.<\/p>\n                \n                \n\n            <\/div>\n        \n                    <div class=\"bg-image-wrapper bg-image-wrapper--desktop  right image-align--center\" style='--image-max-width: 41%'>\n                <figure>\n                    <img width=\"328\" height=\"400\" src=\"https:\/\/freevpnplanet.com\/wp-content\/uploads\/2024\/07\/rvpn-crypt.b03ccf11-20240701_185224_014234.svg\" class=\"attachment-full size-full\" alt=\"\" loading=\"lazy\" decoding=\"sync\" fetchpriority=\"low\" style=\"max-width:330px\" sizes=\"auto, (max-width: 330px) 100vw, 330px\" aria-hidden=\"true\" \/>                    <!-- <img decoding=\"async\" width=\"328\" height=\"400\" src=\"https:\/\/freevpnplanet.com\/wp-content\/uploads\/2024\/07\/rvpn-crypt.b03ccf11-20240701_185224_014234.svg\" class=\"attachment-full size-full\" alt=\"\" style=\"max-width:330px\" \/> -->\n                <\/figure>\n            <\/div>\n        \n            <\/div>\n<\/section>\n\n\n<div class=\"wp-block-group alignfull has-background-blue-background-color has-background is-content-justification-center is-nowrap is-layout-flex wp-container-core-group-is-layout-1 wp-block-group-is-layout-flex\" style=\"padding-right:0;padding-left:0\">\n<div class=\"wp-block-columns wp-container-content-1 is-layout-flex wp-container-core-columns-is-layout-1 wp-block-columns-is-layout-flex row-gap--20 stack-breakpoint--768\" style=\"padding-right:var(--wp--preset--spacing--40);padding-left:var(--wp--preset--spacing--40)\">\n<div class=\"wp-block-column is-layout-flow wp-block-column-is-layout-flow\">\n<section class=\"advanced-steps custom-block align-center  align-desktop-left align-mobile-left font-normal three-columns title-small image-shadow\" style=''>\n\n    <div class=\"gutenberg-block-background\"><\/div>\n    <div class=\"advanced-steps__container inner-container\">\n                    <div class=\"advanced-steps__intro\">\n                <h2>Jak \u0161ifrovat sv\u016fj provoz?<\/h2>            <\/div>\n        \n        <ul class=\"advanced-steps__list advanced-steps__list--download-steps\" style='--columns-gap:50px'>\n                            <li style='--max-width:px'>\n                                            <h2 class=\"step-title\">St\u00e1hn\u011bte si<\/h2>\n                    \n                                            <div class=\"image-wrapper\">\n                            <img decoding=\"async\" width=\"219\" height=\"170\" src=\"https:\/\/freevpnplanet.com\/wp-content\/uploads\/2024\/05\/rvpn-download.df91dd21-20240524_114147_333777.svg\" class=\"attachment-full size-full\" alt=\"Step 1\" \/>                        <\/div>\n\n                                                    <p><a href=\"https:\/\/freevpnplanet.com\/cs\/download\/\" id=\"qa-advanced-step-content-link\">St\u00e1hn\u011bte<\/a> si a nainstalujte aplikaci do sv\u00e9ho za\u0159\u00edzen\u00ed.<\/p>                                                            <\/li>\n                                <li style='--max-width:px'>\n                                            <h2 class=\"step-title\">P\u0159ipojte se<\/h2>\n                    \n                                            <div class=\"image-wrapper\">\n                            <img decoding=\"async\" width=\"220\" height=\"171\" src=\"https:\/\/freevpnplanet.com\/wp-content\/uploads\/2024\/05\/rvpn-login.60a645a1-20240524_114327_062578.svg\" class=\"attachment-full size-full\" alt=\"Step 1\" \/>                        <\/div>\n\n                                                    <p>P\u0159ipojte se k jednomu z na\u0161ich server\u016f.<\/p>                                                            <\/li>\n                                <li style='--max-width:px'>\n                                            <h2 class=\"step-title\">Nav\u0161tivte<\/h2>\n                    \n                                            <div class=\"image-wrapper\">\n                            <img decoding=\"async\" width=\"219\" height=\"170\" src=\"https:\/\/freevpnplanet.com\/wp-content\/uploads\/2024\/05\/rvpn-connect.12ef9ce1-20240524_114733_838401.svg\" class=\"attachment-full size-full\" alt=\"Step 3\" \/>                        <\/div>\n\n                                                    <p>Nav\u0161tivte libovolnou webovou str\u00e1nku bez omezen\u00ed<\/p>                                                            <\/li>\n                        <\/ul>\n\n                    <div class=\"advanced-steps__cta\">\n                <a href=\"\/cs\/plans\/\" target=\"_self\" id=\"qa-steps-btn-cta\" class=\"cta download-by-platform cta--with-border cta-size--small cta-mt--initial icon-position--icon-left\" style=\"--border-radius:40px\"><span class=\"cta__name\">St\u00e1hnout zdarma<\/span><\/a>            <\/div>\n        \n        \n        \n\n    <\/div>\n<\/section>\n<\/div>\n<\/div>\n<\/div>\n\n\n\n<section class=\"image-text-static-image custom-block align-none  mobile-image-top   header-size-small text-size-small  \" style=''>\n\n    <div class=\"gutenberg-block-background\"><\/div>\n    <div class=\"image-text-static-image__inner inner-container\">\n                    <div class=\"image-text-static-image__content content-left\" style='--content-width: 50%'>\n                                    <div class=\"image-text-static-image__title\">\n                        <h2 >V\u00fdznam \u0161ifrov\u00e1n\u00ed VPN<\/h2>                    <\/div>\n                \n                <p>Poskytovatel\u00e9 internetov\u00e9ho p\u0159ipojen\u00ed, zam\u011bstnavatel\u00e9, majitel\u00e9 ve\u0159ejn\u00fdch p\u0159\u00edstupov\u00fdch bod\u016f WiFi, vlastn\u00edci str\u00e1nek, to v\u0161e je jen kr\u00e1tk\u00fd v\u00fd\u010det t\u011bch, kte\u0159\u00ed neust\u00e1le monitoruj\u00ed internetov\u00fd provoz za r\u016fzn\u00fdmi \u00fa\u010dely.<\/p>\n<p>N\u011bkte\u0159\u00ed proto, aby cenzurovali nav\u0161t\u011bvovan\u00e9 zdroje. Jin\u00ed proto, aby m\u011bli p\u0159ehled o tom, jakou pr\u00e1ci vykon\u00e1vaj\u00ed jejich zam\u011bstnanci, a n\u011bkte\u0159\u00ed monitoruj\u00ed p\u0159ipojen\u00ed z \u010dir\u00e9 zv\u011bdavosti. Nej\u010dast\u011bj\u0161\u00edm d\u016fvodem, pro\u010d lid\u00e9 sleduj\u00ed, co se na internetu vyhled\u00e1v\u00e1, jsou data, kter\u00e1 lze pozd\u011bji prodat tomu, kdo nab\u00eddne nejv\u00edc.<\/p>\n<p>D\u00edky modern\u00edm technologi\u00edm VPN a spolehliv\u00e9mu 256bitov\u00e9mu \u0161ifrov\u00e1n\u00ed v\u00e1s Planet VPN zachr\u00e1n\u00ed p\u0159ed sledov\u00e1n\u00edm a dal\u0161\u00edmi pot\u00ed\u017eemi spojen\u00fdmi se zachycov\u00e1n\u00edm va\u0161ich dat.<\/p>\n                                    <div class=\"image-text-static-image__cta\">\n                                                    <a href=\"\/cs\/plans\/\" target=\"_self\" id=\"qa-cta-content-btn\" class=\"cta download-by-platform cta--with-border cta-size--small cta-mt--initial icon-position--icon-left\" style=\"--border-radius:40px\"><span class=\"cta__name\">St\u00e1hnout zdarma<\/span><\/a>                                            <\/div>\n                \n                \n\n            <\/div>\n        \n                    <div class=\"bg-image-wrapper bg-image-wrapper--desktop  right image-align--center\" style='--image-max-width: 50%'>\n                <figure>\n                    <img width=\"434\" height=\"484\" src=\"https:\/\/freevpnplanet.com\/wp-content\/uploads\/2024\/07\/rvpn-crackmen.cda31d31-20240701_190109_785249.svg\" class=\"attachment-full size-full\" alt=\"\" loading=\"lazy\" decoding=\"sync\" fetchpriority=\"low\" style=\"max-width:440px\" sizes=\"auto, (max-width: 440px) 100vw, 440px\" aria-hidden=\"true\" \/>                    <!-- <img decoding=\"async\" width=\"434\" height=\"484\" src=\"https:\/\/freevpnplanet.com\/wp-content\/uploads\/2024\/07\/rvpn-crackmen.cda31d31-20240701_190109_785249.svg\" class=\"attachment-full size-full\" alt=\"\" style=\"max-width:440px\" \/> -->\n                <\/figure>\n            <\/div>\n        \n            <\/div>\n<\/section>","protected":false},"excerpt":{"rendered":"","protected":false},"author":39,"featured_media":0,"parent":0,"menu_order":0,"comment_status":"closed","ping_status":"closed","template":"templates\/page_template-basic_for_gutenberg.php","meta":{"_acf_changed":false,"inline_featured_image":false,"footnotes":""},"download_by_lite_tag":[],"class_list":["post-102361","page","type-page","status-publish","hentry"],"yoast_head":"<!-- This site is optimized with the Yoast SEO plugin v22.6 - https:\/\/yoast.com\/wordpress\/plugins\/seo\/ -->\n<title>\u0160ifrov\u00e1n\u00ed dat pomoc\u00ed bezplatn\u00e9 VPN | Planet VPN<\/title>\n<meta name=\"description\" content=\"Co je to \u0161ifrov\u00e1n\u00ed VPN? Jak funguje? Vyzkou\u0161ejte \u0161ifrov\u00e1n\u00ed Planet VPN a chra\u0148te sv\u00e1 data p\u0159ed podvodn\u00edky.\" \/>\n<meta name=\"robots\" content=\"index, follow, max-snippet:-1, max-image-preview:large, max-video-preview:-1\" \/>\n<link rel=\"canonical\" href=\"https:\/\/freevpnplanet.com\/cs\/encryption-of-internet-connection\/\" \/>\n<meta property=\"og:locale\" content=\"en_US\" \/>\n<meta property=\"og:type\" content=\"article\" \/>\n<meta property=\"og:title\" content=\"\u0160ifrov\u00e1n\u00ed dat pomoc\u00ed bezplatn\u00e9 VPN | Planet VPN\" \/>\n<meta property=\"og:description\" content=\"Co je to \u0161ifrov\u00e1n\u00ed VPN? Jak funguje? Vyzkou\u0161ejte \u0161ifrov\u00e1n\u00ed Planet VPN a chra\u0148te sv\u00e1 data p\u0159ed podvodn\u00edky.\" \/>\n<meta property=\"og:url\" content=\"https:\/\/freevpnplanet.com\/cs\/encryption-of-internet-connection\/\" \/>\n<meta property=\"og:site_name\" content=\"Planet VPN\" \/>\n<meta property=\"article:modified_time\" content=\"2025-07-18T08:54:05+00:00\" \/>\n<meta name=\"twitter:card\" content=\"summary_large_image\" \/>\n<script type=\"application\/ld+json\" class=\"yoast-schema-graph\">{\"@context\":\"https:\/\/schema.org\",\"@graph\":[{\"@type\":\"WebPage\",\"@id\":\"https:\/\/freevpnplanet.com\/cs\/encryption-of-internet-connection\/\",\"url\":\"https:\/\/freevpnplanet.com\/cs\/encryption-of-internet-connection\/\",\"name\":\"\u0160ifrov\u00e1n\u00ed dat pomoc\u00ed bezplatn\u00e9 VPN | Planet VPN\",\"isPartOf\":{\"@id\":\"https:\/\/freevpnplanet.com\/cs\/#website\"},\"datePublished\":\"2024-07-01T15:45:04+00:00\",\"dateModified\":\"2025-07-18T08:54:05+00:00\",\"description\":\"Co je to \u0161ifrov\u00e1n\u00ed VPN? Jak funguje? Vyzkou\u0161ejte \u0161ifrov\u00e1n\u00ed Planet VPN a chra\u0148te sv\u00e1 data p\u0159ed podvodn\u00edky.\",\"breadcrumb\":{\"@id\":\"https:\/\/freevpnplanet.com\/cs\/encryption-of-internet-connection\/#breadcrumb\"},\"inLanguage\":\"cs\",\"potentialAction\":[{\"@type\":\"ReadAction\",\"target\":[\"https:\/\/freevpnplanet.com\/cs\/encryption-of-internet-connection\/\"]}]},{\"@type\":\"BreadcrumbList\",\"@id\":\"https:\/\/freevpnplanet.com\/cs\/encryption-of-internet-connection\/#breadcrumb\",\"itemListElement\":[{\"@type\":\"ListItem\",\"position\":1,\"name\":\"Home\",\"item\":\"https:\/\/freevpnplanet.com\/cs\/\"},{\"@type\":\"ListItem\",\"position\":2,\"name\":\"Encryption of internet connection\"}]},{\"@type\":\"WebSite\",\"@id\":\"https:\/\/freevpnplanet.com\/cs\/#website\",\"url\":\"https:\/\/freevpnplanet.com\/cs\/\",\"name\":\"Planet VPN \ud83d\udee1\ufe0f\ud83c\udf10 Free VPN\",\"description\":\"Free VPN\",\"potentialAction\":[{\"@type\":\"SearchAction\",\"target\":{\"@type\":\"EntryPoint\",\"urlTemplate\":\"https:\/\/freevpnplanet.com\/cs\/?s={search_term_string}\"},\"query-input\":\"required name=search_term_string\"}],\"inLanguage\":\"cs\",\"publisher\":{\"@id\":\"https:\/\/freevpnplanet.com\/cs\/#organization\"}},{\"@context\":\"https:\/\/schema.org\/\",\"@type\":\"SoftwareApplication\",\"name\":\"Planet VPN \ud83d\udee1\ufe0f\ud83c\udf10 Free VPN\",\"operatingSystem\":\"Windows, macOS, iOS, Android, Linux, Chrome\",\"applicationCategory\":\"SecurityApplication\",\"offers\":{\"@type\":\"AggregateOffer\",\"priceCurrency\":\"USD\",\"price\":\"0\",\"lowPrice\":\"0\",\"availability\":\"https:\/\/schema.org\/InStock\"},\"aggregateRating\":{\"@type\":\"AggregateRating\",\"ratingValue\":\"4.8\",\"bestRating\":\"5\",\"ratingCount\":\"12476\"}},{\"@type\":\"Organization\",\"@id\":\"https:\/\/freevpnplanet.com\/cs\/#organization\",\"url\":\"https:\/\/freevpnplanet.com\/cs\/\",\"name\":\"Planet VPN \ud83d\udee1\ufe0f\ud83c\udf10 Free VPN\"}]}<\/script>\n<!-- \/ Yoast SEO plugin. -->","yoast_head_json":{"title":"\u0160ifrov\u00e1n\u00ed dat pomoc\u00ed bezplatn\u00e9 VPN | Planet VPN","description":"Co je to \u0161ifrov\u00e1n\u00ed VPN? Jak funguje? Vyzkou\u0161ejte \u0161ifrov\u00e1n\u00ed Planet VPN a chra\u0148te sv\u00e1 data p\u0159ed podvodn\u00edky.","robots":{"index":"index","follow":"follow","max-snippet":"max-snippet:-1","max-image-preview":"max-image-preview:large","max-video-preview":"max-video-preview:-1"},"canonical":"https:\/\/freevpnplanet.com\/cs\/encryption-of-internet-connection\/","og_locale":"en_US","og_type":"article","og_title":"\u0160ifrov\u00e1n\u00ed dat pomoc\u00ed bezplatn\u00e9 VPN | Planet VPN","og_description":"Co je to \u0161ifrov\u00e1n\u00ed VPN? Jak funguje? Vyzkou\u0161ejte \u0161ifrov\u00e1n\u00ed Planet VPN a chra\u0148te sv\u00e1 data p\u0159ed podvodn\u00edky.","og_url":"https:\/\/freevpnplanet.com\/cs\/encryption-of-internet-connection\/","og_site_name":"Planet VPN","article_modified_time":"2025-07-18T08:54:05+00:00","twitter_card":"summary_large_image","schema":{"@context":"https:\/\/schema.org","@graph":[{"@type":"WebPage","@id":"https:\/\/freevpnplanet.com\/cs\/encryption-of-internet-connection\/","url":"https:\/\/freevpnplanet.com\/cs\/encryption-of-internet-connection\/","name":"\u0160ifrov\u00e1n\u00ed dat pomoc\u00ed bezplatn\u00e9 VPN | Planet VPN","isPartOf":{"@id":"https:\/\/freevpnplanet.com\/cs\/#website"},"datePublished":"2024-07-01T15:45:04+00:00","dateModified":"2025-07-18T08:54:05+00:00","description":"Co je to \u0161ifrov\u00e1n\u00ed VPN? Jak funguje? Vyzkou\u0161ejte \u0161ifrov\u00e1n\u00ed Planet VPN a chra\u0148te sv\u00e1 data p\u0159ed podvodn\u00edky.","breadcrumb":{"@id":"https:\/\/freevpnplanet.com\/cs\/encryption-of-internet-connection\/#breadcrumb"},"inLanguage":"cs","potentialAction":[{"@type":"ReadAction","target":["https:\/\/freevpnplanet.com\/cs\/encryption-of-internet-connection\/"]}]},{"@type":"BreadcrumbList","@id":"https:\/\/freevpnplanet.com\/cs\/encryption-of-internet-connection\/#breadcrumb","itemListElement":[{"@type":"ListItem","position":1,"name":"Home","item":"https:\/\/freevpnplanet.com\/cs\/"},{"@type":"ListItem","position":2,"name":"Encryption of internet connection"}]},{"@type":"WebSite","@id":"https:\/\/freevpnplanet.com\/cs\/#website","url":"https:\/\/freevpnplanet.com\/cs\/","name":"Planet VPN \ud83d\udee1\ufe0f\ud83c\udf10 Free VPN","description":"Free VPN","potentialAction":[{"@type":"SearchAction","target":{"@type":"EntryPoint","urlTemplate":"https:\/\/freevpnplanet.com\/cs\/?s={search_term_string}"},"query-input":"required name=search_term_string"}],"inLanguage":"cs","publisher":{"@id":"https:\/\/freevpnplanet.com\/cs\/#organization"}},{"@context":"https:\/\/schema.org\/","@type":"SoftwareApplication","name":"Planet VPN \ud83d\udee1\ufe0f\ud83c\udf10 Free VPN","operatingSystem":"Windows, macOS, iOS, Android, Linux, Chrome","applicationCategory":"SecurityApplication","offers":{"@type":"AggregateOffer","priceCurrency":"USD","price":"0","lowPrice":"0","availability":"https:\/\/schema.org\/InStock"},"aggregateRating":{"@type":"AggregateRating","ratingValue":"4.8","bestRating":"5","ratingCount":"12476"}},{"@type":"Organization","@id":"https:\/\/freevpnplanet.com\/cs\/#organization","url":"https:\/\/freevpnplanet.com\/cs\/","name":"Planet VPN \ud83d\udee1\ufe0f\ud83c\udf10 Free VPN"}]}},"acf":[],"_links":{"self":[{"href":"https:\/\/freevpnplanet.com\/cs\/wp-json\/wp\/v2\/pages\/102361","targetHints":{"allow":["GET"]}}],"collection":[{"href":"https:\/\/freevpnplanet.com\/cs\/wp-json\/wp\/v2\/pages"}],"about":[{"href":"https:\/\/freevpnplanet.com\/cs\/wp-json\/wp\/v2\/types\/page"}],"author":[{"embeddable":true,"href":"https:\/\/freevpnplanet.com\/cs\/wp-json\/wp\/v2\/users\/39"}],"replies":[{"embeddable":true,"href":"https:\/\/freevpnplanet.com\/cs\/wp-json\/wp\/v2\/comments?post=102361"}],"version-history":[{"count":5,"href":"https:\/\/freevpnplanet.com\/cs\/wp-json\/wp\/v2\/pages\/102361\/revisions"}],"predecessor-version":[{"id":171440,"href":"https:\/\/freevpnplanet.com\/cs\/wp-json\/wp\/v2\/pages\/102361\/revisions\/171440"}],"wp:attachment":[{"href":"https:\/\/freevpnplanet.com\/cs\/wp-json\/wp\/v2\/media?parent=102361"}],"wp:term":[{"taxonomy":"download_by_lite_tag","embeddable":true,"href":"https:\/\/freevpnplanet.com\/cs\/wp-json\/wp\/v2\/download_by_lite_tag?post=102361"}],"curies":[{"name":"wp","href":"https:\/\/api.w.org\/{rel}","templated":true}]}}