{"id":109549,"date":"2024-05-02T18:08:20","date_gmt":"2024-05-02T15:08:20","guid":{"rendered":"https:\/\/help.freeplanetvpn.com\/change-ip\/"},"modified":"2025-07-18T12:14:18","modified_gmt":"2025-07-18T09:14:18","slug":"change-ip","status":"publish","type":"page","link":"https:\/\/freevpnplanet.com\/cs\/change-ip\/","title":{"rendered":"Change IP"},"content":{"rendered":"\n<section class=\"image-text-static-image custom-block align-none  mobile-image-bottom   header-size-small text-size-small  \" style='--background-color:var(--dark-blue-0); --text-color:var(--white)'>\n\n    <div class=\"gutenberg-block-background\"><\/div>\n    <div class=\"image-text-static-image__inner inner-container\">\n                    <div class=\"image-text-static-image__content content-left\" style='--content-width: 51%'>\n                                    <div class=\"image-text-static-image__title\">\n                        <h1 >Jak zm\u011bnit a skr\u00fdt IP adresu pomoc\u00ed Planet VPN<\/h1>                    <\/div>\n                \n                <p>D\u00edky technologii VPN Planet VPN bude va\u0161e IP adresa bezpe\u010dn\u011b skryta a extern\u00ed slu\u017eby uvid\u00ed adresu zem\u011b, kterou jste si vybrali, a\u017e se p\u0159ipoj\u00edte!<\/p>\n                                    <div class=\"image-text-static-image__cta\">\n                                                    <a href=\"\/cs\/plans\/\" target=\"_self\" id=\"qa-hero-btn-cta\" class=\"cta download-by-platform cta--with-border cta-size--small cta-mt--initial icon-position--icon-left\" style=\"--border-radius:40px\"><span class=\"cta__name\">Ke sta\u017een\u00ed zdarma<\/span><\/a>                                            <\/div>\n                \n                \n\n            <\/div>\n        \n                    <div class=\"bg-image-wrapper bg-image-wrapper--desktop  right image-align--center\" style='--image-max-width: 49%'>\n                <figure>\n                    <img width=\"729\" height=\"581\" src=\"https:\/\/freevpnplanet.com\/wp-content\/uploads\/2024\/05\/rvpn-rvpn-3fa20f81-20240409-160252-504726-20240507_185215_511732.svg\" class=\"attachment-full size-full\" alt=\"\" loading=\"lazy\" decoding=\"sync\" fetchpriority=\"low\" style=\"max-width:700px\" sizes=\"auto, (max-width: 700px) 100vw, 700px\" aria-hidden=\"true\" \/>                    <!-- <img decoding=\"async\" width=\"729\" height=\"581\" src=\"https:\/\/freevpnplanet.com\/wp-content\/uploads\/2024\/05\/rvpn-rvpn-3fa20f81-20240409-160252-504726-20240507_185215_511732.svg\" class=\"attachment-full size-full\" alt=\"\" style=\"max-width:700px\" \/> -->\n                <\/figure>\n            <\/div>\n        \n            <\/div>\n<\/section>\n\n\n<section class=\"image-text-static-image custom-block align-none  mobile-image-bottom   header-size-small text-size-small  \" style=''>\n\n    <div class=\"gutenberg-block-background\"><\/div>\n    <div class=\"image-text-static-image__inner inner-container\">\n                    <div class=\"image-text-static-image__content content-right\" style='--content-width: 45%'>\n                                    <div class=\"image-text-static-image__title\">\n                        <h2 >PRO\u010c BYCH M\u011aL ZM\u011aNIT NEBO SKR\u00ddT SVOU IP ADRESU?<\/h2>                    <\/div>\n                \n                <p>Va\u0161e IP adresa o v\u00e1s m\u016f\u017ee hodn\u011b napov\u011bd\u011bt. Podle IP adresy lze zjistit va\u0161i polohu, jm\u00e9no a n\u00e1zev poskytovatele internetu. Pokud kyberzlo\u010dinci znaj\u00ed va\u0161i IP, mohou napadnout va\u0161e za\u0159\u00edzen\u00ed, pokusit se do n\u011bj nabourat nebo pou\u017e\u00edt speci\u00e1ln\u00ed metody, aby znemo\u017enili za\u0159\u00edzen\u00ed vys\u00edlat nebo p\u0159ij\u00edmat informace. Podle IP lze tak\u00e9 s dostate\u010dnou p\u0159esnost\u00ed zjistit, kde se fyzicky nach\u00e1z\u00edte, co\u017e m\u016f\u017ee tak\u00e9 zp\u016fsobit nemal\u00e9 pot\u00ed\u017ee. Pokud svou IP adresu neskryjete, otev\u00edr\u00e1 se t\u00edm p\u0159\u00edstup k velk\u00e9mu mno\u017estv\u00ed informac\u00ed, v\u010detn\u011b va\u0161ich osobn\u00edch \u00fadaj\u016f, informac\u00ed o va\u0161\u00ed poloze a tak\u00e9 o va\u0161\u00ed online aktivit\u011b, co\u017e umo\u017e\u0148uje t\u0159et\u00edm stran\u00e1m sledovat a kontrolovat va\u0161e online aktivity.<\/p>\n                \n                \n\n            <\/div>\n        \n                    <div class=\"bg-image-wrapper bg-image-wrapper--desktop  left image-align--center\" style='--image-max-width: 55%'>\n                <figure>\n                    <img width=\"483\" height=\"493\" src=\"https:\/\/freevpnplanet.com\/wp-content\/uploads\/2024\/05\/rvpn-rvpn-db2904e1-20240409-162209-702854-20240507_185223_606342.svg\" class=\"attachment-full size-full\" alt=\"\" loading=\"lazy\" decoding=\"sync\" fetchpriority=\"low\" style=\"max-width:483px\" sizes=\"auto, (max-width: 483px) 100vw, 483px\" aria-hidden=\"true\" \/>                    <!-- <img decoding=\"async\" width=\"483\" height=\"493\" src=\"https:\/\/freevpnplanet.com\/wp-content\/uploads\/2024\/05\/rvpn-rvpn-db2904e1-20240409-162209-702854-20240507_185223_606342.svg\" class=\"attachment-full size-full\" alt=\"\" style=\"max-width:483px\" \/> -->\n                <\/figure>\n            <\/div>\n        \n            <\/div>\n<\/section>\n\n\n<section class=\"wrapper custom-block align-full    \" style='--background-color:var(--background-blue)'>\n\n    <div class=\"gutenberg-block-background\"><\/div>\n    <div class=\"wrapper__inner inner-container\">\n        \n\n<section class=\"image-text-static-image custom-block align-none  mobile-image-bottom   header-size-small text-size-small  \" style=''>\n\n    <div class=\"gutenberg-block-background\"><\/div>\n    <div class=\"image-text-static-image__inner inner-container\">\n                    <div class=\"image-text-static-image__content content-right\" style='--content-width: 49%'>\n                                    <div class=\"image-text-static-image__title\">\n                        <h2 >JAK ZM\u011aNIT NEBO SKR\u00ddT SVOU IP ADRESU?<\/h2>                    <\/div>\n                \n                <p>Je to velmi jednoduch\u00e9, sta\u010d\u00ed se p\u0159ipojit k s\u00edti VPN pomoc\u00ed slu\u017eby Planet VPN. VPN je zabezpe\u010den\u00fd tunel mezi dv\u011bma nebo v\u00edce za\u0159\u00edzen\u00edmi. VPN se pou\u017e\u00edvaj\u00ed k ochran\u011b webov\u00e9ho provozu p\u0159ed odposlechem, vn\u011bj\u0161\u00edm ru\u0161en\u00edm a cenzurou. P\u0159ipojen\u00edm k na\u0161im server\u016fm bezpe\u010dn\u011b skryjete svou IP adresu a za\u0161ifrujete v\u0161echna data. Ke zm\u011bn\u011b a skryt\u00ed va\u0161\u00ed IP adresy jsou pot\u0159eba pouze 3 kroky:<\/p>\n                \n                \n\n            <\/div>\n        \n                    <div class=\"bg-image-wrapper bg-image-wrapper--desktop  left image-align--center\" style='--image-max-width: 51%'>\n                <figure>\n                    <img width=\"518\" height=\"479\" src=\"https:\/\/freevpnplanet.com\/wp-content\/uploads\/2024\/05\/rvpn-rvpn-79c6c873-20240409-164508-364135-20240507_185221_234590.svg\" class=\"attachment-full size-full\" alt=\"\" loading=\"lazy\" decoding=\"sync\" fetchpriority=\"low\" style=\"max-width:518px\" sizes=\"auto, (max-width: 518px) 100vw, 518px\" aria-hidden=\"true\" \/>                    <!-- <img decoding=\"async\" width=\"518\" height=\"479\" src=\"https:\/\/freevpnplanet.com\/wp-content\/uploads\/2024\/05\/rvpn-rvpn-79c6c873-20240409-164508-364135-20240507_185221_234590.svg\" class=\"attachment-full size-full\" alt=\"\" style=\"max-width:518px\" \/> -->\n                <\/figure>\n            <\/div>\n        \n            <\/div>\n<\/section>\n\n\n<div class=\"wp-block-group is-content-justification-center is-nowrap is-layout-flex wp-container-core-group-is-layout-2 wp-block-group-is-layout-flex\">\n<div class=\"wp-block-group wp-container-content-1 is-layout-constrained wp-block-group-is-layout-constrained\">\n<section class=\"advanced-steps custom-block align-none pt-0 align-desktop-left align-mobile-left font-normal three-columns title-small image-shadow\" style='--background-color:var(--dark-blue-8)'>\n\n    <div class=\"gutenberg-block-background\"><\/div>\n    <div class=\"advanced-steps__container inner-container\">\n        \n        <ul class=\"advanced-steps__list advanced-steps__list--download-steps\" style='--columns-gap:50px'>\n                            <li style='--max-width:px'>\n                                            <h2 class=\"step-title\">1. st\u00e1hnout<\/h2>\n                    \n                                            <div class=\"image-wrapper\">\n                            <img decoding=\"async\" width=\"219\" height=\"170\" src=\"https:\/\/freevpnplanet.com\/wp-content\/uploads\/2024\/05\/rvpn-download.df91dd21-20240524_114147_333777.svg\" class=\"attachment-full size-full\" alt=\"Step 1\" \/>                        <\/div>\n\n                                                    <p><a class=\"\" href=\"https:\/\/freevpnplanet.com\/cs\/download\/\" id=\"qa-advanced-step-content-link\">St\u00e1hnout<\/a> a nainstalujte aplikaci do sv\u00e9ho za\u0159\u00edzen\u00ed<\/p>                                                            <\/li>\n                                <li style='--max-width:px'>\n                                            <h2 class=\"step-title\">2. P\u0159ipojen\u00ed<\/h2>\n                    \n                                            <div class=\"image-wrapper\">\n                            <img decoding=\"async\" width=\"220\" height=\"171\" src=\"https:\/\/freevpnplanet.com\/wp-content\/uploads\/2024\/05\/rvpn-login.60a645a1-20240524_114327_062578.svg\" class=\"attachment-full size-full\" alt=\"Step 1\" \/>                        <\/div>\n\n                                                    <p>P\u0159ipojen\u00ed k jednomu z na\u0161ich server\u016f<\/p>                                                            <\/li>\n                                <li style='--max-width:px'>\n                                            <h2 class=\"step-title\">3. P\u0159ipojte se<\/h2>\n                    \n                                            <div class=\"image-wrapper\">\n                            <img decoding=\"async\" width=\"219\" height=\"170\" src=\"https:\/\/freevpnplanet.com\/wp-content\/uploads\/2024\/05\/rvpn-connect.12ef9ce1-20240524_114733_838401.svg\" class=\"attachment-full size-full\" alt=\"Step 3\" \/>                        <\/div>\n\n                                                    <p>P\u0159ipojte se k jednomu z na\u0161ich server\u016f<\/p>                                                            <\/li>\n                        <\/ul>\n\n                    <div class=\"advanced-steps__cta\">\n                <a href=\"\/cs\/plans\/\" target=\"_self\" id=\"qa-steps-btn-cta\" class=\"cta download-by-platform cta--with-border cta-size--small cta-mt--initial icon-position--icon-left\" style=\"--border-radius:40px\"><span class=\"cta__name\">Ke sta\u017een\u00ed zdarma<\/span><\/a>            <\/div>\n        \n        \n        \n\n    <\/div>\n<\/section>\n<\/div>\n<\/div>\n\n\n    <\/div>\n\n<\/section>\n\n\n<section class=\"image-text-static-image custom-block align-none  mobile-image-bottom   header-size-small text-size-small  \" style=''>\n\n    <div class=\"gutenberg-block-background\"><\/div>\n    <div class=\"image-text-static-image__inner inner-container\">\n                    <div class=\"image-text-static-image__content content-right\" style='--content-width: 50%'>\n                                    <div class=\"image-text-static-image__title\">\n                        <h2 >JAK SE ZM\u011aN\u00cd ADRESA IP?<\/h2>                    <\/div>\n                \n                <p>Kdy\u017e se p\u0159ipoj\u00edte k s\u00edti Planet VPN, va\u0161e IP adresa se nahrad\u00ed jinou a v\u0161e vypad\u00e1, jako byste byli na jin\u00e9m m\u00edst\u011b. Kdy\u017e pou\u017e\u00edv\u00e1te s\u00ed\u0165 VPN, v\u00e1\u0161 internetov\u00fd provoz proch\u00e1z\u00ed \u0161ifrovan\u00fdm tunelem, tak\u017ee nikdo, v\u010detn\u011b va\u0161eho poskytovatele internetov\u00fdch slu\u017eeb, nem\u016f\u017ee vid\u011bt, co na internetu d\u011bl\u00e1te. Pokud se tedy p\u0159ipoj\u00edte k s\u00edti VPN, webov\u00e9 str\u00e1nky, aplikace a slu\u017eby uvid\u00ed ve\u0159ejnou IP adresu serveru VPN nam\u00edsto adresy va\u0161eho za\u0159\u00edzen\u00ed &#8211; to znamen\u00e1, \u017ee jste &#8220;skryli svou IP adresu&#8221; nebo &#8220;zm\u011bnili svou IP adresu&#8221;.<\/p>\n                                    <div class=\"image-text-static-image__cta\">\n                                                    <a href=\"\/cs\/plans\/\" target=\"_self\" id=\"qa-cta-content-btn\" class=\"cta download-by-platform cta--with-border cta-size--small cta-mt--initial icon-position--icon-left\" style=\"--border-radius:40px\"><span class=\"cta__name\">Ke sta\u017een\u00ed zdarma<\/span><\/a>                                            <\/div>\n                \n                \n\n            <\/div>\n        \n                    <div class=\"bg-image-wrapper bg-image-wrapper--desktop  left image-align--center\" style='--image-max-width: 50%'>\n                <figure>\n                    <img width=\"436\" height=\"436\" src=\"https:\/\/freevpnplanet.com\/wp-content\/uploads\/2024\/05\/rvpn-rvpn-rvpn-7d778d01-20240408-215431-1200701-20240409-170411-885201-20240507_185229_084591.svg\" class=\"attachment-full size-full\" alt=\"\" loading=\"lazy\" decoding=\"sync\" fetchpriority=\"low\" style=\"max-width:437px\" sizes=\"auto, (max-width: 437px) 100vw, 437px\" aria-hidden=\"true\" \/>                    <!-- <img decoding=\"async\" width=\"436\" height=\"436\" src=\"https:\/\/freevpnplanet.com\/wp-content\/uploads\/2024\/05\/rvpn-rvpn-rvpn-7d778d01-20240408-215431-1200701-20240409-170411-885201-20240507_185229_084591.svg\" class=\"attachment-full size-full\" alt=\"\" style=\"max-width:437px\" \/> -->\n                <\/figure>\n            <\/div>\n        \n            <\/div>\n<\/section>\n\n\n<div class=\"wp-block-group alignfull has-background is-layout-constrained wp-block-group-is-layout-constrained\" style=\"background-color:#2f77d4\">\n<section class=\"image-text custom-block align-full   mobile-image-bottom mobile-title-center  header-size-medium text-size-small   content-left\" style='overflow: hidden;;--background-color:var(--none); --text-color:var(--white);--min-height-mobile:400px;--min-height-desktop:500px;--content-width:52%'>\n\n    <div class=\"gutenberg-block-background\"><\/div>\n    <div class=\"image-text__inner inner-container\">\n\n        \n                    <div class=\"image-text__content\">\n\n                <h2>JAK\u00c9 JSOU V\u00ddHODY PLANET\u00c1RN\u00cdHO VPN PRO SKRYT\u00cd A ZM\u011aNU M\u00c9 IP ADRESY?<\/h2>\n<p>Pou\u017e\u00edv\u00e1me nejmodern\u011bj\u0161\u00ed a nejspolehliv\u011bj\u0161\u00ed metody \u0161ifrov\u00e1n\u00ed dat. Mnoho na\u0161ich rychl\u00fdch a modern\u00edch server\u016f VPN se nach\u00e1z\u00ed po cel\u00e9m sv\u011bt\u011b, tak\u017ee u\u017eivatel m\u00e1 k dispozici velk\u00fd v\u00fdb\u011br m\u00edst, kde m\u016f\u017ee skr\u00fdt nebo zm\u011bnit svou IP adresu. K dispozici jsou roz\u0161\u00ed\u0159en\u00ed proxy server\u016f pro prohl\u00ed\u017ee\u010de, kde si ve voln\u00e9m re\u017eimu m\u016f\u017eete vyzkou\u0161et fungov\u00e1n\u00ed na\u0161\u00ed slu\u017eby a skute\u010dn\u011b se pod\u00edvat, jak zm\u011bny IP prob\u00edhaj\u00ed. Pro spolehlivou ochranu dat p\u0159en\u00e1\u0161en\u00fdch p\u0159es internet jsme vytvo\u0159ili programy pro obl\u00edben\u00e9 opera\u010dn\u00ed syst\u00e9my a tak\u00e9 poskytujeme mo\u017enost p\u0159ipojen\u00ed neomezen\u00e9ho po\u010dtu za\u0159\u00edzen\u00ed, kter\u00e1 podporuj\u00ed VPN. P\u0159esto nesledujeme ani neuchov\u00e1v\u00e1me z\u00e1znamy o \u010dinnosti. Poskytujeme velk\u00e9 mno\u017estv\u00ed platebn\u00edch mo\u017enost\u00ed, v\u010detn\u011b anonymn\u00edch metod.<\/p>\n<p>&nbsp;<\/p>\n                                    <div class=\"image-text__cta\">\n                        <a href=\"\/cs\/plans\/\" target=\"_self\" id=\"qa-advanced-cta-bta\" class=\"cta download-by-platform cta--with-border cta-size--small cta-mt--initial icon-position--icon-left\" style=\"--border-radius:40px\"><span class=\"cta__name\">Ke sta\u017een\u00ed zdarma<\/span><\/a>                    <\/div>\n                \n            <\/div>\n        \n                    <div class=\"bg-image-wrapper bg-image-wrapper--desktop custom image-align--left\">\n                <figure style='--image-max-width:1500px;--image-opacity:1.00;width: calc(70% - 20px);left:42%;top:50%'>\n                    <img decoding=\"async\" width=\"1140\" height=\"1140\" src=\"https:\/\/freevpnplanet.com\/wp-content\/uploads\/2024\/05\/rvpn-rvpn-map-20240410-114426-568830-20240507_185226_366905.png\" class=\"bg-image\" alt=\"Background Image for Desktop\" \/>                <\/figure>\n            <\/div>\n        \n                    <div class=\"bg-image-wrapper bg-image-wrapper--mobile background-image\">\n                <figure style='width: 140%;max-width: 1000px;opacity: 0.20;margin-top: 24px'>\n                    <img decoding=\"async\" width=\"1140\" height=\"1140\" src=\"https:\/\/freevpnplanet.com\/wp-content\/uploads\/2024\/05\/rvpn-rvpn-map-20240410-114426-568830-20240507_185226_366905.png\" class=\"bg-image\" alt=\"Background Image for Mobile\" \/>                <\/figure>\n            <\/div>\n            <\/div>\n<\/section><\/div>\n","protected":false},"excerpt":{"rendered":"","protected":false},"author":39,"featured_media":0,"parent":0,"menu_order":0,"comment_status":"closed","ping_status":"closed","template":"templates\/page_template-basic_for_gutenberg.php","meta":{"_acf_changed":false,"inline_featured_image":false,"footnotes":""},"download_by_lite_tag":[],"class_list":["post-109549","page","type-page","status-publish","hentry"],"yoast_head":"<!-- This site is optimized with the Yoast SEO plugin v22.6 - https:\/\/yoast.com\/wordpress\/plugins\/seo\/ -->\n<title>Jak zm\u011bnit a skr\u00fdt IP adresu pomoc\u00ed bezplatn\u00e9 VPN | Planet VPN<\/title>\n<meta name=\"description\" content=\"Zm\u011bnit IP adresu pomoc\u00ed VPN je snadn\u00e9. Z\u00edskejte p\u0159\u00edstup k neomezen\u00e9mu internetu. Chra\u0148te svou anonymitu s Planet VPN.\" \/>\n<meta name=\"robots\" content=\"index, follow, max-snippet:-1, max-image-preview:large, max-video-preview:-1\" \/>\n<link rel=\"canonical\" href=\"https:\/\/freevpnplanet.com\/cs\/change-ip\/\" \/>\n<meta property=\"og:locale\" content=\"en_US\" \/>\n<meta property=\"og:type\" content=\"article\" \/>\n<meta property=\"og:title\" content=\"Jak zm\u011bnit a skr\u00fdt IP adresu pomoc\u00ed bezplatn\u00e9 VPN | Planet VPN\" \/>\n<meta property=\"og:description\" content=\"Zm\u011bnit IP adresu pomoc\u00ed VPN je snadn\u00e9. Z\u00edskejte p\u0159\u00edstup k neomezen\u00e9mu internetu. Chra\u0148te svou anonymitu s Planet VPN.\" \/>\n<meta property=\"og:url\" content=\"https:\/\/freevpnplanet.com\/cs\/change-ip\/\" \/>\n<meta property=\"og:site_name\" content=\"Planet VPN\" \/>\n<meta property=\"article:modified_time\" content=\"2025-07-18T09:14:18+00:00\" \/>\n<meta name=\"twitter:card\" content=\"summary_large_image\" \/>\n<script type=\"application\/ld+json\" class=\"yoast-schema-graph\">{\"@context\":\"https:\/\/schema.org\",\"@graph\":[{\"@type\":\"WebPage\",\"@id\":\"https:\/\/freevpnplanet.com\/cs\/change-ip\/\",\"url\":\"https:\/\/freevpnplanet.com\/cs\/change-ip\/\",\"name\":\"Jak zm\u011bnit a skr\u00fdt IP adresu pomoc\u00ed bezplatn\u00e9 VPN | Planet VPN\",\"isPartOf\":{\"@id\":\"https:\/\/freevpnplanet.com\/cs\/#website\"},\"datePublished\":\"2024-05-02T15:08:20+00:00\",\"dateModified\":\"2025-07-18T09:14:18+00:00\",\"description\":\"Zm\u011bnit IP adresu pomoc\u00ed VPN je snadn\u00e9. Z\u00edskejte p\u0159\u00edstup k neomezen\u00e9mu internetu. Chra\u0148te svou anonymitu s Planet VPN.\",\"breadcrumb\":{\"@id\":\"https:\/\/freevpnplanet.com\/cs\/change-ip\/#breadcrumb\"},\"inLanguage\":\"cs\",\"potentialAction\":[{\"@type\":\"ReadAction\",\"target\":[\"https:\/\/freevpnplanet.com\/cs\/change-ip\/\"]}]},{\"@type\":\"BreadcrumbList\",\"@id\":\"https:\/\/freevpnplanet.com\/cs\/change-ip\/#breadcrumb\",\"itemListElement\":[{\"@type\":\"ListItem\",\"position\":1,\"name\":\"Home\",\"item\":\"https:\/\/freevpnplanet.com\/cs\/\"},{\"@type\":\"ListItem\",\"position\":2,\"name\":\"Change IP\"}]},{\"@type\":\"WebSite\",\"@id\":\"https:\/\/freevpnplanet.com\/cs\/#website\",\"url\":\"https:\/\/freevpnplanet.com\/cs\/\",\"name\":\"Planet VPN \ud83d\udee1\ufe0f\ud83c\udf10 Free VPN\",\"description\":\"Free VPN\",\"potentialAction\":[{\"@type\":\"SearchAction\",\"target\":{\"@type\":\"EntryPoint\",\"urlTemplate\":\"https:\/\/freevpnplanet.com\/cs\/?s={search_term_string}\"},\"query-input\":\"required name=search_term_string\"}],\"inLanguage\":\"cs\",\"publisher\":{\"@id\":\"https:\/\/freevpnplanet.com\/cs\/#organization\"}},{\"@context\":\"https:\/\/schema.org\/\",\"@type\":\"SoftwareApplication\",\"name\":\"Planet VPN \ud83d\udee1\ufe0f\ud83c\udf10 Free VPN\",\"operatingSystem\":\"Windows, macOS, iOS, Android, Linux, Chrome\",\"applicationCategory\":\"SecurityApplication\",\"offers\":{\"@type\":\"AggregateOffer\",\"priceCurrency\":\"USD\",\"price\":\"0\",\"lowPrice\":\"0\",\"availability\":\"https:\/\/schema.org\/InStock\"},\"aggregateRating\":{\"@type\":\"AggregateRating\",\"ratingValue\":\"4.8\",\"bestRating\":\"5\",\"ratingCount\":\"12476\"}},{\"@type\":\"Organization\",\"@id\":\"https:\/\/freevpnplanet.com\/cs\/#organization\",\"url\":\"https:\/\/freevpnplanet.com\/cs\/\",\"name\":\"Planet VPN \ud83d\udee1\ufe0f\ud83c\udf10 Free VPN\"}]}<\/script>\n<!-- \/ Yoast SEO plugin. -->","yoast_head_json":{"title":"Jak zm\u011bnit a skr\u00fdt IP adresu pomoc\u00ed bezplatn\u00e9 VPN | Planet VPN","description":"Zm\u011bnit IP adresu pomoc\u00ed VPN je snadn\u00e9. Z\u00edskejte p\u0159\u00edstup k neomezen\u00e9mu internetu. Chra\u0148te svou anonymitu s Planet VPN.","robots":{"index":"index","follow":"follow","max-snippet":"max-snippet:-1","max-image-preview":"max-image-preview:large","max-video-preview":"max-video-preview:-1"},"canonical":"https:\/\/freevpnplanet.com\/cs\/change-ip\/","og_locale":"en_US","og_type":"article","og_title":"Jak zm\u011bnit a skr\u00fdt IP adresu pomoc\u00ed bezplatn\u00e9 VPN | Planet VPN","og_description":"Zm\u011bnit IP adresu pomoc\u00ed VPN je snadn\u00e9. Z\u00edskejte p\u0159\u00edstup k neomezen\u00e9mu internetu. Chra\u0148te svou anonymitu s Planet VPN.","og_url":"https:\/\/freevpnplanet.com\/cs\/change-ip\/","og_site_name":"Planet VPN","article_modified_time":"2025-07-18T09:14:18+00:00","twitter_card":"summary_large_image","schema":{"@context":"https:\/\/schema.org","@graph":[{"@type":"WebPage","@id":"https:\/\/freevpnplanet.com\/cs\/change-ip\/","url":"https:\/\/freevpnplanet.com\/cs\/change-ip\/","name":"Jak zm\u011bnit a skr\u00fdt IP adresu pomoc\u00ed bezplatn\u00e9 VPN | Planet VPN","isPartOf":{"@id":"https:\/\/freevpnplanet.com\/cs\/#website"},"datePublished":"2024-05-02T15:08:20+00:00","dateModified":"2025-07-18T09:14:18+00:00","description":"Zm\u011bnit IP adresu pomoc\u00ed VPN je snadn\u00e9. Z\u00edskejte p\u0159\u00edstup k neomezen\u00e9mu internetu. Chra\u0148te svou anonymitu s Planet VPN.","breadcrumb":{"@id":"https:\/\/freevpnplanet.com\/cs\/change-ip\/#breadcrumb"},"inLanguage":"cs","potentialAction":[{"@type":"ReadAction","target":["https:\/\/freevpnplanet.com\/cs\/change-ip\/"]}]},{"@type":"BreadcrumbList","@id":"https:\/\/freevpnplanet.com\/cs\/change-ip\/#breadcrumb","itemListElement":[{"@type":"ListItem","position":1,"name":"Home","item":"https:\/\/freevpnplanet.com\/cs\/"},{"@type":"ListItem","position":2,"name":"Change IP"}]},{"@type":"WebSite","@id":"https:\/\/freevpnplanet.com\/cs\/#website","url":"https:\/\/freevpnplanet.com\/cs\/","name":"Planet VPN \ud83d\udee1\ufe0f\ud83c\udf10 Free VPN","description":"Free VPN","potentialAction":[{"@type":"SearchAction","target":{"@type":"EntryPoint","urlTemplate":"https:\/\/freevpnplanet.com\/cs\/?s={search_term_string}"},"query-input":"required name=search_term_string"}],"inLanguage":"cs","publisher":{"@id":"https:\/\/freevpnplanet.com\/cs\/#organization"}},{"@context":"https:\/\/schema.org\/","@type":"SoftwareApplication","name":"Planet VPN \ud83d\udee1\ufe0f\ud83c\udf10 Free VPN","operatingSystem":"Windows, macOS, iOS, Android, Linux, Chrome","applicationCategory":"SecurityApplication","offers":{"@type":"AggregateOffer","priceCurrency":"USD","price":"0","lowPrice":"0","availability":"https:\/\/schema.org\/InStock"},"aggregateRating":{"@type":"AggregateRating","ratingValue":"4.8","bestRating":"5","ratingCount":"12476"}},{"@type":"Organization","@id":"https:\/\/freevpnplanet.com\/cs\/#organization","url":"https:\/\/freevpnplanet.com\/cs\/","name":"Planet VPN \ud83d\udee1\ufe0f\ud83c\udf10 Free VPN"}]}},"acf":[],"_links":{"self":[{"href":"https:\/\/freevpnplanet.com\/cs\/wp-json\/wp\/v2\/pages\/109549","targetHints":{"allow":["GET"]}}],"collection":[{"href":"https:\/\/freevpnplanet.com\/cs\/wp-json\/wp\/v2\/pages"}],"about":[{"href":"https:\/\/freevpnplanet.com\/cs\/wp-json\/wp\/v2\/types\/page"}],"author":[{"embeddable":true,"href":"https:\/\/freevpnplanet.com\/cs\/wp-json\/wp\/v2\/users\/39"}],"replies":[{"embeddable":true,"href":"https:\/\/freevpnplanet.com\/cs\/wp-json\/wp\/v2\/comments?post=109549"}],"version-history":[{"count":6,"href":"https:\/\/freevpnplanet.com\/cs\/wp-json\/wp\/v2\/pages\/109549\/revisions"}],"predecessor-version":[{"id":171458,"href":"https:\/\/freevpnplanet.com\/cs\/wp-json\/wp\/v2\/pages\/109549\/revisions\/171458"}],"wp:attachment":[{"href":"https:\/\/freevpnplanet.com\/cs\/wp-json\/wp\/v2\/media?parent=109549"}],"wp:term":[{"taxonomy":"download_by_lite_tag","embeddable":true,"href":"https:\/\/freevpnplanet.com\/cs\/wp-json\/wp\/v2\/download_by_lite_tag?post=109549"}],"curies":[{"name":"wp","href":"https:\/\/api.w.org\/{rel}","templated":true}]}}