{"id":96353,"date":"2024-07-01T10:13:33","date_gmt":"2024-07-01T07:13:33","guid":{"rendered":"https:\/\/help.freeplanetvpn.com\/cookies\/"},"modified":"2025-01-15T18:29:14","modified_gmt":"2025-01-15T15:29:14","slug":"cookies","status":"publish","type":"page","link":"https:\/\/freevpnplanet.com\/cs\/cookies\/","title":{"rendered":"Cookies"},"content":{"rendered":"\n<style>.entry-content{margin-bottom:100px}.entry-content,.entry-content p,.entry-content h1,.entry-content h4,.entry-content ul li{color:var(--black)}.entry-content h1{font-size:40px;font-weight:700;margin-bottom:50px}.entry-content h4{font-size:30px;font-weight: 500;margin:40px 0 30px}.entry-content a{color:var(--green)}<\/style>\n\n\n\n<h1 class=\"wp-block-heading\" style=\"font-size:40px\">Z\u00e1sady pou\u017e\u00edv\u00e1n\u00ed cookies<\/h1>\n\n\n\n<p>Cookie je soubor obsahuj\u00edc\u00ed jedine\u010dn\u00fd identifik\u00e1tor. Tento identifik\u00e1tor je odes\u00edl\u00e1n serverem do prohl\u00ed\u017ee\u010de a n\u00e1sledn\u011b ulo\u017een v dr\u017eiteli dat. Tento identifik\u00e1tor je pak p\u0159en\u00e1\u0161en na server poka\u017ed\u00e9, kdy\u017e server obdr\u017e\u00ed po\u017eadavek na str\u00e1nku od prohl\u00ed\u017ee\u010de.<\/p>\n\n\n\n<p>Tyto soubory jsou rozd\u011bleny do 2 r\u016fzn\u00fdch kategori\u00ed:<\/p>\n\n\n\n<ul class=\"wp-block-list\">\n<li>Trval\u00e9<\/li>\n\n\n\n<li>Relace soubory cookies<\/li>\n<\/ul>\n\n\n\n<p>Prohl\u00ed\u017ee\u010d bude ukl\u00e1dat cookies z prvn\u00ed kategorie, dokud nebudou smaz\u00e1ny (automaticky nebo ru\u010dn\u011b).<\/p>\n\n\n\n<p>Rela\u010dn\u00ed cookies se automaticky mazou po skon\u010den\u00ed relace u\u017eivatele (po zav\u0159en\u00ed prohl\u00ed\u017ee\u010de).<\/p>\n\n\n\n<p>Cookies, kter\u00e9 jsou shroma\u017e\u010fov\u00e1ny na Planet VPN, neobsahuj\u00ed \u017e\u00e1dn\u00e9 d\u016fv\u011brn\u00e9 nebo osobn\u00ed informace o klientech.<\/p>\n\n\n\n<h4 class=\"wp-block-heading\">Jak Planet VPN pou\u017e\u00edv\u00e1 soubory cookies<\/h4>\n\n\n\n<p>Planet VPN pou\u017e\u00edv\u00e1 cookie na sv\u00fdch webov\u00fdch str\u00e1nk\u00e1ch (k dispozici na: <a href=\"https:\/\/www.freevpnplanet.com\">https:\/\/www.freevpnplanet.com<\/a>). Popis a p\u0159edpisy jsou vysv\u011btleny na p\u0159\u00edslu\u0161n\u00e9 str\u00e1nce.<\/p>\n\n\n\n<p>Vytvo\u0159en\u00edm \u00fa\u010dtu na na\u0161\u00ed platform\u011b u\u017eivatel\u00e9 souhlas\u00ed s pou\u017eit\u00edm cookies pro v\u0161eobecnou spr\u00e1vu a proces registrace. Pou\u017eit\u00ed cookies v\u00e1m umo\u017en\u00ed zjednodu\u0161it proces autorizace t\u00edm, \u017ee odstran\u00ed pot\u0159ebu p\u0159ihl\u00e1\u0161en\u00ed poka\u017ed\u00e9, kdy\u017e nav\u0161t\u00edv\u00edte webovou str\u00e1nku, a uchov\u00e1v\u00e1 va\u0161e preference p\u0159i pou\u017e\u00edv\u00e1n\u00ed webov\u00e9 str\u00e1nky. Konkr\u00e9tn\u011b jsou tyto cookies automaticky smaz\u00e1ny po odhl\u00e1\u0161en\u00ed u\u017eivatele.<\/p>\n\n\n\n<p>E-commerce a platebn\u00ed metody jsou prezentov\u00e1ny na webov\u00e9 str\u00e1nce. Cookies jsou nezbytn\u00e9 pro spr\u00e1vn\u00e9 zpracov\u00e1n\u00ed plateb.<\/p>\n\n\n\n<p>Planet VPN nab\u00edz\u00ed u\u017eivatel\u016fm vyplnit formul\u00e1\u0159e nebo se \u00fa\u010dastnit r\u016fzn\u00fdch pr\u016fzkum\u016f, aby vzd\u011bl\u00e1vali z\u00e1kazn\u00edky slu\u017eeb, poskytovali u\u017eite\u010dn\u00e9 informace nebo prezentovali u\u017eite\u010dn\u00e9 n\u00e1stroje k lep\u0161\u00ed interakci s u\u017eivateli. Tyto pr\u016fzkumy a studie mohou pou\u017e\u00edvat cookies k tomu, aby se zabr\u00e1nilo stejn\u00e9 osob\u011b v pln\u011bn\u00ed v\u00edce pr\u016fzkum\u016f.<\/p>\n\n\n\n<p>Kdy\u017e p\u00ed\u0161ete koment\u00e1\u0159 na blog nebo vypl\u0148ujete jak\u00e9koliv formul\u00e1\u0159e \/ \u017e\u00e1dosti, pou\u017e\u00edv\u00e1 Planet VPN cookies k ukl\u00e1d\u00e1n\u00ed informac\u00ed u\u017eivatele pro spr\u00e1vn\u00e9 zpracov\u00e1n\u00ed v budoucnosti.<\/p>\n\n\n\n<p>P\u0159i pou\u017e\u00edv\u00e1n\u00ed webov\u00e9 str\u00e1nky Planet VPN sb\u00edr\u00e1 soubory cookies pro nejlep\u0161\u00ed u\u017eivatelskou zku\u0161enost na platform\u011b.<\/p>\n\n\n\n<h4 class=\"wp-block-heading\">Zak\u00e1z\u00e1n\u00ed cookies<\/h4>\n\n\n\n<p>M\u016f\u017eete zak\u00e1zat sb\u011br a pou\u017e\u00edv\u00e1n\u00ed cookies (pro v\u00edce informac\u00ed nav\u0161tivte str\u00e1nku Nastaven\u00ed v preferovan\u00e9m prohl\u00ed\u017ee\u010di). Je t\u0159eba poznamenat, \u017ee zak\u00e1z\u00e1n\u00ed cookies m\u016f\u017ee ovlivnit celkov\u00e9 fungov\u00e1n\u00ed webov\u00fdch zdroj\u016f. Proto nen\u00ed doporu\u010deno vyp\u00ednat cookies.<\/p>\n\n\n\n<p>Zp\u016fsoby, jak zak\u00e1zat soubory cookies, z\u00e1vis\u00ed na r\u016fzn\u00fdch prohl\u00ed\u017ee\u010d\u00edch, proto Planet VPN p\u0159edstavuje seznam str\u00e1nek pro r\u016fzn\u00e9 prohl\u00ed\u017ee\u010de.<\/p>\n\n\n\n<ul class=\"wp-block-list\">\n<li>Chrome<br><a href=\"https:\/\/support.google.com\/chrome\/answer\/95647\">https:\/\/support.google.com\/chrome\/answer\/95647<\/a><\/li>\n\n\n\n<li>Safari<br><a href=\"https:\/\/support.apple.com\/en-gb\/guide\/safari\/manage-cookies-and-website-data-sfri11471\/mac\">https:\/\/support.apple.com\/en-gb\/guide\/safari\/manage-cookies-and-website-data-sfri11471\/mac<\/a><\/li>\n\n\n\n<li>Firefox<br><a href=\"https:\/\/support.mozilla.org\/en-US\/kb\/enable-and-disable-cookies-website-preferences\">https:\/\/support.mozilla.org\/en-US\/kb\/enable-and-disable-cookies-website-preferences<\/a><\/li>\n\n\n\n<li>Opera<br><a href=\"http:\/\/www.opera.com\/help\/tutorials\/security\/cookies\">http:\/\/www.opera.com\/help\/tutorials\/security\/cookies<\/a><\/li>\n\n\n\n<li>Internet Explorer<br><a href=\"https:\/\/support.microsoft.com\/en-gb\/help\/17442\/windows-internet-explorer-delete-manage-cookies\">https:\/\/support.microsoft.com\/en-gb\/help\/17442\/windows-internet-explorer-delete-manage-cookies<\/a><\/li>\n\n\n\n<li>Edge<br><a href=\"https:\/\/privacy.microsoft.com\/en-us\/windows-10-microsoft-edge-and-privacy\">https:\/\/privacy.microsoft.com\/en-us\/windows-10-microsoft-edge-and-privacy<\/a><\/li>\n<\/ul>\n\n\n\n<h4 class=\"wp-block-heading\">Seznam pou\u017eit\u00fdch cookies na Planet VPN<\/h4>\n\n\n\n<p>Zde jsou uvedeny cookies, kter\u00e9 jsou sb\u00edr\u00e1ny a poskytov\u00e1ny spolehliv\u00fdmi t\u0159et\u00edmi stranami. N\u00ed\u017ee uveden\u00e9 cookies jsou ty, se kter\u00fdmi se setk\u00e1te p\u0159i pou\u017e\u00edv\u00e1n\u00ed webov\u00e9 str\u00e1nky.<\/p>\n\n\n\n<h4 class=\"wp-block-heading\">Google Analytics:<\/h4>\n\n\n\n<p>Tyto soubory pat\u0159\u00ed mezi nejspolehliv\u011bj\u0161\u00ed, jejich pou\u017eit\u00ed pom\u00e1h\u00e1 analyzovat celkov\u00e9 fungov\u00e1n\u00ed webov\u00e9 str\u00e1nky a doporu\u010dit, jak ji optimalizovat. Sb\u00edran\u00e9 informace zahrnuj\u00ed \u010das u\u017eivatele na str\u00e1nce, na webov\u00e9 str\u00e1nce a akce proveden\u00e9 na platform\u011b<\/p>\n\n\n\n<p>Pro v\u00edce podrobnost\u00ed o Google Analytics nav\u0161tivte&nbsp;<a href=\"https:\/\/developers.google.com\/analytics\/devguides\/collection\/analyticsjs\/cookie-usage\">ofici\u00e1ln\u00ed str\u00e1nka.<\/a><\/p>\n\n\n\n<h4 class=\"wp-block-heading\">Matomo:<\/h4>\n\n\n\n<p>Tyto cookies pat\u0159\u00ed mezi nejv\u00edce d\u016fv\u011bryhodn\u00e9 a spolehliv\u00e9, jejich pou\u017eit\u00ed pom\u00e1h\u00e1 kvalitativn\u011b analyzovat operace na webov\u00e9 str\u00e1nce a spr\u00e1vn\u011b optimalizovat jejich pou\u017eit\u00ed pro klienty a u\u017eivatele na platform\u011b. Sb\u00edran\u00e9 informace zahrnuj\u00ed \u010das u\u017eivatele na str\u00e1nce, celkov\u00fd \u010das str\u00e1ven\u00fd na webov\u00e9 str\u00e1nce a akce proveden\u00e9 na platform\u011b.<\/p>\n\n\n\n<p>Pro v\u00edce podrobnost\u00ed o Matomo nav\u0161tivte&nbsp;<a href=\"https:\/\/matomo.org\/privacy\/\">ofici\u00e1ln\u00ed str\u00e1nka.<\/a><\/p>\n\n\n\n<h4 class=\"wp-block-heading\">Zendesk:<\/h4>\n\n\n\n<p>Abyste v\u00e1m poskytli pot\u0159ebnou pomoc v online chatov\u00e1n\u00ed a vytvo\u0159ili &#8220;Znalostn\u00ed b\u00e1zi&#8221;, pou\u017e\u00edv\u00e1me Zendesk. Zendesk m\u016f\u017ee um\u00edstit n\u011bkter\u00e9 soubory cookies do va\u0161eho prohl\u00ed\u017ee\u010de. Jsou zn\u00e1my jako prvo\u0159ad\u00e9 soubory a jsou nezbytn\u00e9 k uchov\u00e1n\u00ed informac\u00ed o relaci. Nap\u0159\u00edklad pou\u017e\u00edv\u00e1me cookies na na\u0161ich webov\u00fdch str\u00e1nk\u00e1ch k pochopen\u00ed preference n\u00e1v\u0161t\u011bvn\u00edk\u016f a u\u017eivatel\u016f, zlep\u0161en\u00ed jejich zku\u0161enosti, sledov\u00e1n\u00ed a anal\u00fdze pou\u017eit\u00ed, navigace a dal\u0161\u00edch nezbytn\u00fdch statistick\u00fdch informac\u00ed.<\/p>\n\n\n\n<p>Z\u00e1sady ochrany osobn\u00edch \u00fadaj\u016f jsou k dispozici&nbsp;<a href=\"https:\/\/www.zendesk.com\/company\/customers-partners\/privacy-policy\/\">k recenzi na.<\/a><\/p>\n\n\n\n<h4 class=\"wp-block-heading\">M\u016f\u017eete n\u00e1s kontaktovat<\/h4>\n\n\n\n<ul class=\"wp-block-list\">\n<li>Pou\u017e\u00edv\u00e1n\u00ed na\u0161ich webov\u00fdch str\u00e1nek<br><a href=\"https:\/\/freevpnplanet.com\/cs\/contact-us\/\">Kontaktn\u00ed \u00fadaje<\/a><\/li>\n\n\n\n<li>E-mailem pou\u017eit\u00ed<br><a href=\"mailto:support@freevpnplanet.com\">support@freevpnplanet.com<\/a><\/li>\n<\/ul>\n","protected":false},"excerpt":{"rendered":"<p>Z\u00e1sady pou\u017e\u00edv\u00e1n\u00ed cookies Cookie je soubor obsahuj\u00edc\u00ed jedine\u010dn\u00fd identifik\u00e1tor. Tento identifik\u00e1tor je odes\u00edl\u00e1n serverem do prohl\u00ed\u017ee\u010de a n\u00e1sledn\u011b ulo\u017een v dr\u017eiteli dat. Tento identifik\u00e1tor je pak p\u0159en\u00e1\u0161en na server poka\u017ed\u00e9, kdy\u017e server obdr\u017e\u00ed po\u017eadavek na str\u00e1nku od prohl\u00ed\u017ee\u010de. Tyto soubory jsou rozd\u011bleny do 2 r\u016fzn\u00fdch kategori\u00ed: Prohl\u00ed\u017ee\u010d bude ukl\u00e1dat cookies z prvn\u00ed kategorie, dokud nebudou&#8230;<\/p>\n","protected":false},"author":13,"featured_media":0,"parent":0,"menu_order":0,"comment_status":"closed","ping_status":"closed","template":"templates\/page_template-basic_for_gutenberg.php","meta":{"_acf_changed":false,"inline_featured_image":false,"footnotes":""},"download_by_lite_tag":[],"class_list":["post-96353","page","type-page","status-publish","hentry"],"yoast_head":"<!-- This site is optimized with the Yoast SEO plugin v22.6 - https:\/\/yoast.com\/wordpress\/plugins\/seo\/ -->\n<title>Z\u00e1sady pou\u017e\u00edv\u00e1n\u00ed cookies - Planet VPN<\/title>\n<meta name=\"description\" content=\"Na\u0161e pravidla cookies: jak\u00e9 cookies pou\u017e\u00edv\u00e1me k zaji\u0161t\u011bn\u00ed vynikaj\u00edc\u00edho v\u00fdkonu. Nebojte se: v\u0161echny \u00fadaje o pou\u017e\u00edv\u00e1n\u00ed slu\u017eby jsou anonymn\u00ed.\" \/>\n<meta name=\"robots\" content=\"index, follow, max-snippet:-1, max-image-preview:large, max-video-preview:-1\" \/>\n<link rel=\"canonical\" href=\"https:\/\/freevpnplanet.com\/cs\/cookies\/\" \/>\n<meta property=\"og:locale\" content=\"en_US\" \/>\n<meta property=\"og:type\" content=\"article\" \/>\n<meta property=\"og:title\" content=\"Z\u00e1sady pou\u017e\u00edv\u00e1n\u00ed cookies - Planet VPN\" \/>\n<meta property=\"og:description\" content=\"Na\u0161e pravidla cookies: jak\u00e9 cookies pou\u017e\u00edv\u00e1me k zaji\u0161t\u011bn\u00ed vynikaj\u00edc\u00edho v\u00fdkonu. Nebojte se: v\u0161echny \u00fadaje o pou\u017e\u00edv\u00e1n\u00ed slu\u017eby jsou anonymn\u00ed.\" \/>\n<meta property=\"og:url\" content=\"https:\/\/freevpnplanet.com\/cs\/cookies\/\" \/>\n<meta property=\"og:site_name\" content=\"Planet VPN\" \/>\n<meta property=\"article:modified_time\" content=\"2025-01-15T15:29:14+00:00\" \/>\n<meta name=\"twitter:card\" content=\"summary_large_image\" \/>\n<meta name=\"twitter:label1\" content=\"Est. reading time\" \/>\n\t<meta name=\"twitter:data1\" content=\"3 minutes\" \/>\n<script type=\"application\/ld+json\" class=\"yoast-schema-graph\">{\"@context\":\"https:\/\/schema.org\",\"@graph\":[{\"@type\":\"WebPage\",\"@id\":\"https:\/\/freevpnplanet.com\/cs\/cookies\/\",\"url\":\"https:\/\/freevpnplanet.com\/cs\/cookies\/\",\"name\":\"Z\u00e1sady pou\u017e\u00edv\u00e1n\u00ed cookies - Planet VPN\",\"isPartOf\":{\"@id\":\"https:\/\/freevpnplanet.com\/cs\/#website\"},\"datePublished\":\"2024-07-01T07:13:33+00:00\",\"dateModified\":\"2025-01-15T15:29:14+00:00\",\"description\":\"Na\u0161e pravidla cookies: jak\u00e9 cookies pou\u017e\u00edv\u00e1me k zaji\u0161t\u011bn\u00ed vynikaj\u00edc\u00edho v\u00fdkonu. Nebojte se: v\u0161echny \u00fadaje o pou\u017e\u00edv\u00e1n\u00ed slu\u017eby jsou anonymn\u00ed.\",\"breadcrumb\":{\"@id\":\"https:\/\/freevpnplanet.com\/cs\/cookies\/#breadcrumb\"},\"inLanguage\":\"cs\",\"potentialAction\":[{\"@type\":\"ReadAction\",\"target\":[\"https:\/\/freevpnplanet.com\/cs\/cookies\/\"]}]},{\"@type\":\"BreadcrumbList\",\"@id\":\"https:\/\/freevpnplanet.com\/cs\/cookies\/#breadcrumb\",\"itemListElement\":[{\"@type\":\"ListItem\",\"position\":1,\"name\":\"Home\",\"item\":\"https:\/\/freevpnplanet.com\/cs\/\"},{\"@type\":\"ListItem\",\"position\":2,\"name\":\"Cookies\"}]},{\"@type\":\"WebSite\",\"@id\":\"https:\/\/freevpnplanet.com\/cs\/#website\",\"url\":\"https:\/\/freevpnplanet.com\/cs\/\",\"name\":\"Planet VPN \ud83d\udee1\ufe0f\ud83c\udf10 Free VPN\",\"description\":\"Free VPN\",\"potentialAction\":[{\"@type\":\"SearchAction\",\"target\":{\"@type\":\"EntryPoint\",\"urlTemplate\":\"https:\/\/freevpnplanet.com\/cs\/?s={search_term_string}\"},\"query-input\":\"required name=search_term_string\"}],\"inLanguage\":\"cs\",\"publisher\":{\"@id\":\"https:\/\/freevpnplanet.com\/cs\/#organization\"}},{\"@context\":\"https:\/\/schema.org\/\",\"@type\":\"SoftwareApplication\",\"name\":\"Planet VPN \ud83d\udee1\ufe0f\ud83c\udf10 Free VPN\",\"operatingSystem\":\"Windows, macOS, iOS, Android, Linux, Chrome\",\"applicationCategory\":\"SecurityApplication\",\"offers\":{\"@type\":\"AggregateOffer\",\"priceCurrency\":\"USD\",\"price\":\"0\",\"lowPrice\":\"0\",\"availability\":\"https:\/\/schema.org\/InStock\"},\"aggregateRating\":{\"@type\":\"AggregateRating\",\"ratingValue\":\"4.8\",\"bestRating\":\"5\",\"ratingCount\":\"12476\"}},{\"@type\":\"Organization\",\"@id\":\"https:\/\/freevpnplanet.com\/cs\/#organization\",\"url\":\"https:\/\/freevpnplanet.com\/cs\/\",\"name\":\"Planet VPN \ud83d\udee1\ufe0f\ud83c\udf10 Free VPN\"}]}<\/script>\n<!-- \/ Yoast SEO plugin. -->","yoast_head_json":{"title":"Z\u00e1sady pou\u017e\u00edv\u00e1n\u00ed cookies - Planet VPN","description":"Na\u0161e pravidla cookies: jak\u00e9 cookies pou\u017e\u00edv\u00e1me k zaji\u0161t\u011bn\u00ed vynikaj\u00edc\u00edho v\u00fdkonu. Nebojte se: v\u0161echny \u00fadaje o pou\u017e\u00edv\u00e1n\u00ed slu\u017eby jsou anonymn\u00ed.","robots":{"index":"index","follow":"follow","max-snippet":"max-snippet:-1","max-image-preview":"max-image-preview:large","max-video-preview":"max-video-preview:-1"},"canonical":"https:\/\/freevpnplanet.com\/cs\/cookies\/","og_locale":"en_US","og_type":"article","og_title":"Z\u00e1sady pou\u017e\u00edv\u00e1n\u00ed cookies - Planet VPN","og_description":"Na\u0161e pravidla cookies: jak\u00e9 cookies pou\u017e\u00edv\u00e1me k zaji\u0161t\u011bn\u00ed vynikaj\u00edc\u00edho v\u00fdkonu. Nebojte se: v\u0161echny \u00fadaje o pou\u017e\u00edv\u00e1n\u00ed slu\u017eby jsou anonymn\u00ed.","og_url":"https:\/\/freevpnplanet.com\/cs\/cookies\/","og_site_name":"Planet VPN","article_modified_time":"2025-01-15T15:29:14+00:00","twitter_card":"summary_large_image","twitter_misc":{"Est. reading time":"3 minutes"},"schema":{"@context":"https:\/\/schema.org","@graph":[{"@type":"WebPage","@id":"https:\/\/freevpnplanet.com\/cs\/cookies\/","url":"https:\/\/freevpnplanet.com\/cs\/cookies\/","name":"Z\u00e1sady pou\u017e\u00edv\u00e1n\u00ed cookies - Planet VPN","isPartOf":{"@id":"https:\/\/freevpnplanet.com\/cs\/#website"},"datePublished":"2024-07-01T07:13:33+00:00","dateModified":"2025-01-15T15:29:14+00:00","description":"Na\u0161e pravidla cookies: jak\u00e9 cookies pou\u017e\u00edv\u00e1me k zaji\u0161t\u011bn\u00ed vynikaj\u00edc\u00edho v\u00fdkonu. Nebojte se: v\u0161echny \u00fadaje o pou\u017e\u00edv\u00e1n\u00ed slu\u017eby jsou anonymn\u00ed.","breadcrumb":{"@id":"https:\/\/freevpnplanet.com\/cs\/cookies\/#breadcrumb"},"inLanguage":"cs","potentialAction":[{"@type":"ReadAction","target":["https:\/\/freevpnplanet.com\/cs\/cookies\/"]}]},{"@type":"BreadcrumbList","@id":"https:\/\/freevpnplanet.com\/cs\/cookies\/#breadcrumb","itemListElement":[{"@type":"ListItem","position":1,"name":"Home","item":"https:\/\/freevpnplanet.com\/cs\/"},{"@type":"ListItem","position":2,"name":"Cookies"}]},{"@type":"WebSite","@id":"https:\/\/freevpnplanet.com\/cs\/#website","url":"https:\/\/freevpnplanet.com\/cs\/","name":"Planet VPN \ud83d\udee1\ufe0f\ud83c\udf10 Free VPN","description":"Free VPN","potentialAction":[{"@type":"SearchAction","target":{"@type":"EntryPoint","urlTemplate":"https:\/\/freevpnplanet.com\/cs\/?s={search_term_string}"},"query-input":"required name=search_term_string"}],"inLanguage":"cs","publisher":{"@id":"https:\/\/freevpnplanet.com\/cs\/#organization"}},{"@context":"https:\/\/schema.org\/","@type":"SoftwareApplication","name":"Planet VPN \ud83d\udee1\ufe0f\ud83c\udf10 Free VPN","operatingSystem":"Windows, macOS, iOS, Android, Linux, Chrome","applicationCategory":"SecurityApplication","offers":{"@type":"AggregateOffer","priceCurrency":"USD","price":"0","lowPrice":"0","availability":"https:\/\/schema.org\/InStock"},"aggregateRating":{"@type":"AggregateRating","ratingValue":"4.8","bestRating":"5","ratingCount":"12476"}},{"@type":"Organization","@id":"https:\/\/freevpnplanet.com\/cs\/#organization","url":"https:\/\/freevpnplanet.com\/cs\/","name":"Planet VPN \ud83d\udee1\ufe0f\ud83c\udf10 Free VPN"}]}},"acf":[],"_links":{"self":[{"href":"https:\/\/freevpnplanet.com\/cs\/wp-json\/wp\/v2\/pages\/96353","targetHints":{"allow":["GET"]}}],"collection":[{"href":"https:\/\/freevpnplanet.com\/cs\/wp-json\/wp\/v2\/pages"}],"about":[{"href":"https:\/\/freevpnplanet.com\/cs\/wp-json\/wp\/v2\/types\/page"}],"author":[{"embeddable":true,"href":"https:\/\/freevpnplanet.com\/cs\/wp-json\/wp\/v2\/users\/13"}],"replies":[{"embeddable":true,"href":"https:\/\/freevpnplanet.com\/cs\/wp-json\/wp\/v2\/comments?post=96353"}],"version-history":[{"count":1,"href":"https:\/\/freevpnplanet.com\/cs\/wp-json\/wp\/v2\/pages\/96353\/revisions"}],"predecessor-version":[{"id":151180,"href":"https:\/\/freevpnplanet.com\/cs\/wp-json\/wp\/v2\/pages\/96353\/revisions\/151180"}],"wp:attachment":[{"href":"https:\/\/freevpnplanet.com\/cs\/wp-json\/wp\/v2\/media?parent=96353"}],"wp:term":[{"taxonomy":"download_by_lite_tag","embeddable":true,"href":"https:\/\/freevpnplanet.com\/cs\/wp-json\/wp\/v2\/download_by_lite_tag?post=96353"}],"curies":[{"name":"wp","href":"https:\/\/api.w.org\/{rel}","templated":true}]}}