{"id":96928,"date":"2024-05-16T18:58:36","date_gmt":"2024-05-16T15:58:36","guid":{"rendered":"https:\/\/help.freeplanetvpn.com\/instagram\/"},"modified":"2025-04-30T18:01:02","modified_gmt":"2025-04-30T15:01:02","slug":"instagram","status":"publish","type":"page","link":"https:\/\/freevpnplanet.com\/cs\/instagram\/","title":{"rendered":"Instagram"},"content":{"rendered":"\n<section class=\"image-text custom-block align-full   mobile-image-top mobile-title-center  header-size-medium text-size-small   content-left\" style='overflow: hidden;;--background-color:var(--white); --text-color:var(--black);--min-height-mobile:400px;--min-height-desktop:580px;--content-width:50%'>\n\n    <div class=\"gutenberg-block-background\"><\/div>\n    <div class=\"image-text__inner inner-container\">\n\n        \n                    <div class=\"image-text__content\">\n\n                <h1>Nejlep\u0161\u00ed bezplatn\u00e1 VPN pro Instagram v roce 2026<\/h1>\n<p>Nyn\u00ed m\u016f\u017eete kdykoli p\u0159istupovat k Instagramu a pokra\u010dovat v podnik\u00e1n\u00ed prost\u0159ednictv\u00edm sv\u00e9ho \u00fa\u010dtu a komunikovat s p\u0159\u00e1teli a sleduj\u00edc\u00edmi jako obvykle. A va\u0161e data jsou \u0161ifrovan\u00e1, proto\u017ee pomoc\u00ed zabezpe\u010den\u00e9ho p\u0159ipojen\u00ed se vyhnete z\u00e1sah\u016fm t\u0159et\u00edch stran.<\/p>\n                                    <div class=\"image-text__cta\">\n                        <a href=\"\/cs\/plans\/\" target=\"_self\" id=\"qa-hero-cta-btn\" class=\"cta download-by-platform cta--with-border cta-size--small cta-mt--initial has-icon icon-position--icon-right\" style=\"--button-background-color: var(--red);--button-background-color-hover: var(--red-hover);--button-background-color-pressed: var(--red-pressed);--border-radius:40px\"><svg width=\"23\" height=\"18\" viewBox=\"0 0 23 18\" fill=\"none\" xmlns=\"http:\/\/www.w3.org\/2000\/svg\">\n<path d=\"M17.7836 6.6595C17.7398 3.68266 15.1238 1.27338 11.9145 1.27338C10.4869 1.27338 9.11155 1.75662 8.04185 2.6341C7.08715 3.4172 6.43407 4.4637 6.17544 5.61266C6.15654 5.61247 6.13782 5.61232 6.11913 5.61232C3.37727 5.61236 1.14648 7.68815 1.14648 10.2396C1.14648 12.7911 3.37727 14.8668 6.11917 14.8668H7.94424C8.19131 14.8668 8.39171 14.6804 8.39171 14.4505C8.39171 14.2205 8.19131 14.0341 7.94424 14.0341H6.11917C3.87068 14.0341 2.04144 12.3319 2.04144 10.2396C2.04144 8.14733 3.87068 6.44515 6.11917 6.44515C6.23896 6.44515 6.36559 6.45114 6.50636 6.46345C6.74496 6.48405 6.95917 6.32632 6.99166 6.10514C7.1528 5.00609 7.73593 3.99525 8.63367 3.25883C9.53981 2.5155 10.7049 2.10617 11.9145 2.10617C14.6576 2.10617 16.8892 4.1828 16.8892 6.73532C16.8892 6.82722 16.8708 7.06488 16.8708 7.06488C16.8615 7.18737 16.9107 7.30745 17.0055 7.39299C17.1001 7.47853 17.2304 7.5207 17.3619 7.50854C17.4809 7.49736 17.601 7.49176 17.7188 7.49176C19.6571 7.49176 21.2341 8.95919 21.2341 10.7629C21.2341 12.5666 19.6571 14.034 17.7188 14.034H15.7147C15.4676 14.034 15.2672 14.2204 15.2672 14.4504C15.2672 14.6804 15.4676 14.8668 15.7147 14.8668H17.7188C20.1506 14.8668 22.129 13.0258 22.129 10.7629C22.129 8.52026 20.1856 6.69192 17.7836 6.6595Z\" fill=\"white\"\/>\n<path d=\"M12.7449 4.39177C10.8737 4.39177 9.27203 5.69297 9.01909 7.41842C8.98569 7.64627 9.15724 7.85552 9.40198 7.88729C9.66295 7.92115 9.87523 7.73974 9.90585 7.53099C10.0985 6.21614 11.3191 5.2246 12.7449 5.2246C12.992 5.2246 13.1924 5.0382 13.1924 4.80821C13.1924 4.57818 12.992 4.39177 12.7449 4.39177Z\" fill=\"white\"\/>\n<path d=\"M13.9851 15.1566C13.8205 14.9851 13.5376 14.9702 13.3532 15.1235L12.2769 16.0182V10.8955C12.2769 10.6656 12.0765 10.4791 11.8294 10.4791C11.5822 10.4791 11.3819 10.6656 11.3819 10.8955V16.0182L10.3056 15.1234C10.1213 14.9702 9.83834 14.9851 9.67376 15.1565C9.5091 15.3281 9.525 15.5912 9.70934 15.7445L11.337 17.0976C11.4774 17.2144 11.6533 17.2727 11.8293 17.2727C12.0053 17.2727 12.1813 17.2143 12.3217 17.0977L13.9494 15.7445C14.1338 15.5914 14.1497 15.3281 13.9851 15.1566Z\" fill=\"white\"\/>\n<path d=\"M17.7836 6.6595C17.7398 3.68266 15.1238 1.27338 11.9145 1.27338C10.4869 1.27338 9.11155 1.75662 8.04185 2.6341C7.08715 3.4172 6.43407 4.4637 6.17544 5.61266C6.15654 5.61247 6.13782 5.61232 6.11913 5.61232C3.37727 5.61236 1.14648 7.68815 1.14648 10.2396C1.14648 12.7911 3.37727 14.8668 6.11917 14.8668H7.94424C8.19131 14.8668 8.39171 14.6804 8.39171 14.4505C8.39171 14.2205 8.19131 14.0341 7.94424 14.0341H6.11917C3.87068 14.0341 2.04144 12.3319 2.04144 10.2396C2.04144 8.14733 3.87068 6.44515 6.11917 6.44515C6.23896 6.44515 6.36559 6.45114 6.50636 6.46345C6.74496 6.48405 6.95917 6.32632 6.99166 6.10514C7.1528 5.00609 7.73593 3.99525 8.63367 3.25883C9.53981 2.5155 10.7049 2.10617 11.9145 2.10617C14.6576 2.10617 16.8892 4.1828 16.8892 6.73532C16.8892 6.82722 16.8708 7.06488 16.8708 7.06488C16.8615 7.18737 16.9107 7.30745 17.0055 7.39299C17.1001 7.47853 17.2304 7.5207 17.3619 7.50854C17.4809 7.49736 17.601 7.49176 17.7188 7.49176C19.6571 7.49176 21.2341 8.95919 21.2341 10.7629C21.2341 12.5666 19.6571 14.034 17.7188 14.034H15.7147C15.4676 14.034 15.2672 14.2204 15.2672 14.4504C15.2672 14.6804 15.4676 14.8668 15.7147 14.8668H17.7188C20.1506 14.8668 22.129 13.0258 22.129 10.7629C22.129 8.52026 20.1856 6.69192 17.7836 6.6595Z\" stroke=\"white\"\/>\n<path d=\"M12.7449 4.39177C10.8737 4.39177 9.27203 5.69297 9.01909 7.41842C8.98569 7.64627 9.15724 7.85552 9.40198 7.88729C9.66295 7.92115 9.87523 7.73974 9.90585 7.53099C10.0985 6.21614 11.3191 5.2246 12.7449 5.2246C12.992 5.2246 13.1924 5.0382 13.1924 4.80821C13.1924 4.57818 12.992 4.39177 12.7449 4.39177Z\" stroke=\"white\"\/>\n<path d=\"M13.9851 15.1566C13.8205 14.9851 13.5376 14.9702 13.3532 15.1235L12.2769 16.0182V10.8955C12.2769 10.6656 12.0765 10.4791 11.8294 10.4791C11.5822 10.4791 11.3819 10.6656 11.3819 10.8955V16.0182L10.3056 15.1234C10.1213 14.9702 9.83834 14.9851 9.67376 15.1565C9.5091 15.3281 9.525 15.5912 9.70934 15.7445L11.337 17.0976C11.4774 17.2144 11.6533 17.2727 11.8293 17.2727C12.0053 17.2727 12.1813 17.2143 12.3217 17.0977L13.9494 15.7445C14.1338 15.5914 14.1497 15.3281 13.9851 15.1566Z\" stroke=\"white\"\/>\n<\/svg>\n<span class=\"cta__name\">St\u00e1hnout pro <span class=\"download-by-platform__platform-name\">Windows<\/span><\/span><\/a>                    <\/div>\n                \n            <\/div>\n        \n                    <div class=\"bg-image-wrapper bg-image-wrapper--desktop right image-align--center\">\n                <figure style='--image-max-width:1000px;--image-opacity:1.00;width: calc(44% - 20px)'>\n                    <img decoding=\"async\" width=\"582\" height=\"450\" src=\"https:\/\/freevpnplanet.com\/wp-content\/uploads\/2024\/05\/rvpn-hero-image.5c71b051-20240519_002205_480771.png\" class=\"bg-image\" alt=\"Background Image for Desktop\" \/>                <\/figure>\n            <\/div>\n        \n                    <div class=\"bg-image-wrapper bg-image-wrapper--mobile regular-image\">\n                <figure style='width: 90%;max-width: 480px;opacity: 1.00;margin-top: 24px'>\n                    <img decoding=\"async\" width=\"582\" height=\"450\" src=\"https:\/\/freevpnplanet.com\/wp-content\/uploads\/2024\/05\/rvpn-hero-image.5c71b051-20240519_002205_480771.png\" class=\"bg-image\" alt=\"Background Image for Mobile\" \/>                <\/figure>\n            <\/div>\n            <\/div>\n<\/section>\n\n\n<section class=\"wrapper custom-block align-full    \" style='--background-color:var(--dark-blue-8)'>\n\n    <div class=\"gutenberg-block-background\"><\/div>\n    <div class=\"wrapper__inner inner-container\">\n        \n\n<p>Pou\u017e\u00edv\u00e1n\u00ed Instagramu p\u0159es VPN znamen\u00e1 mo\u017enost z\u016fstat v kontaktu se sv\u00fdmi sleduj\u00edc\u00edmi a p\u0159\u00e1teli po cel\u00e9m sv\u011bt\u011b. Je to mo\u017enost pokra\u010dovat v podnik\u00e1n\u00ed prost\u0159ednictv\u00edm sv\u00e9ho \u00fa\u010dtu, vytv\u00e1\u0159et p\u0159\u00edb\u011bhy, prohl\u00ed\u017eet a publikovat p\u0159et\u00e1\u010dky a pracovat s reklamn\u00edm \u00fa\u010dtem. S Planet VPN m\u016f\u017eete blogovat, propagovat sv\u016fj \u00fa\u010det zp\u016fsobem, na kter\u00fd jste obvykle zvykl\u00ed, a z\u00e1rove\u0148 m\u00e1te n\u011bkolik v\u00fdhod.<\/p>\n\n\n\n<p>Vzhledem k sou\u010dasn\u00fdm z\u00e1kaz\u016fm je pou\u017eit\u00ed na\u0161\u00ed bezplatn\u00e9 VPN pro instagram jedin\u00fdm zp\u016fsobem, jak z\u00edskat p\u0159\u00edstup ke sv\u00e9 obl\u00edben\u00e9 soci\u00e1ln\u00ed s\u00edti. St\u00e1hnout si ji m\u016f\u017eete p\u0159\u00edmo na t\u00e9to str\u00e1nce kliknut\u00edm na tla\u010d\u00edtko v\u00fd\u0161e. Registrace a zad\u00e1v\u00e1n\u00ed osobn\u00edch \u00fadaj\u016f nen\u00ed pot\u0159eba.<\/p>\n\n\n\n<h2 class=\"wp-block-heading\">Pokud st\u00e1le pochybujete, \u017ee Instagram bude p\u0159es VPN fungovat, pak v\u00e1s uji\u0161\u0165ujeme \u2013 bude!<\/h2>\n\n\n\n<p>Planet VPN je zabezpe\u010den\u00fd kan\u00e1l mezi internetem a va\u0161\u00edm smartphonem, tabletem nebo po\u010d\u00edta\u010dem.<\/p>\n\n\n\n<p>Pomoc\u00ed zabezpe\u010den\u00e9ho p\u0159ipojen\u00ed se p\u0159i p\u0159ipojov\u00e1n\u00ed k otev\u0159en\u00fdm internetov\u00fdm s\u00edt\u00edm v kav\u00e1rn\u00e1ch, na leti\u0161t\u00edch, \u010derpac\u00edch stanic\u00edch, v n\u00e1kupn\u00edch centrech a dal\u0161\u00edch ve\u0159ejn\u00fdch p\u0159\u00edstupov\u00fdch bodech Wi-Fi vyhnete ru\u0161en\u00ed ze strany t\u0159et\u00edch stran nebo \u0161kodliv\u00fdm str\u00e1nk\u00e1m. Budete moci vyu\u017e\u00edvat informace bez cenzury, \u0161ifrovat sv\u016fj internetov\u00fd provoz a chr\u00e1nit tak sv\u00e9 soukrom\u00ed.<\/p>\n\n\n\n<section class=\"banner custom-block align-wide \">\n    <div class=\"banner__inner inner-container\">\n        <div class=\"banner__content\">\n                            <div class=\"banner__title\">\n                    <h3>Nastaven\u00ed Planet VPN pro INSTAGRAM nyn\u00ed<\/h3>\n                <\/div>\n            \n                            <div class=\"banner__text\">\n                    <ul>\n<li>Rychl\u00e9 servery<\/li>\n<li>\u017d\u00e1dn\u00e9 reklamy<\/li>\n<li>Technick\u00e1 podpora<\/li>\n<\/ul>\n<ul>\n<li>Nen\u00ed nutn\u00e1 registrace<\/li>\n<li>\u017d\u00e1dn\u00e9 protokoly ani shroma\u017e\u010fov\u00e1n\u00ed osobn\u00edch \u00fadaj\u016f<\/li>\n<li>Aplikace nebo konfigura\u010dn\u00ed soubory pro libovoln\u00e9 za\u0159\u00edzen\u00ed<\/li>\n<\/ul>                <\/div>\n            \n                            <div class=\"banner__cta\">\n                                            <a href=\"\/cs\/plans\/\" target=\"_self\" id=\"qa-banner-mid-cta\" class=\"cta download-by-platform cta--with-border cta-size--small cta-mt--initial has-icon icon-position--icon-right\" style=\"--button-background-color: var(--red);--button-background-color-hover: var(--red-hover);--button-background-color-pressed: var(--red-pressed);--border-radius:40px\"><svg width=\"23\" height=\"18\" viewBox=\"0 0 23 18\" fill=\"none\" xmlns=\"http:\/\/www.w3.org\/2000\/svg\">\n<path d=\"M17.7836 6.6595C17.7398 3.68266 15.1238 1.27338 11.9145 1.27338C10.4869 1.27338 9.11155 1.75662 8.04185 2.6341C7.08715 3.4172 6.43407 4.4637 6.17544 5.61266C6.15654 5.61247 6.13782 5.61232 6.11913 5.61232C3.37727 5.61236 1.14648 7.68815 1.14648 10.2396C1.14648 12.7911 3.37727 14.8668 6.11917 14.8668H7.94424C8.19131 14.8668 8.39171 14.6804 8.39171 14.4505C8.39171 14.2205 8.19131 14.0341 7.94424 14.0341H6.11917C3.87068 14.0341 2.04144 12.3319 2.04144 10.2396C2.04144 8.14733 3.87068 6.44515 6.11917 6.44515C6.23896 6.44515 6.36559 6.45114 6.50636 6.46345C6.74496 6.48405 6.95917 6.32632 6.99166 6.10514C7.1528 5.00609 7.73593 3.99525 8.63367 3.25883C9.53981 2.5155 10.7049 2.10617 11.9145 2.10617C14.6576 2.10617 16.8892 4.1828 16.8892 6.73532C16.8892 6.82722 16.8708 7.06488 16.8708 7.06488C16.8615 7.18737 16.9107 7.30745 17.0055 7.39299C17.1001 7.47853 17.2304 7.5207 17.3619 7.50854C17.4809 7.49736 17.601 7.49176 17.7188 7.49176C19.6571 7.49176 21.2341 8.95919 21.2341 10.7629C21.2341 12.5666 19.6571 14.034 17.7188 14.034H15.7147C15.4676 14.034 15.2672 14.2204 15.2672 14.4504C15.2672 14.6804 15.4676 14.8668 15.7147 14.8668H17.7188C20.1506 14.8668 22.129 13.0258 22.129 10.7629C22.129 8.52026 20.1856 6.69192 17.7836 6.6595Z\" fill=\"white\"\/>\n<path d=\"M12.7449 4.39177C10.8737 4.39177 9.27203 5.69297 9.01909 7.41842C8.98569 7.64627 9.15724 7.85552 9.40198 7.88729C9.66295 7.92115 9.87523 7.73974 9.90585 7.53099C10.0985 6.21614 11.3191 5.2246 12.7449 5.2246C12.992 5.2246 13.1924 5.0382 13.1924 4.80821C13.1924 4.57818 12.992 4.39177 12.7449 4.39177Z\" fill=\"white\"\/>\n<path d=\"M13.9851 15.1566C13.8205 14.9851 13.5376 14.9702 13.3532 15.1235L12.2769 16.0182V10.8955C12.2769 10.6656 12.0765 10.4791 11.8294 10.4791C11.5822 10.4791 11.3819 10.6656 11.3819 10.8955V16.0182L10.3056 15.1234C10.1213 14.9702 9.83834 14.9851 9.67376 15.1565C9.5091 15.3281 9.525 15.5912 9.70934 15.7445L11.337 17.0976C11.4774 17.2144 11.6533 17.2727 11.8293 17.2727C12.0053 17.2727 12.1813 17.2143 12.3217 17.0977L13.9494 15.7445C14.1338 15.5914 14.1497 15.3281 13.9851 15.1566Z\" fill=\"white\"\/>\n<path d=\"M17.7836 6.6595C17.7398 3.68266 15.1238 1.27338 11.9145 1.27338C10.4869 1.27338 9.11155 1.75662 8.04185 2.6341C7.08715 3.4172 6.43407 4.4637 6.17544 5.61266C6.15654 5.61247 6.13782 5.61232 6.11913 5.61232C3.37727 5.61236 1.14648 7.68815 1.14648 10.2396C1.14648 12.7911 3.37727 14.8668 6.11917 14.8668H7.94424C8.19131 14.8668 8.39171 14.6804 8.39171 14.4505C8.39171 14.2205 8.19131 14.0341 7.94424 14.0341H6.11917C3.87068 14.0341 2.04144 12.3319 2.04144 10.2396C2.04144 8.14733 3.87068 6.44515 6.11917 6.44515C6.23896 6.44515 6.36559 6.45114 6.50636 6.46345C6.74496 6.48405 6.95917 6.32632 6.99166 6.10514C7.1528 5.00609 7.73593 3.99525 8.63367 3.25883C9.53981 2.5155 10.7049 2.10617 11.9145 2.10617C14.6576 2.10617 16.8892 4.1828 16.8892 6.73532C16.8892 6.82722 16.8708 7.06488 16.8708 7.06488C16.8615 7.18737 16.9107 7.30745 17.0055 7.39299C17.1001 7.47853 17.2304 7.5207 17.3619 7.50854C17.4809 7.49736 17.601 7.49176 17.7188 7.49176C19.6571 7.49176 21.2341 8.95919 21.2341 10.7629C21.2341 12.5666 19.6571 14.034 17.7188 14.034H15.7147C15.4676 14.034 15.2672 14.2204 15.2672 14.4504C15.2672 14.6804 15.4676 14.8668 15.7147 14.8668H17.7188C20.1506 14.8668 22.129 13.0258 22.129 10.7629C22.129 8.52026 20.1856 6.69192 17.7836 6.6595Z\" stroke=\"white\"\/>\n<path d=\"M12.7449 4.39177C10.8737 4.39177 9.27203 5.69297 9.01909 7.41842C8.98569 7.64627 9.15724 7.85552 9.40198 7.88729C9.66295 7.92115 9.87523 7.73974 9.90585 7.53099C10.0985 6.21614 11.3191 5.2246 12.7449 5.2246C12.992 5.2246 13.1924 5.0382 13.1924 4.80821C13.1924 4.57818 12.992 4.39177 12.7449 4.39177Z\" stroke=\"white\"\/>\n<path d=\"M13.9851 15.1566C13.8205 14.9851 13.5376 14.9702 13.3532 15.1235L12.2769 16.0182V10.8955C12.2769 10.6656 12.0765 10.4791 11.8294 10.4791C11.5822 10.4791 11.3819 10.6656 11.3819 10.8955V16.0182L10.3056 15.1234C10.1213 14.9702 9.83834 14.9851 9.67376 15.1565C9.5091 15.3281 9.525 15.5912 9.70934 15.7445L11.337 17.0976C11.4774 17.2144 11.6533 17.2727 11.8293 17.2727C12.0053 17.2727 12.1813 17.2143 12.3217 17.0977L13.9494 15.7445C14.1338 15.5914 14.1497 15.3281 13.9851 15.1566Z\" stroke=\"white\"\/>\n<\/svg>\n<span class=\"cta__name\">St\u00e1hnout pro <span class=\"download-by-platform__platform-name\">Windows<\/span><\/span><\/a>                                    <\/div>\n                    <\/div>\n    <\/div>\n<\/section>\n\n\n<p>Na\u0161e slu\u017eba nesleduje data a neukl\u00e1d\u00e1 informace o p\u0159ipojen\u00edch. Slu\u017eba v\u00e1m zdarma poskytne 5 server\u016f podle va\u0161eho v\u00fdb\u011bru bez omezen\u00ed provozu a rychlosti.<\/p>\n\n\n\n<p>M\u016f\u017eete si tak\u00e9 zapnout pr\u00e9miov\u00e9 \u00fa\u010dty s p\u0159\u00edstupem k v\u00edce ne\u017e 1260 server\u016fm ve v\u00edce ne\u017e 60 zem\u00edch.<\/p>\n\n\n\n<p>St\u00e1hn\u011bte si slu\u017ebu Planet VPN a nainstalujte si ji do osobn\u00edho po\u010d\u00edta\u010de nebo chytr\u00e9ho telefonu bez registrace. Na\u0161e slu\u017eba podporuje v\u0161echny opera\u010dn\u00ed syst\u00e9my.<\/p>\n\n\n\n<p>Po spu\u0161t\u011bn\u00ed aplikace bezplatn\u00e9 VPN pro Instagram si sta\u010d\u00ed vybrat jeden ze server\u016f, kter\u00fd se v\u00e1m l\u00edb\u00ed, a p\u0159ihl\u00e1sit se ke sv\u00e9mu \u00fa\u010dtu pro dal\u0161\u00ed komunikaci nebo pr\u00e1ci.<\/p>\n\n\n    <\/div>\n\n<\/section>","protected":false},"excerpt":{"rendered":"","protected":false},"author":13,"featured_media":0,"parent":0,"menu_order":0,"comment_status":"closed","ping_status":"closed","template":"landing-gaming.php","meta":{"_acf_changed":false,"inline_featured_image":false,"footnotes":""},"download_by_lite_tag":[],"class_list":["post-96928","page","type-page","status-publish","hentry"],"yoast_head":"<!-- This site is optimized with the Yoast SEO plugin v22.6 - https:\/\/yoast.com\/wordpress\/plugins\/seo\/ -->\n<title>Bezplatn\u00e1 VPN pro Instagram \u2013 sledujte kdekoli v roce 2026 | Planet VPN<\/title>\n<meta name=\"description\" content=\"St\u00e1hn\u011bte si Planet VPN a nainstalujte si ji do osobn\u00edho po\u010d\u00edta\u010de nebo smartphonu bez registrace pro p\u0159\u00edstup k Instagramu. Je to nejlep\u0161\u00ed bezplatn\u00e1 VPN pro Instagram v roce 2026.\" \/>\n<meta name=\"robots\" content=\"index, follow, max-snippet:-1, max-image-preview:large, max-video-preview:-1\" \/>\n<link rel=\"canonical\" href=\"https:\/\/freevpnplanet.com\/cs\/instagram\/\" \/>\n<meta property=\"og:locale\" content=\"en_US\" \/>\n<meta property=\"og:type\" content=\"article\" \/>\n<meta property=\"og:title\" content=\"Bezplatn\u00e1 VPN pro Instagram \u2013 sledujte kdekoli v roce 2026 | Planet VPN\" \/>\n<meta property=\"og:description\" content=\"St\u00e1hn\u011bte si Planet VPN a nainstalujte si ji do osobn\u00edho po\u010d\u00edta\u010de nebo smartphonu bez registrace pro p\u0159\u00edstup k Instagramu. Je to nejlep\u0161\u00ed bezplatn\u00e1 VPN pro Instagram v roce 2026.\" \/>\n<meta property=\"og:url\" content=\"https:\/\/freevpnplanet.com\/cs\/instagram\/\" \/>\n<meta property=\"og:site_name\" content=\"Planet VPN\" \/>\n<meta property=\"article:modified_time\" content=\"2025-04-30T15:01:02+00:00\" \/>\n<meta name=\"twitter:card\" content=\"summary_large_image\" \/>\n<meta name=\"twitter:label1\" content=\"Est. reading time\" \/>\n\t<meta name=\"twitter:data1\" content=\"2 minutes\" \/>\n<script type=\"application\/ld+json\" class=\"yoast-schema-graph\">{\"@context\":\"https:\/\/schema.org\",\"@graph\":[{\"@type\":\"WebPage\",\"@id\":\"https:\/\/freevpnplanet.com\/cs\/instagram\/\",\"url\":\"https:\/\/freevpnplanet.com\/cs\/instagram\/\",\"name\":\"Bezplatn\u00e1 VPN pro Instagram \u2013 sledujte kdekoli v roce 2026 | Planet VPN\",\"isPartOf\":{\"@id\":\"https:\/\/freevpnplanet.com\/cs\/#website\"},\"datePublished\":\"2024-05-16T15:58:36+00:00\",\"dateModified\":\"2025-04-30T15:01:02+00:00\",\"description\":\"St\u00e1hn\u011bte si Planet VPN a nainstalujte si ji do osobn\u00edho po\u010d\u00edta\u010de nebo smartphonu bez registrace pro p\u0159\u00edstup k Instagramu. Je to nejlep\u0161\u00ed bezplatn\u00e1 VPN pro Instagram v roce 2026.\",\"breadcrumb\":{\"@id\":\"https:\/\/freevpnplanet.com\/cs\/instagram\/#breadcrumb\"},\"inLanguage\":\"cs\",\"potentialAction\":[{\"@type\":\"ReadAction\",\"target\":[\"https:\/\/freevpnplanet.com\/cs\/instagram\/\"]}]},{\"@type\":\"BreadcrumbList\",\"@id\":\"https:\/\/freevpnplanet.com\/cs\/instagram\/#breadcrumb\",\"itemListElement\":[{\"@type\":\"ListItem\",\"position\":1,\"name\":\"Home\",\"item\":\"https:\/\/freevpnplanet.com\/cs\/\"},{\"@type\":\"ListItem\",\"position\":2,\"name\":\"Instagram\"}]},{\"@type\":\"WebSite\",\"@id\":\"https:\/\/freevpnplanet.com\/cs\/#website\",\"url\":\"https:\/\/freevpnplanet.com\/cs\/\",\"name\":\"Planet VPN \ud83d\udee1\ufe0f\ud83c\udf10 Free VPN\",\"description\":\"Free VPN\",\"potentialAction\":[{\"@type\":\"SearchAction\",\"target\":{\"@type\":\"EntryPoint\",\"urlTemplate\":\"https:\/\/freevpnplanet.com\/cs\/?s={search_term_string}\"},\"query-input\":\"required name=search_term_string\"}],\"inLanguage\":\"cs\",\"publisher\":{\"@id\":\"https:\/\/freevpnplanet.com\/cs\/#organization\"}},{\"@context\":\"https:\/\/schema.org\/\",\"@type\":\"SoftwareApplication\",\"name\":\"Planet VPN \ud83d\udee1\ufe0f\ud83c\udf10 Free VPN\",\"operatingSystem\":\"Windows, macOS, iOS, Android, Linux, Chrome\",\"applicationCategory\":\"SecurityApplication\",\"offers\":{\"@type\":\"AggregateOffer\",\"priceCurrency\":\"USD\",\"price\":\"0\",\"lowPrice\":\"0\",\"availability\":\"https:\/\/schema.org\/InStock\"},\"aggregateRating\":{\"@type\":\"AggregateRating\",\"ratingValue\":\"4.8\",\"bestRating\":\"5\",\"ratingCount\":\"12476\"}},{\"@type\":\"Organization\",\"@id\":\"https:\/\/freevpnplanet.com\/cs\/#organization\",\"url\":\"https:\/\/freevpnplanet.com\/cs\/\",\"name\":\"Planet VPN \ud83d\udee1\ufe0f\ud83c\udf10 Free VPN\"}]}<\/script>\n<!-- \/ Yoast SEO plugin. -->","yoast_head_json":{"title":"Bezplatn\u00e1 VPN pro Instagram \u2013 sledujte kdekoli v roce 2026 | Planet VPN","description":"St\u00e1hn\u011bte si Planet VPN a nainstalujte si ji do osobn\u00edho po\u010d\u00edta\u010de nebo smartphonu bez registrace pro p\u0159\u00edstup k Instagramu. Je to nejlep\u0161\u00ed bezplatn\u00e1 VPN pro Instagram v roce 2026.","robots":{"index":"index","follow":"follow","max-snippet":"max-snippet:-1","max-image-preview":"max-image-preview:large","max-video-preview":"max-video-preview:-1"},"canonical":"https:\/\/freevpnplanet.com\/cs\/instagram\/","og_locale":"en_US","og_type":"article","og_title":"Bezplatn\u00e1 VPN pro Instagram \u2013 sledujte kdekoli v roce 2026 | Planet VPN","og_description":"St\u00e1hn\u011bte si Planet VPN a nainstalujte si ji do osobn\u00edho po\u010d\u00edta\u010de nebo smartphonu bez registrace pro p\u0159\u00edstup k Instagramu. Je to nejlep\u0161\u00ed bezplatn\u00e1 VPN pro Instagram v roce 2026.","og_url":"https:\/\/freevpnplanet.com\/cs\/instagram\/","og_site_name":"Planet VPN","article_modified_time":"2025-04-30T15:01:02+00:00","twitter_card":"summary_large_image","twitter_misc":{"Est. reading time":"2 minutes"},"schema":{"@context":"https:\/\/schema.org","@graph":[{"@type":"WebPage","@id":"https:\/\/freevpnplanet.com\/cs\/instagram\/","url":"https:\/\/freevpnplanet.com\/cs\/instagram\/","name":"Bezplatn\u00e1 VPN pro Instagram \u2013 sledujte kdekoli v roce 2026 | Planet VPN","isPartOf":{"@id":"https:\/\/freevpnplanet.com\/cs\/#website"},"datePublished":"2024-05-16T15:58:36+00:00","dateModified":"2025-04-30T15:01:02+00:00","description":"St\u00e1hn\u011bte si Planet VPN a nainstalujte si ji do osobn\u00edho po\u010d\u00edta\u010de nebo smartphonu bez registrace pro p\u0159\u00edstup k Instagramu. Je to nejlep\u0161\u00ed bezplatn\u00e1 VPN pro Instagram v roce 2026.","breadcrumb":{"@id":"https:\/\/freevpnplanet.com\/cs\/instagram\/#breadcrumb"},"inLanguage":"cs","potentialAction":[{"@type":"ReadAction","target":["https:\/\/freevpnplanet.com\/cs\/instagram\/"]}]},{"@type":"BreadcrumbList","@id":"https:\/\/freevpnplanet.com\/cs\/instagram\/#breadcrumb","itemListElement":[{"@type":"ListItem","position":1,"name":"Home","item":"https:\/\/freevpnplanet.com\/cs\/"},{"@type":"ListItem","position":2,"name":"Instagram"}]},{"@type":"WebSite","@id":"https:\/\/freevpnplanet.com\/cs\/#website","url":"https:\/\/freevpnplanet.com\/cs\/","name":"Planet VPN \ud83d\udee1\ufe0f\ud83c\udf10 Free VPN","description":"Free VPN","potentialAction":[{"@type":"SearchAction","target":{"@type":"EntryPoint","urlTemplate":"https:\/\/freevpnplanet.com\/cs\/?s={search_term_string}"},"query-input":"required name=search_term_string"}],"inLanguage":"cs","publisher":{"@id":"https:\/\/freevpnplanet.com\/cs\/#organization"}},{"@context":"https:\/\/schema.org\/","@type":"SoftwareApplication","name":"Planet VPN \ud83d\udee1\ufe0f\ud83c\udf10 Free VPN","operatingSystem":"Windows, macOS, iOS, Android, Linux, Chrome","applicationCategory":"SecurityApplication","offers":{"@type":"AggregateOffer","priceCurrency":"USD","price":"0","lowPrice":"0","availability":"https:\/\/schema.org\/InStock"},"aggregateRating":{"@type":"AggregateRating","ratingValue":"4.8","bestRating":"5","ratingCount":"12476"}},{"@type":"Organization","@id":"https:\/\/freevpnplanet.com\/cs\/#organization","url":"https:\/\/freevpnplanet.com\/cs\/","name":"Planet VPN \ud83d\udee1\ufe0f\ud83c\udf10 Free VPN"}]}},"acf":[],"_links":{"self":[{"href":"https:\/\/freevpnplanet.com\/cs\/wp-json\/wp\/v2\/pages\/96928","targetHints":{"allow":["GET"]}}],"collection":[{"href":"https:\/\/freevpnplanet.com\/cs\/wp-json\/wp\/v2\/pages"}],"about":[{"href":"https:\/\/freevpnplanet.com\/cs\/wp-json\/wp\/v2\/types\/page"}],"author":[{"embeddable":true,"href":"https:\/\/freevpnplanet.com\/cs\/wp-json\/wp\/v2\/users\/13"}],"replies":[{"embeddable":true,"href":"https:\/\/freevpnplanet.com\/cs\/wp-json\/wp\/v2\/comments?post=96928"}],"version-history":[{"count":3,"href":"https:\/\/freevpnplanet.com\/cs\/wp-json\/wp\/v2\/pages\/96928\/revisions"}],"predecessor-version":[{"id":158959,"href":"https:\/\/freevpnplanet.com\/cs\/wp-json\/wp\/v2\/pages\/96928\/revisions\/158959"}],"wp:attachment":[{"href":"https:\/\/freevpnplanet.com\/cs\/wp-json\/wp\/v2\/media?parent=96928"}],"wp:term":[{"taxonomy":"download_by_lite_tag","embeddable":true,"href":"https:\/\/freevpnplanet.com\/cs\/wp-json\/wp\/v2\/download_by_lite_tag?post=96928"}],"curies":[{"name":"wp","href":"https:\/\/api.w.org\/{rel}","templated":true}]}}