{"id":97798,"date":"2024-05-13T20:27:17","date_gmt":"2024-05-13T17:27:17","guid":{"rendered":"https:\/\/help.freeplanetvpn.com\/dns-check\/"},"modified":"2025-08-27T12:58:24","modified_gmt":"2025-08-27T09:58:24","slug":"dns-check","status":"publish","type":"page","link":"https:\/\/freevpnplanet.com\/cs\/dns-check\/","title":{"rendered":"DNS check"},"content":{"rendered":"\n<section class=\"tools-hero\">\n  <div class=\"tools-hero__inner container\">\n\n          <h1 class=\"tools-hero__title\">Online kontrola \u0161\u00ed\u0159en\u00ed DNS<\/h1>\n    \n    <div class=\"dns-propagation\">\n        <div class=\"dns-propagation__text\">\n                    <p>Poskytovatel internetov\u00fdch slu\u017eeb vlastn\u00ed servery DNS, ke kter\u00fdm se m\u016f\u017eete p\u0159ipojovat a pou\u017e\u00edvat slu\u017eby. Vlastn\u00edk \u010dasto monitoruje u\u017eivatele, aby mohl \u010d\u00edst data, sledovat akce a zji\u0161\u0165ovat pou\u017e\u00edvan\u00e9 aplikace. Tyto \u00fadaje pak pou\u017e\u00edv\u00e1 u\u017eivatel nebo t\u0159et\u00ed strana k vytvo\u0159en\u00ed digit\u00e1ln\u00edho portr\u00e9tu u\u017eivatele.<\/p>\n<p>Nedovolte vlastn\u00ed sledov\u00e1n\u00ed na internetu &#8211; pou\u017e\u00edvejte servery Planet VPN DNS. Zkontrolujte \u00fanik a chra\u0148te sv\u00e1 data.<\/p>        \n                        <a id=\"qa-avoid-dns\"\n               href=\"https:\/\/account.freevpnplanet.com\/cs\/order\/\"\n               target=\"\"\n              class=\"cta\">St\u00e1hnout zdarma            <\/a>\n                  <\/div>\n\n      <div class=\"dns-propagation__context\">\n        <div class=\"dns-propagation__check\">\n          <div class=\"dns-propagation__status dns-propagation__status--undefined\" id=\"status-undefined\">\n            <img decoding=\"async\" src=\"https:\/\/freevpnplanet.com\/wp-content\/themes\/planetvpn\/assets\/images\/pages\/dns-check\/logo-unprotected.svg\" alt=\"Icon undefined\">\n            <span>Checking&#8230;<\/span>\n          <\/div>\n          <div class=\"dns-propagation__status dns-propagation__status--protected\" id=\"status-protected\">\n            <img decoding=\"async\" src=\"https:\/\/freevpnplanet.com\/wp-content\/themes\/planetvpn\/assets\/images\/pages\/dns-check\/logo-protected.svg\" alt=\"Icon Protected\">\n            <span>Your DNS queries are secure!<\/span>\n          <\/div>\n          <div class=\"dns-propagation__status dns-propagation__status--unprotected\" id=\"status-unprotected\">\n            <img decoding=\"async\" src=\"https:\/\/freevpnplanet.com\/wp-content\/themes\/planetvpn\/assets\/images\/pages\/dns-check\/logo-unprotected.svg\" alt=\"Icon Uprotected\">\n            <span>Your DNS queries could be leaked!<\/span>\n          <\/div>\n        <\/div>\n\n        <div class=\"dns-propagation__result\">\n          <span>Ip address:<\/span>\n          <span class=\"dns-propagation__ip\" id=\"dns-propagation-ip\">XXX.XXX.XX.XX<\/span>\n        <\/div>\n\n                  <div class=\"dns-propagation__final-text\">Pokud pou\u017e\u00edv\u00e1te VPN, ale p\u0159esto vid\u00edte DNS-adresu serveru sv\u00e9ho poskytovatele, doch\u00e1z\u00ed k \u00faniku informac\u00ed ze syst\u00e9mu. Majitel\u00e9 server\u016f DNS, kter\u00e9 pou\u017e\u00edv\u00e1te, mohou vid\u011bt v\u0161echny webov\u00e9 str\u00e1nky, kter\u00e9 nav\u0161t\u011bvujete.<\/div>\n        \n      <\/div>\n    <\/div>\n  <\/div>\n\n  <div class=\"tools-hero__menu\"><ul id=\"menu-nastroje-menu-czech\" class=\"menu\"><li id=\"menu-item-117447\" class=\"menu-item\"><a id=\"qa-dns-leak-test\" href=\"https:\/\/freevpnplanet.com\/cs\/dns-check\/\">Test \u00faniku DNS<\/a><\/li>\n<li id=\"menu-item-117448\" class=\"menu-item\"><a id=\"qa-webrtc-leak-test\" href=\"https:\/\/freevpnplanet.com\/cs\/web-rtc\/\">Test \u00faniku WebRTC<\/a><\/li>\n<li id=\"menu-item-117449\" class=\"menu-item\"><a id=\"qa-virus-scan\" href=\"https:\/\/freevpnplanet.com\/cs\/virus-scan\/\">Skenov\u00e1n\u00ed vir\u016f<\/a><\/li>\n<li id=\"menu-item-117527\" class=\"menu-item\"><a id=\"qa-what-is-my-ip\" href=\"https:\/\/freevpnplanet.com\/cs\/ip-check\/\">Jak\u00e1 je moje IP?<\/a><\/li>\n<li id=\"menu-item-117528\" class=\"menu-item\"><a id=\"qa-generate-password\" href=\"https:\/\/freevpnplanet.com\/cs\/password-generator\/\">Gener\u00e1tor hesel<\/a><\/li>\n<\/ul><\/div>\n<\/section>\n\n<section class=\"two-col-content custom-block align-full  rtl ratio-normal image image-visible-on-mobile-yes\" style=''>\n\n    <div class=\"gutenberg-block-background\"><\/div>\n    <div class=\"two-col-content__container inner-container\">\n                    <h2 class=\"two-col-content__title\"> CO JE TO \u00daNIK DNS?<\/h2>\n        \n                    <div class=\"two-col-content__description\"><p>I kdy\u017e m\u00e1te p\u0159ipojenou tu nejlep\u0161\u00ed VPN, jej\u00ed technick\u00e9 mo\u017enosti bohu\u017eel nezaru\u010duj\u00ed ochranu dotaz\u016f DNS z va\u0161eho po\u010d\u00edta\u010de nebo mobiln\u00edho za\u0159\u00edzen\u00ed. A tento faktor nez\u00e1vis\u00ed na spolehlivosti \u0161ifrov\u00e1n\u00ed provozu. Pokud dojde k \u00faniku DNS, znamen\u00e1 to, \u017ee ciz\u00ed osoby uvid\u00ed, jak\u00e9 webov\u00e9 zdroje nav\u0161t\u011bvujete, jak\u00e9 akce prov\u00e1d\u00edte a jak\u00e9 aplikace otev\u00edr\u00e1te a pou\u017e\u00edv\u00e1te pro osobn\u00ed \u00fa\u010dely.<\/p>\n<p>DNS je speci\u00e1ln\u00ed syst\u00e9m adres\u00e1\u0159\u016f, kter\u00fd p\u0159\u00edmo souvis\u00ed se v\u0161emi manipulacemi, kter\u00e9 prov\u00e1d\u00edte p\u0159i n\u00e1v\u0161t\u011bv\u011b internetu. Prohl\u00ed\u017ee\u010d nebo aplikace nap\u0159\u00edklad pou\u017e\u00edvaj\u00ed syst\u00e9m DNS k vyhled\u00e1v\u00e1n\u00ed na serveru, aby se n\u00e1sledn\u011b vytvo\u0159ilo spojen\u00ed mezi slu\u017ebami a str\u00e1nkami, kter\u00e9 klient po\u017eaduje. Za\u0159\u00edzen\u00ed p\u0159ed\u00e1v\u00e1 po\u017eadavky a p\u0159ij\u00edm\u00e1 pokyny k odpov\u011bdi na vyhled\u00e1n\u00ed c\u00edlov\u00fdch dat. V d\u016fsledku toho pr\u00e1v\u011b dotazy DNS ur\u010duj\u00ed celkovou \u00farove\u0148 d\u016fv\u011brnosti u\u017eivatelsk\u00fdch dat a mohou tak\u00e9 p\u0159edstavovat bezpe\u010dnostn\u00ed riziko. Kontrola DNS je snadn\u00e1 &#8211; p\u0159ipojte se k Planet VPN a osvobo\u010fte se od kybernetick\u00fdch hrozeb.<\/p><\/div>\n        \n                    <img decoding=\"async\" width=\"436\" height=\"436\" src=\"https:\/\/freevpnplanet.com\/wp-content\/uploads\/2024\/05\/rvpn-dns.8814bf7-20240514_122744_989247.svg\" class=\"two-col-content__image\" alt=\"\" \/>        \n            <\/div>\n<\/section>\n\n\n<section class=\"cta-section custom-block align-full \" style=''>\n\n    <div class=\"gutenberg-block-background\"><\/div>\n    <div class=\"cta-section__inner\">\n                    <div class=\"cta-section__cta\">\n                                    <a href=\"\/cs\/plans\/\" target=\"_self\" id=\"qa-download-free-space\" class=\"cta download-by-platform cta--with-border cta-size--small icon-position--icon-left\" style=\"--button-background-color: var(--green);--button-background-color-hover: var(--green-hover);--button-background-color-pressed: var(--green-pressed);--border-radius:40px\"><span class=\"cta__name\">St\u00e1hnout zdarma<\/span><\/a>                            <\/div>\n            <\/div>\n<\/section>\n\n<section class=\"two-col-content custom-block align-full  rtl ratio-normal text image-visible-on-mobile-no\" style='--background-color:var(--background-blue)'>\n\n    <div class=\"gutenberg-block-background\"><\/div>\n    <div class=\"two-col-content__container inner-container\">\n        \n                    <div class=\"two-col-content__description\"><p>Pokud nen\u00ed na va\u0161em osobn\u00edm po\u010d\u00edta\u010di povolena s\u00ed\u0165 VPN, je za bezpe\u010dnostn\u00ed re\u017eim zodpov\u011bdn\u00e1 slu\u017eba DNS poskytovan\u00e1 va\u0161\u00edm poskytovatelem internetov\u00fdch slu\u017eeb. Kdy\u017e je v\u0161ak p\u0159ipojena slu\u017eba Planet VPN, jsou aktivov\u00e1ny pouze servery DNS t\u00e9to slu\u017eby. T\u00edm je zaru\u010dena pln\u00e1 ochrana a riziko \u00faniku informac\u00ed je minimalizov\u00e1no. Pou\u017e\u00edv\u00e1n\u00ed DNS server\u016f Planet VPN p\u0159in\u00e1\u0161\u00ed nesporn\u00e9 v\u00fdhody:<\/p>\n<ul>\n<li>Vysoce v\u00fdkonn\u00e9 DNS servery Planet VPN;<\/li>\n<li>Ukl\u00e1d\u00e1n\u00ed z\u00e1znam\u016f o \u010dinnosti a p\u0159ipojen\u00ed je zcela vylou\u010deno;<\/li>\n<li>nejbezpe\u010dn\u011bj\u0161\u00ed \u0161ifrov\u00e1n\u00ed provozu.<\/li>\n<\/ul>\n<p>Princip pr\u00e1ce spo\u010d\u00edv\u00e1 v n\u00e1sleduj\u00edc\u00edch \u010dinnostech:<\/p>\n<ul>\n<li>Kdy\u017e pot\u0159ebujete otev\u0159\u00edt n\u011bjakou str\u00e1nku na internetu, zad\u00e1te konkr\u00e9tn\u00ed po\u017eadavek a pot\u00e9 kliknete na c\u00edlov\u00fd odkaz;<\/li>\n<li>vybran\u00e1 adresa je odesl\u00e1na \u0161ifrovan\u00fdm tunelem na server DNS, \u010d\u00edm\u017e se vytvo\u0159\u00ed p\u0159\u00edstup k z\u00e1jmov\u00e9mu zdroji;<\/li>\n<li>server obdr\u017e\u00ed odpov\u011b\u010f a ta je p\u0159ed\u00e1na u\u017eivateli, aby mohl str\u00e1nku otev\u0159\u00edt.<\/li>\n<\/ul>\n<p>V\u0161echny tyto akce jsou generov\u00e1ny v zabezpe\u010den\u00e9m komunika\u010dn\u00edm kan\u00e1lu, tak\u017ee nehroz\u00ed \u017e\u00e1dn\u00e9 riziko hacknut\u00ed nebo \u00faniku informac\u00ed. Server DNS m\u016f\u017eete zkontrolovat online na webov\u00fdch str\u00e1nk\u00e1ch Planet VPN.<\/p><\/div>\n        \n                                    <h2 class=\"two-col-content__text\">JAK SE VYHNOUT \u00daNIK\u016eM DNS POMOC\u00cd SLU\u017dBY PLANET VPN<\/h2>\n                    \n                    <div class=\"two-col-content__cta\">\n                            <\/div>\n            <\/div>\n<\/section>\n\n\n<section class=\"image-text-static-image custom-block align-none  mobile-image-bottom   header-size-small text-size-small  pb-0--desktop\" style=''>\n\n    <div class=\"gutenberg-block-background\"><\/div>\n    <div class=\"image-text-static-image__inner inner-container\">\n                    <div class=\"image-text-static-image__content content-left\" style='--content-width: 50%'>\n                                    <div class=\"image-text-static-image__title\">\n                        <h2 >MUS\u00cdTE P\u0158I V\u0160ECH P\u0158IPOJEN\u00cdCH KONTROLOVAT \u00daNIKY DNS?<\/h2>                    <\/div>\n                \n                <h2>POT\u0158EBUJETE V\u017dDY ZKONTROLOVAT, ZDA NEDOCH\u00c1Z\u00cd K \u00daNIKU INFORMAC\u00cd Z DNS?<\/h2>\n<p>Kontrola serveru DNS je d\u016fle\u017eit\u00e9 bezpe\u010dnostn\u00ed opat\u0159en\u00ed, kter\u00e9 by se m\u011blo prov\u00e1d\u011bt pravideln\u011b. I kdy\u017e ji\u017e slu\u017ebu VPN pou\u017e\u00edv\u00e1te, existuje bezpe\u010dnostn\u00ed riziko spojen\u00e9 s \u00fanikem DNS. Pokud dojde k \u00faniku informac\u00ed, je doprov\u00e1zen takov\u00fdmi akcemi:<\/p>\n<ol>\n<li>U\u017eivatel\u016fv po\u010d\u00edta\u010d nebude odes\u00edlat dotazy DNS do tunelu Planet VPN, ale do ve\u0159ejn\u00e9 s\u00edt\u011b;<\/li>\n<li>U\u017eivatel\u016fv po\u010d\u00edta\u010d bude odes\u00edlat dotazy DNS p\u0159es tunel Planet VPN, ale ty se dostanou na extern\u00ed server m\u00edsto na chr\u00e1n\u011bn\u00e9ho hostitele.<\/li>\n<li>V obou t\u011bchto p\u0159\u00edpadech mohou nez\u00fa\u010dastn\u011bn\u00e9 osoby vid\u011bt v\u0161echny str\u00e1nky, kter\u00e9 u\u017eivatel nav\u0161t\u00edv\u00ed, a tak\u00e9 v\u0161echny aplikace a programy, kter\u00e9 se pou\u017e\u00edvaj\u00ed p\u0159i pr\u00e1ci.<\/li>\n<\/ol>\n                \n                \n\n            <\/div>\n        \n                    <div class=\"bg-image-wrapper bg-image-wrapper--desktop  right image-align--center\" style='--image-max-width: 50%'>\n                <figure>\n                    <img width=\"436\" height=\"436\" src=\"https:\/\/freevpnplanet.com\/wp-content\/uploads\/2024\/05\/rvpn-zoom.0cb093a-20240514_130633_582621.svg\" class=\"attachment-full size-full\" alt=\"\" loading=\"lazy\" decoding=\"sync\" fetchpriority=\"low\" style=\"max-width:440px\" sizes=\"auto, (max-width: 440px) 100vw, 440px\" aria-hidden=\"true\" \/>                    <!-- <img decoding=\"async\" width=\"436\" height=\"436\" src=\"https:\/\/freevpnplanet.com\/wp-content\/uploads\/2024\/05\/rvpn-zoom.0cb093a-20240514_130633_582621.svg\" class=\"attachment-full size-full\" alt=\"\" style=\"max-width:440px\" \/> -->\n                <\/figure>\n            <\/div>\n        \n            <\/div>\n<\/section>\n\n\n<section class=\"image-text-static-image custom-block align-none  mobile-image-bottom   header-size-small text-size-small  pb-0--desktop\" style=''>\n\n    <div class=\"gutenberg-block-background\"><\/div>\n    <div class=\"image-text-static-image__inner inner-container\">\n                    <div class=\"image-text-static-image__content content-right\" style='--content-width: 50%'>\n                \n                <h2>PRO\u010c DOCH\u00c1Z\u00cd K \u00daNIKU DNS, KDY\u017d JE POVOLENA S\u00cd\u0164 VPN?<\/h2>\n<p>I kdy\u017e slu\u017ebu VPN pou\u017e\u00edv\u00e1te neust\u00e1le, m\u016f\u017ee doch\u00e1zet k \u00fanik\u016fm DNS. Upozor\u0148ujeme na n\u00e1sleduj\u00edc\u00ed nejobl\u00edben\u011bj\u0161\u00ed p\u0159\u00ed\u010diny \u00fanik\u016f DNS:<\/p>\n<ol>\n<li>S\u00ed\u0165 VPN byla nastavena ru\u010dn\u011b &#8211; to v\u00fdrazn\u011b zvy\u0161uje riziko \u00faniku informac\u00ed a soukrom\u00fdch \u00fadaj\u016f a p\u0159id\u00e1v\u00e1 faktor specifick\u00fd pro konfiguraci opera\u010dn\u00edho syst\u00e9mu u\u017eivatelsk\u00e9ho po\u010d\u00edta\u010de. Pokud se p\u0159ipoj\u00edte k Planet VPN, jsou takov\u00e9 probl\u00e9my vylou\u010deny, je v\u00e1m poskytnuta pln\u00e1 ochrana;<\/li>\n<li>\u00dato\u010dn\u00edci p\u0159evzali kontrolu nad va\u0161\u00edm sm\u011brova\u010dem, v d\u016fsledku \u010deho\u017e jsou po\u017eadavky z va\u0161eho po\u010d\u00edta\u010de odes\u00edl\u00e1ny do obecn\u00e9 s\u00edt\u011b, nikoli do \u0161ifrovan\u00e9ho tunelu &#8211; tato situace nej\u010dast\u011bji nast\u00e1v\u00e1 p\u0159i pou\u017e\u00edv\u00e1n\u00ed p\u0159ipojen\u00ed Wi-Fi na ve\u0159ejn\u00fdch m\u00edstech (n\u00e1kupn\u00ed centrum, sportovn\u00ed klub, kav\u00e1rna, park atd.). K eliminaci v\u0161ech rizik a potenci\u00e1ln\u00edch zranitelnost\u00ed sta\u010d\u00ed pou\u017e\u00edvat slu\u017ebu Planet VPN;<\/li>\n<li>DNS byl nastaven ru\u010dn\u011b a byl aktivov\u00e1n p\u0159\u00edkaz nepou\u017e\u00edvat p\u0159ipojen\u00ed p\u0159es server Planet VPN &#8211; t\u011bmto ud\u00e1lostem se rad\u011bji vyhn\u011bte, i kdy\u017e jste zku\u0161en\u00fd u\u017eivatel, proto\u017ee naru\u0161uj\u00ed celkovou kybernetickou bezpe\u010dnost va\u0161eho po\u010d\u00edta\u010de.<\/li>\n<\/ol>\n                \n                \n\n            <\/div>\n        \n                    <div class=\"bg-image-wrapper bg-image-wrapper--desktop  left image-align--center\" style='--image-max-width: 50%'>\n                <figure>\n                    <img width=\"436\" height=\"436\" src=\"https:\/\/freevpnplanet.com\/wp-content\/uploads\/2024\/05\/rvpn-virus.9f94f39-20240514_130630_667594.svg\" class=\"attachment-full size-full\" alt=\"\" loading=\"lazy\" decoding=\"sync\" fetchpriority=\"low\" style=\"max-width:440px\" sizes=\"auto, (max-width: 440px) 100vw, 440px\" aria-hidden=\"true\" \/>                    <!-- <img decoding=\"async\" width=\"436\" height=\"436\" src=\"https:\/\/freevpnplanet.com\/wp-content\/uploads\/2024\/05\/rvpn-virus.9f94f39-20240514_130630_667594.svg\" class=\"attachment-full size-full\" alt=\"\" style=\"max-width:440px\" \/> -->\n                <\/figure>\n            <\/div>\n        \n            <\/div>\n<\/section>\n\n\n<section class=\"wrapper custom-block align-none    \" style=''>\n\n    <div class=\"gutenberg-block-background\"><\/div>\n    <div class=\"wrapper__inner inner-container\">\n        \n\n<div class=\"buttons custom-block align-center \">\n                        <a href=\"\/cs\/plans\/\" target=\"_self\" id=\"qa-download-free-info\" class=\"cta download-by-platform cta--with-border cta-size--small cta-mt--sm icon-position--icon-left\" style=\"--border-radius:40px\"><span class=\"cta__name\">St\u00e1hnout zdarma<\/span><\/a>            <\/div>\n\n    <\/div>\n\n<\/section>","protected":false},"excerpt":{"rendered":"","protected":false},"author":13,"featured_media":0,"parent":0,"menu_order":0,"comment_status":"closed","ping_status":"closed","template":"templates\/page_template-basic_for_gutenberg.php","meta":{"_acf_changed":false,"inline_featured_image":false,"footnotes":""},"download_by_lite_tag":[],"class_list":["post-97798","page","type-page","status-publish","hentry"],"yoast_head":"<!-- This site is optimized with the Yoast SEO plugin v22.6 - https:\/\/yoast.com\/wordpress\/plugins\/seo\/ -->\n<title>Kontrola DNS - Online kontrola \u0161\u00ed\u0159en\u00ed DNS - Planet VPN<\/title>\n<meta name=\"description\" content=\"Pokud v\u00e1\u0161 DNS unik\u00e1, va\u0161e po\u017eadavky jsou odes\u00edl\u00e1ny p\u0159es \u0161ifrovan\u00fd tunel VPN. Zkontrolujte, zda u va\u0161\u00ed s\u00edt\u011b VPN nedoch\u00e1z\u00ed k \u00faniku DNS zobrazuj\u00edc\u00edmu va\u0161i skute\u010dnou polohu. S Planet VPN m\u00e1te zaji\u0161t\u011bnou plnou d\u016fv\u011brnost a ochranu p\u0159ed \u00fanikem DNS.\" \/>\n<meta name=\"robots\" content=\"index, follow, max-snippet:-1, max-image-preview:large, max-video-preview:-1\" \/>\n<link rel=\"canonical\" href=\"https:\/\/freevpnplanet.com\/cs\/dns-check\/\" \/>\n<meta property=\"og:locale\" content=\"en_US\" \/>\n<meta property=\"og:type\" content=\"article\" \/>\n<meta property=\"og:title\" content=\"Kontrola DNS - Online kontrola \u0161\u00ed\u0159en\u00ed DNS - Planet VPN\" \/>\n<meta property=\"og:description\" content=\"Pokud v\u00e1\u0161 DNS unik\u00e1, va\u0161e po\u017eadavky jsou odes\u00edl\u00e1ny p\u0159es \u0161ifrovan\u00fd tunel VPN. Zkontrolujte, zda u va\u0161\u00ed s\u00edt\u011b VPN nedoch\u00e1z\u00ed k \u00faniku DNS zobrazuj\u00edc\u00edmu va\u0161i skute\u010dnou polohu. S Planet VPN m\u00e1te zaji\u0161t\u011bnou plnou d\u016fv\u011brnost a ochranu p\u0159ed \u00fanikem DNS.\" \/>\n<meta property=\"og:url\" content=\"https:\/\/freevpnplanet.com\/cs\/dns-check\/\" \/>\n<meta property=\"og:site_name\" content=\"Planet VPN\" \/>\n<meta property=\"article:modified_time\" content=\"2025-08-27T09:58:24+00:00\" \/>\n<meta name=\"twitter:card\" content=\"summary_large_image\" \/>\n<script type=\"application\/ld+json\" class=\"yoast-schema-graph\">{\"@context\":\"https:\/\/schema.org\",\"@graph\":[{\"@type\":\"WebPage\",\"@id\":\"https:\/\/freevpnplanet.com\/cs\/dns-check\/\",\"url\":\"https:\/\/freevpnplanet.com\/cs\/dns-check\/\",\"name\":\"Kontrola DNS - Online kontrola \u0161\u00ed\u0159en\u00ed DNS - Planet VPN\",\"isPartOf\":{\"@id\":\"https:\/\/freevpnplanet.com\/cs\/#website\"},\"datePublished\":\"2024-05-13T17:27:17+00:00\",\"dateModified\":\"2025-08-27T09:58:24+00:00\",\"description\":\"Pokud v\u00e1\u0161 DNS unik\u00e1, va\u0161e po\u017eadavky jsou odes\u00edl\u00e1ny p\u0159es \u0161ifrovan\u00fd tunel VPN. Zkontrolujte, zda u va\u0161\u00ed s\u00edt\u011b VPN nedoch\u00e1z\u00ed k \u00faniku DNS zobrazuj\u00edc\u00edmu va\u0161i skute\u010dnou polohu. S Planet VPN m\u00e1te zaji\u0161t\u011bnou plnou d\u016fv\u011brnost a ochranu p\u0159ed \u00fanikem DNS.\",\"breadcrumb\":{\"@id\":\"https:\/\/freevpnplanet.com\/cs\/dns-check\/#breadcrumb\"},\"inLanguage\":\"cs\",\"potentialAction\":[{\"@type\":\"ReadAction\",\"target\":[\"https:\/\/freevpnplanet.com\/cs\/dns-check\/\"]}]},{\"@type\":\"BreadcrumbList\",\"@id\":\"https:\/\/freevpnplanet.com\/cs\/dns-check\/#breadcrumb\",\"itemListElement\":[{\"@type\":\"ListItem\",\"position\":1,\"name\":\"Home\",\"item\":\"https:\/\/freevpnplanet.com\/cs\/\"},{\"@type\":\"ListItem\",\"position\":2,\"name\":\"DNS check\"}]},{\"@type\":\"WebSite\",\"@id\":\"https:\/\/freevpnplanet.com\/cs\/#website\",\"url\":\"https:\/\/freevpnplanet.com\/cs\/\",\"name\":\"Planet VPN \ud83d\udee1\ufe0f\ud83c\udf10 Free VPN\",\"description\":\"Free VPN\",\"potentialAction\":[{\"@type\":\"SearchAction\",\"target\":{\"@type\":\"EntryPoint\",\"urlTemplate\":\"https:\/\/freevpnplanet.com\/cs\/?s={search_term_string}\"},\"query-input\":\"required name=search_term_string\"}],\"inLanguage\":\"cs\",\"publisher\":{\"@id\":\"https:\/\/freevpnplanet.com\/cs\/#organization\"}},{\"@context\":\"https:\/\/schema.org\/\",\"@type\":\"SoftwareApplication\",\"name\":\"Planet VPN \ud83d\udee1\ufe0f\ud83c\udf10 Free VPN\",\"operatingSystem\":\"Windows, macOS, iOS, Android, Linux, Chrome\",\"applicationCategory\":\"SecurityApplication\",\"offers\":{\"@type\":\"AggregateOffer\",\"priceCurrency\":\"USD\",\"price\":\"0\",\"lowPrice\":\"0\",\"availability\":\"https:\/\/schema.org\/InStock\"},\"aggregateRating\":{\"@type\":\"AggregateRating\",\"ratingValue\":\"4.8\",\"bestRating\":\"5\",\"ratingCount\":\"12476\"}},{\"@type\":\"Organization\",\"@id\":\"https:\/\/freevpnplanet.com\/cs\/#organization\",\"url\":\"https:\/\/freevpnplanet.com\/cs\/\",\"name\":\"Planet VPN \ud83d\udee1\ufe0f\ud83c\udf10 Free VPN\"}]}<\/script>\n<!-- \/ Yoast SEO plugin. -->","yoast_head_json":{"title":"Kontrola DNS - Online kontrola \u0161\u00ed\u0159en\u00ed DNS - Planet VPN","description":"Pokud v\u00e1\u0161 DNS unik\u00e1, va\u0161e po\u017eadavky jsou odes\u00edl\u00e1ny p\u0159es \u0161ifrovan\u00fd tunel VPN. Zkontrolujte, zda u va\u0161\u00ed s\u00edt\u011b VPN nedoch\u00e1z\u00ed k \u00faniku DNS zobrazuj\u00edc\u00edmu va\u0161i skute\u010dnou polohu. S Planet VPN m\u00e1te zaji\u0161t\u011bnou plnou d\u016fv\u011brnost a ochranu p\u0159ed \u00fanikem DNS.","robots":{"index":"index","follow":"follow","max-snippet":"max-snippet:-1","max-image-preview":"max-image-preview:large","max-video-preview":"max-video-preview:-1"},"canonical":"https:\/\/freevpnplanet.com\/cs\/dns-check\/","og_locale":"en_US","og_type":"article","og_title":"Kontrola DNS - Online kontrola \u0161\u00ed\u0159en\u00ed DNS - Planet VPN","og_description":"Pokud v\u00e1\u0161 DNS unik\u00e1, va\u0161e po\u017eadavky jsou odes\u00edl\u00e1ny p\u0159es \u0161ifrovan\u00fd tunel VPN. Zkontrolujte, zda u va\u0161\u00ed s\u00edt\u011b VPN nedoch\u00e1z\u00ed k \u00faniku DNS zobrazuj\u00edc\u00edmu va\u0161i skute\u010dnou polohu. S Planet VPN m\u00e1te zaji\u0161t\u011bnou plnou d\u016fv\u011brnost a ochranu p\u0159ed \u00fanikem DNS.","og_url":"https:\/\/freevpnplanet.com\/cs\/dns-check\/","og_site_name":"Planet VPN","article_modified_time":"2025-08-27T09:58:24+00:00","twitter_card":"summary_large_image","schema":{"@context":"https:\/\/schema.org","@graph":[{"@type":"WebPage","@id":"https:\/\/freevpnplanet.com\/cs\/dns-check\/","url":"https:\/\/freevpnplanet.com\/cs\/dns-check\/","name":"Kontrola DNS - Online kontrola \u0161\u00ed\u0159en\u00ed DNS - Planet VPN","isPartOf":{"@id":"https:\/\/freevpnplanet.com\/cs\/#website"},"datePublished":"2024-05-13T17:27:17+00:00","dateModified":"2025-08-27T09:58:24+00:00","description":"Pokud v\u00e1\u0161 DNS unik\u00e1, va\u0161e po\u017eadavky jsou odes\u00edl\u00e1ny p\u0159es \u0161ifrovan\u00fd tunel VPN. Zkontrolujte, zda u va\u0161\u00ed s\u00edt\u011b VPN nedoch\u00e1z\u00ed k \u00faniku DNS zobrazuj\u00edc\u00edmu va\u0161i skute\u010dnou polohu. S Planet VPN m\u00e1te zaji\u0161t\u011bnou plnou d\u016fv\u011brnost a ochranu p\u0159ed \u00fanikem DNS.","breadcrumb":{"@id":"https:\/\/freevpnplanet.com\/cs\/dns-check\/#breadcrumb"},"inLanguage":"cs","potentialAction":[{"@type":"ReadAction","target":["https:\/\/freevpnplanet.com\/cs\/dns-check\/"]}]},{"@type":"BreadcrumbList","@id":"https:\/\/freevpnplanet.com\/cs\/dns-check\/#breadcrumb","itemListElement":[{"@type":"ListItem","position":1,"name":"Home","item":"https:\/\/freevpnplanet.com\/cs\/"},{"@type":"ListItem","position":2,"name":"DNS check"}]},{"@type":"WebSite","@id":"https:\/\/freevpnplanet.com\/cs\/#website","url":"https:\/\/freevpnplanet.com\/cs\/","name":"Planet VPN \ud83d\udee1\ufe0f\ud83c\udf10 Free VPN","description":"Free VPN","potentialAction":[{"@type":"SearchAction","target":{"@type":"EntryPoint","urlTemplate":"https:\/\/freevpnplanet.com\/cs\/?s={search_term_string}"},"query-input":"required name=search_term_string"}],"inLanguage":"cs","publisher":{"@id":"https:\/\/freevpnplanet.com\/cs\/#organization"}},{"@context":"https:\/\/schema.org\/","@type":"SoftwareApplication","name":"Planet VPN \ud83d\udee1\ufe0f\ud83c\udf10 Free VPN","operatingSystem":"Windows, macOS, iOS, Android, Linux, Chrome","applicationCategory":"SecurityApplication","offers":{"@type":"AggregateOffer","priceCurrency":"USD","price":"0","lowPrice":"0","availability":"https:\/\/schema.org\/InStock"},"aggregateRating":{"@type":"AggregateRating","ratingValue":"4.8","bestRating":"5","ratingCount":"12476"}},{"@type":"Organization","@id":"https:\/\/freevpnplanet.com\/cs\/#organization","url":"https:\/\/freevpnplanet.com\/cs\/","name":"Planet VPN \ud83d\udee1\ufe0f\ud83c\udf10 Free VPN"}]}},"acf":[],"_links":{"self":[{"href":"https:\/\/freevpnplanet.com\/cs\/wp-json\/wp\/v2\/pages\/97798","targetHints":{"allow":["GET"]}}],"collection":[{"href":"https:\/\/freevpnplanet.com\/cs\/wp-json\/wp\/v2\/pages"}],"about":[{"href":"https:\/\/freevpnplanet.com\/cs\/wp-json\/wp\/v2\/types\/page"}],"author":[{"embeddable":true,"href":"https:\/\/freevpnplanet.com\/cs\/wp-json\/wp\/v2\/users\/13"}],"replies":[{"embeddable":true,"href":"https:\/\/freevpnplanet.com\/cs\/wp-json\/wp\/v2\/comments?post=97798"}],"version-history":[{"count":7,"href":"https:\/\/freevpnplanet.com\/cs\/wp-json\/wp\/v2\/pages\/97798\/revisions"}],"predecessor-version":[{"id":177952,"href":"https:\/\/freevpnplanet.com\/cs\/wp-json\/wp\/v2\/pages\/97798\/revisions\/177952"}],"wp:attachment":[{"href":"https:\/\/freevpnplanet.com\/cs\/wp-json\/wp\/v2\/media?parent=97798"}],"wp:term":[{"taxonomy":"download_by_lite_tag","embeddable":true,"href":"https:\/\/freevpnplanet.com\/cs\/wp-json\/wp\/v2\/download_by_lite_tag?post=97798"}],"curies":[{"name":"wp","href":"https:\/\/api.w.org\/{rel}","templated":true}]}}