{"id":98497,"date":"2024-06-03T19:16:22","date_gmt":"2024-06-03T16:16:22","guid":{"rendered":"https:\/\/help.freeplanetvpn.com\/virus-scan\/"},"modified":"2026-01-20T15:15:47","modified_gmt":"2026-01-20T12:15:47","slug":"virus-scan","status":"publish","type":"page","link":"https:\/\/freevpnplanet.com\/cs\/virus-scan\/","title":{"rendered":"Virus scan"},"content":{"rendered":"\n<section class=\"virus-scan-hero\">\n  <div class=\"virus-scan-hero__inner container\">\n    <div class=\"virus-scan\">\n\n              <h1 class=\"virus-scan__title\">Online skenov\u00e1n\u00ed vir\u016f Zdarma &#8211; Soubor nebo url<\/h1>\n      \n              <div class=\"virus-scan__text\"><p>Slu\u017eba Planet VPN je efektivn\u00ed a v\u00fdhodn\u00e9 \u0159e\u0161en\u00ed pro rychlou anal\u00fdzu v\u0161ech podez\u0159el\u00fdch soubor\u016f a adresn\u00edch odkaz\u016f, identifikaci potenci\u00e1ln\u00edch hrozeb a p\u0159\u00edtomnosti vir\u016f a \u0161kodliv\u00fdch objekt\u016f. Virov\u00e1 kontrola od Planet VPN &#8211; bezpe\u010dn\u00e1, spolehliv\u00e1 a rychl\u00e1.<\/p><\/div>\n      \n      <div class=\"virus-scan__content\">\n        <div class=\"virus-scan__tab\">\n\n          <button class=\"virus-scan__tab-button virus-scan__tab-button--selected\" id=\"qa-file-tab\" data-tab=\"file\">\n            <img decoding=\"async\" src=\"\/wp-content\/themes\/planetvpn\/assets\/images\/pages\/virus-scan\/doc.svg\" alt=\"document icon\" >\n            Soubor          <\/button>\n\n          <button class=\"virus-scan__tab-button\" id=\"qa-url-tab\" data-tab=\"url\">\n            <img decoding=\"async\" src=\"\/wp-content\/themes\/planetvpn\/assets\/images\/pages\/virus-scan\/file.svg\" alt=\"file icon\" >\n            Url          <\/button>\n\n          <form name=\"virus-scan-file-form\" method=\"post\" class=\"virus-scan__form virus-scan__form--active\" data-target-tab=\"file\">\n            <div class=\"virus-scan__form-group\">\n              <label class=\"virus-scan__label\">\n                <span>Vybrat soubor<\/span>\n                <u class=\"virus-scan__filename-inner\">\u017d\u00e1dn\u00e9 soubory nebyly vybr\u00e1ny<\/u>\n                <input type=\"file\" name=\"file_upload\" class=\"virus-scan__input-file\" id=\"qa-upload-field\" required \/>\n              <\/label>\n\n              <button type=\"submit\" class=\"virus-scan__submit-button\">\n                <img decoding=\"async\" src=\"\/wp-content\/themes\/planetvpn\/assets\/images\/pages\/virus-scan\/dow.svg\" alt=\"download icon\" >\n              <\/button>\n            <\/div>\n\n            <div class=\"virus-scan__results\"><\/div>\n\n            <button id=\"qa-scan-button\" type=\"submit\" class=\"cta CTA main-btn-file\">\n              <span>Zkontrolovat<\/span>\n            <\/button>\n          <\/form>\n\n          <form name=\"virus-scan-url-form\" method=\"post\" class=\"virus-scan__form\" data-target-tab=\"url\">\n            <div class=\"virus-scan__form-group\">\n              <label class=\"virus-scan__label\">\n                <span>Url<\/span>\n                <input type=\"url\" name=\"url_input\" class=\"virus-scan__input-url\" required \/>\n              <\/label>\n\n              <button type=\"submit\" class=\"virus-scan__submit-button\">\n                <img decoding=\"async\" src=\"\/wp-content\/themes\/planetvpn\/assets\/images\/pages\/virus-scan\/dow.svg\" alt=\"download icon\" >\n              <\/button>\n            <\/div>\n\n            <div class=\"virus-scan__results\"><\/div>\n\n            <button id=\"main-btn-url\" type=\"submit\" class=\"cta CTA\">\n              <span>Zkontrolovat<\/span>\n            <\/button>\n          <\/form>\n        <\/div>\n      <\/div>\n    <\/div>\n  <\/div>\n\n  <div class=\"virus-scan-hero__menu\"><ul id=\"menu-nastroje-menu-czech\" class=\"menu\"><li id=\"menu-item-117447\" class=\"menu-item\"><a id=\"qa-dns-leak-test\" href=\"https:\/\/freevpnplanet.com\/cs\/dns-check\/\">Test \u00faniku DNS<\/a><\/li>\n<li id=\"menu-item-117448\" class=\"menu-item\"><a id=\"qa-webrtc-leak-test\" href=\"https:\/\/freevpnplanet.com\/cs\/web-rtc\/\">Test \u00faniku WebRTC<\/a><\/li>\n<li id=\"menu-item-117449\" class=\"menu-item\"><a id=\"qa-virus-scan\" href=\"https:\/\/freevpnplanet.com\/cs\/virus-scan\/\">Skenov\u00e1n\u00ed vir\u016f<\/a><\/li>\n<li id=\"menu-item-117527\" class=\"menu-item\"><a id=\"qa-what-is-my-ip\" href=\"https:\/\/freevpnplanet.com\/cs\/ip-check\/\">Jak\u00e1 je moje IP?<\/a><\/li>\n<li id=\"menu-item-117528\" class=\"menu-item\"><a id=\"qa-generate-password\" href=\"https:\/\/freevpnplanet.com\/cs\/password-generator\/\">Gener\u00e1tor hesel<\/a><\/li>\n<\/ul><\/div>\n<\/section>\n\n<section class=\"two-col-content custom-block align-full  rtl ratio-normal text image-visible-on-mobile-no\" style='--background-color:var(--background-blue)'>\n\n    <div class=\"gutenberg-block-background\"><\/div>\n    <div class=\"two-col-content__container inner-container\">\n        \n                    <div class=\"two-col-content__description\"><p>Nejv\u00edce hrozeb na u\u017eivatele po\u010d\u00edta\u010d\u016f \u010dek\u00e1 na internetu, kdy\u017e p\u0159ech\u00e1z\u00edme na str\u00e1nky, otev\u00edr\u00e1me reklamn\u00ed bannery nebo klik\u00e1me na dal\u0161\u00ed dialogov\u00e1 okna, stahujeme soubory a archivy. Nikdy nev\u00edte, kdy se v po\u010d\u00edta\u010di objev\u00ed \u0161kodliv\u00fd objekt, zejm\u00e9na pokud v za\u0159\u00edzen\u00ed nen\u00ed aktivn\u00ed antivirov\u00e1 ochrana nebo VPN.<\/p>\n<p>K dne\u0161n\u00edmu dni jsou mezi nebezpe\u010d\u00edmi internetu, kter\u00e1 hroz\u00ed naru\u0161en\u00edm syst\u00e9mu nebo hackersk\u00fdm \u00fatokem, vyzdvihov\u00e1na n\u00e1sleduj\u00edc\u00ed:<\/p>\n<ul>\n<li>Trojsk\u00e9 kon\u011b;<\/li>\n<li>Na\u010d\u00edt\u00e1n\u00ed objekt\u016f;<\/li>\n<li>DNS \u00fatoky a \u00faniky informac\u00ed.<\/li>\n<\/ul>\n<p>Pokud surfujete po internetu, ani\u017e byste stahovali jak\u00e9koli soubory, st\u00e1le se vystavujete velk\u00e9mu riziku, vysok\u00e9 pravd\u011bpodobnosti naru\u0161en\u00ed bezpe\u010dnosti kv\u016fli:<\/p>\n<ul>\n<li>Kr\u00e1de\u017ee dat b\u011bhem jejich p\u0159enosu po s\u00edti;<\/li>\n<li>Blok\u00e1d a omezen\u00ed ve va\u0161\u00ed zemi nebo regionu;<\/li>\n<li>Spammer\u016f, kte\u0159\u00ed se v\u00e1s sna\u017e\u00ed dezorientovat a kompromitovat.<\/li>\n<\/ul><\/div>\n        \n                                    <h2 class=\"two-col-content__text\">JAK D\u016eLE\u017dIT\u00c9 JE KONTROLOVAT PO\u010c\u00cdTA\u010c NA P\u0158\u00cdTOMNOST VIR\u016e<\/h2>\n                    \n            <\/div>\n<\/section>\n\n\n<div class=\"container-box custom-block align-full \" style='--background-color:var(--dark-blue-0); --text-color:var(--white)'>\n\n    <div class=\"gutenberg-block-background\"><img decoding=\"async\" width=\"1366\" height=\"312\" src=\"https:\/\/freevpnplanet.com\/wp-content\/uploads\/2024\/05\/rvpn-galactic.8e29189-20240514_122917_086039.svg\" class=\"gutenberg-block-background__image-desktop background-image\" alt=\"bg-image-desktop\" title=\"bg-image-desktop\" \/><img decoding=\"async\" width=\"1366\" height=\"312\" src=\"https:\/\/freevpnplanet.com\/wp-content\/uploads\/2024\/05\/rvpn-galactic.8e29189-20240514_122917_086039.svg\" class=\"gutenberg-block-background__image-mobile background-image\" alt=\"bg-image-mobile\" title=\"bg-image-mobile\" \/><\/div>\n    <div class=\"container-box__inner inner-container\">\n        \n\n<div class=\"buttons custom-block align-center \">\n                        <a href=\"\/cs\/plans\/\" target=\"_self\" id=\"qa-download-free-space\" class=\"cta download-by-platform cta--with-border cta-size--small cta-mt--initial icon-position--icon-left\" style=\"--border-radius:40px\"><span class=\"cta__name\">St\u00e1hnout zdarma<\/span><\/a>            <\/div>\n\n    <\/div>\n\n<\/div>\n\n\n\n<section class=\"image-text custom-block align-none   mobile-image-bottom mobile-title-center  header-size-medium text-size-small   content-right\" style='overflow: hidden;;;--min-height-mobile:400px;--min-height-desktop:600px;--content-width:50%'>\n\n    <div class=\"gutenberg-block-background\"><\/div>\n    <div class=\"image-text__inner inner-container\">\n\n        \n                    <div class=\"image-text__content\">\n\n                <h2>KDE SE KONTROLUJ\u00cd VIRY<\/h2>\n\n\n\n<p>Bezpe\u010dnost nav\u0161t\u00edven\u00fdch str\u00e1nek je d\u016fle\u017eit\u00fdm faktorem pro ka\u017ed\u00e9ho u\u017eivatele, kter\u00fd surfuje po internetu. Jak se ale ujistit, \u017ee webov\u00fd zdroj, na kter\u00fd pot\u0159ebujete p\u0159ej\u00edt a z\u00edskat c\u00edlen\u00e9 informace, neobsahuje viry a nep\u0159edstavuje hrozbu? Pro samotn\u00fd web je to tak\u00e9 d\u016fle\u017eit\u00e9, proto\u017ee to ovliv\u0148uje jeho spolehlivost a hodnocen\u00ed.<\/p>\n<ol>\n<li>Antivirov\u00fd program zablokoval potenci\u00e1ln\u011b nebezpe\u010dnou webovou str\u00e1nku;<\/li>\n<li>Do\u0161lo k bezd\u016fvodn\u00e9mu p\u0159esm\u011brov\u00e1n\u00ed;<\/li>\n<li>N\u00e1v\u0161t\u011bvnost webu prudce klesla;<\/li>\n<li>Bylo p\u0159ijato upozorn\u011bn\u00ed na virus od jin\u00fdch u\u017eivatel\u016f;<\/li>\n<li>Poskytovatel hostingu zablokoval po\u0161tu.<\/li>\n<\/ol>\n<p>Slu\u017eba Planet VPN umo\u017e\u0148uje prov\u00e9st rychlou online antivirovou kontrolu jak\u00e9hokoli webov\u00e9ho zdroje na p\u0159\u00edtomnost vir\u016f:<\/p>\n<ol>\n<li>\u0160kodliv\u00fdch k\u00f3d\u016f;<\/li>\n<li>\u010cerv\u016f;<\/li>\n<li>Trojsk\u00fdch kon\u00ed;<\/li>\n<li>Dal\u0161\u00edch \u0161kodliv\u00fdch objekt\u016f.<\/li>\n<\/ol>\n<p>V z\u00e1jmu ochrany soukrom\u00ed u\u017eivatele VPN vyhled\u00e1v\u00e1 a eliminuje n\u00e1sleduj\u00edc\u00ed nebezpe\u010d\u00ed:<\/p>\n<p><a id=\"qa-dns-link\" class=\"\" href=\"https:\/\/freevpnplanet.com\/cs\/dns-check\/\">Kontrola \u00faniku DNS<\/a><br \/><a id=\"qa-ip-address-link\" href=\"https:\/\/freevpnplanet.com\/cs\/ip-check\/\">Kontrola IP adresy<\/a><\/p>\n                \n            <\/div>\n        \n                    <div class=\"bg-image-wrapper bg-image-wrapper--desktop left image-align--center\">\n                <figure style='--image-max-width:437px;--image-opacity:1.00;width: calc(50% - 20px)'>\n                    <img decoding=\"async\" width=\"436\" height=\"436\" src=\"https:\/\/freevpnplanet.com\/wp-content\/uploads\/2024\/05\/rvpn-virus.b86bc7a1-20240528_152401_495798.svg\" class=\"bg-image\" alt=\"Background Image for Desktop\" \/>                <\/figure>\n            <\/div>\n        \n                    <div class=\"bg-image-wrapper bg-image-wrapper--mobile regular-image\">\n                <figure style='width: 100%;max-width: 480px;opacity: 1.00;margin-top: 24px'>\n                    <img decoding=\"async\" width=\"436\" height=\"436\" src=\"https:\/\/freevpnplanet.com\/wp-content\/uploads\/2024\/05\/rvpn-virus.b86bc7a1-20240528_152401_495798.svg\" class=\"bg-image\" alt=\"Background Image for Mobile\" \/>                <\/figure>\n            <\/div>\n            <\/div>\n<\/section>\n\n<section class=\"two-col-content custom-block align-full  rtl ratio-normal text image-visible-on-mobile-no\" style='--background-color:var(--background-blue)'>\n\n    <div class=\"gutenberg-block-background\"><\/div>\n    <div class=\"two-col-content__container inner-container\">\n        \n                    <div class=\"two-col-content__description\"><p>Kdy\u017e je v\u00e1\u0161 po\u010d\u00edta\u010d nebo mobiln\u00ed za\u0159\u00edzen\u00ed chr\u00e1n\u011bno, \u017e\u00e1dn\u00e9 dal\u0161\u00ed \u00fatoky a rizika pro opera\u010dn\u00ed syst\u00e9m nejsou d\u011bsiv\u00e9. Nesta\u010d\u00ed v\u0161ak pou\u017e\u00edvat pouze antivirov\u00fd software, kter\u00fd je zodpov\u011bdn\u00fd za povrchn\u00ed zabezpe\u010den\u00ed. Princip fungov\u00e1n\u00ed Planet VPN je uspo\u0159\u00e1d\u00e1n tak, \u017ee je nejen skryta skute\u010dn\u00e1 IP adresa u\u017eivatele, ale tak\u00e9 je pln\u011b \u0161ifrov\u00e1n informa\u010dn\u00ed provoz. Pro zachov\u00e1n\u00ed vlastn\u00ed bezpe\u010dnosti budete moci samostatn\u011b pou\u017e\u00edt funkci antivirov\u00e9 kontroly nebo antivirov\u00e9 kontroly URL, abyste zabr\u00e1nili n\u00e1v\u0161t\u011bv\u011b podez\u0159el\u00fdch nebo nebezpe\u010dn\u00fdch str\u00e1nek.<\/p>\n<p>Online antivirov\u00fd skener od Planet VPN poskytuje plnou ochranu a soukrom\u00ed u\u017eivatelsk\u00fdch dat a za\u0159\u00edzen\u00ed p\u0159i pou\u017e\u00edv\u00e1n\u00ed internetu. Provoz je \u0161ifrov\u00e1n a sm\u011brov\u00e1n do zabezpe\u010den\u00e9ho tunelu &#8211; speci\u00e1ln\u00ed technologie, kter\u00e1 zaru\u010duje bezpe\u010dnost va\u0161ich dat p\u0159i p\u0159enosu po s\u00edti. Kdy\u017e m\u00e1te zapnutou s\u00ed\u0165 VPN, nemus\u00edte se ob\u00e1vat virov\u00fdch \u00fatok\u016f a m\u016f\u017eete pohodln\u011b surfovat p\u0159i n\u00e1v\u0161t\u011bv\u011b c\u00edlov\u00fdch str\u00e1nek.<\/p>\n<p>Pomoc\u00ed virtu\u00e1ln\u00ed priv\u00e1tn\u00ed s\u00edt\u011b vytvo\u0159\u00edte anonymn\u00ed re\u017eim v kombinaci s antivirov\u00fdm softwarem, kter\u00fd zajist\u00ed v\u00edcen\u00e1sobnou ochranu va\u0161eho po\u010d\u00edta\u010de a nemus\u00edte se ob\u00e1vat o kybernetickou bezpe\u010dnost v s\u00edti.<\/p><\/div>\n        \n                                    <h2 class=\"two-col-content__text\">JAK PROV\u00c9ST ANTIVIROVOU KONTROLU WEBOV\u00ddCH STR\u00c1NEK ONLINE PROST\u0158EDNICTV\u00cdM PLANET VPN<\/h2>\n                    \n            <\/div>\n<\/section>\n\n\n<section class=\"image-text custom-block align-full   mobile-image-bottom mobile-title-center  header-size-medium text-size-small   content-right\" style='overflow: hidden;;;--min-height-mobile:400px;--min-height-desktop:600px;--content-width:60%'>\n\n    <div class=\"gutenberg-block-background\"><\/div>\n    <div class=\"image-text__inner inner-container\">\n\n        \n                    <div class=\"image-text__content\">\n\n                <h2>JAK CHR\u00c1NIT TELEFON P\u0158ED VIRY &#8211; BEZPE\u010cNOSTN\u00cd OPAT\u0158EN\u00cd<\/h2>\n\n\n\n<p>Chytr\u00e9 telefony z\u00edsk\u00e1vaj\u00ed st\u00e1le v\u011bt\u0161\u00ed oblibu a p\u0159evahu nad stoln\u00edmi po\u010d\u00edta\u010di. Zvl\u00e1\u0161t\u011b v\u00fdhodn\u00e9 je p\u0159ipojen\u00ed k Wi-Fi ve sportovn\u00edm klubu, kav\u00e1rn\u011b, obchodn\u00edm centru a na jak\u00e9mkoli jin\u00e9m ve\u0159ejn\u00e9m m\u00edst\u011b, pokud pot\u0159ebujete nal\u00e9hav\u011b zjistit d\u016fle\u017eit\u00e9 informace nebo komunikovat v soci\u00e1ln\u00edch s\u00edt\u00edch. Komunikace v\u0161ak prob\u00edh\u00e1 nezabezpe\u010den\u00fdm tunelem a va\u0161e data mohou snadno zachytit nepovolan\u00e9 osoby, co\u017e dramaticky naru\u0161uje va\u0161e soukrom\u00ed a bezpe\u010dnost dat.<\/p>\n<p>Po p\u0159ipojen\u00ed k s\u00edti VPN se vytvo\u0159\u00ed zabezpe\u010den\u00fd spojovac\u00ed tunel, tak\u017ee data lze p\u0159en\u00e1\u0161et tajn\u011b p\u0159ed nepovolan\u00fdmi osobami. V\u0161echny soubory budou v bezpe\u010d\u00ed a nebude hrozit \u017e\u00e1dn\u00e9 riziko hackersk\u00e9ho \u00fatoku nebo kr\u00e1de\u017ee.<\/p>\n<p>Planet VPN je jedine\u010dn\u00e9 \u0159e\u0161en\u00ed, kter\u00e9 sou\u010dasn\u011b zabezpe\u010d\u00ed va\u0161e data a postar\u00e1 se o antivirovou ochranu va\u0161eho mobiln\u00edho za\u0159\u00edzen\u00ed. Budete se moci p\u0159ipojit k internetu v anonymn\u00edm re\u017eimu a sou\u010dasn\u011b kontrolovat, zda se na n\u011bm nenach\u00e1z\u00ed viry a zjevn\u00e9 nebo potenci\u00e1ln\u00ed hrozby.<\/p>\n                \n            <\/div>\n        \n                    <div class=\"bg-image-wrapper bg-image-wrapper--desktop left image-align--left\">\n                <figure style='--image-max-width:450px;--image-opacity:1.00;width: calc(40% - 20px)'>\n                    <img decoding=\"async\" width=\"451\" height=\"438\" src=\"https:\/\/freevpnplanet.com\/wp-content\/uploads\/2024\/06\/rvpn-phone-shild.af3491b-20240614_135258_408328.svg\" class=\"bg-image\" alt=\"Background Image for Desktop\" \/>                <\/figure>\n            <\/div>\n        \n                    <div class=\"bg-image-wrapper bg-image-wrapper--mobile regular-image\">\n                <figure style='width: 100%;max-width: 480px;opacity: 1.00;margin-top: 24px'>\n                    <img decoding=\"async\" width=\"451\" height=\"438\" src=\"https:\/\/freevpnplanet.com\/wp-content\/uploads\/2024\/06\/rvpn-phone-shild.af3491b-20240614_135258_408328.svg\" class=\"bg-image\" alt=\"Background Image for Mobile\" \/>                <\/figure>\n            <\/div>\n            <\/div>\n<\/section>\n\n<section class=\"two-col-content custom-block align-full  rtl ratio-normal text image-visible-on-mobile-no\" style='--background-color:var(--background-blue)'>\n\n    <div class=\"gutenberg-block-background\"><\/div>\n    <div class=\"two-col-content__container inner-container\">\n        \n                    <div class=\"two-col-content__description\"><p>P\u0159esto\u017ee jsou chytr\u00e9 telefony technologicky vysp\u011bl\u00e9 a p\u0159ed\u010d\u00ed po\u010d\u00edta\u010de, st\u00e1le z\u016fst\u00e1vaj\u00ed zraniteln\u00e9 v\u016f\u010di vir\u016fm a nebezpe\u010dn\u00fdm objekt\u016fm, kter\u00e9 mohou snadno proniknout do syst\u00e9mu ze s\u00edt\u011b. Spyware a trojsk\u00e9 kon\u011b mohou nen\u00e1padn\u011b \u010d\u00edst u\u017eivatelsk\u00e1 data a p\u0159ed\u00e1vat je hacker\u016fm k neleg\u00e1ln\u00edm aktivit\u00e1m. C\u00edlem \u0161kodliv\u00fdch objekt\u016f je zejm\u00e9na kr\u00e1de\u017e hesel, p\u0159\u00edstupov\u00fdch k\u00f3d\u016f, platebn\u00edch karet a e-mailov\u00fdch adres. Infikovan\u00e9 za\u0159\u00edzen\u00ed pracuje pomaleji a provoz se v\u00fdrazn\u011b zvy\u0161uje.<\/p>\n<p>Antivirov\u00fd skener od Planet VPN umo\u017e\u0148uje rychlou a kvalitn\u00ed kontrolu &#8211; sta\u010d\u00ed p\u0159ipojit smartphone k po\u010d\u00edta\u010di:<\/p>\n<p>Vytvo\u0159te spojen\u00ed mezi po\u010d\u00edta\u010dem a smartphonem pomoc\u00ed kabelu USB a v nab\u00eddce nastaven\u00ed vyberte re\u017eim MTP\/akumulace;<\/p>\n<p>Zkop\u00edrujte soubor z telefonu do po\u010d\u00edta\u010de a naskenujte jej na str\u00e1nce pro skenov\u00e1n\u00ed.<\/p><\/div>\n        \n                                    <h2 class=\"two-col-content__text\">JAK ZKONTROLOVAT TELEFON NA P\u0158\u00cdTOMNOST VIR\u016e PROST\u0158EDNICTV\u00cdM PO\u010c\u00cdTA\u010cE<\/h2>\n                    \n                    <div class=\"two-col-content__cta\">\n                            <\/div>\n            <\/div>\n<\/section>","protected":false},"excerpt":{"rendered":"","protected":false},"author":13,"featured_media":0,"parent":0,"menu_order":0,"comment_status":"closed","ping_status":"closed","template":"templates\/page_template-basic_for_gutenberg.php","meta":{"_acf_changed":false,"inline_featured_image":false,"footnotes":""},"download_by_lite_tag":[],"class_list":["post-98497","page","type-page","status-publish","hentry"],"yoast_head":"<!-- This site is optimized with the Yoast SEO plugin v22.6 - https:\/\/yoast.com\/wordpress\/plugins\/seo\/ -->\n<title>Zdarma vyhled\u00e1v\u00e1n\u00ed vir\u016f - kontrola vir\u016f podle souboru nebo url adresy<\/title>\n<meta name=\"description\" content=\"Kontrola soubor\u016f\/odkaz\u016f na viry online p\u0159es Planet VPN\" \/>\n<meta name=\"robots\" content=\"index, follow, max-snippet:-1, max-image-preview:large, max-video-preview:-1\" \/>\n<link rel=\"canonical\" href=\"https:\/\/freevpnplanet.com\/cs\/virus-scan\/\" \/>\n<meta property=\"og:locale\" content=\"en_US\" \/>\n<meta property=\"og:type\" content=\"article\" \/>\n<meta property=\"og:title\" content=\"Zdarma vyhled\u00e1v\u00e1n\u00ed vir\u016f - kontrola vir\u016f podle souboru nebo url adresy\" \/>\n<meta property=\"og:description\" content=\"Kontrola soubor\u016f\/odkaz\u016f na viry online p\u0159es Planet VPN\" \/>\n<meta property=\"og:url\" content=\"https:\/\/freevpnplanet.com\/cs\/virus-scan\/\" \/>\n<meta property=\"og:site_name\" content=\"Planet VPN\" \/>\n<meta property=\"article:modified_time\" content=\"2026-01-20T12:15:47+00:00\" \/>\n<meta name=\"twitter:card\" content=\"summary_large_image\" \/>\n<script type=\"application\/ld+json\" class=\"yoast-schema-graph\">{\"@context\":\"https:\/\/schema.org\",\"@graph\":[{\"@type\":\"WebPage\",\"@id\":\"https:\/\/freevpnplanet.com\/cs\/virus-scan\/\",\"url\":\"https:\/\/freevpnplanet.com\/cs\/virus-scan\/\",\"name\":\"Zdarma vyhled\u00e1v\u00e1n\u00ed vir\u016f - kontrola vir\u016f podle souboru nebo url adresy\",\"isPartOf\":{\"@id\":\"https:\/\/freevpnplanet.com\/cs\/#website\"},\"datePublished\":\"2024-06-03T16:16:22+00:00\",\"dateModified\":\"2026-01-20T12:15:47+00:00\",\"description\":\"Kontrola soubor\u016f\/odkaz\u016f na viry online p\u0159es Planet VPN\",\"breadcrumb\":{\"@id\":\"https:\/\/freevpnplanet.com\/cs\/virus-scan\/#breadcrumb\"},\"inLanguage\":\"cs\",\"potentialAction\":[{\"@type\":\"ReadAction\",\"target\":[\"https:\/\/freevpnplanet.com\/cs\/virus-scan\/\"]}]},{\"@type\":\"BreadcrumbList\",\"@id\":\"https:\/\/freevpnplanet.com\/cs\/virus-scan\/#breadcrumb\",\"itemListElement\":[{\"@type\":\"ListItem\",\"position\":1,\"name\":\"Home\",\"item\":\"https:\/\/freevpnplanet.com\/cs\/\"},{\"@type\":\"ListItem\",\"position\":2,\"name\":\"Virus scan\"}]},{\"@type\":\"WebSite\",\"@id\":\"https:\/\/freevpnplanet.com\/cs\/#website\",\"url\":\"https:\/\/freevpnplanet.com\/cs\/\",\"name\":\"Planet VPN \ud83d\udee1\ufe0f\ud83c\udf10 Free VPN\",\"description\":\"Free VPN\",\"potentialAction\":[{\"@type\":\"SearchAction\",\"target\":{\"@type\":\"EntryPoint\",\"urlTemplate\":\"https:\/\/freevpnplanet.com\/cs\/?s={search_term_string}\"},\"query-input\":\"required name=search_term_string\"}],\"inLanguage\":\"cs\",\"publisher\":{\"@id\":\"https:\/\/freevpnplanet.com\/cs\/#organization\"}},{\"@context\":\"https:\/\/schema.org\/\",\"@type\":\"SoftwareApplication\",\"name\":\"Planet VPN \ud83d\udee1\ufe0f\ud83c\udf10 Free VPN\",\"operatingSystem\":\"Windows, macOS, iOS, Android, Linux, Chrome\",\"applicationCategory\":\"SecurityApplication\",\"offers\":{\"@type\":\"AggregateOffer\",\"priceCurrency\":\"USD\",\"price\":\"0\",\"lowPrice\":\"0\",\"availability\":\"https:\/\/schema.org\/InStock\"},\"aggregateRating\":{\"@type\":\"AggregateRating\",\"ratingValue\":\"4.8\",\"bestRating\":\"5\",\"ratingCount\":\"12476\"}},{\"@type\":\"Organization\",\"@id\":\"https:\/\/freevpnplanet.com\/cs\/#organization\",\"url\":\"https:\/\/freevpnplanet.com\/cs\/\",\"name\":\"Planet VPN \ud83d\udee1\ufe0f\ud83c\udf10 Free VPN\"}]}<\/script>\n<!-- \/ Yoast SEO plugin. -->","yoast_head_json":{"title":"Zdarma vyhled\u00e1v\u00e1n\u00ed vir\u016f - kontrola vir\u016f podle souboru nebo url adresy","description":"Kontrola soubor\u016f\/odkaz\u016f na viry online p\u0159es Planet VPN","robots":{"index":"index","follow":"follow","max-snippet":"max-snippet:-1","max-image-preview":"max-image-preview:large","max-video-preview":"max-video-preview:-1"},"canonical":"https:\/\/freevpnplanet.com\/cs\/virus-scan\/","og_locale":"en_US","og_type":"article","og_title":"Zdarma vyhled\u00e1v\u00e1n\u00ed vir\u016f - kontrola vir\u016f podle souboru nebo url adresy","og_description":"Kontrola soubor\u016f\/odkaz\u016f na viry online p\u0159es Planet VPN","og_url":"https:\/\/freevpnplanet.com\/cs\/virus-scan\/","og_site_name":"Planet VPN","article_modified_time":"2026-01-20T12:15:47+00:00","twitter_card":"summary_large_image","schema":{"@context":"https:\/\/schema.org","@graph":[{"@type":"WebPage","@id":"https:\/\/freevpnplanet.com\/cs\/virus-scan\/","url":"https:\/\/freevpnplanet.com\/cs\/virus-scan\/","name":"Zdarma vyhled\u00e1v\u00e1n\u00ed vir\u016f - kontrola vir\u016f podle souboru nebo url adresy","isPartOf":{"@id":"https:\/\/freevpnplanet.com\/cs\/#website"},"datePublished":"2024-06-03T16:16:22+00:00","dateModified":"2026-01-20T12:15:47+00:00","description":"Kontrola soubor\u016f\/odkaz\u016f na viry online p\u0159es Planet VPN","breadcrumb":{"@id":"https:\/\/freevpnplanet.com\/cs\/virus-scan\/#breadcrumb"},"inLanguage":"cs","potentialAction":[{"@type":"ReadAction","target":["https:\/\/freevpnplanet.com\/cs\/virus-scan\/"]}]},{"@type":"BreadcrumbList","@id":"https:\/\/freevpnplanet.com\/cs\/virus-scan\/#breadcrumb","itemListElement":[{"@type":"ListItem","position":1,"name":"Home","item":"https:\/\/freevpnplanet.com\/cs\/"},{"@type":"ListItem","position":2,"name":"Virus scan"}]},{"@type":"WebSite","@id":"https:\/\/freevpnplanet.com\/cs\/#website","url":"https:\/\/freevpnplanet.com\/cs\/","name":"Planet VPN \ud83d\udee1\ufe0f\ud83c\udf10 Free VPN","description":"Free VPN","potentialAction":[{"@type":"SearchAction","target":{"@type":"EntryPoint","urlTemplate":"https:\/\/freevpnplanet.com\/cs\/?s={search_term_string}"},"query-input":"required name=search_term_string"}],"inLanguage":"cs","publisher":{"@id":"https:\/\/freevpnplanet.com\/cs\/#organization"}},{"@context":"https:\/\/schema.org\/","@type":"SoftwareApplication","name":"Planet VPN \ud83d\udee1\ufe0f\ud83c\udf10 Free VPN","operatingSystem":"Windows, macOS, iOS, Android, Linux, Chrome","applicationCategory":"SecurityApplication","offers":{"@type":"AggregateOffer","priceCurrency":"USD","price":"0","lowPrice":"0","availability":"https:\/\/schema.org\/InStock"},"aggregateRating":{"@type":"AggregateRating","ratingValue":"4.8","bestRating":"5","ratingCount":"12476"}},{"@type":"Organization","@id":"https:\/\/freevpnplanet.com\/cs\/#organization","url":"https:\/\/freevpnplanet.com\/cs\/","name":"Planet VPN \ud83d\udee1\ufe0f\ud83c\udf10 Free VPN"}]}},"acf":[],"_links":{"self":[{"href":"https:\/\/freevpnplanet.com\/cs\/wp-json\/wp\/v2\/pages\/98497","targetHints":{"allow":["GET"]}}],"collection":[{"href":"https:\/\/freevpnplanet.com\/cs\/wp-json\/wp\/v2\/pages"}],"about":[{"href":"https:\/\/freevpnplanet.com\/cs\/wp-json\/wp\/v2\/types\/page"}],"author":[{"embeddable":true,"href":"https:\/\/freevpnplanet.com\/cs\/wp-json\/wp\/v2\/users\/13"}],"replies":[{"embeddable":true,"href":"https:\/\/freevpnplanet.com\/cs\/wp-json\/wp\/v2\/comments?post=98497"}],"version-history":[{"count":1,"href":"https:\/\/freevpnplanet.com\/cs\/wp-json\/wp\/v2\/pages\/98497\/revisions"}],"predecessor-version":[{"id":131039,"href":"https:\/\/freevpnplanet.com\/cs\/wp-json\/wp\/v2\/pages\/98497\/revisions\/131039"}],"wp:attachment":[{"href":"https:\/\/freevpnplanet.com\/cs\/wp-json\/wp\/v2\/media?parent=98497"}],"wp:term":[{"taxonomy":"download_by_lite_tag","embeddable":true,"href":"https:\/\/freevpnplanet.com\/cs\/wp-json\/wp\/v2\/download_by_lite_tag?post=98497"}],"curies":[{"name":"wp","href":"https:\/\/api.w.org\/{rel}","templated":true}]}}