{"id":98691,"date":"2024-05-23T15:29:22","date_gmt":"2024-05-23T12:29:22","guid":{"rendered":"https:\/\/help.freeplanetvpn.com\/no-logs-vpn-policy\/"},"modified":"2026-02-11T15:19:22","modified_gmt":"2026-02-11T12:19:22","slug":"no-logs-vpn-policy","status":"publish","type":"page","link":"https:\/\/freevpnplanet.com\/cs\/no-logs-vpn-policy\/","title":{"rendered":"No logs VPN Policy"},"content":{"rendered":"\n<section class=\"jurisdiction custom-block align-none \" style='--background-color:var(--background-blue)'>\n\n    <div class=\"gutenberg-block-background\"><\/div>\n    <div class=\"jurisdiction__inner inner-container\">\n                    <div class=\"jurisdiction__content\">\n                                    <h1 class=\"jurisdiction__content-title\"> Z\u00e1sady VPN bez protokol\u016f <\/h1>\n                \n                <p class=\"jurisdiction__content-desc\"><p>Slu\u017eba Planet VPN je registrov\u00e1na pod rumunskou jurisdikc\u00ed, co\u017e n\u00e1m umo\u017e\u0148uje neukl\u00e1dat z\u00e1znamy o online aktivit\u00e1ch u\u017eivatel\u016f, datech p\u0159ipojen\u00ed a IP adres\u00e1ch, stejn\u011b jako dal\u0161\u00ed citliv\u00e9 \u00fadaje o na\u0161ich u\u017eivatel\u00edch.<\/p>\n<p>Rumunsko je sou\u010d\u00e1st\u00ed Evropsk\u00e9 unie a nen\u00ed \u010dlenem \u017e\u00e1dn\u00e9 sledovac\u00ed aliance, jako jsou aliance 5 Eyes, 9 Eyes nebo 14 Eyes. V roce 2011 rumunsk\u00fd Sen\u00e1t jednomysln\u011b zam\u00edtl n\u00e1vrh z\u00e1kona o ukl\u00e1d\u00e1n\u00ed dat.<\/p>\n<p>P\u0159i pou\u017e\u00edv\u00e1n\u00ed Planet VPN jsou osobn\u00ed \u00fadaje ve 100% bezpe\u010d\u00ed. Dle rumunsk\u00fdch z\u00e1kon\u016f nejsme povinni na\u0161e u\u017eivatele sledovat.<\/p>\n<p>Na\u0161\u00ed spole\u010dnosti nevznik\u00e1 \u017e\u00e1dn\u00e1 povinnost spolupracovat s jak\u00fdmikoli zpravodajsk\u00fdmi slu\u017ebami, to n\u00e1m umo\u017e\u0148uje p\u0159\u00edsn\u011b dodr\u017eovat z\u00e1sady ochrany osobn\u00edch \u00fadaj\u016f na\u0161ich u\u017eivatel\u016f.<\/p><\/p>\n\n                                    <div class=\"image-text__cta\">\n                        <a href=\"\/cs\/plans\/\" target=\"_self\" id=\"qa-no-logs-policy-btn\" class=\"cta download-by-platform cta--with-border cta-size--small cta-mt--initial icon-position--icon-left\" style=\"--border-radius:40px\"><span class=\"cta__name\">St\u00e1hnout Zdarma<\/span><\/a>                    <\/div>\n                            <\/div>\n                            <div class=\"jurisdiction__list\">\n                                    <div class=\"jurisdiction__item\">\n                                                    <figure>\n                                <img decoding=\"async\" width=\"100\" height=\"104\" src=\"https:\/\/freevpnplanet.com\/wp-content\/uploads\/2024\/09\/pasport_4847d96.svg\" class=\"jurisdiction__item-img\" alt=\"\" \/>                            <\/figure>\n                        \n                                                    <p class=\"jurisdiction__item-text\">Nikdy v\u00e1s nebudeme \u017e\u00e1dat o poskytnut\u00ed dal\u0161\u00edch informac\u00ed o u\u017eivateli krom\u011b EMAILOV\u00c9 adresy<\/p>\n                                            <\/div>\n                                    <div class=\"jurisdiction__item\">\n                                                    <figure>\n                                <img decoding=\"async\" width=\"99\" height=\"104\" src=\"https:\/\/freevpnplanet.com\/wp-content\/uploads\/2024\/09\/anon_741e52b.svg\" class=\"jurisdiction__item-img\" alt=\"\" \/>                            <\/figure>\n                        \n                                                    <p class=\"jurisdiction__item-text\">M\u00e1me n\u011bkolik mo\u017enost\u00ed p\u0159ij\u00edm\u00e1n\u00ed plateb, v\u010detn\u011b ANONYMN\u00cdCH (kryptom\u011bna)<\/p>\n                                            <\/div>\n                                    <div class=\"jurisdiction__item\">\n                                                    <figure>\n                                <img decoding=\"async\" width=\"104\" height=\"104\" src=\"https:\/\/freevpnplanet.com\/wp-content\/uploads\/2025\/03\/info.png\" class=\"jurisdiction__item-img\" alt=\"\" \/>                            <\/figure>\n                        \n                                                    <p class=\"jurisdiction__item-text\">Podle rumunsk\u00fdch z\u00e1kon\u016f nejsme povinni monitorovat na\u0161e u\u017eivatele<\/p>\n                                            <\/div>\n                            <\/div>\n            <\/div>\n<\/section>\n\n\n<div class=\"wp-block-group alignfull has-background is-layout-constrained wp-block-group-is-layout-constrained\" style=\"background-color:#2f77d4\">\n<section class=\"image-text custom-block align-none   mobile-image-bottom mobile-title-center  header-size-medium text-size-small   content-right\" style='overflow: hidden;;--text-color:var(--white);--min-height-mobile:400px;--min-height-desktop:617px;--content-width:52%'>\n\n    <div class=\"gutenberg-block-background\"><\/div>\n    <div class=\"image-text__inner inner-container\">\n\n        \n                    <div class=\"image-text__content\">\n\n                <h2>JAK\u00c9 JSOU V\u00ddHODY PLANET VPN K OBCH\u00c1ZEN\u00cd BLOKOVAN\u00ddCH WEB\u016e?<\/h2>\n\n\n<ul class=\"list-style\">\n<li>Na\u0161e servery um\u00edst\u011bn\u00e9 v mnoha zem\u00edch: Austr\u00e1lie, Bulharsko, \u010cesk\u00e1 republika, \u010c\u00edna, Estonsko, Francie, Kanada, Litva, Loty\u0161sko, N\u011bmecko, Rusko, Singapur, \u0160v\u00e9dsko, Ukrajina, Velk\u00e1 Brit\u00e1nie, USA.<\/li>\n<li>Ka\u017ed\u00fd server VPN m\u00e1 vlastn\u00ed DNS zem\u011b, ve kter\u00e9 se nach\u00e1z\u00ed.<\/li>\n<li>Existuje mo\u017enost ru\u010dn\u00ed \u00fapravy vazeb<\/li>\n<li>Sada dostupn\u00fdch server\u016f se neust\u00e1le roz\u0161i\u0159uje<\/li>\n<li>Bezpe\u010dn\u00e9 VPN protokoly a \u0161ifrovan\u00e9 servery po cel\u00e9m sv\u011bt\u011b<\/li>\n<\/ul>\n                                    <div class=\"image-text__cta\">\n                        <a href=\"\/cs\/plans\/\" target=\"_self\" id=\"qa-banner-cta\" class=\"cta download-by-platform cta--with-border cta-size--small cta-mt--initial icon-position--icon-left\" style=\"--border-radius:40px\"><span class=\"cta__name\">St\u00e1hnout Zdarma<\/span><\/a>                    <\/div>\n                \n            <\/div>\n        \n                    <div class=\"bg-image-wrapper bg-image-wrapper--desktop left image-align--center\">\n                <figure style='--image-max-width:1000px;--image-opacity:1.00;width: calc(46% - 20px)'>\n                    <img decoding=\"async\" width=\"1140\" height=\"1140\" src=\"https:\/\/freevpnplanet.com\/wp-content\/uploads\/2024\/05\/rvpn-rvpn-rvpn-map-20240410-114426-568830-20240507-185226-3669051-20240523_161432_363003.png\" class=\"bg-image\" alt=\"Background Image for Desktop\" \/>                <\/figure>\n            <\/div>\n        \n                    <div class=\"bg-image-wrapper bg-image-wrapper--mobile regular-image\">\n                <figure style='width: 100%;max-width: 480px;opacity: 1.00;margin-top: 24px'>\n                    <img decoding=\"async\" width=\"1140\" height=\"1140\" src=\"https:\/\/freevpnplanet.com\/wp-content\/uploads\/2024\/05\/rvpn-rvpn-rvpn-map-20240410-114426-568830-20240507-185226-3669051-20240523_161432_363003.png\" class=\"bg-image\" alt=\"Background Image for Mobile\" \/>                <\/figure>\n            <\/div>\n            <\/div>\n<\/section><\/div>\n","protected":false},"excerpt":{"rendered":"","protected":false},"author":39,"featured_media":0,"parent":0,"menu_order":0,"comment_status":"closed","ping_status":"closed","template":"templates\/page_template-basic_for_gutenberg.php","meta":{"_acf_changed":false,"inline_featured_image":false,"footnotes":""},"download_by_lite_tag":[],"class_list":["post-98691","page","type-page","status-publish","hentry"],"yoast_head":"<!-- This site is optimized with the Yoast SEO plugin v22.6 - https:\/\/yoast.com\/wordpress\/plugins\/seo\/ -->\n<title>Zdarma Nejlep\u0161\u00ed VPN bez protokol\u016f - free vpn no logs | Planet VPN<\/title>\n<meta name=\"description\" content=\"Anonymn\u00ed VPN bez log\u016f. Planet VPN pou\u017e\u00edv\u00e1 pokro\u010dil\u00e9 bezpe\u010dn\u00e9 \u0161ifrovac\u00ed algoritmy.\" \/>\n<meta name=\"robots\" content=\"index, follow, max-snippet:-1, max-image-preview:large, max-video-preview:-1\" \/>\n<link rel=\"canonical\" href=\"https:\/\/freevpnplanet.com\/cs\/no-logs-vpn-policy\/\" \/>\n<meta property=\"og:locale\" content=\"en_US\" \/>\n<meta property=\"og:type\" content=\"article\" \/>\n<meta property=\"og:title\" content=\"Zdarma Nejlep\u0161\u00ed VPN bez protokol\u016f - free vpn no logs | Planet VPN\" \/>\n<meta property=\"og:description\" content=\"Anonymn\u00ed VPN bez log\u016f. Planet VPN pou\u017e\u00edv\u00e1 pokro\u010dil\u00e9 bezpe\u010dn\u00e9 \u0161ifrovac\u00ed algoritmy.\" \/>\n<meta property=\"og:url\" content=\"https:\/\/freevpnplanet.com\/cs\/no-logs-vpn-policy\/\" \/>\n<meta property=\"og:site_name\" content=\"Planet VPN\" \/>\n<meta property=\"article:modified_time\" content=\"2026-02-11T12:19:22+00:00\" \/>\n<meta name=\"twitter:card\" content=\"summary_large_image\" \/>\n<script type=\"application\/ld+json\" class=\"yoast-schema-graph\">{\"@context\":\"https:\/\/schema.org\",\"@graph\":[{\"@type\":\"WebPage\",\"@id\":\"https:\/\/freevpnplanet.com\/cs\/no-logs-vpn-policy\/\",\"url\":\"https:\/\/freevpnplanet.com\/cs\/no-logs-vpn-policy\/\",\"name\":\"Zdarma Nejlep\u0161\u00ed VPN bez protokol\u016f - free vpn no logs | Planet VPN\",\"isPartOf\":{\"@id\":\"https:\/\/freevpnplanet.com\/cs\/#website\"},\"datePublished\":\"2024-05-23T12:29:22+00:00\",\"dateModified\":\"2026-02-11T12:19:22+00:00\",\"description\":\"Anonymn\u00ed VPN bez log\u016f. Planet VPN pou\u017e\u00edv\u00e1 pokro\u010dil\u00e9 bezpe\u010dn\u00e9 \u0161ifrovac\u00ed algoritmy.\",\"breadcrumb\":{\"@id\":\"https:\/\/freevpnplanet.com\/cs\/no-logs-vpn-policy\/#breadcrumb\"},\"inLanguage\":\"cs\",\"potentialAction\":[{\"@type\":\"ReadAction\",\"target\":[\"https:\/\/freevpnplanet.com\/cs\/no-logs-vpn-policy\/\"]}]},{\"@type\":\"BreadcrumbList\",\"@id\":\"https:\/\/freevpnplanet.com\/cs\/no-logs-vpn-policy\/#breadcrumb\",\"itemListElement\":[{\"@type\":\"ListItem\",\"position\":1,\"name\":\"Home\",\"item\":\"https:\/\/freevpnplanet.com\/cs\/\"},{\"@type\":\"ListItem\",\"position\":2,\"name\":\"No logs VPN Policy\"}]},{\"@type\":\"WebSite\",\"@id\":\"https:\/\/freevpnplanet.com\/cs\/#website\",\"url\":\"https:\/\/freevpnplanet.com\/cs\/\",\"name\":\"Planet VPN \ud83d\udee1\ufe0f\ud83c\udf10 Free VPN\",\"description\":\"Free VPN\",\"potentialAction\":[{\"@type\":\"SearchAction\",\"target\":{\"@type\":\"EntryPoint\",\"urlTemplate\":\"https:\/\/freevpnplanet.com\/cs\/?s={search_term_string}\"},\"query-input\":\"required name=search_term_string\"}],\"inLanguage\":\"cs\",\"publisher\":{\"@id\":\"https:\/\/freevpnplanet.com\/cs\/#organization\"}},{\"@context\":\"https:\/\/schema.org\/\",\"@type\":\"SoftwareApplication\",\"name\":\"Planet VPN \ud83d\udee1\ufe0f\ud83c\udf10 Free VPN\",\"operatingSystem\":\"Windows, macOS, iOS, Android, Linux, Chrome\",\"applicationCategory\":\"SecurityApplication\",\"offers\":{\"@type\":\"AggregateOffer\",\"priceCurrency\":\"USD\",\"price\":\"0\",\"lowPrice\":\"0\",\"availability\":\"https:\/\/schema.org\/InStock\"},\"aggregateRating\":{\"@type\":\"AggregateRating\",\"ratingValue\":\"4.8\",\"bestRating\":\"5\",\"ratingCount\":\"12476\"}},{\"@type\":\"Organization\",\"@id\":\"https:\/\/freevpnplanet.com\/cs\/#organization\",\"url\":\"https:\/\/freevpnplanet.com\/cs\/\",\"name\":\"Planet VPN \ud83d\udee1\ufe0f\ud83c\udf10 Free VPN\"}]}<\/script>\n<!-- \/ Yoast SEO plugin. -->","yoast_head_json":{"title":"Zdarma Nejlep\u0161\u00ed VPN bez protokol\u016f - free vpn no logs | Planet VPN","description":"Anonymn\u00ed VPN bez log\u016f. Planet VPN pou\u017e\u00edv\u00e1 pokro\u010dil\u00e9 bezpe\u010dn\u00e9 \u0161ifrovac\u00ed algoritmy.","robots":{"index":"index","follow":"follow","max-snippet":"max-snippet:-1","max-image-preview":"max-image-preview:large","max-video-preview":"max-video-preview:-1"},"canonical":"https:\/\/freevpnplanet.com\/cs\/no-logs-vpn-policy\/","og_locale":"en_US","og_type":"article","og_title":"Zdarma Nejlep\u0161\u00ed VPN bez protokol\u016f - free vpn no logs | Planet VPN","og_description":"Anonymn\u00ed VPN bez log\u016f. Planet VPN pou\u017e\u00edv\u00e1 pokro\u010dil\u00e9 bezpe\u010dn\u00e9 \u0161ifrovac\u00ed algoritmy.","og_url":"https:\/\/freevpnplanet.com\/cs\/no-logs-vpn-policy\/","og_site_name":"Planet VPN","article_modified_time":"2026-02-11T12:19:22+00:00","twitter_card":"summary_large_image","schema":{"@context":"https:\/\/schema.org","@graph":[{"@type":"WebPage","@id":"https:\/\/freevpnplanet.com\/cs\/no-logs-vpn-policy\/","url":"https:\/\/freevpnplanet.com\/cs\/no-logs-vpn-policy\/","name":"Zdarma Nejlep\u0161\u00ed VPN bez protokol\u016f - free vpn no logs | Planet VPN","isPartOf":{"@id":"https:\/\/freevpnplanet.com\/cs\/#website"},"datePublished":"2024-05-23T12:29:22+00:00","dateModified":"2026-02-11T12:19:22+00:00","description":"Anonymn\u00ed VPN bez log\u016f. Planet VPN pou\u017e\u00edv\u00e1 pokro\u010dil\u00e9 bezpe\u010dn\u00e9 \u0161ifrovac\u00ed algoritmy.","breadcrumb":{"@id":"https:\/\/freevpnplanet.com\/cs\/no-logs-vpn-policy\/#breadcrumb"},"inLanguage":"cs","potentialAction":[{"@type":"ReadAction","target":["https:\/\/freevpnplanet.com\/cs\/no-logs-vpn-policy\/"]}]},{"@type":"BreadcrumbList","@id":"https:\/\/freevpnplanet.com\/cs\/no-logs-vpn-policy\/#breadcrumb","itemListElement":[{"@type":"ListItem","position":1,"name":"Home","item":"https:\/\/freevpnplanet.com\/cs\/"},{"@type":"ListItem","position":2,"name":"No logs VPN Policy"}]},{"@type":"WebSite","@id":"https:\/\/freevpnplanet.com\/cs\/#website","url":"https:\/\/freevpnplanet.com\/cs\/","name":"Planet VPN \ud83d\udee1\ufe0f\ud83c\udf10 Free VPN","description":"Free VPN","potentialAction":[{"@type":"SearchAction","target":{"@type":"EntryPoint","urlTemplate":"https:\/\/freevpnplanet.com\/cs\/?s={search_term_string}"},"query-input":"required name=search_term_string"}],"inLanguage":"cs","publisher":{"@id":"https:\/\/freevpnplanet.com\/cs\/#organization"}},{"@context":"https:\/\/schema.org\/","@type":"SoftwareApplication","name":"Planet VPN \ud83d\udee1\ufe0f\ud83c\udf10 Free VPN","operatingSystem":"Windows, macOS, iOS, Android, Linux, Chrome","applicationCategory":"SecurityApplication","offers":{"@type":"AggregateOffer","priceCurrency":"USD","price":"0","lowPrice":"0","availability":"https:\/\/schema.org\/InStock"},"aggregateRating":{"@type":"AggregateRating","ratingValue":"4.8","bestRating":"5","ratingCount":"12476"}},{"@type":"Organization","@id":"https:\/\/freevpnplanet.com\/cs\/#organization","url":"https:\/\/freevpnplanet.com\/cs\/","name":"Planet VPN \ud83d\udee1\ufe0f\ud83c\udf10 Free VPN"}]}},"acf":[],"_links":{"self":[{"href":"https:\/\/freevpnplanet.com\/cs\/wp-json\/wp\/v2\/pages\/98691","targetHints":{"allow":["GET"]}}],"collection":[{"href":"https:\/\/freevpnplanet.com\/cs\/wp-json\/wp\/v2\/pages"}],"about":[{"href":"https:\/\/freevpnplanet.com\/cs\/wp-json\/wp\/v2\/types\/page"}],"author":[{"embeddable":true,"href":"https:\/\/freevpnplanet.com\/cs\/wp-json\/wp\/v2\/users\/39"}],"replies":[{"embeddable":true,"href":"https:\/\/freevpnplanet.com\/cs\/wp-json\/wp\/v2\/comments?post=98691"}],"version-history":[{"count":6,"href":"https:\/\/freevpnplanet.com\/cs\/wp-json\/wp\/v2\/pages\/98691\/revisions"}],"predecessor-version":[{"id":158713,"href":"https:\/\/freevpnplanet.com\/cs\/wp-json\/wp\/v2\/pages\/98691\/revisions\/158713"}],"wp:attachment":[{"href":"https:\/\/freevpnplanet.com\/cs\/wp-json\/wp\/v2\/media?parent=98691"}],"wp:term":[{"taxonomy":"download_by_lite_tag","embeddable":true,"href":"https:\/\/freevpnplanet.com\/cs\/wp-json\/wp\/v2\/download_by_lite_tag?post=98691"}],"curies":[{"name":"wp","href":"https:\/\/api.w.org\/{rel}","templated":true}]}}