{"id":99284,"date":"2024-05-31T15:55:49","date_gmt":"2024-05-31T12:55:49","guid":{"rendered":"https:\/\/help.freeplanetvpn.com\/password-generator\/"},"modified":"2026-01-20T15:47:34","modified_gmt":"2026-01-20T12:47:34","slug":"password-generator","status":"publish","type":"page","link":"https:\/\/freevpnplanet.com\/cs\/password-generator\/","title":{"rendered":"Password generator"},"content":{"rendered":"\n<section class=\"tools-hero\">\n  <div class=\"tools-hero__inner container\">\n\n    <div class=\"password-generator__wrapper\">\n      <div class=\"password-generator\">\n                  <div class=\"password-generator__text\"><h1>Online gener\u00e1tor hesel &#8211; bezpe\u010dn\u00fd, n\u00e1hodn\u00fd a siln\u00fd<\/h1>\n<p>Vygenerujte si siln\u00e9 heslo pomoc\u00ed na\u0161eho gener\u00e1toru hesel. Neodkl\u00e1dejte to, sni\u017ete bezpe\u010dnostn\u00ed rizika vygenerov\u00e1n\u00edm siln\u00e9ho hesla.<\/p><\/div>\n        \n        <div class=\"password-generator__result\">\n          <div class=\"password-generator__password\">\n            <input id=\"password\" type=\"text\" class=\"password-generator__input\" readonly>\n            <button id=\"qa-generate-password\" type=\"button\" class=\"password-generator__generate\" aria-label=\"Generovat\"><\/button>\n            <button id=\"qa-copy-password\" type=\"button\" class=\"password-generator__copy\" aria-label=\"Kop\u00edrovat\"><\/button>\n          <\/div>\n\n          <div id=\"qa-copied-message\" class=\"password-generator__msg\"><\/div>\n          <script>\n            window.success_copied_message = '';\n            window.error_copied_message = '';\n          <\/script>\n          <div class=\"password-generator__power\">\n            <span>Slab\u00fd<\/span>\n            <span>Siln\u00fd<\/span>\n            <b class=\"password-generator__power-line\" style=\"--width:0\"><\/b>\n          <\/div>\n        <\/div>\n\n        <form name=\"passwordGenerator\" method=\"post\" action=\"\" class=\"password-generator__form\">\n          <h2>Konfigurace<\/h2>\n          <div class=\"password-generator__characters\">\n            <b>Typ znak\u016f<\/b>\n            <label>\n              <input id=\"upperCaseCheckBox\" type=\"checkbox\" name=\"lettersUppercase\" checked \/>\n              <span>Velk\u00e1 p\u00edsmena<\/span>\n            <\/label>\n            <label>\n              <input id=\"lowerCaseCheckBox\" type=\"checkbox\" name=\"lettersLowercase\" checked \/>\n              <span>Mal\u00e1 p\u00edsmena<\/span>\n            <\/label>\n          <\/div>\n\n          <div class=\"password-generator__slider\">\n            <b>D\u00e9lka <span class=\"password-generator__lengthValue-span\">12<\/span><\/b>\n            <label>\n              <input id=\"qa-length\" type=\"range\" min=\"6\" max=\"20\" value=\"12\" name=\"lengthValue\" \/>\n            <\/label>\n          <\/div>\n\n          <div class=\"password-generator__slider\">\n            <b>\u010c\u00edslice <span class=\"password-generator__digitsValue-span\">4<\/span><\/b>\n            <label>\n              <input id=\"qa-digits\" type=\"range\" min=\"0\" max=\"20\" value=\"4\" name=\"digitsValue\" \/>\n            <\/label>\n          <\/div>\n\n          <div class=\"password-generator__slider\">\n            <b>Symboly <span class=\"password-generator__symbolsValue-span\">2<\/span><\/b>\n            <label>\n              <input id=\"qa-symbols\" type=\"range\" min=\"0\" max=\"20\" value=\"2\" name=\"symbolsValue\" \/>\n            <\/label>\n          <\/div>\n\n        <\/form>\n      <\/div>\n\n    <\/div>\n  <\/div>\n\n  <div class=\"tools-hero__menu\"><ul id=\"menu-nastroje-menu-czech\" class=\"menu\"><li id=\"menu-item-117447\" class=\"menu-item menu-item-type-post_type menu-item-object-page menu-item-117447\"><a href=\"https:\/\/freevpnplanet.com\/cs\/dns-check\/\">Test \u00faniku DNS<\/a><\/li>\n<li id=\"menu-item-117448\" class=\"menu-item menu-item-type-post_type menu-item-object-page menu-item-117448\"><a href=\"https:\/\/freevpnplanet.com\/cs\/web-rtc\/\">Test \u00faniku WebRTC<\/a><\/li>\n<li id=\"menu-item-117449\" class=\"menu-item menu-item-type-post_type menu-item-object-page menu-item-117449\"><a href=\"https:\/\/freevpnplanet.com\/cs\/virus-scan\/\">Skenov\u00e1n\u00ed vir\u016f<\/a><\/li>\n<li id=\"menu-item-117527\" class=\"menu-item menu-item-type-post_type menu-item-object-page menu-item-117527\"><a href=\"https:\/\/freevpnplanet.com\/cs\/ip-check\/\">Jak\u00e1 je moje IP?<\/a><\/li>\n<li id=\"menu-item-117528\" class=\"menu-item menu-item-type-post_type menu-item-object-page menu-item-117528\"><a href=\"https:\/\/freevpnplanet.com\/cs\/password-generator\/\">Gener\u00e1tor hesel<\/a><\/li>\n<\/ul><\/div>\n<\/section>\n\n<section class=\"two-col-content custom-block align-full  rtl ratio-normal text image-visible-on-mobile-no\" style='--background-color:var(--background-blue)'>\n\n    <div class=\"gutenberg-block-background\"><\/div>\n    <div class=\"two-col-content__container inner-container\">\n        \n                    <div class=\"two-col-content__description\"><p>Gener\u00e1tor hesel online je bezplatn\u00fd n\u00e1stroj pro vytv\u00e1\u0159en\u00ed jedine\u010dn\u00fdch a obt\u00ed\u017en\u00fdch hesel. Je ide\u00e1ln\u00ed pro ty, kte\u0159\u00ed cht\u011bj\u00ed m\u00edt obt\u00ed\u017en\u00e9 heslo pro registraci na webu, v internetov\u00e9m obchod\u011b nebo v r\u016fzn\u00fdch online slu\u017eb\u00e1ch.<\/p>\n<p>Heslo si tak\u00e9 m\u016f\u017eete nakonfigurovat pouze pro sebe pomoc\u00ed r\u016fzn\u00fdch nastaven\u00ed. V\u0161echna hesla jsou n\u00e1hodn\u011b generov\u00e1na, co\u017e zaji\u0161\u0165uje vysokou bezpe\u010dnost.<\/p>\n<p>K vytvo\u0159en\u00ed siln\u00e9ho hesla pou\u017eijte n\u00e1\u0161 gener\u00e1tor. Nejprve nastavte d\u00e9lku hesla (doporu\u010dujeme alespo\u0148 8 znak\u016f) a pot\u00e9 zvolte obt\u00ed\u017enost hesla. Zkontrolujte, zda budou pou\u017eita pouze velk\u00e1 nebo mal\u00e1 p\u00edsmena. Ur\u010dete, kolik \u010d\u00edsel bude v hesle a kolik dal\u0161\u00edch znak\u016f, pokud jsou pot\u0159eba. N\u00e1\u0161 online gener\u00e1tor hesel automaticky n\u00e1hodn\u011b vygeneruje heslo podle zadan\u00fdch parametr\u016f a vy ho budete muset pouze zkop\u00edrovat.<\/p>\n<p>Pokud by se v\u00e1m heslo n\u00e1hle zd\u00e1lo zapomenuteln\u00e9 nebo prost\u011b nevyhovuj\u00edc\u00ed, m\u016f\u017eete v\u017edy kliknout na tla\u010d\u00edtko pro vygenerov\u00e1n\u00ed nov\u00e9ho hesla nebo zm\u011bnit nastaven\u00ed.<\/p>\n<blockquote><p>Upozorn\u011bn\u00ed: Heslo se generuje ve va\u0161em za\u0159\u00edzen\u00ed, tak\u017ee ho nem\u016f\u017eeme zn\u00e1t ani my. A aby nikdo nemohl zachytit va\u0161e siln\u00e9 heslo na s\u00edti, kdy\u017e ho zad\u00e1v\u00e1te na jak\u00e9mkoli webu, pou\u017e\u00edvejte na\u0161i slu\u017ebu VPN se siln\u00fdm \u0161ifrov\u00e1n\u00edm.<\/p><\/blockquote><\/div>\n        \n                                    <h2 class=\"two-col-content__text\">JAK VYTVO\u0158IT SILN\u00c9 HESLO?<\/h2>\n                    \n            <\/div>\n<\/section>","protected":false},"excerpt":{"rendered":"","protected":false},"author":13,"featured_media":0,"parent":0,"menu_order":0,"comment_status":"closed","ping_status":"closed","template":"templates\/page_template-basic_for_gutenberg.php","meta":{"_acf_changed":false,"inline_featured_image":false,"footnotes":""},"download_by_lite_tag":[],"class_list":["post-99284","page","type-page","status-publish","hentry"],"yoast_head":"<!-- This site is optimized with the Yoast SEO plugin v22.6 - https:\/\/yoast.com\/wordpress\/plugins\/seo\/ -->\n<title>Gener\u00e1tor hesel - n\u00e1hodn\u00e9 a siln\u00e9 heslo - Planet VPN<\/title>\n<meta name=\"description\" content=\"Vygenerujte si siln\u00e9 heslo pomoc\u00ed na\u0161eho gener\u00e1toru hesel. Neodkl\u00e1dejte to, sni\u017ete bezpe\u010dnostn\u00ed rizika vygenerov\u00e1n\u00edm siln\u00e9ho hesla.\" \/>\n<meta name=\"robots\" content=\"index, follow, max-snippet:-1, max-image-preview:large, max-video-preview:-1\" \/>\n<link rel=\"canonical\" href=\"https:\/\/freevpnplanet.com\/cs\/password-generator\/\" \/>\n<meta property=\"og:locale\" content=\"en_US\" \/>\n<meta property=\"og:type\" content=\"article\" \/>\n<meta property=\"og:title\" content=\"Gener\u00e1tor hesel - n\u00e1hodn\u00e9 a siln\u00e9 heslo - Planet VPN\" \/>\n<meta property=\"og:description\" content=\"Vygenerujte si siln\u00e9 heslo pomoc\u00ed na\u0161eho gener\u00e1toru hesel. Neodkl\u00e1dejte to, sni\u017ete bezpe\u010dnostn\u00ed rizika vygenerov\u00e1n\u00edm siln\u00e9ho hesla.\" \/>\n<meta property=\"og:url\" content=\"https:\/\/freevpnplanet.com\/cs\/password-generator\/\" \/>\n<meta property=\"og:site_name\" content=\"Planet VPN\" \/>\n<meta property=\"article:modified_time\" content=\"2026-01-20T12:47:34+00:00\" \/>\n<meta name=\"twitter:card\" content=\"summary_large_image\" \/>\n<script type=\"application\/ld+json\" class=\"yoast-schema-graph\">{\"@context\":\"https:\/\/schema.org\",\"@graph\":[{\"@type\":\"WebPage\",\"@id\":\"https:\/\/freevpnplanet.com\/cs\/password-generator\/\",\"url\":\"https:\/\/freevpnplanet.com\/cs\/password-generator\/\",\"name\":\"Gener\u00e1tor hesel - n\u00e1hodn\u00e9 a siln\u00e9 heslo - Planet VPN\",\"isPartOf\":{\"@id\":\"https:\/\/freevpnplanet.com\/cs\/#website\"},\"datePublished\":\"2024-05-31T12:55:49+00:00\",\"dateModified\":\"2026-01-20T12:47:34+00:00\",\"description\":\"Vygenerujte si siln\u00e9 heslo pomoc\u00ed na\u0161eho gener\u00e1toru hesel. Neodkl\u00e1dejte to, sni\u017ete bezpe\u010dnostn\u00ed rizika vygenerov\u00e1n\u00edm siln\u00e9ho hesla.\",\"breadcrumb\":{\"@id\":\"https:\/\/freevpnplanet.com\/cs\/password-generator\/#breadcrumb\"},\"inLanguage\":\"cs\",\"potentialAction\":[{\"@type\":\"ReadAction\",\"target\":[\"https:\/\/freevpnplanet.com\/cs\/password-generator\/\"]}]},{\"@type\":\"BreadcrumbList\",\"@id\":\"https:\/\/freevpnplanet.com\/cs\/password-generator\/#breadcrumb\",\"itemListElement\":[{\"@type\":\"ListItem\",\"position\":1,\"name\":\"Home\",\"item\":\"https:\/\/freevpnplanet.com\/cs\/\"},{\"@type\":\"ListItem\",\"position\":2,\"name\":\"Password generator\"}]},{\"@type\":\"WebSite\",\"@id\":\"https:\/\/freevpnplanet.com\/cs\/#website\",\"url\":\"https:\/\/freevpnplanet.com\/cs\/\",\"name\":\"Planet VPN \ud83d\udee1\ufe0f\ud83c\udf10 Free VPN\",\"description\":\"Free VPN\",\"potentialAction\":[{\"@type\":\"SearchAction\",\"target\":{\"@type\":\"EntryPoint\",\"urlTemplate\":\"https:\/\/freevpnplanet.com\/cs\/?s={search_term_string}\"},\"query-input\":\"required name=search_term_string\"}],\"inLanguage\":\"cs\",\"publisher\":{\"@id\":\"https:\/\/freevpnplanet.com\/cs\/#organization\"}},{\"@context\":\"https:\/\/schema.org\/\",\"@type\":\"SoftwareApplication\",\"name\":\"Planet VPN \ud83d\udee1\ufe0f\ud83c\udf10 Free VPN\",\"operatingSystem\":\"Windows, macOS, iOS, Android, Linux, Chrome\",\"applicationCategory\":\"SecurityApplication\",\"offers\":{\"@type\":\"AggregateOffer\",\"priceCurrency\":\"USD\",\"price\":\"0\",\"lowPrice\":\"0\",\"availability\":\"https:\/\/schema.org\/InStock\"},\"aggregateRating\":{\"@type\":\"AggregateRating\",\"ratingValue\":\"4.8\",\"bestRating\":\"5\",\"ratingCount\":\"12476\"}},{\"@type\":\"Organization\",\"@id\":\"https:\/\/freevpnplanet.com\/cs\/#organization\",\"url\":\"https:\/\/freevpnplanet.com\/cs\/\",\"name\":\"Planet VPN \ud83d\udee1\ufe0f\ud83c\udf10 Free VPN\"}]}<\/script>\n<!-- \/ Yoast SEO plugin. -->","yoast_head_json":{"title":"Gener\u00e1tor hesel - n\u00e1hodn\u00e9 a siln\u00e9 heslo - Planet VPN","description":"Vygenerujte si siln\u00e9 heslo pomoc\u00ed na\u0161eho gener\u00e1toru hesel. Neodkl\u00e1dejte to, sni\u017ete bezpe\u010dnostn\u00ed rizika vygenerov\u00e1n\u00edm siln\u00e9ho hesla.","robots":{"index":"index","follow":"follow","max-snippet":"max-snippet:-1","max-image-preview":"max-image-preview:large","max-video-preview":"max-video-preview:-1"},"canonical":"https:\/\/freevpnplanet.com\/cs\/password-generator\/","og_locale":"en_US","og_type":"article","og_title":"Gener\u00e1tor hesel - n\u00e1hodn\u00e9 a siln\u00e9 heslo - Planet VPN","og_description":"Vygenerujte si siln\u00e9 heslo pomoc\u00ed na\u0161eho gener\u00e1toru hesel. Neodkl\u00e1dejte to, sni\u017ete bezpe\u010dnostn\u00ed rizika vygenerov\u00e1n\u00edm siln\u00e9ho hesla.","og_url":"https:\/\/freevpnplanet.com\/cs\/password-generator\/","og_site_name":"Planet VPN","article_modified_time":"2026-01-20T12:47:34+00:00","twitter_card":"summary_large_image","schema":{"@context":"https:\/\/schema.org","@graph":[{"@type":"WebPage","@id":"https:\/\/freevpnplanet.com\/cs\/password-generator\/","url":"https:\/\/freevpnplanet.com\/cs\/password-generator\/","name":"Gener\u00e1tor hesel - n\u00e1hodn\u00e9 a siln\u00e9 heslo - Planet VPN","isPartOf":{"@id":"https:\/\/freevpnplanet.com\/cs\/#website"},"datePublished":"2024-05-31T12:55:49+00:00","dateModified":"2026-01-20T12:47:34+00:00","description":"Vygenerujte si siln\u00e9 heslo pomoc\u00ed na\u0161eho gener\u00e1toru hesel. Neodkl\u00e1dejte to, sni\u017ete bezpe\u010dnostn\u00ed rizika vygenerov\u00e1n\u00edm siln\u00e9ho hesla.","breadcrumb":{"@id":"https:\/\/freevpnplanet.com\/cs\/password-generator\/#breadcrumb"},"inLanguage":"cs","potentialAction":[{"@type":"ReadAction","target":["https:\/\/freevpnplanet.com\/cs\/password-generator\/"]}]},{"@type":"BreadcrumbList","@id":"https:\/\/freevpnplanet.com\/cs\/password-generator\/#breadcrumb","itemListElement":[{"@type":"ListItem","position":1,"name":"Home","item":"https:\/\/freevpnplanet.com\/cs\/"},{"@type":"ListItem","position":2,"name":"Password generator"}]},{"@type":"WebSite","@id":"https:\/\/freevpnplanet.com\/cs\/#website","url":"https:\/\/freevpnplanet.com\/cs\/","name":"Planet VPN \ud83d\udee1\ufe0f\ud83c\udf10 Free VPN","description":"Free VPN","potentialAction":[{"@type":"SearchAction","target":{"@type":"EntryPoint","urlTemplate":"https:\/\/freevpnplanet.com\/cs\/?s={search_term_string}"},"query-input":"required name=search_term_string"}],"inLanguage":"cs","publisher":{"@id":"https:\/\/freevpnplanet.com\/cs\/#organization"}},{"@context":"https:\/\/schema.org\/","@type":"SoftwareApplication","name":"Planet VPN \ud83d\udee1\ufe0f\ud83c\udf10 Free VPN","operatingSystem":"Windows, macOS, iOS, Android, Linux, Chrome","applicationCategory":"SecurityApplication","offers":{"@type":"AggregateOffer","priceCurrency":"USD","price":"0","lowPrice":"0","availability":"https:\/\/schema.org\/InStock"},"aggregateRating":{"@type":"AggregateRating","ratingValue":"4.8","bestRating":"5","ratingCount":"12476"}},{"@type":"Organization","@id":"https:\/\/freevpnplanet.com\/cs\/#organization","url":"https:\/\/freevpnplanet.com\/cs\/","name":"Planet VPN \ud83d\udee1\ufe0f\ud83c\udf10 Free VPN"}]}},"acf":[],"_links":{"self":[{"href":"https:\/\/freevpnplanet.com\/cs\/wp-json\/wp\/v2\/pages\/99284","targetHints":{"allow":["GET"]}}],"collection":[{"href":"https:\/\/freevpnplanet.com\/cs\/wp-json\/wp\/v2\/pages"}],"about":[{"href":"https:\/\/freevpnplanet.com\/cs\/wp-json\/wp\/v2\/types\/page"}],"author":[{"embeddable":true,"href":"https:\/\/freevpnplanet.com\/cs\/wp-json\/wp\/v2\/users\/13"}],"replies":[{"embeddable":true,"href":"https:\/\/freevpnplanet.com\/cs\/wp-json\/wp\/v2\/comments?post=99284"}],"version-history":[{"count":1,"href":"https:\/\/freevpnplanet.com\/cs\/wp-json\/wp\/v2\/pages\/99284\/revisions"}],"predecessor-version":[{"id":189478,"href":"https:\/\/freevpnplanet.com\/cs\/wp-json\/wp\/v2\/pages\/99284\/revisions\/189478"}],"wp:attachment":[{"href":"https:\/\/freevpnplanet.com\/cs\/wp-json\/wp\/v2\/media?parent=99284"}],"wp:term":[{"taxonomy":"download_by_lite_tag","embeddable":true,"href":"https:\/\/freevpnplanet.com\/cs\/wp-json\/wp\/v2\/download_by_lite_tag?post=99284"}],"curies":[{"name":"wp","href":"https:\/\/api.w.org\/{rel}","templated":true}]}}