{"id":99971,"date":"2024-05-30T10:37:13","date_gmt":"2024-05-30T07:37:13","guid":{"rendered":"https:\/\/help.freeplanetvpn.com\/listen-to-music-radio-online-download-mp3\/"},"modified":"2025-07-22T11:04:41","modified_gmt":"2025-07-22T08:04:41","slug":"listen-to-music-radio-online-download-mp3","status":"publish","type":"page","link":"https:\/\/freevpnplanet.com\/cs\/listen-to-music-radio-online-download-mp3\/","title":{"rendered":"Listen to music radio online download mp3"},"content":{"rendered":"\n<section class=\"image-text custom-block align-full bg-circle  mobile-image-bottom mobile-title-center  header-size-medium text-size-small   content-left\" style='overflow: hidden;;--background-color:var(--dark-blue-0); --text-color:var(--white);--min-height-mobile:400px;--min-height-desktop:676px;--content-width:50%'>\n\n    <div class=\"gutenberg-block-background\"><\/div>\n    <div class=\"image-text__inner inner-container\">\n\n        \n                    <div class=\"image-text__content\">\n\n                <h1>Zdarma VPN pro stahov\u00e1n\u00ed a poslech hudby<\/h1>\n<p>Zablokoval v\u00e1\u0161 poskytovatel nebo spr\u00e1vce syst\u00e9mu p\u0159\u00edstup k va\u0161\u00ed obl\u00edben\u00e9 online rozhlasov\u00e9 stanici? Byl v\u00e1m omezen p\u0159\u00edstup ke stahov\u00e1n\u00ed hudby ve form\u00e1tu MP3?<\/p>\n<p>&#8211;\u00a0Nebojte se! Dnes m\u016f\u017eete m\u00edt v\u017edy k dispozici Planet VPN! Na\u0161e slu\u017eba bezpe\u010dn\u011b za\u0161ifruje va\u0161e data, abyste m\u011bli k dispozici v\u0161echny pot\u0159ebn\u00e9 n\u00e1stroje bez ztr\u00e1ty rychlosti!<\/p>\n                                    <div class=\"image-text__cta\">\n                        <a href=\"\/cs\/plans\/\" target=\"_self\" id=\"qa-hero-btn-cta\" class=\"cta download-by-platform cta--with-border cta-size--small cta-mt--initial icon-position--icon-left\" style=\"--border-radius:40px\"><span class=\"cta__name\">St\u00e1hnout zdarma<\/span><\/a>                    <\/div>\n                \n            <\/div>\n        \n                    <div class=\"bg-image-wrapper bg-image-wrapper--desktop right image-align--center\">\n                <figure style='--image-max-width:1000px;--image-opacity:1.00;width: calc(46% - 20px)'>\n                    <img decoding=\"async\" width=\"608\" height=\"459\" src=\"https:\/\/freevpnplanet.com\/wp-content\/uploads\/2024\/05\/rvpn-music-main-image-20240530_104212_904697.svg\" class=\"bg-image\" alt=\"Background Image for Desktop\" \/>                <\/figure>\n            <\/div>\n        \n                    <div class=\"bg-image-wrapper bg-image-wrapper--mobile regular-image\">\n                <figure style='width: 100%;max-width: 480px;opacity: 1.00;margin-top: 24px'>\n                    <img decoding=\"async\" width=\"608\" height=\"459\" src=\"https:\/\/freevpnplanet.com\/wp-content\/uploads\/2024\/05\/rvpn-music-main-image-20240530_104212_904697.svg\" class=\"bg-image\" alt=\"Background Image for Mobile\" \/>                <\/figure>\n            <\/div>\n            <\/div>\n<\/section>\n\n\n<section class=\"image-text-static-image custom-block align-none  mobile-image-bottom   header-size-small text-size-small  \" style=''>\n\n    <div class=\"gutenberg-block-background\"><\/div>\n    <div class=\"image-text-static-image__inner inner-container\">\n                    <div class=\"image-text-static-image__content content-right\" style='--content-width: 50%'>\n                                    <div class=\"image-text-static-image__title\">\n                        <h2 >Je mo\u017en\u00e9 poslouchat hudbu a r\u00e1dio online bez omezen\u00ed?<\/h2>                    <\/div>\n                \n                <p>D\u0159\u00edve m\u011bl u\u017eivatel internetu p\u0159\u00edstup prakticky k jak\u00e9koliv hudb\u011b a jak\u00e9mukoliv online r\u00e1diu. Se zaveden\u00edm omezen\u00ed v\u0161ak m\u016f\u017ee b\u011b\u017en\u00fd \u010dlov\u011bk na ulici poslouchat pouze ty zvukov\u00e9 stopy a rozhlasov\u00e9 stanice, kter\u00e9 jsou v jeho zemi povoleny.<\/p>\n<p>D\u00edky t\u011bmto omezen\u00edm se u\u017eivateli p\u0159i pokusu o zapnut\u00ed uzam\u010den\u00e9 skladby nebo p\u0159i pokusu o p\u0159ipojen\u00ed k online r\u00e1diu zobraz\u00ed odpov\u00eddaj\u00edc\u00ed zpr\u00e1va. Pomoc\u00ed s\u00edt\u011b VPN bezpe\u010dn\u011b za\u0161ifrujete v\u0161echna p\u0159en\u00e1\u0161en\u00e1 a p\u0159ij\u00edman\u00e1 data a tak\u00e9 zm\u011bn\u00edte svou IP adresu, tak\u017ee omezen\u00ed obejdete a budete moci poslouchat online r\u00e1dia a hudbu bez omezen\u00ed a ztr\u00e1ty rychlosti.<\/p>\n                \n                \n\n            <\/div>\n        \n                    <div class=\"bg-image-wrapper bg-image-wrapper--desktop  left image-align--center\" style='--image-max-width: 50%'>\n                <figure>\n                    <img width=\"545\" height=\"457\" src=\"https:\/\/freevpnplanet.com\/wp-content\/uploads\/2024\/05\/rvpn-music-party-20240530_104215_523471.svg\" class=\"attachment-full size-full\" alt=\"\" loading=\"lazy\" decoding=\"sync\" fetchpriority=\"low\" style=\"max-width:545px\" sizes=\"auto, (max-width: 545px) 100vw, 545px\" aria-hidden=\"true\" \/>                    <!-- <img decoding=\"async\" width=\"545\" height=\"457\" src=\"https:\/\/freevpnplanet.com\/wp-content\/uploads\/2024\/05\/rvpn-music-party-20240530_104215_523471.svg\" class=\"attachment-full size-full\" alt=\"\" style=\"max-width:545px\" \/> -->\n                <\/figure>\n            <\/div>\n        \n            <\/div>\n<\/section>\n\n\n<section class=\"cta-section custom-block align-full \" style=''>\n\n    <div class=\"gutenberg-block-background\"><\/div>\n    <div class=\"cta-section__inner\">\n                    <div class=\"cta-section__cta\">\n                                    <a href=\"\/cs\/plans\/\" target=\"_self\" id=\"qa-banner-middle-cta\" class=\"cta download-by-platform cta--with-border cta-size--small cta-mt--initial icon-position--icon-left\" style=\"--border-radius:40px\"><span class=\"cta__name\">St\u00e1hnout zdarma<\/span><\/a>                            <\/div>\n            <\/div>\n<\/section>\n\n\n<div class=\"wp-block-group alignfull has-background-blue-background-color has-background is-content-justification-center is-nowrap is-layout-flex wp-container-core-group-is-layout-1 wp-block-group-is-layout-flex\">\n<div class=\"wp-block-columns wp-container-content-1 is-layout-flex wp-container-core-columns-is-layout-1 wp-block-columns-is-layout-flex row-gap--20 stack-breakpoint--768\">\n<div class=\"wp-block-column is-layout-flow wp-block-column-is-layout-flow\">\n<section class=\"advanced-steps custom-block align-none  align-desktop-left align-mobile-left font-normal three-columns title-small image-shadow\" style='--background-color:var(--dark-blue-8); --text-color:var(--dark-blue-1)'>\n\n    <div class=\"gutenberg-block-background\"><\/div>\n    <div class=\"advanced-steps__container inner-container\">\n                    <div class=\"advanced-steps__intro\">\n                <h2>Jak poslouchat hudbu a r\u00e1dio online, stahovat MP3 bez blokov\u00e1n\u00ed?<\/h2>\n<p>Jsou pouze 3 jednoduch\u00e9 kroky, jak z\u00edskat p\u0159\u00edstup ke v\u0161em preferovan\u00fdm rozhlasov\u00fdm stanic\u00edm, hudebn\u00edm slu\u017eb\u00e1m a webov\u00fdm str\u00e1nk\u00e1m pro stahov\u00e1n\u00ed hudby MP3.<\/p>            <\/div>\n        \n        <ul class=\"advanced-steps__list advanced-steps__list--download-steps\" style='--columns-gap:50px'>\n                            <li style='--max-width:px'>\n                                            <h2 class=\"step-title\">St\u00e1hn\u011bte si<\/h2>\n                    \n                                            <div class=\"image-wrapper\">\n                            <img decoding=\"async\" width=\"220\" height=\"171\" src=\"https:\/\/freevpnplanet.com\/wp-content\/uploads\/2024\/05\/rvpn-steps-2-20240530_105342_800846.svg\" class=\"attachment-full size-full\" alt=\"Step 2\" \/>                        <\/div>\n\n                                                    <p><a href=\"https:\/\/freevpnplanet.com\/cs\/download\/\" target=\"_blank\" rel=\"noopener\" id=\"qa-advanced-step-content-link\">St\u00e1hn\u011bte<\/a> si a nainstalujte aplikaci do sv\u00e9ho za\u0159\u00edzen\u00ed.<\/p>                                                            <\/li>\n                                <li style='--max-width:px'>\n                                            <h2 class=\"step-title\">P\u0159ipojte se<\/h2>\n                    \n                                            <div class=\"image-wrapper\">\n                            <img decoding=\"async\" width=\"219\" height=\"170\" src=\"https:\/\/freevpnplanet.com\/wp-content\/uploads\/2024\/05\/rvpn-steps-1-20240530_105340_042416.svg\" class=\"attachment-full size-full\" alt=\"Step 1\" \/>                        <\/div>\n\n                                                    <p>P\u0159ipojte se k n\u011bkter\u00e9mu z na\u0161ich server\u016f.<\/p>                                                            <\/li>\n                                <li style='--max-width:px'>\n                                            <h2 class=\"step-title\">Nav\u0161tivte<\/h2>\n                    \n                                            <div class=\"image-wrapper\">\n                            <img decoding=\"async\" width=\"219\" height=\"170\" src=\"https:\/\/freevpnplanet.com\/wp-content\/uploads\/2024\/05\/rvpn-steps-3-20240530_105345_576093.svg\" class=\"attachment-full size-full\" alt=\"Step 3\" \/>                        <\/div>\n\n                                                    <p>Nav\u0161tivte libovolnou webovou str\u00e1nku bez omezen\u00ed<\/p>                                                            <\/li>\n                        <\/ul>\n\n                    <div class=\"advanced-steps__cta\">\n                <a href=\"\/cs\/plans\/\" target=\"_self\" id=\"qa-btn-advanced-steps-cta\" class=\"cta download-by-platform cta--with-border cta-size--small cta-mt--initial icon-position--icon-left\" style=\"--border-radius:40px\"><span class=\"cta__name\">St\u00e1hnout zdarma<\/span><\/a>            <\/div>\n        \n        \n        \n\n    <\/div>\n<\/section>\n<\/div>\n<\/div>\n<\/div>\n\n\n\n<section class=\"image-text-static-image custom-block align-none  mobile-image-bottom   header-size-small text-size-small  pb-0--desktop\" style=''>\n\n    <div class=\"gutenberg-block-background\"><\/div>\n    <div class=\"image-text-static-image__inner inner-container\">\n                    <div class=\"image-text-static-image__content content-left\" style='--content-width: 50%'>\n                                    <div class=\"image-text-static-image__title\">\n                        <h2 >Je mo\u017en\u00e9 st\u00e1hnout zvukov\u00e9 stopy MP3, pokud nen\u00ed webov\u00e1 str\u00e1nka dostupn\u00e1?<\/h2>                    <\/div>\n                \n                <ul>\n<li>Ano, i nyn\u00ed, v dob\u011b omezen\u00ed na internetu, si ka\u017ed\u00fd m\u016f\u017ee poslechnout a st\u00e1hnout jakoukoli skladbu, kterou chce. To lze prov\u00e9st pomoc\u00ed na\u0161\u00ed slu\u017eby VPN. VPN je zabezpe\u010den\u00fd datov\u00fd kan\u00e1l mezi v\u00edce za\u0159\u00edzen\u00edmi. VPN slou\u017e\u00ed k ochran\u011b internetov\u00e9ho provozu p\u0159ed naru\u0161iteli a cenzurou. S Planet VPN m\u016f\u017eete poslouchat hudbu online a stahovat soubory MP3 z uzam\u010den\u00fdch zdroj\u016f na libovoln\u00e9m za\u0159\u00edzen\u00ed.<\/li>\n<\/ul>\n<p>Na\u0161i s\u00ed\u0165 neust\u00e1le vylep\u0161ujeme, abychom v\u00e1m poskytli co nejvy\u0161\u0161\u00ed rychlost a neomezenou \u0161\u00ed\u0159ku p\u00e1sma.<\/p>\n                \n                \n\n            <\/div>\n        \n                    <div class=\"bg-image-wrapper bg-image-wrapper--desktop  right image-align--center\" style='--image-max-width: 50%'>\n                <figure>\n                    <img width=\"479\" height=\"479\" src=\"https:\/\/freevpnplanet.com\/wp-content\/uploads\/2024\/05\/rvpn-blocked.9e861a11-20240529_094058_811851.svg\" class=\"attachment-full size-full\" alt=\"\" loading=\"lazy\" decoding=\"sync\" fetchpriority=\"low\" style=\"max-width:480px\" sizes=\"auto, (max-width: 480px) 100vw, 480px\" aria-hidden=\"true\" \/>                    <!-- <img decoding=\"async\" width=\"479\" height=\"479\" src=\"https:\/\/freevpnplanet.com\/wp-content\/uploads\/2024\/05\/rvpn-blocked.9e861a11-20240529_094058_811851.svg\" class=\"attachment-full size-full\" alt=\"\" style=\"max-width:480px\" \/> -->\n                <\/figure>\n            <\/div>\n        \n            <\/div>\n<\/section>\n\n\n<section class=\"image-text-static-image custom-block align-none  mobile-image-bottom   header-size-small text-size-small  \" style=''>\n\n    <div class=\"gutenberg-block-background\"><\/div>\n    <div class=\"image-text-static-image__inner inner-container\">\n                    <div class=\"image-text-static-image__content content-right\" style='--content-width: 50%'>\n                                    <div class=\"image-text-static-image__title\">\n                        <h2 >Planet VPN p\u0159ekon\u00e1v\u00e1 z\u00e1kazy!<\/h2>                    <\/div>\n                \n                <p>Pokud chcete poslouchat hudbu online na jak\u00e9mkoli za\u0159\u00edzen\u00ed bez zpo\u017ed\u011bn\u00ed a\/nebo stahovat skladby ve form\u00e1tu MP3, je Planet VPN pro v\u00e1s jako stvo\u0159en\u00e1!<\/p>\n<p>Planet VPN pln\u00ed hned n\u011bkolik funkc\u00ed: \u0161ifruje s\u00ed\u0165, chr\u00e1n\u00ed p\u0159en\u00e1\u0161en\u00e1 data a p\u0159\u00edjem internetov\u00e9ho provozu p\u0159ed z\u00e1\u0161kodn\u00edky, zachov\u00e1v\u00e1 anonymitu a poskytuje p\u0159\u00edstup ke v\u0161em online zdroj\u016fm obch\u00e1zen\u00edm omezen\u00ed.<\/p>\n                                    <div class=\"image-text-static-image__cta\">\n                                                    <a href=\"\/cs\/plans\/\" target=\"_self\" id=\"qa-btn-bottom-cta\" class=\"cta download-by-platform cta--with-border cta-size--small cta-mt--initial icon-position--icon-left\" style=\"--border-radius:40px\"><span class=\"cta__name\">St\u00e1hnout zdarma<\/span><\/a>                                            <\/div>\n                \n                \n\n            <\/div>\n        \n                    <div class=\"bg-image-wrapper bg-image-wrapper--desktop  left image-align--center\" style='--image-max-width: 50%'>\n                <figure>\n                    <img width=\"585\" height=\"401\" src=\"https:\/\/freevpnplanet.com\/wp-content\/uploads\/2024\/05\/rvpn-music-dance-20240530_104209_519514.svg\" class=\"attachment-full size-full\" alt=\"\" loading=\"lazy\" decoding=\"sync\" fetchpriority=\"low\" style=\"max-width:585px\" sizes=\"auto, (max-width: 585px) 100vw, 585px\" aria-hidden=\"true\" \/>                    <!-- <img decoding=\"async\" width=\"585\" height=\"401\" src=\"https:\/\/freevpnplanet.com\/wp-content\/uploads\/2024\/05\/rvpn-music-dance-20240530_104209_519514.svg\" class=\"attachment-full size-full\" alt=\"\" style=\"max-width:585px\" \/> -->\n                <\/figure>\n            <\/div>\n        \n            <\/div>\n<\/section>","protected":false},"excerpt":{"rendered":"","protected":false},"author":13,"featured_media":0,"parent":0,"menu_order":0,"comment_status":"closed","ping_status":"closed","template":"templates\/page_template-basic_for_gutenberg.php","meta":{"_acf_changed":false,"inline_featured_image":false,"footnotes":""},"download_by_lite_tag":[],"class_list":["post-99971","page","type-page","status-publish","hentry"],"yoast_head":"<!-- This site is optimized with the Yoast SEO plugin v22.6 - https:\/\/yoast.com\/wordpress\/plugins\/seo\/ -->\n<title>VPN pro stahov\u00e1n\u00ed a poslech hudby - va\u0161e obl\u00edben\u00e1 hudba s VPN<\/title>\n<meta name=\"description\" content=\"Planet VPN v\u00e1m pom\u016f\u017ee vy\u0159e\u0161it probl\u00e9my spojen\u00e9 s omezen\u00edm p\u0159\u00edstupu k hudebn\u00edmu obsahu. Pomoc\u00ed s\u00edt\u011b VPN m\u016f\u017eete poslouchat hudbu v jak\u00e9koli slu\u017eb\u011b.\" \/>\n<meta name=\"robots\" content=\"index, follow, max-snippet:-1, max-image-preview:large, max-video-preview:-1\" \/>\n<link rel=\"canonical\" href=\"https:\/\/freevpnplanet.com\/cs\/listen-to-music-radio-online-download-mp3\/\" \/>\n<meta property=\"og:locale\" content=\"en_US\" \/>\n<meta property=\"og:type\" content=\"article\" \/>\n<meta property=\"og:title\" content=\"VPN pro stahov\u00e1n\u00ed a poslech hudby - va\u0161e obl\u00edben\u00e1 hudba s VPN\" \/>\n<meta property=\"og:description\" content=\"Planet VPN v\u00e1m pom\u016f\u017ee vy\u0159e\u0161it probl\u00e9my spojen\u00e9 s omezen\u00edm p\u0159\u00edstupu k hudebn\u00edmu obsahu. Pomoc\u00ed s\u00edt\u011b VPN m\u016f\u017eete poslouchat hudbu v jak\u00e9koli slu\u017eb\u011b.\" \/>\n<meta property=\"og:url\" content=\"https:\/\/freevpnplanet.com\/cs\/listen-to-music-radio-online-download-mp3\/\" \/>\n<meta property=\"og:site_name\" content=\"Planet VPN\" \/>\n<meta property=\"article:modified_time\" content=\"2025-07-22T08:04:41+00:00\" \/>\n<meta name=\"twitter:card\" content=\"summary_large_image\" \/>\n<script type=\"application\/ld+json\" class=\"yoast-schema-graph\">{\"@context\":\"https:\/\/schema.org\",\"@graph\":[{\"@type\":\"WebPage\",\"@id\":\"https:\/\/freevpnplanet.com\/cs\/listen-to-music-radio-online-download-mp3\/\",\"url\":\"https:\/\/freevpnplanet.com\/cs\/listen-to-music-radio-online-download-mp3\/\",\"name\":\"VPN pro stahov\u00e1n\u00ed a poslech hudby - va\u0161e obl\u00edben\u00e1 hudba s VPN\",\"isPartOf\":{\"@id\":\"https:\/\/freevpnplanet.com\/cs\/#website\"},\"datePublished\":\"2024-05-30T07:37:13+00:00\",\"dateModified\":\"2025-07-22T08:04:41+00:00\",\"description\":\"Planet VPN v\u00e1m pom\u016f\u017ee vy\u0159e\u0161it probl\u00e9my spojen\u00e9 s omezen\u00edm p\u0159\u00edstupu k hudebn\u00edmu obsahu. Pomoc\u00ed s\u00edt\u011b VPN m\u016f\u017eete poslouchat hudbu v jak\u00e9koli slu\u017eb\u011b.\",\"breadcrumb\":{\"@id\":\"https:\/\/freevpnplanet.com\/cs\/listen-to-music-radio-online-download-mp3\/#breadcrumb\"},\"inLanguage\":\"cs\",\"potentialAction\":[{\"@type\":\"ReadAction\",\"target\":[\"https:\/\/freevpnplanet.com\/cs\/listen-to-music-radio-online-download-mp3\/\"]}]},{\"@type\":\"BreadcrumbList\",\"@id\":\"https:\/\/freevpnplanet.com\/cs\/listen-to-music-radio-online-download-mp3\/#breadcrumb\",\"itemListElement\":[{\"@type\":\"ListItem\",\"position\":1,\"name\":\"Home\",\"item\":\"https:\/\/freevpnplanet.com\/cs\/\"},{\"@type\":\"ListItem\",\"position\":2,\"name\":\"Listen to music radio online download mp3\"}]},{\"@type\":\"WebSite\",\"@id\":\"https:\/\/freevpnplanet.com\/cs\/#website\",\"url\":\"https:\/\/freevpnplanet.com\/cs\/\",\"name\":\"Planet VPN \ud83d\udee1\ufe0f\ud83c\udf10 Free VPN\",\"description\":\"Free VPN\",\"potentialAction\":[{\"@type\":\"SearchAction\",\"target\":{\"@type\":\"EntryPoint\",\"urlTemplate\":\"https:\/\/freevpnplanet.com\/cs\/?s={search_term_string}\"},\"query-input\":\"required name=search_term_string\"}],\"inLanguage\":\"cs\",\"publisher\":{\"@id\":\"https:\/\/freevpnplanet.com\/cs\/#organization\"}},{\"@context\":\"https:\/\/schema.org\/\",\"@type\":\"SoftwareApplication\",\"name\":\"Planet VPN \ud83d\udee1\ufe0f\ud83c\udf10 Free VPN\",\"operatingSystem\":\"Windows, macOS, iOS, Android, Linux, Chrome\",\"applicationCategory\":\"SecurityApplication\",\"offers\":{\"@type\":\"AggregateOffer\",\"priceCurrency\":\"USD\",\"price\":\"0\",\"lowPrice\":\"0\",\"availability\":\"https:\/\/schema.org\/InStock\"},\"aggregateRating\":{\"@type\":\"AggregateRating\",\"ratingValue\":\"4.8\",\"bestRating\":\"5\",\"ratingCount\":\"12476\"}},{\"@type\":\"Organization\",\"@id\":\"https:\/\/freevpnplanet.com\/cs\/#organization\",\"url\":\"https:\/\/freevpnplanet.com\/cs\/\",\"name\":\"Planet VPN \ud83d\udee1\ufe0f\ud83c\udf10 Free VPN\"}]}<\/script>\n<!-- \/ Yoast SEO plugin. -->","yoast_head_json":{"title":"VPN pro stahov\u00e1n\u00ed a poslech hudby - va\u0161e obl\u00edben\u00e1 hudba s VPN","description":"Planet VPN v\u00e1m pom\u016f\u017ee vy\u0159e\u0161it probl\u00e9my spojen\u00e9 s omezen\u00edm p\u0159\u00edstupu k hudebn\u00edmu obsahu. Pomoc\u00ed s\u00edt\u011b VPN m\u016f\u017eete poslouchat hudbu v jak\u00e9koli slu\u017eb\u011b.","robots":{"index":"index","follow":"follow","max-snippet":"max-snippet:-1","max-image-preview":"max-image-preview:large","max-video-preview":"max-video-preview:-1"},"canonical":"https:\/\/freevpnplanet.com\/cs\/listen-to-music-radio-online-download-mp3\/","og_locale":"en_US","og_type":"article","og_title":"VPN pro stahov\u00e1n\u00ed a poslech hudby - va\u0161e obl\u00edben\u00e1 hudba s VPN","og_description":"Planet VPN v\u00e1m pom\u016f\u017ee vy\u0159e\u0161it probl\u00e9my spojen\u00e9 s omezen\u00edm p\u0159\u00edstupu k hudebn\u00edmu obsahu. Pomoc\u00ed s\u00edt\u011b VPN m\u016f\u017eete poslouchat hudbu v jak\u00e9koli slu\u017eb\u011b.","og_url":"https:\/\/freevpnplanet.com\/cs\/listen-to-music-radio-online-download-mp3\/","og_site_name":"Planet VPN","article_modified_time":"2025-07-22T08:04:41+00:00","twitter_card":"summary_large_image","schema":{"@context":"https:\/\/schema.org","@graph":[{"@type":"WebPage","@id":"https:\/\/freevpnplanet.com\/cs\/listen-to-music-radio-online-download-mp3\/","url":"https:\/\/freevpnplanet.com\/cs\/listen-to-music-radio-online-download-mp3\/","name":"VPN pro stahov\u00e1n\u00ed a poslech hudby - va\u0161e obl\u00edben\u00e1 hudba s VPN","isPartOf":{"@id":"https:\/\/freevpnplanet.com\/cs\/#website"},"datePublished":"2024-05-30T07:37:13+00:00","dateModified":"2025-07-22T08:04:41+00:00","description":"Planet VPN v\u00e1m pom\u016f\u017ee vy\u0159e\u0161it probl\u00e9my spojen\u00e9 s omezen\u00edm p\u0159\u00edstupu k hudebn\u00edmu obsahu. Pomoc\u00ed s\u00edt\u011b VPN m\u016f\u017eete poslouchat hudbu v jak\u00e9koli slu\u017eb\u011b.","breadcrumb":{"@id":"https:\/\/freevpnplanet.com\/cs\/listen-to-music-radio-online-download-mp3\/#breadcrumb"},"inLanguage":"cs","potentialAction":[{"@type":"ReadAction","target":["https:\/\/freevpnplanet.com\/cs\/listen-to-music-radio-online-download-mp3\/"]}]},{"@type":"BreadcrumbList","@id":"https:\/\/freevpnplanet.com\/cs\/listen-to-music-radio-online-download-mp3\/#breadcrumb","itemListElement":[{"@type":"ListItem","position":1,"name":"Home","item":"https:\/\/freevpnplanet.com\/cs\/"},{"@type":"ListItem","position":2,"name":"Listen to music radio online download mp3"}]},{"@type":"WebSite","@id":"https:\/\/freevpnplanet.com\/cs\/#website","url":"https:\/\/freevpnplanet.com\/cs\/","name":"Planet VPN \ud83d\udee1\ufe0f\ud83c\udf10 Free VPN","description":"Free VPN","potentialAction":[{"@type":"SearchAction","target":{"@type":"EntryPoint","urlTemplate":"https:\/\/freevpnplanet.com\/cs\/?s={search_term_string}"},"query-input":"required name=search_term_string"}],"inLanguage":"cs","publisher":{"@id":"https:\/\/freevpnplanet.com\/cs\/#organization"}},{"@context":"https:\/\/schema.org\/","@type":"SoftwareApplication","name":"Planet VPN \ud83d\udee1\ufe0f\ud83c\udf10 Free VPN","operatingSystem":"Windows, macOS, iOS, Android, Linux, Chrome","applicationCategory":"SecurityApplication","offers":{"@type":"AggregateOffer","priceCurrency":"USD","price":"0","lowPrice":"0","availability":"https:\/\/schema.org\/InStock"},"aggregateRating":{"@type":"AggregateRating","ratingValue":"4.8","bestRating":"5","ratingCount":"12476"}},{"@type":"Organization","@id":"https:\/\/freevpnplanet.com\/cs\/#organization","url":"https:\/\/freevpnplanet.com\/cs\/","name":"Planet VPN \ud83d\udee1\ufe0f\ud83c\udf10 Free VPN"}]}},"acf":[],"_links":{"self":[{"href":"https:\/\/freevpnplanet.com\/cs\/wp-json\/wp\/v2\/pages\/99971","targetHints":{"allow":["GET"]}}],"collection":[{"href":"https:\/\/freevpnplanet.com\/cs\/wp-json\/wp\/v2\/pages"}],"about":[{"href":"https:\/\/freevpnplanet.com\/cs\/wp-json\/wp\/v2\/types\/page"}],"author":[{"embeddable":true,"href":"https:\/\/freevpnplanet.com\/cs\/wp-json\/wp\/v2\/users\/13"}],"replies":[{"embeddable":true,"href":"https:\/\/freevpnplanet.com\/cs\/wp-json\/wp\/v2\/comments?post=99971"}],"version-history":[{"count":4,"href":"https:\/\/freevpnplanet.com\/cs\/wp-json\/wp\/v2\/pages\/99971\/revisions"}],"predecessor-version":[{"id":171577,"href":"https:\/\/freevpnplanet.com\/cs\/wp-json\/wp\/v2\/pages\/99971\/revisions\/171577"}],"wp:attachment":[{"href":"https:\/\/freevpnplanet.com\/cs\/wp-json\/wp\/v2\/media?parent=99971"}],"wp:term":[{"taxonomy":"download_by_lite_tag","embeddable":true,"href":"https:\/\/freevpnplanet.com\/cs\/wp-json\/wp\/v2\/download_by_lite_tag?post=99971"}],"curies":[{"name":"wp","href":"https:\/\/api.w.org\/{rel}","templated":true}]}}