{"id":101903,"date":"2024-07-03T14:00:39","date_gmt":"2024-07-03T11:00:39","guid":{"rendered":"https:\/\/help.freeplanetvpn.com\/connect-to-free-wi-fi\/"},"modified":"2025-07-18T11:33:41","modified_gmt":"2025-07-18T08:33:41","slug":"connect-to-free-wi-fi","status":"publish","type":"page","link":"https:\/\/freevpnplanet.com\/de\/connect-to-free-wi-fi\/","title":{"rendered":"Connect to free WI-FI"},"content":{"rendered":"\n<div class=\"wp-block-group alignfull has-background is-layout-constrained wp-block-group-is-layout-constrained\" style=\"background-color:#2f77d4\">\n<section class=\"image-text-static-image custom-block align-none  mobile-image-bottom   header-size-small text-size-small  \" style='--text-color:var(--white)'>\n\n    <div class=\"gutenberg-block-background\"><\/div>\n    <div class=\"image-text-static-image__inner inner-container\">\n                    <div class=\"image-text-static-image__content content-left\" style='--content-width: 50%'>\n                                    <div class=\"image-text-static-image__title\">\n                        <h1 >VPN kostenlos f\u00fcr \u00f6ffentliches WLAN<\/h1>                    <\/div>\n                \n                <p>Bei der Benutzung der \u00f6ffentlichen WLANs, wird der Benutzer angreifbar. Das hei\u00dft nicht, dass Sie auf die Zeit im Lieblingscafe verzichten m\u00fcssen &#8211; benutzen Sie Planet VPN Service, um Ihre privaten Daten zu sch\u00fctzen!<\/p>\n                                    <div class=\"image-text-static-image__cta\">\n                                                    <a href=\"\/de\/plans\/\" target=\"_self\" id=\"qa-hero-btn-cta\" class=\"cta download-by-platform cta--with-border cta-size--small cta-mt--initial icon-position--icon-left\" style=\"--border-radius:40px\"><span class=\"cta__name\">Kostenfreier Download<\/span><\/a>                                            <\/div>\n                \n                \n\n            <\/div>\n        \n                    <div class=\"bg-image-wrapper bg-image-wrapper--desktop  right image-align--center\" style='--image-max-width: 50%'>\n                <figure>\n                    <img width=\"520\" height=\"480\" src=\"https:\/\/freevpnplanet.com\/wp-content\/uploads\/2024\/07\/rvpn-illustration.d43dde01-20240703_185839_908213.svg\" class=\"attachment-full size-full\" alt=\"\" loading=\"lazy\" decoding=\"sync\" fetchpriority=\"low\" style=\"max-width:531px\" sizes=\"auto, (max-width: 531px) 100vw, 531px\" aria-hidden=\"true\" \/>                    <!-- <img decoding=\"async\" width=\"520\" height=\"480\" src=\"https:\/\/freevpnplanet.com\/wp-content\/uploads\/2024\/07\/rvpn-illustration.d43dde01-20240703_185839_908213.svg\" class=\"attachment-full size-full\" alt=\"\" style=\"max-width:531px\" \/> -->\n                <\/figure>\n            <\/div>\n        \n            <\/div>\n<\/section><\/div>\n\n\n\n<section class=\"image-text-static-image custom-block align-none  mobile-image-bottom  pb-0 header-size-small text-size-small  \" style=''>\n\n    <div class=\"gutenberg-block-background\"><\/div>\n    <div class=\"image-text-static-image__inner inner-container\">\n                    <div class=\"image-text-static-image__content content-right\" style='--content-width: 50%'>\n                                    <div class=\"image-text-static-image__title\">\n                        <h2 >WARUM IST DAS \u00d6FFENTLICHE WLAN GEF\u00c4HRLICH?<\/h2>                    <\/div>\n                \n                <p>Stellen Sie sich vor, dass Sie das Ger\u00e4t kontrollieren, durch das Daten \u00fcbermittelt werden. Das hei\u00dft, dass Sie mit den Titel und der IP-Adresse ein Ger\u00e4t im Netz bestimmen k\u00f6nnen und dann Chats lesen, beliebige Daten bekommen, die man durch das Internet austauscht, ganz zu schweigen, dass Sie auch die Aktivit\u00e4t des Benutzers beobachten k\u00f6nnen.<\/p>\n<p>Die Mehrheit der \u00f6ffentlichen WLANs sind nicht gesch\u00fctzt, au\u00dfer dem Kennwort, das man sehr einfach erhalten kann. Das Kennwort erlaubt einfach nicht, irgendwem das Netz durch dieses WLAN zu benutzen.<\/p>\n                \n                \n\n            <\/div>\n        \n                    <div class=\"bg-image-wrapper bg-image-wrapper--desktop  left image-align--center\" style='--image-max-width: 50%'>\n                <figure>\n                    <img width=\"502\" height=\"353\" src=\"https:\/\/freevpnplanet.com\/wp-content\/uploads\/2024\/07\/rvpn-what-for.c637ee71-20240703_190103_770740.svg\" class=\"attachment-full size-full\" alt=\"\" loading=\"lazy\" decoding=\"sync\" fetchpriority=\"low\" style=\"max-width:502px\" sizes=\"auto, (max-width: 502px) 100vw, 502px\" aria-hidden=\"true\" \/>                    <!-- <img decoding=\"async\" width=\"502\" height=\"353\" src=\"https:\/\/freevpnplanet.com\/wp-content\/uploads\/2024\/07\/rvpn-what-for.c637ee71-20240703_190103_770740.svg\" class=\"attachment-full size-full\" alt=\"\" style=\"max-width:502px\" \/> -->\n                <\/figure>\n            <\/div>\n        \n            <\/div>\n<\/section>\n\n\n<section class=\"image-text-static-image custom-block align-none  mobile-image-bottom   header-size-small text-size-small  \" style=''>\n\n    <div class=\"gutenberg-block-background\"><\/div>\n    <div class=\"image-text-static-image__inner inner-container\">\n                    <div class=\"image-text-static-image__content content-left\" style='--content-width: 50%'>\n                \n                <p>Aber meistens sind diese Passw\u00f6rter der \u00f6ffentlichen WLANs gleich im Cafe geschrieben. In 98% aller F\u00e4lle ist das \u00f6ffentliche WLAN gar nicht gesch\u00fctzt. Jeder, der mehr oder weniger mit IT vertraut ist, kann die Kontrolle \u00fcber das WLAN-Netzwerk, was bedeutet, auch \u00fcber die Daten, die durch dieses WLAN-Netzwerk \u00fcbermittelt werden, erlangen. Die Konsequenzen sind unvorhersehbar: von der Datenpanne bis Diebstahl der Zahlungsdaten, die Sie w\u00e4hrend der E-Zahlungen benutzt haben, oder Diebstahl der Gesch\u00e4ftsinformationen.<\/p>\n<p>Aber das bedeutet nicht, dass man diese WLAN-Netzwerke vermeiden und nicht benutzen muss. Mit Planet VPN verschl\u00fcsseln Sie sicher Ihren Datenverkehr auf eine solche Weise, dass niemand in der Lage ist, etwas zu machen.<\/p>\n                \n                \n\n            <\/div>\n        \n                    <div class=\"bg-image-wrapper bg-image-wrapper--desktop  right image-align--center\" style='--image-max-width: 50%'>\n                <figure>\n                    <img width=\"483\" height=\"493\" src=\"https:\/\/freevpnplanet.com\/wp-content\/uploads\/2024\/07\/rvpn-spider.0ddda6d1-20240703_190230_735534.svg\" class=\"attachment-full size-full\" alt=\"\" loading=\"lazy\" decoding=\"sync\" fetchpriority=\"low\" style=\"max-width:483px\" sizes=\"auto, (max-width: 483px) 100vw, 483px\" aria-hidden=\"true\" \/>                    <!-- <img decoding=\"async\" width=\"483\" height=\"493\" src=\"https:\/\/freevpnplanet.com\/wp-content\/uploads\/2024\/07\/rvpn-spider.0ddda6d1-20240703_190230_735534.svg\" class=\"attachment-full size-full\" alt=\"\" style=\"max-width:483px\" \/> -->\n                <\/figure>\n            <\/div>\n        \n            <\/div>\n<\/section>\n\n\n<section class=\"image-text-static-image custom-block align-none  mobile-image-bottom   header-size-small text-size-small  \" style='--background-color:var(--dark-blue-8)'>\n\n    <div class=\"gutenberg-block-background\"><\/div>\n    <div class=\"image-text-static-image__inner inner-container\">\n                    <div class=\"image-text-static-image__content content-right\" style='--content-width: 50%'>\n                                    <div class=\"image-text-static-image__title\">\n                        <h2 >WIE HILFT EIN VPN IHRE DATEN BEI DER VERBINDUNG ZU \u00d6FFENTLICHEN WLANS ZU SCH\u00dcTZEN?<\/h2>                    <\/div>\n                \n                <p>Im Grunde ist ein VPN ein v\u00f6llig sicherer Kanal, der Ihr Ger\u00e4t mit einem anderen im weltweiten Netz durch das Internet verbindet.<\/p>\n<p>Ohne Verbindung zum VPN-Service ist Ihr Ger\u00e4t bei der Benutzung der \u00f6ffentlichen WLANs mit dem Haus, das keinen Zaun hat, vergleichbar. Jeder kann etwas zuf\u00e4llig oder absichtlich zerst\u00f6ren, etwas stehlen und so weiter. Wenn Sie VPN benutzen, wird Ihr Haus eine bestgesicherte Festung.<\/p>\n                \n                \n\n            <\/div>\n        \n                    <div class=\"bg-image-wrapper bg-image-wrapper--desktop  left image-align--center\" style='--image-max-width: 50%'>\n                <figure>\n                    <img width=\"436\" height=\"436\" src=\"https:\/\/freevpnplanet.com\/wp-content\/uploads\/2024\/07\/rvpn-dataprotect.d1687661-20240703_190704_001945.svg\" class=\"attachment-full size-full\" alt=\"\" loading=\"lazy\" decoding=\"sync\" fetchpriority=\"low\" style=\"max-width:436px\" sizes=\"auto, (max-width: 436px) 100vw, 436px\" aria-hidden=\"true\" \/>                    <!-- <img decoding=\"async\" width=\"436\" height=\"436\" src=\"https:\/\/freevpnplanet.com\/wp-content\/uploads\/2024\/07\/rvpn-dataprotect.d1687661-20240703_190704_001945.svg\" class=\"attachment-full size-full\" alt=\"\" style=\"max-width:436px\" \/> -->\n                <\/figure>\n            <\/div>\n        \n            <\/div>\n<\/section>\n\n\n<div class=\"wp-block-group alignfull is-content-justification-center is-nowrap is-layout-flex wp-container-core-group-is-layout-2 wp-block-group-is-layout-flex\" style=\"padding-right:var(--wp--preset--spacing--40);padding-left:var(--wp--preset--spacing--40)\">\n<div class=\"wp-block-columns wp-container-content-1 is-layout-flex wp-container-core-columns-is-layout-1 wp-block-columns-is-layout-flex row-gap--20 stack-breakpoint--768\">\n<div class=\"wp-block-column is-layout-flow wp-block-column-is-layout-flow\">\n<section class=\"advanced-steps custom-block align-none  align-desktop-left align-mobile-left font-normal three-columns title-small image-shadow\" style='--background-color:var(--none)'>\n\n    <div class=\"gutenberg-block-background\"><\/div>\n    <div class=\"advanced-steps__container inner-container\">\n                    <div class=\"advanced-steps__intro\">\n                <h2 style=\"text-align: center;\">Wie kann man sein Ger\u00e4t bei der Verbindung zum WLAN an \u00f6ffentlichen Orten sch\u00fctzen?<\/h2>            <\/div>\n        \n        <ul class=\"advanced-steps__list advanced-steps__list--download-steps\" style='--columns-gap:50px'>\n                            <li style='--max-width:px'>\n                                            <h2 class=\"step-title\">Herunterladen<\/h2>\n                    \n                                            <div class=\"image-wrapper\">\n                            <img decoding=\"async\" width=\"219\" height=\"170\" src=\"https:\/\/freevpnplanet.com\/wp-content\/uploads\/2024\/05\/rvpn-download.df91dd21-20240524_114147_333777.svg\" class=\"attachment-full size-full\" alt=\"Step 1\" \/>                        <\/div>\n\n                                                    <p><a class=\"\" href=\"https:\/\/freevpnplanet.com\/de\/download\/\" id=\"qa-advanced-step-content-link\">Laden Sie Planet VPN herunter<\/a> und installieren Sie die App f\u00fcr Ihr Ger\u00e4t<\/p>                                                            <\/li>\n                                <li style='--max-width:px'>\n                                            <h2 class=\"step-title\">Verbindung<\/h2>\n                    \n                                            <div class=\"image-wrapper\">\n                            <img decoding=\"async\" width=\"220\" height=\"171\" src=\"https:\/\/freevpnplanet.com\/wp-content\/uploads\/2024\/05\/rvpn-login.60a645a1-20240524_114327_062578.svg\" class=\"attachment-full size-full\" alt=\"Step 1\" \/>                        <\/div>\n\n                                                    <p>Verbinden Sie sich zu einem von unseren Servern<\/p>                                                            <\/li>\n                                <li style='--max-width:px'>\n                                            <h2 class=\"step-title\">Genie\u00dfen<\/h2>\n                    \n                                            <div class=\"image-wrapper\">\n                            <img decoding=\"async\" width=\"219\" height=\"170\" src=\"https:\/\/freevpnplanet.com\/wp-content\/uploads\/2024\/05\/rvpn-connect.12ef9ce1-20240524_114733_838401.svg\" class=\"attachment-full size-full\" alt=\"Step 3\" \/>                        <\/div>\n\n                                                    <p>Besuchen Sie beliebige Webseiten ohne Beschr\u00e4nkungen<\/p>                                                            <\/li>\n                        <\/ul>\n\n                    <div class=\"advanced-steps__cta\">\n                <a href=\"\/de\/plans\/\" target=\"_self\" id=\"qa-steps-btn-cta\" class=\"cta download-by-platform cta--with-border cta-size--small cta-mt--initial icon-position--icon-left\" style=\"--border-radius:40px\"><span class=\"cta__name\">Kostenfreier Download<\/span><\/a>            <\/div>\n        \n        \n        \n\n    <\/div>\n<\/section>\n<\/div>\n<\/div>\n<\/div>\n\n\n\n<div class=\"wp-block-group alignfull has-background is-layout-constrained wp-block-group-is-layout-constrained\" style=\"background-color:#2f77d4\">\n<section class=\"image-text-static-image custom-block align-none  mobile-image-bottom  pb-0 header-size-small text-size-small  pb-0--desktop\" style='--background-color:var(--none); --text-color:var(--white)'>\n\n    <div class=\"gutenberg-block-background\"><\/div>\n    <div class=\"image-text-static-image__inner inner-container\">\n                    <div class=\"image-text-static-image__content content-left\" style='--content-width: 52%'>\n                                    <div class=\"image-text-static-image__title\">\n                        <h2 >Wie funktioniert Planet VPN?<\/h2>                    <\/div>\n                \n                <p>Planet VPN ist sehr einfach f\u00fcr die Endverbraucher. Wenn Sie Planet VPN starten, wird ein virtueller Tunnel zwischen Ihrem Ger\u00e4t und dem Internet erstellt. Ihre privaten oder gesch\u00e4ftlichen Nachrichten, Skype Chats usw. k\u00f6nnen keinesfalls abgefangen oder abgeh\u00f6rt werden.<\/p>\n<p>Ihre privaten Nachrichten, gesch\u00e4ftliche Briefe, Anrufe per Skype werden keineswegs \u00fcberwacht oder abgefangen. Alle Ihren Daten werden mithilfe der Verschl\u00fcsselungsalgorithmen verschl\u00fcsselt, die es fast unm\u00f6glich zu hacken ist.<\/p>\n                \n                \n\n            <\/div>\n        \n                    <div class=\"bg-image-wrapper bg-image-wrapper--desktop  right image-align--center\" style='--image-max-width: 48%'>\n                <figure>\n                    <img width=\"367\" height=\"369\" src=\"https:\/\/freevpnplanet.com\/wp-content\/uploads\/2024\/07\/rvpn-twoseat.cbaff5d1-20240704_125530_690840.svg\" class=\"attachment-full size-full\" alt=\"\" loading=\"lazy\" decoding=\"sync\" fetchpriority=\"low\" style=\"max-width:370px\" sizes=\"auto, (max-width: 370px) 100vw, 370px\" aria-hidden=\"true\" \/>                    <!-- <img decoding=\"async\" width=\"367\" height=\"369\" src=\"https:\/\/freevpnplanet.com\/wp-content\/uploads\/2024\/07\/rvpn-twoseat.cbaff5d1-20240704_125530_690840.svg\" class=\"attachment-full size-full\" alt=\"\" style=\"max-width:370px\" \/> -->\n                <\/figure>\n            <\/div>\n        \n            <\/div>\n<\/section>\n\n\n<section class=\"image-text-static-image custom-block align-none  mobile-image-bottom  pb-0 header-size-small text-size-small  pb-0--desktop\" style='--background-color:var(--none); --text-color:var(--white)'>\n\n    <div class=\"gutenberg-block-background\"><\/div>\n    <div class=\"image-text-static-image__inner inner-container\">\n                    <div class=\"image-text-static-image__content content-right\" style='--content-width: 52%'>\n                \n                <p>Au\u00dfer dem Schutz vor der Angriffe von au\u00dfen bietet Planet VPN auch die M\u00f6glichkeit an, sich zu den Servern in verschiedenen L\u00e4ndern der ganzen Welt zu verbinden und ihre Netzressourcen zu benutzen. Das hei\u00dft, dass Sie TV-Sender, die f\u00fcr Sie fr\u00fcher nicht verf\u00fcgbar waren, ansehen k\u00f6nnen.<\/p>\n<p>Planet VPN ersetzt Ihre IP-Adresse durch eine andere. Daf\u00fcr m\u00fcssen Sie nur das Land aus der Liste w\u00e4hlen und alle Webseiten und Services, die Sie besuchen werden, werden automatisch bestimmen, dass Sie sich genau in diesem Land befinden.<\/p>\n                \n                \n\n            <\/div>\n        \n                    <div class=\"bg-image-wrapper bg-image-wrapper--desktop  left image-align--left\" style='--image-max-width: 48%'>\n                <figure>\n                    <img width=\"635\" height=\"496\" src=\"https:\/\/freevpnplanet.com\/wp-content\/uploads\/2024\/07\/rvpn-twoworld.9cf60601-20240704_125818_698023.svg\" class=\"attachment-full size-full\" alt=\"\" loading=\"lazy\" decoding=\"sync\" fetchpriority=\"low\" style=\"max-width:635px\" sizes=\"auto, (max-width: 635px) 100vw, 635px\" aria-hidden=\"true\" \/>                    <!-- <img decoding=\"async\" width=\"635\" height=\"496\" src=\"https:\/\/freevpnplanet.com\/wp-content\/uploads\/2024\/07\/rvpn-twoworld.9cf60601-20240704_125818_698023.svg\" class=\"attachment-full size-full\" alt=\"\" style=\"max-width:635px\" \/> -->\n                <\/figure>\n            <\/div>\n        \n            <\/div>\n<\/section>\n\n\n<section class=\"wrapper custom-block align-none    \" style=''>\n\n    <div class=\"gutenberg-block-background\"><\/div>\n    <div class=\"wrapper__inner inner-container\">\n        \n\n<div class=\"buttons custom-block align-center \">\n                        <a href=\"\/de\/plans\/\" target=\"_self\" id=\"qa-cta-btn-content\" class=\"cta download-by-platform cta--with-border cta-size--small cta-mt--initial icon-position--icon-left\" style=\"--border-radius:40px\"><span class=\"cta__name\">Kostenfreier Download<\/span><\/a>            <\/div>\n\n    <\/div>\n\n<\/section><\/div>\n","protected":false},"excerpt":{"rendered":"","protected":false},"author":39,"featured_media":0,"parent":0,"menu_order":0,"comment_status":"closed","ping_status":"closed","template":"templates\/page_template-basic_for_gutenberg.php","meta":{"_acf_changed":false,"inline_featured_image":false,"footnotes":""},"download_by_lite_tag":[],"class_list":["post-101903","page","type-page","status-publish","hentry"],"yoast_head":"<!-- This site is optimized with the Yoast SEO plugin v22.6 - https:\/\/yoast.com\/wordpress\/plugins\/seo\/ -->\n<title>VPN kostenlos f\u00fcr \u00f6ffentliches WLAN \u2013 Sichern Sie Ihre WLAN-Verbindung \u2013 Planet VPN<\/title>\n<meta name=\"description\" content=\"Verbessern Sie die Sicherheit Ihrer Netzwerkverbindung mit einem VPN f\u00fcr WLAN. Stellen Sie eine sichere WLAN-Verbindung her und surfen Sie privat und gesch\u00fctzt im Internet.\" \/>\n<meta name=\"robots\" content=\"index, follow, max-snippet:-1, max-image-preview:large, max-video-preview:-1\" \/>\n<link rel=\"canonical\" href=\"https:\/\/freevpnplanet.com\/de\/connect-to-free-wi-fi\/\" \/>\n<meta property=\"og:locale\" content=\"de_DE\" \/>\n<meta property=\"og:type\" content=\"article\" \/>\n<meta property=\"og:title\" content=\"VPN kostenlos f\u00fcr \u00f6ffentliches WLAN \u2013 Sichern Sie Ihre WLAN-Verbindung \u2013 Planet VPN\" \/>\n<meta property=\"og:description\" content=\"Verbessern Sie die Sicherheit Ihrer Netzwerkverbindung mit einem VPN f\u00fcr WLAN. Stellen Sie eine sichere WLAN-Verbindung her und surfen Sie privat und gesch\u00fctzt im Internet.\" \/>\n<meta property=\"og:url\" content=\"https:\/\/freevpnplanet.com\/de\/connect-to-free-wi-fi\/\" \/>\n<meta property=\"og:site_name\" content=\"Planet VPN\" \/>\n<meta property=\"article:modified_time\" content=\"2025-07-18T08:33:41+00:00\" \/>\n<meta name=\"twitter:card\" content=\"summary_large_image\" \/>\n<script type=\"application\/ld+json\" class=\"yoast-schema-graph\">{\"@context\":\"https:\/\/schema.org\",\"@graph\":[{\"@type\":\"WebPage\",\"@id\":\"https:\/\/freevpnplanet.com\/de\/connect-to-free-wi-fi\/\",\"url\":\"https:\/\/freevpnplanet.com\/de\/connect-to-free-wi-fi\/\",\"name\":\"VPN kostenlos f\u00fcr \u00f6ffentliches WLAN \u2013 Sichern Sie Ihre WLAN-Verbindung \u2013 Planet VPN\",\"isPartOf\":{\"@id\":\"https:\/\/freevpnplanet.com\/de\/#website\"},\"datePublished\":\"2024-07-03T11:00:39+00:00\",\"dateModified\":\"2025-07-18T08:33:41+00:00\",\"description\":\"Verbessern Sie die Sicherheit Ihrer Netzwerkverbindung mit einem VPN f\u00fcr WLAN. Stellen Sie eine sichere WLAN-Verbindung her und surfen Sie privat und gesch\u00fctzt im Internet.\",\"breadcrumb\":{\"@id\":\"https:\/\/freevpnplanet.com\/de\/connect-to-free-wi-fi\/#breadcrumb\"},\"inLanguage\":\"de\",\"potentialAction\":[{\"@type\":\"ReadAction\",\"target\":[\"https:\/\/freevpnplanet.com\/de\/connect-to-free-wi-fi\/\"]}]},{\"@type\":\"BreadcrumbList\",\"@id\":\"https:\/\/freevpnplanet.com\/de\/connect-to-free-wi-fi\/#breadcrumb\",\"itemListElement\":[{\"@type\":\"ListItem\",\"position\":1,\"name\":\"Home\",\"item\":\"https:\/\/freevpnplanet.com\/de\/\"},{\"@type\":\"ListItem\",\"position\":2,\"name\":\"Connect to free WI-FI\"}]},{\"@type\":\"WebSite\",\"@id\":\"https:\/\/freevpnplanet.com\/de\/#website\",\"url\":\"https:\/\/freevpnplanet.com\/de\/\",\"name\":\"Planet VPN \ud83d\udee1\ufe0f\ud83c\udf10 Free VPN\",\"description\":\"Free VPN\",\"potentialAction\":[{\"@type\":\"SearchAction\",\"target\":{\"@type\":\"EntryPoint\",\"urlTemplate\":\"https:\/\/freevpnplanet.com\/de\/?s={search_term_string}\"},\"query-input\":\"required name=search_term_string\"}],\"inLanguage\":\"de\",\"publisher\":{\"@id\":\"https:\/\/freevpnplanet.com\/de\/#organization\"}},{\"@context\":\"https:\/\/schema.org\/\",\"@type\":\"SoftwareApplication\",\"name\":\"Planet VPN \ud83d\udee1\ufe0f\ud83c\udf10 Free VPN\",\"operatingSystem\":\"Windows, macOS, iOS, Android, Linux, Chrome\",\"applicationCategory\":\"SecurityApplication\",\"offers\":{\"@type\":\"AggregateOffer\",\"priceCurrency\":\"USD\",\"price\":\"0\",\"lowPrice\":\"0\",\"availability\":\"https:\/\/schema.org\/InStock\"},\"aggregateRating\":{\"@type\":\"AggregateRating\",\"ratingValue\":\"4.8\",\"bestRating\":\"5\",\"ratingCount\":\"12476\"}},{\"@type\":\"Organization\",\"@id\":\"https:\/\/freevpnplanet.com\/de\/#organization\",\"url\":\"https:\/\/freevpnplanet.com\/de\/\",\"name\":\"Planet VPN \ud83d\udee1\ufe0f\ud83c\udf10 Free VPN\"}]}<\/script>\n<!-- \/ Yoast SEO plugin. -->","yoast_head_json":{"title":"VPN kostenlos f\u00fcr \u00f6ffentliches WLAN \u2013 Sichern Sie Ihre WLAN-Verbindung \u2013 Planet VPN","description":"Verbessern Sie die Sicherheit Ihrer Netzwerkverbindung mit einem VPN f\u00fcr WLAN. Stellen Sie eine sichere WLAN-Verbindung her und surfen Sie privat und gesch\u00fctzt im Internet.","robots":{"index":"index","follow":"follow","max-snippet":"max-snippet:-1","max-image-preview":"max-image-preview:large","max-video-preview":"max-video-preview:-1"},"canonical":"https:\/\/freevpnplanet.com\/de\/connect-to-free-wi-fi\/","og_locale":"de_DE","og_type":"article","og_title":"VPN kostenlos f\u00fcr \u00f6ffentliches WLAN \u2013 Sichern Sie Ihre WLAN-Verbindung \u2013 Planet VPN","og_description":"Verbessern Sie die Sicherheit Ihrer Netzwerkverbindung mit einem VPN f\u00fcr WLAN. Stellen Sie eine sichere WLAN-Verbindung her und surfen Sie privat und gesch\u00fctzt im Internet.","og_url":"https:\/\/freevpnplanet.com\/de\/connect-to-free-wi-fi\/","og_site_name":"Planet VPN","article_modified_time":"2025-07-18T08:33:41+00:00","twitter_card":"summary_large_image","schema":{"@context":"https:\/\/schema.org","@graph":[{"@type":"WebPage","@id":"https:\/\/freevpnplanet.com\/de\/connect-to-free-wi-fi\/","url":"https:\/\/freevpnplanet.com\/de\/connect-to-free-wi-fi\/","name":"VPN kostenlos f\u00fcr \u00f6ffentliches WLAN \u2013 Sichern Sie Ihre WLAN-Verbindung \u2013 Planet VPN","isPartOf":{"@id":"https:\/\/freevpnplanet.com\/de\/#website"},"datePublished":"2024-07-03T11:00:39+00:00","dateModified":"2025-07-18T08:33:41+00:00","description":"Verbessern Sie die Sicherheit Ihrer Netzwerkverbindung mit einem VPN f\u00fcr WLAN. Stellen Sie eine sichere WLAN-Verbindung her und surfen Sie privat und gesch\u00fctzt im Internet.","breadcrumb":{"@id":"https:\/\/freevpnplanet.com\/de\/connect-to-free-wi-fi\/#breadcrumb"},"inLanguage":"de","potentialAction":[{"@type":"ReadAction","target":["https:\/\/freevpnplanet.com\/de\/connect-to-free-wi-fi\/"]}]},{"@type":"BreadcrumbList","@id":"https:\/\/freevpnplanet.com\/de\/connect-to-free-wi-fi\/#breadcrumb","itemListElement":[{"@type":"ListItem","position":1,"name":"Home","item":"https:\/\/freevpnplanet.com\/de\/"},{"@type":"ListItem","position":2,"name":"Connect to free WI-FI"}]},{"@type":"WebSite","@id":"https:\/\/freevpnplanet.com\/de\/#website","url":"https:\/\/freevpnplanet.com\/de\/","name":"Planet VPN \ud83d\udee1\ufe0f\ud83c\udf10 Free VPN","description":"Free VPN","potentialAction":[{"@type":"SearchAction","target":{"@type":"EntryPoint","urlTemplate":"https:\/\/freevpnplanet.com\/de\/?s={search_term_string}"},"query-input":"required name=search_term_string"}],"inLanguage":"de","publisher":{"@id":"https:\/\/freevpnplanet.com\/de\/#organization"}},{"@context":"https:\/\/schema.org\/","@type":"SoftwareApplication","name":"Planet VPN \ud83d\udee1\ufe0f\ud83c\udf10 Free VPN","operatingSystem":"Windows, macOS, iOS, Android, Linux, Chrome","applicationCategory":"SecurityApplication","offers":{"@type":"AggregateOffer","priceCurrency":"USD","price":"0","lowPrice":"0","availability":"https:\/\/schema.org\/InStock"},"aggregateRating":{"@type":"AggregateRating","ratingValue":"4.8","bestRating":"5","ratingCount":"12476"}},{"@type":"Organization","@id":"https:\/\/freevpnplanet.com\/de\/#organization","url":"https:\/\/freevpnplanet.com\/de\/","name":"Planet VPN \ud83d\udee1\ufe0f\ud83c\udf10 Free VPN"}]}},"acf":[],"_links":{"self":[{"href":"https:\/\/freevpnplanet.com\/de\/wp-json\/wp\/v2\/pages\/101903","targetHints":{"allow":["GET"]}}],"collection":[{"href":"https:\/\/freevpnplanet.com\/de\/wp-json\/wp\/v2\/pages"}],"about":[{"href":"https:\/\/freevpnplanet.com\/de\/wp-json\/wp\/v2\/types\/page"}],"author":[{"embeddable":true,"href":"https:\/\/freevpnplanet.com\/de\/wp-json\/wp\/v2\/users\/39"}],"replies":[{"embeddable":true,"href":"https:\/\/freevpnplanet.com\/de\/wp-json\/wp\/v2\/comments?post=101903"}],"version-history":[{"count":3,"href":"https:\/\/freevpnplanet.com\/de\/wp-json\/wp\/v2\/pages\/101903\/revisions"}],"predecessor-version":[{"id":171423,"href":"https:\/\/freevpnplanet.com\/de\/wp-json\/wp\/v2\/pages\/101903\/revisions\/171423"}],"wp:attachment":[{"href":"https:\/\/freevpnplanet.com\/de\/wp-json\/wp\/v2\/media?parent=101903"}],"wp:term":[{"taxonomy":"download_by_lite_tag","embeddable":true,"href":"https:\/\/freevpnplanet.com\/de\/wp-json\/wp\/v2\/download_by_lite_tag?post=101903"}],"curies":[{"name":"wp","href":"https:\/\/api.w.org\/{rel}","templated":true}]}}