{"id":102364,"date":"2024-07-01T18:45:04","date_gmt":"2024-07-01T15:45:04","guid":{"rendered":"https:\/\/help.freeplanetvpn.com\/encryption-of-internet-connection\/"},"modified":"2025-07-18T11:55:47","modified_gmt":"2025-07-18T08:55:47","slug":"encryption-of-internet-connection","status":"publish","type":"page","link":"https:\/\/freevpnplanet.com\/de\/encryption-of-internet-connection\/","title":{"rendered":"Encryption of internet connection"},"content":{"rendered":"\n<section class=\"image-text-static-image custom-block align-none  mobile-image-bottom   header-size-small text-size-small  \" style='--background-color:var(--dark-blue-0); --text-color:var(--white)'>\n\n    <div class=\"gutenberg-block-background\"><\/div>\n    <div class=\"image-text-static-image__inner inner-container\">\n                    <div class=\"image-text-static-image__content content-left\" style='--content-width: 50%'>\n                                    <div class=\"image-text-static-image__title\">\n                        <h1 >Datenverschl\u00fcsselung und Sicherheit mit VPN kostenlos<\/h1>                    <\/div>\n                \n                <p>Planet VPN verschleiert nicht nur Ihre IP-Adresse, Planet VPN verschl\u00fcsselt auch Ihren Datenverkehr im Internet. Niemand, einschlie\u00dflich Ihres Internetdienstanbieters oder Besitzers des \u00f6ffentlichen WLANs, wird nie einen Zugang zu den Daten haben, die Sie senden und empfangen.<\/p>\n                                    <div class=\"image-text-static-image__cta\">\n                                                    <a href=\"\/de\/plans\/\" target=\"_self\" id=\"qa-hero-cta-btn\" class=\"cta download-by-platform cta--with-border cta-size--small cta-mt--initial icon-position--icon-left\" style=\"--border-radius:40px\"><span class=\"cta__name\">Kostenfreier Download<\/span><\/a>                                            <\/div>\n                \n                \n\n            <\/div>\n        \n                    <div class=\"bg-image-wrapper bg-image-wrapper--desktop  right image-align--center\" style='--image-max-width: 50%'>\n                <figure>\n                    <img width=\"581\" height=\"581\" src=\"https:\/\/freevpnplanet.com\/wp-content\/uploads\/2024\/07\/rvpn-illustration.96354e01-20240701_184724_295398.svg\" class=\"attachment-full size-full\" alt=\"\" loading=\"lazy\" decoding=\"sync\" fetchpriority=\"low\" style=\"max-width:600px\" sizes=\"auto, (max-width: 600px) 100vw, 600px\" aria-hidden=\"true\" \/>                    <!-- <img decoding=\"async\" width=\"581\" height=\"581\" src=\"https:\/\/freevpnplanet.com\/wp-content\/uploads\/2024\/07\/rvpn-illustration.96354e01-20240701_184724_295398.svg\" class=\"attachment-full size-full\" alt=\"\" style=\"max-width:600px\" \/> -->\n                <\/figure>\n            <\/div>\n        \n            <\/div>\n<\/section>\n\n\n<section class=\"image-text-static-image custom-block align-none  mobile-image-bottom  pb-0 header-size-small text-size-small  pb-0--desktop\" style=''>\n\n    <div class=\"gutenberg-block-background\"><\/div>\n    <div class=\"image-text-static-image__inner inner-container\">\n                    <div class=\"image-text-static-image__content content-right\" style='--content-width: 59%'>\n                \n                <h2>Wie funktioniert die VPN-Verschl\u00fcsselung?<\/h2>\n<p>Wenn Sie Ihr Ger\u00e4t mit Planet VPN Service verbinden, werden alle Daten, die Sie durch Internet \u00fcbertragen, mit 256-Bit Verschl\u00fcsselung codiert und nur auf VPN-Server entschl\u00fcsselt. Das gew\u00e4hrleistet, dass die Daten\u00fcbertragung durch das Internet vertraulich bleibt.<\/p>\n<p>Die Verschl\u00fcsselung ist ein Prozess der Datenkodierung, bei dem nur vermeintlicher Empf\u00e4nger, der die richtige Mittel f\u00fcr die Entschl\u00fcsselung hat, \u00fcbertragene Daten lesen und benutzen kann.<\/p>\n                \n                \n\n            <\/div>\n        \n                    <div class=\"bg-image-wrapper bg-image-wrapper--desktop  left image-align--center\" style='--image-max-width: 41%'>\n                <figure>\n                    <img width=\"436\" height=\"436\" src=\"https:\/\/freevpnplanet.com\/wp-content\/uploads\/2024\/06\/rvpn-zoom.97114291-20240628_180539_548832.svg\" class=\"attachment-full size-full\" alt=\"\" loading=\"lazy\" decoding=\"sync\" fetchpriority=\"low\" style=\"max-width:440px\" sizes=\"auto, (max-width: 440px) 100vw, 440px\" aria-hidden=\"true\" \/>                    <!-- <img decoding=\"async\" width=\"436\" height=\"436\" src=\"https:\/\/freevpnplanet.com\/wp-content\/uploads\/2024\/06\/rvpn-zoom.97114291-20240628_180539_548832.svg\" class=\"attachment-full size-full\" alt=\"\" style=\"max-width:440px\" \/> -->\n                <\/figure>\n            <\/div>\n        \n            <\/div>\n<\/section>\n\n\n<section class=\"image-text-static-image custom-block align-none  mobile-image-bottom   header-size-small text-size-small  \" style=''>\n\n    <div class=\"gutenberg-block-background\"><\/div>\n    <div class=\"image-text-static-image__inner inner-container\">\n                    <div class=\"image-text-static-image__content content-left\" style='--content-width: 59%'>\n                \n                <p>Die gleiche Situation ist mit dem Empfang der Information: bei der Benutzung von Planet VPN werden die Daten auf VPN-Server verschl\u00fcsselt und in dieser Form von Ihnen empfangen. Aktive VPN-Verbindung ist wie ein Rohr im Rohr, niemand von au\u00dfen kann den Zugang bekommen und herausfinden, was da drinnen ist. Selbst wenn jemand Ihre Daten irgendwie erh\u00e4lt, dann kann er mit denen ohne einzigartigen Schl\u00fcssel, der im Moment des Datenaustauschs zwischen Ihrem Ger\u00e4t und VPN-Server generiert wird, nichts machen.<\/p>\n<p>Planet VPN garantiert v\u00f6llige Anonymit\u00e4t und Sicherheit der durch Internet aus- und eingehenden Daten<\/p>\n                \n                \n\n            <\/div>\n        \n                    <div class=\"bg-image-wrapper bg-image-wrapper--desktop  right image-align--center\" style='--image-max-width: 41%'>\n                <figure>\n                    <img width=\"328\" height=\"400\" src=\"https:\/\/freevpnplanet.com\/wp-content\/uploads\/2024\/07\/rvpn-crypt.b03ccf11-20240701_185224_014234.svg\" class=\"attachment-full size-full\" alt=\"\" loading=\"lazy\" decoding=\"sync\" fetchpriority=\"low\" style=\"max-width:330px\" sizes=\"auto, (max-width: 330px) 100vw, 330px\" aria-hidden=\"true\" \/>                    <!-- <img decoding=\"async\" width=\"328\" height=\"400\" src=\"https:\/\/freevpnplanet.com\/wp-content\/uploads\/2024\/07\/rvpn-crypt.b03ccf11-20240701_185224_014234.svg\" class=\"attachment-full size-full\" alt=\"\" style=\"max-width:330px\" \/> -->\n                <\/figure>\n            <\/div>\n        \n            <\/div>\n<\/section>\n\n\n<div class=\"wp-block-group alignfull has-background-blue-background-color has-background is-content-justification-center is-nowrap is-layout-flex wp-container-core-group-is-layout-1 wp-block-group-is-layout-flex\" style=\"padding-right:0;padding-left:0\">\n<div class=\"wp-block-columns wp-container-content-1 is-layout-flex wp-container-core-columns-is-layout-1 wp-block-columns-is-layout-flex row-gap--20 stack-breakpoint--768\" style=\"padding-right:var(--wp--preset--spacing--40);padding-left:var(--wp--preset--spacing--40)\">\n<div class=\"wp-block-column is-layout-flow wp-block-column-is-layout-flow\">\n<section class=\"advanced-steps custom-block align-center  align-desktop-left align-mobile-left font-normal three-columns title-small image-shadow\" style=''>\n\n    <div class=\"gutenberg-block-background\"><\/div>\n    <div class=\"advanced-steps__container inner-container\">\n                    <div class=\"advanced-steps__intro\">\n                <h2 style=\"text-align: center;\">Wie kann man den Datenverkehr verschl\u00fcsseln?<\/h2>            <\/div>\n        \n        <ul class=\"advanced-steps__list advanced-steps__list--download-steps\" style='--columns-gap:50px'>\n                            <li style='--max-width:px'>\n                                            <h2 class=\"step-title\">Herunterladen<\/h2>\n                    \n                                            <div class=\"image-wrapper\">\n                            <img decoding=\"async\" width=\"219\" height=\"170\" src=\"https:\/\/freevpnplanet.com\/wp-content\/uploads\/2024\/05\/rvpn-download.df91dd21-20240524_114147_333777.svg\" class=\"attachment-full size-full\" alt=\"Step 1\" \/>                        <\/div>\n\n                                                    <p><a href=\"https:\/\/freevpnplanet.com\/de\/download\/\" id=\"qa-advanced-step-content-link\">Herunterladen<\/a> und installieren Sie die App f\u00fcr Ihr Ger\u00e4t<\/p>                                                            <\/li>\n                                <li style='--max-width:px'>\n                                            <h2 class=\"step-title\">Verbindung<\/h2>\n                    \n                                            <div class=\"image-wrapper\">\n                            <img decoding=\"async\" width=\"220\" height=\"171\" src=\"https:\/\/freevpnplanet.com\/wp-content\/uploads\/2024\/05\/rvpn-login.60a645a1-20240524_114327_062578.svg\" class=\"attachment-full size-full\" alt=\"Step 1\" \/>                        <\/div>\n\n                                                    <p>Verbinden Sie sich zu einem von unseren Servern<\/p>                                                            <\/li>\n                                <li style='--max-width:px'>\n                                            <h2 class=\"step-title\">Genie\u00dfen<\/h2>\n                    \n                                            <div class=\"image-wrapper\">\n                            <img decoding=\"async\" width=\"219\" height=\"170\" src=\"https:\/\/freevpnplanet.com\/wp-content\/uploads\/2024\/05\/rvpn-connect.12ef9ce1-20240524_114733_838401.svg\" class=\"attachment-full size-full\" alt=\"Step 3\" \/>                        <\/div>\n\n                                                    <p>Besuchen Sie beliebige Webseiten ohne Beschr\u00e4nkungen<\/p>                                                            <\/li>\n                        <\/ul>\n\n                    <div class=\"advanced-steps__cta\">\n                <a href=\"\/de\/plans\/\" target=\"_self\" id=\"qa-steps-btn-cta\" class=\"cta download-by-platform cta--with-border cta-size--small cta-mt--initial icon-position--icon-left\" style=\"--border-radius:40px\"><span class=\"cta__name\">Kostenfreier Download<\/span><\/a>            <\/div>\n        \n        \n        \n\n    <\/div>\n<\/section>\n<\/div>\n<\/div>\n<\/div>\n\n\n\n<section class=\"image-text-static-image custom-block align-none  mobile-image-top   header-size-small text-size-small  \" style=''>\n\n    <div class=\"gutenberg-block-background\"><\/div>\n    <div class=\"image-text-static-image__inner inner-container\">\n                    <div class=\"image-text-static-image__content content-left\" style='--content-width: 50%'>\n                                    <div class=\"image-text-static-image__title\">\n                        <h2 >Wof\u00fcr braucht man VPN-Verschl\u00fcsselung?<\/h2>                    <\/div>\n                \n                <p>Internet-Provider, verschiedene Dienste, Arbeitgeber, Besitzer der \u00f6ffentlichen WLANs und Eindringlinge &#8211; das ist nur eine kurze Liste, sie alle \u00fcberwachen den Internetdatenverkehr f\u00fcr verschiedene Zwecke.<\/p>\n<p>Einige machen das, um besuchte Ressourcen zu zensieren, andere &#8211; um die Arbeitszeit zu berechnen und einige nur aus Neugier. Der h\u00e4ufigste Grund, warum man Ihr Suchverlauf \u00fcberwacht, ist es, dass man ihn sp\u00e4ter verkaufen kann.<\/p>\n<p>Dank VPN-Technologien und sicherer 256-Bit Verschl\u00fcsselung sch\u00fctzt Planet VPN Sie vor \u00dcberwachung und anderen \u00c4rgern, die mit dem Datenklau verbunden sind.<\/p>\n                                    <div class=\"image-text-static-image__cta\">\n                                                    <a href=\"\/de\/plans\/\" target=\"_self\" id=\"qa-cta-content-btn\" class=\"cta download-by-platform cta--with-border cta-size--small cta-mt--initial icon-position--icon-left\" style=\"--border-radius:40px\"><span class=\"cta__name\">Kostenfreier Download<\/span><\/a>                                            <\/div>\n                \n                \n\n            <\/div>\n        \n                    <div class=\"bg-image-wrapper bg-image-wrapper--desktop  right image-align--center\" style='--image-max-width: 50%'>\n                <figure>\n                    <img width=\"434\" height=\"484\" src=\"https:\/\/freevpnplanet.com\/wp-content\/uploads\/2024\/07\/rvpn-crackmen.cda31d31-20240701_190109_785249.svg\" class=\"attachment-full size-full\" alt=\"\" loading=\"lazy\" decoding=\"sync\" fetchpriority=\"low\" style=\"max-width:440px\" sizes=\"auto, (max-width: 440px) 100vw, 440px\" aria-hidden=\"true\" \/>                    <!-- <img decoding=\"async\" width=\"434\" height=\"484\" src=\"https:\/\/freevpnplanet.com\/wp-content\/uploads\/2024\/07\/rvpn-crackmen.cda31d31-20240701_190109_785249.svg\" class=\"attachment-full size-full\" alt=\"\" style=\"max-width:440px\" \/> -->\n                <\/figure>\n            <\/div>\n        \n            <\/div>\n<\/section>","protected":false},"excerpt":{"rendered":"","protected":false},"author":39,"featured_media":0,"parent":0,"menu_order":0,"comment_status":"closed","ping_status":"closed","template":"templates\/page_template-basic_for_gutenberg.php","meta":{"_acf_changed":false,"inline_featured_image":false,"footnotes":""},"download_by_lite_tag":[],"class_list":["post-102364","page","type-page","status-publish","hentry"],"yoast_head":"<!-- This site is optimized with the Yoast SEO plugin v22.6 - https:\/\/yoast.com\/wordpress\/plugins\/seo\/ -->\n<title>Datenverschl\u00fcsselung mit VPN Kostenlos | Planet VPN<\/title>\n<meta name=\"description\" content=\"Was ist eine VPN-Verschl\u00fcsselung? Wie funktioniert sie? Verwenden Sie die Planet VPN-Verschl\u00fcsselung, um Ihre privaten Daten vor Betr\u00fcgern zu sch\u00fctzen.\" \/>\n<meta name=\"robots\" content=\"index, follow, max-snippet:-1, max-image-preview:large, max-video-preview:-1\" \/>\n<link rel=\"canonical\" href=\"https:\/\/freevpnplanet.com\/de\/encryption-of-internet-connection\/\" \/>\n<meta property=\"og:locale\" content=\"de_DE\" \/>\n<meta property=\"og:type\" content=\"article\" \/>\n<meta property=\"og:title\" content=\"Datenverschl\u00fcsselung mit VPN Kostenlos | Planet VPN\" \/>\n<meta property=\"og:description\" content=\"Was ist eine VPN-Verschl\u00fcsselung? Wie funktioniert sie? Verwenden Sie die Planet VPN-Verschl\u00fcsselung, um Ihre privaten Daten vor Betr\u00fcgern zu sch\u00fctzen.\" \/>\n<meta property=\"og:url\" content=\"https:\/\/freevpnplanet.com\/de\/encryption-of-internet-connection\/\" \/>\n<meta property=\"og:site_name\" content=\"Planet VPN\" \/>\n<meta property=\"article:modified_time\" content=\"2025-07-18T08:55:47+00:00\" \/>\n<meta name=\"twitter:card\" content=\"summary_large_image\" \/>\n<script type=\"application\/ld+json\" class=\"yoast-schema-graph\">{\"@context\":\"https:\/\/schema.org\",\"@graph\":[{\"@type\":\"WebPage\",\"@id\":\"https:\/\/freevpnplanet.com\/de\/encryption-of-internet-connection\/\",\"url\":\"https:\/\/freevpnplanet.com\/de\/encryption-of-internet-connection\/\",\"name\":\"Datenverschl\u00fcsselung mit VPN Kostenlos | Planet VPN\",\"isPartOf\":{\"@id\":\"https:\/\/freevpnplanet.com\/de\/#website\"},\"datePublished\":\"2024-07-01T15:45:04+00:00\",\"dateModified\":\"2025-07-18T08:55:47+00:00\",\"description\":\"Was ist eine VPN-Verschl\u00fcsselung? Wie funktioniert sie? Verwenden Sie die Planet VPN-Verschl\u00fcsselung, um Ihre privaten Daten vor Betr\u00fcgern zu sch\u00fctzen.\",\"breadcrumb\":{\"@id\":\"https:\/\/freevpnplanet.com\/de\/encryption-of-internet-connection\/#breadcrumb\"},\"inLanguage\":\"de\",\"potentialAction\":[{\"@type\":\"ReadAction\",\"target\":[\"https:\/\/freevpnplanet.com\/de\/encryption-of-internet-connection\/\"]}]},{\"@type\":\"BreadcrumbList\",\"@id\":\"https:\/\/freevpnplanet.com\/de\/encryption-of-internet-connection\/#breadcrumb\",\"itemListElement\":[{\"@type\":\"ListItem\",\"position\":1,\"name\":\"Home\",\"item\":\"https:\/\/freevpnplanet.com\/de\/\"},{\"@type\":\"ListItem\",\"position\":2,\"name\":\"Encryption of internet connection\"}]},{\"@type\":\"WebSite\",\"@id\":\"https:\/\/freevpnplanet.com\/de\/#website\",\"url\":\"https:\/\/freevpnplanet.com\/de\/\",\"name\":\"Planet VPN \ud83d\udee1\ufe0f\ud83c\udf10 Free VPN\",\"description\":\"Free VPN\",\"potentialAction\":[{\"@type\":\"SearchAction\",\"target\":{\"@type\":\"EntryPoint\",\"urlTemplate\":\"https:\/\/freevpnplanet.com\/de\/?s={search_term_string}\"},\"query-input\":\"required name=search_term_string\"}],\"inLanguage\":\"de\",\"publisher\":{\"@id\":\"https:\/\/freevpnplanet.com\/de\/#organization\"}},{\"@context\":\"https:\/\/schema.org\/\",\"@type\":\"SoftwareApplication\",\"name\":\"Planet VPN \ud83d\udee1\ufe0f\ud83c\udf10 Free VPN\",\"operatingSystem\":\"Windows, macOS, iOS, Android, Linux, Chrome\",\"applicationCategory\":\"SecurityApplication\",\"offers\":{\"@type\":\"AggregateOffer\",\"priceCurrency\":\"USD\",\"price\":\"0\",\"lowPrice\":\"0\",\"availability\":\"https:\/\/schema.org\/InStock\"},\"aggregateRating\":{\"@type\":\"AggregateRating\",\"ratingValue\":\"4.8\",\"bestRating\":\"5\",\"ratingCount\":\"12476\"}},{\"@type\":\"Organization\",\"@id\":\"https:\/\/freevpnplanet.com\/de\/#organization\",\"url\":\"https:\/\/freevpnplanet.com\/de\/\",\"name\":\"Planet VPN \ud83d\udee1\ufe0f\ud83c\udf10 Free VPN\"}]}<\/script>\n<!-- \/ Yoast SEO plugin. -->","yoast_head_json":{"title":"Datenverschl\u00fcsselung mit VPN Kostenlos | Planet VPN","description":"Was ist eine VPN-Verschl\u00fcsselung? Wie funktioniert sie? Verwenden Sie die Planet VPN-Verschl\u00fcsselung, um Ihre privaten Daten vor Betr\u00fcgern zu sch\u00fctzen.","robots":{"index":"index","follow":"follow","max-snippet":"max-snippet:-1","max-image-preview":"max-image-preview:large","max-video-preview":"max-video-preview:-1"},"canonical":"https:\/\/freevpnplanet.com\/de\/encryption-of-internet-connection\/","og_locale":"de_DE","og_type":"article","og_title":"Datenverschl\u00fcsselung mit VPN Kostenlos | Planet VPN","og_description":"Was ist eine VPN-Verschl\u00fcsselung? Wie funktioniert sie? Verwenden Sie die Planet VPN-Verschl\u00fcsselung, um Ihre privaten Daten vor Betr\u00fcgern zu sch\u00fctzen.","og_url":"https:\/\/freevpnplanet.com\/de\/encryption-of-internet-connection\/","og_site_name":"Planet VPN","article_modified_time":"2025-07-18T08:55:47+00:00","twitter_card":"summary_large_image","schema":{"@context":"https:\/\/schema.org","@graph":[{"@type":"WebPage","@id":"https:\/\/freevpnplanet.com\/de\/encryption-of-internet-connection\/","url":"https:\/\/freevpnplanet.com\/de\/encryption-of-internet-connection\/","name":"Datenverschl\u00fcsselung mit VPN Kostenlos | Planet VPN","isPartOf":{"@id":"https:\/\/freevpnplanet.com\/de\/#website"},"datePublished":"2024-07-01T15:45:04+00:00","dateModified":"2025-07-18T08:55:47+00:00","description":"Was ist eine VPN-Verschl\u00fcsselung? Wie funktioniert sie? Verwenden Sie die Planet VPN-Verschl\u00fcsselung, um Ihre privaten Daten vor Betr\u00fcgern zu sch\u00fctzen.","breadcrumb":{"@id":"https:\/\/freevpnplanet.com\/de\/encryption-of-internet-connection\/#breadcrumb"},"inLanguage":"de","potentialAction":[{"@type":"ReadAction","target":["https:\/\/freevpnplanet.com\/de\/encryption-of-internet-connection\/"]}]},{"@type":"BreadcrumbList","@id":"https:\/\/freevpnplanet.com\/de\/encryption-of-internet-connection\/#breadcrumb","itemListElement":[{"@type":"ListItem","position":1,"name":"Home","item":"https:\/\/freevpnplanet.com\/de\/"},{"@type":"ListItem","position":2,"name":"Encryption of internet connection"}]},{"@type":"WebSite","@id":"https:\/\/freevpnplanet.com\/de\/#website","url":"https:\/\/freevpnplanet.com\/de\/","name":"Planet VPN \ud83d\udee1\ufe0f\ud83c\udf10 Free VPN","description":"Free VPN","potentialAction":[{"@type":"SearchAction","target":{"@type":"EntryPoint","urlTemplate":"https:\/\/freevpnplanet.com\/de\/?s={search_term_string}"},"query-input":"required name=search_term_string"}],"inLanguage":"de","publisher":{"@id":"https:\/\/freevpnplanet.com\/de\/#organization"}},{"@context":"https:\/\/schema.org\/","@type":"SoftwareApplication","name":"Planet VPN \ud83d\udee1\ufe0f\ud83c\udf10 Free VPN","operatingSystem":"Windows, macOS, iOS, Android, Linux, Chrome","applicationCategory":"SecurityApplication","offers":{"@type":"AggregateOffer","priceCurrency":"USD","price":"0","lowPrice":"0","availability":"https:\/\/schema.org\/InStock"},"aggregateRating":{"@type":"AggregateRating","ratingValue":"4.8","bestRating":"5","ratingCount":"12476"}},{"@type":"Organization","@id":"https:\/\/freevpnplanet.com\/de\/#organization","url":"https:\/\/freevpnplanet.com\/de\/","name":"Planet VPN \ud83d\udee1\ufe0f\ud83c\udf10 Free VPN"}]}},"acf":[],"_links":{"self":[{"href":"https:\/\/freevpnplanet.com\/de\/wp-json\/wp\/v2\/pages\/102364","targetHints":{"allow":["GET"]}}],"collection":[{"href":"https:\/\/freevpnplanet.com\/de\/wp-json\/wp\/v2\/pages"}],"about":[{"href":"https:\/\/freevpnplanet.com\/de\/wp-json\/wp\/v2\/types\/page"}],"author":[{"embeddable":true,"href":"https:\/\/freevpnplanet.com\/de\/wp-json\/wp\/v2\/users\/39"}],"replies":[{"embeddable":true,"href":"https:\/\/freevpnplanet.com\/de\/wp-json\/wp\/v2\/comments?post=102364"}],"version-history":[{"count":5,"href":"https:\/\/freevpnplanet.com\/de\/wp-json\/wp\/v2\/pages\/102364\/revisions"}],"predecessor-version":[{"id":171442,"href":"https:\/\/freevpnplanet.com\/de\/wp-json\/wp\/v2\/pages\/102364\/revisions\/171442"}],"wp:attachment":[{"href":"https:\/\/freevpnplanet.com\/de\/wp-json\/wp\/v2\/media?parent=102364"}],"wp:term":[{"taxonomy":"download_by_lite_tag","embeddable":true,"href":"https:\/\/freevpnplanet.com\/de\/wp-json\/wp\/v2\/download_by_lite_tag?post=102364"}],"curies":[{"name":"wp","href":"https:\/\/api.w.org\/{rel}","templated":true}]}}