{"id":96356,"date":"2024-07-01T10:13:33","date_gmt":"2024-07-01T07:13:33","guid":{"rendered":"https:\/\/help.freeplanetvpn.com\/cookies\/"},"modified":"2024-09-11T16:03:26","modified_gmt":"2024-09-11T13:03:26","slug":"cookies","status":"publish","type":"page","link":"https:\/\/freevpnplanet.com\/de\/cookies\/","title":{"rendered":"Cookies"},"content":{"rendered":"\n<style>.entry-content{margin-bottom:100px}.entry-content,.entry-content p,.entry-content h1,.entry-content h4,.entry-content ul li{color:var(--black)}.entry-content h1{font-size:40px;font-weight:700;margin-bottom:50px}.entry-content h4{font-size:30px;font-weight:500;margin:40px 0 30px}.entry-content a{color:var(--green)}<\/style>\n\n\n\n<h1 class=\"wp-block-heading\">Cookie-Richtlinie<\/h1>\n\n\n\n<p>Ein Cookie ist eine Datei, die einen eindeutigen Identifikator enth\u00e4lt. Dieser Identifikator wird vom Server an den Browser gesendet und danach im Datentr\u00e4ger gespeichert. Folglich wird dieser Identifikator jedes Mal an den Server \u00fcbertragen, wenn er eine Anfrage von der Serverseite zur Browserseite erh\u00e4lt.<\/p>\n\n\n\n<p>Diese Dateien sind in 2 verschiedene Kategorien unterteilt::<\/p>\n\n\n\n<ul class=\"wp-block-list\">\n<li>Permanent<\/li>\n\n\n\n<li>Session-Cookies<\/li>\n<\/ul>\n\n\n\n<p>Der Browser wird Cookies aus der ersten Kategorie speichern, bis sie gel\u00f6scht werden (automatisch oder manuell).<\/p>\n\n\n\n<p>Session-Cookies werden automatisch am Ende der Benutzersitzung gel\u00f6scht (nach dem Schlie\u00dfen des Browsers)<\/p>\n\n\n\n<p>Die auf Planet VPN gesammelten Cookies enthalten keine vertraulichen oder pers\u00f6nlichen Informationen \u00fcber Kunden.<\/p>\n\n\n\n<h4 class=\"wp-block-heading\">Wie Planet VPN die Cookie-Dateien verwendet<\/h4>\n\n\n\n<p>Planet VPN verwendet das Cookie auf seiner Website (verf\u00fcgbar unter: <a href=\"https:\/\/www.freevpnplanet.com\">https:\/\/www.freevpnplanet.com<\/a>). Beschreibung und Vorschriften werden auf der entsprechenden Seite erkl\u00e4rt.<\/p>\n\n\n\n<p>Durch die Erstellung eines Kontos auf unserer Plattform stimmen Benutzer der Verwendung von Cookies zur allgemeinen Verwaltung und insbesondere f\u00fcr den Registrierungsprozess zu. Die Verwendung von Cookies erm\u00f6glicht es Ihnen, den Autorisierungsprozess zu vereinfachen, indem Sie die Notwendigkeit beseitigen, sich bei jedem Besuch der Website anzumelden, und Ihre Pr\u00e4ferenzen beim Gebrauch der Website speichern. Insbesondere werden diese Cookies automatisch gel\u00f6scht, nachdem der Benutzer &#8220;Abmelden&#8221; ausgew\u00e4hlt hat.<\/p>\n\n\n\n<p>E-Commerce und Zahlungsmethoden werden auf der Website pr\u00e4sentiert. Cookies sind notwendig, um die Zahlungen ordnungsgem\u00e4\u00df zu verarbeiten.<\/p>\n\n\n\n<p>Planet VPN bietet den Benutzern an, Formulare auszuf\u00fcllen oder an verschiedenen Umfragen teilzunehmen, um Servicekunden zu schulen, n\u00fctzliche Informationen bereitzustellen oder n\u00fctzliche Tools zur besseren Interaktion mit Benutzern zu pr\u00e4sentieren. Diese Umfragen und Studien k\u00f6nnen Cookies verwenden, um zu vermeiden, dass dieselbe Person mehrere Umfragen durchf\u00fchrt.<\/p>\n\n\n\n<p>Wenn Sie einen Kommentar auf einem Blog schreiben oder Formulare \/ Anwendungen ausf\u00fcllen, verwendet Planet VPN Cookies, um Benutzerinformationen f\u00fcr die korrekte Verarbeitung in der Zukunft zu speichern.<\/p>\n\n\n\n<p>Bei der Nutzung der Website sammelt Planet VPN Cookies f\u00fcr die bestm\u00f6gliche Benutzererfahrung auf der Plattform.<\/p>\n\n\n\n<h4 class=\"wp-block-heading\">Deaktivierung von Cookies<\/h4>\n\n\n\n<p>Sie k\u00f6nnen die Sammlung und Verwendung von Cookies deaktivieren (f\u00fcr weitere Informationen besuchen Sie die Einstellungsseite im bevorzugten Browser). Es sollte beachtet werden, dass das Deaktivieren von Cookies die Gesamtfunktionalit\u00e4t der Webressourcen beeintr\u00e4chtigen kann. Daher wird das Ausschalten von Cookies nicht empfohlen.<\/p>\n\n\n\n<p>Die M\u00f6glichkeiten zur Deaktivierung der Cookies h\u00e4ngen von den verschiedenen Browsern ab. Aus diesem Grund stellt Planet VPN eine Liste von Seiten f\u00fcr verschiedene Browser zur Verf\u00fcgung.<\/p>\n\n\n\n<ul class=\"wp-block-list\">\n<li>Chrome<br><a href=\"https:\/\/support.google.com\/chrome\/answer\/95647\">https:\/\/support.google.com\/chrome\/answer\/95647<\/a><\/li>\n\n\n\n<li>Safari<br><a href=\"https:\/\/support.apple.com\/en-gb\/guide\/safari\/manage-cookies-and-website-data-sfri11471\/mac\">https:\/\/support.apple.com\/en-gb\/guide\/safari\/manage-cookies-and-website-data-sfri11471\/mac<\/a><\/li>\n\n\n\n<li>Firefox<br><a href=\"https:\/\/support.mozilla.org\/en-US\/kb\/enable-and-disable-cookies-website-preferences\">https:\/\/support.mozilla.org\/en-US\/kb\/enable-and-disable-cookies-website-preferences<\/a><\/li>\n\n\n\n<li>Opera<br><a href=\"http:\/\/www.opera.com\/help\/tutorials\/security\/cookies\">http:\/\/www.opera.com\/help\/tutorials\/security\/cookies<\/a><\/li>\n\n\n\n<li>Internet Explorer<br><a href=\"https:\/\/support.microsoft.com\/en-gb\/help\/17442\/windows-internet-explorer-delete-manage-cookies\">https:\/\/support.microsoft.com\/en-gb\/help\/17442\/windows-internet-explorer-delete-manage-cookies<\/a><\/li>\n\n\n\n<li>Edge<br><a href=\"https:\/\/privacy.microsoft.com\/en-us\/windows-10-microsoft-edge-and-privacy\">https:\/\/privacy.microsoft.com\/en-us\/windows-10-microsoft-edge-and-privacy<\/a><\/li>\n<\/ul>\n\n\n\n<h4 class=\"wp-block-heading\">Liste der auf Planet VPN verwendeten Cookies<\/h4>\n\n\n\n<p>Hier werden die Cookies aufgelistet, die von vertrauensw\u00fcrdigen Drittanbietern gesammelt und bereitgestellt werden. Die unten aufgef\u00fchrten Cookies sind diejenigen, auf die Sie bei der Nutzung der Website sto\u00dfen werden.<\/p>\n\n\n\n<h4 class=\"wp-block-heading\">Google Analytics:<\/h4>\n\n\n\n<p>Diese Dateien geh\u00f6ren zu den verl\u00e4sslichsten, ihre Verwendung hilft bei der Analyse des gesamten Betriebs der Website und empfiehlt, wie sie optimiert werden kann. Die gesammelten Informationen umfassen die Zeit des Benutzers auf der Seite, die Gesamtzeit auf der Website und die durchgef\u00fchrten Aktionen auf der Plattform.<\/p>\n\n\n\n<p>F\u00fcr weitere Informationen zu Google Analytics besuchen Sie die&nbsp;<a href=\"https:\/\/developers.google.com\/analytics\/devguides\/collection\/analyticsjs\/cookie-usage\">Offizielle Seite.<\/a><\/p>\n\n\n\n<h4 class=\"wp-block-heading\">Matomo:<\/h4>\n\n\n\n<p>Diese Cookies geh\u00f6ren zu den vertrauensw\u00fcrdigsten und zuverl\u00e4ssigsten, ihre Verwendung hilft bei der qualitativen Analyse der Vorg\u00e4nge auf der Website und wie diese richtig f\u00fcr Kunden und Benutzer auf der Plattform optimiert werden kann. Die gesammelten Informationen umfassen die Zeit des Benutzers auf der Seite, die Gesamtzeit auf der Website und die durchgef\u00fchrten Aktionen auf der Plattform.<\/p>\n\n\n\n<p>F\u00fcr weitere Informationen zu Matomo besuchen Sie die&nbsp;<a href=\"https:\/\/matomo.org\/privacy\/\">Offizielle Seite.<\/a><\/p>\n\n\n\n<h4 class=\"wp-block-heading\">Zendesk:<\/h4>\n\n\n\n<p>Um Ihnen bei Bedarf die notwendige Unterst\u00fctzung in Online-Chats zu bieten und eine &#8220;Wissensdatenbank&#8221; zu erstellen, verwenden wir Zendesk. Zendesk kann einige Cookie-Dateien in Ihrem Browser platzieren. Sie sind als prim\u00e4re Dateien bekannt und sind entscheidend, um Sitzungsinformationen zu speichern. Zum Beispiel verwenden wir Cookies auf unseren Websites, um die Vorlieben der Besucher und Benutzer zu verstehen, ihre Erfahrung zu verbessern, die Nutzung, Navigation und andere notwendige statistische Informationen zu verfolgen und zu analysieren.<\/p>\n\n\n\n<p>Die Datenschutzrichtlinie steht zur Verf\u00fcgung&nbsp;<a href=\"https:\/\/www.zendesk.com\/company\/customers-partners\/privacy-policy\/\">Zur \u00dcberpr\u00fcfung unter.<\/a><\/p>\n\n\n\n<h4 class=\"wp-block-heading\">Sie k\u00f6nnen uns kontaktieren<\/h4>\n\n\n\n<ul class=\"wp-block-list\">\n<li>Die Nutzung unserer Webseite<br><a class=\"\" href=\"https:\/\/freevpnplanet.com\/de\/contact-us\/\">Contact details<\/a><\/li>\n\n\n\n<li>Per E-Mail verwenden<br><a href=\"mailto:support@freevpnplanet.com\">support@freevpnplanet.com<\/a><\/li>\n<\/ul>\n","protected":false},"excerpt":{"rendered":"<p>Cookie-Richtlinie Ein Cookie ist eine Datei, die einen eindeutigen Identifikator enth\u00e4lt. Dieser Identifikator wird vom Server an den Browser gesendet und danach im Datentr\u00e4ger gespeichert. Folglich wird dieser Identifikator jedes Mal an den Server \u00fcbertragen, wenn er eine Anfrage von der Serverseite zur Browserseite erh\u00e4lt. Diese Dateien sind in 2 verschiedene Kategorien unterteilt:: Der Browser&#8230;<\/p>\n","protected":false},"author":13,"featured_media":0,"parent":0,"menu_order":0,"comment_status":"closed","ping_status":"closed","template":"templates\/page_template-basic_for_gutenberg.php","meta":{"_acf_changed":false,"inline_featured_image":false,"footnotes":""},"download_by_lite_tag":[],"class_list":["post-96356","page","type-page","status-publish","hentry"],"yoast_head":"<!-- This site is optimized with the Yoast SEO plugin v22.6 - https:\/\/yoast.com\/wordpress\/plugins\/seo\/ -->\n<title>Cookie-Richtlinie - Planet VPN<\/title>\n<meta name=\"description\" content=\"Unsere Cookie-Regeln: welche Cookies wir verwenden, um Spitzenleistungen zu erbringen. Keine Sorge: alle Daten \u00fcber die Nutzung des Dienstes sind anonym.\" \/>\n<meta name=\"robots\" content=\"index, follow, max-snippet:-1, max-image-preview:large, max-video-preview:-1\" \/>\n<link rel=\"canonical\" href=\"https:\/\/freevpnplanet.com\/de\/cookies\/\" \/>\n<meta property=\"og:locale\" content=\"de_DE\" \/>\n<meta property=\"og:type\" content=\"article\" \/>\n<meta property=\"og:title\" content=\"Cookie-Richtlinie - Planet VPN\" \/>\n<meta property=\"og:description\" content=\"Unsere Cookie-Regeln: welche Cookies wir verwenden, um Spitzenleistungen zu erbringen. Keine Sorge: alle Daten \u00fcber die Nutzung des Dienstes sind anonym.\" \/>\n<meta property=\"og:url\" content=\"https:\/\/freevpnplanet.com\/de\/cookies\/\" \/>\n<meta property=\"og:site_name\" content=\"Planet VPN\" \/>\n<meta property=\"article:modified_time\" content=\"2024-09-11T13:03:26+00:00\" \/>\n<meta name=\"twitter:card\" content=\"summary_large_image\" \/>\n<meta name=\"twitter:label1\" content=\"Est. reading time\" \/>\n\t<meta name=\"twitter:data1\" content=\"3 minutes\" \/>\n<script type=\"application\/ld+json\" class=\"yoast-schema-graph\">{\"@context\":\"https:\/\/schema.org\",\"@graph\":[{\"@type\":\"WebPage\",\"@id\":\"https:\/\/freevpnplanet.com\/de\/cookies\/\",\"url\":\"https:\/\/freevpnplanet.com\/de\/cookies\/\",\"name\":\"Cookie-Richtlinie - Planet VPN\",\"isPartOf\":{\"@id\":\"https:\/\/freevpnplanet.com\/de\/#website\"},\"datePublished\":\"2024-07-01T07:13:33+00:00\",\"dateModified\":\"2024-09-11T13:03:26+00:00\",\"description\":\"Unsere Cookie-Regeln: welche Cookies wir verwenden, um Spitzenleistungen zu erbringen. Keine Sorge: alle Daten \u00fcber die Nutzung des Dienstes sind anonym.\",\"breadcrumb\":{\"@id\":\"https:\/\/freevpnplanet.com\/de\/cookies\/#breadcrumb\"},\"inLanguage\":\"de\",\"potentialAction\":[{\"@type\":\"ReadAction\",\"target\":[\"https:\/\/freevpnplanet.com\/de\/cookies\/\"]}]},{\"@type\":\"BreadcrumbList\",\"@id\":\"https:\/\/freevpnplanet.com\/de\/cookies\/#breadcrumb\",\"itemListElement\":[{\"@type\":\"ListItem\",\"position\":1,\"name\":\"Home\",\"item\":\"https:\/\/freevpnplanet.com\/de\/\"},{\"@type\":\"ListItem\",\"position\":2,\"name\":\"Cookies\"}]},{\"@type\":\"WebSite\",\"@id\":\"https:\/\/freevpnplanet.com\/de\/#website\",\"url\":\"https:\/\/freevpnplanet.com\/de\/\",\"name\":\"Planet VPN \ud83d\udee1\ufe0f\ud83c\udf10 Free VPN\",\"description\":\"Free VPN\",\"potentialAction\":[{\"@type\":\"SearchAction\",\"target\":{\"@type\":\"EntryPoint\",\"urlTemplate\":\"https:\/\/freevpnplanet.com\/de\/?s={search_term_string}\"},\"query-input\":\"required name=search_term_string\"}],\"inLanguage\":\"de\",\"publisher\":{\"@id\":\"https:\/\/freevpnplanet.com\/de\/#organization\"}},{\"@context\":\"https:\/\/schema.org\/\",\"@type\":\"SoftwareApplication\",\"name\":\"Planet VPN \ud83d\udee1\ufe0f\ud83c\udf10 Free VPN\",\"operatingSystem\":\"Windows, macOS, iOS, Android, Linux, Chrome\",\"applicationCategory\":\"SecurityApplication\",\"offers\":{\"@type\":\"AggregateOffer\",\"priceCurrency\":\"USD\",\"price\":\"0\",\"lowPrice\":\"0\",\"availability\":\"https:\/\/schema.org\/InStock\"},\"aggregateRating\":{\"@type\":\"AggregateRating\",\"ratingValue\":\"4.8\",\"bestRating\":\"5\",\"ratingCount\":\"12476\"}},{\"@type\":\"Organization\",\"@id\":\"https:\/\/freevpnplanet.com\/de\/#organization\",\"url\":\"https:\/\/freevpnplanet.com\/de\/\",\"name\":\"Planet VPN \ud83d\udee1\ufe0f\ud83c\udf10 Free VPN\"}]}<\/script>\n<!-- \/ Yoast SEO plugin. -->","yoast_head_json":{"title":"Cookie-Richtlinie - Planet VPN","description":"Unsere Cookie-Regeln: welche Cookies wir verwenden, um Spitzenleistungen zu erbringen. Keine Sorge: alle Daten \u00fcber die Nutzung des Dienstes sind anonym.","robots":{"index":"index","follow":"follow","max-snippet":"max-snippet:-1","max-image-preview":"max-image-preview:large","max-video-preview":"max-video-preview:-1"},"canonical":"https:\/\/freevpnplanet.com\/de\/cookies\/","og_locale":"de_DE","og_type":"article","og_title":"Cookie-Richtlinie - Planet VPN","og_description":"Unsere Cookie-Regeln: welche Cookies wir verwenden, um Spitzenleistungen zu erbringen. Keine Sorge: alle Daten \u00fcber die Nutzung des Dienstes sind anonym.","og_url":"https:\/\/freevpnplanet.com\/de\/cookies\/","og_site_name":"Planet VPN","article_modified_time":"2024-09-11T13:03:26+00:00","twitter_card":"summary_large_image","twitter_misc":{"Est. reading time":"3 minutes"},"schema":{"@context":"https:\/\/schema.org","@graph":[{"@type":"WebPage","@id":"https:\/\/freevpnplanet.com\/de\/cookies\/","url":"https:\/\/freevpnplanet.com\/de\/cookies\/","name":"Cookie-Richtlinie - Planet VPN","isPartOf":{"@id":"https:\/\/freevpnplanet.com\/de\/#website"},"datePublished":"2024-07-01T07:13:33+00:00","dateModified":"2024-09-11T13:03:26+00:00","description":"Unsere Cookie-Regeln: welche Cookies wir verwenden, um Spitzenleistungen zu erbringen. Keine Sorge: alle Daten \u00fcber die Nutzung des Dienstes sind anonym.","breadcrumb":{"@id":"https:\/\/freevpnplanet.com\/de\/cookies\/#breadcrumb"},"inLanguage":"de","potentialAction":[{"@type":"ReadAction","target":["https:\/\/freevpnplanet.com\/de\/cookies\/"]}]},{"@type":"BreadcrumbList","@id":"https:\/\/freevpnplanet.com\/de\/cookies\/#breadcrumb","itemListElement":[{"@type":"ListItem","position":1,"name":"Home","item":"https:\/\/freevpnplanet.com\/de\/"},{"@type":"ListItem","position":2,"name":"Cookies"}]},{"@type":"WebSite","@id":"https:\/\/freevpnplanet.com\/de\/#website","url":"https:\/\/freevpnplanet.com\/de\/","name":"Planet VPN \ud83d\udee1\ufe0f\ud83c\udf10 Free VPN","description":"Free VPN","potentialAction":[{"@type":"SearchAction","target":{"@type":"EntryPoint","urlTemplate":"https:\/\/freevpnplanet.com\/de\/?s={search_term_string}"},"query-input":"required name=search_term_string"}],"inLanguage":"de","publisher":{"@id":"https:\/\/freevpnplanet.com\/de\/#organization"}},{"@context":"https:\/\/schema.org\/","@type":"SoftwareApplication","name":"Planet VPN \ud83d\udee1\ufe0f\ud83c\udf10 Free VPN","operatingSystem":"Windows, macOS, iOS, Android, Linux, Chrome","applicationCategory":"SecurityApplication","offers":{"@type":"AggregateOffer","priceCurrency":"USD","price":"0","lowPrice":"0","availability":"https:\/\/schema.org\/InStock"},"aggregateRating":{"@type":"AggregateRating","ratingValue":"4.8","bestRating":"5","ratingCount":"12476"}},{"@type":"Organization","@id":"https:\/\/freevpnplanet.com\/de\/#organization","url":"https:\/\/freevpnplanet.com\/de\/","name":"Planet VPN \ud83d\udee1\ufe0f\ud83c\udf10 Free VPN"}]}},"acf":[],"_links":{"self":[{"href":"https:\/\/freevpnplanet.com\/de\/wp-json\/wp\/v2\/pages\/96356","targetHints":{"allow":["GET"]}}],"collection":[{"href":"https:\/\/freevpnplanet.com\/de\/wp-json\/wp\/v2\/pages"}],"about":[{"href":"https:\/\/freevpnplanet.com\/de\/wp-json\/wp\/v2\/types\/page"}],"author":[{"embeddable":true,"href":"https:\/\/freevpnplanet.com\/de\/wp-json\/wp\/v2\/users\/13"}],"replies":[{"embeddable":true,"href":"https:\/\/freevpnplanet.com\/de\/wp-json\/wp\/v2\/comments?post=96356"}],"version-history":[{"count":0,"href":"https:\/\/freevpnplanet.com\/de\/wp-json\/wp\/v2\/pages\/96356\/revisions"}],"wp:attachment":[{"href":"https:\/\/freevpnplanet.com\/de\/wp-json\/wp\/v2\/media?parent=96356"}],"wp:term":[{"taxonomy":"download_by_lite_tag","embeddable":true,"href":"https:\/\/freevpnplanet.com\/de\/wp-json\/wp\/v2\/download_by_lite_tag?post=96356"}],"curies":[{"name":"wp","href":"https:\/\/api.w.org\/{rel}","templated":true}]}}