{"id":97297,"date":"2024-06-13T13:55:50","date_gmt":"2024-06-13T10:55:50","guid":{"rendered":"https:\/\/help.freeplanetvpn.com\/policy\/"},"modified":"2025-11-07T14:59:44","modified_gmt":"2025-11-07T11:59:44","slug":"policy","status":"publish","type":"page","link":"https:\/\/freevpnplanet.com\/de\/policy\/","title":{"rendered":"Datenschutz"},"content":{"rendered":"\n<section style=\"padding-top:0;padding-bottom:0;padding-left:0;padding-right:0;margin-top:0;margin-bottom:0;margin-left:0;margin-right:0;\" class=\"section custom-blocks-section     alignfull wp-block-gutenberg-custom-blocks-section\">\n        <div class=\"container\">\n        \n\n<h1 class=\"wp-block-heading\">Datenschutzerkl\u00e4rung<\/h1>\n\n\n\n<p class=\"\">FREE PLANET VPN S.R.L. (im Folgenden als \u201eUnternehmen\u201c, \u201ewir\u201c oder \u201eunser\u201c bezeichnet) ist Eigent\u00fcmer und Betreiber des unter dem Markennamen FREE PLANET VPN bekannten VPN-Dienstes (im Folgenden als \u201eFREE PLANET VPN\u201c oder \u201eder Dienst\u201c bezeichnet).<\/p>\n\n\n\n<p style=\"margin-top:0;margin-bottom:0\" class=\"\">Im Folgenden kann der Begriff \u201eFREE PLANET VPN\u201c aus Gr\u00fcnden der Klarheit und Einheitlichkeit entweder die Marke oder das Unternehmen, das den Dienst betreibt, bezeichnen.<\/p>\n\n\n\n<h3 class=\"wp-block-heading title title--h4\">Datum des Inkrafttretens:<\/h3>\n\n\n\n<p class=\"\">Bei FREE PLANET VPN wird der Datenschutz als ein Grundprinzip aller Dienste und Aktivit\u00e4ten betrachtet. Diese Datenschutzrichtlinie beschreibt die Praktiken von FREE PLANET VPN hinsichtlich des Umgangs mit Informationen, wenn Benutzer auf die Websites von FREE PLANET VPN (freeplanetvpn.com und die zugeh\u00f6rigen Domains), Anwendungen und damit verbundene Dienste (zusammenfassend als \u201eDienste\u201c bezeichnet) zugreifen.<\/p>\n\n\n\n<p class=\"\">Das zugrunde liegende Prinzip dieses Ansatzes ist einfach: Die Datenerfassung beschr\u00e4nkt sich auf das Minimum, das f\u00fcr den sicheren und effizienten Betrieb von FREE PLANET VPN erforderlich ist. Die Weitergabe personenbezogener Daten an Dritte ist keine Praxis dieser Organisation. Dar\u00fcber hinaus ist die Verwendung dieser Daten streng auf die Erbringung der hier beschriebenen Dienste beschr\u00e4nkt.<\/p>\n\n\n\n<p style=\"margin-top:0;margin-bottom:0\" class=\"\">Durch den Zugriff auf oder die Nutzung von FREE PLANET VPN best\u00e4tigen Sie ausdr\u00fccklich, dass Sie diese Datenschutzerkl\u00e4rung gelesen und verstanden haben und ihr zustimmen. Sollten Sie mit einer der hierin enthaltenen Bestimmungen nicht einverstanden sein, werden Sie hiermit aufgefordert, die Nutzung unserer Dienste unverz\u00fcglich einzustellen.<\/p>\n\n\n\n<h3 class=\"wp-block-heading\">1. Von uns erfasste Daten<\/h3>\n\n\n\n<p class=\"\">FREE PLANET VPN arbeitet nach einer strengen Null-Protokollierungsrichtlinie, was bedeutet, dass keine Aufzeichnungen \u00fcber die Aktivit\u00e4ten der Nutzer gespeichert werden. Dementsprechend erfolgt keine Verfolgung oder Speicherung von Aktivit\u00e4tsprotokollen, einschlie\u00dflich Browserverlauf, Verkehrsdaten, Inhalten oder DNS-Abfragen. Um jedoch die ordnungsgem\u00e4\u00dfe Funktion und Betriebsintegrit\u00e4t der Dienste zu gew\u00e4hrleisten, kann es in begrenzten F\u00e4llen vorkommen, dass bestimmte Kategorien von Daten erfasst werden.<\/p>\n\n\n\n<h4 class=\"wp-block-heading\">a) Technische und Nutzungsinformationen (anonyme Erfassung)<\/h4>\n\n\n\n<ul class=\"wp-block-list\">\n<li><strong>VPN-Verbindungsstatus (erfolgreich oder fehlgeschlagen).<\/strong><\/li>\n\n\n\n<li><strong>Der Standort des VPN-Servers, mit dem Sie sich verbinden.<\/strong><\/li>\n\n\n\n<li><strong>Allgemeiner Standort (nur Land) und Ihr Internetdienstanbieter.<\/strong><\/li>\n\n\n\n<li><strong>Ger\u00e4tedetails wie Modell, Betriebssystemversion, App-Version.<\/strong><\/li>\n\n\n\n<li><strong>Diagnose- und Leistungsdaten (z. B. Geschwindigkeitstests, Absturz-\/Fehlerberichte).<\/strong><\/li>\n<\/ul>\n\n\n\n<h5 class=\"wp-block-heading\">Wichtig:<\/h5>\n\n\n\n<p class=\"\">Alle diese Daten werden sofort nach der Erfassung anonymisiert und k\u00f6nnen nicht mit einem einzelnen Benutzer oder einer bestimmten VPN-Sitzung in Verbindung gebracht werden.<\/p>\n\n\n\n<h4 class=\"wp-block-heading\">b) Optionale Kontodaten<\/h4>\n\n\n\n<p style=\"margin-top:0;margin-bottom:0\" class=\"\">Die Erstellung eines Kontos ist f\u00fcr die Nutzung von FREE PLANET VPN nicht zwingend erforderlich. Wenn Sie sich jedoch daf\u00fcr entscheiden, k\u00f6nnen wir Sie um die Angabe einer E-Mail-Adresse bitten. Diese Informationen werden f\u00fcr folgende Zwecke verwendet:<\/p>\n\n\n\n<ul class=\"wp-block-list\">\n<li><strong>Kontoanmeldung und -wiederherstellung.<\/strong><\/li>\n\n\n\n<li><strong>Verwaltung des Abonnements.<\/strong><\/li>\n\n\n\n<li><strong>Kundensupport.<\/strong><\/li>\n\n\n\n<li><strong>Servicebenachrichtigungen oder optionale Marketing-Updates (Sie k\u00f6nnen sich jederzeit abmelden).<\/strong><\/li>\n<\/ul>\n\n\n\n<h4 class=\"wp-block-heading\">c) Abonnement- und Zahlungsdaten<\/h4>\n\n\n\n<p style=\"margin-top:0;margin-bottom:0\" class=\"\">Wenn Sie ein kostenpflichtiges FREE PLANET VPN-Abonnement abschlie\u00dfen, erfassen wir m\u00f6glicherweise bestimmte begrenzte Informationen, darunter unter anderem:<\/p>\n\n\n\n<ul class=\"wp-block-list\">\n<li><strong>Ihre E-Mail-Adresse, Ihr Abonnement und Ihren Zahlungsstatus.<\/strong><\/li>\n\n\n\n<li><strong>Transaktionsbezogene Informationen (z. B. W\u00e4hrung, Verl\u00e4ngerungsstatus, Rechnungs-ID).<\/strong><\/li>\n<\/ul>\n\n\n\n<p style=\"margin-top:0;margin-bottom:0\" class=\"\">Es ist wichtig zu wissen, dass FREE PLANET VPN keine Zahlungskartendaten verarbeitet oder speichert. Alle Finanztransaktionen werden sicher von vertrauensw\u00fcrdigen Drittanbietern wie Stripe, Airwallex, Payssion und v5pay abgewickelt.<\/p>\n\n\n\n<h4 class=\"wp-block-heading\">d) Cookies und vergleichbare Technologien<\/h4>\n\n\n\n<p style=\"margin-top:0;margin-bottom:0\" class=\"\">Unsere Websites k\u00f6nnen Cookies f\u00fcr folgende Zwecke verwenden:<\/p>\n\n\n\n<ul class=\"wp-block-list\">\n<li><strong>Speichern Ihrer Einstellungen und Pr\u00e4ferenzen.<\/strong><\/li>\n\n\n\n<li><strong>Verbesserung der Leistung und Navigation.<\/strong><\/li>\n\n\n\n<li><strong>Unterst\u00fctzung von Analysen und wesentlichen Funktionen.<\/strong><\/li>\n<\/ul>\n\n\n\n<p style=\"margin-top:0;margin-bottom:0\" class=\"\">Weitere Informationen finden Sie in unserer [Cookie-Richtlinie].<\/p>\n\n\n\n<h4 class=\"wp-block-heading\">e) Kommunikationsdaten<\/h4>\n\n\n\n<p style=\"margin-top:0;margin-bottom:0\" class=\"\">Falls die oben genannte Partei mit uns Kontakt aufnimmt, erfassen wir m\u00f6glicherweise den Namen, die E-Mail-Adresse und den Inhalt der Nachricht. Diese Informationen werden ausschlie\u00dflich zum Zweck der Beantwortung und Unterst\u00fctzung verwendet.<\/p>\n\n\n\n<h3 class=\"wp-block-heading\">2. Verwendung der erfassten Daten<\/h3>\n\n\n\n<p style=\"margin-bottom:0\" class=\"\">Wir verarbeiten die erfassten Informationen ausschlie\u00dflich f\u00fcr die folgenden Zwecke:<\/p>\n\n\n\n<ul class=\"wp-block-list\">\n<li><strong>Sicherheit und Authentifizierung<\/strong> \u2013 \u00dcberpr\u00fcfung des Abonnementstatus, Verhinderung von Betrug, Blockierung von Missbrauch.<\/li>\n\n\n\n<li><strong>Diagnose und Optimierung<\/strong> \u2013 \u00dcberwachung der Leistung, Behebung von Fehlern und Verbesserung der App-Stabilit\u00e4t.<\/li>\n\n\n\n<li><strong>Kundensupport<\/strong> \u2013 Beantwortung von Anfragen, L\u00f6sung von Problemen und Bereitstellung relevanter Updates.<\/li>\n\n\n\n<li><strong>Forschung und Entwicklung<\/strong> \u2013 Analyse anonymisierter Trends zur Entwicklung besserer Funktionen und neuer Dienste.<\/li>\n\n\n\n<li><strong>Einhaltung gesetzlicher Vorschriften<\/strong> \u2013 Erf\u00fcllung gesetzlicher Anforderungen, Verhinderung von Missbrauch und Sicherstellung der rechtm\u00e4\u00dfigen Nutzung.<\/li>\n<\/ul>\n\n\n\n<p style=\"margin-bottom:0\" class=\"\">Die Verwendung der gesammelten Daten zum Zwecke der Erstellung von Nutzerprofilen oder der \u00dcberwachung von Browsing-Aktivit\u00e4ten ist von unserem Unternehmen strengstens untersagt.<\/p>\n\n\n\n<h3 class=\"wp-block-heading\">3. Weitergabe und \u00dcbertragung von Daten<\/h3>\n\n\n\n<p style=\"margin-bottom:0\" class=\"\">FREE PLANET VPN verkauft oder vermietet keine personenbezogenen Daten. Unter bestimmten Umst\u00e4nden kann jedoch die Weitergabe begrenzter Daten zul\u00e4ssig sein.<\/p>\n\n\n\n<ul class=\"wp-block-list\">\n<li><strong>Dienstleister<\/strong>: Um die nahtlose Bereitstellung und kontinuierliche Wartung unserer Dienste zu gew\u00e4hrleisten, arbeiten wir mit vertrauensw\u00fcrdigen Drittanbietern zusammen, darunter Zahlungsabwickler, Analyseanbieter und Support-Plattformen.<\/li>\n\n\n\n<li><strong>Aggregierte oder anonyme Berichte:<\/strong> Anonyme statistische Daten k\u00f6nnen in einer Weise weitergegeben werden, die die vollst\u00e4ndige Anonymit\u00e4t von Personen gew\u00e4hrleistet.<\/li>\n\n\n\n<li><strong>Unternehmens\u00fcbertragungen<\/strong>: Im Falle einer Fusion, \u00dcbernahme oder Unternehmensumstrukturierung k\u00f6nnen relevante Daten unter strengen Datenschutzvorkehrungen \u00fcbertragen werden.<\/li>\n\n\n\n<li><strong>Rechtliche Anfragen<\/strong>: Wenn die Offenlegung begrenzter Daten nach geltendem Recht erforderlich oder zum Schutz der Sicherheit der Nutzer notwendig ist, kann diese Offenlegung in \u00dcbereinstimmung mit den gesetzlichen Verpflichtungen erfolgen.<\/li>\n<\/ul>\n\n\n\n<p style=\"margin-bottom:0\" class=\"\">Es ist zu beachten, dass Daten au\u00dferhalb des Wohnsitzlandes der Person verarbeitet werden k\u00f6nnen. In solchen F\u00e4llen implementiert FREE PLANET VPN geeignete Sicherheitsvorkehrungen, um die Vertraulichkeit, Integrit\u00e4t und Verf\u00fcgbarkeit der Informationen der Nutzer zu gew\u00e4hrleisten.<\/p>\n\n\n\n<h3 class=\"wp-block-heading\">4. Datenschutz<\/h3>\n\n\n\n<p style=\"margin-bottom:0\" class=\"\">Es wird ein strenges Protokoll implementiert, um die Sicherheit aller gesammelten Daten zu gew\u00e4hrleisten, einschlie\u00dflich der folgenden Ma\u00dfnahmen:<\/p>\n\n\n\n<ul class=\"wp-block-list\">\n<li><strong>Verschl\u00fcsselung und Zugriffskontrollen<\/strong> zum Schutz der Datenintegrit\u00e4t und Vertraulichkeit.<\/li>\n\n\n\n<li><strong>Isolierte Speichersysteme<\/strong> mit eingeschr\u00e4nktem Zugriff, um unbefugten Zugriff zu verhindern.<\/li>\n\n\n\n<li><strong>Regelm\u00e4\u00dfige Audits und kontinuierliche \u00dcberwachung<\/strong> zur Erkennung und Minderung potenzieller Sicherheitsrisiken.<\/li>\n<\/ul>\n\n\n\n<p style=\"margin-bottom:0\" class=\"\">Der Zugriff auf Daten ist streng auf autorisiertes Personal beschr\u00e4nkt, das diese Daten ben\u00f6tigt. Im Falle einer Sicherheitsverletzung werden die betroffenen Nutzer und die zust\u00e4ndigen Aufsichtsbeh\u00f6rden unverz\u00fcglich gem\u00e4\u00df den geltenden Gesetzen benachrichtigt.<\/p>\n\n\n\n<h3 class=\"wp-block-heading\">5. Aufbewahrung und L\u00f6schung von Daten<\/h3>\n\n\n\n<p style=\"margin-bottom:0\" class=\"\">Benutzerdaten werden nur so lange aufbewahrt, wie es f\u00fcr die Erbringung der hier beschriebenen Dienste erforderlich ist. Nach Ablauf dieser Frist werden alle Informationen sicher gel\u00f6scht oder anonymisiert.<\/p>\n\n\n\n<ul class=\"wp-block-list\">\n<li>Im Falle der L\u00f6schung eines Benutzerkontos werden auch alle damit verbundenen Daten gel\u00f6scht, es sei denn, die Aufbewahrung ist nach geltendem Recht erforderlich (einschlie\u00dflich, aber nicht beschr\u00e4nkt auf steuerliche, buchhalterische oder beh\u00f6rdliche Compliance-Verpflichtungen).<\/li>\n\n\n\n<li>In F\u00e4llen, in denen eine sofortige L\u00f6schung nicht m\u00f6glich ist, z. B. w\u00e4hrend Sicherungs- oder Archivierungsvorg\u00e4ngen, werden die Daten sicher isoliert und aufbewahrt, bis eine Methode zur vollst\u00e4ndigen und sicheren Entfernung durchgef\u00fchrt werden kann.<\/li>\n<\/ul>\n\n\n\n<h3 class=\"wp-block-heading\">6. Von uns genutzte Dienste von Drittanbietern<\/h3>\n\n\n\n<p style=\"margin-bottom:0\" class=\"\">Um die Sicherheit und Zuverl\u00e4ssigkeit von FREE PLANET VPN zu gew\u00e4hrleisten, arbeiten wir mit sorgf\u00e4ltig ausgew\u00e4hlten Drittanbietern zusammen, darunter unter anderem:<\/p>\n\n\n\n<ul class=\"wp-block-list\">\n<li><strong>Google Firebase<\/strong> \u2013 Absturzberichte und Diagnosen.<\/li>\n\n\n\n<li><strong>Adjust <\/strong>\u2013 App-Analysen und Leistungs\u00fcberwachung.<\/li>\n\n\n\n<li><strong>Zendesk <\/strong>\u2013 Kundensupportsystem.<\/li>\n\n\n\n<li><strong>Stripe, Airwallex, Payssion, v5pay<\/strong> \u2013 Zahlungsabwicklung.<\/li>\n\n\n\n<li><strong>Forter, Rebilly <\/strong>\u2013 Betrugserkennung und Risikomanagement.<\/li>\n\n\n\n<li><strong>Admob, Liftoff, InMobi, Unity, Bigo Ads<\/strong> \u2013 Werbepartner (f\u00fcr die kostenlose VPN-Version).<\/li>\n<\/ul>\n\n\n\n<p style=\"margin-bottom:0\" class=\"\">Diese Partner k\u00f6nnen Cookies oder vergleichbare Technologien verwenden. Sie erhalten keine FREE PLANET VPN-Verkehrsprotokolle oder sensible personenbezogene Identifikatoren.<\/p>\n\n\n\n<h3 class=\"wp-block-heading\">7. Nutzerrechte<\/h3>\n\n\n\n<p style=\"margin-bottom:0\" class=\"\">Vorbehaltlich der in Ihrer Region geltenden Gesetze haben Sie m\u00f6glicherweise bestimmte Rechte in Bezug auf Ihre personenbezogenen Daten:<\/p>\n\n\n\n<ul class=\"wp-block-list\">\n<li><strong>Zugriff <\/strong>\u2013 Anforderung einer Kopie der Daten, die wir \u00fcber Sie gespeichert haben.<\/li>\n\n\n\n<li><strong>Korrektur <\/strong>\u2013 Aktualisierung oder Korrektur unrichtiger Informationen.<\/li>\n\n\n\n<li><strong>L\u00f6schung <\/strong>\u2013 Anforderung der dauerhaften L\u00f6schung Ihres Kontos und der damit verbundenen Daten.<\/li>\n\n\n\n<li><strong>Einschr\u00e4nkung\/Widerspruch<\/strong> \u2013 Einschr\u00e4nkung oder Widerspruch gegen bestimmte Verarbeitungen.<\/li>\n\n\n\n<li><strong>Widerruf der Einwilligung<\/strong> \u2013 Beenden Sie den Erhalt von Marketingmitteilungen oder widerrufen Sie optionale Datennutzungen.<\/li>\n<\/ul>\n\n\n\n<h5 class=\"wp-block-heading\">F\u00fcr Nutzer im EWR\/Vereinigten K\u00f6nigreich (DSGVO):<\/h5>\n\n\n\n<p style=\"margin-bottom:0\" class=\"\">Sie k\u00f6nnen Ihre Rechte jederzeit aus\u00fcben. Zur Bearbeitung solcher Anfragen kann eine Identit\u00e4tspr\u00fcfung erforderlich sein.<\/p>\n\n\n\n<h5 class=\"wp-block-heading\">F\u00fcr Nutzer in Kalifornien (CCPA):<\/h5>\n\n\n\n<p style=\"margin-bottom:0\" class=\"\">Sie k\u00f6nnen Informationen \u00fcber die von uns erfassten oder offengelegten personenbezogenen Daten anfordern. FREE PLANET VPN verkauft unter keinen Umst\u00e4nden personenbezogene Daten.<\/p>\n\n\n\n<h3 class=\"wp-block-heading\">8. Datenschutz f\u00fcr Minderj\u00e4hrige<\/h3>\n\n\n\n<p class=\"\">FREE PLANET VPN ist nicht f\u00fcr Personen unter 13 Jahren oder unter dem gesetzlichen Mindestalter im Wohnsitzland des Nutzers bestimmt. Wir erfassen wissentlich keine personenbezogenen Daten von Kindern.<\/p>\n\n\n\n<p style=\"margin-bottom:0\" class=\"\">Falls Eltern oder Erziehungsberechtigte der Meinung sind, dass ihr Kind uns personenbezogene Daten zur Verf\u00fcgung gestellt hat, werden sie gebeten, sich umgehend mit uns in Verbindung zu setzen. Diese Daten werden nach Erhalt der Anfrage sicher gel\u00f6scht.<\/p>\n\n\n\n<h3 class=\"wp-block-heading\">9. \u00c4nderungen dieser Datenschutzerkl\u00e4rung<\/h3>\n\n\n\n<p class=\"\">Diese Erkl\u00e4rung kann von Zeit zu Zeit aktualisiert werden, um \u00c4nderungen der geltenden Gesetze, technologischen Entwicklungen oder \u00c4nderungen der angebotenen Dienste Rechnung zu tragen. Das \u201eDatum des Inkrafttretens\u201d gibt immer die aktuellste Version an.<\/p>\n\n\n\n<p style=\"margin-bottom:0\" class=\"\">Die Nutzer werden \u00fcber alle wesentlichen Aktualisierungen \u00fcber die Anwendungen und Websites des Unternehmens oder per E-Mail informiert.<\/p>\n\n\n\n<h3 class=\"wp-block-heading\">10. Kontakt<\/h3>\n\n\n\n<p class=\"\">Bei Fragen, Bedenken oder Anfragen zu dieser Datenschutzerkl\u00e4rung wenden Sie sich bitte an die zust\u00e4ndige Abteilung unter den unten angegebenen Kontaktdaten: <a href=\"mailto:support@freevpnplanet.com\" target=\"_blank\" rel=\"noreferrer noopener\">support@freevpnplanet.com<\/a><\/p>\n\n    <\/div>\n<\/section>\n","protected":false},"excerpt":{"rendered":"","protected":false},"author":13,"featured_media":0,"parent":0,"menu_order":0,"comment_status":"closed","ping_status":"closed","template":"templates\/page-policy.php","meta":{"_acf_changed":false,"inline_featured_image":false,"footnotes":""},"download_by_lite_tag":[],"class_list":["post-97297","page","type-page","status-publish","hentry"],"yoast_head":"<!-- This site is optimized with the Yoast SEO plugin v22.6 - https:\/\/yoast.com\/wordpress\/plugins\/seo\/ -->\n<title>Datenschutzrichtlinie - Planet VPN<\/title>\n<meta name=\"description\" content=\"Planet VPN verpflichtet sich, Ihre Privatsph\u00e4re zu sch\u00fctzen. In dieser Datenschutzerkl\u00e4rung informieren wir Sie dar\u00fcber, wie Ihre Daten verarbeitet werden.\" \/>\n<meta name=\"robots\" content=\"index, follow, max-snippet:-1, max-image-preview:large, max-video-preview:-1\" \/>\n<link rel=\"canonical\" href=\"https:\/\/freevpnplanet.com\/de\/policy\/\" \/>\n<meta property=\"og:locale\" content=\"de_DE\" \/>\n<meta property=\"og:type\" content=\"article\" \/>\n<meta property=\"og:title\" content=\"Datenschutzrichtlinie - Planet VPN\" \/>\n<meta property=\"og:description\" content=\"Planet VPN verpflichtet sich, Ihre Privatsph\u00e4re zu sch\u00fctzen. In dieser Datenschutzerkl\u00e4rung informieren wir Sie dar\u00fcber, wie Ihre Daten verarbeitet werden.\" \/>\n<meta property=\"og:url\" content=\"https:\/\/freevpnplanet.com\/de\/policy\/\" \/>\n<meta property=\"og:site_name\" content=\"Planet VPN\" \/>\n<meta property=\"article:modified_time\" content=\"2025-11-07T11:59:44+00:00\" \/>\n<meta name=\"twitter:card\" content=\"summary_large_image\" \/>\n<meta name=\"twitter:label1\" content=\"Est. reading time\" \/>\n\t<meta name=\"twitter:data1\" content=\"6 minutes\" \/>\n<script type=\"application\/ld+json\" class=\"yoast-schema-graph\">{\"@context\":\"https:\/\/schema.org\",\"@graph\":[{\"@type\":\"WebPage\",\"@id\":\"https:\/\/freevpnplanet.com\/de\/policy\/\",\"url\":\"https:\/\/freevpnplanet.com\/de\/policy\/\",\"name\":\"Datenschutzrichtlinie - Planet VPN\",\"isPartOf\":{\"@id\":\"https:\/\/freevpnplanet.com\/de\/#website\"},\"datePublished\":\"2024-06-13T10:55:50+00:00\",\"dateModified\":\"2025-11-07T11:59:44+00:00\",\"description\":\"Planet VPN verpflichtet sich, Ihre Privatsph\u00e4re zu sch\u00fctzen. In dieser Datenschutzerkl\u00e4rung informieren wir Sie dar\u00fcber, wie Ihre Daten verarbeitet werden.\",\"breadcrumb\":{\"@id\":\"https:\/\/freevpnplanet.com\/de\/policy\/#breadcrumb\"},\"inLanguage\":\"de\",\"potentialAction\":[{\"@type\":\"ReadAction\",\"target\":[\"https:\/\/freevpnplanet.com\/de\/policy\/\"]}]},{\"@type\":\"BreadcrumbList\",\"@id\":\"https:\/\/freevpnplanet.com\/de\/policy\/#breadcrumb\",\"itemListElement\":[{\"@type\":\"ListItem\",\"position\":1,\"name\":\"Home\",\"item\":\"https:\/\/freevpnplanet.com\/de\/\"},{\"@type\":\"ListItem\",\"position\":2,\"name\":\"Datenschutz\"}]},{\"@type\":\"WebSite\",\"@id\":\"https:\/\/freevpnplanet.com\/de\/#website\",\"url\":\"https:\/\/freevpnplanet.com\/de\/\",\"name\":\"Planet VPN \ud83d\udee1\ufe0f\ud83c\udf10 Free VPN\",\"description\":\"Free VPN\",\"potentialAction\":[{\"@type\":\"SearchAction\",\"target\":{\"@type\":\"EntryPoint\",\"urlTemplate\":\"https:\/\/freevpnplanet.com\/de\/?s={search_term_string}\"},\"query-input\":\"required name=search_term_string\"}],\"inLanguage\":\"de\",\"publisher\":{\"@id\":\"https:\/\/freevpnplanet.com\/de\/#organization\"}},{\"@context\":\"https:\/\/schema.org\/\",\"@type\":\"SoftwareApplication\",\"name\":\"Planet VPN \ud83d\udee1\ufe0f\ud83c\udf10 Free VPN\",\"operatingSystem\":\"Windows, macOS, iOS, Android, Linux, Chrome\",\"applicationCategory\":\"SecurityApplication\",\"offers\":{\"@type\":\"AggregateOffer\",\"priceCurrency\":\"USD\",\"price\":\"0\",\"lowPrice\":\"0\",\"availability\":\"https:\/\/schema.org\/InStock\"},\"aggregateRating\":{\"@type\":\"AggregateRating\",\"ratingValue\":\"4.8\",\"bestRating\":\"5\",\"ratingCount\":\"12476\"}},{\"@type\":\"Organization\",\"@id\":\"https:\/\/freevpnplanet.com\/de\/#organization\",\"url\":\"https:\/\/freevpnplanet.com\/de\/\",\"name\":\"Planet VPN \ud83d\udee1\ufe0f\ud83c\udf10 Free VPN\"}]}<\/script>\n<!-- \/ Yoast SEO plugin. -->","yoast_head_json":{"title":"Datenschutzrichtlinie - Planet VPN","description":"Planet VPN verpflichtet sich, Ihre Privatsph\u00e4re zu sch\u00fctzen. In dieser Datenschutzerkl\u00e4rung informieren wir Sie dar\u00fcber, wie Ihre Daten verarbeitet werden.","robots":{"index":"index","follow":"follow","max-snippet":"max-snippet:-1","max-image-preview":"max-image-preview:large","max-video-preview":"max-video-preview:-1"},"canonical":"https:\/\/freevpnplanet.com\/de\/policy\/","og_locale":"de_DE","og_type":"article","og_title":"Datenschutzrichtlinie - Planet VPN","og_description":"Planet VPN verpflichtet sich, Ihre Privatsph\u00e4re zu sch\u00fctzen. In dieser Datenschutzerkl\u00e4rung informieren wir Sie dar\u00fcber, wie Ihre Daten verarbeitet werden.","og_url":"https:\/\/freevpnplanet.com\/de\/policy\/","og_site_name":"Planet VPN","article_modified_time":"2025-11-07T11:59:44+00:00","twitter_card":"summary_large_image","twitter_misc":{"Est. reading time":"6 minutes"},"schema":{"@context":"https:\/\/schema.org","@graph":[{"@type":"WebPage","@id":"https:\/\/freevpnplanet.com\/de\/policy\/","url":"https:\/\/freevpnplanet.com\/de\/policy\/","name":"Datenschutzrichtlinie - Planet VPN","isPartOf":{"@id":"https:\/\/freevpnplanet.com\/de\/#website"},"datePublished":"2024-06-13T10:55:50+00:00","dateModified":"2025-11-07T11:59:44+00:00","description":"Planet VPN verpflichtet sich, Ihre Privatsph\u00e4re zu sch\u00fctzen. In dieser Datenschutzerkl\u00e4rung informieren wir Sie dar\u00fcber, wie Ihre Daten verarbeitet werden.","breadcrumb":{"@id":"https:\/\/freevpnplanet.com\/de\/policy\/#breadcrumb"},"inLanguage":"de","potentialAction":[{"@type":"ReadAction","target":["https:\/\/freevpnplanet.com\/de\/policy\/"]}]},{"@type":"BreadcrumbList","@id":"https:\/\/freevpnplanet.com\/de\/policy\/#breadcrumb","itemListElement":[{"@type":"ListItem","position":1,"name":"Home","item":"https:\/\/freevpnplanet.com\/de\/"},{"@type":"ListItem","position":2,"name":"Datenschutz"}]},{"@type":"WebSite","@id":"https:\/\/freevpnplanet.com\/de\/#website","url":"https:\/\/freevpnplanet.com\/de\/","name":"Planet VPN \ud83d\udee1\ufe0f\ud83c\udf10 Free VPN","description":"Free VPN","potentialAction":[{"@type":"SearchAction","target":{"@type":"EntryPoint","urlTemplate":"https:\/\/freevpnplanet.com\/de\/?s={search_term_string}"},"query-input":"required name=search_term_string"}],"inLanguage":"de","publisher":{"@id":"https:\/\/freevpnplanet.com\/de\/#organization"}},{"@context":"https:\/\/schema.org\/","@type":"SoftwareApplication","name":"Planet VPN \ud83d\udee1\ufe0f\ud83c\udf10 Free VPN","operatingSystem":"Windows, macOS, iOS, Android, Linux, Chrome","applicationCategory":"SecurityApplication","offers":{"@type":"AggregateOffer","priceCurrency":"USD","price":"0","lowPrice":"0","availability":"https:\/\/schema.org\/InStock"},"aggregateRating":{"@type":"AggregateRating","ratingValue":"4.8","bestRating":"5","ratingCount":"12476"}},{"@type":"Organization","@id":"https:\/\/freevpnplanet.com\/de\/#organization","url":"https:\/\/freevpnplanet.com\/de\/","name":"Planet VPN \ud83d\udee1\ufe0f\ud83c\udf10 Free VPN"}]}},"acf":[],"_links":{"self":[{"href":"https:\/\/freevpnplanet.com\/de\/wp-json\/wp\/v2\/pages\/97297","targetHints":{"allow":["GET"]}}],"collection":[{"href":"https:\/\/freevpnplanet.com\/de\/wp-json\/wp\/v2\/pages"}],"about":[{"href":"https:\/\/freevpnplanet.com\/de\/wp-json\/wp\/v2\/types\/page"}],"author":[{"embeddable":true,"href":"https:\/\/freevpnplanet.com\/de\/wp-json\/wp\/v2\/users\/13"}],"replies":[{"embeddable":true,"href":"https:\/\/freevpnplanet.com\/de\/wp-json\/wp\/v2\/comments?post=97297"}],"version-history":[{"count":5,"href":"https:\/\/freevpnplanet.com\/de\/wp-json\/wp\/v2\/pages\/97297\/revisions"}],"predecessor-version":[{"id":187516,"href":"https:\/\/freevpnplanet.com\/de\/wp-json\/wp\/v2\/pages\/97297\/revisions\/187516"}],"wp:attachment":[{"href":"https:\/\/freevpnplanet.com\/de\/wp-json\/wp\/v2\/media?parent=97297"}],"wp:term":[{"taxonomy":"download_by_lite_tag","embeddable":true,"href":"https:\/\/freevpnplanet.com\/de\/wp-json\/wp\/v2\/download_by_lite_tag?post=97297"}],"curies":[{"name":"wp","href":"https:\/\/api.w.org\/{rel}","templated":true}]}}