{"id":97708,"date":"2024-05-13T20:27:17","date_gmt":"2024-05-13T17:27:17","guid":{"rendered":"https:\/\/help.freeplanetvpn.com\/dns-check\/"},"modified":"2025-01-31T18:41:53","modified_gmt":"2025-01-31T15:41:53","slug":"dns-check","status":"publish","type":"page","link":"https:\/\/freevpnplanet.com\/de\/dns-check\/","title":{"rendered":"DNS check"},"content":{"rendered":"\n<section class=\"tools-hero\">\n  <div class=\"tools-hero__inner container\">\n\n          <h1 class=\"tools-hero__title\">Online-DNS-Verbreitungspr\u00fcfung<\/h1>\n    \n    <div class=\"dns-propagation\">\n        <div class=\"dns-propagation__text\">\n                    <p>Ihr Internet-Provider besitzt DNS-Server, mit denen Sie sich verbinden und Services nutzen k\u00f6nnen. H\u00e4ufig \u00fcberwacht der Besitzer die Benutzer, um Daten zu lesen, Aktivit\u00e4ten zu verfolgen und die verwendeten Anwendungen zu bestimmen. Die Daten werden dann vom Benutzer oder von einem Dritten verwendet, um ein digitales Portr\u00e4t des Benutzers zu erstellen.<\/p>\n<p>Zulassen Sie keine \u00dcberwachung im Internet &#8211; verwenden Sie Planet VPN DNS-Server. Pr\u00fcfen Sie das Leck und sch\u00fctzen Sie Ihre Daten.<\/p>        \n                        <a id=\"qa-avoid-dns\"\n               href=\"https:\/\/account.freevpnplanet.com\/de\/order\/\"\n               target=\"\"\n              class=\"cta\">DNS-Lecks vermeiden            <\/a>\n                  <\/div>\n\n      <div class=\"dns-propagation__context\">\n        <div class=\"dns-propagation__check\">\n          <div class=\"dns-propagation__status dns-propagation__status--undefined\" id=\"status-undefined\">\n            <img decoding=\"async\" src=\"https:\/\/freevpnplanet.com\/wp-content\/themes\/planetvpn\/assets\/images\/pages\/dns-check\/logo-unprotected.svg\" alt=\"Icon undefined\">\n            <span>Checking&#8230;<\/span>\n          <\/div>\n          <div class=\"dns-propagation__status dns-propagation__status--protected\" id=\"status-protected\">\n            <img decoding=\"async\" src=\"https:\/\/freevpnplanet.com\/wp-content\/themes\/planetvpn\/assets\/images\/pages\/dns-check\/logo-protected.svg\" alt=\"Icon Protected\">\n            <span>Ihre DNS-Anfragen sind gesch\u00fctzt!<\/span>\n          <\/div>\n          <div class=\"dns-propagation__status dns-propagation__status--unprotected\" id=\"status-unprotected\">\n            <img decoding=\"async\" src=\"https:\/\/freevpnplanet.com\/wp-content\/themes\/planetvpn\/assets\/images\/pages\/dns-check\/logo-unprotected.svg\" alt=\"Icon Uprotected\">\n            <span>Ihre DNS-Anfragen k\u00f6nnten undicht werden!<\/span>\n          <\/div>\n        <\/div>\n\n        <div class=\"dns-propagation__result\">\n          <span>IP-Addresse:<\/span>\n          <span class=\"dns-propagation__ip\" id=\"dns-propagation-ip\">XXX.XXX.XX.XX<\/span>\n        <\/div>\n\n                  <div class=\"dns-propagation__final-text\">Wenn Sie VPN verwenden, aber immer noch die DNS-Adresse des Servers Ihres Providers sehen, ist das System undicht. Die Besitzer der DNS-Server, die Sie verwenden, k\u00f6nnen alle Webseiten, die Sie besuchen, sehen.<\/div>\n        \n      <\/div>\n    <\/div>\n  <\/div>\n\n  <div class=\"tools-hero__menu\"><ul id=\"menu-tools-menu-german\" class=\"menu\"><li id=\"menu-item-117456\" class=\"menu-item\"><a id=\"qa-dns-leak-test\" href=\"https:\/\/freevpnplanet.com\/de\/dns-check\/\">DNS check<\/a><\/li>\n<li id=\"menu-item-117457\" class=\"menu-item\"><a id=\"qa-webrtc-leak-test\" href=\"https:\/\/freevpnplanet.com\/de\/web-rtc\/\">Web RTC<\/a><\/li>\n<li id=\"menu-item-117458\" class=\"menu-item\"><a id=\"qa-virus-scan\" href=\"https:\/\/freevpnplanet.com\/de\/virus-scan\/\">Virus scan<\/a><\/li>\n<li id=\"menu-item-117533\" class=\"menu-item\"><a id=\"qa-what-is-my-ip\" href=\"https:\/\/freevpnplanet.com\/de\/ip-check\/\">IP Check<\/a><\/li>\n<li id=\"menu-item-117534\" class=\"menu-item\"><a id=\"qa-generate-password\" href=\"https:\/\/freevpnplanet.com\/de\/password-generator\/\">Password generator<\/a><\/li>\n<\/ul><\/div>\n<\/section>\n\n<section class=\"two-col-content custom-block align-full  rtl ratio-normal image image-visible-on-mobile-yes\" style=''>\n\n    <div class=\"gutenberg-block-background\"><\/div>\n    <div class=\"two-col-content__container inner-container\">\n                    <h2 class=\"two-col-content__title\">WAS IST EIN DNS-LECK?<\/h2>\n        \n                    <div class=\"two-col-content__description\"><p>Selbst wenn Sie die beste VPN-Verbindung haben, garantieren die technischen M\u00f6glichkeiten den Schutz von DNS-Abfragen von Ihrem Computer oder Mobilger\u00e4t leider nicht. Und dieser Faktor h\u00e4ngt nicht von der Zuverl\u00e4ssigkeit der Verkehrsverschl\u00fcsselung ab. Wenn es ein DNS-Leck gibt, bedeutet dies, dass Dritte sehen k\u00f6nnen, welche Internetressourcen Sie besuchen, welche Aktivit\u00e4ten Sie t\u00e4tigen und welche Anwendungen Sie \u00f6ffnen und f\u00fcr pers\u00f6nliche Zwecke nutzen.<\/p>\n<p>DNS ist ein spezielles System von Adressb\u00fcchern, das in direktem Zusammenhang mit allen Manipulationen steht, die Sie beim Besuch des Internets vornehmen. Beispielsweise verwendet ein Browser oder eine Anwendung DNS, um eine Server-Suche durchzuf\u00fchren, um eine sp\u00e4tere Verbindung zwischen Diensten und Webseiten, die der Kunde ben\u00f6tigt, herzustellen. Das Ger\u00e4t leitet Anfragen weiter und empf\u00e4ngt Antwortanweisungen zur Suche nach den Zieldaten. Folglich sind es die DNS-Abfragen, die den Vertraulichkeitsgrad der Benutzerdaten insgesamt bestimmen und auch ein Sicherheitsrisiko enthalten k\u00f6nnen. Die \u00dcberpr\u00fcfung des DNS ist einfach &#8211; schlie\u00dfen Sie Free VPN Planet an und machen Sie sich frei von Cyber-Gefahren.<\/p><\/div>\n        \n                    <img decoding=\"async\" width=\"436\" height=\"436\" src=\"https:\/\/freevpnplanet.com\/wp-content\/uploads\/2024\/05\/rvpn-dns.8814bf7-20240514_122744_989247.svg\" class=\"two-col-content__image\" alt=\"\" \/>        \n            <\/div>\n<\/section>\n\n\n<section class=\"cta-section custom-block align-full \" style=''>\n\n    <div class=\"gutenberg-block-background\"><\/div>\n    <div class=\"cta-section__inner\">\n                    <div class=\"cta-section__cta\">\n                                    <a href=\"\/de\/plans\/\" target=\"_self\" id=\"qa-download-free-space\" class=\"cta download-by-platform cta--with-border cta-size--small icon-position--icon-left\" style=\"--button-background-color: var(--green);--button-background-color-hover: var(--green-hover);--button-background-color-pressed: var(--green-pressed);--border-radius:40px\"><span class=\"cta__name\">Kostenloser Download<\/span><\/a>                            <\/div>\n            <\/div>\n<\/section>\n\n<section class=\"two-col-content custom-block align-full  rtl ratio-normal text image-visible-on-mobile-no\" style='--background-color:var(--background-blue)'>\n\n    <div class=\"gutenberg-block-background\"><\/div>\n    <div class=\"two-col-content__container inner-container\">\n        \n                    <div class=\"two-col-content__description\"><p>Wenn das VPN auf Ihrem PC nicht aktiviert ist, ist der von Ihrem Internet-Anbieter vorgesehene DNS-Dienst f\u00fcr den Sicherheitsmodus verantwortlich. Wenn jedoch Planet VPN angeschlossen ist, werden nur DNS-Server dieses Dienstes aktiviert. Der vollst\u00e4ndige Schutz ist garantiert, und das Risiko eines Informationsverlustes ist minimiert. Die Verwendung von Planet VPN DNS-Servern bringt unbestreitbare Vorteile:<\/p>\n<ul>\n<li>Leistungsstarke DNS-Server von Planet VPN;<\/li>\n<li>Das Speichern von Aktivit\u00e4ts- und Verbindungsprotokollen ist vollst\u00e4ndig ausgeschlossen;<\/li>\n<li>Die sicherste Verschl\u00fcsselung des Datenverkehrs.<\/li>\n<\/ul>\n<p>Das Grundprinzip der Arbeit besteht aus den folgenden Handlungen:<\/p>\n<ul>\n<li>Wenn Sie eine Seite im Internet \u00f6ffnen m\u00fcssen, geben Sie eine spezifische Anfrage ein und klicken dann auf den Ziellink;<\/li>\n<li>Die gew\u00e4hlte Adresse wird in einen verschl\u00fcsselten Tunnel zum DNS-Server geschickt und schafft so den Zugang zu der gew\u00fcnschten Ressource;<\/li>\n<li>Der Server erh\u00e4lt eine Antwort und diese wird an den Benutzer \u00fcbermittelt, um die Webseite zu \u00f6ffnen.<\/li>\n<\/ul>\n<p>Alle diese Handlungen werden in einem sicheren \u00dcbertragungskanal generiert, so dass keine Gefahr des Hacking oder Lecks besteht. Sie k\u00f6nnen den DNS-Server online auf der Planet VPN-Webseite \u00fcberpr\u00fcfen.<\/p><\/div>\n        \n                                    <h2 class=\"two-col-content__text\">WIE MAN DNS-LECKS MIT DEM PLANET VPN-SERVICE VERMEIDET<\/h2>\n                    \n                    <div class=\"two-col-content__cta\">\n                            <\/div>\n            <\/div>\n<\/section>\n\n\n<section class=\"image-text-static-image custom-block align-none  mobile-image-bottom   header-size-small text-size-small  \" style=''>\n\n    <div class=\"gutenberg-block-background\"><\/div>\n    <div class=\"image-text-static-image__inner inner-container\">\n                    <div class=\"image-text-static-image__content content-left\" style='--content-width: 50%'>\n                \n                <h2>MUSS MAN IMMER AUF DNS-LECKS PR\u00dcFEN?<\/h2>\n<p>Die \u00dcberpr\u00fcfung des DNS-Servers ist eine wichtige Sicherheitsma\u00dfnahme, die regelm\u00e4\u00dfig vorgenommen werden sollte. Selbst wenn Sie den VPN-Dienst bereits nutzen, besteht ein Sicherheitsrisiko im Zusammenhang mit dem DNS-Leck. Wenn ein Informationsleck entsteht, wird es von solchen Aktionen begleitet:<\/p>\n<ol>\n<li>Der Computer des Benutzers sendet DNS-Anfragen nicht an den Planet VPN-Tunnel, sondern an das \u00f6ffentliche Netzwerk;<\/li>\n<li>Der Computer des Benutzers sendet DNS-Anfragen durch den Planet VPN-Tunnel, aber sie gelangen zum externen Server statt zum gesch\u00fctzten Host;<\/li>\n<li>In beiden F\u00e4llen k\u00f6nnen Dritte alle Webseiten sehen, die der Benutzer besuchen wird, sowie alle Anwendungen und Programme, die in Ihrer Arbeit verwendet werden.<\/li>\n<\/ol>\n                \n                \n\n            <\/div>\n        \n                    <div class=\"bg-image-wrapper bg-image-wrapper--desktop  right image-align--center\" style='--image-max-width: 50%'>\n                <figure>\n                    <img width=\"436\" height=\"436\" src=\"https:\/\/freevpnplanet.com\/wp-content\/uploads\/2024\/05\/rvpn-zoom.0cb093a-20240514_130633_582621.svg\" class=\"attachment-full size-full\" alt=\"\" loading=\"lazy\" decoding=\"sync\" fetchpriority=\"low\" style=\"max-width:440px\" sizes=\"auto, (max-width: 440px) 100vw, 440px\" aria-hidden=\"true\" \/>                    <!-- <img decoding=\"async\" width=\"436\" height=\"436\" src=\"https:\/\/freevpnplanet.com\/wp-content\/uploads\/2024\/05\/rvpn-zoom.0cb093a-20240514_130633_582621.svg\" class=\"attachment-full size-full\" alt=\"\" style=\"max-width:440px\" \/> -->\n                <\/figure>\n            <\/div>\n        \n            <\/div>\n<\/section>\n\n\n<section class=\"image-text-static-image custom-block align-none  mobile-image-bottom   header-size-small text-size-small  pb-0--desktop\" style=''>\n\n    <div class=\"gutenberg-block-background\"><\/div>\n    <div class=\"image-text-static-image__inner inner-container\">\n                    <div class=\"image-text-static-image__content content-right\" style='--content-width: 50%'>\n                \n                <h2>WARUM ENTSTEHT EIN DNS-LECK, WENN DAS VPN AKTIVIERT IST?<\/h2>\n<p>Selbst wenn Sie den VPN-Dienst die ganze Zeit verwenden, k\u00f6nnen DNS-Lecks entstehen. Beachten Sie die folgenden h\u00e4ufigsten Gr\u00fcnde f\u00fcr DNS-Lecks:<\/p>\n<ol>\n<li>Das VPN-Netzwerk wurde manuell eingerichtet &#8211; dies erh\u00f6ht das Risiko des Lecks von Informationen und pers\u00f6nlichen Daten erheblich und f\u00fcgt einen spezifischen Faktor f\u00fcr die Konfiguration des Betriebssystems des Benutzer-PCs hinzu. Wenn Sie Planet VPN anschlie\u00dfen, sind solche Probleme ausgeschlossen, Sie sind vollst\u00e4ndig gesch\u00fctzt;<\/li>\n<li>Angreifer haben die Kontrolle \u00fcber Ihren Router abgefangen, wodurch Anfragen von Ihrem PC an das allgemeine Netzwerk und nicht an einen verschl\u00fcsselten Tunnel gesendet werden &#8211; diese Situation tritt am h\u00e4ufigsten auf, wenn Sie eine Wi-Fi-Verbindung an \u00f6ffentlichen Orten (Einkaufszentrum, Sport Club, Caf\u00e9, Park usw.) verwenden. Es reicht aus, den Planet VPN-Service zu nutzen, um alle Risiken und potenziellen Lecks zu vermeiden;<\/li>\n<li>DNS wurde manuell eingerichtet und der Befehl, keine Verbindung \u00fcber den Planet VPN-Server zu verwenden, wurde aktiviert &#8211; es ist empfohlen, solche Situationen zu vermeiden, selbst wenn Sie ein erfahrener Benutzer sind, da dies die allgemeine Cybersicherheit Ihres Computers gef\u00e4hrdet.<\/li>\n<\/ol>\n                \n                \n\n            <\/div>\n        \n                    <div class=\"bg-image-wrapper bg-image-wrapper--desktop  left image-align--center\" style='--image-max-width: 50%'>\n                <figure>\n                    <img width=\"436\" height=\"436\" src=\"https:\/\/freevpnplanet.com\/wp-content\/uploads\/2024\/05\/rvpn-virus.9f94f39-20240514_130630_667594.svg\" class=\"attachment-full size-full\" alt=\"\" loading=\"lazy\" decoding=\"sync\" fetchpriority=\"low\" style=\"max-width:440px\" sizes=\"auto, (max-width: 440px) 100vw, 440px\" aria-hidden=\"true\" \/>                    <!-- <img decoding=\"async\" width=\"436\" height=\"436\" src=\"https:\/\/freevpnplanet.com\/wp-content\/uploads\/2024\/05\/rvpn-virus.9f94f39-20240514_130630_667594.svg\" class=\"attachment-full size-full\" alt=\"\" style=\"max-width:440px\" \/> -->\n                <\/figure>\n            <\/div>\n        \n            <\/div>\n<\/section>\n\n\n<section class=\"wrapper custom-block align-none    \" style=''>\n\n    <div class=\"gutenberg-block-background\"><\/div>\n    <div class=\"wrapper__inner inner-container\">\n        \n\n<div class=\"buttons custom-block align-center \">\n                        <a href=\"\/de\/plans\/\" target=\"_self\" id=\"qa-download-free-info\" class=\"cta download-by-platform cta--with-border cta-size--small cta-mt--initial icon-position--icon-left\" style=\"--border-radius:40px\"><span class=\"cta__name\">Kostenloser Download<\/span><\/a>            <\/div>\n\n    <\/div>\n\n<\/section>","protected":false},"excerpt":{"rendered":"","protected":false},"author":13,"featured_media":0,"parent":0,"menu_order":0,"comment_status":"closed","ping_status":"closed","template":"templates\/page_template-basic_for_gutenberg.php","meta":{"_acf_changed":false,"inline_featured_image":false,"footnotes":""},"download_by_lite_tag":[],"class_list":["post-97708","page","type-page","status-publish","hentry"],"yoast_head":"<!-- This site is optimized with the Yoast SEO plugin v22.6 - https:\/\/yoast.com\/wordpress\/plugins\/seo\/ -->\n<title>DNS-Check - Online DNS Verbreitungspr\u00fcfung | Planet VPN<\/title>\n<meta name=\"description\" content=\"Pr\u00fcfen Sie, ob Ihr VPN ein DNS-Leck hat, das Ihren tats\u00e4chlichen Standort zeigt. Mit Planet VPN ist Ihnen volle Privatsph\u00e4re garantiert.\" \/>\n<meta name=\"robots\" content=\"index, follow, max-snippet:-1, max-image-preview:large, max-video-preview:-1\" \/>\n<link rel=\"canonical\" href=\"https:\/\/freevpnplanet.com\/de\/dns-check\/\" \/>\n<meta property=\"og:locale\" content=\"de_DE\" \/>\n<meta property=\"og:type\" content=\"article\" \/>\n<meta property=\"og:title\" content=\"DNS-Check - Online DNS Verbreitungspr\u00fcfung | Planet VPN\" \/>\n<meta property=\"og:description\" content=\"Pr\u00fcfen Sie, ob Ihr VPN ein DNS-Leck hat, das Ihren tats\u00e4chlichen Standort zeigt. Mit Planet VPN ist Ihnen volle Privatsph\u00e4re garantiert.\" \/>\n<meta property=\"og:url\" content=\"https:\/\/freevpnplanet.com\/de\/dns-check\/\" \/>\n<meta property=\"og:site_name\" content=\"Planet VPN\" \/>\n<meta property=\"article:modified_time\" content=\"2025-01-31T15:41:53+00:00\" \/>\n<meta name=\"twitter:card\" content=\"summary_large_image\" \/>\n<script type=\"application\/ld+json\" class=\"yoast-schema-graph\">{\"@context\":\"https:\/\/schema.org\",\"@graph\":[{\"@type\":\"WebPage\",\"@id\":\"https:\/\/freevpnplanet.com\/de\/dns-check\/\",\"url\":\"https:\/\/freevpnplanet.com\/de\/dns-check\/\",\"name\":\"DNS-Check - Online DNS Verbreitungspr\u00fcfung | Planet VPN\",\"isPartOf\":{\"@id\":\"https:\/\/freevpnplanet.com\/de\/#website\"},\"datePublished\":\"2024-05-13T17:27:17+00:00\",\"dateModified\":\"2025-01-31T15:41:53+00:00\",\"description\":\"Pr\u00fcfen Sie, ob Ihr VPN ein DNS-Leck hat, das Ihren tats\u00e4chlichen Standort zeigt. Mit Planet VPN ist Ihnen volle Privatsph\u00e4re garantiert.\",\"breadcrumb\":{\"@id\":\"https:\/\/freevpnplanet.com\/de\/dns-check\/#breadcrumb\"},\"inLanguage\":\"de\",\"potentialAction\":[{\"@type\":\"ReadAction\",\"target\":[\"https:\/\/freevpnplanet.com\/de\/dns-check\/\"]}]},{\"@type\":\"BreadcrumbList\",\"@id\":\"https:\/\/freevpnplanet.com\/de\/dns-check\/#breadcrumb\",\"itemListElement\":[{\"@type\":\"ListItem\",\"position\":1,\"name\":\"Home\",\"item\":\"https:\/\/freevpnplanet.com\/de\/\"},{\"@type\":\"ListItem\",\"position\":2,\"name\":\"DNS check\"}]},{\"@type\":\"WebSite\",\"@id\":\"https:\/\/freevpnplanet.com\/de\/#website\",\"url\":\"https:\/\/freevpnplanet.com\/de\/\",\"name\":\"Planet VPN \ud83d\udee1\ufe0f\ud83c\udf10 Free VPN\",\"description\":\"Free VPN\",\"potentialAction\":[{\"@type\":\"SearchAction\",\"target\":{\"@type\":\"EntryPoint\",\"urlTemplate\":\"https:\/\/freevpnplanet.com\/de\/?s={search_term_string}\"},\"query-input\":\"required name=search_term_string\"}],\"inLanguage\":\"de\",\"publisher\":{\"@id\":\"https:\/\/freevpnplanet.com\/de\/#organization\"}},{\"@context\":\"https:\/\/schema.org\/\",\"@type\":\"SoftwareApplication\",\"name\":\"Planet VPN \ud83d\udee1\ufe0f\ud83c\udf10 Free VPN\",\"operatingSystem\":\"Windows, macOS, iOS, Android, Linux, Chrome\",\"applicationCategory\":\"SecurityApplication\",\"offers\":{\"@type\":\"AggregateOffer\",\"priceCurrency\":\"USD\",\"price\":\"0\",\"lowPrice\":\"0\",\"availability\":\"https:\/\/schema.org\/InStock\"},\"aggregateRating\":{\"@type\":\"AggregateRating\",\"ratingValue\":\"4.8\",\"bestRating\":\"5\",\"ratingCount\":\"12476\"}},{\"@type\":\"Organization\",\"@id\":\"https:\/\/freevpnplanet.com\/de\/#organization\",\"url\":\"https:\/\/freevpnplanet.com\/de\/\",\"name\":\"Planet VPN \ud83d\udee1\ufe0f\ud83c\udf10 Free VPN\"}]}<\/script>\n<!-- \/ Yoast SEO plugin. -->","yoast_head_json":{"title":"DNS-Check - Online DNS Verbreitungspr\u00fcfung | Planet VPN","description":"Pr\u00fcfen Sie, ob Ihr VPN ein DNS-Leck hat, das Ihren tats\u00e4chlichen Standort zeigt. Mit Planet VPN ist Ihnen volle Privatsph\u00e4re garantiert.","robots":{"index":"index","follow":"follow","max-snippet":"max-snippet:-1","max-image-preview":"max-image-preview:large","max-video-preview":"max-video-preview:-1"},"canonical":"https:\/\/freevpnplanet.com\/de\/dns-check\/","og_locale":"de_DE","og_type":"article","og_title":"DNS-Check - Online DNS Verbreitungspr\u00fcfung | Planet VPN","og_description":"Pr\u00fcfen Sie, ob Ihr VPN ein DNS-Leck hat, das Ihren tats\u00e4chlichen Standort zeigt. Mit Planet VPN ist Ihnen volle Privatsph\u00e4re garantiert.","og_url":"https:\/\/freevpnplanet.com\/de\/dns-check\/","og_site_name":"Planet VPN","article_modified_time":"2025-01-31T15:41:53+00:00","twitter_card":"summary_large_image","schema":{"@context":"https:\/\/schema.org","@graph":[{"@type":"WebPage","@id":"https:\/\/freevpnplanet.com\/de\/dns-check\/","url":"https:\/\/freevpnplanet.com\/de\/dns-check\/","name":"DNS-Check - Online DNS Verbreitungspr\u00fcfung | Planet VPN","isPartOf":{"@id":"https:\/\/freevpnplanet.com\/de\/#website"},"datePublished":"2024-05-13T17:27:17+00:00","dateModified":"2025-01-31T15:41:53+00:00","description":"Pr\u00fcfen Sie, ob Ihr VPN ein DNS-Leck hat, das Ihren tats\u00e4chlichen Standort zeigt. Mit Planet VPN ist Ihnen volle Privatsph\u00e4re garantiert.","breadcrumb":{"@id":"https:\/\/freevpnplanet.com\/de\/dns-check\/#breadcrumb"},"inLanguage":"de","potentialAction":[{"@type":"ReadAction","target":["https:\/\/freevpnplanet.com\/de\/dns-check\/"]}]},{"@type":"BreadcrumbList","@id":"https:\/\/freevpnplanet.com\/de\/dns-check\/#breadcrumb","itemListElement":[{"@type":"ListItem","position":1,"name":"Home","item":"https:\/\/freevpnplanet.com\/de\/"},{"@type":"ListItem","position":2,"name":"DNS check"}]},{"@type":"WebSite","@id":"https:\/\/freevpnplanet.com\/de\/#website","url":"https:\/\/freevpnplanet.com\/de\/","name":"Planet VPN \ud83d\udee1\ufe0f\ud83c\udf10 Free VPN","description":"Free VPN","potentialAction":[{"@type":"SearchAction","target":{"@type":"EntryPoint","urlTemplate":"https:\/\/freevpnplanet.com\/de\/?s={search_term_string}"},"query-input":"required name=search_term_string"}],"inLanguage":"de","publisher":{"@id":"https:\/\/freevpnplanet.com\/de\/#organization"}},{"@context":"https:\/\/schema.org\/","@type":"SoftwareApplication","name":"Planet VPN \ud83d\udee1\ufe0f\ud83c\udf10 Free VPN","operatingSystem":"Windows, macOS, iOS, Android, Linux, Chrome","applicationCategory":"SecurityApplication","offers":{"@type":"AggregateOffer","priceCurrency":"USD","price":"0","lowPrice":"0","availability":"https:\/\/schema.org\/InStock"},"aggregateRating":{"@type":"AggregateRating","ratingValue":"4.8","bestRating":"5","ratingCount":"12476"}},{"@type":"Organization","@id":"https:\/\/freevpnplanet.com\/de\/#organization","url":"https:\/\/freevpnplanet.com\/de\/","name":"Planet VPN \ud83d\udee1\ufe0f\ud83c\udf10 Free VPN"}]}},"acf":[],"_links":{"self":[{"href":"https:\/\/freevpnplanet.com\/de\/wp-json\/wp\/v2\/pages\/97708","targetHints":{"allow":["GET"]}}],"collection":[{"href":"https:\/\/freevpnplanet.com\/de\/wp-json\/wp\/v2\/pages"}],"about":[{"href":"https:\/\/freevpnplanet.com\/de\/wp-json\/wp\/v2\/types\/page"}],"author":[{"embeddable":true,"href":"https:\/\/freevpnplanet.com\/de\/wp-json\/wp\/v2\/users\/13"}],"replies":[{"embeddable":true,"href":"https:\/\/freevpnplanet.com\/de\/wp-json\/wp\/v2\/comments?post=97708"}],"version-history":[{"count":1,"href":"https:\/\/freevpnplanet.com\/de\/wp-json\/wp\/v2\/pages\/97708\/revisions"}],"predecessor-version":[{"id":133673,"href":"https:\/\/freevpnplanet.com\/de\/wp-json\/wp\/v2\/pages\/97708\/revisions\/133673"}],"wp:attachment":[{"href":"https:\/\/freevpnplanet.com\/de\/wp-json\/wp\/v2\/media?parent=97708"}],"wp:term":[{"taxonomy":"download_by_lite_tag","embeddable":true,"href":"https:\/\/freevpnplanet.com\/de\/wp-json\/wp\/v2\/download_by_lite_tag?post=97708"}],"curies":[{"name":"wp","href":"https:\/\/api.w.org\/{rel}","templated":true}]}}