{"id":98500,"date":"2024-06-03T19:16:22","date_gmt":"2024-06-03T16:16:22","guid":{"rendered":"https:\/\/help.freeplanetvpn.com\/virus-scan\/"},"modified":"2026-01-20T15:18:50","modified_gmt":"2026-01-20T12:18:50","slug":"virus-scan","status":"publish","type":"page","link":"https:\/\/freevpnplanet.com\/de\/virus-scan\/","title":{"rendered":"Virus scan"},"content":{"rendered":"\n<section class=\"virus-scan-hero\">\n  <div class=\"virus-scan-hero__inner container\">\n    <div class=\"virus-scan\">\n\n              <h1 class=\"virus-scan__title\">Kostenloser Online-Virenscan &#8211; Datei oder URL<\/h1>\n      \n              <div class=\"virus-scan__text\"><p>Der Planet VPN-Service ist eine effektive und lohnende L\u00f6sung, um schnell alle verd\u00e4chtigen Dateien und Links zu analysieren, potenzielle Bedrohungen und das Vorhandensein von Viren und b\u00f6sartigen Objekten zu identifizieren. Virenscanner von Planet VPN &#8211; sicher, gesch\u00fctzt, schnell.<\/p><\/div>\n      \n      <div class=\"virus-scan__content\">\n        <div class=\"virus-scan__tab\">\n\n          <button class=\"virus-scan__tab-button virus-scan__tab-button--selected\" id=\"qa-file-tab\" data-tab=\"file\">\n            <img decoding=\"async\" src=\"\/wp-content\/themes\/planetvpn\/assets\/images\/pages\/virus-scan\/doc.svg\" alt=\"document icon\" >\n            Datei          <\/button>\n\n          <button class=\"virus-scan__tab-button\" id=\"qa-url-tab\" data-tab=\"url\">\n            <img decoding=\"async\" src=\"\/wp-content\/themes\/planetvpn\/assets\/images\/pages\/virus-scan\/file.svg\" alt=\"file icon\" >\n            Url          <\/button>\n\n          <form name=\"virus-scan-file-form\" method=\"post\" class=\"virus-scan__form virus-scan__form--active\" data-target-tab=\"file\">\n            <div class=\"virus-scan__form-group\">\n              <label class=\"virus-scan__label\">\n                <span>Datei ausw\u00e4hlen<\/span>\n                <u class=\"virus-scan__filename-inner\">Keine Dateien ausgew\u00e4hlt<\/u>\n                <input type=\"file\" name=\"file_upload\" class=\"virus-scan__input-file\" id=\"qa-upload-field\" required \/>\n              <\/label>\n\n              <button type=\"submit\" class=\"virus-scan__submit-button\">\n                <img decoding=\"async\" src=\"\/wp-content\/themes\/planetvpn\/assets\/images\/pages\/virus-scan\/dow.svg\" alt=\"download icon\" >\n              <\/button>\n            <\/div>\n\n            <div class=\"virus-scan__results\"><\/div>\n\n            <button id=\"qa-scan-button\" type=\"submit\" class=\"cta CTA main-btn-file\">\n              <span>\u00dcberpr\u00fcfen<\/span>\n            <\/button>\n          <\/form>\n\n          <form name=\"virus-scan-url-form\" method=\"post\" class=\"virus-scan__form\" data-target-tab=\"url\">\n            <div class=\"virus-scan__form-group\">\n              <label class=\"virus-scan__label\">\n                <span>Url<\/span>\n                <input type=\"url\" name=\"url_input\" class=\"virus-scan__input-url\" required \/>\n              <\/label>\n\n              <button type=\"submit\" class=\"virus-scan__submit-button\">\n                <img decoding=\"async\" src=\"\/wp-content\/themes\/planetvpn\/assets\/images\/pages\/virus-scan\/dow.svg\" alt=\"download icon\" >\n              <\/button>\n            <\/div>\n\n            <div class=\"virus-scan__results\"><\/div>\n\n            <button id=\"main-btn-url\" type=\"submit\" class=\"cta CTA\">\n              <span>\u00dcberpr\u00fcfen<\/span>\n            <\/button>\n          <\/form>\n        <\/div>\n      <\/div>\n    <\/div>\n  <\/div>\n\n  <div class=\"virus-scan-hero__menu\"><ul id=\"menu-tools-menu-german\" class=\"menu\"><li id=\"menu-item-117456\" class=\"menu-item\"><a id=\"qa-dns-leak-test\" href=\"https:\/\/freevpnplanet.com\/de\/dns-check\/\">DNS check<\/a><\/li>\n<li id=\"menu-item-117457\" class=\"menu-item\"><a id=\"qa-webrtc-leak-test\" href=\"https:\/\/freevpnplanet.com\/de\/web-rtc\/\">Web RTC<\/a><\/li>\n<li id=\"menu-item-117458\" class=\"menu-item\"><a id=\"qa-virus-scan\" href=\"https:\/\/freevpnplanet.com\/de\/virus-scan\/\">Virus scan<\/a><\/li>\n<li id=\"menu-item-117533\" class=\"menu-item\"><a id=\"qa-what-is-my-ip\" href=\"https:\/\/freevpnplanet.com\/de\/ip-check\/\">IP Check<\/a><\/li>\n<li id=\"menu-item-117534\" class=\"menu-item\"><a id=\"qa-generate-password\" href=\"https:\/\/freevpnplanet.com\/de\/password-generator\/\">Password generator<\/a><\/li>\n<\/ul><\/div>\n<\/section>\n\n<section class=\"two-col-content custom-block align-full  rtl ratio-normal text image-visible-on-mobile-no\" style='--background-color:var(--background-blue)'>\n\n    <div class=\"gutenberg-block-background\"><\/div>\n    <div class=\"two-col-content__container inner-container\">\n        \n                    <div class=\"two-col-content__description\"><p>Die gr\u00f6\u00dfte Anzahl von Bedrohungen f\u00fcr Computernutzer wartet im Internet, wenn wir auf Webseiten gehen, Werbebanner \u00f6ffnen oder auf zus\u00e4tzliche Dialogfelder klicken, Dateien und Archive herunterladen. Man wei\u00df nie, wann ein b\u00f6sartiges Objekt auf Ihrem Computer erscheint, insbesondere wenn der Virenschutz oder das VPN auf Ihrem Ger\u00e4t nicht aktiv ist.<\/p>\n<p>Unter den Gefahren des Internets, die das System zu st\u00f6ren oder zu hacken drohen, werden bisher die folgenden hervorgehoben:<\/p>\n<ul>\n<li>Trojanische Viren;<\/li>\n<li>Laden von Objekten;<\/li>\n<li>DNS-Angriffe und Informationslecks.<\/li>\n<\/ul>\n<p>Wenn Sie im Internet surfen, ohne irgendwelche Dateien herunterzuladen, sind Sie immer noch einem gro\u00dfen Risiko ausgesetzt. Es besteht eine hohe Wahrscheinlichkeit einer Sicherheitsverletzung aufgrund:<\/p>\n<ul>\n<li>Diebstahl von Daten, w\u00e4hrend der \u00dcbertragung \u00fcber das Netzwerk;<\/li>\n<li>Von Sperrungen und Einschr\u00e4nkungen in Ihrem Land oder Ihrer Region;<\/li>\n<li>Von Spammern, die versuchen, Sie zu desorientieren und zu kompromittieren.<\/li>\n<\/ul><\/div>\n        \n                                    <h2 class=\"two-col-content__text\">WIE WICHTIG ES IST, IHREN PC AUF VIREN ZU \u00dcBERPR\u00dcFEN<\/h2>\n                    \n            <\/div>\n<\/section>\n\n\n<div class=\"container-box custom-block align-full \" style='--background-color:var(--dark-blue-0); --text-color:var(--white)'>\n\n    <div class=\"gutenberg-block-background\"><img decoding=\"async\" width=\"1366\" height=\"312\" src=\"https:\/\/freevpnplanet.com\/wp-content\/uploads\/2024\/05\/rvpn-galactic.8e29189-20240514_122917_086039.svg\" class=\"gutenberg-block-background__image-desktop background-image\" alt=\"bg-image-desktop\" title=\"bg-image-desktop\" \/><img decoding=\"async\" width=\"1366\" height=\"312\" src=\"https:\/\/freevpnplanet.com\/wp-content\/uploads\/2024\/05\/rvpn-galactic.8e29189-20240514_122917_086039.svg\" class=\"gutenberg-block-background__image-mobile background-image\" alt=\"bg-image-mobile\" title=\"bg-image-mobile\" \/><\/div>\n    <div class=\"container-box__inner inner-container\">\n        \n\n<div class=\"buttons custom-block align-center \">\n                        <a href=\"\/de\/plans\/\" target=\"_self\" id=\"qa-download-free-space\" class=\"cta download-by-platform cta--with-border cta-size--small cta-mt--initial icon-position--icon-left\" style=\"--border-radius:40px\"><span class=\"cta__name\">Kostenfreier Download<\/span><\/a>            <\/div>\n\n    <\/div>\n\n<\/div>\n\n\n\n<section class=\"image-text custom-block align-none   mobile-image-bottom mobile-title-center  header-size-medium text-size-small   content-right\" style='overflow: hidden;;;--min-height-mobile:400px;--min-height-desktop:600px;--content-width:50%'>\n\n    <div class=\"gutenberg-block-background\"><\/div>\n    <div class=\"image-text__inner inner-container\">\n\n        \n                    <div class=\"image-text__content\">\n\n                <h2>WO PR\u00dcFT MAN AUF VIRENBEFALL.<\/h2>\n\n\n\n<p>Die Sicherheit der Website, die Sie besuchen, ist ein wichtiger Faktor f\u00fcr jeden Internetnutzer, der im Web surft. Aber wie stellen Sie sicher, dass die Web-Ressource, die Sie aufsuchen m\u00fcssen, um die gew\u00fcnschten Informationen zu erhalten, keine Viren enth\u00e4lt und keine Bedrohung darstellt? F\u00fcr die Website selbst ist dies ebenfalls wichtig, da es ihre Zuverl\u00e4ssigkeit und Bewertung beeinflusst.<\/p>\n<ol>\n<li>Das Antivirenprogramm hat eine potenziell gef\u00e4hrliche Webseite blockiert;<\/li>\n<li>Es gibt eine unn\u00f6tige Umleitung;<\/li>\n<li>Der Webseite-Verkehr ist stark gesunken;<\/li>\n<li>Eine Virenwarnung wurde von anderen Benutzern erhalten;<\/li>\n<li>Die E-Mail ist von dem Hosting-Provider blockiert.<\/li>\n<\/ol>\n<p>Der Planet VPN-Service erm\u00f6glicht es Ihnen, eine schnelle Online-Virensuche auf jeder beliebigen Web-Ressource durchzuf\u00fchren:<\/p>\n<ol>\n<li>Gef\u00e4hrliche Codes;<\/li>\n<li>W\u00fcrmer;<\/li>\n<li>Trojanische Programme;<\/li>\n<li>Andere gef\u00e4hrliche Objekte.<\/li>\n<\/ol>\n<p>Um die Privatsph\u00e4re des Benutzers zu sch\u00fctzen, durchsucht und eliminiert das VPN die folgenden Gefahren:<\/p>\n<p><a id=\"qa-dns-link\" class=\"\" href=\"https:\/\/freevpnplanet.com\/de\/dns-check\/\">\u00dcberpr\u00fcfung auf DNS-Lecks<\/a><br \/><a id=\"qa-ip-address-link\" href=\"https:\/\/freevpnplanet.com\/de\/ip-check\/\">\u00dcberpr\u00fcfung der IP-Adresse<\/a><\/p>\n                \n            <\/div>\n        \n                    <div class=\"bg-image-wrapper bg-image-wrapper--desktop left image-align--center\">\n                <figure style='--image-max-width:437px;--image-opacity:1.00;width: calc(50% - 20px)'>\n                    <img decoding=\"async\" width=\"436\" height=\"436\" src=\"https:\/\/freevpnplanet.com\/wp-content\/uploads\/2024\/05\/rvpn-virus.b86bc7a1-20240528_152401_495798.svg\" class=\"bg-image\" alt=\"Background Image for Desktop\" \/>                <\/figure>\n            <\/div>\n        \n                    <div class=\"bg-image-wrapper bg-image-wrapper--mobile regular-image\">\n                <figure style='width: 100%;max-width: 480px;opacity: 1.00;margin-top: 24px'>\n                    <img decoding=\"async\" width=\"436\" height=\"436\" src=\"https:\/\/freevpnplanet.com\/wp-content\/uploads\/2024\/05\/rvpn-virus.b86bc7a1-20240528_152401_495798.svg\" class=\"bg-image\" alt=\"Background Image for Mobile\" \/>                <\/figure>\n            <\/div>\n            <\/div>\n<\/section>\n\n<section class=\"two-col-content custom-block align-full  rtl ratio-normal text image-visible-on-mobile-no\" style='--background-color:var(--background-blue)'>\n\n    <div class=\"gutenberg-block-background\"><\/div>\n    <div class=\"two-col-content__container inner-container\">\n        \n                    <div class=\"two-col-content__description\"><p>Wenn Ihr Computer oder mobiles Ger\u00e4t gesch\u00fctzt ist, sind keine Angriffe und Risiken f\u00fcr das Betriebssystem mehr be\u00e4ngstigend. Es reicht jedoch nicht aus, nur Antiviren-Software zu verwenden, die f\u00fcr die oberfl\u00e4chliche Sicherheit verantwortlich ist. Das Funktionsprinzip von Planet VPN ist so ausgelegt, dass nicht nur die reale IP-Adresse des Benutzers verborgen wird, sondern auch der Informationsverkehr vollst\u00e4ndig verschl\u00fcsselt wird. Sie k\u00f6nnen die Virenscan-Funktion oder die Virenscan-URL separat anwenden, um den Besuch verd\u00e4chtiger oder gef\u00e4hrlicher Websites zu verhindern und so Ihre eigene Sicherheit zu garantieren.<\/p>\n<p>Der Online-Virenscanner von Planet VPN bietet vollen Schutz und Vertraulichkeit der Benutzerdaten und des Ger\u00e4ts, wenn Sie das Internet nutzen. Ihr Datenverkehr wird verschl\u00fcsselt und in einen sicheren Tunnel geleitet &#8211; eine spezielle Technologie, um die Sicherheit Ihrer Daten bei der \u00dcbertragung \u00fcber das Netzwerk zu gew\u00e4hrleisten. Wenn Sie VPN aktiviert haben, k\u00f6nnen Sie sich keine Sorgen \u00fcber Virenangriffe machen und beim Besuch von ausgew\u00e4hlten Webseiten bequem surfen.<\/p>\n<p>Verwenden Sie ein virtuelles privates Netzwerk, um einen anonymen Modus in kombiniert mit Antiviren-Software zu erstellen, um Ihren PC umfassend zu sch\u00fctzen und sich keine Sorgen \u00fcber die Cybersicherheit in Ihrem eigenen Netzwerk zu machen.<\/p><\/div>\n        \n                                    <h2 class=\"two-col-content__text\">WIE MACHT MAN EINEN VIRENSCAN EINER WEBSITE ONLINE \u00dcBER PLANET VPN<\/h2>\n                    \n            <\/div>\n<\/section>\n\n\n<section class=\"image-text custom-block align-full   mobile-image-bottom mobile-title-center  header-size-medium text-size-small   content-right\" style='overflow: hidden;;;--min-height-mobile:400px;--min-height-desktop:600px;--content-width:60%'>\n\n    <div class=\"gutenberg-block-background\"><\/div>\n    <div class=\"image-text__inner inner-container\">\n\n        \n                    <div class=\"image-text__content\">\n\n                <h2>WIE SCH\u00dcTZEN SIE IHR HANDY VOR VIREN &#8211; SICHERHEITSMASSNAHMEN<\/h2>\n\n\n<p>Smartphones gewinnen mehr und mehr an Beliebtheit und \u00dcberlegenheit gegen\u00fcber Desktop-PCs. Es ist besonders praktisch, sich in einem Sportclub, Caf\u00e9, Einkaufszentrum und an allen anderen \u00f6ffentlichen Orten mit Wi-Fi zu verbinden, wenn Sie dringend wichtige Informationen finden oder in sozialen Netzwerken kommunizieren m\u00f6chten. Die Kommunikation erfolgt jedoch \u00fcber einen ungesicherten Tunnel, und Unerlaubte k\u00f6nnen Ihre Daten leicht abfangen, was Ihre Privatsph\u00e4re und Datensicherheit dramatisch untergr\u00e4bt.<\/p>\n<p>Wenn Sie sich mit dem VPN verbinden, wird ein sicherer Verbindungstunnel generiert, so dass Daten heimlich von nicht authorisierten Parteien \u00fcbertragen werden k\u00f6nnen.<\/p>\n<p>Planet VPN ist eine einzigartige L\u00f6sung, um gleichzeitig Ihre Daten zu sichern und den Virenschutz auf Ihrem mobilen Ger\u00e4t zu erledigen. Sie k\u00f6nnen sich im anonymen Modus mit dem Internet verbinden und gleichzeitig auf Viren und auf offensichtliche oder potenzielle Bedrohungen pr\u00fcfen.<\/p>\n                \n            <\/div>\n        \n                    <div class=\"bg-image-wrapper bg-image-wrapper--desktop left image-align--left\">\n                <figure style='--image-max-width:450px;--image-opacity:1.00;width: calc(40% - 20px)'>\n                    <img decoding=\"async\" width=\"451\" height=\"438\" src=\"https:\/\/freevpnplanet.com\/wp-content\/uploads\/2024\/06\/rvpn-phone-shild.af3491b-20240614_135258_408328.svg\" class=\"bg-image\" alt=\"Background Image for Desktop\" \/>                <\/figure>\n            <\/div>\n        \n                    <div class=\"bg-image-wrapper bg-image-wrapper--mobile regular-image\">\n                <figure style='width: 100%;max-width: 480px;opacity: 1.00;margin-top: 24px'>\n                    <img decoding=\"async\" width=\"451\" height=\"438\" src=\"https:\/\/freevpnplanet.com\/wp-content\/uploads\/2024\/06\/rvpn-phone-shild.af3491b-20240614_135258_408328.svg\" class=\"bg-image\" alt=\"Background Image for Mobile\" \/>                <\/figure>\n            <\/div>\n            <\/div>\n<\/section>\n\n<section class=\"two-col-content custom-block align-full  rtl ratio-normal text image-visible-on-mobile-no\" style='--background-color:var(--background-blue)'>\n\n    <div class=\"gutenberg-block-background\"><\/div>\n    <div class=\"two-col-content__container inner-container\">\n        \n                    <div class=\"two-col-content__description\"><p>Obwohl Smartphones technologisch fortschrittlicher und \u00fcberragender als Computer sind, bleiben sie dennoch anf\u00e4llig f\u00fcr Viren und gef\u00e4hrliche Objekte, die aus dem Netzwerk leicht in das System eindringen k\u00f6nnen. Spyware und Trojaner k\u00f6nnen diskret Benutzerdaten lesen und sie an Hacker f\u00fcr illegale Aktivit\u00e4ten weitergeben. B\u00f6swillige Objekte zielen insbesondere darauf ab, Passw\u00f6rter, Zugangscodes, Zahlungskarten und E-Mail-Adressen zu stehlen. Ein infiziertes Ger\u00e4t funktioniert langsamer und der Datenverkehr nimmt deutlich zu.<\/p>\n<p>Der Virenscanner von Planet VPN erm\u00f6glicht eine schnelle und qualit\u00e4tsvolle \u00dcberpr\u00fcfung &#8211; schlie\u00dfen Sie einfach Ihr Smartphone an Ihren PC an:<\/p>\n<p>Erstellen Sie eine Verbindung zwischen PC und Smartphone \u00fcber USB-Kabel und w\u00e4hlen Sie MTP\/Akkumulationsmodus im Einstellungsmen\u00fc;<\/p>\n<p>Kopieren Sie die von Ihnen ausgew\u00e4hlte Datei von Ihrem Handy auf Ihren Computer und scannen Sie diese Datei auf der Scan-Seite.<\/p><\/div>\n        \n                                    <h2 class=\"two-col-content__text\">WIE \u00dcBERPR\u00dcFT MAN IHR HANDY \u00dcBER IHREN COMPUTER AUF VIREN?<\/h2>\n                    \n                    <div class=\"two-col-content__cta\">\n                            <\/div>\n            <\/div>\n<\/section>","protected":false},"excerpt":{"rendered":"","protected":false},"author":13,"featured_media":0,"parent":0,"menu_order":0,"comment_status":"closed","ping_status":"closed","template":"templates\/page_template-basic_for_gutenberg.php","meta":{"_acf_changed":false,"inline_featured_image":false,"footnotes":""},"download_by_lite_tag":[],"class_list":["post-98500","page","type-page","status-publish","hentry"],"yoast_head":"<!-- This site is optimized with the Yoast SEO plugin v22.6 - https:\/\/yoast.com\/wordpress\/plugins\/seo\/ -->\n<title>Kostenloser Virenscan - Suchen Sie per Datei oder URL nach Viren - Planet VPN<\/title>\n<meta name=\"description\" content=\"\u00dcberpr\u00fcfen von Dateien\/Links zu Viren online \u00fcber Planet VPN\" \/>\n<meta name=\"robots\" content=\"index, follow, max-snippet:-1, max-image-preview:large, max-video-preview:-1\" \/>\n<link rel=\"canonical\" href=\"https:\/\/freevpnplanet.com\/de\/virus-scan\/\" \/>\n<meta property=\"og:locale\" content=\"de_DE\" \/>\n<meta property=\"og:type\" content=\"article\" \/>\n<meta property=\"og:title\" content=\"Kostenloser Virenscan - Suchen Sie per Datei oder URL nach Viren - Planet VPN\" \/>\n<meta property=\"og:description\" content=\"\u00dcberpr\u00fcfen von Dateien\/Links zu Viren online \u00fcber Planet VPN\" \/>\n<meta property=\"og:url\" content=\"https:\/\/freevpnplanet.com\/de\/virus-scan\/\" \/>\n<meta property=\"og:site_name\" content=\"Planet VPN\" \/>\n<meta property=\"article:modified_time\" content=\"2026-01-20T12:18:50+00:00\" \/>\n<meta name=\"twitter:card\" content=\"summary_large_image\" \/>\n<script type=\"application\/ld+json\" class=\"yoast-schema-graph\">{\"@context\":\"https:\/\/schema.org\",\"@graph\":[{\"@type\":\"WebPage\",\"@id\":\"https:\/\/freevpnplanet.com\/de\/virus-scan\/\",\"url\":\"https:\/\/freevpnplanet.com\/de\/virus-scan\/\",\"name\":\"Kostenloser Virenscan - Suchen Sie per Datei oder URL nach Viren - Planet VPN\",\"isPartOf\":{\"@id\":\"https:\/\/freevpnplanet.com\/de\/#website\"},\"datePublished\":\"2024-06-03T16:16:22+00:00\",\"dateModified\":\"2026-01-20T12:18:50+00:00\",\"description\":\"\u00dcberpr\u00fcfen von Dateien\/Links zu Viren online \u00fcber Planet VPN\",\"breadcrumb\":{\"@id\":\"https:\/\/freevpnplanet.com\/de\/virus-scan\/#breadcrumb\"},\"inLanguage\":\"de\",\"potentialAction\":[{\"@type\":\"ReadAction\",\"target\":[\"https:\/\/freevpnplanet.com\/de\/virus-scan\/\"]}]},{\"@type\":\"BreadcrumbList\",\"@id\":\"https:\/\/freevpnplanet.com\/de\/virus-scan\/#breadcrumb\",\"itemListElement\":[{\"@type\":\"ListItem\",\"position\":1,\"name\":\"Home\",\"item\":\"https:\/\/freevpnplanet.com\/de\/\"},{\"@type\":\"ListItem\",\"position\":2,\"name\":\"Virus scan\"}]},{\"@type\":\"WebSite\",\"@id\":\"https:\/\/freevpnplanet.com\/de\/#website\",\"url\":\"https:\/\/freevpnplanet.com\/de\/\",\"name\":\"Planet VPN \ud83d\udee1\ufe0f\ud83c\udf10 Free VPN\",\"description\":\"Free VPN\",\"potentialAction\":[{\"@type\":\"SearchAction\",\"target\":{\"@type\":\"EntryPoint\",\"urlTemplate\":\"https:\/\/freevpnplanet.com\/de\/?s={search_term_string}\"},\"query-input\":\"required name=search_term_string\"}],\"inLanguage\":\"de\",\"publisher\":{\"@id\":\"https:\/\/freevpnplanet.com\/de\/#organization\"}},{\"@context\":\"https:\/\/schema.org\/\",\"@type\":\"SoftwareApplication\",\"name\":\"Planet VPN \ud83d\udee1\ufe0f\ud83c\udf10 Free VPN\",\"operatingSystem\":\"Windows, macOS, iOS, Android, Linux, Chrome\",\"applicationCategory\":\"SecurityApplication\",\"offers\":{\"@type\":\"AggregateOffer\",\"priceCurrency\":\"USD\",\"price\":\"0\",\"lowPrice\":\"0\",\"availability\":\"https:\/\/schema.org\/InStock\"},\"aggregateRating\":{\"@type\":\"AggregateRating\",\"ratingValue\":\"4.8\",\"bestRating\":\"5\",\"ratingCount\":\"12476\"}},{\"@type\":\"Organization\",\"@id\":\"https:\/\/freevpnplanet.com\/de\/#organization\",\"url\":\"https:\/\/freevpnplanet.com\/de\/\",\"name\":\"Planet VPN \ud83d\udee1\ufe0f\ud83c\udf10 Free VPN\"}]}<\/script>\n<!-- \/ Yoast SEO plugin. -->","yoast_head_json":{"title":"Kostenloser Virenscan - Suchen Sie per Datei oder URL nach Viren - Planet VPN","description":"\u00dcberpr\u00fcfen von Dateien\/Links zu Viren online \u00fcber Planet VPN","robots":{"index":"index","follow":"follow","max-snippet":"max-snippet:-1","max-image-preview":"max-image-preview:large","max-video-preview":"max-video-preview:-1"},"canonical":"https:\/\/freevpnplanet.com\/de\/virus-scan\/","og_locale":"de_DE","og_type":"article","og_title":"Kostenloser Virenscan - Suchen Sie per Datei oder URL nach Viren - Planet VPN","og_description":"\u00dcberpr\u00fcfen von Dateien\/Links zu Viren online \u00fcber Planet VPN","og_url":"https:\/\/freevpnplanet.com\/de\/virus-scan\/","og_site_name":"Planet VPN","article_modified_time":"2026-01-20T12:18:50+00:00","twitter_card":"summary_large_image","schema":{"@context":"https:\/\/schema.org","@graph":[{"@type":"WebPage","@id":"https:\/\/freevpnplanet.com\/de\/virus-scan\/","url":"https:\/\/freevpnplanet.com\/de\/virus-scan\/","name":"Kostenloser Virenscan - Suchen Sie per Datei oder URL nach Viren - Planet VPN","isPartOf":{"@id":"https:\/\/freevpnplanet.com\/de\/#website"},"datePublished":"2024-06-03T16:16:22+00:00","dateModified":"2026-01-20T12:18:50+00:00","description":"\u00dcberpr\u00fcfen von Dateien\/Links zu Viren online \u00fcber Planet VPN","breadcrumb":{"@id":"https:\/\/freevpnplanet.com\/de\/virus-scan\/#breadcrumb"},"inLanguage":"de","potentialAction":[{"@type":"ReadAction","target":["https:\/\/freevpnplanet.com\/de\/virus-scan\/"]}]},{"@type":"BreadcrumbList","@id":"https:\/\/freevpnplanet.com\/de\/virus-scan\/#breadcrumb","itemListElement":[{"@type":"ListItem","position":1,"name":"Home","item":"https:\/\/freevpnplanet.com\/de\/"},{"@type":"ListItem","position":2,"name":"Virus scan"}]},{"@type":"WebSite","@id":"https:\/\/freevpnplanet.com\/de\/#website","url":"https:\/\/freevpnplanet.com\/de\/","name":"Planet VPN \ud83d\udee1\ufe0f\ud83c\udf10 Free VPN","description":"Free VPN","potentialAction":[{"@type":"SearchAction","target":{"@type":"EntryPoint","urlTemplate":"https:\/\/freevpnplanet.com\/de\/?s={search_term_string}"},"query-input":"required name=search_term_string"}],"inLanguage":"de","publisher":{"@id":"https:\/\/freevpnplanet.com\/de\/#organization"}},{"@context":"https:\/\/schema.org\/","@type":"SoftwareApplication","name":"Planet VPN \ud83d\udee1\ufe0f\ud83c\udf10 Free VPN","operatingSystem":"Windows, macOS, iOS, Android, Linux, Chrome","applicationCategory":"SecurityApplication","offers":{"@type":"AggregateOffer","priceCurrency":"USD","price":"0","lowPrice":"0","availability":"https:\/\/schema.org\/InStock"},"aggregateRating":{"@type":"AggregateRating","ratingValue":"4.8","bestRating":"5","ratingCount":"12476"}},{"@type":"Organization","@id":"https:\/\/freevpnplanet.com\/de\/#organization","url":"https:\/\/freevpnplanet.com\/de\/","name":"Planet VPN \ud83d\udee1\ufe0f\ud83c\udf10 Free VPN"}]}},"acf":[],"_links":{"self":[{"href":"https:\/\/freevpnplanet.com\/de\/wp-json\/wp\/v2\/pages\/98500","targetHints":{"allow":["GET"]}}],"collection":[{"href":"https:\/\/freevpnplanet.com\/de\/wp-json\/wp\/v2\/pages"}],"about":[{"href":"https:\/\/freevpnplanet.com\/de\/wp-json\/wp\/v2\/types\/page"}],"author":[{"embeddable":true,"href":"https:\/\/freevpnplanet.com\/de\/wp-json\/wp\/v2\/users\/13"}],"replies":[{"embeddable":true,"href":"https:\/\/freevpnplanet.com\/de\/wp-json\/wp\/v2\/comments?post=98500"}],"version-history":[{"count":1,"href":"https:\/\/freevpnplanet.com\/de\/wp-json\/wp\/v2\/pages\/98500\/revisions"}],"predecessor-version":[{"id":129926,"href":"https:\/\/freevpnplanet.com\/de\/wp-json\/wp\/v2\/pages\/98500\/revisions\/129926"}],"wp:attachment":[{"href":"https:\/\/freevpnplanet.com\/de\/wp-json\/wp\/v2\/media?parent=98500"}],"wp:term":[{"taxonomy":"download_by_lite_tag","embeddable":true,"href":"https:\/\/freevpnplanet.com\/de\/wp-json\/wp\/v2\/download_by_lite_tag?post=98500"}],"curies":[{"name":"wp","href":"https:\/\/api.w.org\/{rel}","templated":true}]}}