{"id":99287,"date":"2024-05-31T15:55:49","date_gmt":"2024-05-31T12:55:49","guid":{"rendered":"https:\/\/help.freeplanetvpn.com\/password-generator\/"},"modified":"2026-01-20T15:49:24","modified_gmt":"2026-01-20T12:49:24","slug":"password-generator","status":"publish","type":"page","link":"https:\/\/freevpnplanet.com\/de\/password-generator\/","title":{"rendered":"Password generator"},"content":{"rendered":"\n<section class=\"tools-hero\">\n  <div class=\"tools-hero__inner container\">\n\n    <div class=\"password-generator__wrapper\">\n      <div class=\"password-generator\">\n                  <div class=\"password-generator__text\"><h1 class=\"passGen-title\">Online-Passwortgenerator &#8211; sicher, zuf\u00e4llig und stark<\/h1>\n<p class=\"passGen-description\">Entwickeln Sie mit unserem Passwortgenerator ein gutes Passwort. Wenn Sie diese M\u00f6glichkeit nutzen, dann k\u00f6nnen Sie Sicherheitsrisiken senken.<\/p><\/div>\n        \n        <div class=\"password-generator__result\">\n          <div class=\"password-generator__password\">\n            <input id=\"password\" type=\"text\" class=\"password-generator__input\" readonly>\n            <button id=\"qa-generate-password\" type=\"button\" class=\"password-generator__generate\" aria-label=\"Generieren\"><\/button>\n            <button id=\"qa-copy-password\" type=\"button\" class=\"password-generator__copy\" aria-label=\"Kopieren\"><\/button>\n          <\/div>\n\n          <div id=\"qa-copied-message\" class=\"password-generator__msg\"><\/div>\n          <script>\n            window.success_copied_message = '';\n            window.error_copied_message = '';\n          <\/script>\n          <div class=\"password-generator__power\">\n            <span>Schwach<\/span>\n            <span>Stark<\/span>\n            <b class=\"password-generator__power-line\" style=\"--width:0\"><\/b>\n          <\/div>\n        <\/div>\n\n        <form name=\"passwordGenerator\" method=\"post\" action=\"\" class=\"password-generator__form\">\n          <h2>Konfigurationen<\/h2>\n          <div class=\"password-generator__characters\">\n            <b>Zeichentyp<\/b>\n            <label>\n              <input id=\"upperCaseCheckBox\" type=\"checkbox\" name=\"lettersUppercase\" checked \/>\n              <span>Gro\u00dfbuchstaben<\/span>\n            <\/label>\n            <label>\n              <input id=\"lowerCaseCheckBox\" type=\"checkbox\" name=\"lettersLowercase\" checked \/>\n              <span>Kleinbuchstaben<\/span>\n            <\/label>\n          <\/div>\n\n          <div class=\"password-generator__slider\">\n            <b>L\u00e4nge <span class=\"password-generator__lengthValue-span\">12<\/span><\/b>\n            <label>\n              <input id=\"qa-length\" type=\"range\" min=\"6\" max=\"20\" value=\"12\" name=\"lengthValue\" \/>\n            <\/label>\n          <\/div>\n\n          <div class=\"password-generator__slider\">\n            <b>Ziffern <span class=\"password-generator__digitsValue-span\">4<\/span><\/b>\n            <label>\n              <input id=\"qa-digits\" type=\"range\" min=\"0\" max=\"20\" value=\"4\" name=\"digitsValue\" \/>\n            <\/label>\n          <\/div>\n\n          <div class=\"password-generator__slider\">\n            <b>Symbole <span class=\"password-generator__symbolsValue-span\">2<\/span><\/b>\n            <label>\n              <input id=\"qa-symbols\" type=\"range\" min=\"0\" max=\"20\" value=\"2\" name=\"symbolsValue\" \/>\n            <\/label>\n          <\/div>\n\n        <\/form>\n      <\/div>\n\n    <\/div>\n  <\/div>\n\n  <div class=\"tools-hero__menu\"><ul id=\"menu-tools-menu-german\" class=\"menu\"><li id=\"menu-item-117456\" class=\"menu-item menu-item-type-post_type menu-item-object-page menu-item-117456\"><a href=\"https:\/\/freevpnplanet.com\/de\/dns-check\/\">DNS check<\/a><\/li>\n<li id=\"menu-item-117457\" class=\"menu-item menu-item-type-post_type menu-item-object-page menu-item-117457\"><a href=\"https:\/\/freevpnplanet.com\/de\/web-rtc\/\">Web RTC<\/a><\/li>\n<li id=\"menu-item-117458\" class=\"menu-item menu-item-type-post_type menu-item-object-page menu-item-117458\"><a href=\"https:\/\/freevpnplanet.com\/de\/virus-scan\/\">Virus scan<\/a><\/li>\n<li id=\"menu-item-117533\" class=\"menu-item menu-item-type-post_type menu-item-object-page menu-item-117533\"><a href=\"https:\/\/freevpnplanet.com\/de\/ip-check\/\">IP Check<\/a><\/li>\n<li id=\"menu-item-117534\" class=\"menu-item menu-item-type-post_type menu-item-object-page menu-item-117534\"><a href=\"https:\/\/freevpnplanet.com\/de\/password-generator\/\">Password generator<\/a><\/li>\n<\/ul><\/div>\n<\/section>\n\n<section class=\"two-col-content custom-block align-full  rtl ratio-normal text image-visible-on-mobile-no\" style='--background-color:var(--background-blue)'>\n\n    <div class=\"gutenberg-block-background\"><\/div>\n    <div class=\"two-col-content__container inner-container\">\n        \n                    <div class=\"two-col-content__description\"><p>Der Online-Passwortgenerator ist eine kostenlose M\u00f6glichkeit f\u00fcr die Entwicklung der guten und sicheren Passw\u00f6rter. Das kann jeder Mensch nutzen, der ein schweres Passwort f\u00fcr die Anmeldung auf der Webseite, im Internet-Shop oder in verschiedenen Internet-Organisationen haben will.<\/p>\n<p>Auch k\u00f6nnen Sie ein Passwort auf sich selbst ansetzen, wobei Sie verschiedene Einstellungen benutzen. Alle Passw\u00f6rter werden nach dem Zufallsprinzip generiert, und das kann eine gute Sicherheit gew\u00e4hrleisten.<\/p>\n<p>Um ein sicheres Passwort zu entwickeln, benutzen Sie unseren Generator. Zuerst m\u00fcssen Sie die L\u00e4nge w\u00e4hlen (wir empfehlen nicht mehr als 8 Symbole), dann die Komplexit\u00e4t. Sie m\u00fcssen auch ausw\u00e4hlen, ob die Buchstaben nur Gro\u00dfbuchstaben oder auch Kleinbuchstaben benutzt werden. Dann kreuzen Sie an, wie viele Zahlen oder andere Symbole beim Passwort benutzt werden sollen. Unser Generator f\u00fcr die Passw\u00f6rter wird automatisch nach dem Zufallsprinzip ein Passwort laut Ihrer Kennziffer generiert und dann m\u00fcssen Sie ihn nur kopieren.<\/p>\n<p>Wenn Sie glauben, dass das Passwort sehr schwer zu merken ist oder es nicht passt, k\u00f6nnen Sie ein neues Passwort generieren lassen oder es selbst ab\u00e4ndern.<\/p>\n<blockquote>\n<p>Sie m\u00fcssen darauf achten, dass das Passwort auf Ihrem Ger\u00e4t generiert wird. Das hei\u00dft, dass sogar wir Ihr Passwort nicht wissen d\u00fcrfen. Und damit niemand Ihr sicheres Passwort w\u00e4hrend der Eingabe auf einer Webseite hat, k\u00f6nnen Sie unseren VPN Service mit sicherer Verschl\u00fcsselung benutzen.<\/p>\n<\/blockquote><\/div>\n        \n                                    <h2 class=\"two-col-content__text\">WIE KANN MAN EIN SICHERES PASSWORT ENTWICKELN?<\/h2>\n                    \n            <\/div>\n<\/section>","protected":false},"excerpt":{"rendered":"","protected":false},"author":13,"featured_media":0,"parent":0,"menu_order":0,"comment_status":"closed","ping_status":"closed","template":"templates\/page_template-basic_for_gutenberg.php","meta":{"_acf_changed":false,"inline_featured_image":false,"footnotes":""},"download_by_lite_tag":[],"class_list":["post-99287","page","type-page","status-publish","hentry"],"yoast_head":"<!-- This site is optimized with the Yoast SEO plugin v22.6 - https:\/\/yoast.com\/wordpress\/plugins\/seo\/ -->\n<title>Passwortgenerator - zuf\u00e4lliges und sicheres Passwort - Planet VPN<\/title>\n<meta name=\"description\" content=\"Entwickeln Sie mit unserem Passwortgenerator ein gutes Passwort. Wenn Sie diese M\u00f6glichkeit nutzen, dann k\u00f6nnen Sie Sicherheitsrisiken senken.\" \/>\n<meta name=\"robots\" content=\"index, follow, max-snippet:-1, max-image-preview:large, max-video-preview:-1\" \/>\n<link rel=\"canonical\" href=\"https:\/\/freevpnplanet.com\/de\/password-generator\/\" \/>\n<meta property=\"og:locale\" content=\"de_DE\" \/>\n<meta property=\"og:type\" content=\"article\" \/>\n<meta property=\"og:title\" content=\"Passwortgenerator - zuf\u00e4lliges und sicheres Passwort - Planet VPN\" \/>\n<meta property=\"og:description\" content=\"Entwickeln Sie mit unserem Passwortgenerator ein gutes Passwort. Wenn Sie diese M\u00f6glichkeit nutzen, dann k\u00f6nnen Sie Sicherheitsrisiken senken.\" \/>\n<meta property=\"og:url\" content=\"https:\/\/freevpnplanet.com\/de\/password-generator\/\" \/>\n<meta property=\"og:site_name\" content=\"Planet VPN\" \/>\n<meta property=\"article:modified_time\" content=\"2026-01-20T12:49:24+00:00\" \/>\n<meta name=\"twitter:card\" content=\"summary_large_image\" \/>\n<script type=\"application\/ld+json\" class=\"yoast-schema-graph\">{\"@context\":\"https:\/\/schema.org\",\"@graph\":[{\"@type\":\"WebPage\",\"@id\":\"https:\/\/freevpnplanet.com\/de\/password-generator\/\",\"url\":\"https:\/\/freevpnplanet.com\/de\/password-generator\/\",\"name\":\"Passwortgenerator - zuf\u00e4lliges und sicheres Passwort - Planet VPN\",\"isPartOf\":{\"@id\":\"https:\/\/freevpnplanet.com\/de\/#website\"},\"datePublished\":\"2024-05-31T12:55:49+00:00\",\"dateModified\":\"2026-01-20T12:49:24+00:00\",\"description\":\"Entwickeln Sie mit unserem Passwortgenerator ein gutes Passwort. Wenn Sie diese M\u00f6glichkeit nutzen, dann k\u00f6nnen Sie Sicherheitsrisiken senken.\",\"breadcrumb\":{\"@id\":\"https:\/\/freevpnplanet.com\/de\/password-generator\/#breadcrumb\"},\"inLanguage\":\"de\",\"potentialAction\":[{\"@type\":\"ReadAction\",\"target\":[\"https:\/\/freevpnplanet.com\/de\/password-generator\/\"]}]},{\"@type\":\"BreadcrumbList\",\"@id\":\"https:\/\/freevpnplanet.com\/de\/password-generator\/#breadcrumb\",\"itemListElement\":[{\"@type\":\"ListItem\",\"position\":1,\"name\":\"Home\",\"item\":\"https:\/\/freevpnplanet.com\/de\/\"},{\"@type\":\"ListItem\",\"position\":2,\"name\":\"Password generator\"}]},{\"@type\":\"WebSite\",\"@id\":\"https:\/\/freevpnplanet.com\/de\/#website\",\"url\":\"https:\/\/freevpnplanet.com\/de\/\",\"name\":\"Planet VPN \ud83d\udee1\ufe0f\ud83c\udf10 Free VPN\",\"description\":\"Free VPN\",\"potentialAction\":[{\"@type\":\"SearchAction\",\"target\":{\"@type\":\"EntryPoint\",\"urlTemplate\":\"https:\/\/freevpnplanet.com\/de\/?s={search_term_string}\"},\"query-input\":\"required name=search_term_string\"}],\"inLanguage\":\"de\",\"publisher\":{\"@id\":\"https:\/\/freevpnplanet.com\/de\/#organization\"}},{\"@context\":\"https:\/\/schema.org\/\",\"@type\":\"SoftwareApplication\",\"name\":\"Planet VPN \ud83d\udee1\ufe0f\ud83c\udf10 Free VPN\",\"operatingSystem\":\"Windows, macOS, iOS, Android, Linux, Chrome\",\"applicationCategory\":\"SecurityApplication\",\"offers\":{\"@type\":\"AggregateOffer\",\"priceCurrency\":\"USD\",\"price\":\"0\",\"lowPrice\":\"0\",\"availability\":\"https:\/\/schema.org\/InStock\"},\"aggregateRating\":{\"@type\":\"AggregateRating\",\"ratingValue\":\"4.8\",\"bestRating\":\"5\",\"ratingCount\":\"12476\"}},{\"@type\":\"Organization\",\"@id\":\"https:\/\/freevpnplanet.com\/de\/#organization\",\"url\":\"https:\/\/freevpnplanet.com\/de\/\",\"name\":\"Planet VPN \ud83d\udee1\ufe0f\ud83c\udf10 Free VPN\"}]}<\/script>\n<!-- \/ Yoast SEO plugin. -->","yoast_head_json":{"title":"Passwortgenerator - zuf\u00e4lliges und sicheres Passwort - Planet VPN","description":"Entwickeln Sie mit unserem Passwortgenerator ein gutes Passwort. Wenn Sie diese M\u00f6glichkeit nutzen, dann k\u00f6nnen Sie Sicherheitsrisiken senken.","robots":{"index":"index","follow":"follow","max-snippet":"max-snippet:-1","max-image-preview":"max-image-preview:large","max-video-preview":"max-video-preview:-1"},"canonical":"https:\/\/freevpnplanet.com\/de\/password-generator\/","og_locale":"de_DE","og_type":"article","og_title":"Passwortgenerator - zuf\u00e4lliges und sicheres Passwort - Planet VPN","og_description":"Entwickeln Sie mit unserem Passwortgenerator ein gutes Passwort. Wenn Sie diese M\u00f6glichkeit nutzen, dann k\u00f6nnen Sie Sicherheitsrisiken senken.","og_url":"https:\/\/freevpnplanet.com\/de\/password-generator\/","og_site_name":"Planet VPN","article_modified_time":"2026-01-20T12:49:24+00:00","twitter_card":"summary_large_image","schema":{"@context":"https:\/\/schema.org","@graph":[{"@type":"WebPage","@id":"https:\/\/freevpnplanet.com\/de\/password-generator\/","url":"https:\/\/freevpnplanet.com\/de\/password-generator\/","name":"Passwortgenerator - zuf\u00e4lliges und sicheres Passwort - Planet VPN","isPartOf":{"@id":"https:\/\/freevpnplanet.com\/de\/#website"},"datePublished":"2024-05-31T12:55:49+00:00","dateModified":"2026-01-20T12:49:24+00:00","description":"Entwickeln Sie mit unserem Passwortgenerator ein gutes Passwort. Wenn Sie diese M\u00f6glichkeit nutzen, dann k\u00f6nnen Sie Sicherheitsrisiken senken.","breadcrumb":{"@id":"https:\/\/freevpnplanet.com\/de\/password-generator\/#breadcrumb"},"inLanguage":"de","potentialAction":[{"@type":"ReadAction","target":["https:\/\/freevpnplanet.com\/de\/password-generator\/"]}]},{"@type":"BreadcrumbList","@id":"https:\/\/freevpnplanet.com\/de\/password-generator\/#breadcrumb","itemListElement":[{"@type":"ListItem","position":1,"name":"Home","item":"https:\/\/freevpnplanet.com\/de\/"},{"@type":"ListItem","position":2,"name":"Password generator"}]},{"@type":"WebSite","@id":"https:\/\/freevpnplanet.com\/de\/#website","url":"https:\/\/freevpnplanet.com\/de\/","name":"Planet VPN \ud83d\udee1\ufe0f\ud83c\udf10 Free VPN","description":"Free VPN","potentialAction":[{"@type":"SearchAction","target":{"@type":"EntryPoint","urlTemplate":"https:\/\/freevpnplanet.com\/de\/?s={search_term_string}"},"query-input":"required name=search_term_string"}],"inLanguage":"de","publisher":{"@id":"https:\/\/freevpnplanet.com\/de\/#organization"}},{"@context":"https:\/\/schema.org\/","@type":"SoftwareApplication","name":"Planet VPN \ud83d\udee1\ufe0f\ud83c\udf10 Free VPN","operatingSystem":"Windows, macOS, iOS, Android, Linux, Chrome","applicationCategory":"SecurityApplication","offers":{"@type":"AggregateOffer","priceCurrency":"USD","price":"0","lowPrice":"0","availability":"https:\/\/schema.org\/InStock"},"aggregateRating":{"@type":"AggregateRating","ratingValue":"4.8","bestRating":"5","ratingCount":"12476"}},{"@type":"Organization","@id":"https:\/\/freevpnplanet.com\/de\/#organization","url":"https:\/\/freevpnplanet.com\/de\/","name":"Planet VPN \ud83d\udee1\ufe0f\ud83c\udf10 Free VPN"}]}},"acf":[],"_links":{"self":[{"href":"https:\/\/freevpnplanet.com\/de\/wp-json\/wp\/v2\/pages\/99287","targetHints":{"allow":["GET"]}}],"collection":[{"href":"https:\/\/freevpnplanet.com\/de\/wp-json\/wp\/v2\/pages"}],"about":[{"href":"https:\/\/freevpnplanet.com\/de\/wp-json\/wp\/v2\/types\/page"}],"author":[{"embeddable":true,"href":"https:\/\/freevpnplanet.com\/de\/wp-json\/wp\/v2\/users\/13"}],"replies":[{"embeddable":true,"href":"https:\/\/freevpnplanet.com\/de\/wp-json\/wp\/v2\/comments?post=99287"}],"version-history":[{"count":1,"href":"https:\/\/freevpnplanet.com\/de\/wp-json\/wp\/v2\/pages\/99287\/revisions"}],"predecessor-version":[{"id":189481,"href":"https:\/\/freevpnplanet.com\/de\/wp-json\/wp\/v2\/pages\/99287\/revisions\/189481"}],"wp:attachment":[{"href":"https:\/\/freevpnplanet.com\/de\/wp-json\/wp\/v2\/media?parent=99287"}],"wp:term":[{"taxonomy":"download_by_lite_tag","embeddable":true,"href":"https:\/\/freevpnplanet.com\/de\/wp-json\/wp\/v2\/download_by_lite_tag?post=99287"}],"curies":[{"name":"wp","href":"https:\/\/api.w.org\/{rel}","templated":true}]}}