{"id":99341,"date":"2024-06-13T13:50:50","date_gmt":"2024-06-13T10:50:50","guid":{"rendered":"https:\/\/help.freeplanetvpn.com\/refund\/"},"modified":"2026-03-13T15:21:32","modified_gmt":"2026-03-13T12:21:32","slug":"refund","status":"publish","type":"page","link":"https:\/\/freevpnplanet.com\/de\/refund\/","title":{"rendered":"R\u00fcckerstattungen"},"content":{"rendered":"\n<div class=\"container-box custom-block align-none \" style=''>\n\n    <div class=\"gutenberg-block-background\"><\/div>\n    <div class=\"container-box__inner inner-container\">\n        \n\n<div class=\"wp-block-columns are-vertically-aligned-center is-layout-flex wp-container-core-columns-is-layout-1 wp-block-columns-is-layout-flex row-gap--20 stack-breakpoint--768\">\n<div class=\"wp-block-column is-vertically-aligned-center is-layout-flow wp-block-column-is-layout-flow\" style=\"flex-basis:66%\">\n<h1 class=\"wp-block-heading has-x-large-font-size\">Die Richtlinie der R\u00fcckf\u00fchrung<\/h1>\n\n\n\n<p class=\"has-dark-blue-3-color has-text-color has-link-color wp-elements-8c39af57b6369bfa76485b6d0c27f701\">Zuletzt aktualisiert am 13. M\u00e4rz 2026<\/p>\n\n\n\n<h2 class=\"wp-block-heading\">Probleml\u00f6sung<\/h2>\n\n\n\n<p class=\"\">Wenn Sie mit dem VPN-Service nicht zufrieden sind, informieren Sie uns bitte per E-Mail an&nbsp;<a href=\"mailto:support@freevpnplanet.com\">support@freevpnplanet.com<\/a>. Es gibt eine Reihe von Konfigurationsproblemen des Services, die die Nutzung der Services f\u00fcr Sie behindern k\u00f6nnen, aber wir l\u00f6sen die meisten dieser Probleme. Es ist eine erfolgreiche Praxis, dass wir ein Problem, das zum ersten Mal bei Ihnen auftritt, l\u00f6sen.<\/p>\n<\/div>\n\n\n\n<div class=\"wp-block-column is-vertically-aligned-center is-layout-flow wp-block-column-is-layout-flow\">\n<figure class=\"wp-block-image alignright size-large\"><img decoding=\"async\" width=\"196\" height=\"249\" src=\"https:\/\/freevpnplanet.com\/wp-content\/uploads\/2024\/06\/rvpn-refund.94efaa9-20240613_135146_986598.svg\" alt=\"\" class=\"wp-image-94623\"\/><\/figure>\n<\/div>\n<\/div>\n\n\n\n<h2 class=\"wp-block-heading\">Erstattungsbedingungen<\/h2>\n\n\n\n<p class=\"\">Nutzer haben das Recht, innerhalb von 14 Tagen nach Abschluss des Vertrags vom Vertrag zur\u00fcckzutreten. Sie k\u00f6nnen eine R\u00fcckerstattung beantragen, indem Sie unser Support-Team unter <a>support@freevpnplanet.com<\/a> kontaktieren. Um eine R\u00fcckerstattungsanfrage zu starten, m\u00fcssen Sie innerhalb von 7 Kalendertagen auf die E-Mail des Support-Teams antworten. Bitte warten Sie auf eine Best\u00e4tigungs-E-Mail unseres Support-Mitarbeiters bez\u00fcglich Ihrer R\u00fcckerstattung. Geben Sie den Grund f\u00fcr Ihre R\u00fcckerstattungsanfrage deutlich an, um den Pr\u00fcfungsprozess zu erleichtern. R\u00fcckerstattungsanfragen ohne angegebenen Grund werden nicht ber\u00fccksichtigt.<\/p>\n\n\n\n<p class=\"\">Dieses Recht gilt nicht, wenn die Dienstleistung gem\u00e4\u00df den <a href=\"\/de\/terms\/\">Nutzungsbedingungen<\/a> (Abschnitt 6) vollst\u00e4ndig erbracht wurde. Wenn genehmigt, wird die R\u00fcckerstattung innerhalb von 14 Tagen \u00fcber die urspr\u00fcngliche Zahlungsmethode abgewickelt.<\/p>\n\n\n\n<p class=\"\">Bei Zahlungen mit Kryptow\u00e4hrungen erstatten wir in der Regel keine Kryptow\u00e4hrungen zur\u00fcck, da Anforderungen zur Bek\u00e4mpfung von Geldw\u00e4sche und Betrug bestehen und Kryptow\u00e4hrungstransaktionen irreversibel sind. Wenn eine R\u00fcckerstattung genehmigt wird, erfolgt diese ausschlie\u00dflich per Bank\u00fcberweisung. Zur Bearbeitung der R\u00fcckerstattung m\u00fcssen Sie vollst\u00e4ndige Bankdaten angeben (vollst\u00e4ndiger Name, IBAN, SWIFT\/BIC, Name und Adresse der Bank). Der R\u00fcckerstattungsbetrag in Fiatw\u00e4hrung wird auf Grundlage des urspr\u00fcnglichen Zahlungsbetrags berechnet, der zum Wechselkurs am Tag des Zahlungseingangs umgerechnet wird, abz\u00fcglich etwaiger anfallender Transaktionsgeb\u00fchren.<\/p>\n\n\n\n<p class=\"\">Wir \u00fcbernehmen keine Verantwortung f\u00fcr Wechselkursschwankungen von Kryptow\u00e4hrungen zwischen dem Zahlungsdatum und dem R\u00fcckerstattungsdatum. Bei Dienstunterbrechungen auf Anbieter- oder Regierungsebene werden keine R\u00fcckerstattungen gew\u00e4hrt.<\/p>\n\n\n\n<p class=\"\">Zahlungen aus automatischen Abonnementverl\u00e4ngerungen sind ebenfalls nicht erstattungsf\u00e4hig. Nach Genehmigung einer R\u00fcckerstattung k\u00f6nnen Sie weiterhin die kostenlosen Server nutzen, jedoch wird Ihr Zugriff auf Premium-Standorte sofort aufgehoben.<\/p>\n\n\n\n<h2 class=\"wp-block-heading\">In-App-K\u00e4ufe<\/h2>\n\n\n\n<p class=\"\">&#8220;In-App&#8221;-K\u00e4ufe, die \u00fcber den iTunes\/App Store und Google Play Market get\u00e4tigt werden, unterliegen den Erstattungsrichtlinien des iTunes\/App Stores bzw. des Google Play Markets. Bitte wenden Sie sich direkt an den Support des jeweiligen Stores. Bitte beachten Sie, dass eine Stornierung des Abonnements im iTunes\/App Store oder Google Play Market nicht zu einer R\u00fcckerstattung f\u00fchrt. Z\u00f6gern Sie nicht, weitere Details vom Store-Support zu verlangen, wenn Sie einen solchen Kauf stornieren.<\/p>\n\n\n\n<p class=\"\">Bitte beachten Sie, dass K\u00e4ufe, die mit Telegram Stars f\u00fcr Planet VPN get\u00e4tigt werden, nicht erstattungsf\u00e4hig sind.<\/p>\n\n\n\n<h2 class=\"wp-block-heading\">Abonnement-K\u00fcndigung<\/h2>\n\n\n\n<p class=\"\">Sie k\u00f6nnen Ihr Premium-Abonnement jederzeit k\u00fcndigen. Wenn das Abonnement mit automatischer Verl\u00e4ngerung ausgestellt wird, k\u00f6nnen Sie es selbst \u00fcber Ihr pers\u00f6nliches Konto auf der Website k\u00fcndigen oder indem Sie unser Support-Team unter&nbsp;<a href=\"mailto:support@freevpnplanet.com\">support@freevpnplanet.com<\/a>&nbsp;mit einer Mitteilung \u00fcber die K\u00fcndigung des Abonnements mindestens 24 Stunden vor dem n\u00e4chsten kontaktieren Abbuchungsfrist. Sie verpflichten sich, bei der Kommunikation mit unserem Support-Team per E-Mail oder Online-Chat h\u00f6flich und freundlich zu sein. Wenn wir Ihr Verhalten als bedrohlich oder beleidigend empfinden, behalten wir uns das Recht vor, Sie sofort auf die schwarze Liste zu setzen und Ihren Zugang zum Chat zu sperren.<\/p>\n\n\n    <\/div>\n\n<\/div>\n","protected":false},"excerpt":{"rendered":"","protected":false},"author":13,"featured_media":0,"parent":0,"menu_order":0,"comment_status":"closed","ping_status":"closed","template":"templates\/page_template-basic_for_gutenberg.php","meta":{"_acf_changed":false,"inline_featured_image":false,"footnotes":""},"download_by_lite_tag":[],"class_list":["post-99341","page","type-page","status-publish","hentry"],"yoast_head":"<!-- This site is optimized with the Yoast SEO plugin v22.6 - https:\/\/yoast.com\/wordpress\/plugins\/seo\/ -->\n<title>ein R\u00fccksprung<\/title>\n<meta name=\"description\" content=\"Beste VPN von Planet VPN - Refunds\" \/>\n<meta name=\"robots\" content=\"index, follow, max-snippet:-1, max-image-preview:large, max-video-preview:-1\" \/>\n<link rel=\"canonical\" href=\"https:\/\/freevpnplanet.com\/de\/refund\/\" \/>\n<meta property=\"og:locale\" content=\"de_DE\" \/>\n<meta property=\"og:type\" content=\"article\" \/>\n<meta property=\"og:title\" content=\"ein R\u00fccksprung\" \/>\n<meta property=\"og:description\" content=\"Beste VPN von Planet VPN - Refunds\" \/>\n<meta property=\"og:url\" content=\"https:\/\/freevpnplanet.com\/de\/refund\/\" \/>\n<meta property=\"og:site_name\" content=\"Planet VPN\" \/>\n<meta property=\"article:modified_time\" content=\"2026-03-13T12:21:32+00:00\" \/>\n<meta property=\"og:image\" content=\"https:\/\/freevpnplanet.com\/wp-content\/uploads\/2024\/06\/rvpn-refund.94efaa9-20240613_135146_986598.svg\" \/>\n<meta name=\"twitter:card\" content=\"summary_large_image\" \/>\n<meta name=\"twitter:label1\" content=\"Est. reading time\" \/>\n\t<meta name=\"twitter:data1\" content=\"3 minutes\" \/>\n<script type=\"application\/ld+json\" class=\"yoast-schema-graph\">{\"@context\":\"https:\/\/schema.org\",\"@graph\":[{\"@type\":\"WebPage\",\"@id\":\"https:\/\/freevpnplanet.com\/de\/refund\/\",\"url\":\"https:\/\/freevpnplanet.com\/de\/refund\/\",\"name\":\"ein R\u00fccksprung\",\"isPartOf\":{\"@id\":\"https:\/\/freevpnplanet.com\/de\/#website\"},\"primaryImageOfPage\":{\"@id\":\"https:\/\/freevpnplanet.com\/de\/refund\/#primaryimage\"},\"image\":{\"@id\":\"https:\/\/freevpnplanet.com\/de\/refund\/#primaryimage\"},\"thumbnailUrl\":\"https:\/\/freevpnplanet.com\/wp-content\/uploads\/2024\/06\/rvpn-refund.94efaa9-20240613_135146_986598.svg\",\"datePublished\":\"2024-06-13T10:50:50+00:00\",\"dateModified\":\"2026-03-13T12:21:32+00:00\",\"description\":\"Beste VPN von Planet VPN - Refunds\",\"breadcrumb\":{\"@id\":\"https:\/\/freevpnplanet.com\/de\/refund\/#breadcrumb\"},\"inLanguage\":\"de\",\"potentialAction\":[{\"@type\":\"ReadAction\",\"target\":[\"https:\/\/freevpnplanet.com\/de\/refund\/\"]}]},{\"@type\":\"ImageObject\",\"inLanguage\":\"de\",\"@id\":\"https:\/\/freevpnplanet.com\/de\/refund\/#primaryimage\",\"url\":\"https:\/\/freevpnplanet.com\/wp-content\/uploads\/2024\/06\/rvpn-refund.94efaa9-20240613_135146_986598.svg\",\"contentUrl\":\"https:\/\/freevpnplanet.com\/wp-content\/uploads\/2024\/06\/rvpn-refund.94efaa9-20240613_135146_986598.svg\"},{\"@type\":\"BreadcrumbList\",\"@id\":\"https:\/\/freevpnplanet.com\/de\/refund\/#breadcrumb\",\"itemListElement\":[{\"@type\":\"ListItem\",\"position\":1,\"name\":\"Home\",\"item\":\"https:\/\/freevpnplanet.com\/de\/\"},{\"@type\":\"ListItem\",\"position\":2,\"name\":\"R\u00fcckerstattungen\"}]},{\"@type\":\"WebSite\",\"@id\":\"https:\/\/freevpnplanet.com\/de\/#website\",\"url\":\"https:\/\/freevpnplanet.com\/de\/\",\"name\":\"Planet VPN \ud83d\udee1\ufe0f\ud83c\udf10 Free VPN\",\"description\":\"Free VPN\",\"potentialAction\":[{\"@type\":\"SearchAction\",\"target\":{\"@type\":\"EntryPoint\",\"urlTemplate\":\"https:\/\/freevpnplanet.com\/de\/?s={search_term_string}\"},\"query-input\":\"required name=search_term_string\"}],\"inLanguage\":\"de\",\"publisher\":{\"@id\":\"https:\/\/freevpnplanet.com\/de\/#organization\"}},{\"@context\":\"https:\/\/schema.org\/\",\"@type\":\"SoftwareApplication\",\"name\":\"Planet VPN \ud83d\udee1\ufe0f\ud83c\udf10 Free VPN\",\"operatingSystem\":\"Windows, macOS, iOS, Android, Linux, Chrome\",\"applicationCategory\":\"SecurityApplication\",\"offers\":{\"@type\":\"AggregateOffer\",\"priceCurrency\":\"USD\",\"price\":\"0\",\"lowPrice\":\"0\",\"availability\":\"https:\/\/schema.org\/InStock\"},\"aggregateRating\":{\"@type\":\"AggregateRating\",\"ratingValue\":\"4.8\",\"bestRating\":\"5\",\"ratingCount\":\"12476\"}},{\"@type\":\"Organization\",\"@id\":\"https:\/\/freevpnplanet.com\/de\/#organization\",\"url\":\"https:\/\/freevpnplanet.com\/de\/\",\"name\":\"Planet VPN \ud83d\udee1\ufe0f\ud83c\udf10 Free VPN\"}]}<\/script>\n<!-- \/ Yoast SEO plugin. -->","yoast_head_json":{"title":"ein R\u00fccksprung","description":"Beste VPN von Planet VPN - Refunds","robots":{"index":"index","follow":"follow","max-snippet":"max-snippet:-1","max-image-preview":"max-image-preview:large","max-video-preview":"max-video-preview:-1"},"canonical":"https:\/\/freevpnplanet.com\/de\/refund\/","og_locale":"de_DE","og_type":"article","og_title":"ein R\u00fccksprung","og_description":"Beste VPN von Planet VPN - Refunds","og_url":"https:\/\/freevpnplanet.com\/de\/refund\/","og_site_name":"Planet VPN","article_modified_time":"2026-03-13T12:21:32+00:00","og_image":[{"url":"https:\/\/freevpnplanet.com\/wp-content\/uploads\/2024\/06\/rvpn-refund.94efaa9-20240613_135146_986598.svg"}],"twitter_card":"summary_large_image","twitter_misc":{"Est. reading time":"3 minutes"},"schema":{"@context":"https:\/\/schema.org","@graph":[{"@type":"WebPage","@id":"https:\/\/freevpnplanet.com\/de\/refund\/","url":"https:\/\/freevpnplanet.com\/de\/refund\/","name":"ein R\u00fccksprung","isPartOf":{"@id":"https:\/\/freevpnplanet.com\/de\/#website"},"primaryImageOfPage":{"@id":"https:\/\/freevpnplanet.com\/de\/refund\/#primaryimage"},"image":{"@id":"https:\/\/freevpnplanet.com\/de\/refund\/#primaryimage"},"thumbnailUrl":"https:\/\/freevpnplanet.com\/wp-content\/uploads\/2024\/06\/rvpn-refund.94efaa9-20240613_135146_986598.svg","datePublished":"2024-06-13T10:50:50+00:00","dateModified":"2026-03-13T12:21:32+00:00","description":"Beste VPN von Planet VPN - Refunds","breadcrumb":{"@id":"https:\/\/freevpnplanet.com\/de\/refund\/#breadcrumb"},"inLanguage":"de","potentialAction":[{"@type":"ReadAction","target":["https:\/\/freevpnplanet.com\/de\/refund\/"]}]},{"@type":"ImageObject","inLanguage":"de","@id":"https:\/\/freevpnplanet.com\/de\/refund\/#primaryimage","url":"https:\/\/freevpnplanet.com\/wp-content\/uploads\/2024\/06\/rvpn-refund.94efaa9-20240613_135146_986598.svg","contentUrl":"https:\/\/freevpnplanet.com\/wp-content\/uploads\/2024\/06\/rvpn-refund.94efaa9-20240613_135146_986598.svg"},{"@type":"BreadcrumbList","@id":"https:\/\/freevpnplanet.com\/de\/refund\/#breadcrumb","itemListElement":[{"@type":"ListItem","position":1,"name":"Home","item":"https:\/\/freevpnplanet.com\/de\/"},{"@type":"ListItem","position":2,"name":"R\u00fcckerstattungen"}]},{"@type":"WebSite","@id":"https:\/\/freevpnplanet.com\/de\/#website","url":"https:\/\/freevpnplanet.com\/de\/","name":"Planet VPN \ud83d\udee1\ufe0f\ud83c\udf10 Free VPN","description":"Free VPN","potentialAction":[{"@type":"SearchAction","target":{"@type":"EntryPoint","urlTemplate":"https:\/\/freevpnplanet.com\/de\/?s={search_term_string}"},"query-input":"required name=search_term_string"}],"inLanguage":"de","publisher":{"@id":"https:\/\/freevpnplanet.com\/de\/#organization"}},{"@context":"https:\/\/schema.org\/","@type":"SoftwareApplication","name":"Planet VPN \ud83d\udee1\ufe0f\ud83c\udf10 Free VPN","operatingSystem":"Windows, macOS, iOS, Android, Linux, Chrome","applicationCategory":"SecurityApplication","offers":{"@type":"AggregateOffer","priceCurrency":"USD","price":"0","lowPrice":"0","availability":"https:\/\/schema.org\/InStock"},"aggregateRating":{"@type":"AggregateRating","ratingValue":"4.8","bestRating":"5","ratingCount":"12476"}},{"@type":"Organization","@id":"https:\/\/freevpnplanet.com\/de\/#organization","url":"https:\/\/freevpnplanet.com\/de\/","name":"Planet VPN \ud83d\udee1\ufe0f\ud83c\udf10 Free VPN"}]}},"acf":[],"_links":{"self":[{"href":"https:\/\/freevpnplanet.com\/de\/wp-json\/wp\/v2\/pages\/99341","targetHints":{"allow":["GET"]}}],"collection":[{"href":"https:\/\/freevpnplanet.com\/de\/wp-json\/wp\/v2\/pages"}],"about":[{"href":"https:\/\/freevpnplanet.com\/de\/wp-json\/wp\/v2\/types\/page"}],"author":[{"embeddable":true,"href":"https:\/\/freevpnplanet.com\/de\/wp-json\/wp\/v2\/users\/13"}],"replies":[{"embeddable":true,"href":"https:\/\/freevpnplanet.com\/de\/wp-json\/wp\/v2\/comments?post=99341"}],"version-history":[{"count":9,"href":"https:\/\/freevpnplanet.com\/de\/wp-json\/wp\/v2\/pages\/99341\/revisions"}],"predecessor-version":[{"id":195834,"href":"https:\/\/freevpnplanet.com\/de\/wp-json\/wp\/v2\/pages\/99341\/revisions\/195834"}],"wp:attachment":[{"href":"https:\/\/freevpnplanet.com\/de\/wp-json\/wp\/v2\/media?parent=99341"}],"wp:term":[{"taxonomy":"download_by_lite_tag","embeddable":true,"href":"https:\/\/freevpnplanet.com\/de\/wp-json\/wp\/v2\/download_by_lite_tag?post=99341"}],"curies":[{"name":"wp","href":"https:\/\/api.w.org\/{rel}","templated":true}]}}