{"id":99974,"date":"2024-05-30T10:37:13","date_gmt":"2024-05-30T07:37:13","guid":{"rendered":"https:\/\/help.freeplanetvpn.com\/listen-to-music-radio-online-download-mp3\/"},"modified":"2026-02-11T17:15:55","modified_gmt":"2026-02-11T14:15:55","slug":"listen-to-music-radio-online-download-mp3","status":"publish","type":"page","link":"https:\/\/freevpnplanet.com\/de\/listen-to-music-radio-online-download-mp3\/","title":{"rendered":"Listen to music radio online download mp3"},"content":{"rendered":"\n<section class=\"image-text custom-block align-full bg-circle  mobile-image-bottom mobile-title-center  header-size-medium text-size-small   content-left\" style='overflow: hidden;;--background-color:var(--dark-blue-0); --text-color:var(--white);--min-height-mobile:400px;--min-height-desktop:676px;--content-width:50%'>\n\n    <div class=\"gutenberg-block-background\"><\/div>\n    <div class=\"image-text__inner inner-container\">\n\n        \n                    <div class=\"image-text__content\">\n\n                <h1>VPN kostenlos zum Herunterladen und Anh\u00f6ren von Musik<\/h1>\n<p><span data-sheets-root=\"1\">Ihr ISP oder Systemadministrator hat den Zugang zu Ihrem Lieblingssender blockiert? Wurde der Zugang zum Herunterladen der MP3 Musik blockiert?<\/span><\/p>\n<p><span data-sheets-root=\"1\">&#8211;\u00a0Das ist kein Problem! Daf\u00fcr gibt es Planet VPN! Unser Service verschl\u00fcsselt sicher Ihre Daten, so dass Sie alle notwendigen Tools ohne Geschwindigkeitsverlust erhalten k\u00f6nnen!<\/span><\/p>\n                                    <div class=\"image-text__cta\">\n                        <a href=\"\/de\/plans\/\" target=\"_self\" id=\"qa-hero-btn-cta\" class=\"cta download-by-platform cta--with-border cta-size--small cta-mt--initial icon-position--icon-left\" style=\"--border-radius:40px\"><span class=\"cta__name\">Kostenfreier Download<\/span><\/a>                    <\/div>\n                \n            <\/div>\n        \n                    <div class=\"bg-image-wrapper bg-image-wrapper--desktop right image-align--center\">\n                <figure style='--image-max-width:1000px;--image-opacity:1.00;width: calc(46% - 20px)'>\n                    <img decoding=\"async\" width=\"608\" height=\"459\" src=\"https:\/\/freevpnplanet.com\/wp-content\/uploads\/2024\/05\/rvpn-music-main-image-20240530_104212_904697.svg\" class=\"bg-image\" alt=\"Background Image for Desktop\" \/>                <\/figure>\n            <\/div>\n        \n                    <div class=\"bg-image-wrapper bg-image-wrapper--mobile regular-image\">\n                <figure style='width: 100%;max-width: 480px;opacity: 1.00;margin-top: 24px'>\n                    <img decoding=\"async\" width=\"608\" height=\"459\" src=\"https:\/\/freevpnplanet.com\/wp-content\/uploads\/2024\/05\/rvpn-music-main-image-20240530_104212_904697.svg\" class=\"bg-image\" alt=\"Background Image for Mobile\" \/>                <\/figure>\n            <\/div>\n            <\/div>\n<\/section>\n\n\n<section class=\"image-text-static-image custom-block align-none  mobile-image-bottom   header-size-small text-size-small  \" style=''>\n\n    <div class=\"gutenberg-block-background\"><\/div>\n    <div class=\"image-text-static-image__inner inner-container\">\n                    <div class=\"image-text-static-image__content content-right\" style='--content-width: 50%'>\n                                    <div class=\"image-text-static-image__title\">\n                        <h2 >IS IT POSSIBLE TO LISTEN TO MUSIC AND RADIO ONLINE WITHOUT RESTRICTIONS?<\/h2>                    <\/div>\n                \n                <p>Fr\u00fcher konnte jeder Benutzer Musik und Radio online ohne Beschr\u00e4nkungen h\u00f6ren, aber mit dem Aufkommen der Blockierung kann der durchschnittliche Benutzer nur jene Musik und Radiosender h\u00f6ren, die in seinem Land erlaubt sind.Bisher hatten Sie Zugang zu beliebiger Musik oder zu Onlineradio, aber mit regelm\u00e4\u00dfigen Einschr\u00e4nkungen wird es schwierig, Musik, Podcasts oder Radiosendungen zu h\u00f6ren, an denen Sie interessiert sind; der Grund daf\u00fcr sind \u00dcbertragungseinschr\u00e4nkungen, was in verschiedenen Regionen \u00fcblich ist<\/p>\n<p>\u00dcber diesen Verbot wird der Benutzer durch die Nachricht bei dem Versuch, den blockierten Song oder den blockierten Radiosender einzuschalten, informiert. Planet VPN kann diese Situation in Ordnung bringen. Mit einem VPN verschl\u00fcsseln Sie sicher alle gesendeten und empfangenen Daten und \u00e4ndern Ihre IP-Adresse, so dass Sie die Beschr\u00e4nkung umgehen und Online-Radio und Musik ohne Einschr\u00e4nkungen und Geschwindigkeitsverlust h\u00f6ren k\u00f6nnen.<\/p>\n                \n                \n\n            <\/div>\n        \n                    <div class=\"bg-image-wrapper bg-image-wrapper--desktop  left image-align--center\" style='--image-max-width: 50%'>\n                <figure>\n                    <img width=\"545\" height=\"457\" src=\"https:\/\/freevpnplanet.com\/wp-content\/uploads\/2024\/05\/rvpn-music-party-20240530_104215_523471.svg\" class=\"attachment-full size-full\" alt=\"\" loading=\"lazy\" decoding=\"sync\" fetchpriority=\"low\" style=\"max-width:545px\" sizes=\"auto, (max-width: 545px) 100vw, 545px\" aria-hidden=\"true\" \/>                    <!-- <img decoding=\"async\" width=\"545\" height=\"457\" src=\"https:\/\/freevpnplanet.com\/wp-content\/uploads\/2024\/05\/rvpn-music-party-20240530_104215_523471.svg\" class=\"attachment-full size-full\" alt=\"\" style=\"max-width:545px\" \/> -->\n                <\/figure>\n            <\/div>\n        \n            <\/div>\n<\/section>\n\n\n<section class=\"cta-section custom-block align-full \" style=''>\n\n    <div class=\"gutenberg-block-background\"><\/div>\n    <div class=\"cta-section__inner\">\n                    <div class=\"cta-section__cta\">\n                                    <a href=\"\/de\/plans\/\" target=\"_self\" id=\"qa-banner-middle-cta\" class=\"cta download-by-platform cta--with-border cta-size--small cta-mt--initial icon-position--icon-left\" style=\"--border-radius:40px\"><span class=\"cta__name\">Kostenfreier Download<\/span><\/a>                            <\/div>\n            <\/div>\n<\/section>\n\n\n<div class=\"wp-block-group alignfull has-background-blue-background-color has-background is-content-justification-center is-nowrap is-layout-flex wp-container-core-group-is-layout-1 wp-block-group-is-layout-flex\">\n<div class=\"wp-block-columns wp-container-content-1 is-layout-flex wp-container-core-columns-is-layout-1 wp-block-columns-is-layout-flex row-gap--20 stack-breakpoint--768\">\n<div class=\"wp-block-column is-layout-flow wp-block-column-is-layout-flow\">\n<section class=\"advanced-steps custom-block align-none  align-desktop-left align-mobile-left font-normal three-columns title-small image-shadow\" style='--background-color:var(--dark-blue-8); --text-color:var(--dark-blue-1)'>\n\n    <div class=\"gutenberg-block-background\"><\/div>\n    <div class=\"advanced-steps__container inner-container\">\n                    <div class=\"advanced-steps__intro\">\n                <h2>Wie kann man Musik und Sender online h\u00f6ren, MP3 ohne Beschr\u00e4nkungen herunterladen?<\/h2>\n<p>Es gibt nur 3 einfache Schritte, um auf alle bevorzugten Radiostationen, Musikdienste und Webseiten zum Herunterladen von MP3-Musik zuzugreifen.<\/p>            <\/div>\n        \n        <ul class=\"advanced-steps__list advanced-steps__list--download-steps\" style='--columns-gap:50px'>\n                            <li style='--max-width:px'>\n                                            <h2 class=\"step-title\">Herunterladen<\/h2>\n                    \n                                            <div class=\"image-wrapper\">\n                            <img decoding=\"async\" width=\"220\" height=\"171\" src=\"https:\/\/freevpnplanet.com\/wp-content\/uploads\/2024\/05\/rvpn-steps-2-20240530_105342_800846.svg\" class=\"attachment-full size-full\" alt=\"Step 2\" \/>                        <\/div>\n\n                                                    <p><a href=\"https:\/\/freevpnplanet.com\/de\/download\/\" target=\"_blank\" rel=\"noopener\" id=\"qa-advanced-step-content-link\"><span data-sheets-root=\"1\">Laden Sie Planet VPN herunter <\/span><\/a><span data-sheets-root=\"1\">und installieren Sie die App f\u00fcr Ihr Ger\u00e4t<\/span><\/p>                                                            <\/li>\n                                <li style='--max-width:px'>\n                                            <h2 class=\"step-title\">Verbindung<\/h2>\n                    \n                                            <div class=\"image-wrapper\">\n                            <img decoding=\"async\" width=\"219\" height=\"170\" src=\"https:\/\/freevpnplanet.com\/wp-content\/uploads\/2024\/05\/rvpn-steps-1-20240530_105340_042416.svg\" class=\"attachment-full size-full\" alt=\"Step 1\" \/>                        <\/div>\n\n                                                    <p>Verbinden Sie sich zu einem von unseren Servern<\/p>                                                            <\/li>\n                                <li style='--max-width:px'>\n                                            <h2 class=\"step-title\">Genie\u00dfen<\/h2>\n                    \n                                            <div class=\"image-wrapper\">\n                            <img decoding=\"async\" width=\"219\" height=\"170\" src=\"https:\/\/freevpnplanet.com\/wp-content\/uploads\/2024\/05\/rvpn-steps-3-20240530_105345_576093.svg\" class=\"attachment-full size-full\" alt=\"Step 3\" \/>                        <\/div>\n\n                                                    <p><span data-sheets-root=\"1\">Besuchen Sie beliebige Webseiten ohne Beschr\u00e4nkungen<\/span><\/p>                                                            <\/li>\n                        <\/ul>\n\n                    <div class=\"advanced-steps__cta\">\n                <a href=\"\/de\/plans\/\" target=\"_self\" id=\"qa-btn-advanced-steps-cta\" class=\"cta download-by-platform cta--with-border cta-size--small cta-mt--initial icon-position--icon-left\" style=\"--border-radius:40px\"><span class=\"cta__name\">Kostenfreier Download<\/span><\/a>            <\/div>\n        \n        \n        \n\n    <\/div>\n<\/section>\n<\/div>\n<\/div>\n<\/div>\n\n\n\n<section class=\"image-text-static-image custom-block align-none  mobile-image-bottom   header-size-small text-size-small  pb-0--desktop\" style=''>\n\n    <div class=\"gutenberg-block-background\"><\/div>\n    <div class=\"image-text-static-image__inner inner-container\">\n                    <div class=\"image-text-static-image__content content-left\" style='--content-width: 50%'>\n                                    <div class=\"image-text-static-image__title\">\n                        <h2 >Ist es m\u00f6glich, MP3-Musik herunterzuladen, wenn die Website nicht verf\u00fcgbar ist?<\/h2>                    <\/div>\n                \n                <p>Ja, sogar jetzt, wo es Beschr\u00e4nkungen gibt, kann jeder beliebige Melodie h\u00f6ren und herunterladen. Das kann man mithilfe unseres VPN-Services machen. VPN ist ein sicherer Kanal des Datenverkehrs zwischen einigen Ger\u00e4ten. VPN-Netze benutzt man f\u00fcr den Schutz des Internet-Datenverkehrs vor den Eindringlingen und der Zensur. Mit Planet VPN k\u00f6nnen Sie Musik online h\u00f6ren, MP3 von blockierten Webseiten herunterladen.<\/p>\n<p>Wir entwickeln unser Netz immer weiter, um Ihnen m\u00f6glichst hohe Geschwindigkeit und unbegrenzte Bandbreite zu bieten.<\/p>\n                \n                \n\n            <\/div>\n        \n                    <div class=\"bg-image-wrapper bg-image-wrapper--desktop  right image-align--center\" style='--image-max-width: 50%'>\n                <figure>\n                    <img width=\"479\" height=\"479\" src=\"https:\/\/freevpnplanet.com\/wp-content\/uploads\/2024\/05\/rvpn-blocked.9e861a11-20240529_094058_811851.svg\" class=\"attachment-full size-full\" alt=\"\" loading=\"lazy\" decoding=\"sync\" fetchpriority=\"low\" style=\"max-width:480px\" sizes=\"auto, (max-width: 480px) 100vw, 480px\" aria-hidden=\"true\" \/>                    <!-- <img decoding=\"async\" width=\"479\" height=\"479\" src=\"https:\/\/freevpnplanet.com\/wp-content\/uploads\/2024\/05\/rvpn-blocked.9e861a11-20240529_094058_811851.svg\" class=\"attachment-full size-full\" alt=\"\" style=\"max-width:480px\" \/> -->\n                <\/figure>\n            <\/div>\n        \n            <\/div>\n<\/section>\n\n\n<section class=\"image-text-static-image custom-block align-none  mobile-image-bottom   header-size-small text-size-small  \" style=''>\n\n    <div class=\"gutenberg-block-background\"><\/div>\n    <div class=\"image-text-static-image__inner inner-container\">\n                    <div class=\"image-text-static-image__content content-right\" style='--content-width: 50%'>\n                                    <div class=\"image-text-static-image__title\">\n                        <h2 >Planet VPN k\u00e4mpft mit den Blockierungen!<\/h2>                    <\/div>\n                \n                <p>Wenn Sie Musik online auf jedem Ger\u00e4t ohne Probleme h\u00f6ren und MP3 herunterladen m\u00f6chten, benutzen Sie unseren Service!<\/p>\n<p>Planet VPN erf\u00fcllt mehrere Funktionen gleichzeitig: Es verschl\u00fcsselt das Netz, Sch\u00fctzt den ein- und ausgehenden Internet-Datenverkehr, bietet Anonymit\u00e4t und Zugang zu beliebigen Online-Ressourcen, erlaubt es, Blockierungen zu umzugehen.<\/p>\n                                    <div class=\"image-text-static-image__cta\">\n                                                    <a href=\"\/de\/plans\/\" target=\"_self\" id=\"qa-btn-bottom-cta\" class=\"cta download-by-platform cta--with-border cta-size--small cta-mt--initial icon-position--icon-left\" style=\"--border-radius:40px\"><span class=\"cta__name\">Kostenfreier Download<\/span><\/a>                                            <\/div>\n                \n                \n\n            <\/div>\n        \n                    <div class=\"bg-image-wrapper bg-image-wrapper--desktop  left image-align--center\" style='--image-max-width: 50%'>\n                <figure>\n                    <img width=\"585\" height=\"401\" src=\"https:\/\/freevpnplanet.com\/wp-content\/uploads\/2024\/05\/rvpn-music-dance-20240530_104209_519514.svg\" class=\"attachment-full size-full\" alt=\"\" loading=\"lazy\" decoding=\"sync\" fetchpriority=\"low\" style=\"max-width:585px\" sizes=\"auto, (max-width: 585px) 100vw, 585px\" aria-hidden=\"true\" \/>                    <!-- <img decoding=\"async\" width=\"585\" height=\"401\" src=\"https:\/\/freevpnplanet.com\/wp-content\/uploads\/2024\/05\/rvpn-music-dance-20240530_104209_519514.svg\" class=\"attachment-full size-full\" alt=\"\" style=\"max-width:585px\" \/> -->\n                <\/figure>\n            <\/div>\n        \n            <\/div>\n<\/section>","protected":false},"excerpt":{"rendered":"","protected":false},"author":13,"featured_media":0,"parent":0,"menu_order":0,"comment_status":"closed","ping_status":"closed","template":"templates\/page_template-basic_for_gutenberg.php","meta":{"_acf_changed":false,"inline_featured_image":false,"footnotes":""},"download_by_lite_tag":[],"class_list":["post-99974","page","type-page","status-publish","hentry"],"yoast_head":"<!-- This site is optimized with the Yoast SEO plugin v22.6 - https:\/\/yoast.com\/wordpress\/plugins\/seo\/ -->\n<title>Kostenloses VPN f\u00fcr Musik \u2013 sicher h\u00f6ren und laden<\/title>\n<meta name=\"description\" content=\"Planet VPN hilft Ihnen bei der L\u00f6sung von Problemen mit Beschr\u00e4nkungen des Zugangs zu Musikinhalten. Mit einem VPN k\u00f6nnen Sie Musik auf Services h\u00f6ren, die in Ihrem Land nicht verf\u00fcgbar sind.\" \/>\n<meta name=\"robots\" content=\"index, follow, max-snippet:-1, max-image-preview:large, max-video-preview:-1\" \/>\n<link rel=\"canonical\" href=\"https:\/\/freevpnplanet.com\/de\/listen-to-music-radio-online-download-mp3\/\" \/>\n<meta property=\"og:locale\" content=\"de_DE\" \/>\n<meta property=\"og:type\" content=\"article\" \/>\n<meta property=\"og:title\" content=\"Kostenloses VPN f\u00fcr Musik \u2013 sicher h\u00f6ren und laden\" \/>\n<meta property=\"og:description\" content=\"Planet VPN hilft Ihnen bei der L\u00f6sung von Problemen mit Beschr\u00e4nkungen des Zugangs zu Musikinhalten. Mit einem VPN k\u00f6nnen Sie Musik auf Services h\u00f6ren, die in Ihrem Land nicht verf\u00fcgbar sind.\" \/>\n<meta property=\"og:url\" content=\"https:\/\/freevpnplanet.com\/de\/listen-to-music-radio-online-download-mp3\/\" \/>\n<meta property=\"og:site_name\" content=\"Planet VPN\" \/>\n<meta property=\"article:modified_time\" content=\"2026-02-11T14:15:55+00:00\" \/>\n<meta name=\"twitter:card\" content=\"summary_large_image\" \/>\n<script type=\"application\/ld+json\" class=\"yoast-schema-graph\">{\"@context\":\"https:\/\/schema.org\",\"@graph\":[{\"@type\":\"WebPage\",\"@id\":\"https:\/\/freevpnplanet.com\/de\/listen-to-music-radio-online-download-mp3\/\",\"url\":\"https:\/\/freevpnplanet.com\/de\/listen-to-music-radio-online-download-mp3\/\",\"name\":\"Kostenloses VPN f\u00fcr Musik \u2013 sicher h\u00f6ren und laden\",\"isPartOf\":{\"@id\":\"https:\/\/freevpnplanet.com\/de\/#website\"},\"datePublished\":\"2024-05-30T07:37:13+00:00\",\"dateModified\":\"2026-02-11T14:15:55+00:00\",\"description\":\"Planet VPN hilft Ihnen bei der L\u00f6sung von Problemen mit Beschr\u00e4nkungen des Zugangs zu Musikinhalten. Mit einem VPN k\u00f6nnen Sie Musik auf Services h\u00f6ren, die in Ihrem Land nicht verf\u00fcgbar sind.\",\"breadcrumb\":{\"@id\":\"https:\/\/freevpnplanet.com\/de\/listen-to-music-radio-online-download-mp3\/#breadcrumb\"},\"inLanguage\":\"de\",\"potentialAction\":[{\"@type\":\"ReadAction\",\"target\":[\"https:\/\/freevpnplanet.com\/de\/listen-to-music-radio-online-download-mp3\/\"]}]},{\"@type\":\"BreadcrumbList\",\"@id\":\"https:\/\/freevpnplanet.com\/de\/listen-to-music-radio-online-download-mp3\/#breadcrumb\",\"itemListElement\":[{\"@type\":\"ListItem\",\"position\":1,\"name\":\"Home\",\"item\":\"https:\/\/freevpnplanet.com\/de\/\"},{\"@type\":\"ListItem\",\"position\":2,\"name\":\"Listen to music radio online download mp3\"}]},{\"@type\":\"WebSite\",\"@id\":\"https:\/\/freevpnplanet.com\/de\/#website\",\"url\":\"https:\/\/freevpnplanet.com\/de\/\",\"name\":\"Planet VPN \ud83d\udee1\ufe0f\ud83c\udf10 Free VPN\",\"description\":\"Free VPN\",\"potentialAction\":[{\"@type\":\"SearchAction\",\"target\":{\"@type\":\"EntryPoint\",\"urlTemplate\":\"https:\/\/freevpnplanet.com\/de\/?s={search_term_string}\"},\"query-input\":\"required name=search_term_string\"}],\"inLanguage\":\"de\",\"publisher\":{\"@id\":\"https:\/\/freevpnplanet.com\/de\/#organization\"}},{\"@context\":\"https:\/\/schema.org\/\",\"@type\":\"SoftwareApplication\",\"name\":\"Planet VPN \ud83d\udee1\ufe0f\ud83c\udf10 Free VPN\",\"operatingSystem\":\"Windows, macOS, iOS, Android, Linux, Chrome\",\"applicationCategory\":\"SecurityApplication\",\"offers\":{\"@type\":\"AggregateOffer\",\"priceCurrency\":\"USD\",\"price\":\"0\",\"lowPrice\":\"0\",\"availability\":\"https:\/\/schema.org\/InStock\"},\"aggregateRating\":{\"@type\":\"AggregateRating\",\"ratingValue\":\"4.8\",\"bestRating\":\"5\",\"ratingCount\":\"12476\"}},{\"@type\":\"Organization\",\"@id\":\"https:\/\/freevpnplanet.com\/de\/#organization\",\"url\":\"https:\/\/freevpnplanet.com\/de\/\",\"name\":\"Planet VPN \ud83d\udee1\ufe0f\ud83c\udf10 Free VPN\"}]}<\/script>\n<!-- \/ Yoast SEO plugin. -->","yoast_head_json":{"title":"Kostenloses VPN f\u00fcr Musik \u2013 sicher h\u00f6ren und laden","description":"Planet VPN hilft Ihnen bei der L\u00f6sung von Problemen mit Beschr\u00e4nkungen des Zugangs zu Musikinhalten. Mit einem VPN k\u00f6nnen Sie Musik auf Services h\u00f6ren, die in Ihrem Land nicht verf\u00fcgbar sind.","robots":{"index":"index","follow":"follow","max-snippet":"max-snippet:-1","max-image-preview":"max-image-preview:large","max-video-preview":"max-video-preview:-1"},"canonical":"https:\/\/freevpnplanet.com\/de\/listen-to-music-radio-online-download-mp3\/","og_locale":"de_DE","og_type":"article","og_title":"Kostenloses VPN f\u00fcr Musik \u2013 sicher h\u00f6ren und laden","og_description":"Planet VPN hilft Ihnen bei der L\u00f6sung von Problemen mit Beschr\u00e4nkungen des Zugangs zu Musikinhalten. Mit einem VPN k\u00f6nnen Sie Musik auf Services h\u00f6ren, die in Ihrem Land nicht verf\u00fcgbar sind.","og_url":"https:\/\/freevpnplanet.com\/de\/listen-to-music-radio-online-download-mp3\/","og_site_name":"Planet VPN","article_modified_time":"2026-02-11T14:15:55+00:00","twitter_card":"summary_large_image","schema":{"@context":"https:\/\/schema.org","@graph":[{"@type":"WebPage","@id":"https:\/\/freevpnplanet.com\/de\/listen-to-music-radio-online-download-mp3\/","url":"https:\/\/freevpnplanet.com\/de\/listen-to-music-radio-online-download-mp3\/","name":"Kostenloses VPN f\u00fcr Musik \u2013 sicher h\u00f6ren und laden","isPartOf":{"@id":"https:\/\/freevpnplanet.com\/de\/#website"},"datePublished":"2024-05-30T07:37:13+00:00","dateModified":"2026-02-11T14:15:55+00:00","description":"Planet VPN hilft Ihnen bei der L\u00f6sung von Problemen mit Beschr\u00e4nkungen des Zugangs zu Musikinhalten. Mit einem VPN k\u00f6nnen Sie Musik auf Services h\u00f6ren, die in Ihrem Land nicht verf\u00fcgbar sind.","breadcrumb":{"@id":"https:\/\/freevpnplanet.com\/de\/listen-to-music-radio-online-download-mp3\/#breadcrumb"},"inLanguage":"de","potentialAction":[{"@type":"ReadAction","target":["https:\/\/freevpnplanet.com\/de\/listen-to-music-radio-online-download-mp3\/"]}]},{"@type":"BreadcrumbList","@id":"https:\/\/freevpnplanet.com\/de\/listen-to-music-radio-online-download-mp3\/#breadcrumb","itemListElement":[{"@type":"ListItem","position":1,"name":"Home","item":"https:\/\/freevpnplanet.com\/de\/"},{"@type":"ListItem","position":2,"name":"Listen to music radio online download mp3"}]},{"@type":"WebSite","@id":"https:\/\/freevpnplanet.com\/de\/#website","url":"https:\/\/freevpnplanet.com\/de\/","name":"Planet VPN \ud83d\udee1\ufe0f\ud83c\udf10 Free VPN","description":"Free VPN","potentialAction":[{"@type":"SearchAction","target":{"@type":"EntryPoint","urlTemplate":"https:\/\/freevpnplanet.com\/de\/?s={search_term_string}"},"query-input":"required name=search_term_string"}],"inLanguage":"de","publisher":{"@id":"https:\/\/freevpnplanet.com\/de\/#organization"}},{"@context":"https:\/\/schema.org\/","@type":"SoftwareApplication","name":"Planet VPN \ud83d\udee1\ufe0f\ud83c\udf10 Free VPN","operatingSystem":"Windows, macOS, iOS, Android, Linux, Chrome","applicationCategory":"SecurityApplication","offers":{"@type":"AggregateOffer","priceCurrency":"USD","price":"0","lowPrice":"0","availability":"https:\/\/schema.org\/InStock"},"aggregateRating":{"@type":"AggregateRating","ratingValue":"4.8","bestRating":"5","ratingCount":"12476"}},{"@type":"Organization","@id":"https:\/\/freevpnplanet.com\/de\/#organization","url":"https:\/\/freevpnplanet.com\/de\/","name":"Planet VPN \ud83d\udee1\ufe0f\ud83c\udf10 Free VPN"}]}},"acf":[],"_links":{"self":[{"href":"https:\/\/freevpnplanet.com\/de\/wp-json\/wp\/v2\/pages\/99974","targetHints":{"allow":["GET"]}}],"collection":[{"href":"https:\/\/freevpnplanet.com\/de\/wp-json\/wp\/v2\/pages"}],"about":[{"href":"https:\/\/freevpnplanet.com\/de\/wp-json\/wp\/v2\/types\/page"}],"author":[{"embeddable":true,"href":"https:\/\/freevpnplanet.com\/de\/wp-json\/wp\/v2\/users\/13"}],"replies":[{"embeddable":true,"href":"https:\/\/freevpnplanet.com\/de\/wp-json\/wp\/v2\/comments?post=99974"}],"version-history":[{"count":4,"href":"https:\/\/freevpnplanet.com\/de\/wp-json\/wp\/v2\/pages\/99974\/revisions"}],"predecessor-version":[{"id":171579,"href":"https:\/\/freevpnplanet.com\/de\/wp-json\/wp\/v2\/pages\/99974\/revisions\/171579"}],"wp:attachment":[{"href":"https:\/\/freevpnplanet.com\/de\/wp-json\/wp\/v2\/media?parent=99974"}],"wp:term":[{"taxonomy":"download_by_lite_tag","embeddable":true,"href":"https:\/\/freevpnplanet.com\/de\/wp-json\/wp\/v2\/download_by_lite_tag?post=99974"}],"curies":[{"name":"wp","href":"https:\/\/api.w.org\/{rel}","templated":true}]}}