{"id":100041,"date":"2024-06-11T18:14:08","date_gmt":"2024-06-11T15:14:08","guid":{"rendered":"https:\/\/help.freeplanetvpn.com\/about-us\/"},"modified":"2025-06-20T11:35:03","modified_gmt":"2025-06-20T08:35:03","slug":"about-us","status":"publish","type":"page","link":"https:\/\/freevpnplanet.com\/es\/about-us\/","title":{"rendered":"About us"},"content":{"rendered":"\n<section class=\"image-text custom-block align-full   mobile-image-bottom mobile-title-center  header-size-medium text-size-small   content-left\" style='overflow: hidden;;;--min-height-mobile:400px;--min-height-desktop:507px;--content-width:36%'>\n\n    <div class=\"gutenberg-block-background\"><\/div>\n    <div class=\"image-text__inner inner-container\">\n\n                    <div class=\"image-text__title\">\n                <h1 >\u00a1Internet gratis para todos!<\/h1>            <\/div>\n        \n                    <div class=\"image-text__content\">\n\n                <p class=\"header__descr\"><span data-sheets-root=\"1\">Planet VPN es un servicio basado en principios de calidad, anonimato y accesibilidad para los usuarios. Trabajamos para que Internet sea mejor, para protegerle de los peligros y para que se sienta libre al navegar por la red.<\/span><\/p>\n                \n            <\/div>\n        \n                    <div class=\"bg-image-wrapper bg-image-wrapper--desktop custom image-align--center\">\n                <figure style='--image-max-width:2000px;--image-opacity:1.00;width: calc(90% - 20px);left:34%;top:50%'>\n                    <img decoding=\"async\" width=\"1239\" height=\"588\" src=\"https:\/\/freevpnplanet.com\/wp-content\/uploads\/2024\/06\/rvpn-bg.844f66c1-20240611_181533_011207.png\" class=\"bg-image\" alt=\"Background Image for Desktop\" \/>                <\/figure>\n            <\/div>\n        \n                    <div class=\"bg-image-wrapper bg-image-wrapper--mobile regular-image\">\n                <figure style='width: 100%;max-width: 700px;opacity: 1.00;margin-top: 24px'>\n                    <img decoding=\"async\" width=\"1239\" height=\"588\" src=\"https:\/\/freevpnplanet.com\/wp-content\/uploads\/2024\/06\/rvpn-bg.844f66c1-20240611_181533_011207.png\" class=\"bg-image\" alt=\"Background Image for Mobile\" \/>                <\/figure>\n            <\/div>\n            <\/div>\n<\/section>\n\n\n<section class=\"wrapper custom-block align-full    \" style='--background-color:var(--dark-blue-8)'>\n\n    <div class=\"gutenberg-block-background\"><\/div>\n    <div class=\"wrapper__inner inner-container\">\n        \n\n<h3 class=\"wp-block-heading has-text-align-center\" style=\"font-size:25px\">Nuestra misi\u00f3n<\/h3>\n\n\n\n<p style=\"font-size:18px\" class=\"\">Estamos convencidos de que toda persona tiene derecho a utilizar un Internet de calidad. Con Planet VPN todos sus datos est\u00e1n altamente protegidos y se transfieren a trav\u00e9s de t\u00faneles virtuales seguros, lo que permite permanecer en el anonimato. Utilizamos tecnolog\u00edas OpenVPN 256-bit 2048 RSA. Apoyamos la conexi\u00f3n a trav\u00e9s de IPSec (IKEv1 + IKEv2), que es conocido por su fiabilidad, alta velocidad de transmisi\u00f3n y alto nivel de protecci\u00f3n de datos. Tambi\u00e9n est\u00e1n disponibles los protocolos PPTP y L2TP. Con Planet VPN, \u00a1hay pel\u00edculas, m\u00fasica, transmisiones deportivas y comunicaci\u00f3n libre a su servicio!<\/p>\n\n\n    <\/div>\n\n<\/section>\n\n\n<section class=\"image-text custom-block align-wide   mobile-image-top mobile-title-center  header-size-medium text-size-medium   content-right\" style='overflow: hidden;;;--min-height-mobile:400px;--min-height-desktop:500px;--content-width:62%'>\n\n    <div class=\"gutenberg-block-background\"><\/div>\n    <div class=\"image-text__inner inner-container\">\n\n        \n                    <div class=\"image-text__content\">\n\n                <h2><span data-sheets-root=\"1\">Libertad personal<\/span><\/h2>\n<p class=\"features__descr\"><span data-sheets-root=\"1\">En una \u00e9poca de creciente censura, nuestro objetivo es darle una libertad personal y una sensaci\u00f3n de seguridad en Internet. Estamos trabajando constantemente en soluciones que mantengan sus datos personales seguros, protejan sus solicitudes y oculten sus actividades. Le ofrecemos pleno acceso a cualquier informaci\u00f3n en Internet y la oportunidad de utilizarla de forma an\u00f3nima y segura.<\/span><\/p>\n                \n            <\/div>\n        \n                    <div class=\"bg-image-wrapper bg-image-wrapper--desktop left image-align--center\">\n                <figure style='--image-max-width:407px;--image-opacity:1.00;width: calc(35% - 20px)'>\n                    <img decoding=\"async\" width=\"407\" height=\"288\" src=\"https:\/\/freevpnplanet.com\/wp-content\/uploads\/2024\/06\/rvpn-pic-1.0efc1381-20240611_182759_024047.png\" class=\"bg-image\" alt=\"Background Image for Desktop\" \/>                <\/figure>\n            <\/div>\n        \n                    <div class=\"bg-image-wrapper bg-image-wrapper--mobile regular-image\">\n                <figure style='width: 100%;max-width: 407px;opacity: 1.00;margin-top: 24px'>\n                    <img decoding=\"async\" width=\"407\" height=\"288\" src=\"https:\/\/freevpnplanet.com\/wp-content\/uploads\/2024\/06\/rvpn-pic-1.0efc1381-20240611_182759_024047.png\" class=\"bg-image\" alt=\"Background Image for Mobile\" \/>                <\/figure>\n            <\/div>\n            <\/div>\n<\/section>\n\n\n<section class=\"image-text custom-block align-wide   mobile-image-top mobile-title-center  header-size-medium text-size-medium   content-left\" style='overflow: hidden;;;--min-height-mobile:400px;--min-height-desktop:400px;--content-width:65%'>\n\n    <div class=\"gutenberg-block-background\"><\/div>\n    <div class=\"image-text__inner inner-container\">\n\n        \n                    <div class=\"image-text__content\">\n\n                <h2><span data-sheets-root=\"1\">Protecci\u00f3n de la intimidad<\/span><\/h2>\n<p class=\"features__descr\"><span data-sheets-root=\"1\">Garantizamos un cifrado fiable de su tr\u00e1fico y lo transferimos a trav\u00e9s de una conexi\u00f3n segura. Su actividad en l\u00ednea est\u00e1 bajo una protecci\u00f3n fiable. Trabajamos 24\/7 para mantener su privacidad. Nuestra pol\u00edtica de confidencialidad es transparente y clara. Notificamos inmediatamente a cada usuario cualquier cambio en ella.<\/span><\/p>\n                \n            <\/div>\n        \n                    <div class=\"bg-image-wrapper bg-image-wrapper--desktop right image-align--center\">\n                <figure style='--image-max-width:304px;--image-opacity:1.00;width: calc(35% - 20px)'>\n                    <img decoding=\"async\" width=\"304\" height=\"305\" src=\"https:\/\/freevpnplanet.com\/wp-content\/uploads\/2024\/06\/rvpn-pic-2.e55aedf1-20240611_191503_396014.png\" class=\"bg-image\" alt=\"Background Image for Desktop\" \/>                <\/figure>\n            <\/div>\n        \n                    <div class=\"bg-image-wrapper bg-image-wrapper--mobile regular-image\">\n                <figure style='width: 100%;max-width: 304px;opacity: 1.00;margin-top: 24px'>\n                    <img decoding=\"async\" width=\"304\" height=\"305\" src=\"https:\/\/freevpnplanet.com\/wp-content\/uploads\/2024\/06\/rvpn-pic-2.e55aedf1-20240611_191503_396014.png\" class=\"bg-image\" alt=\"Background Image for Mobile\" \/>                <\/figure>\n            <\/div>\n            <\/div>\n<\/section>\n\n\n<section class=\"image-text custom-block align-wide   mobile-image-top mobile-title-center  header-size-small text-size-medium   content-right\" style='overflow: hidden;;;--min-height-mobile:400px;--min-height-desktop:400px;--content-width:65%'>\n\n    <div class=\"gutenberg-block-background\"><\/div>\n    <div class=\"image-text__inner inner-container\">\n\n        \n                    <div class=\"image-text__content\">\n\n                <h2><span data-sheets-root=\"1\">Derechos digitales<\/span><\/h2>\n<p class=\"features__descr\"><span data-sheets-root=\"1\">No grabamos ning\u00fan registro de la actividad de los clientes en la red. No le pedimos que proporcione ninguna informaci\u00f3n adicional sobre usted y ofrecemos opciones de pago an\u00f3nimas para nuestro servicio. Toda la informaci\u00f3n sobre el uso del servicio Planet VPN permanece an\u00f3nima y no est\u00e1 vinculada a su direcci\u00f3n IP real.<\/span><\/p>\n                \n            <\/div>\n        \n                    <div class=\"bg-image-wrapper bg-image-wrapper--desktop left image-align--center\">\n                <figure style='--image-max-width:397px;--image-opacity:1.00;width: calc(35% - 20px)'>\n                    <img decoding=\"async\" width=\"397\" height=\"260\" src=\"https:\/\/freevpnplanet.com\/wp-content\/uploads\/2024\/06\/rvpn-pic-3.cbf2ef01-20240611_191648_160765.png\" class=\"bg-image\" alt=\"Background Image for Desktop\" \/>                <\/figure>\n            <\/div>\n        \n                    <div class=\"bg-image-wrapper bg-image-wrapper--mobile regular-image\">\n                <figure style='width: 100%;max-width: 397px;opacity: 1.00;margin-top: 24px'>\n                    <img decoding=\"async\" width=\"397\" height=\"260\" src=\"https:\/\/freevpnplanet.com\/wp-content\/uploads\/2024\/06\/rvpn-pic-3.cbf2ef01-20240611_191648_160765.png\" class=\"bg-image\" alt=\"Background Image for Mobile\" \/>                <\/figure>\n            <\/div>\n            <\/div>\n<\/section>\n\n\n<section class=\"wrapper custom-block align-full    \" style='--background-color:var(--dark-blue-8)'>\n\n    <div class=\"gutenberg-block-background\"><\/div>\n    <div class=\"wrapper__inner inner-container\">\n        \n\n<h3 class=\"wp-block-heading has-text-align-center\" style=\"font-size:25px\">Nuestra misi\u00f3n<\/h3>\n\n\n\n<p style=\"font-size:18px\" class=\"\">Creamos Planet VPN en 2017 para proporcionar seguridad digital y libertad personal a cada usuario de Internet. Como nosotros mismos somos usuarios activos de Internet, sabemos lo importante que es la sensaci\u00f3n de seguridad para cada uno de nosotros. Despu\u00e9s de todo, hay muchas amenazas en Internet: desde anunciantes intrusos hasta estafadores e incluso agencias gubernamentales que buscan acceder a los datos personales de los usuarios.<\/p>\n\n\n\n<p style=\"font-size:18px\" class=\"\">Por eso surgi\u00f3 la idea de crear una comunidad amistosa de personas con ideas similares, que ahora cuenta con servidores VPN en m\u00e1s de 60 pa\u00edses de los cinco continentes. Y con nosotros, miles de usuarios que nos conf\u00edan su seguridad online.<\/p>\n\n\n    <\/div>\n\n<\/section>\n\n\n<section class=\"image-text custom-block align-full   mobile-image-top mobile-title-center  header-size-medium text-size-medium   content-right\" style='overflow: hidden;;;--min-height-mobile:400px;--min-height-desktop:500px;--content-width:67%'>\n\n    <div class=\"gutenberg-block-background\"><\/div>\n    <div class=\"image-text__inner inner-container\">\n\n        \n                    <div class=\"image-text__content\">\n\n                <h2><span data-sheets-root=\"1\">Nuestros valores<\/span><\/h2>\n<p class=\"features__descr\"><span data-sheets-root=\"1\">Planet VPN apoya la idea de preservar la libertad personal, la elecci\u00f3n y la seguridad en l\u00ednea. Esto se aplica tanto al uso privado como a los intereses empresariales. Defendemos la igualdad y creemos que todo el mundo tiene derecho al libre acceso y al uso seguro de Internet. Adem\u00e1s, ofrecemos la posibilidad de evitar la discriminaci\u00f3n de precios y los trucos de los vendedores.<\/span><\/p>\n                                    <div class=\"image-text__cta\">\n                        <a href=\"\/es\/plans\/\" target=\"_self\" id=\"qa-download-button-values\" class=\"cta download-by-platform cta--with-border cta-size--small cta-mt--initial icon-position--icon-left\" style=\"--border-radius:40px\"><span class=\"cta__name\">Descargar gratis<\/span><\/a>                    <\/div>\n                \n            <\/div>\n        \n                    <div class=\"bg-image-wrapper bg-image-wrapper--desktop left image-align--left\">\n                <figure style='--image-max-width:390px;--image-opacity:1.00;width: calc(35% - 20px)'>\n                    <img decoding=\"async\" width=\"393\" height=\"288\" src=\"https:\/\/freevpnplanet.com\/wp-content\/uploads\/2024\/06\/rvpn-pic-4.d8c3f2a1-20240611_192429_140366.png\" class=\"bg-image\" alt=\"Background Image for Desktop\" \/>                <\/figure>\n            <\/div>\n        \n                    <div class=\"bg-image-wrapper bg-image-wrapper--mobile regular-image\">\n                <figure style='width: 100%;max-width: 393px;opacity: 1.00;margin-top: 24px'>\n                    <img decoding=\"async\" width=\"393\" height=\"288\" src=\"https:\/\/freevpnplanet.com\/wp-content\/uploads\/2024\/06\/rvpn-pic-4.d8c3f2a1-20240611_192429_140366.png\" class=\"bg-image\" alt=\"Background Image for Mobile\" \/>                <\/figure>\n            <\/div>\n            <\/div>\n<\/section>","protected":false},"excerpt":{"rendered":"","protected":false},"author":39,"featured_media":0,"parent":0,"menu_order":0,"comment_status":"closed","ping_status":"closed","template":"templates\/page_template-basic_for_gutenberg.php","meta":{"_acf_changed":false,"inline_featured_image":false,"footnotes":""},"download_by_lite_tag":[],"class_list":["post-100041","page","type-page","status-publish","hentry"],"yoast_head":"<!-- This site is optimized with the Yoast SEO plugin v22.6 - https:\/\/yoast.com\/wordpress\/plugins\/seo\/ -->\n<title>Sobre nosotros | Planet VPN<\/title>\n<meta name=\"description\" content=\"Planet VPN se esfuerza por garantizar una experiencia de navegaci\u00f3n segura y fiable en Internet. \u00danase a Planet VPN.\" \/>\n<meta name=\"robots\" content=\"index, follow, max-snippet:-1, max-image-preview:large, max-video-preview:-1\" \/>\n<link rel=\"canonical\" href=\"https:\/\/freevpnplanet.com\/es\/about-us\/\" \/>\n<meta property=\"og:locale\" content=\"es_ES\" \/>\n<meta property=\"og:type\" content=\"article\" \/>\n<meta property=\"og:title\" content=\"Sobre nosotros | Planet VPN\" \/>\n<meta property=\"og:description\" content=\"Planet VPN se esfuerza por garantizar una experiencia de navegaci\u00f3n segura y fiable en Internet. \u00danase a Planet VPN.\" \/>\n<meta property=\"og:url\" content=\"https:\/\/freevpnplanet.com\/es\/about-us\/\" \/>\n<meta property=\"og:site_name\" content=\"Planet VPN\" \/>\n<meta property=\"article:modified_time\" content=\"2025-06-20T08:35:03+00:00\" \/>\n<meta name=\"twitter:card\" content=\"summary_large_image\" \/>\n<meta name=\"twitter:label1\" content=\"Est. reading time\" \/>\n\t<meta name=\"twitter:data1\" content=\"1 minute\" \/>\n<script type=\"application\/ld+json\" class=\"yoast-schema-graph\">{\"@context\":\"https:\/\/schema.org\",\"@graph\":[{\"@type\":\"WebPage\",\"@id\":\"https:\/\/freevpnplanet.com\/es\/about-us\/\",\"url\":\"https:\/\/freevpnplanet.com\/es\/about-us\/\",\"name\":\"Sobre nosotros | Planet VPN\",\"isPartOf\":{\"@id\":\"https:\/\/freevpnplanet.com\/es\/#website\"},\"datePublished\":\"2024-06-11T15:14:08+00:00\",\"dateModified\":\"2025-06-20T08:35:03+00:00\",\"description\":\"Planet VPN se esfuerza por garantizar una experiencia de navegaci\u00f3n segura y fiable en Internet. \u00danase a Planet VPN.\",\"breadcrumb\":{\"@id\":\"https:\/\/freevpnplanet.com\/es\/about-us\/#breadcrumb\"},\"inLanguage\":\"es\",\"potentialAction\":[{\"@type\":\"ReadAction\",\"target\":[\"https:\/\/freevpnplanet.com\/es\/about-us\/\"]}]},{\"@type\":\"BreadcrumbList\",\"@id\":\"https:\/\/freevpnplanet.com\/es\/about-us\/#breadcrumb\",\"itemListElement\":[{\"@type\":\"ListItem\",\"position\":1,\"name\":\"Home\",\"item\":\"https:\/\/freevpnplanet.com\/es\/\"},{\"@type\":\"ListItem\",\"position\":2,\"name\":\"About us\"}]},{\"@type\":\"WebSite\",\"@id\":\"https:\/\/freevpnplanet.com\/es\/#website\",\"url\":\"https:\/\/freevpnplanet.com\/es\/\",\"name\":\"Planet VPN \ud83d\udee1\ufe0f\ud83c\udf10 Free VPN\",\"description\":\"Free VPN\",\"potentialAction\":[{\"@type\":\"SearchAction\",\"target\":{\"@type\":\"EntryPoint\",\"urlTemplate\":\"https:\/\/freevpnplanet.com\/es\/?s={search_term_string}\"},\"query-input\":\"required name=search_term_string\"}],\"inLanguage\":\"es\",\"publisher\":{\"@id\":\"https:\/\/freevpnplanet.com\/es\/#organization\"}},{\"@context\":\"https:\/\/schema.org\/\",\"@type\":\"SoftwareApplication\",\"name\":\"Planet VPN \ud83d\udee1\ufe0f\ud83c\udf10 Free VPN\",\"operatingSystem\":\"Windows, macOS, iOS, Android, Linux, Chrome\",\"applicationCategory\":\"SecurityApplication\",\"offers\":{\"@type\":\"AggregateOffer\",\"priceCurrency\":\"USD\",\"price\":\"0\",\"lowPrice\":\"0\",\"availability\":\"https:\/\/schema.org\/InStock\"},\"aggregateRating\":{\"@type\":\"AggregateRating\",\"ratingValue\":\"4.8\",\"bestRating\":\"5\",\"ratingCount\":\"12476\"}},{\"@type\":\"Organization\",\"@id\":\"https:\/\/freevpnplanet.com\/es\/#organization\",\"url\":\"https:\/\/freevpnplanet.com\/es\/\",\"name\":\"Planet VPN \ud83d\udee1\ufe0f\ud83c\udf10 Free VPN\"}]}<\/script>\n<!-- \/ Yoast SEO plugin. -->","yoast_head_json":{"title":"Sobre nosotros | Planet VPN","description":"Planet VPN se esfuerza por garantizar una experiencia de navegaci\u00f3n segura y fiable en Internet. \u00danase a Planet VPN.","robots":{"index":"index","follow":"follow","max-snippet":"max-snippet:-1","max-image-preview":"max-image-preview:large","max-video-preview":"max-video-preview:-1"},"canonical":"https:\/\/freevpnplanet.com\/es\/about-us\/","og_locale":"es_ES","og_type":"article","og_title":"Sobre nosotros | Planet VPN","og_description":"Planet VPN se esfuerza por garantizar una experiencia de navegaci\u00f3n segura y fiable en Internet. \u00danase a Planet VPN.","og_url":"https:\/\/freevpnplanet.com\/es\/about-us\/","og_site_name":"Planet VPN","article_modified_time":"2025-06-20T08:35:03+00:00","twitter_card":"summary_large_image","twitter_misc":{"Est. reading time":"1 minute"},"schema":{"@context":"https:\/\/schema.org","@graph":[{"@type":"WebPage","@id":"https:\/\/freevpnplanet.com\/es\/about-us\/","url":"https:\/\/freevpnplanet.com\/es\/about-us\/","name":"Sobre nosotros | Planet VPN","isPartOf":{"@id":"https:\/\/freevpnplanet.com\/es\/#website"},"datePublished":"2024-06-11T15:14:08+00:00","dateModified":"2025-06-20T08:35:03+00:00","description":"Planet VPN se esfuerza por garantizar una experiencia de navegaci\u00f3n segura y fiable en Internet. \u00danase a Planet VPN.","breadcrumb":{"@id":"https:\/\/freevpnplanet.com\/es\/about-us\/#breadcrumb"},"inLanguage":"es","potentialAction":[{"@type":"ReadAction","target":["https:\/\/freevpnplanet.com\/es\/about-us\/"]}]},{"@type":"BreadcrumbList","@id":"https:\/\/freevpnplanet.com\/es\/about-us\/#breadcrumb","itemListElement":[{"@type":"ListItem","position":1,"name":"Home","item":"https:\/\/freevpnplanet.com\/es\/"},{"@type":"ListItem","position":2,"name":"About us"}]},{"@type":"WebSite","@id":"https:\/\/freevpnplanet.com\/es\/#website","url":"https:\/\/freevpnplanet.com\/es\/","name":"Planet VPN \ud83d\udee1\ufe0f\ud83c\udf10 Free VPN","description":"Free VPN","potentialAction":[{"@type":"SearchAction","target":{"@type":"EntryPoint","urlTemplate":"https:\/\/freevpnplanet.com\/es\/?s={search_term_string}"},"query-input":"required name=search_term_string"}],"inLanguage":"es","publisher":{"@id":"https:\/\/freevpnplanet.com\/es\/#organization"}},{"@context":"https:\/\/schema.org\/","@type":"SoftwareApplication","name":"Planet VPN \ud83d\udee1\ufe0f\ud83c\udf10 Free VPN","operatingSystem":"Windows, macOS, iOS, Android, Linux, Chrome","applicationCategory":"SecurityApplication","offers":{"@type":"AggregateOffer","priceCurrency":"USD","price":"0","lowPrice":"0","availability":"https:\/\/schema.org\/InStock"},"aggregateRating":{"@type":"AggregateRating","ratingValue":"4.8","bestRating":"5","ratingCount":"12476"}},{"@type":"Organization","@id":"https:\/\/freevpnplanet.com\/es\/#organization","url":"https:\/\/freevpnplanet.com\/es\/","name":"Planet VPN \ud83d\udee1\ufe0f\ud83c\udf10 Free VPN"}]}},"acf":[],"_links":{"self":[{"href":"https:\/\/freevpnplanet.com\/es\/wp-json\/wp\/v2\/pages\/100041","targetHints":{"allow":["GET"]}}],"collection":[{"href":"https:\/\/freevpnplanet.com\/es\/wp-json\/wp\/v2\/pages"}],"about":[{"href":"https:\/\/freevpnplanet.com\/es\/wp-json\/wp\/v2\/types\/page"}],"author":[{"embeddable":true,"href":"https:\/\/freevpnplanet.com\/es\/wp-json\/wp\/v2\/users\/39"}],"replies":[{"embeddable":true,"href":"https:\/\/freevpnplanet.com\/es\/wp-json\/wp\/v2\/comments?post=100041"}],"version-history":[{"count":3,"href":"https:\/\/freevpnplanet.com\/es\/wp-json\/wp\/v2\/pages\/100041\/revisions"}],"predecessor-version":[{"id":164195,"href":"https:\/\/freevpnplanet.com\/es\/wp-json\/wp\/v2\/pages\/100041\/revisions\/164195"}],"wp:attachment":[{"href":"https:\/\/freevpnplanet.com\/es\/wp-json\/wp\/v2\/media?parent=100041"}],"wp:term":[{"taxonomy":"download_by_lite_tag","embeddable":true,"href":"https:\/\/freevpnplanet.com\/es\/wp-json\/wp\/v2\/download_by_lite_tag?post=100041"}],"curies":[{"name":"wp","href":"https:\/\/api.w.org\/{rel}","templated":true}]}}