{"id":101911,"date":"2024-07-03T14:00:39","date_gmt":"2024-07-03T11:00:39","guid":{"rendered":"https:\/\/help.freeplanetvpn.com\/connect-to-free-wi-fi\/"},"modified":"2025-07-18T11:38:07","modified_gmt":"2025-07-18T08:38:07","slug":"connect-to-free-wi-fi","status":"publish","type":"page","link":"https:\/\/freevpnplanet.com\/es\/connect-to-free-wi-fi\/","title":{"rendered":"Connect to free WI-FI"},"content":{"rendered":"\n<div class=\"wp-block-group alignfull has-background is-layout-constrained wp-block-group-is-layout-constrained\" style=\"background-color:#2f77d4\">\n<section class=\"image-text-static-image custom-block align-none  mobile-image-bottom   header-size-small text-size-small  \" style='--text-color:var(--white)'>\n\n    <div class=\"gutenberg-block-background\"><\/div>\n    <div class=\"image-text-static-image__inner inner-container\">\n                    <div class=\"image-text-static-image__content content-left\" style='--content-width: 50%'>\n                                    <div class=\"image-text-static-image__title\">\n                        <h1 >VPN gratuita para redes Wi-Fi p\u00fablicas<\/h1>                    <\/div>\n                \n                <p>Cuando se usan puntos de WiFi p\u00fablicos, el usuario se vuelve vulnerable a los ataques. Pero esto no significa que debe negarse a pasar su tiempo en l\u00ednea en su cafeter\u00eda favorita. \u00a1Utilice el servicio Planet VPN para proteger sus datos personales!<\/p>\n                                    <div class=\"image-text-static-image__cta\">\n                                                    <a href=\"\/es\/plans\/\" target=\"_self\" id=\"qa-hero-btn-cta\" class=\"cta download-by-platform cta--with-border cta-size--small cta-mt--initial icon-position--icon-left\" style=\"--border-radius:40px\"><span class=\"cta__name\">Descargar gratis<\/span><\/a>                                            <\/div>\n                \n                \n\n            <\/div>\n        \n                    <div class=\"bg-image-wrapper bg-image-wrapper--desktop  right image-align--center\" style='--image-max-width: 50%'>\n                <figure>\n                    <img width=\"520\" height=\"480\" src=\"https:\/\/freevpnplanet.com\/wp-content\/uploads\/2024\/07\/rvpn-illustration.d43dde01-20240703_185839_908213.svg\" class=\"attachment-full size-full\" alt=\"\" loading=\"lazy\" decoding=\"sync\" fetchpriority=\"low\" style=\"max-width:531px\" sizes=\"auto, (max-width: 531px) 100vw, 531px\" aria-hidden=\"true\" \/>                    <!-- <img decoding=\"async\" width=\"520\" height=\"480\" src=\"https:\/\/freevpnplanet.com\/wp-content\/uploads\/2024\/07\/rvpn-illustration.d43dde01-20240703_185839_908213.svg\" class=\"attachment-full size-full\" alt=\"\" style=\"max-width:531px\" \/> -->\n                <\/figure>\n            <\/div>\n        \n            <\/div>\n<\/section><\/div>\n\n\n\n<section class=\"image-text-static-image custom-block align-none  mobile-image-bottom  pb-0 header-size-small text-size-small  \" style=''>\n\n    <div class=\"gutenberg-block-background\"><\/div>\n    <div class=\"image-text-static-image__inner inner-container\">\n                    <div class=\"image-text-static-image__content content-right\" style='--content-width: 50%'>\n                                    <div class=\"image-text-static-image__title\">\n                        <h2 >\u00bfPOR QU\u00c9 EL WIFI P\u00daBLICO ES PELIGROSO?<\/h2>                    <\/div>\n                \n                <p>Imagine que controla el dispositivo a trav\u00e9s del cual pasan los datos. Es decir, puede determinar el dispositivo espec\u00edfico en la red mediante encabezados de servicio IP, y luego leer la correspondencia y recibir cualquier informaci\u00f3n que el usuario intercambie a trav\u00e9s de Internet, sin mencionar el hecho de que simplemente observa la actividad del usuario.<\/p>\n<p>La mayor\u00eda de los puntos WiFi p\u00fablicos no est\u00e1n protegidos, salvo por la contrase\u00f1a para acceder a ellos, que es muy f\u00e1cil de conseguir. La contrase\u00f1a simplemente no permite que extra\u00f1os que pasan al azar utilicen la red a trav\u00e9s de este punto de acceso.<\/p>\n                \n                \n\n            <\/div>\n        \n                    <div class=\"bg-image-wrapper bg-image-wrapper--desktop  left image-align--center\" style='--image-max-width: 50%'>\n                <figure>\n                    <img width=\"502\" height=\"353\" src=\"https:\/\/freevpnplanet.com\/wp-content\/uploads\/2024\/07\/rvpn-what-for.c637ee71-20240703_190103_770740.svg\" class=\"attachment-full size-full\" alt=\"\" loading=\"lazy\" decoding=\"sync\" fetchpriority=\"low\" style=\"max-width:502px\" sizes=\"auto, (max-width: 502px) 100vw, 502px\" aria-hidden=\"true\" \/>                    <!-- <img decoding=\"async\" width=\"502\" height=\"353\" src=\"https:\/\/freevpnplanet.com\/wp-content\/uploads\/2024\/07\/rvpn-what-for.c637ee71-20240703_190103_770740.svg\" class=\"attachment-full size-full\" alt=\"\" style=\"max-width:502px\" \/> -->\n                <\/figure>\n            <\/div>\n        \n            <\/div>\n<\/section>\n\n\n<section class=\"image-text-static-image custom-block align-none  mobile-image-bottom   header-size-small text-size-small  \" style=''>\n\n    <div class=\"gutenberg-block-background\"><\/div>\n    <div class=\"image-text-static-image__inner inner-container\">\n                    <div class=\"image-text-static-image__content content-left\" style='--content-width: 50%'>\n                \n                <p>Sin embargo, la mayor\u00eda de las veces estas contrase\u00f1as se escriben dentro del restaurante u hotel donde se proporciona el WiFi p\u00fablico. En el 98% de los casos, el WiFi no tiene ninguna protecci\u00f3n adicional, exceptuando la contrase\u00f1a. Una persona m\u00ednimamente familiarizada con la inform\u00e1tica puede hacerse con el control del punto de acceso WiFi y, por tanto, de los datos que pasan a trav\u00e9s de \u00e9l. Las consecuencias pueden ser muy diversas, desde la filtraci\u00f3n de algunos datos personales hasta el robo de fondos de cuentas utilizadas para el pago en l\u00ednea de tarjetas o el robo de informaci\u00f3n comercial importante.<\/p>\n<p>Pero esto no significa que los puntos de acceso de WiFi p\u00fablica sean malos y no tiene que usarlos. Con el servicio de Planet VPN, usted encripta de forma segura su tr\u00e1fico de tal manera que ning\u00fan ataque cibern\u00e9tico puede hacer nada.<\/p>\n                \n                \n\n            <\/div>\n        \n                    <div class=\"bg-image-wrapper bg-image-wrapper--desktop  right image-align--center\" style='--image-max-width: 50%'>\n                <figure>\n                    <img width=\"483\" height=\"493\" src=\"https:\/\/freevpnplanet.com\/wp-content\/uploads\/2024\/07\/rvpn-spider.0ddda6d1-20240703_190230_735534.svg\" class=\"attachment-full size-full\" alt=\"\" loading=\"lazy\" decoding=\"sync\" fetchpriority=\"low\" style=\"max-width:483px\" sizes=\"auto, (max-width: 483px) 100vw, 483px\" aria-hidden=\"true\" \/>                    <!-- <img decoding=\"async\" width=\"483\" height=\"493\" src=\"https:\/\/freevpnplanet.com\/wp-content\/uploads\/2024\/07\/rvpn-spider.0ddda6d1-20240703_190230_735534.svg\" class=\"attachment-full size-full\" alt=\"\" style=\"max-width:483px\" \/> -->\n                <\/figure>\n            <\/div>\n        \n            <\/div>\n<\/section>\n\n\n<section class=\"image-text-static-image custom-block align-none  mobile-image-bottom   header-size-small text-size-small  \" style='--background-color:var(--dark-blue-8)'>\n\n    <div class=\"gutenberg-block-background\"><\/div>\n    <div class=\"image-text-static-image__inner inner-container\">\n                    <div class=\"image-text-static-image__content content-right\" style='--content-width: 50%'>\n                                    <div class=\"image-text-static-image__title\">\n                        <h2 >\u00bfC\u00d3MO AYUDA LA VPN A PROTEGER SUS DATOS CUANDO SE CONECTA A TRAV\u00c9S DE UNA WIFI P\u00daBLICA?<\/h2>                    <\/div>\n                \n                <p>En t\u00e9rminos accesibles, una VPN es un canal absolutamente seguro que conecta tu dispositivo a cualquier otro dispositivo en una red global a trav\u00e9s de Internet.<\/p>\n<p>Si lo imagina de forma m\u00e1s figurada: sin un servicio VPN, su hogar ser\u00eda como una casa sin cercado cuando se conecta a un punto WiFi p\u00fablico. En cualquier momento, alguien puede entrar intencionada o accidentalmente en su casa y hacerle da\u00f1o o robarle algo. Cuando utiliza una VPN, su casa se convierte en una fortaleza impenetrable en la que es imposible entrar.<\/p>\n                \n                \n\n            <\/div>\n        \n                    <div class=\"bg-image-wrapper bg-image-wrapper--desktop  left image-align--center\" style='--image-max-width: 50%'>\n                <figure>\n                    <img width=\"436\" height=\"436\" src=\"https:\/\/freevpnplanet.com\/wp-content\/uploads\/2024\/07\/rvpn-dataprotect.d1687661-20240703_190704_001945.svg\" class=\"attachment-full size-full\" alt=\"\" loading=\"lazy\" decoding=\"sync\" fetchpriority=\"low\" style=\"max-width:436px\" sizes=\"auto, (max-width: 436px) 100vw, 436px\" aria-hidden=\"true\" \/>                    <!-- <img decoding=\"async\" width=\"436\" height=\"436\" src=\"https:\/\/freevpnplanet.com\/wp-content\/uploads\/2024\/07\/rvpn-dataprotect.d1687661-20240703_190704_001945.svg\" class=\"attachment-full size-full\" alt=\"\" style=\"max-width:436px\" \/> -->\n                <\/figure>\n            <\/div>\n        \n            <\/div>\n<\/section>\n\n\n<div class=\"wp-block-group alignfull is-content-justification-center is-nowrap is-layout-flex wp-container-core-group-is-layout-2 wp-block-group-is-layout-flex\" style=\"padding-right:var(--wp--preset--spacing--40);padding-left:var(--wp--preset--spacing--40)\">\n<div class=\"wp-block-columns wp-container-content-1 is-layout-flex wp-container-core-columns-is-layout-1 wp-block-columns-is-layout-flex row-gap--20 stack-breakpoint--768\">\n<div class=\"wp-block-column is-layout-flow wp-block-column-is-layout-flow\">\n<section class=\"advanced-steps custom-block align-none  align-desktop-left align-mobile-left font-normal three-columns title-small image-shadow\" style='--background-color:var(--none)'>\n\n    <div class=\"gutenberg-block-background\"><\/div>\n    <div class=\"advanced-steps__container inner-container\">\n                    <div class=\"advanced-steps__intro\">\n                <h2 style=\"text-align: center;\">\u00bfC\u00d3MO PROTEGER SU DISPOSITIVO CUANDO EST\u00c1 CONECTADO A WIFI EN LUGARES P\u00daBLICOS?<\/h2>            <\/div>\n        \n        <ul class=\"advanced-steps__list advanced-steps__list--download-steps\" style='--columns-gap:50px'>\n                            <li style='--max-width:px'>\n                                            <h2 class=\"step-title\">Descargar<\/h2>\n                    \n                                            <div class=\"image-wrapper\">\n                            <img decoding=\"async\" width=\"219\" height=\"170\" src=\"https:\/\/freevpnplanet.com\/wp-content\/uploads\/2024\/05\/rvpn-download.df91dd21-20240524_114147_333777.svg\" class=\"attachment-full size-full\" alt=\"Step 1\" \/>                        <\/div>\n\n                                                    <p><a class=\"\" href=\"https:\/\/freevpnplanet.com\/es\/download\/\" id=\"qa-advanced-step-content-link\">Download<\/a> e instale la aplicaci\u00f3n en su dispositivo<\/p>                                                            <\/li>\n                                <li style='--max-width:px'>\n                                            <h2 class=\"step-title\">Conectar<\/h2>\n                    \n                                            <div class=\"image-wrapper\">\n                            <img decoding=\"async\" width=\"220\" height=\"171\" src=\"https:\/\/freevpnplanet.com\/wp-content\/uploads\/2024\/05\/rvpn-login.60a645a1-20240524_114327_062578.svg\" class=\"attachment-full size-full\" alt=\"Step 1\" \/>                        <\/div>\n\n                                                    <p>Con\u00e9ctese a uno de nuestros servidores<\/p>                                                            <\/li>\n                                <li style='--max-width:px'>\n                                            <h2 class=\"step-title\">Visitar<\/h2>\n                    \n                                            <div class=\"image-wrapper\">\n                            <img decoding=\"async\" width=\"219\" height=\"170\" src=\"https:\/\/freevpnplanet.com\/wp-content\/uploads\/2024\/05\/rvpn-connect.12ef9ce1-20240524_114733_838401.svg\" class=\"attachment-full size-full\" alt=\"Step 3\" \/>                        <\/div>\n\n                                                    <p>Visite cualquier p\u00e1gina web sin restricci\u00f3n<\/p>                                                            <\/li>\n                        <\/ul>\n\n                    <div class=\"advanced-steps__cta\">\n                <a href=\"\/es\/plans\/\" target=\"_self\" id=\"qa-steps-btn-cta\" class=\"cta download-by-platform cta--with-border cta-size--small cta-mt--initial icon-position--icon-left\" style=\"--border-radius:40px\"><span class=\"cta__name\">Descargar gratis<\/span><\/a>            <\/div>\n        \n        \n        \n\n    <\/div>\n<\/section>\n<\/div>\n<\/div>\n<\/div>\n\n\n\n<div class=\"wp-block-group alignfull has-background is-layout-constrained wp-block-group-is-layout-constrained\" style=\"background-color:#2f77d4\">\n<section class=\"image-text-static-image custom-block align-none  mobile-image-bottom  pb-0 header-size-small text-size-small  pb-0--desktop\" style='--background-color:var(--none); --text-color:var(--white)'>\n\n    <div class=\"gutenberg-block-background\"><\/div>\n    <div class=\"image-text-static-image__inner inner-container\">\n                    <div class=\"image-text-static-image__content content-left\" style='--content-width: 52%'>\n                                    <div class=\"image-text-static-image__title\">\n                        <h2 >\u00bfC\u00f3mo funciona Planet VPN?<\/h2>                    <\/div>\n                \n                <p>El principio de funcionamiento del Servicio Planet VPN es simple para el usuario final. Cuando activa Planet VPN, se crea un t\u00fanel virtual entre su dispositivo y el resto de Internet, bloqueando cualquier intento de hackear la red.<\/p>\n<p>Tu correspondencia personal y de negocios, tus conversaciones de Skype no pueden ser interceptadas ni escuchadas de ninguna manera. Todos sus datos se cifran con un algoritmo de cifrado moderno y fiable, que es casi imposible de descifrar.<\/p>\n                \n                \n\n            <\/div>\n        \n                    <div class=\"bg-image-wrapper bg-image-wrapper--desktop  right image-align--center\" style='--image-max-width: 48%'>\n                <figure>\n                    <img width=\"367\" height=\"369\" src=\"https:\/\/freevpnplanet.com\/wp-content\/uploads\/2024\/07\/rvpn-twoseat.cbaff5d1-20240704_125530_690840.svg\" class=\"attachment-full size-full\" alt=\"\" loading=\"lazy\" decoding=\"sync\" fetchpriority=\"low\" style=\"max-width:370px\" sizes=\"auto, (max-width: 370px) 100vw, 370px\" aria-hidden=\"true\" \/>                    <!-- <img decoding=\"async\" width=\"367\" height=\"369\" src=\"https:\/\/freevpnplanet.com\/wp-content\/uploads\/2024\/07\/rvpn-twoseat.cbaff5d1-20240704_125530_690840.svg\" class=\"attachment-full size-full\" alt=\"\" style=\"max-width:370px\" \/> -->\n                <\/figure>\n            <\/div>\n        \n            <\/div>\n<\/section>\n\n\n<section class=\"image-text-static-image custom-block align-none  mobile-image-bottom  pb-0 header-size-small text-size-small  pb-0--desktop\" style='--background-color:var(--none); --text-color:var(--white)'>\n\n    <div class=\"gutenberg-block-background\"><\/div>\n    <div class=\"image-text-static-image__inner inner-container\">\n                    <div class=\"image-text-static-image__content content-right\" style='--content-width: 52%'>\n                \n                <p>Adem\u00e1s de la protecci\u00f3n contra intrusiones externas, Planet VPN ofrece la posibilidad de conectarse a servidores VPN en diferentes pa\u00edses del mundo y usar sus recursos de red, lo que significa ver canales de televisi\u00f3n que antes no estaban disponibles.<\/p>\n<p>Planet VPN reemplazar\u00e1 su direcci\u00f3n IP por otra. Para ello, solo tiene que elegir un pa\u00eds de la lista, y todos los sitios y servicios ver\u00e1n que su dispositivo est\u00e1 en el pa\u00eds especificado previamente.<\/p>\n                \n                \n\n            <\/div>\n        \n                    <div class=\"bg-image-wrapper bg-image-wrapper--desktop  left image-align--left\" style='--image-max-width: 48%'>\n                <figure>\n                    <img width=\"635\" height=\"496\" src=\"https:\/\/freevpnplanet.com\/wp-content\/uploads\/2024\/07\/rvpn-twoworld.9cf60601-20240704_125818_698023.svg\" class=\"attachment-full size-full\" alt=\"\" loading=\"lazy\" decoding=\"sync\" fetchpriority=\"low\" style=\"max-width:635px\" sizes=\"auto, (max-width: 635px) 100vw, 635px\" aria-hidden=\"true\" \/>                    <!-- <img decoding=\"async\" width=\"635\" height=\"496\" src=\"https:\/\/freevpnplanet.com\/wp-content\/uploads\/2024\/07\/rvpn-twoworld.9cf60601-20240704_125818_698023.svg\" class=\"attachment-full size-full\" alt=\"\" style=\"max-width:635px\" \/> -->\n                <\/figure>\n            <\/div>\n        \n            <\/div>\n<\/section>\n\n\n<section class=\"wrapper custom-block align-none    \" style=''>\n\n    <div class=\"gutenberg-block-background\"><\/div>\n    <div class=\"wrapper__inner inner-container\">\n        \n\n<div class=\"buttons custom-block align-center \">\n                        <a href=\"\/es\/plans\/\" target=\"_self\" id=\"qa-cta-btn-content\" class=\"cta download-by-platform cta--with-border cta-size--small cta-mt--initial icon-position--icon-left\" style=\"--border-radius:40px\"><span class=\"cta__name\">Descargar gratis<\/span><\/a>            <\/div>\n\n    <\/div>\n\n<\/section><\/div>\n","protected":false},"excerpt":{"rendered":"","protected":false},"author":39,"featured_media":0,"parent":0,"menu_order":0,"comment_status":"closed","ping_status":"closed","template":"templates\/page_template-basic_for_gutenberg.php","meta":{"_acf_changed":false,"inline_featured_image":false,"footnotes":""},"download_by_lite_tag":[],"class_list":["post-101911","page","type-page","status-publish","hentry"],"yoast_head":"<!-- This site is optimized with the Yoast SEO plugin v22.6 - https:\/\/yoast.com\/wordpress\/plugins\/seo\/ -->\n<title>VPN gratuita para redes Wi-Fi p\u00fablicas - Proteja su conexi\u00f3n Wi-Fi - Planet VPN<\/title>\n<meta name=\"description\" content=\"Mejore la seguridad de su conexi\u00f3n inal\u00e1mbrica con una VPN para Wi-Fi. Establezca una conexi\u00f3n Wi-Fi segura y use Internet de forma privada y con protecci\u00f3n.\" \/>\n<meta name=\"robots\" content=\"index, follow, max-snippet:-1, max-image-preview:large, max-video-preview:-1\" \/>\n<link rel=\"canonical\" href=\"https:\/\/freevpnplanet.com\/es\/connect-to-free-wi-fi\/\" \/>\n<meta property=\"og:locale\" content=\"es_ES\" \/>\n<meta property=\"og:type\" content=\"article\" \/>\n<meta property=\"og:title\" content=\"VPN gratuita para redes Wi-Fi p\u00fablicas - Proteja su conexi\u00f3n Wi-Fi - Planet VPN\" \/>\n<meta property=\"og:description\" content=\"Mejore la seguridad de su conexi\u00f3n inal\u00e1mbrica con una VPN para Wi-Fi. Establezca una conexi\u00f3n Wi-Fi segura y use Internet de forma privada y con protecci\u00f3n.\" \/>\n<meta property=\"og:url\" content=\"https:\/\/freevpnplanet.com\/es\/connect-to-free-wi-fi\/\" \/>\n<meta property=\"og:site_name\" content=\"Planet VPN\" \/>\n<meta property=\"article:modified_time\" content=\"2025-07-18T08:38:07+00:00\" \/>\n<meta name=\"twitter:card\" content=\"summary_large_image\" \/>\n<script type=\"application\/ld+json\" class=\"yoast-schema-graph\">{\"@context\":\"https:\/\/schema.org\",\"@graph\":[{\"@type\":\"WebPage\",\"@id\":\"https:\/\/freevpnplanet.com\/es\/connect-to-free-wi-fi\/\",\"url\":\"https:\/\/freevpnplanet.com\/es\/connect-to-free-wi-fi\/\",\"name\":\"VPN gratuita para redes Wi-Fi p\u00fablicas - Proteja su conexi\u00f3n Wi-Fi - Planet VPN\",\"isPartOf\":{\"@id\":\"https:\/\/freevpnplanet.com\/es\/#website\"},\"datePublished\":\"2024-07-03T11:00:39+00:00\",\"dateModified\":\"2025-07-18T08:38:07+00:00\",\"description\":\"Mejore la seguridad de su conexi\u00f3n inal\u00e1mbrica con una VPN para Wi-Fi. Establezca una conexi\u00f3n Wi-Fi segura y use Internet de forma privada y con protecci\u00f3n.\",\"breadcrumb\":{\"@id\":\"https:\/\/freevpnplanet.com\/es\/connect-to-free-wi-fi\/#breadcrumb\"},\"inLanguage\":\"es\",\"potentialAction\":[{\"@type\":\"ReadAction\",\"target\":[\"https:\/\/freevpnplanet.com\/es\/connect-to-free-wi-fi\/\"]}]},{\"@type\":\"BreadcrumbList\",\"@id\":\"https:\/\/freevpnplanet.com\/es\/connect-to-free-wi-fi\/#breadcrumb\",\"itemListElement\":[{\"@type\":\"ListItem\",\"position\":1,\"name\":\"Home\",\"item\":\"https:\/\/freevpnplanet.com\/es\/\"},{\"@type\":\"ListItem\",\"position\":2,\"name\":\"Connect to free WI-FI\"}]},{\"@type\":\"WebSite\",\"@id\":\"https:\/\/freevpnplanet.com\/es\/#website\",\"url\":\"https:\/\/freevpnplanet.com\/es\/\",\"name\":\"Planet VPN \ud83d\udee1\ufe0f\ud83c\udf10 Free VPN\",\"description\":\"Free VPN\",\"potentialAction\":[{\"@type\":\"SearchAction\",\"target\":{\"@type\":\"EntryPoint\",\"urlTemplate\":\"https:\/\/freevpnplanet.com\/es\/?s={search_term_string}\"},\"query-input\":\"required name=search_term_string\"}],\"inLanguage\":\"es\",\"publisher\":{\"@id\":\"https:\/\/freevpnplanet.com\/es\/#organization\"}},{\"@context\":\"https:\/\/schema.org\/\",\"@type\":\"SoftwareApplication\",\"name\":\"Planet VPN \ud83d\udee1\ufe0f\ud83c\udf10 Free VPN\",\"operatingSystem\":\"Windows, macOS, iOS, Android, Linux, Chrome\",\"applicationCategory\":\"SecurityApplication\",\"offers\":{\"@type\":\"AggregateOffer\",\"priceCurrency\":\"USD\",\"price\":\"0\",\"lowPrice\":\"0\",\"availability\":\"https:\/\/schema.org\/InStock\"},\"aggregateRating\":{\"@type\":\"AggregateRating\",\"ratingValue\":\"4.8\",\"bestRating\":\"5\",\"ratingCount\":\"12476\"}},{\"@type\":\"Organization\",\"@id\":\"https:\/\/freevpnplanet.com\/es\/#organization\",\"url\":\"https:\/\/freevpnplanet.com\/es\/\",\"name\":\"Planet VPN \ud83d\udee1\ufe0f\ud83c\udf10 Free VPN\"}]}<\/script>\n<!-- \/ Yoast SEO plugin. -->","yoast_head_json":{"title":"VPN gratuita para redes Wi-Fi p\u00fablicas - Proteja su conexi\u00f3n Wi-Fi - Planet VPN","description":"Mejore la seguridad de su conexi\u00f3n inal\u00e1mbrica con una VPN para Wi-Fi. Establezca una conexi\u00f3n Wi-Fi segura y use Internet de forma privada y con protecci\u00f3n.","robots":{"index":"index","follow":"follow","max-snippet":"max-snippet:-1","max-image-preview":"max-image-preview:large","max-video-preview":"max-video-preview:-1"},"canonical":"https:\/\/freevpnplanet.com\/es\/connect-to-free-wi-fi\/","og_locale":"es_ES","og_type":"article","og_title":"VPN gratuita para redes Wi-Fi p\u00fablicas - Proteja su conexi\u00f3n Wi-Fi - Planet VPN","og_description":"Mejore la seguridad de su conexi\u00f3n inal\u00e1mbrica con una VPN para Wi-Fi. Establezca una conexi\u00f3n Wi-Fi segura y use Internet de forma privada y con protecci\u00f3n.","og_url":"https:\/\/freevpnplanet.com\/es\/connect-to-free-wi-fi\/","og_site_name":"Planet VPN","article_modified_time":"2025-07-18T08:38:07+00:00","twitter_card":"summary_large_image","schema":{"@context":"https:\/\/schema.org","@graph":[{"@type":"WebPage","@id":"https:\/\/freevpnplanet.com\/es\/connect-to-free-wi-fi\/","url":"https:\/\/freevpnplanet.com\/es\/connect-to-free-wi-fi\/","name":"VPN gratuita para redes Wi-Fi p\u00fablicas - Proteja su conexi\u00f3n Wi-Fi - Planet VPN","isPartOf":{"@id":"https:\/\/freevpnplanet.com\/es\/#website"},"datePublished":"2024-07-03T11:00:39+00:00","dateModified":"2025-07-18T08:38:07+00:00","description":"Mejore la seguridad de su conexi\u00f3n inal\u00e1mbrica con una VPN para Wi-Fi. Establezca una conexi\u00f3n Wi-Fi segura y use Internet de forma privada y con protecci\u00f3n.","breadcrumb":{"@id":"https:\/\/freevpnplanet.com\/es\/connect-to-free-wi-fi\/#breadcrumb"},"inLanguage":"es","potentialAction":[{"@type":"ReadAction","target":["https:\/\/freevpnplanet.com\/es\/connect-to-free-wi-fi\/"]}]},{"@type":"BreadcrumbList","@id":"https:\/\/freevpnplanet.com\/es\/connect-to-free-wi-fi\/#breadcrumb","itemListElement":[{"@type":"ListItem","position":1,"name":"Home","item":"https:\/\/freevpnplanet.com\/es\/"},{"@type":"ListItem","position":2,"name":"Connect to free WI-FI"}]},{"@type":"WebSite","@id":"https:\/\/freevpnplanet.com\/es\/#website","url":"https:\/\/freevpnplanet.com\/es\/","name":"Planet VPN \ud83d\udee1\ufe0f\ud83c\udf10 Free VPN","description":"Free VPN","potentialAction":[{"@type":"SearchAction","target":{"@type":"EntryPoint","urlTemplate":"https:\/\/freevpnplanet.com\/es\/?s={search_term_string}"},"query-input":"required name=search_term_string"}],"inLanguage":"es","publisher":{"@id":"https:\/\/freevpnplanet.com\/es\/#organization"}},{"@context":"https:\/\/schema.org\/","@type":"SoftwareApplication","name":"Planet VPN \ud83d\udee1\ufe0f\ud83c\udf10 Free VPN","operatingSystem":"Windows, macOS, iOS, Android, Linux, Chrome","applicationCategory":"SecurityApplication","offers":{"@type":"AggregateOffer","priceCurrency":"USD","price":"0","lowPrice":"0","availability":"https:\/\/schema.org\/InStock"},"aggregateRating":{"@type":"AggregateRating","ratingValue":"4.8","bestRating":"5","ratingCount":"12476"}},{"@type":"Organization","@id":"https:\/\/freevpnplanet.com\/es\/#organization","url":"https:\/\/freevpnplanet.com\/es\/","name":"Planet VPN \ud83d\udee1\ufe0f\ud83c\udf10 Free VPN"}]}},"acf":[],"_links":{"self":[{"href":"https:\/\/freevpnplanet.com\/es\/wp-json\/wp\/v2\/pages\/101911","targetHints":{"allow":["GET"]}}],"collection":[{"href":"https:\/\/freevpnplanet.com\/es\/wp-json\/wp\/v2\/pages"}],"about":[{"href":"https:\/\/freevpnplanet.com\/es\/wp-json\/wp\/v2\/types\/page"}],"author":[{"embeddable":true,"href":"https:\/\/freevpnplanet.com\/es\/wp-json\/wp\/v2\/users\/39"}],"replies":[{"embeddable":true,"href":"https:\/\/freevpnplanet.com\/es\/wp-json\/wp\/v2\/comments?post=101911"}],"version-history":[{"count":4,"href":"https:\/\/freevpnplanet.com\/es\/wp-json\/wp\/v2\/pages\/101911\/revisions"}],"predecessor-version":[{"id":171427,"href":"https:\/\/freevpnplanet.com\/es\/wp-json\/wp\/v2\/pages\/101911\/revisions\/171427"}],"wp:attachment":[{"href":"https:\/\/freevpnplanet.com\/es\/wp-json\/wp\/v2\/media?parent=101911"}],"wp:term":[{"taxonomy":"download_by_lite_tag","embeddable":true,"href":"https:\/\/freevpnplanet.com\/es\/wp-json\/wp\/v2\/download_by_lite_tag?post=101911"}],"curies":[{"name":"wp","href":"https:\/\/api.w.org\/{rel}","templated":true}]}}