{"id":101983,"date":"2024-06-28T17:47:49","date_gmt":"2024-06-28T14:47:49","guid":{"rendered":"https:\/\/help.freeplanetvpn.com\/data-protection-security\/"},"modified":"2025-07-18T10:54:06","modified_gmt":"2025-07-18T07:54:06","slug":"data-protection-security","status":"publish","type":"page","link":"https:\/\/freevpnplanet.com\/es\/data-protection-security\/","title":{"rendered":"Data Protection Security"},"content":{"rendered":"\n<section class=\"image-text-static-image custom-block align-none data-protection-security__banner mobile-image-bottom   header-size-small text-size-small  \" style='--background-color:var(--dark-blue-0); --text-color:var(--white)'>\n\n    <div class=\"gutenberg-block-background\"><\/div>\n    <div class=\"image-text-static-image__inner inner-container\">\n                    <div class=\"image-text-static-image__content content-left\" style='--content-width: 39%'>\n                                    <div class=\"image-text-static-image__title\">\n                        <h1 >VPN gratuita para una mayor protecci\u00f3n en Internet<\/h1>                    <\/div>\n                \n                <p>\u00bfPreocupado de que le vigilen? &#8211; No hay problema. Con Planet VPN, \u00a1nadie puede rastrear ni interceptar sus datos!<\/p>\n                                    <div class=\"image-text-static-image__cta\">\n                                                    <a href=\"\/es\/plans\/\" target=\"_self\" id=\"qa-hero-cta-btn\" class=\"cta download-by-platform cta--with-border cta-size--small cta-mt--initial icon-position--icon-left\" style=\"--border-radius:40px\"><span class=\"cta__name\">Descargar gratis<\/span><\/a>                                            <\/div>\n                \n                \n\n            <\/div>\n        \n                    <div class=\"bg-image-wrapper bg-image-wrapper--desktop  right image-align--center\" style='--image-max-width: 61%'>\n                <figure>\n                    <img width=\"783\" height=\"734\" src=\"https:\/\/freevpnplanet.com\/wp-content\/uploads\/2024\/06\/rvpn-illustration.626d9081-20240628_175014_032621.svg\" class=\"attachment-full size-full\" alt=\"\" loading=\"lazy\" decoding=\"sync\" fetchpriority=\"low\" style=\"max-width:784px\" sizes=\"auto, (max-width: 784px) 100vw, 784px\" aria-hidden=\"true\" \/>                    <!-- <img decoding=\"async\" width=\"783\" height=\"734\" src=\"https:\/\/freevpnplanet.com\/wp-content\/uploads\/2024\/06\/rvpn-illustration.626d9081-20240628_175014_032621.svg\" class=\"attachment-full size-full\" alt=\"\" style=\"max-width:784px\" \/> -->\n                <\/figure>\n            <\/div>\n        \n            <\/div>\n<\/section>\n\n\n<section class=\"image-text-static-image custom-block align-none  mobile-image-bottom   header-size-small text-size-small  pb-0--desktop\" style=''>\n\n    <div class=\"gutenberg-block-background\"><\/div>\n    <div class=\"image-text-static-image__inner inner-container\">\n                    <div class=\"image-text-static-image__content content-right\" style='--content-width: 49%'>\n                                    <div class=\"image-text-static-image__title\">\n                        <h2 >\u00bfQUI\u00c9N LE VIGILA EN INTERNET?<\/h2>                    <\/div>\n                \n                <p>Cualquier proveedor de Internet guarda todo lo que hace en la red, los sitios que visita, los mensajes que env\u00eda a trav\u00e9s de Internet, y suministra esta informaci\u00f3n a repositorios especiales para que, si es necesario, puedan utilizarla varias organizaciones.<\/p>\n<p>Si te conectas a una WiFi p\u00fablica, todos los datos que env\u00edes y recibas estar\u00e1n a disposici\u00f3n del propietario de la red.<\/p>\n<p>En las oficinas, tu tr\u00e1fico siempre est\u00e1 vigilado por los empleadores.<\/p>\n                \n                \n\n            <\/div>\n        \n                    <div class=\"bg-image-wrapper bg-image-wrapper--desktop  left image-align--center\" style='--image-max-width: 51%'>\n                <figure>\n                    <img width=\"472\" height=\"436\" src=\"https:\/\/freevpnplanet.com\/wp-content\/uploads\/2024\/06\/rvpn-surv.6d002b11-20240628_175357_751526.svg\" class=\"attachment-full size-full\" alt=\"\" loading=\"lazy\" decoding=\"sync\" fetchpriority=\"low\" style=\"max-width:472px\" sizes=\"auto, (max-width: 472px) 100vw, 472px\" aria-hidden=\"true\" \/>                    <!-- <img decoding=\"async\" width=\"472\" height=\"436\" src=\"https:\/\/freevpnplanet.com\/wp-content\/uploads\/2024\/06\/rvpn-surv.6d002b11-20240628_175357_751526.svg\" class=\"attachment-full size-full\" alt=\"\" style=\"max-width:472px\" \/> -->\n                <\/figure>\n            <\/div>\n        \n            <\/div>\n<\/section>\n\n\n<section class=\"image-text-static-image custom-block align-none  mobile-image-bottom   header-size-small text-size-small  \" style=''>\n\n    <div class=\"gutenberg-block-background\"><\/div>\n    <div class=\"image-text-static-image__inner inner-container\">\n                    <div class=\"image-text-static-image__content content-left\" style='--content-width: 49%'>\n                \n                <p>Los propietarios de las p\u00e1ginas web est\u00e1n viendo desde qu\u00e9 IP lleg\u00f3 a su sitio. Adem\u00e1s, los motores de b\u00fasqueda y diversos servicios de estad\u00edsticas recolectan toda la informaci\u00f3n posible sobre usted. Sin mencionar la gran cantidad de intrusos que intentan interceptar todos los datos confidenciales, ya sean los detalles de sus tarjetas de pago, datos personales o correspondencia.<\/p>\n<p>Cualquiera que se haga con tu informaci\u00f3n puede hacer cualquier cosa, y esto es desagradable e inaceptable. Pero hay una salida: \u00a1Planet VPN! Gracias a una encriptaci\u00f3n fiable, tus datos no pueden ser interceptados, y nuestros amplios canales y r\u00e1pidos servidores hacen que trabajar en Internet no s\u00f3lo sea seguro, sino tambi\u00e9n c\u00f3modo.<\/p>\n                \n                \n\n            <\/div>\n        \n                    <div class=\"bg-image-wrapper bg-image-wrapper--desktop  right image-align--center\" style='--image-max-width: 51%'>\n                <figure>\n                    <img width=\"436\" height=\"436\" src=\"https:\/\/freevpnplanet.com\/wp-content\/uploads\/2024\/06\/rvpn-watch.c8e51db1-20240628_175545_400134.svg\" class=\"attachment-full size-full\" alt=\"\" loading=\"lazy\" decoding=\"sync\" fetchpriority=\"low\" style=\"max-width:472px\" sizes=\"auto, (max-width: 472px) 100vw, 472px\" aria-hidden=\"true\" \/>                    <!-- <img decoding=\"async\" width=\"436\" height=\"436\" src=\"https:\/\/freevpnplanet.com\/wp-content\/uploads\/2024\/06\/rvpn-watch.c8e51db1-20240628_175545_400134.svg\" class=\"attachment-full size-full\" alt=\"\" style=\"max-width:472px\" \/> -->\n                <\/figure>\n            <\/div>\n        \n            <\/div>\n<\/section>\n\n\n<div class=\"wp-block-group alignfull has-background-blue-background-color has-background is-content-justification-center is-nowrap is-layout-flex wp-container-core-group-is-layout-1 wp-block-group-is-layout-flex\">\n<div class=\"wp-block-columns wp-container-content-1 is-layout-flex wp-container-core-columns-is-layout-1 wp-block-columns-is-layout-flex row-gap--20 stack-breakpoint--768\">\n<div class=\"wp-block-column is-layout-flow wp-block-column-is-layout-flow\" style=\"padding-right:var(--wp--preset--spacing--50);padding-left:var(--wp--preset--spacing--50)\">\n<section class=\"advanced-steps custom-block align-center  align-desktop-left align-mobile-left font-normal three-columns title-small image-shadow\" style=''>\n\n    <div class=\"gutenberg-block-background\"><\/div>\n    <div class=\"advanced-steps__container inner-container\">\n                    <div class=\"advanced-steps__intro\">\n                <h2 style=\"text-align: center;\">\u00bfC\u00d3MO PROTEGERSE CONTRA LA VIGILANCIA EN INTERNET?<\/h2>            <\/div>\n        \n        <ul class=\"advanced-steps__list advanced-steps__list--download-steps\" style='--columns-gap:50px'>\n                            <li style='--max-width:px'>\n                                            <h2 class=\"step-title\">Descargar<\/h2>\n                    \n                                            <div class=\"image-wrapper\">\n                            <img decoding=\"async\" width=\"219\" height=\"170\" src=\"https:\/\/freevpnplanet.com\/wp-content\/uploads\/2024\/05\/rvpn-download.df91dd21-20240524_114147_333777.svg\" class=\"attachment-full size-full\" alt=\"Step 1\" \/>                        <\/div>\n\n                                                    <p><a href=\"https:\/\/freevpnplanet.com\/es\/download\/\" target=\"_blank\" rel=\"noopener\" id=\"qa-advanced-step-content-link\">Descargue<\/a> e instale la aplicaci\u00f3n en su dispositivo<\/p>                                                            <\/li>\n                                <li style='--max-width:px'>\n                                            <h2 class=\"step-title\">Conectar<\/h2>\n                    \n                                            <div class=\"image-wrapper\">\n                            <img decoding=\"async\" width=\"220\" height=\"171\" src=\"https:\/\/freevpnplanet.com\/wp-content\/uploads\/2024\/05\/rvpn-login.60a645a1-20240524_114327_062578.svg\" class=\"attachment-full size-full\" alt=\"Step 1\" \/>                        <\/div>\n\n                                                    <p>Con\u00e9ctese a uno de nuestros servidores<\/p>                                                            <\/li>\n                                <li style='--max-width:px'>\n                                            <h2 class=\"step-title\">Visitar<\/h2>\n                    \n                                            <div class=\"image-wrapper\">\n                            <img decoding=\"async\" width=\"219\" height=\"170\" src=\"https:\/\/freevpnplanet.com\/wp-content\/uploads\/2024\/05\/rvpn-connect.12ef9ce1-20240524_114733_838401.svg\" class=\"attachment-full size-full\" alt=\"Step 3\" \/>                        <\/div>\n\n                                                    <p>Visite cualquier p\u00e1gina web sin restricci\u00f3n<\/p>                                                            <\/li>\n                        <\/ul>\n\n                    <div class=\"advanced-steps__cta\">\n                <a href=\"\/es\/plans\/\" target=\"_self\" id=\"qa-cta-steps-btn\" class=\"cta download-by-platform cta--with-border cta-size--small cta-mt--initial icon-position--icon-left\" style=\"--border-radius:40px\"><span class=\"cta__name\">Descargar gratis<\/span><\/a>            <\/div>\n        \n        \n        \n\n    <\/div>\n<\/section>\n<\/div>\n<\/div>\n<\/div>\n\n\n\n<section class=\"image-text-static-image custom-block align-none  mobile-image-bottom   header-size-small text-size-small  pb-0--desktop\" style=''>\n\n    <div class=\"gutenberg-block-background\"><\/div>\n    <div class=\"image-text-static-image__inner inner-container\">\n                    <div class=\"image-text-static-image__content content-left\" style='--content-width: 49%'>\n                                    <div class=\"image-text-static-image__title\">\n                        <h2 >\u00bfC\u00d3MO LE VIGILAN EN LA RED?<\/h2>                    <\/div>\n                \n                <p>Cualquier dispositivo en la red tiene su propia direcci\u00f3n IP, incluso si accede a Internet a trav\u00e9s de una red p\u00fablica y su direcci\u00f3n IP externa no es \u00fanica, tambi\u00e9n hay una direcci\u00f3n local dentro de la red. El proveedor o el propietario de la red asigna f\u00e1cilmente las direcciones IP locales y externas y realiza un seguimiento de sus acciones.<\/p>\n<p>Todas sus acciones y correspondencia sin cifrar en la red se registran y almacenan de algunos meses a varios a\u00f1os.<\/p>\n                \n                \n\n            <\/div>\n        \n                    <div class=\"bg-image-wrapper bg-image-wrapper--desktop  right image-align--center\" style='--image-max-width: 51%'>\n                <figure>\n                    <img width=\"436\" height=\"436\" src=\"https:\/\/freevpnplanet.com\/wp-content\/uploads\/2024\/06\/rvpn-zoom.97114291-20240628_180539_548832.svg\" class=\"attachment-full size-full\" alt=\"\" loading=\"lazy\" decoding=\"sync\" fetchpriority=\"low\" style=\"max-width:472px\" sizes=\"auto, (max-width: 472px) 100vw, 472px\" aria-hidden=\"true\" \/>                    <!-- <img decoding=\"async\" width=\"436\" height=\"436\" src=\"https:\/\/freevpnplanet.com\/wp-content\/uploads\/2024\/06\/rvpn-zoom.97114291-20240628_180539_548832.svg\" class=\"attachment-full size-full\" alt=\"\" style=\"max-width:472px\" \/> -->\n                <\/figure>\n            <\/div>\n        \n            <\/div>\n<\/section>\n\n\n<section class=\"image-text-static-image custom-block align-none  mobile-image-bottom   header-size-small text-size-small  \" style=''>\n\n    <div class=\"gutenberg-block-background\"><\/div>\n    <div class=\"image-text-static-image__inner inner-container\">\n                    <div class=\"image-text-static-image__content content-right\" style='--content-width: 49%'>\n                \n                <p>Hay muchas m\u00e1s tecnolog\u00edas de rastreo en la red, pero todas son impotentes ante la tecnolog\u00eda VPN, que crea un t\u00fanel cifrado entre el servidor y el usuario, lo que hace imposible interceptar tu tr\u00e1fico.<\/p>\n<p>As\u00ed que nadie puede usar su informaci\u00f3n para ning\u00fan prop\u00f3sito. Planet VPN tiene un cifrado de encriptaci\u00f3n fuerte, transferencia r\u00e1pida de datos, as\u00ed como la ausencia total de registro y almacenamiento de datos.<\/p>\n                \n                \n\n            <\/div>\n        \n                    <div class=\"bg-image-wrapper bg-image-wrapper--desktop  left image-align--center\" style='--image-max-width: 51%'>\n                <figure>\n                    <img width=\"436\" height=\"436\" src=\"https:\/\/freevpnplanet.com\/wp-content\/uploads\/2024\/06\/rvpn-tech.7ca10ed1-20240628_180601_644317.svg\" class=\"attachment-full size-full\" alt=\"\" loading=\"lazy\" decoding=\"sync\" fetchpriority=\"low\" style=\"max-width:472px\" sizes=\"auto, (max-width: 472px) 100vw, 472px\" aria-hidden=\"true\" \/>                    <!-- <img decoding=\"async\" width=\"436\" height=\"436\" src=\"https:\/\/freevpnplanet.com\/wp-content\/uploads\/2024\/06\/rvpn-tech.7ca10ed1-20240628_180601_644317.svg\" class=\"attachment-full size-full\" alt=\"\" style=\"max-width:472px\" \/> -->\n                <\/figure>\n            <\/div>\n        \n            <\/div>\n<\/section>\n\n\n<section class=\"image-text-static-image custom-block align-none  mobile-image-bottom   header-size-small text-size-small  \" style='--background-color:var(--dark-blue-0); --text-color:var(--white)'>\n\n    <div class=\"gutenberg-block-background\"><\/div>\n    <div class=\"image-text-static-image__inner inner-container\">\n                    <div class=\"image-text-static-image__content content-right\" style='--content-width: 51%'>\n                                    <div class=\"image-text-static-image__title\">\n                        <h2 >YA NADIE LE VIGILA<\/h2>                    <\/div>\n                \n                <p>Hoy en d\u00eda, los motores de b\u00fasqueda, los proveedores y los sitios web tienen la oportunidad de leer datos sobre cada usuario con diferentes objetivos. El m\u00e1s inocuo de ellos es la distribuci\u00f3n de anuncios molestos, y de hecho la informaci\u00f3n puede estar en manos de estafadores, lo que casi siempre lleva al robo de datos personales y financieros.<\/p>\n<p>Usamos cifrado fuerte de 256 bits para protegerle de cualquier intruso y vigilancia de diversas estructuras. Al usar el servicio Planet VPN, oculta su direcci\u00f3n IP, haciendo que su navegaci\u00f3n sea completamente an\u00f3nima.<\/p>\n<p>No mantenemos ning\u00fan registro de su actividad en Internet, por lo que todas sus acciones permanecer\u00e1n completamente an\u00f3nimas. La navegaci\u00f3n an\u00f3nima le permite proteger de intrusos datos de cuentas bancarias y tarjetas de cr\u00e9dito, informaci\u00f3n personal y de negocios, correspondencia por correo electr\u00f3nico y mucho m\u00e1s.<\/p>\n                                    <div class=\"image-text-static-image__cta\">\n                                                    <a href=\"\/es\/plans\/\" target=\"_self\" id=\"qa-cta-ready-btn\" class=\"cta download-by-platform cta--with-border cta-size--small cta-mt--initial icon-position--icon-left\" style=\"--border-radius:40px\"><span class=\"cta__name\">Descargar Gratis<\/span><\/a>                                            <\/div>\n                \n                \n\n            <\/div>\n        \n                    <div class=\"bg-image-wrapper bg-image-wrapper--desktop  left image-align--center\" style='--image-max-width: 49%'>\n                <figure>\n                    <img width=\"444\" height=\"444\" src=\"https:\/\/freevpnplanet.com\/wp-content\/uploads\/2024\/07\/rvpn-no-spy.345c7111-20240701_151227_904235.svg\" class=\"attachment-full size-full\" alt=\"\" loading=\"lazy\" decoding=\"sync\" fetchpriority=\"low\" style=\"max-width:444px\" sizes=\"auto, (max-width: 444px) 100vw, 444px\" aria-hidden=\"true\" \/>                    <!-- <img decoding=\"async\" width=\"444\" height=\"444\" src=\"https:\/\/freevpnplanet.com\/wp-content\/uploads\/2024\/07\/rvpn-no-spy.345c7111-20240701_151227_904235.svg\" class=\"attachment-full size-full\" alt=\"\" style=\"max-width:444px\" \/> -->\n                <\/figure>\n            <\/div>\n        \n            <\/div>\n<\/section>","protected":false},"excerpt":{"rendered":"","protected":false},"author":39,"featured_media":0,"parent":0,"menu_order":0,"comment_status":"closed","ping_status":"closed","template":"templates\/page_template-basic_for_gutenberg.php","meta":{"_acf_changed":false,"inline_featured_image":false,"footnotes":""},"download_by_lite_tag":[],"class_list":["post-101983","page","type-page","status-publish","hentry"],"yoast_head":"<!-- This site is optimized with the Yoast SEO plugin v22.6 - https:\/\/yoast.com\/wordpress\/plugins\/seo\/ -->\n<title>VPN gratis para protecci\u00f3n de Internet: proteja sus datos en l\u00ednea<\/title>\n<meta name=\"description\" content=\"Prot\u00e9jase de la intromisi\u00f3n en Internet. Esconda su actividad en l\u00ednea de personas no autorizadas usando Planet VPN, una protecci\u00f3n confiable.\" \/>\n<meta name=\"robots\" content=\"index, follow, max-snippet:-1, max-image-preview:large, max-video-preview:-1\" \/>\n<link rel=\"canonical\" href=\"https:\/\/freevpnplanet.com\/es\/data-protection-security\/\" \/>\n<meta property=\"og:locale\" content=\"es_ES\" \/>\n<meta property=\"og:type\" content=\"article\" \/>\n<meta property=\"og:title\" content=\"VPN gratis para protecci\u00f3n de Internet: proteja sus datos en l\u00ednea\" \/>\n<meta property=\"og:description\" content=\"Prot\u00e9jase de la intromisi\u00f3n en Internet. Esconda su actividad en l\u00ednea de personas no autorizadas usando Planet VPN, una protecci\u00f3n confiable.\" \/>\n<meta property=\"og:url\" content=\"https:\/\/freevpnplanet.com\/es\/data-protection-security\/\" \/>\n<meta property=\"og:site_name\" content=\"Planet VPN\" \/>\n<meta property=\"article:modified_time\" content=\"2025-07-18T07:54:06+00:00\" \/>\n<meta name=\"twitter:card\" content=\"summary_large_image\" \/>\n<script type=\"application\/ld+json\" class=\"yoast-schema-graph\">{\"@context\":\"https:\/\/schema.org\",\"@graph\":[{\"@type\":\"WebPage\",\"@id\":\"https:\/\/freevpnplanet.com\/es\/data-protection-security\/\",\"url\":\"https:\/\/freevpnplanet.com\/es\/data-protection-security\/\",\"name\":\"VPN gratis para protecci\u00f3n de Internet: proteja sus datos en l\u00ednea\",\"isPartOf\":{\"@id\":\"https:\/\/freevpnplanet.com\/es\/#website\"},\"datePublished\":\"2024-06-28T14:47:49+00:00\",\"dateModified\":\"2025-07-18T07:54:06+00:00\",\"description\":\"Prot\u00e9jase de la intromisi\u00f3n en Internet. Esconda su actividad en l\u00ednea de personas no autorizadas usando Planet VPN, una protecci\u00f3n confiable.\",\"breadcrumb\":{\"@id\":\"https:\/\/freevpnplanet.com\/es\/data-protection-security\/#breadcrumb\"},\"inLanguage\":\"es\",\"potentialAction\":[{\"@type\":\"ReadAction\",\"target\":[\"https:\/\/freevpnplanet.com\/es\/data-protection-security\/\"]}]},{\"@type\":\"BreadcrumbList\",\"@id\":\"https:\/\/freevpnplanet.com\/es\/data-protection-security\/#breadcrumb\",\"itemListElement\":[{\"@type\":\"ListItem\",\"position\":1,\"name\":\"Home\",\"item\":\"https:\/\/freevpnplanet.com\/es\/\"},{\"@type\":\"ListItem\",\"position\":2,\"name\":\"Data Protection Security\"}]},{\"@type\":\"WebSite\",\"@id\":\"https:\/\/freevpnplanet.com\/es\/#website\",\"url\":\"https:\/\/freevpnplanet.com\/es\/\",\"name\":\"Planet VPN \ud83d\udee1\ufe0f\ud83c\udf10 Free VPN\",\"description\":\"Free VPN\",\"potentialAction\":[{\"@type\":\"SearchAction\",\"target\":{\"@type\":\"EntryPoint\",\"urlTemplate\":\"https:\/\/freevpnplanet.com\/es\/?s={search_term_string}\"},\"query-input\":\"required name=search_term_string\"}],\"inLanguage\":\"es\",\"publisher\":{\"@id\":\"https:\/\/freevpnplanet.com\/es\/#organization\"}},{\"@context\":\"https:\/\/schema.org\/\",\"@type\":\"SoftwareApplication\",\"name\":\"Planet VPN \ud83d\udee1\ufe0f\ud83c\udf10 Free VPN\",\"operatingSystem\":\"Windows, macOS, iOS, Android, Linux, Chrome\",\"applicationCategory\":\"SecurityApplication\",\"offers\":{\"@type\":\"AggregateOffer\",\"priceCurrency\":\"USD\",\"price\":\"0\",\"lowPrice\":\"0\",\"availability\":\"https:\/\/schema.org\/InStock\"},\"aggregateRating\":{\"@type\":\"AggregateRating\",\"ratingValue\":\"4.8\",\"bestRating\":\"5\",\"ratingCount\":\"12476\"}},{\"@type\":\"Organization\",\"@id\":\"https:\/\/freevpnplanet.com\/es\/#organization\",\"url\":\"https:\/\/freevpnplanet.com\/es\/\",\"name\":\"Planet VPN \ud83d\udee1\ufe0f\ud83c\udf10 Free VPN\"}]}<\/script>\n<!-- \/ Yoast SEO plugin. -->","yoast_head_json":{"title":"VPN gratis para protecci\u00f3n de Internet: proteja sus datos en l\u00ednea","description":"Prot\u00e9jase de la intromisi\u00f3n en Internet. Esconda su actividad en l\u00ednea de personas no autorizadas usando Planet VPN, una protecci\u00f3n confiable.","robots":{"index":"index","follow":"follow","max-snippet":"max-snippet:-1","max-image-preview":"max-image-preview:large","max-video-preview":"max-video-preview:-1"},"canonical":"https:\/\/freevpnplanet.com\/es\/data-protection-security\/","og_locale":"es_ES","og_type":"article","og_title":"VPN gratis para protecci\u00f3n de Internet: proteja sus datos en l\u00ednea","og_description":"Prot\u00e9jase de la intromisi\u00f3n en Internet. Esconda su actividad en l\u00ednea de personas no autorizadas usando Planet VPN, una protecci\u00f3n confiable.","og_url":"https:\/\/freevpnplanet.com\/es\/data-protection-security\/","og_site_name":"Planet VPN","article_modified_time":"2025-07-18T07:54:06+00:00","twitter_card":"summary_large_image","schema":{"@context":"https:\/\/schema.org","@graph":[{"@type":"WebPage","@id":"https:\/\/freevpnplanet.com\/es\/data-protection-security\/","url":"https:\/\/freevpnplanet.com\/es\/data-protection-security\/","name":"VPN gratis para protecci\u00f3n de Internet: proteja sus datos en l\u00ednea","isPartOf":{"@id":"https:\/\/freevpnplanet.com\/es\/#website"},"datePublished":"2024-06-28T14:47:49+00:00","dateModified":"2025-07-18T07:54:06+00:00","description":"Prot\u00e9jase de la intromisi\u00f3n en Internet. Esconda su actividad en l\u00ednea de personas no autorizadas usando Planet VPN, una protecci\u00f3n confiable.","breadcrumb":{"@id":"https:\/\/freevpnplanet.com\/es\/data-protection-security\/#breadcrumb"},"inLanguage":"es","potentialAction":[{"@type":"ReadAction","target":["https:\/\/freevpnplanet.com\/es\/data-protection-security\/"]}]},{"@type":"BreadcrumbList","@id":"https:\/\/freevpnplanet.com\/es\/data-protection-security\/#breadcrumb","itemListElement":[{"@type":"ListItem","position":1,"name":"Home","item":"https:\/\/freevpnplanet.com\/es\/"},{"@type":"ListItem","position":2,"name":"Data Protection Security"}]},{"@type":"WebSite","@id":"https:\/\/freevpnplanet.com\/es\/#website","url":"https:\/\/freevpnplanet.com\/es\/","name":"Planet VPN \ud83d\udee1\ufe0f\ud83c\udf10 Free VPN","description":"Free VPN","potentialAction":[{"@type":"SearchAction","target":{"@type":"EntryPoint","urlTemplate":"https:\/\/freevpnplanet.com\/es\/?s={search_term_string}"},"query-input":"required name=search_term_string"}],"inLanguage":"es","publisher":{"@id":"https:\/\/freevpnplanet.com\/es\/#organization"}},{"@context":"https:\/\/schema.org\/","@type":"SoftwareApplication","name":"Planet VPN \ud83d\udee1\ufe0f\ud83c\udf10 Free VPN","operatingSystem":"Windows, macOS, iOS, Android, Linux, Chrome","applicationCategory":"SecurityApplication","offers":{"@type":"AggregateOffer","priceCurrency":"USD","price":"0","lowPrice":"0","availability":"https:\/\/schema.org\/InStock"},"aggregateRating":{"@type":"AggregateRating","ratingValue":"4.8","bestRating":"5","ratingCount":"12476"}},{"@type":"Organization","@id":"https:\/\/freevpnplanet.com\/es\/#organization","url":"https:\/\/freevpnplanet.com\/es\/","name":"Planet VPN \ud83d\udee1\ufe0f\ud83c\udf10 Free VPN"}]}},"acf":[],"_links":{"self":[{"href":"https:\/\/freevpnplanet.com\/es\/wp-json\/wp\/v2\/pages\/101983","targetHints":{"allow":["GET"]}}],"collection":[{"href":"https:\/\/freevpnplanet.com\/es\/wp-json\/wp\/v2\/pages"}],"about":[{"href":"https:\/\/freevpnplanet.com\/es\/wp-json\/wp\/v2\/types\/page"}],"author":[{"embeddable":true,"href":"https:\/\/freevpnplanet.com\/es\/wp-json\/wp\/v2\/users\/39"}],"replies":[{"embeddable":true,"href":"https:\/\/freevpnplanet.com\/es\/wp-json\/wp\/v2\/comments?post=101983"}],"version-history":[{"count":6,"href":"https:\/\/freevpnplanet.com\/es\/wp-json\/wp\/v2\/pages\/101983\/revisions"}],"predecessor-version":[{"id":171389,"href":"https:\/\/freevpnplanet.com\/es\/wp-json\/wp\/v2\/pages\/101983\/revisions\/171389"}],"wp:attachment":[{"href":"https:\/\/freevpnplanet.com\/es\/wp-json\/wp\/v2\/media?parent=101983"}],"wp:term":[{"taxonomy":"download_by_lite_tag","embeddable":true,"href":"https:\/\/freevpnplanet.com\/es\/wp-json\/wp\/v2\/download_by_lite_tag?post=101983"}],"curies":[{"name":"wp","href":"https:\/\/api.w.org\/{rel}","templated":true}]}}