{"id":109566,"date":"2024-05-02T18:08:20","date_gmt":"2024-05-02T15:08:20","guid":{"rendered":"https:\/\/help.freeplanetvpn.com\/change-ip\/"},"modified":"2025-07-18T12:24:07","modified_gmt":"2025-07-18T09:24:07","slug":"change-ip","status":"publish","type":"page","link":"https:\/\/freevpnplanet.com\/es\/change-ip\/","title":{"rendered":"Change IP"},"content":{"rendered":"\n<section class=\"image-text-static-image custom-block align-none  mobile-image-bottom   header-size-small text-size-small  \" style='--background-color:var(--dark-blue-0); --text-color:var(--white)'>\n\n    <div class=\"gutenberg-block-background\"><\/div>\n    <div class=\"image-text-static-image__inner inner-container\">\n                    <div class=\"image-text-static-image__content content-left\" style='--content-width: 51%'>\n                                    <div class=\"image-text-static-image__title\">\n                        <h1 >C\u00f3mo cambiar y ocultar la direcci\u00f3n IP con Planet VPN<\/h1>                    <\/div>\n                \n                <p>Utiliza Planet VPN, gracias a la tecnolog\u00eda VPN, tu direcci\u00f3n IP quedar\u00e1 oculta de forma segura, \u00a1y los servicios externos ver\u00e1n la direcci\u00f3n del pa\u00eds que hayas seleccionado una vez que te conectes!<\/p>\n                                    <div class=\"image-text-static-image__cta\">\n                                                    <a href=\"\/es\/plans\/\" target=\"_self\" id=\"qa-hero-btn-cta\" class=\"cta download-by-platform cta--with-border cta-size--small cta-mt--initial icon-position--icon-left\" style=\"--border-radius:40px\"><span class=\"cta__name\">Descargar gratis<\/span><\/a>                                            <\/div>\n                \n                \n\n            <\/div>\n        \n                    <div class=\"bg-image-wrapper bg-image-wrapper--desktop  right image-align--center\" style='--image-max-width: 49%'>\n                <figure>\n                    <img width=\"729\" height=\"581\" src=\"https:\/\/freevpnplanet.com\/wp-content\/uploads\/2024\/05\/rvpn-rvpn-3fa20f81-20240409-160252-504726-20240507_185215_511732.svg\" class=\"attachment-full size-full\" alt=\"\" loading=\"lazy\" decoding=\"sync\" fetchpriority=\"low\" style=\"max-width:700px\" sizes=\"auto, (max-width: 700px) 100vw, 700px\" aria-hidden=\"true\" \/>                    <!-- <img decoding=\"async\" width=\"729\" height=\"581\" src=\"https:\/\/freevpnplanet.com\/wp-content\/uploads\/2024\/05\/rvpn-rvpn-3fa20f81-20240409-160252-504726-20240507_185215_511732.svg\" class=\"attachment-full size-full\" alt=\"\" style=\"max-width:700px\" \/> -->\n                <\/figure>\n            <\/div>\n        \n            <\/div>\n<\/section>\n\n\n<section class=\"image-text-static-image custom-block align-none  mobile-image-bottom   header-size-small text-size-small  \" style=''>\n\n    <div class=\"gutenberg-block-background\"><\/div>\n    <div class=\"image-text-static-image__inner inner-container\">\n                    <div class=\"image-text-static-image__content content-right\" style='--content-width: 45%'>\n                                    <div class=\"image-text-static-image__title\">\n                        <h2 >\u00bfPOR QU\u00c9 DEBO CAMBIAR U OCULTAR MI DIRECCI\u00d3N IP?<\/h2>                    <\/div>\n                \n                <p>Tu direcci\u00f3n IP puede decir mucho sobre ti. Por tu direcci\u00f3n IP, se puede averiguar tu ubicaci\u00f3n, tu nombre y el nombre de tu proveedor de Internet. Cuando los ciberdelincuentes conocen su IP, pueden atacar su dispositivo, intentar piratearlo o utilizar m\u00e9todos especiales para impedir que el dispositivo transmita o reciba informaci\u00f3n. Tambi\u00e9n pueden averiguar d\u00f3nde se encuentra f\u00edsicamente con bastante exactitud mediante la IP, lo que tambi\u00e9n puede causar bastantes problemas. Si no oculta su direcci\u00f3n IP, abre el acceso a una gran cantidad de informaci\u00f3n, incluidos sus datos personales, informaci\u00f3n sobre su ubicaci\u00f3n, as\u00ed como su actividad en l\u00ednea, lo que permite a terceros supervisar y controlar sus actividades en l\u00ednea.<\/p>\n                \n                \n\n            <\/div>\n        \n                    <div class=\"bg-image-wrapper bg-image-wrapper--desktop  left image-align--center\" style='--image-max-width: 55%'>\n                <figure>\n                    <img width=\"483\" height=\"493\" src=\"https:\/\/freevpnplanet.com\/wp-content\/uploads\/2024\/05\/rvpn-rvpn-db2904e1-20240409-162209-702854-20240507_185223_606342.svg\" class=\"attachment-full size-full\" alt=\"\" loading=\"lazy\" decoding=\"sync\" fetchpriority=\"low\" style=\"max-width:483px\" sizes=\"auto, (max-width: 483px) 100vw, 483px\" aria-hidden=\"true\" \/>                    <!-- <img decoding=\"async\" width=\"483\" height=\"493\" src=\"https:\/\/freevpnplanet.com\/wp-content\/uploads\/2024\/05\/rvpn-rvpn-db2904e1-20240409-162209-702854-20240507_185223_606342.svg\" class=\"attachment-full size-full\" alt=\"\" style=\"max-width:483px\" \/> -->\n                <\/figure>\n            <\/div>\n        \n            <\/div>\n<\/section>\n\n\n<section class=\"wrapper custom-block align-full    \" style='--background-color:var(--background-blue)'>\n\n    <div class=\"gutenberg-block-background\"><\/div>\n    <div class=\"wrapper__inner inner-container\">\n        \n\n<section class=\"image-text-static-image custom-block align-none  mobile-image-bottom   header-size-small text-size-small  \" style=''>\n\n    <div class=\"gutenberg-block-background\"><\/div>\n    <div class=\"image-text-static-image__inner inner-container\">\n                    <div class=\"image-text-static-image__content content-right\" style='--content-width: 49%'>\n                                    <div class=\"image-text-static-image__title\">\n                        <h2 >\u00bfC\u00d3MO CAMBIAR U OCULTAR SU DIRECCI\u00d3N IP?<\/h2>                    <\/div>\n                \n                <p>Es muy sencillo, s\u00f3lo tienes que conectarte a la VPN usando Planet VPN. Una VPN es un t\u00fanel seguro entre dos o m\u00e1s dispositivos. Las VPN se utilizan para proteger el tr\u00e1fico web de escuchas, interferencias externas y censura. Al conectarte a nuestros servidores ocultas tu IP de forma segura y encriptas todos los datos. S\u00f3lo son necesarios 3 pasos para cambiar y ocultar su IP:<\/p>\n                \n                \n\n            <\/div>\n        \n                    <div class=\"bg-image-wrapper bg-image-wrapper--desktop  left image-align--center\" style='--image-max-width: 51%'>\n                <figure>\n                    <img width=\"518\" height=\"479\" src=\"https:\/\/freevpnplanet.com\/wp-content\/uploads\/2024\/05\/rvpn-rvpn-79c6c873-20240409-164508-364135-20240507_185221_234590.svg\" class=\"attachment-full size-full\" alt=\"\" loading=\"lazy\" decoding=\"sync\" fetchpriority=\"low\" style=\"max-width:518px\" sizes=\"auto, (max-width: 518px) 100vw, 518px\" aria-hidden=\"true\" \/>                    <!-- <img decoding=\"async\" width=\"518\" height=\"479\" src=\"https:\/\/freevpnplanet.com\/wp-content\/uploads\/2024\/05\/rvpn-rvpn-79c6c873-20240409-164508-364135-20240507_185221_234590.svg\" class=\"attachment-full size-full\" alt=\"\" style=\"max-width:518px\" \/> -->\n                <\/figure>\n            <\/div>\n        \n            <\/div>\n<\/section>\n\n\n<div class=\"wp-block-group is-content-justification-center is-nowrap is-layout-flex wp-container-core-group-is-layout-2 wp-block-group-is-layout-flex\">\n<div class=\"wp-block-group wp-container-content-1 is-layout-constrained wp-block-group-is-layout-constrained\">\n<section class=\"advanced-steps custom-block align-none pt-0 align-desktop-left align-mobile-left font-normal three-columns title-small image-shadow\" style='--background-color:var(--dark-blue-8)'>\n\n    <div class=\"gutenberg-block-background\"><\/div>\n    <div class=\"advanced-steps__container inner-container\">\n        \n        <ul class=\"advanced-steps__list advanced-steps__list--download-steps\" style='--columns-gap:50px'>\n                            <li style='--max-width:px'>\n                                            <h2 class=\"step-title\">1. descargar<\/h2>\n                    \n                                            <div class=\"image-wrapper\">\n                            <img decoding=\"async\" width=\"219\" height=\"170\" src=\"https:\/\/freevpnplanet.com\/wp-content\/uploads\/2024\/05\/rvpn-download.df91dd21-20240524_114147_333777.svg\" class=\"attachment-full size-full\" alt=\"Step 1\" \/>                        <\/div>\n\n                                                    <p><a class=\"\" href=\"https:\/\/freevpnplanet.com\/es\/download\/\" id=\"qa-advanced-step-content-link\">Descargar<\/a> e instala la aplicaci\u00f3n en tu dispositivo<\/p>                                                            <\/li>\n                                <li style='--max-width:px'>\n                                            <h2 class=\"step-title\">2. Conecte<\/h2>\n                    \n                                            <div class=\"image-wrapper\">\n                            <img decoding=\"async\" width=\"220\" height=\"171\" src=\"https:\/\/freevpnplanet.com\/wp-content\/uploads\/2024\/05\/rvpn-login.60a645a1-20240524_114327_062578.svg\" class=\"attachment-full size-full\" alt=\"Step 1\" \/>                        <\/div>\n\n                                                    <p>Con\u00e9ctese a uno de nuestros servidores<\/p>                                                            <\/li>\n                                <li style='--max-width:px'>\n                                            <h2 class=\"step-title\">3. Visite<\/h2>\n                    \n                                            <div class=\"image-wrapper\">\n                            <img decoding=\"async\" width=\"219\" height=\"170\" src=\"https:\/\/freevpnplanet.com\/wp-content\/uploads\/2024\/05\/rvpn-connect.12ef9ce1-20240524_114733_838401.svg\" class=\"attachment-full size-full\" alt=\"Step 3\" \/>                        <\/div>\n\n                                                    <p>Visite cualquier sitio web sin restricciones<\/p>                                                            <\/li>\n                        <\/ul>\n\n                    <div class=\"advanced-steps__cta\">\n                <a href=\"\/es\/plans\/\" target=\"_self\" id=\"qa-steps-btn-cta\" class=\"cta download-by-platform cta--with-border cta-size--small cta-mt--initial icon-position--icon-left\" style=\"--border-radius:40px\"><span class=\"cta__name\">Descargar gratis<\/span><\/a>            <\/div>\n        \n        \n        \n\n    <\/div>\n<\/section>\n<\/div>\n<\/div>\n\n\n    <\/div>\n\n<\/section>\n\n\n<section class=\"image-text-static-image custom-block align-none  mobile-image-bottom   header-size-small text-size-small  \" style=''>\n\n    <div class=\"gutenberg-block-background\"><\/div>\n    <div class=\"image-text-static-image__inner inner-container\">\n                    <div class=\"image-text-static-image__content content-right\" style='--content-width: 50%'>\n                                    <div class=\"image-text-static-image__title\">\n                        <h2 >\u00bfC\u00d3MO CAMBIA LA DIRECCI\u00d3N IP?<\/h2>                    <\/div>\n                \n                <p>Cuando te conectas a la red VPN de Planet, tu direcci\u00f3n IP se sustituye por otra, y todo parece como si estuvieras en un lugar diferente. Cuando utilizas una VPN, tu tr\u00e1fico de Internet pasa por un t\u00fanel encriptado para que nadie, incluido tu proveedor de servicios de Internet, pueda ver lo que haces en Internet. Por lo tanto, si se conecta a una red VPN, los sitios web, las aplicaciones y los servicios ver\u00e1n la direcci\u00f3n IP p\u00fablica del servidor VPN en lugar de la direcci\u00f3n de su dispositivo, lo que significa que ha &#8220;ocultado su direcci\u00f3n IP&#8221; o &#8220;cambiado su direcci\u00f3n IP&#8221;.<\/p>\n                                    <div class=\"image-text-static-image__cta\">\n                                                    <a href=\"\/es\/plans\/\" target=\"_self\" id=\"qa-cta-content-btn\" class=\"cta download-by-platform cta--with-border cta-size--small cta-mt--initial icon-position--icon-left\" style=\"--border-radius:40px\"><span class=\"cta__name\">Descargar gratis<\/span><\/a>                                            <\/div>\n                \n                \n\n            <\/div>\n        \n                    <div class=\"bg-image-wrapper bg-image-wrapper--desktop  left image-align--center\" style='--image-max-width: 50%'>\n                <figure>\n                    <img width=\"436\" height=\"436\" src=\"https:\/\/freevpnplanet.com\/wp-content\/uploads\/2024\/05\/rvpn-rvpn-rvpn-7d778d01-20240408-215431-1200701-20240409-170411-885201-20240507_185229_084591.svg\" class=\"attachment-full size-full\" alt=\"\" loading=\"lazy\" decoding=\"sync\" fetchpriority=\"low\" style=\"max-width:437px\" sizes=\"auto, (max-width: 437px) 100vw, 437px\" aria-hidden=\"true\" \/>                    <!-- <img decoding=\"async\" width=\"436\" height=\"436\" src=\"https:\/\/freevpnplanet.com\/wp-content\/uploads\/2024\/05\/rvpn-rvpn-rvpn-7d778d01-20240408-215431-1200701-20240409-170411-885201-20240507_185229_084591.svg\" class=\"attachment-full size-full\" alt=\"\" style=\"max-width:437px\" \/> -->\n                <\/figure>\n            <\/div>\n        \n            <\/div>\n<\/section>\n\n\n<div class=\"wp-block-group alignfull has-background is-layout-constrained wp-block-group-is-layout-constrained\" style=\"background-color:#2f77d4\">\n<section class=\"image-text custom-block align-full   mobile-image-bottom mobile-title-center  header-size-medium text-size-small   content-left\" style='overflow: hidden;;--background-color:var(--none); --text-color:var(--white);--min-height-mobile:400px;--min-height-desktop:500px;--content-width:52%'>\n\n    <div class=\"gutenberg-block-background\"><\/div>\n    <div class=\"image-text__inner inner-container\">\n\n        \n                    <div class=\"image-text__content\">\n\n                <h2>\u00bfCU\u00c1LES SON LAS VENTAJAS DE PLANET VPN PARA OCULTAR Y CAMBIAR MI DIRECCI\u00d3N IP?<\/h2>\n\n\n<p>Utilizamos los m\u00e9todos de encriptaci\u00f3n de datos m\u00e1s modernos y confiables. Nuestros servidores VPN son r\u00e1pidos y modernos, y est\u00e1n ubicados en todo el mundo, lo que brinda al usuario una gran variedad de ubicaciones para ocultar y cambiar su direcci\u00f3n IP.<\/p>\n<p>Existen extensiones proxy para los navegadores, donde en modo libre se puede probar el funcionamiento de nuestro servicio y ver c\u00f3mo se produce el cambio de IP. Y para proteger de forma fiable los datos transmitidos a trav\u00e9s de Internet, hemos creado programas para los sistemas operativos m\u00e1s populares, adem\u00e1s de ofrecer la posibilidad de conectar un n\u00famero ilimitado de dispositivos compatibles con VPN.<\/p>\n<p>Aun as\u00ed, no rastreamos ni guardamos registros de actividad. Ofrecemos un gran n\u00famero de opciones de pago, incluidos m\u00e9todos an\u00f3nimos.<\/p>\n                                    <div class=\"image-text__cta\">\n                        <a href=\"\/es\/plans\/\" target=\"_self\" id=\"qa-advanced-cta-bta\" class=\"cta download-by-platform cta--with-border cta-size--small cta-mt--initial icon-position--icon-left\" style=\"--border-radius:40px\"><span class=\"cta__name\">Descargar gratis<\/span><\/a>                    <\/div>\n                \n            <\/div>\n        \n                    <div class=\"bg-image-wrapper bg-image-wrapper--desktop custom image-align--left\">\n                <figure style='--image-max-width:1500px;--image-opacity:1.00;width: calc(70% - 20px);left:42%;top:50%'>\n                    <img decoding=\"async\" width=\"1140\" height=\"1140\" src=\"https:\/\/freevpnplanet.com\/wp-content\/uploads\/2024\/05\/rvpn-rvpn-map-20240410-114426-568830-20240507_185226_366905.png\" class=\"bg-image\" alt=\"Background Image for Desktop\" \/>                <\/figure>\n            <\/div>\n        \n                    <div class=\"bg-image-wrapper bg-image-wrapper--mobile background-image\">\n                <figure style='width: 140%;max-width: 1000px;opacity: 0.20;margin-top: 24px'>\n                    <img decoding=\"async\" width=\"1140\" height=\"1140\" src=\"https:\/\/freevpnplanet.com\/wp-content\/uploads\/2024\/05\/rvpn-rvpn-map-20240410-114426-568830-20240507_185226_366905.png\" class=\"bg-image\" alt=\"Background Image for Mobile\" \/>                <\/figure>\n            <\/div>\n            <\/div>\n<\/section><\/div>\n","protected":false},"excerpt":{"rendered":"","protected":false},"author":39,"featured_media":0,"parent":0,"menu_order":0,"comment_status":"closed","ping_status":"closed","template":"templates\/page_template-basic_for_gutenberg.php","meta":{"_acf_changed":false,"inline_featured_image":false,"footnotes":""},"download_by_lite_tag":[],"class_list":["post-109566","page","type-page","status-publish","hentry"],"yoast_head":"<!-- This site is optimized with the Yoast SEO plugin v22.6 - https:\/\/yoast.com\/wordpress\/plugins\/seo\/ -->\n<title>C\u00f3mo cambiar y ocultar la direcci\u00f3n IP con una VPN gratuita - Planet VPN<\/title>\n<meta name=\"description\" content=\"Es f\u00e1cil cambiar de direcci\u00f3n IP con una VPN. Acceda a un Internet ilimitado. Protege tu anonimato con Planet VPN.\" \/>\n<meta name=\"robots\" content=\"index, follow, max-snippet:-1, max-image-preview:large, max-video-preview:-1\" \/>\n<link rel=\"canonical\" href=\"https:\/\/freevpnplanet.com\/es\/change-ip\/\" \/>\n<meta property=\"og:locale\" content=\"es_ES\" \/>\n<meta property=\"og:type\" content=\"article\" \/>\n<meta property=\"og:title\" content=\"C\u00f3mo cambiar y ocultar la direcci\u00f3n IP con una VPN gratuita - Planet VPN\" \/>\n<meta property=\"og:description\" content=\"Es f\u00e1cil cambiar de direcci\u00f3n IP con una VPN. Acceda a un Internet ilimitado. Protege tu anonimato con Planet VPN.\" \/>\n<meta property=\"og:url\" content=\"https:\/\/freevpnplanet.com\/es\/change-ip\/\" \/>\n<meta property=\"og:site_name\" content=\"Planet VPN\" \/>\n<meta property=\"article:modified_time\" content=\"2025-07-18T09:24:07+00:00\" \/>\n<meta name=\"twitter:card\" content=\"summary_large_image\" \/>\n<script type=\"application\/ld+json\" class=\"yoast-schema-graph\">{\"@context\":\"https:\/\/schema.org\",\"@graph\":[{\"@type\":\"WebPage\",\"@id\":\"https:\/\/freevpnplanet.com\/es\/change-ip\/\",\"url\":\"https:\/\/freevpnplanet.com\/es\/change-ip\/\",\"name\":\"C\u00f3mo cambiar y ocultar la direcci\u00f3n IP con una VPN gratuita - Planet VPN\",\"isPartOf\":{\"@id\":\"https:\/\/freevpnplanet.com\/es\/#website\"},\"datePublished\":\"2024-05-02T15:08:20+00:00\",\"dateModified\":\"2025-07-18T09:24:07+00:00\",\"description\":\"Es f\u00e1cil cambiar de direcci\u00f3n IP con una VPN. Acceda a un Internet ilimitado. Protege tu anonimato con Planet VPN.\",\"breadcrumb\":{\"@id\":\"https:\/\/freevpnplanet.com\/es\/change-ip\/#breadcrumb\"},\"inLanguage\":\"es\",\"potentialAction\":[{\"@type\":\"ReadAction\",\"target\":[\"https:\/\/freevpnplanet.com\/es\/change-ip\/\"]}]},{\"@type\":\"BreadcrumbList\",\"@id\":\"https:\/\/freevpnplanet.com\/es\/change-ip\/#breadcrumb\",\"itemListElement\":[{\"@type\":\"ListItem\",\"position\":1,\"name\":\"Home\",\"item\":\"https:\/\/freevpnplanet.com\/es\/\"},{\"@type\":\"ListItem\",\"position\":2,\"name\":\"Change IP\"}]},{\"@type\":\"WebSite\",\"@id\":\"https:\/\/freevpnplanet.com\/es\/#website\",\"url\":\"https:\/\/freevpnplanet.com\/es\/\",\"name\":\"Planet VPN \ud83d\udee1\ufe0f\ud83c\udf10 Free VPN\",\"description\":\"Free VPN\",\"potentialAction\":[{\"@type\":\"SearchAction\",\"target\":{\"@type\":\"EntryPoint\",\"urlTemplate\":\"https:\/\/freevpnplanet.com\/es\/?s={search_term_string}\"},\"query-input\":\"required name=search_term_string\"}],\"inLanguage\":\"es\",\"publisher\":{\"@id\":\"https:\/\/freevpnplanet.com\/es\/#organization\"}},{\"@context\":\"https:\/\/schema.org\/\",\"@type\":\"SoftwareApplication\",\"name\":\"Planet VPN \ud83d\udee1\ufe0f\ud83c\udf10 Free VPN\",\"operatingSystem\":\"Windows, macOS, iOS, Android, Linux, Chrome\",\"applicationCategory\":\"SecurityApplication\",\"offers\":{\"@type\":\"AggregateOffer\",\"priceCurrency\":\"USD\",\"price\":\"0\",\"lowPrice\":\"0\",\"availability\":\"https:\/\/schema.org\/InStock\"},\"aggregateRating\":{\"@type\":\"AggregateRating\",\"ratingValue\":\"4.8\",\"bestRating\":\"5\",\"ratingCount\":\"12476\"}},{\"@type\":\"Organization\",\"@id\":\"https:\/\/freevpnplanet.com\/es\/#organization\",\"url\":\"https:\/\/freevpnplanet.com\/es\/\",\"name\":\"Planet VPN \ud83d\udee1\ufe0f\ud83c\udf10 Free VPN\"}]}<\/script>\n<!-- \/ Yoast SEO plugin. -->","yoast_head_json":{"title":"C\u00f3mo cambiar y ocultar la direcci\u00f3n IP con una VPN gratuita - Planet VPN","description":"Es f\u00e1cil cambiar de direcci\u00f3n IP con una VPN. Acceda a un Internet ilimitado. Protege tu anonimato con Planet VPN.","robots":{"index":"index","follow":"follow","max-snippet":"max-snippet:-1","max-image-preview":"max-image-preview:large","max-video-preview":"max-video-preview:-1"},"canonical":"https:\/\/freevpnplanet.com\/es\/change-ip\/","og_locale":"es_ES","og_type":"article","og_title":"C\u00f3mo cambiar y ocultar la direcci\u00f3n IP con una VPN gratuita - Planet VPN","og_description":"Es f\u00e1cil cambiar de direcci\u00f3n IP con una VPN. Acceda a un Internet ilimitado. Protege tu anonimato con Planet VPN.","og_url":"https:\/\/freevpnplanet.com\/es\/change-ip\/","og_site_name":"Planet VPN","article_modified_time":"2025-07-18T09:24:07+00:00","twitter_card":"summary_large_image","schema":{"@context":"https:\/\/schema.org","@graph":[{"@type":"WebPage","@id":"https:\/\/freevpnplanet.com\/es\/change-ip\/","url":"https:\/\/freevpnplanet.com\/es\/change-ip\/","name":"C\u00f3mo cambiar y ocultar la direcci\u00f3n IP con una VPN gratuita - Planet VPN","isPartOf":{"@id":"https:\/\/freevpnplanet.com\/es\/#website"},"datePublished":"2024-05-02T15:08:20+00:00","dateModified":"2025-07-18T09:24:07+00:00","description":"Es f\u00e1cil cambiar de direcci\u00f3n IP con una VPN. Acceda a un Internet ilimitado. Protege tu anonimato con Planet VPN.","breadcrumb":{"@id":"https:\/\/freevpnplanet.com\/es\/change-ip\/#breadcrumb"},"inLanguage":"es","potentialAction":[{"@type":"ReadAction","target":["https:\/\/freevpnplanet.com\/es\/change-ip\/"]}]},{"@type":"BreadcrumbList","@id":"https:\/\/freevpnplanet.com\/es\/change-ip\/#breadcrumb","itemListElement":[{"@type":"ListItem","position":1,"name":"Home","item":"https:\/\/freevpnplanet.com\/es\/"},{"@type":"ListItem","position":2,"name":"Change IP"}]},{"@type":"WebSite","@id":"https:\/\/freevpnplanet.com\/es\/#website","url":"https:\/\/freevpnplanet.com\/es\/","name":"Planet VPN \ud83d\udee1\ufe0f\ud83c\udf10 Free VPN","description":"Free VPN","potentialAction":[{"@type":"SearchAction","target":{"@type":"EntryPoint","urlTemplate":"https:\/\/freevpnplanet.com\/es\/?s={search_term_string}"},"query-input":"required name=search_term_string"}],"inLanguage":"es","publisher":{"@id":"https:\/\/freevpnplanet.com\/es\/#organization"}},{"@context":"https:\/\/schema.org\/","@type":"SoftwareApplication","name":"Planet VPN \ud83d\udee1\ufe0f\ud83c\udf10 Free VPN","operatingSystem":"Windows, macOS, iOS, Android, Linux, Chrome","applicationCategory":"SecurityApplication","offers":{"@type":"AggregateOffer","priceCurrency":"USD","price":"0","lowPrice":"0","availability":"https:\/\/schema.org\/InStock"},"aggregateRating":{"@type":"AggregateRating","ratingValue":"4.8","bestRating":"5","ratingCount":"12476"}},{"@type":"Organization","@id":"https:\/\/freevpnplanet.com\/es\/#organization","url":"https:\/\/freevpnplanet.com\/es\/","name":"Planet VPN \ud83d\udee1\ufe0f\ud83c\udf10 Free VPN"}]}},"acf":[],"_links":{"self":[{"href":"https:\/\/freevpnplanet.com\/es\/wp-json\/wp\/v2\/pages\/109566","targetHints":{"allow":["GET"]}}],"collection":[{"href":"https:\/\/freevpnplanet.com\/es\/wp-json\/wp\/v2\/pages"}],"about":[{"href":"https:\/\/freevpnplanet.com\/es\/wp-json\/wp\/v2\/types\/page"}],"author":[{"embeddable":true,"href":"https:\/\/freevpnplanet.com\/es\/wp-json\/wp\/v2\/users\/39"}],"replies":[{"embeddable":true,"href":"https:\/\/freevpnplanet.com\/es\/wp-json\/wp\/v2\/comments?post=109566"}],"version-history":[{"count":7,"href":"https:\/\/freevpnplanet.com\/es\/wp-json\/wp\/v2\/pages\/109566\/revisions"}],"predecessor-version":[{"id":171466,"href":"https:\/\/freevpnplanet.com\/es\/wp-json\/wp\/v2\/pages\/109566\/revisions\/171466"}],"wp:attachment":[{"href":"https:\/\/freevpnplanet.com\/es\/wp-json\/wp\/v2\/media?parent=109566"}],"wp:term":[{"taxonomy":"download_by_lite_tag","embeddable":true,"href":"https:\/\/freevpnplanet.com\/es\/wp-json\/wp\/v2\/download_by_lite_tag?post=109566"}],"curies":[{"name":"wp","href":"https:\/\/api.w.org\/{rel}","templated":true}]}}