{"id":3732,"date":"2019-09-26T16:56:09","date_gmt":"2019-09-26T13:56:09","guid":{"rendered":"http:\/\/content.freeplanetvpn.com\/blog\/popular\/"},"modified":"2025-04-21T12:08:23","modified_gmt":"2025-04-21T09:08:23","slug":"popular","status":"publish","type":"page","link":"https:\/\/freevpnplanet.com\/es\/blog\/popular\/","title":{"rendered":"Leer art\u00edculos"},"content":{"rendered":"","protected":false},"excerpt":{"rendered":"","protected":false},"author":13,"featured_media":0,"parent":128574,"menu_order":0,"comment_status":"closed","ping_status":"closed","template":"","meta":{"_acf_changed":false,"inline_featured_image":false,"footnotes":""},"download_by_lite_tag":[],"class_list":["post-3732","page","type-page","status-publish","hentry"],"yoast_head":"<!-- This site is optimized with the Yoast SEO plugin v22.6 - https:\/\/yoast.com\/wordpress\/plugins\/seo\/ -->\n<title>Leer art\u00edculos - Planet VPN<\/title>\n<meta name=\"description\" content=\"Explora el blog de PlanetVPN, el mejor servicio VPN gratuito. Aqu\u00ed encontrar\u00e1s art\u00edculos \u00fatiles sobre la configuraci\u00f3n y el uso de VPN.\" \/>\n<meta name=\"robots\" content=\"index, follow, max-snippet:-1, max-image-preview:large, max-video-preview:-1\" \/>\n<link rel=\"canonical\" href=\"https:\/\/freevpnplanet.com\/es\/blog\/popular\/\" \/>\n<meta property=\"og:locale\" content=\"es_ES\" \/>\n<meta property=\"og:type\" content=\"article\" \/>\n<meta property=\"og:title\" content=\"Leer art\u00edculos - Planet VPN\" \/>\n<meta property=\"og:description\" content=\"Explora el blog de PlanetVPN, el mejor servicio VPN gratuito. Aqu\u00ed encontrar\u00e1s art\u00edculos \u00fatiles sobre la configuraci\u00f3n y el uso de VPN.\" \/>\n<meta property=\"og:url\" content=\"https:\/\/freevpnplanet.com\/es\/blog\/popular\/\" \/>\n<meta property=\"og:site_name\" content=\"Planet VPN\" \/>\n<meta property=\"article:modified_time\" content=\"2025-04-21T09:08:23+00:00\" \/>\n<meta name=\"twitter:card\" content=\"summary_large_image\" \/>\n<script type=\"application\/ld+json\" class=\"yoast-schema-graph\">{\"@context\":\"https:\/\/schema.org\",\"@graph\":[{\"@type\":\"WebPage\",\"@id\":\"https:\/\/freevpnplanet.com\/es\/blog\/popular\/\",\"url\":\"https:\/\/freevpnplanet.com\/es\/blog\/popular\/\",\"name\":\"Leer art\u00edculos - Planet VPN\",\"isPartOf\":{\"@id\":\"https:\/\/freevpnplanet.com\/es\/#website\"},\"datePublished\":\"2019-09-26T13:56:09+00:00\",\"dateModified\":\"2025-04-21T09:08:23+00:00\",\"description\":\"Explora el blog de PlanetVPN, el mejor servicio VPN gratuito. Aqu\u00ed encontrar\u00e1s art\u00edculos \u00fatiles sobre la configuraci\u00f3n y el uso de VPN.\",\"breadcrumb\":{\"@id\":\"https:\/\/freevpnplanet.com\/es\/blog\/popular\/#breadcrumb\"},\"inLanguage\":\"es\",\"potentialAction\":[{\"@type\":\"ReadAction\",\"target\":[\"https:\/\/freevpnplanet.com\/es\/blog\/popular\/\"]}]},{\"@type\":\"BreadcrumbList\",\"@id\":\"https:\/\/freevpnplanet.com\/es\/blog\/popular\/#breadcrumb\",\"itemListElement\":[{\"@type\":\"ListItem\",\"position\":1,\"name\":\"Home\",\"item\":\"https:\/\/freevpnplanet.com\/es\/\"},{\"@type\":\"ListItem\",\"position\":2,\"name\":\"Blog de PlanetVPN &#8211; Art\u00edculos y orientaci\u00f3n\",\"item\":\"https:\/\/freevpnplanet.com\/es\/blog\/\"},{\"@type\":\"ListItem\",\"position\":3,\"name\":\"Leer art\u00edculos\"}]},{\"@type\":\"WebSite\",\"@id\":\"https:\/\/freevpnplanet.com\/es\/#website\",\"url\":\"https:\/\/freevpnplanet.com\/es\/\",\"name\":\"Planet VPN \ud83d\udee1\ufe0f\ud83c\udf10 Free VPN\",\"description\":\"Free VPN\",\"potentialAction\":[{\"@type\":\"SearchAction\",\"target\":{\"@type\":\"EntryPoint\",\"urlTemplate\":\"https:\/\/freevpnplanet.com\/es\/?s={search_term_string}\"},\"query-input\":\"required name=search_term_string\"}],\"inLanguage\":\"es\",\"publisher\":{\"@id\":\"https:\/\/freevpnplanet.com\/es\/#organization\"}},{\"@context\":\"https:\/\/schema.org\/\",\"@type\":\"SoftwareApplication\",\"name\":\"Planet VPN \ud83d\udee1\ufe0f\ud83c\udf10 Free VPN\",\"operatingSystem\":\"Windows, macOS, iOS, Android, Linux, Chrome\",\"applicationCategory\":\"SecurityApplication\",\"offers\":{\"@type\":\"AggregateOffer\",\"priceCurrency\":\"USD\",\"price\":\"0\",\"lowPrice\":\"0\",\"availability\":\"https:\/\/schema.org\/InStock\"},\"aggregateRating\":{\"@type\":\"AggregateRating\",\"ratingValue\":\"4.8\",\"bestRating\":\"5\",\"ratingCount\":\"12476\"}},{\"@type\":\"Organization\",\"@id\":\"https:\/\/freevpnplanet.com\/es\/#organization\",\"url\":\"https:\/\/freevpnplanet.com\/es\/\",\"name\":\"Planet VPN \ud83d\udee1\ufe0f\ud83c\udf10 Free VPN\"}]}<\/script>\n<!-- \/ Yoast SEO plugin. -->","yoast_head_json":{"title":"Leer art\u00edculos - Planet VPN","description":"Explora el blog de PlanetVPN, el mejor servicio VPN gratuito. Aqu\u00ed encontrar\u00e1s art\u00edculos \u00fatiles sobre la configuraci\u00f3n y el uso de VPN.","robots":{"index":"index","follow":"follow","max-snippet":"max-snippet:-1","max-image-preview":"max-image-preview:large","max-video-preview":"max-video-preview:-1"},"canonical":"https:\/\/freevpnplanet.com\/es\/blog\/popular\/","og_locale":"es_ES","og_type":"article","og_title":"Leer art\u00edculos - Planet VPN","og_description":"Explora el blog de PlanetVPN, el mejor servicio VPN gratuito. Aqu\u00ed encontrar\u00e1s art\u00edculos \u00fatiles sobre la configuraci\u00f3n y el uso de VPN.","og_url":"https:\/\/freevpnplanet.com\/es\/blog\/popular\/","og_site_name":"Planet VPN","article_modified_time":"2025-04-21T09:08:23+00:00","twitter_card":"summary_large_image","schema":{"@context":"https:\/\/schema.org","@graph":[{"@type":"WebPage","@id":"https:\/\/freevpnplanet.com\/es\/blog\/popular\/","url":"https:\/\/freevpnplanet.com\/es\/blog\/popular\/","name":"Leer art\u00edculos - Planet VPN","isPartOf":{"@id":"https:\/\/freevpnplanet.com\/es\/#website"},"datePublished":"2019-09-26T13:56:09+00:00","dateModified":"2025-04-21T09:08:23+00:00","description":"Explora el blog de PlanetVPN, el mejor servicio VPN gratuito. Aqu\u00ed encontrar\u00e1s art\u00edculos \u00fatiles sobre la configuraci\u00f3n y el uso de VPN.","breadcrumb":{"@id":"https:\/\/freevpnplanet.com\/es\/blog\/popular\/#breadcrumb"},"inLanguage":"es","potentialAction":[{"@type":"ReadAction","target":["https:\/\/freevpnplanet.com\/es\/blog\/popular\/"]}]},{"@type":"BreadcrumbList","@id":"https:\/\/freevpnplanet.com\/es\/blog\/popular\/#breadcrumb","itemListElement":[{"@type":"ListItem","position":1,"name":"Home","item":"https:\/\/freevpnplanet.com\/es\/"},{"@type":"ListItem","position":2,"name":"Blog de PlanetVPN &#8211; Art\u00edculos y orientaci\u00f3n","item":"https:\/\/freevpnplanet.com\/es\/blog\/"},{"@type":"ListItem","position":3,"name":"Leer art\u00edculos"}]},{"@type":"WebSite","@id":"https:\/\/freevpnplanet.com\/es\/#website","url":"https:\/\/freevpnplanet.com\/es\/","name":"Planet VPN \ud83d\udee1\ufe0f\ud83c\udf10 Free VPN","description":"Free VPN","potentialAction":[{"@type":"SearchAction","target":{"@type":"EntryPoint","urlTemplate":"https:\/\/freevpnplanet.com\/es\/?s={search_term_string}"},"query-input":"required name=search_term_string"}],"inLanguage":"es","publisher":{"@id":"https:\/\/freevpnplanet.com\/es\/#organization"}},{"@context":"https:\/\/schema.org\/","@type":"SoftwareApplication","name":"Planet VPN \ud83d\udee1\ufe0f\ud83c\udf10 Free VPN","operatingSystem":"Windows, macOS, iOS, Android, Linux, Chrome","applicationCategory":"SecurityApplication","offers":{"@type":"AggregateOffer","priceCurrency":"USD","price":"0","lowPrice":"0","availability":"https:\/\/schema.org\/InStock"},"aggregateRating":{"@type":"AggregateRating","ratingValue":"4.8","bestRating":"5","ratingCount":"12476"}},{"@type":"Organization","@id":"https:\/\/freevpnplanet.com\/es\/#organization","url":"https:\/\/freevpnplanet.com\/es\/","name":"Planet VPN \ud83d\udee1\ufe0f\ud83c\udf10 Free VPN"}]}},"acf":[],"_links":{"self":[{"href":"https:\/\/freevpnplanet.com\/es\/wp-json\/wp\/v2\/pages\/3732","targetHints":{"allow":["GET"]}}],"collection":[{"href":"https:\/\/freevpnplanet.com\/es\/wp-json\/wp\/v2\/pages"}],"about":[{"href":"https:\/\/freevpnplanet.com\/es\/wp-json\/wp\/v2\/types\/page"}],"author":[{"embeddable":true,"href":"https:\/\/freevpnplanet.com\/es\/wp-json\/wp\/v2\/users\/13"}],"replies":[{"embeddable":true,"href":"https:\/\/freevpnplanet.com\/es\/wp-json\/wp\/v2\/comments?post=3732"}],"version-history":[{"count":1,"href":"https:\/\/freevpnplanet.com\/es\/wp-json\/wp\/v2\/pages\/3732\/revisions"}],"predecessor-version":[{"id":158608,"href":"https:\/\/freevpnplanet.com\/es\/wp-json\/wp\/v2\/pages\/3732\/revisions\/158608"}],"up":[{"embeddable":true,"href":"https:\/\/freevpnplanet.com\/es\/wp-json\/wp\/v2\/pages\/128574"}],"wp:attachment":[{"href":"https:\/\/freevpnplanet.com\/es\/wp-json\/wp\/v2\/media?parent=3732"}],"wp:term":[{"taxonomy":"download_by_lite_tag","embeddable":true,"href":"https:\/\/freevpnplanet.com\/es\/wp-json\/wp\/v2\/download_by_lite_tag?post=3732"}],"curies":[{"name":"wp","href":"https:\/\/api.w.org\/{rel}","templated":true}]}}