{"id":96364,"date":"2024-07-01T10:13:33","date_gmt":"2024-07-01T07:13:33","guid":{"rendered":"https:\/\/help.freeplanetvpn.com\/cookies\/"},"modified":"2024-09-11T16:04:02","modified_gmt":"2024-09-11T13:04:02","slug":"cookies","status":"publish","type":"page","link":"https:\/\/freevpnplanet.com\/es\/cookies\/","title":{"rendered":"Cookies"},"content":{"rendered":"\n<style>.entry-content{margin-bottom:100px}.entry-content,.entry-content p,.entry-content h1,.entry-content h4,.entry-content ul li{color:var(--black)}.entry-content h1{font-size:40px;font-weight:700;margin-bottom:50px}.entry-content h4{font-size:30px;font-weight:500;margin:40px 0 30px}.entry-content a{color:var(--green)}<\/style>\n\n\n\n<h1 class=\"wp-block-heading\">Pol\u00edtica de cookies<\/h1>\n\n\n\n<p>Una cookie es un archivo que contiene un identificador \u00fanico. Este identificador es enviado por el servidor al navegador y almacenado en el portador de datos posteriormente. Como resultado, este identificador es transmitido al servidor cada vez que recibe la solicitud del servidor a la p\u00e1gina del navegador.<\/p>\n\n\n\n<p>Estos archivos est\u00e1n divididos en dos categorias diferentes:<\/p>\n\n\n\n<ul class=\"wp-block-list\">\n<li>Permanente<\/li>\n\n\n\n<li>Cookies de sesi\u00f3n<\/li>\n<\/ul>\n\n\n\n<p>El navegador almacenar\u00e1 cookies de la primera categoria hasta que sean eliminadas (autom\u00e1ticamente o de forma manual).<\/p>\n\n\n\n<p>Las cookies de sesi\u00f3n se eliminan autom\u00e1ticamente al finalizar la sesi\u00f3n del usuario (despu\u00e9s de cerrar el navegador).<\/p>\n\n\n\n<p>Las cookies recopiladas en Planet VPN no contienen ninguna informaci\u00f3n confidencial o personal del cliente.<\/p>\n\n\n\n<h4 class=\"wp-block-heading\">C\u00f3mo Planet VPN est\u00e1 utilizando los archivos de cookies?<\/h4>\n\n\n\n<p>Planet VPN est\u00e1 utilizando cookies en su sitio web (disponible en: https:\/\/www.freevpnplanet.com). La descripci\u00f3n y las regulaciones se explican en la p\u00e1gina relacionada.<\/p>\n\n\n\n<p>Al crear una cuenta en nuestra plataforma, los usuarios aceptan el uso de cookies para la administraci\u00f3n general y el proceso de registro en particular. El uso de cookies permite simplificar el proceso de autorizaci\u00f3n al eliminar la necesidad de iniciar sesi\u00f3n cada vez que se visita el sitio web y guardar tus preferencias mientras usas el sitio web. En particular, estas cookies se eliminan autom\u00e1ticamente despu\u00e9s de que el usuario &#8220;cierra sesi\u00f3n&#8221;.<\/p>\n\n\n\n<p>El comercio electr\u00f3nico y los m\u00e9todos de pago se presentan en el sitio web. Las cookies son necesarias para procesar los pagos correctamente.<\/p>\n\n\n\n<p>Planet VPN ofrece a los usuarios la opci\u00f3n de completar formularios o participar en diferentes encuestas para educar a los clientes del servicio, proporcionar informaci\u00f3n \u00fatil o presentar herramientas \u00fatiles para interactuar mejor con los usuarios. Estas encuestas y estudios pueden utilizar cookies para evitar que la misma persona realice m\u00faltiples encuestas.<\/p>\n\n\n\n<p>Cuando escribes un comentario en un blog o completas cualquier formulario\/solicitud, Planet VPN utiliza cookies para guardar la informaci\u00f3n del usuario para su correcto procesamiento en el futuro.<\/p>\n\n\n\n<p>Cuando se utiliza el sitio web, Planet VPN recopila cookies para ofrecer la mejor experiencia de usuario en la plataforma.<\/p>\n\n\n\n<h4 class=\"wp-block-heading\">Desactivando cookies<\/h4>\n\n\n\n<p>Puedes desactivar la recopilaci\u00f3n y el uso de cookies (para obtener informaci\u00f3n m\u00e1s detallada, visita la p\u00e1gina de configuraci\u00f3n en tu navegador preferido). Es importante tener en cuenta que desactivar las cookies puede afectar el funcionamiento general de los recursos web. Por lo tanto, no se recomienda desactivar las cookies.<\/p>\n\n\n\n<p>Las maneras de desactivar las cookies depender\u00e1n de los diferentes navegadores, por eso Planet VPN presenta la lista de p\u00e1ginas para los diferentes navegadores.<\/p>\n\n\n\n<ul class=\"wp-block-list\">\n<li>Chrome<br><a href=\"https:\/\/support.google.com\/chrome\/answer\/95647\">https:\/\/support.google.com\/chrome\/answer\/95647<\/a><\/li>\n\n\n\n<li>Safari<br><a href=\"https:\/\/support.apple.com\/en-gb\/guide\/safari\/manage-cookies-and-website-data-sfri11471\/mac\">https:\/\/support.apple.com\/en-gb\/guide\/safari\/manage-cookies-and-website-data-sfri11471\/mac<\/a><\/li>\n\n\n\n<li>Firefox<br><a href=\"https:\/\/support.mozilla.org\/en-US\/kb\/enable-and-disable-cookies-website-preferences\">https:\/\/support.mozilla.org\/en-US\/kb\/enable-and-disable-cookies-website-preferences<\/a><\/li>\n\n\n\n<li>Opera<br><a href=\"http:\/\/www.opera.com\/help\/tutorials\/security\/cookies\">http:\/\/www.opera.com\/help\/tutorials\/security\/cookies<\/a><\/li>\n\n\n\n<li>Internet Explorer<br><a href=\"https:\/\/support.microsoft.com\/en-gb\/help\/17442\/windows-internet-explorer-delete-manage-cookies\">https:\/\/support.microsoft.com\/en-gb\/help\/17442\/windows-internet-explorer-delete-manage-cookies<\/a><\/li>\n\n\n\n<li>Edge<br><a href=\"https:\/\/privacy.microsoft.com\/en-us\/windows-10-microsoft-edge-and-privacy\">https:\/\/privacy.microsoft.com\/en-us\/windows-10-microsoft-edge-and-privacy<\/a><\/li>\n<\/ul>\n\n\n\n<h4 class=\"wp-block-heading\">Lista de cookies utilizados en Planet VPN<\/h4>\n\n\n\n<p>Esto enumerar\u00e1 las cookies que son recopiladas y proporcionadas por terceros confiables. Las cookies que se enumeran a continuaci\u00f3n son aquellas que encontrar\u00e1s al usar el sitio web.<\/p>\n\n\n\n<h4 class=\"wp-block-heading\">Google Analytics:<\/h4>\n\n\n\n<p>Esos archivos son uno de los m\u00e1s confiables; su uso ayuda a analizar el funcionamiento completo del sitio web y recomienda c\u00f3mo optimizarlo. La informaci\u00f3n recopilada incluye el tiempo del usuario en la p\u00e1gina, el sitio web y las acciones realizadas en la plataforma.<\/p>\n\n\n\n<p>Para obtener informaci\u00f3n m\u00e1s detallada sobre Google Analytics, ve a&nbsp;<a href=\"https:\/\/developers.google.com\/analytics\/devguides\/collection\/analyticsjs\/cookie-usage\">p\u00e1gina oficial:<\/a><\/p>\n\n\n\n<h4 class=\"wp-block-heading\">Matomo:<\/h4>\n\n\n\n<p>Estas cookies son unas de las m\u00e1s confiables y fiables; su uso ayuda a analizar de manera cualitativa las operaciones en el sitio web y c\u00f3mo optimizar adecuadamente su uso para clientes y usuarios en la plataforma. La informaci\u00f3n recopilada incluye el tiempo del usuario en la p\u00e1gina, el tiempo en el sitio web en general y las acciones realizadas en la plataforma.<\/p>\n\n\n\n<p>Para obtener informaci\u00f3n m\u00e1s detallada sobre Matomo, ve a&nbsp;<a href=\"https:\/\/matomo.org\/privacy\/\">p\u00e1gina oficial:<\/a><\/p>\n\n\n\n<h4 class=\"wp-block-heading\">Zendesk:<\/h4>\n\n\n\n<p>Para proporcionarte la asistencia necesaria en los chats en l\u00ednea y formar una &#8220;Base de conocimientos&#8221;, utilizamos Zendesk. Zendesk puede colocar algunas cookies en tu navegador. Estas son conocidas como archivos primarios y son esenciales para almacenar informaci\u00f3n de sesi\u00f3n. Por ejemplo, utilizamos cookies en nuestros sitios web para comprender las preferencias de los visitantes y usuarios, mejorar su experiencia, realizar un seguimiento y analizar el uso, la navegaci\u00f3n y otra informaci\u00f3n estad\u00edstica necesaria.<\/p>\n\n\n\n<p>La pol\u00edtica de privacidad est\u00e1 disponible&nbsp;<a href=\"https:\/\/www.zendesk.com\/company\/customers-partners\/privacy-policy\/\">para revisi\u00f3n en:<\/a><\/p>\n\n\n\n<h4 class=\"wp-block-heading\">Puedes contactarnos<\/h4>\n\n\n\n<ul class=\"wp-block-list\">\n<li>Utilizando nuestra p\u00e1gina web<br><a class=\"\" href=\"https:\/\/freevpnplanet.com\/es\/contact-us\/\">Detalles de contacto<\/a><\/li>\n\n\n\n<li>Por correo eletr\u00f3nico, utilizando<br><a href=\"mailto:support@freevpnplanet.com\">support@freevpnplanet.com<\/a><\/li>\n<\/ul>\n","protected":false},"excerpt":{"rendered":"<p>Pol\u00edtica de cookies Una cookie es un archivo que contiene un identificador \u00fanico. Este identificador es enviado por el servidor al navegador y almacenado en el portador de datos posteriormente. Como resultado, este identificador es transmitido al servidor cada vez que recibe la solicitud del servidor a la p\u00e1gina del navegador. Estos archivos est\u00e1n divididos&#8230;<\/p>\n","protected":false},"author":13,"featured_media":0,"parent":0,"menu_order":0,"comment_status":"closed","ping_status":"closed","template":"templates\/page_template-basic_for_gutenberg.php","meta":{"_acf_changed":false,"inline_featured_image":false,"footnotes":""},"download_by_lite_tag":[],"class_list":["post-96364","page","type-page","status-publish","hentry"],"yoast_head":"<!-- This site is optimized with the Yoast SEO plugin v22.6 - https:\/\/yoast.com\/wordpress\/plugins\/seo\/ -->\n<title>Pol\u00edtica de cookies - Planet VPN<\/title>\n<meta name=\"description\" content=\"Nuestras reglas de cookies: qu\u00e9 cookies utilizamos para ofrecer un rendimiento \u00f3ptimo. No te preocupes: todos los datos sobre el uso del servicio son an\u00f3nimos.\" \/>\n<meta name=\"robots\" content=\"index, follow, max-snippet:-1, max-image-preview:large, max-video-preview:-1\" \/>\n<link rel=\"canonical\" href=\"https:\/\/freevpnplanet.com\/es\/cookies\/\" \/>\n<meta property=\"og:locale\" content=\"es_ES\" \/>\n<meta property=\"og:type\" content=\"article\" \/>\n<meta property=\"og:title\" content=\"Pol\u00edtica de cookies - Planet VPN\" \/>\n<meta property=\"og:description\" content=\"Nuestras reglas de cookies: qu\u00e9 cookies utilizamos para ofrecer un rendimiento \u00f3ptimo. No te preocupes: todos los datos sobre el uso del servicio son an\u00f3nimos.\" \/>\n<meta property=\"og:url\" content=\"https:\/\/freevpnplanet.com\/es\/cookies\/\" \/>\n<meta property=\"og:site_name\" content=\"Planet VPN\" \/>\n<meta property=\"article:modified_time\" content=\"2024-09-11T13:04:02+00:00\" \/>\n<meta name=\"twitter:card\" content=\"summary_large_image\" \/>\n<meta name=\"twitter:label1\" content=\"Est. reading time\" \/>\n\t<meta name=\"twitter:data1\" content=\"4 minutes\" \/>\n<script type=\"application\/ld+json\" class=\"yoast-schema-graph\">{\"@context\":\"https:\/\/schema.org\",\"@graph\":[{\"@type\":\"WebPage\",\"@id\":\"https:\/\/freevpnplanet.com\/es\/cookies\/\",\"url\":\"https:\/\/freevpnplanet.com\/es\/cookies\/\",\"name\":\"Pol\u00edtica de cookies - Planet VPN\",\"isPartOf\":{\"@id\":\"https:\/\/freevpnplanet.com\/es\/#website\"},\"datePublished\":\"2024-07-01T07:13:33+00:00\",\"dateModified\":\"2024-09-11T13:04:02+00:00\",\"description\":\"Nuestras reglas de cookies: qu\u00e9 cookies utilizamos para ofrecer un rendimiento \u00f3ptimo. No te preocupes: todos los datos sobre el uso del servicio son an\u00f3nimos.\",\"breadcrumb\":{\"@id\":\"https:\/\/freevpnplanet.com\/es\/cookies\/#breadcrumb\"},\"inLanguage\":\"es\",\"potentialAction\":[{\"@type\":\"ReadAction\",\"target\":[\"https:\/\/freevpnplanet.com\/es\/cookies\/\"]}]},{\"@type\":\"BreadcrumbList\",\"@id\":\"https:\/\/freevpnplanet.com\/es\/cookies\/#breadcrumb\",\"itemListElement\":[{\"@type\":\"ListItem\",\"position\":1,\"name\":\"Home\",\"item\":\"https:\/\/freevpnplanet.com\/es\/\"},{\"@type\":\"ListItem\",\"position\":2,\"name\":\"Cookies\"}]},{\"@type\":\"WebSite\",\"@id\":\"https:\/\/freevpnplanet.com\/es\/#website\",\"url\":\"https:\/\/freevpnplanet.com\/es\/\",\"name\":\"Planet VPN \ud83d\udee1\ufe0f\ud83c\udf10 Free VPN\",\"description\":\"Free VPN\",\"potentialAction\":[{\"@type\":\"SearchAction\",\"target\":{\"@type\":\"EntryPoint\",\"urlTemplate\":\"https:\/\/freevpnplanet.com\/es\/?s={search_term_string}\"},\"query-input\":\"required name=search_term_string\"}],\"inLanguage\":\"es\",\"publisher\":{\"@id\":\"https:\/\/freevpnplanet.com\/es\/#organization\"}},{\"@context\":\"https:\/\/schema.org\/\",\"@type\":\"SoftwareApplication\",\"name\":\"Planet VPN \ud83d\udee1\ufe0f\ud83c\udf10 Free VPN\",\"operatingSystem\":\"Windows, macOS, iOS, Android, Linux, Chrome\",\"applicationCategory\":\"SecurityApplication\",\"offers\":{\"@type\":\"AggregateOffer\",\"priceCurrency\":\"USD\",\"price\":\"0\",\"lowPrice\":\"0\",\"availability\":\"https:\/\/schema.org\/InStock\"},\"aggregateRating\":{\"@type\":\"AggregateRating\",\"ratingValue\":\"4.8\",\"bestRating\":\"5\",\"ratingCount\":\"12476\"}},{\"@type\":\"Organization\",\"@id\":\"https:\/\/freevpnplanet.com\/es\/#organization\",\"url\":\"https:\/\/freevpnplanet.com\/es\/\",\"name\":\"Planet VPN \ud83d\udee1\ufe0f\ud83c\udf10 Free VPN\"}]}<\/script>\n<!-- \/ Yoast SEO plugin. -->","yoast_head_json":{"title":"Pol\u00edtica de cookies - Planet VPN","description":"Nuestras reglas de cookies: qu\u00e9 cookies utilizamos para ofrecer un rendimiento \u00f3ptimo. No te preocupes: todos los datos sobre el uso del servicio son an\u00f3nimos.","robots":{"index":"index","follow":"follow","max-snippet":"max-snippet:-1","max-image-preview":"max-image-preview:large","max-video-preview":"max-video-preview:-1"},"canonical":"https:\/\/freevpnplanet.com\/es\/cookies\/","og_locale":"es_ES","og_type":"article","og_title":"Pol\u00edtica de cookies - Planet VPN","og_description":"Nuestras reglas de cookies: qu\u00e9 cookies utilizamos para ofrecer un rendimiento \u00f3ptimo. No te preocupes: todos los datos sobre el uso del servicio son an\u00f3nimos.","og_url":"https:\/\/freevpnplanet.com\/es\/cookies\/","og_site_name":"Planet VPN","article_modified_time":"2024-09-11T13:04:02+00:00","twitter_card":"summary_large_image","twitter_misc":{"Est. reading time":"4 minutes"},"schema":{"@context":"https:\/\/schema.org","@graph":[{"@type":"WebPage","@id":"https:\/\/freevpnplanet.com\/es\/cookies\/","url":"https:\/\/freevpnplanet.com\/es\/cookies\/","name":"Pol\u00edtica de cookies - Planet VPN","isPartOf":{"@id":"https:\/\/freevpnplanet.com\/es\/#website"},"datePublished":"2024-07-01T07:13:33+00:00","dateModified":"2024-09-11T13:04:02+00:00","description":"Nuestras reglas de cookies: qu\u00e9 cookies utilizamos para ofrecer un rendimiento \u00f3ptimo. No te preocupes: todos los datos sobre el uso del servicio son an\u00f3nimos.","breadcrumb":{"@id":"https:\/\/freevpnplanet.com\/es\/cookies\/#breadcrumb"},"inLanguage":"es","potentialAction":[{"@type":"ReadAction","target":["https:\/\/freevpnplanet.com\/es\/cookies\/"]}]},{"@type":"BreadcrumbList","@id":"https:\/\/freevpnplanet.com\/es\/cookies\/#breadcrumb","itemListElement":[{"@type":"ListItem","position":1,"name":"Home","item":"https:\/\/freevpnplanet.com\/es\/"},{"@type":"ListItem","position":2,"name":"Cookies"}]},{"@type":"WebSite","@id":"https:\/\/freevpnplanet.com\/es\/#website","url":"https:\/\/freevpnplanet.com\/es\/","name":"Planet VPN \ud83d\udee1\ufe0f\ud83c\udf10 Free VPN","description":"Free VPN","potentialAction":[{"@type":"SearchAction","target":{"@type":"EntryPoint","urlTemplate":"https:\/\/freevpnplanet.com\/es\/?s={search_term_string}"},"query-input":"required name=search_term_string"}],"inLanguage":"es","publisher":{"@id":"https:\/\/freevpnplanet.com\/es\/#organization"}},{"@context":"https:\/\/schema.org\/","@type":"SoftwareApplication","name":"Planet VPN \ud83d\udee1\ufe0f\ud83c\udf10 Free VPN","operatingSystem":"Windows, macOS, iOS, Android, Linux, Chrome","applicationCategory":"SecurityApplication","offers":{"@type":"AggregateOffer","priceCurrency":"USD","price":"0","lowPrice":"0","availability":"https:\/\/schema.org\/InStock"},"aggregateRating":{"@type":"AggregateRating","ratingValue":"4.8","bestRating":"5","ratingCount":"12476"}},{"@type":"Organization","@id":"https:\/\/freevpnplanet.com\/es\/#organization","url":"https:\/\/freevpnplanet.com\/es\/","name":"Planet VPN \ud83d\udee1\ufe0f\ud83c\udf10 Free VPN"}]}},"acf":[],"_links":{"self":[{"href":"https:\/\/freevpnplanet.com\/es\/wp-json\/wp\/v2\/pages\/96364","targetHints":{"allow":["GET"]}}],"collection":[{"href":"https:\/\/freevpnplanet.com\/es\/wp-json\/wp\/v2\/pages"}],"about":[{"href":"https:\/\/freevpnplanet.com\/es\/wp-json\/wp\/v2\/types\/page"}],"author":[{"embeddable":true,"href":"https:\/\/freevpnplanet.com\/es\/wp-json\/wp\/v2\/users\/13"}],"replies":[{"embeddable":true,"href":"https:\/\/freevpnplanet.com\/es\/wp-json\/wp\/v2\/comments?post=96364"}],"version-history":[{"count":0,"href":"https:\/\/freevpnplanet.com\/es\/wp-json\/wp\/v2\/pages\/96364\/revisions"}],"wp:attachment":[{"href":"https:\/\/freevpnplanet.com\/es\/wp-json\/wp\/v2\/media?parent=96364"}],"wp:term":[{"taxonomy":"download_by_lite_tag","embeddable":true,"href":"https:\/\/freevpnplanet.com\/es\/wp-json\/wp\/v2\/download_by_lite_tag?post=96364"}],"curies":[{"name":"wp","href":"https:\/\/api.w.org\/{rel}","templated":true}]}}