{"id":97781,"date":"2024-05-13T20:27:17","date_gmt":"2024-05-13T17:27:17","guid":{"rendered":"https:\/\/help.freeplanetvpn.com\/dns-check\/"},"modified":"2024-11-28T12:58:57","modified_gmt":"2024-11-28T09:58:57","slug":"dns-check","status":"publish","type":"page","link":"https:\/\/freevpnplanet.com\/es\/dns-check\/","title":{"rendered":"DNS check"},"content":{"rendered":"\n<section class=\"tools-hero\">\n  <div class=\"tools-hero__inner container\">\n\n          <h1 class=\"tools-hero__title\">Comprobaci\u00f3n de propagaci\u00f3n de DNS en l\u00ednea<\/h1>\n    \n    <div class=\"dns-propagation\">\n        <div class=\"dns-propagation__text\">\n                    <p>Su proveedor de servicios de Internet posee servidores DNS a los que puede conectarse y utilizar servicios. A menudo, el propietario supervisa a los usuarios para leer los datos, realizar un seguimiento de las acciones y determinar las aplicaciones utilizadas. Los datos son utilizados por el usuario, o por un tercero, para crear un retrato digital del usuario.<\/p>\n<p>No permita el autoseguimiento en Internet: utilice los servidores DNS de Planet VPN. Compruebe la fuga y proteja sus datos.<\/p>        \n                        <a id=\"qa-avoid-dns\"\n               href=\"https:\/\/account.freevpnplanet.com\/es\/order\/\"\n               target=\"\"\n              class=\"cta\">Descargar gratis            <\/a>\n                  <\/div>\n\n      <div class=\"dns-propagation__context\">\n        <div class=\"dns-propagation__check\">\n          <div class=\"dns-propagation__status dns-propagation__status--undefined\" id=\"status-undefined\">\n            <img decoding=\"async\" src=\"https:\/\/freevpnplanet.com\/wp-content\/themes\/planetvpn\/assets\/images\/pages\/dns-check\/logo-unprotected.svg\" alt=\"Icon undefined\">\n            <span>Checking&#8230;<\/span>\n          <\/div>\n          <div class=\"dns-propagation__status dns-propagation__status--protected\" id=\"status-protected\">\n            <img decoding=\"async\" src=\"https:\/\/freevpnplanet.com\/wp-content\/themes\/planetvpn\/assets\/images\/pages\/dns-check\/logo-protected.svg\" alt=\"Icon Protected\">\n            <span>\u00a1Sus consultas al DNS son seguras!<\/span>\n          <\/div>\n          <div class=\"dns-propagation__status dns-propagation__status--unprotected\" id=\"status-unprotected\">\n            <img decoding=\"async\" src=\"https:\/\/freevpnplanet.com\/wp-content\/themes\/planetvpn\/assets\/images\/pages\/dns-check\/logo-unprotected.svg\" alt=\"Icon Uprotected\">\n            <span>Vos requ\u00eates DNS pourraient avoir une fuite!<\/span>\n          <\/div>\n        <\/div>\n\n        <div class=\"dns-propagation__result\">\n          <span>Direcci\u00f3n IP:<\/span>\n          <span class=\"dns-propagation__ip\" id=\"dns-propagation-ip\">XXX.XXX.XX.XX<\/span>\n        <\/div>\n\n                  <div class=\"dns-propagation__final-text\">Si est\u00e1 usando VPN, pero sigue viendo la direcci\u00f3n DNS del servidor de su proveedor, el sistema se ha filtrado. Los due\u00f1os de los servidores DNS que utiliza pueden ver todos los sitios web que visita.<\/div>\n        \n      <\/div>\n    <\/div>\n  <\/div>\n\n  <div class=\"tools-hero__menu\"><ul id=\"menu-tools-menu-spanish\" class=\"menu\"><li id=\"menu-item-117479\" class=\"menu-item\"><a id=\"qa-dns-leak-test\" href=\"https:\/\/freevpnplanet.com\/es\/dns-check\/\">Prueba de fugas de DNS<\/a><\/li>\n<li id=\"menu-item-117480\" class=\"menu-item\"><a id=\"qa-webrtc-leak-test\" href=\"https:\/\/freevpnplanet.com\/es\/web-rtc\/\">Prueba de fugas de WebRTC<\/a><\/li>\n<li id=\"menu-item-117510\" class=\"menu-item\"><a id=\"qa-virus-scan\" href=\"https:\/\/freevpnplanet.com\/es\/virus-scan\/\">Escaneo de virus<\/a><\/li>\n<li id=\"menu-item-117511\" class=\"menu-item\"><a id=\"qa-what-is-my-ip\" href=\"https:\/\/freevpnplanet.com\/es\/ip-check\/\">\u00bfCu\u00e1l es mi IP?<\/a><\/li>\n<li id=\"menu-item-117512\" class=\"menu-item\"><a id=\"qa-generate-password\" href=\"https:\/\/freevpnplanet.com\/es\/password-generator\/\">Generador de contrase\u00f1as<\/a><\/li>\n<\/ul><\/div>\n<\/section>\n\n<section class=\"two-col-content custom-block align-full  rtl ratio-normal image image-visible-on-mobile-yes\" style=''>\n\n    <div class=\"gutenberg-block-background\"><\/div>\n    <div class=\"two-col-content__container inner-container\">\n                    <h2 class=\"two-col-content__title\">\u00bfQU\u00c9 ES UNA FUGA DE DNS?<\/h2>\n        \n                    <div class=\"two-col-content__description\"><p>Aunque tenga conectada la mejor VPN, por desgracia, sus capacidades t\u00e9cnicas no garantizan la protecci\u00f3n de las consultas DNS desde su ordenador o dispositivo m\u00f3vil. Y este factor no depende de la fiabilidad del cifrado del tr\u00e1fico. Si hay una fuga de DNS, significa que personas ajenas ver\u00e1n los recursos web que visita, las acciones que realiza y las aplicaciones que abre y utiliza con fines personales.<\/p>\n<p>El DNS es un sistema especial de libretas de direcciones, que est\u00e1 directamente relacionado con todas las manipulaciones que se hacen mientras se visita la Internet. Por ejemplo, un navegador o una aplicaci\u00f3n utiliza el DNS para realizar una b\u00fasqueda en el servidor a fin de generar una conexi\u00f3n posterior entre los servicios y los sitios que el cliente requiere. El dispositivo reenv\u00eda las solicitudes y recibe instrucciones de respuesta para buscar los datos de destino. En consecuencia, son las consultas DNS las que determinan el nivel general de confidencialidad de los datos del usuario y tambi\u00e9n pueden suponer un riesgo para la seguridad. Comprobar los DNS es f\u00e1cil: conecte Planet VPN y lib\u00e9rese de las ciberamenazas.<\/p><\/div>\n        \n                    <img decoding=\"async\" width=\"436\" height=\"436\" src=\"https:\/\/freevpnplanet.com\/wp-content\/uploads\/2024\/05\/rvpn-dns.8814bf7-20240514_122744_989247.svg\" class=\"two-col-content__image\" alt=\"\" \/>        \n            <\/div>\n<\/section>\n\n\n<section class=\"cta-section custom-block align-full \" style=''>\n\n    <div class=\"gutenberg-block-background\"><\/div>\n    <div class=\"cta-section__inner\">\n                    <div class=\"cta-section__cta\">\n                                    <a href=\"\/es\/plans\/\" target=\"_self\" id=\"qa-download-free-space\" class=\"cta download-by-platform cta--with-border cta-size--small icon-position--icon-left\" style=\"--button-background-color: var(--green);--button-background-color-hover: var(--green-hover);--button-background-color-pressed: var(--green-pressed);--border-radius:40px\"><span class=\"cta__name\">Descargar gratis<\/span><\/a>                            <\/div>\n            <\/div>\n<\/section>\n\n<section class=\"two-col-content custom-block align-full  rtl ratio-normal text image-visible-on-mobile-no\" style='--background-color:var(--background-blue)'>\n\n    <div class=\"gutenberg-block-background\"><\/div>\n    <div class=\"two-col-content__container inner-container\">\n        \n                    <div class=\"two-col-content__description\"><p>Por consiguiente, son las consultas del DNS las que determinan el nivel general de confidencialidad de los datos del usuario y tambi\u00e9n pueden plantear un riesgo para la seguridad. Comprobar el DNS es f\u00e1cil: conecte Planet VPN y lib\u00e9rese de las ciberamenazas. \u00bfQu\u00e9 es una fuga del DNS?<\/p>\n<ul>\n<li>Servidores DNS de alto rendimiento Planet VPN;<\/li>\n<li>Se elimina completamente el almacenamiento de registros de actividad y de conexi\u00f3n;<\/li>\n<li>La encriptaci\u00f3n del tr\u00e1fico m\u00e1s segura.<\/li>\n<\/ul>\n<p>El principio de trabajo consiste en las siguientes acciones:<\/p>\n<ul>\n<li>Cuando se necesita abrir una p\u00e1gina en Internet, se introduce una solicitud espec\u00edfica y luego se hace clic en el enlace de destino;<\/li>\n<li>La direcci\u00f3n seleccionada se env\u00eda a un t\u00fanel cifrado al servidor DNS, formando as\u00ed un acceso al recurso de inter\u00e9s;<\/li>\n<li>El servidor recibe una respuesta y se transmite al usuario para abrir la p\u00e1gina.<\/li>\n<\/ul>\n<p>Todas estas acciones se generan en un canal de comunicaci\u00f3n seguro, por lo que no hay riesgo de pirater\u00eda o fuga. Puede comprobar el servidor DNS en l\u00ednea en el sitio web de Planet VPN.<\/p><\/div>\n        \n                                    <h2 class=\"two-col-content__text\">C\u00d3MO EVITAR LAS FUGAS DE DNS USANDO EL SERVICIO PLANET VPN<\/h2>\n                    \n                    <div class=\"two-col-content__cta\">\n                            <\/div>\n            <\/div>\n<\/section>\n\n\n<section class=\"image-text-static-image custom-block align-none  mobile-image-bottom   header-size-small text-size-small  pb-0--desktop\" style=''>\n\n    <div class=\"gutenberg-block-background\"><\/div>\n    <div class=\"image-text-static-image__inner inner-container\">\n                    <div class=\"image-text-static-image__content content-left\" style='--content-width: 50%'>\n                \n                <h2>\u00bfES NECESARIO COMPROBAR SIEMPRE LAS FUGAS DE DNS?<\/h2>\n<p>La comprobaci\u00f3n del servidor DNS es una importante medida de seguridad que debe realizarse regularmente. Incluso si ya est\u00e1 usando el servicio VPN, hay un riesgo de seguridad asociado con la vulnerabilidad del DNS. Si se produce una fuga de informaci\u00f3n, va acompa\u00f1ada de tales acciones:<\/p>\n<ol>\n<li>El ordenador del usuario no enviar\u00e1 consultas DNS al t\u00fanel Planet VPN, sino a la red p\u00fablica;<\/li>\n<li>El ordenador del usuario enviar\u00e1 consultas DNS a trav\u00e9s del t\u00fanel de Planet VPN, pero llegar\u00e1n al servidor externo en lugar de al host protegido;<\/li>\n<li>En ambos casos, los espectadores pueden ver todos los sitios que el usuario visitar\u00e1, as\u00ed como todas las aplicaciones y programas que se utilizan en su trabajo.<\/li>\n<\/ol>\n                \n                \n\n            <\/div>\n        \n                    <div class=\"bg-image-wrapper bg-image-wrapper--desktop  right image-align--center\" style='--image-max-width: 50%'>\n                <figure>\n                    <img width=\"436\" height=\"436\" src=\"https:\/\/freevpnplanet.com\/wp-content\/uploads\/2024\/05\/rvpn-zoom.0cb093a-20240514_130633_582621.svg\" class=\"attachment-full size-full\" alt=\"\" loading=\"lazy\" decoding=\"sync\" fetchpriority=\"low\" style=\"max-width:440px\" sizes=\"auto, (max-width: 440px) 100vw, 440px\" aria-hidden=\"true\" \/>                    <!-- <img decoding=\"async\" width=\"436\" height=\"436\" src=\"https:\/\/freevpnplanet.com\/wp-content\/uploads\/2024\/05\/rvpn-zoom.0cb093a-20240514_130633_582621.svg\" class=\"attachment-full size-full\" alt=\"\" style=\"max-width:440px\" \/> -->\n                <\/figure>\n            <\/div>\n        \n            <\/div>\n<\/section>\n\n\n<section class=\"image-text-static-image custom-block align-none  mobile-image-bottom   header-size-small text-size-small  pb-0--desktop\" style=''>\n\n    <div class=\"gutenberg-block-background\"><\/div>\n    <div class=\"image-text-static-image__inner inner-container\">\n                    <div class=\"image-text-static-image__content content-right\" style='--content-width: 50%'>\n                \n                <h2>\u00bfPOR QU\u00c9 HAY UNA FUGA DE DNS CUANDO LA VPN EST\u00c1 ACTIVADA?<\/h2>\n<p>Incluso si utiliza el servicio VPN todo el tiempo, puede haber fugas de DNS. A continuaci\u00f3n destacamos las causas m\u00e1s comunes de las fugas de DNS:<\/p>\n<ol>\n<li>La red VPN fue configurada manualmente: esto aumenta significativamente el riesgo de fuga de informaci\u00f3n y datos privados, y a\u00f1ade un factor espec\u00edfico a la configuraci\u00f3n del sistema operativo del PC del usuario. Si se conecta a Planet VPN, estos problemas quedan excluidos, se le proporciona una protecci\u00f3n total;<\/li>\n<li>Los atacantes han interceptado el control de su router, por lo que las peticiones de su PC se env\u00edan a la red general, en lugar de a un t\u00fanel cifrado: esta situaci\u00f3n se produce con mayor frecuencia cuando se utiliza una conexi\u00f3n Wi-Fi en lugares p\u00fablicos (centro comercial, club deportivo, cafeter\u00eda, parque, etc.). Basta con utilizar el servicio Planet VPN para eliminar todos los riesgos y posibles vulnerabilidades;<\/li>\n<li>El DNS se ha configurado manualmente y se ha activado la orden de no utilizar una conexi\u00f3n a trav\u00e9s del servidor Planet VPN: es mejor evitar tales eventos incluso si es un usuario experimentado, ya que perturba la ciberseguridad general de su ordenador.<\/li>\n<\/ol>\n                \n                \n\n            <\/div>\n        \n                    <div class=\"bg-image-wrapper bg-image-wrapper--desktop  left image-align--center\" style='--image-max-width: 50%'>\n                <figure>\n                    <img width=\"436\" height=\"436\" src=\"https:\/\/freevpnplanet.com\/wp-content\/uploads\/2024\/05\/rvpn-virus.9f94f39-20240514_130630_667594.svg\" class=\"attachment-full size-full\" alt=\"\" loading=\"lazy\" decoding=\"sync\" fetchpriority=\"low\" style=\"max-width:440px\" sizes=\"auto, (max-width: 440px) 100vw, 440px\" aria-hidden=\"true\" \/>                    <!-- <img decoding=\"async\" width=\"436\" height=\"436\" src=\"https:\/\/freevpnplanet.com\/wp-content\/uploads\/2024\/05\/rvpn-virus.9f94f39-20240514_130630_667594.svg\" class=\"attachment-full size-full\" alt=\"\" style=\"max-width:440px\" \/> -->\n                <\/figure>\n            <\/div>\n        \n            <\/div>\n<\/section>\n\n\n<section class=\"wrapper custom-block align-none    \" style=''>\n\n    <div class=\"gutenberg-block-background\"><\/div>\n    <div class=\"wrapper__inner inner-container\">\n        \n\n<div class=\"buttons custom-block align-center \">\n                        <a href=\"\/es\/plans\/\" target=\"_self\" id=\"qa-download-free-info\" class=\"cta download-by-platform cta--with-border cta-size--small cta-mt--initial icon-position--icon-left\" style=\"--border-radius:40px\"><span class=\"cta__name\">Descargar gratis<\/span><\/a>            <\/div>\n\n    <\/div>\n\n<\/section>","protected":false},"excerpt":{"rendered":"","protected":false},"author":13,"featured_media":0,"parent":0,"menu_order":0,"comment_status":"closed","ping_status":"closed","template":"templates\/page_template-basic_for_gutenberg.php","meta":{"_acf_changed":false,"inline_featured_image":false,"footnotes":""},"download_by_lite_tag":[],"class_list":["post-97781","page","type-page","status-publish","hentry"],"yoast_head":"<!-- This site is optimized with the Yoast SEO plugin v22.6 - https:\/\/yoast.com\/wordpress\/plugins\/seo\/ -->\n<title>Verificaci\u00f3n de DNS - Verificaci\u00f3n de propagaci\u00f3n de dns en l\u00ednea - Planet VPN<\/title>\n<meta name=\"description\" content=\"Si su DNS se filtra, sus solicitudes se env\u00edan a trav\u00e9s de un t\u00fanel VPN encriptado. Comprueba si tu VPN tiene una fuga de DNS que muestre tu verdadera ubicaci\u00f3n. Con Planet VPN se le asegura una total confidencialidad y protecci\u00f3n contra la fuga del DNS.\" \/>\n<meta name=\"robots\" content=\"index, follow, max-snippet:-1, max-image-preview:large, max-video-preview:-1\" \/>\n<link rel=\"canonical\" href=\"https:\/\/freevpnplanet.com\/es\/dns-check\/\" \/>\n<meta property=\"og:locale\" content=\"es_ES\" \/>\n<meta property=\"og:type\" content=\"article\" \/>\n<meta property=\"og:title\" content=\"Verificaci\u00f3n de DNS - Verificaci\u00f3n de propagaci\u00f3n de dns en l\u00ednea - Planet VPN\" \/>\n<meta property=\"og:description\" content=\"Si su DNS se filtra, sus solicitudes se env\u00edan a trav\u00e9s de un t\u00fanel VPN encriptado. Comprueba si tu VPN tiene una fuga de DNS que muestre tu verdadera ubicaci\u00f3n. Con Planet VPN se le asegura una total confidencialidad y protecci\u00f3n contra la fuga del DNS.\" \/>\n<meta property=\"og:url\" content=\"https:\/\/freevpnplanet.com\/es\/dns-check\/\" \/>\n<meta property=\"og:site_name\" content=\"Planet VPN\" \/>\n<meta property=\"article:modified_time\" content=\"2024-11-28T09:58:57+00:00\" \/>\n<meta name=\"twitter:card\" content=\"summary_large_image\" \/>\n<script type=\"application\/ld+json\" class=\"yoast-schema-graph\">{\"@context\":\"https:\/\/schema.org\",\"@graph\":[{\"@type\":\"WebPage\",\"@id\":\"https:\/\/freevpnplanet.com\/es\/dns-check\/\",\"url\":\"https:\/\/freevpnplanet.com\/es\/dns-check\/\",\"name\":\"Verificaci\u00f3n de DNS - Verificaci\u00f3n de propagaci\u00f3n de dns en l\u00ednea - Planet VPN\",\"isPartOf\":{\"@id\":\"https:\/\/freevpnplanet.com\/es\/#website\"},\"datePublished\":\"2024-05-13T17:27:17+00:00\",\"dateModified\":\"2024-11-28T09:58:57+00:00\",\"description\":\"Si su DNS se filtra, sus solicitudes se env\u00edan a trav\u00e9s de un t\u00fanel VPN encriptado. Comprueba si tu VPN tiene una fuga de DNS que muestre tu verdadera ubicaci\u00f3n. Con Planet VPN se le asegura una total confidencialidad y protecci\u00f3n contra la fuga del DNS.\",\"breadcrumb\":{\"@id\":\"https:\/\/freevpnplanet.com\/es\/dns-check\/#breadcrumb\"},\"inLanguage\":\"es\",\"potentialAction\":[{\"@type\":\"ReadAction\",\"target\":[\"https:\/\/freevpnplanet.com\/es\/dns-check\/\"]}]},{\"@type\":\"BreadcrumbList\",\"@id\":\"https:\/\/freevpnplanet.com\/es\/dns-check\/#breadcrumb\",\"itemListElement\":[{\"@type\":\"ListItem\",\"position\":1,\"name\":\"Home\",\"item\":\"https:\/\/freevpnplanet.com\/es\/\"},{\"@type\":\"ListItem\",\"position\":2,\"name\":\"DNS check\"}]},{\"@type\":\"WebSite\",\"@id\":\"https:\/\/freevpnplanet.com\/es\/#website\",\"url\":\"https:\/\/freevpnplanet.com\/es\/\",\"name\":\"Planet VPN \ud83d\udee1\ufe0f\ud83c\udf10 Free VPN\",\"description\":\"Free VPN\",\"potentialAction\":[{\"@type\":\"SearchAction\",\"target\":{\"@type\":\"EntryPoint\",\"urlTemplate\":\"https:\/\/freevpnplanet.com\/es\/?s={search_term_string}\"},\"query-input\":\"required name=search_term_string\"}],\"inLanguage\":\"es\",\"publisher\":{\"@id\":\"https:\/\/freevpnplanet.com\/es\/#organization\"}},{\"@context\":\"https:\/\/schema.org\/\",\"@type\":\"SoftwareApplication\",\"name\":\"Planet VPN \ud83d\udee1\ufe0f\ud83c\udf10 Free VPN\",\"operatingSystem\":\"Windows, macOS, iOS, Android, Linux, Chrome\",\"applicationCategory\":\"SecurityApplication\",\"offers\":{\"@type\":\"AggregateOffer\",\"priceCurrency\":\"USD\",\"price\":\"0\",\"lowPrice\":\"0\",\"availability\":\"https:\/\/schema.org\/InStock\"},\"aggregateRating\":{\"@type\":\"AggregateRating\",\"ratingValue\":\"4.8\",\"bestRating\":\"5\",\"ratingCount\":\"12476\"}},{\"@type\":\"Organization\",\"@id\":\"https:\/\/freevpnplanet.com\/es\/#organization\",\"url\":\"https:\/\/freevpnplanet.com\/es\/\",\"name\":\"Planet VPN \ud83d\udee1\ufe0f\ud83c\udf10 Free VPN\"}]}<\/script>\n<!-- \/ Yoast SEO plugin. -->","yoast_head_json":{"title":"Verificaci\u00f3n de DNS - Verificaci\u00f3n de propagaci\u00f3n de dns en l\u00ednea - Planet VPN","description":"Si su DNS se filtra, sus solicitudes se env\u00edan a trav\u00e9s de un t\u00fanel VPN encriptado. Comprueba si tu VPN tiene una fuga de DNS que muestre tu verdadera ubicaci\u00f3n. Con Planet VPN se le asegura una total confidencialidad y protecci\u00f3n contra la fuga del DNS.","robots":{"index":"index","follow":"follow","max-snippet":"max-snippet:-1","max-image-preview":"max-image-preview:large","max-video-preview":"max-video-preview:-1"},"canonical":"https:\/\/freevpnplanet.com\/es\/dns-check\/","og_locale":"es_ES","og_type":"article","og_title":"Verificaci\u00f3n de DNS - Verificaci\u00f3n de propagaci\u00f3n de dns en l\u00ednea - Planet VPN","og_description":"Si su DNS se filtra, sus solicitudes se env\u00edan a trav\u00e9s de un t\u00fanel VPN encriptado. Comprueba si tu VPN tiene una fuga de DNS que muestre tu verdadera ubicaci\u00f3n. Con Planet VPN se le asegura una total confidencialidad y protecci\u00f3n contra la fuga del DNS.","og_url":"https:\/\/freevpnplanet.com\/es\/dns-check\/","og_site_name":"Planet VPN","article_modified_time":"2024-11-28T09:58:57+00:00","twitter_card":"summary_large_image","schema":{"@context":"https:\/\/schema.org","@graph":[{"@type":"WebPage","@id":"https:\/\/freevpnplanet.com\/es\/dns-check\/","url":"https:\/\/freevpnplanet.com\/es\/dns-check\/","name":"Verificaci\u00f3n de DNS - Verificaci\u00f3n de propagaci\u00f3n de dns en l\u00ednea - Planet VPN","isPartOf":{"@id":"https:\/\/freevpnplanet.com\/es\/#website"},"datePublished":"2024-05-13T17:27:17+00:00","dateModified":"2024-11-28T09:58:57+00:00","description":"Si su DNS se filtra, sus solicitudes se env\u00edan a trav\u00e9s de un t\u00fanel VPN encriptado. Comprueba si tu VPN tiene una fuga de DNS que muestre tu verdadera ubicaci\u00f3n. Con Planet VPN se le asegura una total confidencialidad y protecci\u00f3n contra la fuga del DNS.","breadcrumb":{"@id":"https:\/\/freevpnplanet.com\/es\/dns-check\/#breadcrumb"},"inLanguage":"es","potentialAction":[{"@type":"ReadAction","target":["https:\/\/freevpnplanet.com\/es\/dns-check\/"]}]},{"@type":"BreadcrumbList","@id":"https:\/\/freevpnplanet.com\/es\/dns-check\/#breadcrumb","itemListElement":[{"@type":"ListItem","position":1,"name":"Home","item":"https:\/\/freevpnplanet.com\/es\/"},{"@type":"ListItem","position":2,"name":"DNS check"}]},{"@type":"WebSite","@id":"https:\/\/freevpnplanet.com\/es\/#website","url":"https:\/\/freevpnplanet.com\/es\/","name":"Planet VPN \ud83d\udee1\ufe0f\ud83c\udf10 Free VPN","description":"Free VPN","potentialAction":[{"@type":"SearchAction","target":{"@type":"EntryPoint","urlTemplate":"https:\/\/freevpnplanet.com\/es\/?s={search_term_string}"},"query-input":"required name=search_term_string"}],"inLanguage":"es","publisher":{"@id":"https:\/\/freevpnplanet.com\/es\/#organization"}},{"@context":"https:\/\/schema.org\/","@type":"SoftwareApplication","name":"Planet VPN \ud83d\udee1\ufe0f\ud83c\udf10 Free VPN","operatingSystem":"Windows, macOS, iOS, Android, Linux, Chrome","applicationCategory":"SecurityApplication","offers":{"@type":"AggregateOffer","priceCurrency":"USD","price":"0","lowPrice":"0","availability":"https:\/\/schema.org\/InStock"},"aggregateRating":{"@type":"AggregateRating","ratingValue":"4.8","bestRating":"5","ratingCount":"12476"}},{"@type":"Organization","@id":"https:\/\/freevpnplanet.com\/es\/#organization","url":"https:\/\/freevpnplanet.com\/es\/","name":"Planet VPN \ud83d\udee1\ufe0f\ud83c\udf10 Free VPN"}]}},"acf":[],"_links":{"self":[{"href":"https:\/\/freevpnplanet.com\/es\/wp-json\/wp\/v2\/pages\/97781","targetHints":{"allow":["GET"]}}],"collection":[{"href":"https:\/\/freevpnplanet.com\/es\/wp-json\/wp\/v2\/pages"}],"about":[{"href":"https:\/\/freevpnplanet.com\/es\/wp-json\/wp\/v2\/types\/page"}],"author":[{"embeddable":true,"href":"https:\/\/freevpnplanet.com\/es\/wp-json\/wp\/v2\/users\/13"}],"replies":[{"embeddable":true,"href":"https:\/\/freevpnplanet.com\/es\/wp-json\/wp\/v2\/comments?post=97781"}],"version-history":[{"count":1,"href":"https:\/\/freevpnplanet.com\/es\/wp-json\/wp\/v2\/pages\/97781\/revisions"}],"predecessor-version":[{"id":133663,"href":"https:\/\/freevpnplanet.com\/es\/wp-json\/wp\/v2\/pages\/97781\/revisions\/133663"}],"wp:attachment":[{"href":"https:\/\/freevpnplanet.com\/es\/wp-json\/wp\/v2\/media?parent=97781"}],"wp:term":[{"taxonomy":"download_by_lite_tag","embeddable":true,"href":"https:\/\/freevpnplanet.com\/es\/wp-json\/wp\/v2\/download_by_lite_tag?post=97781"}],"curies":[{"name":"wp","href":"https:\/\/api.w.org\/{rel}","templated":true}]}}