{"id":98509,"date":"2024-06-03T19:16:22","date_gmt":"2024-06-03T16:16:22","guid":{"rendered":"https:\/\/help.freeplanetvpn.com\/virus-scan\/"},"modified":"2026-01-20T15:37:25","modified_gmt":"2026-01-20T12:37:25","slug":"virus-scan","status":"publish","type":"page","link":"https:\/\/freevpnplanet.com\/es\/virus-scan\/","title":{"rendered":"Virus scan"},"content":{"rendered":"\n<section class=\"virus-scan-hero\">\n  <div class=\"virus-scan-hero__inner container\">\n    <div class=\"virus-scan\">\n\n              <h1 class=\"virus-scan__title\">Escaneo de virus gratuito en l\u00ednea: archivo o URL<\/h1>\n      \n              <div class=\"virus-scan__text\"><p>El servicio Planet VPN es una soluci\u00f3n eficaz y rentable para analizar r\u00e1pidamente todos los archivos y enlaces de direcciones sospechosos, identificar posibles amenazas y la presencia de virus y objetos maliciosos. Escaneo de virus de Planet VPN &#8211; seguro, fiable, r\u00e1pido.<\/p><\/div>\n      \n      <div class=\"virus-scan__content\">\n        <div class=\"virus-scan__tab\">\n\n          <button class=\"virus-scan__tab-button virus-scan__tab-button--selected\" id=\"qa-file-tab\" data-tab=\"file\">\n            <img decoding=\"async\" src=\"\/wp-content\/themes\/planetvpn\/assets\/images\/pages\/virus-scan\/doc.svg\" alt=\"document icon\" >\n            Archivo          <\/button>\n\n          <button class=\"virus-scan__tab-button\" id=\"qa-url-tab\" data-tab=\"url\">\n            <img decoding=\"async\" src=\"\/wp-content\/themes\/planetvpn\/assets\/images\/pages\/virus-scan\/file.svg\" alt=\"file icon\" >\n            Url          <\/button>\n\n          <form name=\"virus-scan-file-form\" method=\"post\" class=\"virus-scan__form virus-scan__form--active\" data-target-tab=\"file\">\n            <div class=\"virus-scan__form-group\">\n              <label class=\"virus-scan__label\">\n                <span>Seleccionar archivo<\/span>\n                <u class=\"virus-scan__filename-inner\">No se han seleccionado archivos<\/u>\n                <input type=\"file\" name=\"file_upload\" class=\"virus-scan__input-file\" id=\"qa-upload-field\" required \/>\n              <\/label>\n\n              <button type=\"submit\" class=\"virus-scan__submit-button\">\n                <img decoding=\"async\" src=\"\/wp-content\/themes\/planetvpn\/assets\/images\/pages\/virus-scan\/dow.svg\" alt=\"download icon\" >\n              <\/button>\n            <\/div>\n\n            <div class=\"virus-scan__results\"><\/div>\n\n            <button id=\"qa-scan-button\" type=\"submit\" class=\"cta CTA main-btn-file\">\n              <span>Comprobar<\/span>\n            <\/button>\n          <\/form>\n\n          <form name=\"virus-scan-url-form\" method=\"post\" class=\"virus-scan__form\" data-target-tab=\"url\">\n            <div class=\"virus-scan__form-group\">\n              <label class=\"virus-scan__label\">\n                <span>Url<\/span>\n                <input type=\"url\" name=\"url_input\" class=\"virus-scan__input-url\" required \/>\n              <\/label>\n\n              <button type=\"submit\" class=\"virus-scan__submit-button\">\n                <img decoding=\"async\" src=\"\/wp-content\/themes\/planetvpn\/assets\/images\/pages\/virus-scan\/dow.svg\" alt=\"download icon\" >\n              <\/button>\n            <\/div>\n\n            <div class=\"virus-scan__results\"><\/div>\n\n            <button id=\"main-btn-url\" type=\"submit\" class=\"cta CTA\">\n              <span>Comprobar<\/span>\n            <\/button>\n          <\/form>\n        <\/div>\n      <\/div>\n    <\/div>\n  <\/div>\n\n  <div class=\"virus-scan-hero__menu\"><ul id=\"menu-tools-menu-spanish\" class=\"menu\"><li id=\"menu-item-117479\" class=\"menu-item\"><a id=\"qa-dns-leak-test\" href=\"https:\/\/freevpnplanet.com\/es\/dns-check\/\">Prueba de fugas de DNS<\/a><\/li>\n<li id=\"menu-item-117480\" class=\"menu-item\"><a id=\"qa-webrtc-leak-test\" href=\"https:\/\/freevpnplanet.com\/es\/web-rtc\/\">Prueba de fugas de WebRTC<\/a><\/li>\n<li id=\"menu-item-117510\" class=\"menu-item\"><a id=\"qa-virus-scan\" href=\"https:\/\/freevpnplanet.com\/es\/virus-scan\/\">Escaneo de virus<\/a><\/li>\n<li id=\"menu-item-117511\" class=\"menu-item\"><a id=\"qa-what-is-my-ip\" href=\"https:\/\/freevpnplanet.com\/es\/ip-check\/\">\u00bfCu\u00e1l es mi IP?<\/a><\/li>\n<li id=\"menu-item-117512\" class=\"menu-item\"><a id=\"qa-generate-password\" href=\"https:\/\/freevpnplanet.com\/es\/password-generator\/\">Generador de contrase\u00f1as<\/a><\/li>\n<\/ul><\/div>\n<\/section>\n\n<section class=\"two-col-content custom-block align-full  rtl ratio-normal text image-visible-on-mobile-no\" style='--background-color:var(--background-blue)'>\n\n    <div class=\"gutenberg-block-background\"><\/div>\n    <div class=\"two-col-content__container inner-container\">\n        \n                    <div class=\"two-col-content__description\"><p>El mayor n\u00famero de amenazas para los usuarios de ordenadores est\u00e1 esperando en Internet cuando entramos en sitios, abrimos banners publicitarios o hacemos clic en cuadros de di\u00e1logo adicionales, descargamos archivos y ficheros. Nunca se sabe cu\u00e1ndo aparecer\u00e1 un objeto malicioso en el ordenador, especialmente si la protecci\u00f3n antivirus o la VPN no est\u00e1n activas en el dispositivo.<\/p>\n<p>Hasta la fecha, entre los peligros de Internet que amenazan con perjudicar el sistema o piratear el ordenador, se destacan los siguientes:<\/p>\n<ul>\n<li>Virus troyanos;<\/li>\n<li>Objetos de carga;<\/li>\n<li>Ataques DNS y fugas de informaci\u00f3n.<\/li>\n<\/ul>\n<p>Si navega por Internet sin descargar ning\u00fan archivo, sigue corriendo un gran riesgo, una alta probabilidad de sufrir una brecha de seguridad debido a:<\/p>\n<ul>\n<li>Robo de datos mientras se transmiten por la red;<\/li>\n<li>Bloqueos y restricciones en su pa\u00eds o regi\u00f3n;<\/li>\n<li>Los spammers que intentan desorientarle y comprometerle.<\/li>\n<\/ul><\/div>\n        \n                                    <h2 class=\"two-col-content__text\">LO IMPORTANTE QUE ES COMPROBAR LA EXISTENCIA DE VIRUS EN SU PC<\/h2>\n                    \n            <\/div>\n<\/section>\n\n\n<div class=\"container-box custom-block align-full \" style='--background-color:var(--dark-blue-0); --text-color:var(--white)'>\n\n    <div class=\"gutenberg-block-background\"><img decoding=\"async\" width=\"1366\" height=\"312\" src=\"https:\/\/freevpnplanet.com\/wp-content\/uploads\/2024\/05\/rvpn-galactic.8e29189-20240514_122917_086039.svg\" class=\"gutenberg-block-background__image-desktop background-image\" alt=\"bg-image-desktop\" title=\"bg-image-desktop\" \/><img decoding=\"async\" width=\"1366\" height=\"312\" src=\"https:\/\/freevpnplanet.com\/wp-content\/uploads\/2024\/05\/rvpn-galactic.8e29189-20240514_122917_086039.svg\" class=\"gutenberg-block-background__image-mobile background-image\" alt=\"bg-image-mobile\" title=\"bg-image-mobile\" \/><\/div>\n    <div class=\"container-box__inner inner-container\">\n        \n\n<div class=\"buttons custom-block align-center \">\n                        <a href=\"\/es\/plans\/\" target=\"_self\" id=\"qa-download-free-space\" class=\"cta download-by-platform cta--with-border cta-size--small cta-mt--initial icon-position--icon-left\" style=\"--border-radius:40px\"><span class=\"cta__name\">Descargar gratis<\/span><\/a>            <\/div>\n\n    <\/div>\n\n<\/div>\n\n\n\n<section class=\"image-text custom-block align-none   mobile-image-bottom mobile-title-center  header-size-medium text-size-small   content-right\" style='overflow: hidden;;;--min-height-mobile:400px;--min-height-desktop:600px;--content-width:50%'>\n\n    <div class=\"gutenberg-block-background\"><\/div>\n    <div class=\"image-text__inner inner-container\">\n\n        \n                    <div class=\"image-text__content\">\n\n                <h2>DONDE SE COMPRUEBAN LOS VIRUS<\/h2>\n\n\n\n<p>La seguridad del sitio que visita es un factor importante para todo usuario que navega por Internet. Pero, \u00bfc\u00f3mo asegurarse de que el recurso web al que debe acudir para obtener la informaci\u00f3n deseada est\u00e1 libre de virus y no supone ninguna amenaza? Para el sitio en s\u00ed, esto tambi\u00e9n es importante, ya que afecta a su fiabilidad y calificaci\u00f3n.<\/p>\n<ol>\n<li>El antivirus ha bloqueado un sitio web potencialmente peligroso;<\/li>\n<li>Hay una redirecci\u00f3n sin motivo;<\/li>\n<li>El tr\u00e1fico del sitio web se ha reducido;<\/li>\n<li>Se ha recibido una alerta de virus de otros usuarios;<\/li>\n<li>El correo es bloqueado por el proveedor de hosting.<\/li>\n<\/ol>\n<p>El servicio Planet VPN permite realizar un r\u00e1pido an\u00e1lisis de virus en l\u00ednea de cualquier recurso web para detectar la presencia de:<\/p>\n<ol>\n<li>C\u00f3digos maliciosos;<\/li>\n<li>Gusanos;<\/li>\n<li>Programas troyanos;<\/li>\n<li>Otros objetos maliciosos.<\/li>\n<\/ol>\n<p>Con el fin de proteger la privacidad del usuario, la VPN busca y elimina los siguientes peligros:<\/p>\n<p><a id=\"qa-dns-link\" class=\"\" href=\"https:\/\/freevpnplanet.com\/es\/dns-check\/\">Comprobaci\u00f3n de fuga de DNS<\/a><br \/><a id=\"qa-ip-address-link\" href=\"https:\/\/freevpnplanet.com\/es\/ip-check\/\">Comprobaci\u00f3n de la direcci\u00f3n IP<\/a><\/p>\n                \n            <\/div>\n        \n                    <div class=\"bg-image-wrapper bg-image-wrapper--desktop left image-align--center\">\n                <figure style='--image-max-width:437px;--image-opacity:1.00;width: calc(50% - 20px)'>\n                    <img decoding=\"async\" width=\"436\" height=\"436\" src=\"https:\/\/freevpnplanet.com\/wp-content\/uploads\/2024\/05\/rvpn-virus.b86bc7a1-20240528_152401_495798.svg\" class=\"bg-image\" alt=\"Background Image for Desktop\" \/>                <\/figure>\n            <\/div>\n        \n                    <div class=\"bg-image-wrapper bg-image-wrapper--mobile regular-image\">\n                <figure style='width: 100%;max-width: 480px;opacity: 1.00;margin-top: 24px'>\n                    <img decoding=\"async\" width=\"436\" height=\"436\" src=\"https:\/\/freevpnplanet.com\/wp-content\/uploads\/2024\/05\/rvpn-virus.b86bc7a1-20240528_152401_495798.svg\" class=\"bg-image\" alt=\"Background Image for Mobile\" \/>                <\/figure>\n            <\/div>\n            <\/div>\n<\/section>\n\n<section class=\"two-col-content custom-block align-full  rtl ratio-normal text image-visible-on-mobile-no\" style='--background-color:var(--background-blue)'>\n\n    <div class=\"gutenberg-block-background\"><\/div>\n    <div class=\"two-col-content__container inner-container\">\n        \n                    <div class=\"two-col-content__description\"><p>Cuando su computadora o dispositivo m\u00f3vil est\u00e1n protegidos, no hay m\u00e1s ataques ni riesgos para el sistema operativo que asusten. Sin embargo, no basta con usar s\u00f3lo software antivirus, que es responsable de la seguridad superficial. El principio de funcionamiento de Planet VPN est\u00e1 organizado de tal manera que no s\u00f3lo se oculta la direcci\u00f3n IP real del usuario, sino que tambi\u00e9n el tr\u00e1fico de informaci\u00f3n est\u00e1 completamente encriptado. Usted podr\u00e1 aplicar la funci\u00f3n de escaneo de virus o la URL de escaneo de virus por separado para evitar que se visiten sitios sospechosos o peligrosos para mantener su propia seguridad.<\/p>\n<p>El esc\u00e1ner de virus en l\u00ednea de Planet VPN proporciona una protecci\u00f3n y privacidad total de los datos del usuario y del dispositivo cuando se utiliza Internet. El tr\u00e1fico se encripta y se dirige a un t\u00fanel seguro, una tecnolog\u00eda especial para garantizar la seguridad de sus datos cuando se transmiten a trav\u00e9s de la red.<\/p>\n<p>Use una red privada virtual para crear un modo an\u00f3nimo combinado con un software antivirus para proporcionar multiprotecci\u00f3n a su PC y no preocuparse por la ciberseguridad en su red.<\/p><\/div>\n        \n                                    <h2 class=\"two-col-content__text\">C\u00d3MO HACER UN AN\u00c1LISIS DE VIRUS DE UN SITIO WEB EN L\u00cdNEA A TRAV\u00c9S DE PLANET VPN<\/h2>\n                    \n            <\/div>\n<\/section>\n\n\n<section class=\"image-text custom-block align-full   mobile-image-bottom mobile-title-center  header-size-medium text-size-small   content-right\" style='overflow: hidden;;;--min-height-mobile:400px;--min-height-desktop:600px;--content-width:60%'>\n\n    <div class=\"gutenberg-block-background\"><\/div>\n    <div class=\"image-text__inner inner-container\">\n\n        \n                    <div class=\"image-text__content\">\n\n                <h2>C\u00d3MO PROTEGER SU TEL\u00c9FONO DE LOS VIRUS &#8211; MEDIDAS DE SEGURIDAD<\/h2>\n\n\n\n<p>Los tel\u00e9fonos inteligentes est\u00e1n ganando popularidad y superioridad sobre los PCs de escritorio. Es especialmente conveniente conectarse a Wi-Fi en un club deportivo, un caf\u00e9, un centro comercial y cualquier otro lugar p\u00fablico, si necesita encontrar urgentemente informaci\u00f3n importante o comunicarse en redes sociales. Sin embargo, la comunicaci\u00f3n tiene lugar a trav\u00e9s de un t\u00fanel no seguro y las personas no autorizadas pueden interceptar f\u00e1cilmente sus datos, lo que perjudica dr\u00e1sticamente su privacidad y seguridad de los datos.<\/p>\n<p>Cuando se conecta a la VPN, se genera un t\u00fanel de conexi\u00f3n seguro para que los datos puedan ser transferidos en secreto de personas no autorizadas. Todos los archivos estar\u00e1n seguros y no habr\u00e1 riesgo de pirater\u00eda o robo.<\/p>\n<p>Planet VPN es una soluci\u00f3n \u00fanica para asegurar sus datos y al mismo tiempo encargarse de la protecci\u00f3n antivirus de su dispositivo m\u00f3vil. Podr\u00e1 conectarse a Internet de forma an\u00f3nima y comprobar simult\u00e1neamente la existencia de virus y de amenazas obvias o potenciales.<\/p>\n                \n            <\/div>\n        \n                    <div class=\"bg-image-wrapper bg-image-wrapper--desktop left image-align--left\">\n                <figure style='--image-max-width:450px;--image-opacity:1.00;width: calc(40% - 20px)'>\n                    <img decoding=\"async\" width=\"451\" height=\"438\" src=\"https:\/\/freevpnplanet.com\/wp-content\/uploads\/2024\/06\/rvpn-phone-shild.af3491b-20240614_135258_408328.svg\" class=\"bg-image\" alt=\"Background Image for Desktop\" \/>                <\/figure>\n            <\/div>\n        \n                    <div class=\"bg-image-wrapper bg-image-wrapper--mobile regular-image\">\n                <figure style='width: 100%;max-width: 480px;opacity: 1.00;margin-top: 24px'>\n                    <img decoding=\"async\" width=\"451\" height=\"438\" src=\"https:\/\/freevpnplanet.com\/wp-content\/uploads\/2024\/06\/rvpn-phone-shild.af3491b-20240614_135258_408328.svg\" class=\"bg-image\" alt=\"Background Image for Mobile\" \/>                <\/figure>\n            <\/div>\n            <\/div>\n<\/section>\n\n<section class=\"two-col-content custom-block align-full  rtl ratio-normal text image-visible-on-mobile-no\" style='--background-color:var(--background-blue)'>\n\n    <div class=\"gutenberg-block-background\"><\/div>\n    <div class=\"two-col-content__container inner-container\">\n        \n                    <div class=\"two-col-content__description\"><p>Aunque los tel\u00e9fonos inteligentes son tecnol\u00f3gicamente avanzados y superiores a las computadoras, siguen siendo vulnerables a los virus y a los objetos peligrosos que pueden penetrar f\u00e1cilmente en el sistema desde la red. Los programas esp\u00eda y los troyanos pueden leer discretamente los datos de los usuarios y pasarlos a los hackers para actividades ilegales. En particular, los objetos maliciosos tienen como objetivo robar contrase\u00f1as, c\u00f3digos de acceso, tarjetas de pago y direcciones de correo electr\u00f3nico. Un dispositivo infectado funciona m\u00e1s lento y el tr\u00e1fico aumenta considerablemente.<\/p>\n<p>El esc\u00e1ner de virus de Planet VPN permite realizar una comprobaci\u00f3n r\u00e1pida y cualitativa &#8211; s\u00f3lo tiene que conectar su tel\u00e9fono inteligente a su PC:<\/p>\n<p>Cree una conexi\u00f3n entre el PC y el tel\u00e9fono inteligente a trav\u00e9s del cable USB y seleccione el modo MTP\/acumulaci\u00f3n a trav\u00e9s del men\u00fa de configuraci\u00f3n;<\/p>\n<p>Copie el archivo de su tel\u00e9fono a su ordenador y escan\u00e9elo en la p\u00e1gina de escaneo.<\/p><\/div>\n        \n                                    <h2 class=\"two-col-content__text\">C\u00d3MO COMPROBAR SI HAY VIRUS EN EL TEL\u00c9FONO A TRAV\u00c9S DEL ORDENADOR<\/h2>\n                    \n                    <div class=\"two-col-content__cta\">\n                            <\/div>\n            <\/div>\n<\/section>","protected":false},"excerpt":{"rendered":"","protected":false},"author":13,"featured_media":0,"parent":0,"menu_order":0,"comment_status":"closed","ping_status":"closed","template":"templates\/page_template-basic_for_gutenberg.php","meta":{"_acf_changed":false,"inline_featured_image":false,"footnotes":""},"download_by_lite_tag":[],"class_list":["post-98509","page","type-page","status-publish","hentry"],"yoast_head":"<!-- This site is optimized with the Yoast SEO plugin v22.6 - https:\/\/yoast.com\/wordpress\/plugins\/seo\/ -->\n<title>Escaneo de virus gratuito: compruebe si hay virus por archivo o URL - Planet VPN<\/title>\n<meta name=\"description\" content=\"Comprobaci\u00f3n de archivos\/enlaces a virus en l\u00ednea a trav\u00e9s de Planet VPN\" \/>\n<meta name=\"robots\" content=\"index, follow, max-snippet:-1, max-image-preview:large, max-video-preview:-1\" \/>\n<link rel=\"canonical\" href=\"https:\/\/freevpnplanet.com\/es\/virus-scan\/\" \/>\n<meta property=\"og:locale\" content=\"es_ES\" \/>\n<meta property=\"og:type\" content=\"article\" \/>\n<meta property=\"og:title\" content=\"Escaneo de virus gratuito: compruebe si hay virus por archivo o URL - Planet VPN\" \/>\n<meta property=\"og:description\" content=\"Comprobaci\u00f3n de archivos\/enlaces a virus en l\u00ednea a trav\u00e9s de Planet VPN\" \/>\n<meta property=\"og:url\" content=\"https:\/\/freevpnplanet.com\/es\/virus-scan\/\" \/>\n<meta property=\"og:site_name\" content=\"Planet VPN\" \/>\n<meta property=\"article:modified_time\" content=\"2026-01-20T12:37:25+00:00\" \/>\n<meta name=\"twitter:card\" content=\"summary_large_image\" \/>\n<script type=\"application\/ld+json\" class=\"yoast-schema-graph\">{\"@context\":\"https:\/\/schema.org\",\"@graph\":[{\"@type\":\"WebPage\",\"@id\":\"https:\/\/freevpnplanet.com\/es\/virus-scan\/\",\"url\":\"https:\/\/freevpnplanet.com\/es\/virus-scan\/\",\"name\":\"Escaneo de virus gratuito: compruebe si hay virus por archivo o URL - Planet VPN\",\"isPartOf\":{\"@id\":\"https:\/\/freevpnplanet.com\/es\/#website\"},\"datePublished\":\"2024-06-03T16:16:22+00:00\",\"dateModified\":\"2026-01-20T12:37:25+00:00\",\"description\":\"Comprobaci\u00f3n de archivos\/enlaces a virus en l\u00ednea a trav\u00e9s de Planet VPN\",\"breadcrumb\":{\"@id\":\"https:\/\/freevpnplanet.com\/es\/virus-scan\/#breadcrumb\"},\"inLanguage\":\"es\",\"potentialAction\":[{\"@type\":\"ReadAction\",\"target\":[\"https:\/\/freevpnplanet.com\/es\/virus-scan\/\"]}]},{\"@type\":\"BreadcrumbList\",\"@id\":\"https:\/\/freevpnplanet.com\/es\/virus-scan\/#breadcrumb\",\"itemListElement\":[{\"@type\":\"ListItem\",\"position\":1,\"name\":\"Home\",\"item\":\"https:\/\/freevpnplanet.com\/es\/\"},{\"@type\":\"ListItem\",\"position\":2,\"name\":\"Virus scan\"}]},{\"@type\":\"WebSite\",\"@id\":\"https:\/\/freevpnplanet.com\/es\/#website\",\"url\":\"https:\/\/freevpnplanet.com\/es\/\",\"name\":\"Planet VPN \ud83d\udee1\ufe0f\ud83c\udf10 Free VPN\",\"description\":\"Free VPN\",\"potentialAction\":[{\"@type\":\"SearchAction\",\"target\":{\"@type\":\"EntryPoint\",\"urlTemplate\":\"https:\/\/freevpnplanet.com\/es\/?s={search_term_string}\"},\"query-input\":\"required name=search_term_string\"}],\"inLanguage\":\"es\",\"publisher\":{\"@id\":\"https:\/\/freevpnplanet.com\/es\/#organization\"}},{\"@context\":\"https:\/\/schema.org\/\",\"@type\":\"SoftwareApplication\",\"name\":\"Planet VPN \ud83d\udee1\ufe0f\ud83c\udf10 Free VPN\",\"operatingSystem\":\"Windows, macOS, iOS, Android, Linux, Chrome\",\"applicationCategory\":\"SecurityApplication\",\"offers\":{\"@type\":\"AggregateOffer\",\"priceCurrency\":\"USD\",\"price\":\"0\",\"lowPrice\":\"0\",\"availability\":\"https:\/\/schema.org\/InStock\"},\"aggregateRating\":{\"@type\":\"AggregateRating\",\"ratingValue\":\"4.8\",\"bestRating\":\"5\",\"ratingCount\":\"12476\"}},{\"@type\":\"Organization\",\"@id\":\"https:\/\/freevpnplanet.com\/es\/#organization\",\"url\":\"https:\/\/freevpnplanet.com\/es\/\",\"name\":\"Planet VPN \ud83d\udee1\ufe0f\ud83c\udf10 Free VPN\"}]}<\/script>\n<!-- \/ Yoast SEO plugin. -->","yoast_head_json":{"title":"Escaneo de virus gratuito: compruebe si hay virus por archivo o URL - Planet VPN","description":"Comprobaci\u00f3n de archivos\/enlaces a virus en l\u00ednea a trav\u00e9s de Planet VPN","robots":{"index":"index","follow":"follow","max-snippet":"max-snippet:-1","max-image-preview":"max-image-preview:large","max-video-preview":"max-video-preview:-1"},"canonical":"https:\/\/freevpnplanet.com\/es\/virus-scan\/","og_locale":"es_ES","og_type":"article","og_title":"Escaneo de virus gratuito: compruebe si hay virus por archivo o URL - Planet VPN","og_description":"Comprobaci\u00f3n de archivos\/enlaces a virus en l\u00ednea a trav\u00e9s de Planet VPN","og_url":"https:\/\/freevpnplanet.com\/es\/virus-scan\/","og_site_name":"Planet VPN","article_modified_time":"2026-01-20T12:37:25+00:00","twitter_card":"summary_large_image","schema":{"@context":"https:\/\/schema.org","@graph":[{"@type":"WebPage","@id":"https:\/\/freevpnplanet.com\/es\/virus-scan\/","url":"https:\/\/freevpnplanet.com\/es\/virus-scan\/","name":"Escaneo de virus gratuito: compruebe si hay virus por archivo o URL - Planet VPN","isPartOf":{"@id":"https:\/\/freevpnplanet.com\/es\/#website"},"datePublished":"2024-06-03T16:16:22+00:00","dateModified":"2026-01-20T12:37:25+00:00","description":"Comprobaci\u00f3n de archivos\/enlaces a virus en l\u00ednea a trav\u00e9s de Planet VPN","breadcrumb":{"@id":"https:\/\/freevpnplanet.com\/es\/virus-scan\/#breadcrumb"},"inLanguage":"es","potentialAction":[{"@type":"ReadAction","target":["https:\/\/freevpnplanet.com\/es\/virus-scan\/"]}]},{"@type":"BreadcrumbList","@id":"https:\/\/freevpnplanet.com\/es\/virus-scan\/#breadcrumb","itemListElement":[{"@type":"ListItem","position":1,"name":"Home","item":"https:\/\/freevpnplanet.com\/es\/"},{"@type":"ListItem","position":2,"name":"Virus scan"}]},{"@type":"WebSite","@id":"https:\/\/freevpnplanet.com\/es\/#website","url":"https:\/\/freevpnplanet.com\/es\/","name":"Planet VPN \ud83d\udee1\ufe0f\ud83c\udf10 Free VPN","description":"Free VPN","potentialAction":[{"@type":"SearchAction","target":{"@type":"EntryPoint","urlTemplate":"https:\/\/freevpnplanet.com\/es\/?s={search_term_string}"},"query-input":"required name=search_term_string"}],"inLanguage":"es","publisher":{"@id":"https:\/\/freevpnplanet.com\/es\/#organization"}},{"@context":"https:\/\/schema.org\/","@type":"SoftwareApplication","name":"Planet VPN \ud83d\udee1\ufe0f\ud83c\udf10 Free VPN","operatingSystem":"Windows, macOS, iOS, Android, Linux, Chrome","applicationCategory":"SecurityApplication","offers":{"@type":"AggregateOffer","priceCurrency":"USD","price":"0","lowPrice":"0","availability":"https:\/\/schema.org\/InStock"},"aggregateRating":{"@type":"AggregateRating","ratingValue":"4.8","bestRating":"5","ratingCount":"12476"}},{"@type":"Organization","@id":"https:\/\/freevpnplanet.com\/es\/#organization","url":"https:\/\/freevpnplanet.com\/es\/","name":"Planet VPN \ud83d\udee1\ufe0f\ud83c\udf10 Free VPN"}]}},"acf":[],"_links":{"self":[{"href":"https:\/\/freevpnplanet.com\/es\/wp-json\/wp\/v2\/pages\/98509","targetHints":{"allow":["GET"]}}],"collection":[{"href":"https:\/\/freevpnplanet.com\/es\/wp-json\/wp\/v2\/pages"}],"about":[{"href":"https:\/\/freevpnplanet.com\/es\/wp-json\/wp\/v2\/types\/page"}],"author":[{"embeddable":true,"href":"https:\/\/freevpnplanet.com\/es\/wp-json\/wp\/v2\/users\/13"}],"replies":[{"embeddable":true,"href":"https:\/\/freevpnplanet.com\/es\/wp-json\/wp\/v2\/comments?post=98509"}],"version-history":[{"count":1,"href":"https:\/\/freevpnplanet.com\/es\/wp-json\/wp\/v2\/pages\/98509\/revisions"}],"predecessor-version":[{"id":189474,"href":"https:\/\/freevpnplanet.com\/es\/wp-json\/wp\/v2\/pages\/98509\/revisions\/189474"}],"wp:attachment":[{"href":"https:\/\/freevpnplanet.com\/es\/wp-json\/wp\/v2\/media?parent=98509"}],"wp:term":[{"taxonomy":"download_by_lite_tag","embeddable":true,"href":"https:\/\/freevpnplanet.com\/es\/wp-json\/wp\/v2\/download_by_lite_tag?post=98509"}],"curies":[{"name":"wp","href":"https:\/\/api.w.org\/{rel}","templated":true}]}}