{"id":98640,"date":"2024-05-23T15:29:22","date_gmt":"2024-05-23T12:29:22","guid":{"rendered":"https:\/\/help.freeplanetvpn.com\/no-logs-vpn-policy\/"},"modified":"2026-01-20T14:51:57","modified_gmt":"2026-01-20T11:51:57","slug":"no-logs-vpn-policy","status":"publish","type":"page","link":"https:\/\/freevpnplanet.com\/es\/no-logs-vpn-policy\/","title":{"rendered":"No logs VPN Policy"},"content":{"rendered":"\n<section class=\"jurisdiction custom-block align-none \" style='--background-color:var(--background-blue)'>\n\n    <div class=\"gutenberg-block-background\"><\/div>\n    <div class=\"jurisdiction__inner inner-container\">\n                    <div class=\"jurisdiction__content\">\n                                    <h1 class=\"jurisdiction__content-title\"> Pol\u00edtica de No Registros de Planet VPN <\/h1>\n                \n                <p class=\"jurisdiction__content-desc\"><p>Planet VPN opera bajo la jurisdicci\u00f3n de Rumania, lo que nos permite no almacenar registros de la actividad en l\u00ednea de nuestros usuarios, las fechas de conexi\u00f3n, las direcciones IP ni ning\u00fan otro dato sensible.<\/p>\n<p>Rumania es parte de la Uni\u00f3n Europea y no pertenece a ninguna alianza de vigilancia como los 5 Ojos, 9 Ojos o 14 Ojos. De hecho, en 2011, el Senado rumano rechaz\u00f3 por unanimidad una ley que pretend\u00eda obligar al almacenamiento de datos.<\/p>\n<p>Cuando utilizas Planet VPN, tu informaci\u00f3n personal est\u00e1 completamente segura. La legislaci\u00f3n rumana no nos exige monitorear a nuestros usuarios.<\/p>\n<p>Nuestra empresa no tiene ninguna obligaci\u00f3n de cooperar con agencias de inteligencia, lo que nos permite respetar al m\u00e1ximo la privacidad de nuestros usuarios.<\/p><\/p>\n\n                                    <div class=\"image-text__cta\">\n                        <a href=\"\/es\/plans\/\" target=\"_self\" id=\"qa-no-logs-policy-btn\" class=\"cta download-by-platform cta--with-border cta-size--small cta-mt--initial icon-position--icon-left\" style=\"--border-radius:40px\"><span class=\"cta__name\">Descarga gratis<\/span><\/a>                    <\/div>\n                            <\/div>\n                            <div class=\"jurisdiction__list\">\n                                    <div class=\"jurisdiction__item\">\n                                                    <figure>\n                                <img decoding=\"async\" width=\"100\" height=\"104\" src=\"https:\/\/freevpnplanet.com\/wp-content\/uploads\/2024\/09\/pasport_4847d96.svg\" class=\"jurisdiction__item-img\" alt=\"\" \/>                            <\/figure>\n                        \n                                                    <p class=\"jurisdiction__item-text\">Nunca te pediremos informaci\u00f3n personal adicional, solo necesitamos tu direcci\u00f3n de correo electr\u00f3nico.<\/p>\n                                            <\/div>\n                                    <div class=\"jurisdiction__item\">\n                                                    <figure>\n                                <img decoding=\"async\" width=\"99\" height=\"104\" src=\"https:\/\/freevpnplanet.com\/wp-content\/uploads\/2024\/09\/anon_741e52b.svg\" class=\"jurisdiction__item-img\" alt=\"\" \/>                            <\/figure>\n                        \n                                                    <p class=\"jurisdiction__item-text\">Ofrecemos varias opciones de pago, incluyendo m\u00e9todos completamente an\u00f3nimos, como criptomonedas.<\/p>\n                                            <\/div>\n                                    <div class=\"jurisdiction__item\">\n                                                    <figure>\n                                <img decoding=\"async\" width=\"104\" height=\"104\" src=\"https:\/\/freevpnplanet.com\/wp-content\/uploads\/2025\/03\/info.png\" class=\"jurisdiction__item-img\" alt=\"\" \/>                            <\/figure>\n                        \n                                                    <p class=\"jurisdiction__item-text\">Bajo la legislaci\u00f3n rumana, no estamos obligados a rastrear la actividad de nuestros usuarios.<\/p>\n                                            <\/div>\n                            <\/div>\n            <\/div>\n<\/section>\n\n\n<div class=\"wp-block-group alignfull has-background is-layout-constrained wp-block-group-is-layout-constrained\" style=\"background-color:#2f77d4\">\n<section class=\"image-text custom-block align-none   mobile-image-bottom mobile-title-center  header-size-medium text-size-small   content-right\" style='overflow: hidden;;--text-color:var(--white);--min-height-mobile:400px;--min-height-desktop:617px;--content-width:52%'>\n\n    <div class=\"gutenberg-block-background\"><\/div>\n    <div class=\"image-text__inner inner-container\">\n\n        \n                    <div class=\"image-text__content\">\n\n                <h2>\u00bfCU\u00c1LES SON LAS VENTAJAS DE PLANET VPN PARA EVADIR EL BLOQUEO DE SITIOS WEB?<\/h2>\n\n\n<ul class=\"list-style\">\n<li>Tenemos servidores en muchos pa\u00edses: Australia, Bulgaria, Canad\u00e1, Rep\u00fablica Checa, China, Estonia, Francia, Alemania, Letonia, Lituania, Rusia, Singapur, Suecia, Ucrania, Reino Unido, Estados Unidos<\/li>\n<li>Cada servidor VPN tiene su propio DNS del mismo pa\u00eds<\/li>\n<li>Puedes editar enlaces manualmente<\/li>\n<li>El espacio de direcciones de los servidores est\u00e1 en constante expansi\u00f3n<\/li>\n<li>Contamos con protocolos VPN seguros y servidores cifrados distribuidos por todo el mundo.<\/li>\n<\/ul>\n                                    <div class=\"image-text__cta\">\n                        <a href=\"\/es\/plans\/\" target=\"_self\" id=\"qa-banner-cta\" class=\"cta download-by-platform cta--with-border cta-size--small cta-mt--initial icon-position--icon-left\" style=\"--border-radius:40px\"><span class=\"cta__name\">Descarga gratis<\/span><\/a>                    <\/div>\n                \n            <\/div>\n        \n                    <div class=\"bg-image-wrapper bg-image-wrapper--desktop left image-align--center\">\n                <figure style='--image-max-width:1000px;--image-opacity:1.00;width: calc(46% - 20px)'>\n                    <img decoding=\"async\" width=\"1140\" height=\"1140\" src=\"https:\/\/freevpnplanet.com\/wp-content\/uploads\/2024\/05\/rvpn-rvpn-rvpn-map-20240410-114426-568830-20240507-185226-3669051-20240523_161432_363003.png\" class=\"bg-image\" alt=\"Background Image for Desktop\" \/>                <\/figure>\n            <\/div>\n        \n                    <div class=\"bg-image-wrapper bg-image-wrapper--mobile regular-image\">\n                <figure style='width: 100%;max-width: 480px;opacity: 1.00;margin-top: 24px'>\n                    <img decoding=\"async\" width=\"1140\" height=\"1140\" src=\"https:\/\/freevpnplanet.com\/wp-content\/uploads\/2024\/05\/rvpn-rvpn-rvpn-map-20240410-114426-568830-20240507-185226-3669051-20240523_161432_363003.png\" class=\"bg-image\" alt=\"Background Image for Mobile\" \/>                <\/figure>\n            <\/div>\n            <\/div>\n<\/section><\/div>\n","protected":false},"excerpt":{"rendered":"","protected":false},"author":39,"featured_media":0,"parent":0,"menu_order":0,"comment_status":"closed","ping_status":"closed","template":"templates\/page_template-basic_for_gutenberg.php","meta":{"_acf_changed":false,"inline_featured_image":false,"footnotes":""},"download_by_lite_tag":[],"class_list":["post-98640","page","type-page","status-publish","hentry"],"yoast_head":"<!-- This site is optimized with the Yoast SEO plugin v22.6 - https:\/\/yoast.com\/wordpress\/plugins\/seo\/ -->\n<title>La mejor VPN sin registros - vpn gratis sin registros - Planet VPN<\/title>\n<meta name=\"description\" content=\"VPN an\u00f3nima sin registros. Planet VPN utiliza algoritmos avanzados de encriptaci\u00f3n segura.\" \/>\n<meta name=\"robots\" content=\"index, follow, max-snippet:-1, max-image-preview:large, max-video-preview:-1\" \/>\n<link rel=\"canonical\" href=\"https:\/\/freevpnplanet.com\/es\/no-logs-vpn-policy\/\" \/>\n<meta property=\"og:locale\" content=\"es_ES\" \/>\n<meta property=\"og:type\" content=\"article\" \/>\n<meta property=\"og:title\" content=\"La mejor VPN sin registros - vpn gratis sin registros - Planet VPN\" \/>\n<meta property=\"og:description\" content=\"VPN an\u00f3nima sin registros. Planet VPN utiliza algoritmos avanzados de encriptaci\u00f3n segura.\" \/>\n<meta property=\"og:url\" content=\"https:\/\/freevpnplanet.com\/es\/no-logs-vpn-policy\/\" \/>\n<meta property=\"og:site_name\" content=\"Planet VPN\" \/>\n<meta property=\"article:modified_time\" content=\"2026-01-20T11:51:57+00:00\" \/>\n<meta name=\"twitter:card\" content=\"summary_large_image\" \/>\n<script type=\"application\/ld+json\" class=\"yoast-schema-graph\">{\"@context\":\"https:\/\/schema.org\",\"@graph\":[{\"@type\":\"WebPage\",\"@id\":\"https:\/\/freevpnplanet.com\/es\/no-logs-vpn-policy\/\",\"url\":\"https:\/\/freevpnplanet.com\/es\/no-logs-vpn-policy\/\",\"name\":\"La mejor VPN sin registros - vpn gratis sin registros - Planet VPN\",\"isPartOf\":{\"@id\":\"https:\/\/freevpnplanet.com\/es\/#website\"},\"datePublished\":\"2024-05-23T12:29:22+00:00\",\"dateModified\":\"2026-01-20T11:51:57+00:00\",\"description\":\"VPN an\u00f3nima sin registros. Planet VPN utiliza algoritmos avanzados de encriptaci\u00f3n segura.\",\"breadcrumb\":{\"@id\":\"https:\/\/freevpnplanet.com\/es\/no-logs-vpn-policy\/#breadcrumb\"},\"inLanguage\":\"es\",\"potentialAction\":[{\"@type\":\"ReadAction\",\"target\":[\"https:\/\/freevpnplanet.com\/es\/no-logs-vpn-policy\/\"]}]},{\"@type\":\"BreadcrumbList\",\"@id\":\"https:\/\/freevpnplanet.com\/es\/no-logs-vpn-policy\/#breadcrumb\",\"itemListElement\":[{\"@type\":\"ListItem\",\"position\":1,\"name\":\"Home\",\"item\":\"https:\/\/freevpnplanet.com\/es\/\"},{\"@type\":\"ListItem\",\"position\":2,\"name\":\"No logs VPN Policy\"}]},{\"@type\":\"WebSite\",\"@id\":\"https:\/\/freevpnplanet.com\/es\/#website\",\"url\":\"https:\/\/freevpnplanet.com\/es\/\",\"name\":\"Planet VPN \ud83d\udee1\ufe0f\ud83c\udf10 Free VPN\",\"description\":\"Free VPN\",\"potentialAction\":[{\"@type\":\"SearchAction\",\"target\":{\"@type\":\"EntryPoint\",\"urlTemplate\":\"https:\/\/freevpnplanet.com\/es\/?s={search_term_string}\"},\"query-input\":\"required name=search_term_string\"}],\"inLanguage\":\"es\",\"publisher\":{\"@id\":\"https:\/\/freevpnplanet.com\/es\/#organization\"}},{\"@context\":\"https:\/\/schema.org\/\",\"@type\":\"SoftwareApplication\",\"name\":\"Planet VPN \ud83d\udee1\ufe0f\ud83c\udf10 Free VPN\",\"operatingSystem\":\"Windows, macOS, iOS, Android, Linux, Chrome\",\"applicationCategory\":\"SecurityApplication\",\"offers\":{\"@type\":\"AggregateOffer\",\"priceCurrency\":\"USD\",\"price\":\"0\",\"lowPrice\":\"0\",\"availability\":\"https:\/\/schema.org\/InStock\"},\"aggregateRating\":{\"@type\":\"AggregateRating\",\"ratingValue\":\"4.8\",\"bestRating\":\"5\",\"ratingCount\":\"12476\"}},{\"@type\":\"Organization\",\"@id\":\"https:\/\/freevpnplanet.com\/es\/#organization\",\"url\":\"https:\/\/freevpnplanet.com\/es\/\",\"name\":\"Planet VPN \ud83d\udee1\ufe0f\ud83c\udf10 Free VPN\"}]}<\/script>\n<!-- \/ Yoast SEO plugin. -->","yoast_head_json":{"title":"La mejor VPN sin registros - vpn gratis sin registros - Planet VPN","description":"VPN an\u00f3nima sin registros. Planet VPN utiliza algoritmos avanzados de encriptaci\u00f3n segura.","robots":{"index":"index","follow":"follow","max-snippet":"max-snippet:-1","max-image-preview":"max-image-preview:large","max-video-preview":"max-video-preview:-1"},"canonical":"https:\/\/freevpnplanet.com\/es\/no-logs-vpn-policy\/","og_locale":"es_ES","og_type":"article","og_title":"La mejor VPN sin registros - vpn gratis sin registros - Planet VPN","og_description":"VPN an\u00f3nima sin registros. Planet VPN utiliza algoritmos avanzados de encriptaci\u00f3n segura.","og_url":"https:\/\/freevpnplanet.com\/es\/no-logs-vpn-policy\/","og_site_name":"Planet VPN","article_modified_time":"2026-01-20T11:51:57+00:00","twitter_card":"summary_large_image","schema":{"@context":"https:\/\/schema.org","@graph":[{"@type":"WebPage","@id":"https:\/\/freevpnplanet.com\/es\/no-logs-vpn-policy\/","url":"https:\/\/freevpnplanet.com\/es\/no-logs-vpn-policy\/","name":"La mejor VPN sin registros - vpn gratis sin registros - Planet VPN","isPartOf":{"@id":"https:\/\/freevpnplanet.com\/es\/#website"},"datePublished":"2024-05-23T12:29:22+00:00","dateModified":"2026-01-20T11:51:57+00:00","description":"VPN an\u00f3nima sin registros. Planet VPN utiliza algoritmos avanzados de encriptaci\u00f3n segura.","breadcrumb":{"@id":"https:\/\/freevpnplanet.com\/es\/no-logs-vpn-policy\/#breadcrumb"},"inLanguage":"es","potentialAction":[{"@type":"ReadAction","target":["https:\/\/freevpnplanet.com\/es\/no-logs-vpn-policy\/"]}]},{"@type":"BreadcrumbList","@id":"https:\/\/freevpnplanet.com\/es\/no-logs-vpn-policy\/#breadcrumb","itemListElement":[{"@type":"ListItem","position":1,"name":"Home","item":"https:\/\/freevpnplanet.com\/es\/"},{"@type":"ListItem","position":2,"name":"No logs VPN Policy"}]},{"@type":"WebSite","@id":"https:\/\/freevpnplanet.com\/es\/#website","url":"https:\/\/freevpnplanet.com\/es\/","name":"Planet VPN \ud83d\udee1\ufe0f\ud83c\udf10 Free VPN","description":"Free VPN","potentialAction":[{"@type":"SearchAction","target":{"@type":"EntryPoint","urlTemplate":"https:\/\/freevpnplanet.com\/es\/?s={search_term_string}"},"query-input":"required name=search_term_string"}],"inLanguage":"es","publisher":{"@id":"https:\/\/freevpnplanet.com\/es\/#organization"}},{"@context":"https:\/\/schema.org\/","@type":"SoftwareApplication","name":"Planet VPN \ud83d\udee1\ufe0f\ud83c\udf10 Free VPN","operatingSystem":"Windows, macOS, iOS, Android, Linux, Chrome","applicationCategory":"SecurityApplication","offers":{"@type":"AggregateOffer","priceCurrency":"USD","price":"0","lowPrice":"0","availability":"https:\/\/schema.org\/InStock"},"aggregateRating":{"@type":"AggregateRating","ratingValue":"4.8","bestRating":"5","ratingCount":"12476"}},{"@type":"Organization","@id":"https:\/\/freevpnplanet.com\/es\/#organization","url":"https:\/\/freevpnplanet.com\/es\/","name":"Planet VPN \ud83d\udee1\ufe0f\ud83c\udf10 Free VPN"}]}},"acf":[],"_links":{"self":[{"href":"https:\/\/freevpnplanet.com\/es\/wp-json\/wp\/v2\/pages\/98640","targetHints":{"allow":["GET"]}}],"collection":[{"href":"https:\/\/freevpnplanet.com\/es\/wp-json\/wp\/v2\/pages"}],"about":[{"href":"https:\/\/freevpnplanet.com\/es\/wp-json\/wp\/v2\/types\/page"}],"author":[{"embeddable":true,"href":"https:\/\/freevpnplanet.com\/es\/wp-json\/wp\/v2\/users\/39"}],"replies":[{"embeddable":true,"href":"https:\/\/freevpnplanet.com\/es\/wp-json\/wp\/v2\/comments?post=98640"}],"version-history":[{"count":6,"href":"https:\/\/freevpnplanet.com\/es\/wp-json\/wp\/v2\/pages\/98640\/revisions"}],"predecessor-version":[{"id":158726,"href":"https:\/\/freevpnplanet.com\/es\/wp-json\/wp\/v2\/pages\/98640\/revisions\/158726"}],"wp:attachment":[{"href":"https:\/\/freevpnplanet.com\/es\/wp-json\/wp\/v2\/media?parent=98640"}],"wp:term":[{"taxonomy":"download_by_lite_tag","embeddable":true,"href":"https:\/\/freevpnplanet.com\/es\/wp-json\/wp\/v2\/download_by_lite_tag?post=98640"}],"curies":[{"name":"wp","href":"https:\/\/api.w.org\/{rel}","templated":true}]}}