{"id":99295,"date":"2024-05-31T15:55:49","date_gmt":"2024-05-31T12:55:49","guid":{"rendered":"https:\/\/help.freeplanetvpn.com\/password-generator\/"},"modified":"2026-01-20T15:56:37","modified_gmt":"2026-01-20T12:56:37","slug":"password-generator","status":"publish","type":"page","link":"https:\/\/freevpnplanet.com\/es\/password-generator\/","title":{"rendered":"Password generator"},"content":{"rendered":"\n<section class=\"tools-hero\">\n  <div class=\"tools-hero__inner container\">\n\n    <div class=\"password-generator__wrapper\">\n      <div class=\"password-generator\">\n                  <div class=\"password-generator__text\"><h1 class=\"passGen-title\">Generador de contrase\u00f1as en l\u00ednea: seguro, aleatorio y fuerte<\/h1>\n<p class=\"passGen-description\">Genere una contrase\u00f1a segura con nuestro generador de contrase\u00f1as. No lo deje para m\u00e1s tarde, reduzca los riesgos de seguridad generando una contrase\u00f1a segura.<\/p><\/div>\n        \n        <div class=\"password-generator__result\">\n          <div class=\"password-generator__password\">\n            <input id=\"password\" type=\"text\" class=\"password-generator__input\" readonly>\n            <button id=\"qa-generate-password\" type=\"button\" class=\"password-generator__generate\" aria-label=\"Generar\"><\/button>\n            <button id=\"qa-copy-password\" type=\"button\" class=\"password-generator__copy\" aria-label=\"Copiar\"><\/button>\n          <\/div>\n\n          <div id=\"qa-copied-message\" class=\"password-generator__msg\"><\/div>\n          <script>\n            window.success_copied_message = '';\n            window.error_copied_message = '';\n          <\/script>\n          <div class=\"password-generator__power\">\n            <span>D\u00e9bil<\/span>\n            <span>Fuerte<\/span>\n            <b class=\"password-generator__power-line\" style=\"--width:0\"><\/b>\n          <\/div>\n        <\/div>\n\n        <form name=\"passwordGenerator\" method=\"post\" action=\"\" class=\"password-generator__form\">\n          <h2>Configuraciones<\/h2>\n          <div class=\"password-generator__characters\">\n            <b>Tipo de car\u00e1cter<\/b>\n            <label>\n              <input id=\"upperCaseCheckBox\" type=\"checkbox\" name=\"lettersUppercase\" checked \/>\n              <span>May\u00fasculas<\/span>\n            <\/label>\n            <label>\n              <input id=\"lowerCaseCheckBox\" type=\"checkbox\" name=\"lettersLowercase\" checked \/>\n              <span>Min\u00fasculas<\/span>\n            <\/label>\n          <\/div>\n\n          <div class=\"password-generator__slider\">\n            <b>Longitud <span class=\"password-generator__lengthValue-span\">12<\/span><\/b>\n            <label>\n              <input id=\"qa-length\" type=\"range\" min=\"6\" max=\"20\" value=\"12\" name=\"lengthValue\" \/>\n            <\/label>\n          <\/div>\n\n          <div class=\"password-generator__slider\">\n            <b>D\u00edgitos <span class=\"password-generator__digitsValue-span\">4<\/span><\/b>\n            <label>\n              <input id=\"qa-digits\" type=\"range\" min=\"0\" max=\"20\" value=\"4\" name=\"digitsValue\" \/>\n            <\/label>\n          <\/div>\n\n          <div class=\"password-generator__slider\">\n            <b>S\u00edmbolos <span class=\"password-generator__symbolsValue-span\">2<\/span><\/b>\n            <label>\n              <input id=\"qa-symbols\" type=\"range\" min=\"0\" max=\"20\" value=\"2\" name=\"symbolsValue\" \/>\n            <\/label>\n          <\/div>\n\n        <\/form>\n      <\/div>\n\n    <\/div>\n  <\/div>\n\n  <div class=\"tools-hero__menu\"><ul id=\"menu-tools-menu-spanish\" class=\"menu\"><li id=\"menu-item-117479\" class=\"menu-item menu-item-type-post_type menu-item-object-page menu-item-117479\"><a href=\"https:\/\/freevpnplanet.com\/es\/dns-check\/\">Prueba de fugas de DNS<\/a><\/li>\n<li id=\"menu-item-117480\" class=\"menu-item menu-item-type-post_type menu-item-object-page menu-item-117480\"><a href=\"https:\/\/freevpnplanet.com\/es\/web-rtc\/\">Prueba de fugas de WebRTC<\/a><\/li>\n<li id=\"menu-item-117510\" class=\"menu-item menu-item-type-post_type menu-item-object-page menu-item-117510\"><a href=\"https:\/\/freevpnplanet.com\/es\/virus-scan\/\">Escaneo de virus<\/a><\/li>\n<li id=\"menu-item-117511\" class=\"menu-item menu-item-type-post_type menu-item-object-page menu-item-117511\"><a href=\"https:\/\/freevpnplanet.com\/es\/ip-check\/\">\u00bfCu\u00e1l es mi IP?<\/a><\/li>\n<li id=\"menu-item-117512\" class=\"menu-item menu-item-type-post_type menu-item-object-page menu-item-117512\"><a href=\"https:\/\/freevpnplanet.com\/es\/password-generator\/\">Generador de contrase\u00f1as<\/a><\/li>\n<\/ul><\/div>\n<\/section>\n\n<section class=\"two-col-content custom-block align-full  rtl ratio-normal text image-visible-on-mobile-no\" style='--background-color:var(--background-blue)'>\n\n    <div class=\"gutenberg-block-background\"><\/div>\n    <div class=\"two-col-content__container inner-container\">\n        \n                    <div class=\"two-col-content__description\"><p>El generador de contrase\u00f1as en l\u00ednea es una herramienta gratuita para crear contrase\u00f1as \u00fanicas y complejas. Perfecto para aquellos que quieren tener una contrase\u00f1a segura para registrarse en sitios web, tiendas o diferentes servicios en l\u00ednea.<\/p>\n<p>Adem\u00e1s, puede configurar la contrase\u00f1a s\u00f3lo para usted, usando diferentes configuraciones. Todas las contrase\u00f1as se generan aleatoriamente, lo que garantiza una mayor seguridad.<\/p>\n<p>Utilice nuestro generador para crear una contrase\u00f1a segura. En primer lugar, establezca la longitud de la contrase\u00f1a (recomendamos al menos 8 caracteres) y, a continuaci\u00f3n, elija la complejidad de la contrase\u00f1a. Compruebe si se utilizar\u00e1n s\u00f3lo may\u00fasculas o min\u00fasculas. Especifique cu\u00e1ntos n\u00fameros habr\u00e1 en la contrase\u00f1a y cu\u00e1ntos otros caracteres, si son necesarios. Nuestro generador de contrase\u00f1as en l\u00ednea generar\u00e1 autom\u00e1ticamente una contrase\u00f1a al azar de acuerdo con sus par\u00e1metros y usted s\u00f3lo tendr\u00e1 que copiarla.<\/p>\n<p>Si de repente la contrase\u00f1a le parece olvidable o simplemente no encaja, siempre puede hacer clic en el bot\u00f3n de generaci\u00f3n de nueva contrase\u00f1a o cambiar la configuraci\u00f3n.<\/p>\n<blockquote>\n<p>Por favor, tenga en cuenta: la contrase\u00f1a se genera en su dispositivo, por lo que ni siquiera nosotros podemos conocerla. Y para que nadie pueda interceptar su contrase\u00f1a segura en la red cuando la introduzca en cualquier sitio, utilice nuestro servicio VPN con cifrado fuerte.<\/p>\n<\/blockquote><\/div>\n        \n                                    <h2 class=\"two-col-content__text\">\u00bfC\u00d3MO CREAR UNA CONTRASE\u00d1A SEGURA?<\/h2>\n                    \n            <\/div>\n<\/section>","protected":false},"excerpt":{"rendered":"","protected":false},"author":13,"featured_media":0,"parent":0,"menu_order":0,"comment_status":"closed","ping_status":"closed","template":"templates\/page_template-basic_for_gutenberg.php","meta":{"_acf_changed":false,"inline_featured_image":false,"footnotes":""},"download_by_lite_tag":[],"class_list":["post-99295","page","type-page","status-publish","hentry"],"yoast_head":"<!-- This site is optimized with the Yoast SEO plugin v22.6 - https:\/\/yoast.com\/wordpress\/plugins\/seo\/ -->\n<title>Generador de contrase\u00f1as - contrase\u00f1a segura y aleatoria - Planet VPN<\/title>\n<meta name=\"description\" content=\"Genera una contrase\u00f1a fuerte con nuestro generador de contrase\u00f1as. No la posponga, reduzca los riesgos de seguridad generando una contrase\u00f1a fuerte.\" \/>\n<meta name=\"robots\" content=\"index, follow, max-snippet:-1, max-image-preview:large, max-video-preview:-1\" \/>\n<link rel=\"canonical\" href=\"https:\/\/freevpnplanet.com\/es\/password-generator\/\" \/>\n<meta property=\"og:locale\" content=\"es_ES\" \/>\n<meta property=\"og:type\" content=\"article\" \/>\n<meta property=\"og:title\" content=\"Generador de contrase\u00f1as - contrase\u00f1a segura y aleatoria - Planet VPN\" \/>\n<meta property=\"og:description\" content=\"Genera una contrase\u00f1a fuerte con nuestro generador de contrase\u00f1as. No la posponga, reduzca los riesgos de seguridad generando una contrase\u00f1a fuerte.\" \/>\n<meta property=\"og:url\" content=\"https:\/\/freevpnplanet.com\/es\/password-generator\/\" \/>\n<meta property=\"og:site_name\" content=\"Planet VPN\" \/>\n<meta property=\"article:modified_time\" content=\"2026-01-20T12:56:37+00:00\" \/>\n<meta name=\"twitter:card\" content=\"summary_large_image\" \/>\n<script type=\"application\/ld+json\" class=\"yoast-schema-graph\">{\"@context\":\"https:\/\/schema.org\",\"@graph\":[{\"@type\":\"WebPage\",\"@id\":\"https:\/\/freevpnplanet.com\/es\/password-generator\/\",\"url\":\"https:\/\/freevpnplanet.com\/es\/password-generator\/\",\"name\":\"Generador de contrase\u00f1as - contrase\u00f1a segura y aleatoria - Planet VPN\",\"isPartOf\":{\"@id\":\"https:\/\/freevpnplanet.com\/es\/#website\"},\"datePublished\":\"2024-05-31T12:55:49+00:00\",\"dateModified\":\"2026-01-20T12:56:37+00:00\",\"description\":\"Genera una contrase\u00f1a fuerte con nuestro generador de contrase\u00f1as. No la posponga, reduzca los riesgos de seguridad generando una contrase\u00f1a fuerte.\",\"breadcrumb\":{\"@id\":\"https:\/\/freevpnplanet.com\/es\/password-generator\/#breadcrumb\"},\"inLanguage\":\"es\",\"potentialAction\":[{\"@type\":\"ReadAction\",\"target\":[\"https:\/\/freevpnplanet.com\/es\/password-generator\/\"]}]},{\"@type\":\"BreadcrumbList\",\"@id\":\"https:\/\/freevpnplanet.com\/es\/password-generator\/#breadcrumb\",\"itemListElement\":[{\"@type\":\"ListItem\",\"position\":1,\"name\":\"Home\",\"item\":\"https:\/\/freevpnplanet.com\/es\/\"},{\"@type\":\"ListItem\",\"position\":2,\"name\":\"Password generator\"}]},{\"@type\":\"WebSite\",\"@id\":\"https:\/\/freevpnplanet.com\/es\/#website\",\"url\":\"https:\/\/freevpnplanet.com\/es\/\",\"name\":\"Planet VPN \ud83d\udee1\ufe0f\ud83c\udf10 Free VPN\",\"description\":\"Free VPN\",\"potentialAction\":[{\"@type\":\"SearchAction\",\"target\":{\"@type\":\"EntryPoint\",\"urlTemplate\":\"https:\/\/freevpnplanet.com\/es\/?s={search_term_string}\"},\"query-input\":\"required name=search_term_string\"}],\"inLanguage\":\"es\",\"publisher\":{\"@id\":\"https:\/\/freevpnplanet.com\/es\/#organization\"}},{\"@context\":\"https:\/\/schema.org\/\",\"@type\":\"SoftwareApplication\",\"name\":\"Planet VPN \ud83d\udee1\ufe0f\ud83c\udf10 Free VPN\",\"operatingSystem\":\"Windows, macOS, iOS, Android, Linux, Chrome\",\"applicationCategory\":\"SecurityApplication\",\"offers\":{\"@type\":\"AggregateOffer\",\"priceCurrency\":\"USD\",\"price\":\"0\",\"lowPrice\":\"0\",\"availability\":\"https:\/\/schema.org\/InStock\"},\"aggregateRating\":{\"@type\":\"AggregateRating\",\"ratingValue\":\"4.8\",\"bestRating\":\"5\",\"ratingCount\":\"12476\"}},{\"@type\":\"Organization\",\"@id\":\"https:\/\/freevpnplanet.com\/es\/#organization\",\"url\":\"https:\/\/freevpnplanet.com\/es\/\",\"name\":\"Planet VPN \ud83d\udee1\ufe0f\ud83c\udf10 Free VPN\"}]}<\/script>\n<!-- \/ Yoast SEO plugin. -->","yoast_head_json":{"title":"Generador de contrase\u00f1as - contrase\u00f1a segura y aleatoria - Planet VPN","description":"Genera una contrase\u00f1a fuerte con nuestro generador de contrase\u00f1as. No la posponga, reduzca los riesgos de seguridad generando una contrase\u00f1a fuerte.","robots":{"index":"index","follow":"follow","max-snippet":"max-snippet:-1","max-image-preview":"max-image-preview:large","max-video-preview":"max-video-preview:-1"},"canonical":"https:\/\/freevpnplanet.com\/es\/password-generator\/","og_locale":"es_ES","og_type":"article","og_title":"Generador de contrase\u00f1as - contrase\u00f1a segura y aleatoria - Planet VPN","og_description":"Genera una contrase\u00f1a fuerte con nuestro generador de contrase\u00f1as. No la posponga, reduzca los riesgos de seguridad generando una contrase\u00f1a fuerte.","og_url":"https:\/\/freevpnplanet.com\/es\/password-generator\/","og_site_name":"Planet VPN","article_modified_time":"2026-01-20T12:56:37+00:00","twitter_card":"summary_large_image","schema":{"@context":"https:\/\/schema.org","@graph":[{"@type":"WebPage","@id":"https:\/\/freevpnplanet.com\/es\/password-generator\/","url":"https:\/\/freevpnplanet.com\/es\/password-generator\/","name":"Generador de contrase\u00f1as - contrase\u00f1a segura y aleatoria - Planet VPN","isPartOf":{"@id":"https:\/\/freevpnplanet.com\/es\/#website"},"datePublished":"2024-05-31T12:55:49+00:00","dateModified":"2026-01-20T12:56:37+00:00","description":"Genera una contrase\u00f1a fuerte con nuestro generador de contrase\u00f1as. No la posponga, reduzca los riesgos de seguridad generando una contrase\u00f1a fuerte.","breadcrumb":{"@id":"https:\/\/freevpnplanet.com\/es\/password-generator\/#breadcrumb"},"inLanguage":"es","potentialAction":[{"@type":"ReadAction","target":["https:\/\/freevpnplanet.com\/es\/password-generator\/"]}]},{"@type":"BreadcrumbList","@id":"https:\/\/freevpnplanet.com\/es\/password-generator\/#breadcrumb","itemListElement":[{"@type":"ListItem","position":1,"name":"Home","item":"https:\/\/freevpnplanet.com\/es\/"},{"@type":"ListItem","position":2,"name":"Password generator"}]},{"@type":"WebSite","@id":"https:\/\/freevpnplanet.com\/es\/#website","url":"https:\/\/freevpnplanet.com\/es\/","name":"Planet VPN \ud83d\udee1\ufe0f\ud83c\udf10 Free VPN","description":"Free VPN","potentialAction":[{"@type":"SearchAction","target":{"@type":"EntryPoint","urlTemplate":"https:\/\/freevpnplanet.com\/es\/?s={search_term_string}"},"query-input":"required name=search_term_string"}],"inLanguage":"es","publisher":{"@id":"https:\/\/freevpnplanet.com\/es\/#organization"}},{"@context":"https:\/\/schema.org\/","@type":"SoftwareApplication","name":"Planet VPN \ud83d\udee1\ufe0f\ud83c\udf10 Free VPN","operatingSystem":"Windows, macOS, iOS, Android, Linux, Chrome","applicationCategory":"SecurityApplication","offers":{"@type":"AggregateOffer","priceCurrency":"USD","price":"0","lowPrice":"0","availability":"https:\/\/schema.org\/InStock"},"aggregateRating":{"@type":"AggregateRating","ratingValue":"4.8","bestRating":"5","ratingCount":"12476"}},{"@type":"Organization","@id":"https:\/\/freevpnplanet.com\/es\/#organization","url":"https:\/\/freevpnplanet.com\/es\/","name":"Planet VPN \ud83d\udee1\ufe0f\ud83c\udf10 Free VPN"}]}},"acf":[],"_links":{"self":[{"href":"https:\/\/freevpnplanet.com\/es\/wp-json\/wp\/v2\/pages\/99295","targetHints":{"allow":["GET"]}}],"collection":[{"href":"https:\/\/freevpnplanet.com\/es\/wp-json\/wp\/v2\/pages"}],"about":[{"href":"https:\/\/freevpnplanet.com\/es\/wp-json\/wp\/v2\/types\/page"}],"author":[{"embeddable":true,"href":"https:\/\/freevpnplanet.com\/es\/wp-json\/wp\/v2\/users\/13"}],"replies":[{"embeddable":true,"href":"https:\/\/freevpnplanet.com\/es\/wp-json\/wp\/v2\/comments?post=99295"}],"version-history":[{"count":1,"href":"https:\/\/freevpnplanet.com\/es\/wp-json\/wp\/v2\/pages\/99295\/revisions"}],"predecessor-version":[{"id":189490,"href":"https:\/\/freevpnplanet.com\/es\/wp-json\/wp\/v2\/pages\/99295\/revisions\/189490"}],"wp:attachment":[{"href":"https:\/\/freevpnplanet.com\/es\/wp-json\/wp\/v2\/media?parent=99295"}],"wp:term":[{"taxonomy":"download_by_lite_tag","embeddable":true,"href":"https:\/\/freevpnplanet.com\/es\/wp-json\/wp\/v2\/download_by_lite_tag?post=99295"}],"curies":[{"name":"wp","href":"https:\/\/api.w.org\/{rel}","templated":true}]}}