{"id":99983,"date":"2024-05-30T10:37:13","date_gmt":"2024-05-30T07:37:13","guid":{"rendered":"https:\/\/help.freeplanetvpn.com\/listen-to-music-radio-online-download-mp3\/"},"modified":"2025-07-22T11:08:24","modified_gmt":"2025-07-22T08:08:24","slug":"listen-to-music-radio-online-download-mp3","status":"publish","type":"page","link":"https:\/\/freevpnplanet.com\/es\/listen-to-music-radio-online-download-mp3\/","title":{"rendered":"Listen to music radio online download mp3"},"content":{"rendered":"\n<section class=\"image-text custom-block align-full bg-circle  mobile-image-bottom mobile-title-center  header-size-medium text-size-small   content-left\" style='overflow: hidden;;--background-color:var(--dark-blue-0); --text-color:var(--white);--min-height-mobile:400px;--min-height-desktop:676px;--content-width:50%'>\n\n    <div class=\"gutenberg-block-background\"><\/div>\n    <div class=\"image-text__inner inner-container\">\n\n        \n                    <div class=\"image-text__content\">\n\n                <h1><span data-sheets-root=\"1\">VPN gratis para descargar y escuchar m\u00fasica<\/span><\/h1>\n<p>\u00bfSu proveedor o administrador del sistema ha bloqueado el acceso a su estaci\u00f3n de radio en l\u00ednea favorita? \u00bfLe han restringido el acceso a la descarga de m\u00fasica en MP3?<\/p>\n<p>&#8211;\u00a0No hay problema, \u00a1para esto existe Planet VPN! Nuestro servicio se encargar\u00e1 de encriptar sus datos de forma segura, lo que le dar\u00e1 todas las herramientas necesarias sin perder velocidad.<\/p>\n                                    <div class=\"image-text__cta\">\n                        <a href=\"\/es\/plans\/\" target=\"_self\" id=\"qa-hero-btn-cta\" class=\"cta download-by-platform cta--with-border cta-size--small cta-mt--initial icon-position--icon-left\" style=\"--border-radius:40px\"><span class=\"cta__name\">Descargar gratis<\/span><\/a>                    <\/div>\n                \n            <\/div>\n        \n                    <div class=\"bg-image-wrapper bg-image-wrapper--desktop right image-align--center\">\n                <figure style='--image-max-width:1000px;--image-opacity:1.00;width: calc(46% - 20px)'>\n                    <img decoding=\"async\" width=\"608\" height=\"459\" src=\"https:\/\/freevpnplanet.com\/wp-content\/uploads\/2024\/05\/rvpn-music-main-image-20240530_104212_904697.svg\" class=\"bg-image\" alt=\"Background Image for Desktop\" \/>                <\/figure>\n            <\/div>\n        \n                    <div class=\"bg-image-wrapper bg-image-wrapper--mobile regular-image\">\n                <figure style='width: 100%;max-width: 480px;opacity: 1.00;margin-top: 24px'>\n                    <img decoding=\"async\" width=\"608\" height=\"459\" src=\"https:\/\/freevpnplanet.com\/wp-content\/uploads\/2024\/05\/rvpn-music-main-image-20240530_104212_904697.svg\" class=\"bg-image\" alt=\"Background Image for Mobile\" \/>                <\/figure>\n            <\/div>\n            <\/div>\n<\/section>\n\n\n<section class=\"image-text-static-image custom-block align-none  mobile-image-bottom   header-size-small text-size-small  \" style=''>\n\n    <div class=\"gutenberg-block-background\"><\/div>\n    <div class=\"image-text-static-image__inner inner-container\">\n                    <div class=\"image-text-static-image__content content-right\" style='--content-width: 50%'>\n                                    <div class=\"image-text-static-image__title\">\n                        <h2 >\u00bfEs posible escuchar m\u00fasica y radio en l\u00ednea sin restricciones?<\/h2>                    <\/div>\n                \n                <p>Anteriormente, cualquier m\u00fasica o radio en l\u00ednea estaba disponible para usted, pero con las restricciones regulares se hace dif\u00edcil escuchar la m\u00fasica, podcasts o estaciones de radio que le interesan. La raz\u00f3n de esto son las restricciones de emisi\u00f3n, que es una situaci\u00f3n com\u00fan en diferentes regiones.<\/p>\n<p>Respecto a la prohibici\u00f3n, el usuario recibe un mensaje correspondiente al intentar activar una pista bloqueada o al intentar conectarse a una radio en l\u00ednea. La situaci\u00f3n se corrige con la ayuda de nuestro servicio Planet VPN. Utilizando una VPN, encripta de forma segura todos los datos transmitidos y recibidos, as\u00ed como cambiar tu IP, por lo que el usuario elude la restricci\u00f3n y escucha la radio y la m\u00fasica en l\u00ednea sin restricciones y sin p\u00e9rdida de velocidad.<\/p>\n                \n                \n\n            <\/div>\n        \n                    <div class=\"bg-image-wrapper bg-image-wrapper--desktop  left image-align--center\" style='--image-max-width: 50%'>\n                <figure>\n                    <img width=\"545\" height=\"457\" src=\"https:\/\/freevpnplanet.com\/wp-content\/uploads\/2024\/05\/rvpn-music-party-20240530_104215_523471.svg\" class=\"attachment-full size-full\" alt=\"\" loading=\"lazy\" decoding=\"sync\" fetchpriority=\"low\" style=\"max-width:545px\" sizes=\"auto, (max-width: 545px) 100vw, 545px\" aria-hidden=\"true\" \/>                    <!-- <img decoding=\"async\" width=\"545\" height=\"457\" src=\"https:\/\/freevpnplanet.com\/wp-content\/uploads\/2024\/05\/rvpn-music-party-20240530_104215_523471.svg\" class=\"attachment-full size-full\" alt=\"\" style=\"max-width:545px\" \/> -->\n                <\/figure>\n            <\/div>\n        \n            <\/div>\n<\/section>\n\n\n<section class=\"cta-section custom-block align-full \" style=''>\n\n    <div class=\"gutenberg-block-background\"><\/div>\n    <div class=\"cta-section__inner\">\n                    <div class=\"cta-section__cta\">\n                                    <a href=\"\/es\/plans\/\" target=\"_self\" id=\"qa-banner-middle-cta\" class=\"cta download-by-platform cta--with-border cta-size--small cta-mt--initial icon-position--icon-left\" style=\"--border-radius:40px\"><span class=\"cta__name\">Descargar gratis<\/span><\/a>                            <\/div>\n            <\/div>\n<\/section>\n\n\n<div class=\"wp-block-group alignfull has-background-blue-background-color has-background is-content-justification-center is-nowrap is-layout-flex wp-container-core-group-is-layout-1 wp-block-group-is-layout-flex\">\n<div class=\"wp-block-columns wp-container-content-1 is-layout-flex wp-container-core-columns-is-layout-1 wp-block-columns-is-layout-flex row-gap--20 stack-breakpoint--768\">\n<div class=\"wp-block-column is-layout-flow wp-block-column-is-layout-flow\">\n<section class=\"advanced-steps custom-block align-none  align-desktop-left align-mobile-left font-normal three-columns title-small image-shadow\" style='--background-color:var(--dark-blue-8); --text-color:var(--dark-blue-1)'>\n\n    <div class=\"gutenberg-block-background\"><\/div>\n    <div class=\"advanced-steps__container inner-container\">\n                    <div class=\"advanced-steps__intro\">\n                <h2><span data-sheets-root=\"1\">\u00bfC\u00f3mo escuchar m\u00fasica y radio en l\u00ednea, descargar archivos MP3 sin bloqueos?<\/span><\/h2>\n<p>S\u00f3lo hay 3 sencillos pasos para acceder a todas las estaciones de radio preferidas, servicios musicales y sitios web para descargar m\u00fasica en MP3.<\/p>            <\/div>\n        \n        <ul class=\"advanced-steps__list advanced-steps__list--download-steps\" style='--columns-gap:50px'>\n                            <li style='--max-width:px'>\n                                            <h2 class=\"step-title\">1. Descargar<\/h2>\n                    \n                                            <div class=\"image-wrapper\">\n                            <img decoding=\"async\" width=\"220\" height=\"171\" src=\"https:\/\/freevpnplanet.com\/wp-content\/uploads\/2024\/05\/rvpn-steps-2-20240530_105342_800846.svg\" class=\"attachment-full size-full\" alt=\"Step 2\" \/>                        <\/div>\n\n                                                    <p><a href=\"https:\/\/freevpnplanet.com\/es\/download\/\" target=\"_blank\" rel=\"noopener\" id=\"qa-advanced-step-content-link\">Descarga<\/a> e instale la aplicaci\u00f3n en su dispositivo<\/p>\n<p>&nbsp;<\/p>                                                            <\/li>\n                                <li style='--max-width:px'>\n                                            <h2 class=\"step-title\">2. Conectar<\/h2>\n                    \n                                            <div class=\"image-wrapper\">\n                            <img decoding=\"async\" width=\"219\" height=\"170\" src=\"https:\/\/freevpnplanet.com\/wp-content\/uploads\/2024\/05\/rvpn-steps-1-20240530_105340_042416.svg\" class=\"attachment-full size-full\" alt=\"Step 1\" \/>                        <\/div>\n\n                                                    <p>Con\u00e9ctese a uno de nuestros servidores<\/p>                                                            <\/li>\n                                <li style='--max-width:px'>\n                                            <h2 class=\"step-title\">3. Visitar<\/h2>\n                    \n                                            <div class=\"image-wrapper\">\n                            <img decoding=\"async\" width=\"219\" height=\"170\" src=\"https:\/\/freevpnplanet.com\/wp-content\/uploads\/2024\/05\/rvpn-steps-3-20240530_105345_576093.svg\" class=\"attachment-full size-full\" alt=\"Step 3\" \/>                        <\/div>\n\n                                                    <p>Visite cualquier p\u00e1gina web sin restricci\u00f3n<\/p>                                                            <\/li>\n                        <\/ul>\n\n                    <div class=\"advanced-steps__cta\">\n                <a href=\"\/es\/plans\/\" target=\"_self\" id=\"qa-btn-advanced-steps-cta\" class=\"cta download-by-platform cta--with-border cta-size--small cta-mt--initial icon-position--icon-left\" style=\"--border-radius:40px\"><span class=\"cta__name\">Descargar gratis<\/span><\/a>            <\/div>\n        \n        \n        \n\n    <\/div>\n<\/section>\n<\/div>\n<\/div>\n<\/div>\n\n\n\n<section class=\"image-text-static-image custom-block align-none  mobile-image-bottom   header-size-small text-size-small  pb-0--desktop\" style=''>\n\n    <div class=\"gutenberg-block-background\"><\/div>\n    <div class=\"image-text-static-image__inner inner-container\">\n                    <div class=\"image-text-static-image__content content-left\" style='--content-width: 50%'>\n                                    <div class=\"image-text-static-image__title\">\n                        <h2 >\u00bfES POSIBLE DESCARGAR CANCIONES EN MP3 SI EL SITIO WEB NO EST\u00c1 DISPONIBLE?<\/h2>                    <\/div>\n                \n                <p>S\u00ed, incluso ahora, en la era de las restricciones en Internet, todo el mundo puede escuchar y descargar cualquier canci\u00f3n que desee. Esto puede hacerse utilizando nuestro servicio VPN. Una VPN es un canal de datos seguro entre varios dispositivos. Las VPN se utilizan para proteger el tr\u00e1fico de Internet de intrusos y de la censura. Con Planet VPN, puedes escuchar m\u00fasica en l\u00ednea y descargar archivos MP3 de recursos bloqueados en cualquier dispositivo.<\/p>\n<p>Mejoramos constantemente nuestra red para brindarle la mayor velocidad posible y un ancho de banda ilimitado para escuchar m\u00fasica y descargar archivos MP3.<\/p>\n                \n                \n\n            <\/div>\n        \n                    <div class=\"bg-image-wrapper bg-image-wrapper--desktop  right image-align--center\" style='--image-max-width: 50%'>\n                <figure>\n                    <img width=\"479\" height=\"479\" src=\"https:\/\/freevpnplanet.com\/wp-content\/uploads\/2024\/05\/rvpn-blocked.9e861a11-20240529_094058_811851.svg\" class=\"attachment-full size-full\" alt=\"\" loading=\"lazy\" decoding=\"sync\" fetchpriority=\"low\" style=\"max-width:480px\" sizes=\"auto, (max-width: 480px) 100vw, 480px\" aria-hidden=\"true\" \/>                    <!-- <img decoding=\"async\" width=\"479\" height=\"479\" src=\"https:\/\/freevpnplanet.com\/wp-content\/uploads\/2024\/05\/rvpn-blocked.9e861a11-20240529_094058_811851.svg\" class=\"attachment-full size-full\" alt=\"\" style=\"max-width:480px\" \/> -->\n                <\/figure>\n            <\/div>\n        \n            <\/div>\n<\/section>\n\n\n<section class=\"image-text-static-image custom-block align-none  mobile-image-bottom   header-size-small text-size-small  \" style=''>\n\n    <div class=\"gutenberg-block-background\"><\/div>\n    <div class=\"image-text-static-image__inner inner-container\">\n                    <div class=\"image-text-static-image__content content-right\" style='--content-width: 50%'>\n                                    <div class=\"image-text-static-image__title\">\n                        <h2 >PLANET VPN SUPERA LAS RESTRICCIONES<\/h2>                    <\/div>\n                \n                <p>Si quieres escuchar m\u00fasica online en cualquier dispositivo sin lag y\/o descargar canciones en forma de MP3, \u00a1Planet VPN est\u00e1 hecho para ti!<\/p>\n<p>Planet VPN realiza varias funciones a la vez: encripta la red, protege el tr\u00e1fico de Internet transmitido y recibido por usted de los intrusos, mantiene el anonimato y brinda acceso a todos los recursos en l\u00ednea eludiendo las restricciones.<\/p>\n                                    <div class=\"image-text-static-image__cta\">\n                                                    <a href=\"\/es\/plans\/\" target=\"_self\" id=\"qa-btn-bottom-cta\" class=\"cta download-by-platform cta--with-border cta-size--small cta-mt--initial icon-position--icon-left\" style=\"--border-radius:40px\"><span class=\"cta__name\">Descargar gratis<\/span><\/a>                                            <\/div>\n                \n                \n\n            <\/div>\n        \n                    <div class=\"bg-image-wrapper bg-image-wrapper--desktop  left image-align--center\" style='--image-max-width: 50%'>\n                <figure>\n                    <img width=\"585\" height=\"401\" src=\"https:\/\/freevpnplanet.com\/wp-content\/uploads\/2024\/05\/rvpn-music-dance-20240530_104209_519514.svg\" class=\"attachment-full size-full\" alt=\"\" loading=\"lazy\" decoding=\"sync\" fetchpriority=\"low\" style=\"max-width:585px\" sizes=\"auto, (max-width: 585px) 100vw, 585px\" aria-hidden=\"true\" \/>                    <!-- <img decoding=\"async\" width=\"585\" height=\"401\" src=\"https:\/\/freevpnplanet.com\/wp-content\/uploads\/2024\/05\/rvpn-music-dance-20240530_104209_519514.svg\" class=\"attachment-full size-full\" alt=\"\" style=\"max-width:585px\" \/> -->\n                <\/figure>\n            <\/div>\n        \n            <\/div>\n<\/section>","protected":false},"excerpt":{"rendered":"","protected":false},"author":13,"featured_media":0,"parent":0,"menu_order":0,"comment_status":"closed","ping_status":"closed","template":"templates\/page_template-basic_for_gutenberg.php","meta":{"_acf_changed":false,"inline_featured_image":false,"footnotes":""},"download_by_lite_tag":[],"class_list":["post-99983","page","type-page","status-publish","hentry"],"yoast_head":"<!-- This site is optimized with the Yoast SEO plugin v22.6 - https:\/\/yoast.com\/wordpress\/plugins\/seo\/ -->\n<title>VPN para descargar y escuchar m\u00fasica: tu m\u00fasica favorita con VPN<\/title>\n<meta name=\"description\" content=\"Planet VPN le ayudar\u00e1 a resolver los problemas relacionados con las restricciones de acceso a los contenidos musicales. Mediante una VPN, podr\u00e1 escuchar m\u00fasica en servicios que no est\u00e1n disponibles en su pa\u00eds.\" \/>\n<meta name=\"robots\" content=\"index, follow, max-snippet:-1, max-image-preview:large, max-video-preview:-1\" \/>\n<link rel=\"canonical\" href=\"https:\/\/freevpnplanet.com\/es\/listen-to-music-radio-online-download-mp3\/\" \/>\n<meta property=\"og:locale\" content=\"es_ES\" \/>\n<meta property=\"og:type\" content=\"article\" \/>\n<meta property=\"og:title\" content=\"VPN para descargar y escuchar m\u00fasica: tu m\u00fasica favorita con VPN\" \/>\n<meta property=\"og:description\" content=\"Planet VPN le ayudar\u00e1 a resolver los problemas relacionados con las restricciones de acceso a los contenidos musicales. Mediante una VPN, podr\u00e1 escuchar m\u00fasica en servicios que no est\u00e1n disponibles en su pa\u00eds.\" \/>\n<meta property=\"og:url\" content=\"https:\/\/freevpnplanet.com\/es\/listen-to-music-radio-online-download-mp3\/\" \/>\n<meta property=\"og:site_name\" content=\"Planet VPN\" \/>\n<meta property=\"article:modified_time\" content=\"2025-07-22T08:08:24+00:00\" \/>\n<meta name=\"twitter:card\" content=\"summary_large_image\" \/>\n<script type=\"application\/ld+json\" class=\"yoast-schema-graph\">{\"@context\":\"https:\/\/schema.org\",\"@graph\":[{\"@type\":\"WebPage\",\"@id\":\"https:\/\/freevpnplanet.com\/es\/listen-to-music-radio-online-download-mp3\/\",\"url\":\"https:\/\/freevpnplanet.com\/es\/listen-to-music-radio-online-download-mp3\/\",\"name\":\"VPN para descargar y escuchar m\u00fasica: tu m\u00fasica favorita con VPN\",\"isPartOf\":{\"@id\":\"https:\/\/freevpnplanet.com\/es\/#website\"},\"datePublished\":\"2024-05-30T07:37:13+00:00\",\"dateModified\":\"2025-07-22T08:08:24+00:00\",\"description\":\"Planet VPN le ayudar\u00e1 a resolver los problemas relacionados con las restricciones de acceso a los contenidos musicales. Mediante una VPN, podr\u00e1 escuchar m\u00fasica en servicios que no est\u00e1n disponibles en su pa\u00eds.\",\"breadcrumb\":{\"@id\":\"https:\/\/freevpnplanet.com\/es\/listen-to-music-radio-online-download-mp3\/#breadcrumb\"},\"inLanguage\":\"es\",\"potentialAction\":[{\"@type\":\"ReadAction\",\"target\":[\"https:\/\/freevpnplanet.com\/es\/listen-to-music-radio-online-download-mp3\/\"]}]},{\"@type\":\"BreadcrumbList\",\"@id\":\"https:\/\/freevpnplanet.com\/es\/listen-to-music-radio-online-download-mp3\/#breadcrumb\",\"itemListElement\":[{\"@type\":\"ListItem\",\"position\":1,\"name\":\"Home\",\"item\":\"https:\/\/freevpnplanet.com\/es\/\"},{\"@type\":\"ListItem\",\"position\":2,\"name\":\"Listen to music radio online download mp3\"}]},{\"@type\":\"WebSite\",\"@id\":\"https:\/\/freevpnplanet.com\/es\/#website\",\"url\":\"https:\/\/freevpnplanet.com\/es\/\",\"name\":\"Planet VPN \ud83d\udee1\ufe0f\ud83c\udf10 Free VPN\",\"description\":\"Free VPN\",\"potentialAction\":[{\"@type\":\"SearchAction\",\"target\":{\"@type\":\"EntryPoint\",\"urlTemplate\":\"https:\/\/freevpnplanet.com\/es\/?s={search_term_string}\"},\"query-input\":\"required name=search_term_string\"}],\"inLanguage\":\"es\",\"publisher\":{\"@id\":\"https:\/\/freevpnplanet.com\/es\/#organization\"}},{\"@context\":\"https:\/\/schema.org\/\",\"@type\":\"SoftwareApplication\",\"name\":\"Planet VPN \ud83d\udee1\ufe0f\ud83c\udf10 Free VPN\",\"operatingSystem\":\"Windows, macOS, iOS, Android, Linux, Chrome\",\"applicationCategory\":\"SecurityApplication\",\"offers\":{\"@type\":\"AggregateOffer\",\"priceCurrency\":\"USD\",\"price\":\"0\",\"lowPrice\":\"0\",\"availability\":\"https:\/\/schema.org\/InStock\"},\"aggregateRating\":{\"@type\":\"AggregateRating\",\"ratingValue\":\"4.8\",\"bestRating\":\"5\",\"ratingCount\":\"12476\"}},{\"@type\":\"Organization\",\"@id\":\"https:\/\/freevpnplanet.com\/es\/#organization\",\"url\":\"https:\/\/freevpnplanet.com\/es\/\",\"name\":\"Planet VPN \ud83d\udee1\ufe0f\ud83c\udf10 Free VPN\"}]}<\/script>\n<!-- \/ Yoast SEO plugin. -->","yoast_head_json":{"title":"VPN para descargar y escuchar m\u00fasica: tu m\u00fasica favorita con VPN","description":"Planet VPN le ayudar\u00e1 a resolver los problemas relacionados con las restricciones de acceso a los contenidos musicales. Mediante una VPN, podr\u00e1 escuchar m\u00fasica en servicios que no est\u00e1n disponibles en su pa\u00eds.","robots":{"index":"index","follow":"follow","max-snippet":"max-snippet:-1","max-image-preview":"max-image-preview:large","max-video-preview":"max-video-preview:-1"},"canonical":"https:\/\/freevpnplanet.com\/es\/listen-to-music-radio-online-download-mp3\/","og_locale":"es_ES","og_type":"article","og_title":"VPN para descargar y escuchar m\u00fasica: tu m\u00fasica favorita con VPN","og_description":"Planet VPN le ayudar\u00e1 a resolver los problemas relacionados con las restricciones de acceso a los contenidos musicales. Mediante una VPN, podr\u00e1 escuchar m\u00fasica en servicios que no est\u00e1n disponibles en su pa\u00eds.","og_url":"https:\/\/freevpnplanet.com\/es\/listen-to-music-radio-online-download-mp3\/","og_site_name":"Planet VPN","article_modified_time":"2025-07-22T08:08:24+00:00","twitter_card":"summary_large_image","schema":{"@context":"https:\/\/schema.org","@graph":[{"@type":"WebPage","@id":"https:\/\/freevpnplanet.com\/es\/listen-to-music-radio-online-download-mp3\/","url":"https:\/\/freevpnplanet.com\/es\/listen-to-music-radio-online-download-mp3\/","name":"VPN para descargar y escuchar m\u00fasica: tu m\u00fasica favorita con VPN","isPartOf":{"@id":"https:\/\/freevpnplanet.com\/es\/#website"},"datePublished":"2024-05-30T07:37:13+00:00","dateModified":"2025-07-22T08:08:24+00:00","description":"Planet VPN le ayudar\u00e1 a resolver los problemas relacionados con las restricciones de acceso a los contenidos musicales. Mediante una VPN, podr\u00e1 escuchar m\u00fasica en servicios que no est\u00e1n disponibles en su pa\u00eds.","breadcrumb":{"@id":"https:\/\/freevpnplanet.com\/es\/listen-to-music-radio-online-download-mp3\/#breadcrumb"},"inLanguage":"es","potentialAction":[{"@type":"ReadAction","target":["https:\/\/freevpnplanet.com\/es\/listen-to-music-radio-online-download-mp3\/"]}]},{"@type":"BreadcrumbList","@id":"https:\/\/freevpnplanet.com\/es\/listen-to-music-radio-online-download-mp3\/#breadcrumb","itemListElement":[{"@type":"ListItem","position":1,"name":"Home","item":"https:\/\/freevpnplanet.com\/es\/"},{"@type":"ListItem","position":2,"name":"Listen to music radio online download mp3"}]},{"@type":"WebSite","@id":"https:\/\/freevpnplanet.com\/es\/#website","url":"https:\/\/freevpnplanet.com\/es\/","name":"Planet VPN \ud83d\udee1\ufe0f\ud83c\udf10 Free VPN","description":"Free VPN","potentialAction":[{"@type":"SearchAction","target":{"@type":"EntryPoint","urlTemplate":"https:\/\/freevpnplanet.com\/es\/?s={search_term_string}"},"query-input":"required name=search_term_string"}],"inLanguage":"es","publisher":{"@id":"https:\/\/freevpnplanet.com\/es\/#organization"}},{"@context":"https:\/\/schema.org\/","@type":"SoftwareApplication","name":"Planet VPN \ud83d\udee1\ufe0f\ud83c\udf10 Free VPN","operatingSystem":"Windows, macOS, iOS, Android, Linux, Chrome","applicationCategory":"SecurityApplication","offers":{"@type":"AggregateOffer","priceCurrency":"USD","price":"0","lowPrice":"0","availability":"https:\/\/schema.org\/InStock"},"aggregateRating":{"@type":"AggregateRating","ratingValue":"4.8","bestRating":"5","ratingCount":"12476"}},{"@type":"Organization","@id":"https:\/\/freevpnplanet.com\/es\/#organization","url":"https:\/\/freevpnplanet.com\/es\/","name":"Planet VPN \ud83d\udee1\ufe0f\ud83c\udf10 Free VPN"}]}},"acf":[],"_links":{"self":[{"href":"https:\/\/freevpnplanet.com\/es\/wp-json\/wp\/v2\/pages\/99983","targetHints":{"allow":["GET"]}}],"collection":[{"href":"https:\/\/freevpnplanet.com\/es\/wp-json\/wp\/v2\/pages"}],"about":[{"href":"https:\/\/freevpnplanet.com\/es\/wp-json\/wp\/v2\/types\/page"}],"author":[{"embeddable":true,"href":"https:\/\/freevpnplanet.com\/es\/wp-json\/wp\/v2\/users\/13"}],"replies":[{"embeddable":true,"href":"https:\/\/freevpnplanet.com\/es\/wp-json\/wp\/v2\/comments?post=99983"}],"version-history":[{"count":4,"href":"https:\/\/freevpnplanet.com\/es\/wp-json\/wp\/v2\/pages\/99983\/revisions"}],"predecessor-version":[{"id":171582,"href":"https:\/\/freevpnplanet.com\/es\/wp-json\/wp\/v2\/pages\/99983\/revisions\/171582"}],"wp:attachment":[{"href":"https:\/\/freevpnplanet.com\/es\/wp-json\/wp\/v2\/media?parent=99983"}],"wp:term":[{"taxonomy":"download_by_lite_tag","embeddable":true,"href":"https:\/\/freevpnplanet.com\/es\/wp-json\/wp\/v2\/download_by_lite_tag?post=99983"}],"curies":[{"name":"wp","href":"https:\/\/api.w.org\/{rel}","templated":true}]}}