{"id":96355,"date":"2024-07-01T10:13:33","date_gmt":"2024-07-01T07:13:33","guid":{"rendered":"https:\/\/help.freeplanetvpn.com\/cookies\/"},"modified":"2024-09-11T16:03:25","modified_gmt":"2024-09-11T13:03:25","slug":"cookies","status":"publish","type":"page","link":"https:\/\/freevpnplanet.com\/fr\/cookies\/","title":{"rendered":"Cookies"},"content":{"rendered":"\n<style>.entry-content{margin-bottom:100px}.entry-content,.entry-content p,.entry-content h1,.entry-content h4,.entry-content ul li{color:var(--black)}.entry-content h1{font-size:40px;font-weight:700;margin-bottom:50px}.entry-content h4{font-size:30px;font-weight:500;margin:40px 0 30px}.entry-content a{color:var(--green)}<\/style>\n\n\n\n<h1 class=\"wp-block-heading\">Politique relative aux cookies<\/h1>\n\n\n\n<p>Un cookie est un fichier contenant un identifiant unique. Cet identifiant est envoy\u00e9 par le serveur au navigateur et est ensuite stock\u00e9 dans le support de donn\u00e9es. Ainsi, cet identifiant est renvoy\u00e9 au serveur \u00e0 chaque fois qu&#8217;il re\u00e7oit une requ\u00eate de la page du serveur vers la page du navigateur.<\/p>\n\n\n\n<p>Ces fichiers sont divis\u00e9s en 2 cat\u00e9gories diff\u00e9rentes:<\/p>\n\n\n\n<ul class=\"wp-block-list\">\n<li>Permanent<\/li>\n\n\n\n<li>Cookies de session<\/li>\n<\/ul>\n\n\n\n<p>Le navigateur conservera les cookies de la premi\u00e8re cat\u00e9gorie jusqu&#8217;\u00e0 ce qu&#8217;ils soient supprim\u00e9s (automatiquement ou manuellement).<\/p>\n\n\n\n<p>Les cookies de session sont automatiquement supprim\u00e9s \u00e0 la fin de la session utilisateur (apr\u00e8s avoir ferm\u00e9 le navigateur)<\/p>\n\n\n\n<p>Les cookies collect\u00e9s sur Planet VPN ne contiennent aucune information confidentielle ou personnelle sur les clients.<\/p>\n\n\n\n<h4 class=\"wp-block-heading\">Comment Planet VPN utilise les fichiers de cookies<\/h4>\n\n\n\n<p>Planet VPN utilise le cookie sur son site web (disponible sur: <a href=\"https:\/\/www.freevpnplanet.com\">https:\/\/www.freevpnplanet.com<\/a>). La description et les r\u00e8glements sont expliqu\u00e9s sur la page associ\u00e9e.<\/p>\n\n\n\n<p>En cr\u00e9ant un compte sur notre plateforme, les utilisateurs acceptent l&#8217;utilisation de cookies pour l&#8217;administration g\u00e9n\u00e9rale et le processus d&#8217;inscription en particulier. L&#8217;utilisation de cookies permet de simplifier le processus d&#8217;autorisation en supprimant le besoin de se connecter \u00e0 chaque visite du site web et de sauvegarder vos pr\u00e9f\u00e9rences lors de l&#8217;utilisation du site web. En particulier, ces cookies sont automatiquement supprim\u00e9s apr\u00e8s que l&#8217;utilisateur ait choisi de se &#8220;d\u00e9connecter&#8221;.<\/p>\n\n\n\n<p>Le commerce \u00e9lectronique et les m\u00e9thodes de paiement sont pr\u00e9sent\u00e9s sur le site web. Les cookies sont n\u00e9cessaires pour traiter correctement les paiements.<\/p>\n\n\n\n<p>Planet VPN propose aux utilisateurs de remplir des formulaires ou de participer \u00e0 diff\u00e9rentes enqu\u00eates pour former les clients de service, fournir des informations utiles, ou pr\u00e9senter des outils utiles pour mieux interagir avec les utilisateurs. Ces enqu\u00eates et \u00e9tudes peuvent utiliser des cookies pour \u00e9viter qu&#8217;une m\u00eame personne ne r\u00e9ponde \u00e0 plusieurs enqu\u00eates.<\/p>\n\n\n\n<p>Lorsque vous \u00e9crivez un commentaire sur un blog ou remplissez des formulaires \/ applications, Planet VPN utilise des cookies pour enregistrer les informations de l&#8217;utilisateur afin d&#8217;un traitement correct \u00e0 l&#8217;avenir.<\/p>\n\n\n\n<p>Lorsque vous utilisez le site web, Planet VPN collecte des cookies pour offrir la meilleure exp\u00e9rience utilisateur sur la plateforme.<\/p>\n\n\n\n<h4 class=\"wp-block-heading\">D\u00e9sactivation des cookies<\/h4>\n\n\n\n<p>Vous pouvez d\u00e9sactiver la collecte et l&#8217;utilisation des cookies (pour plus d&#8217;informations d\u00e9taill\u00e9es, visitez la page de param\u00e9trage dans votre navigateur pr\u00e9f\u00e9r\u00e9). Il convient de noter que la d\u00e9sactivation des cookies peut affecter le fonctionnement global des ressources web. Par cons\u00e9quent, il n&#8217;est pas recommand\u00e9 de d\u00e9sactiver les cookies.<\/p>\n\n\n\n<p>Les m\u00e9thodes pour d\u00e9sactiver les cookies d\u00e9pendent des diff\u00e9rents navigateurs, c&#8217;est pourquoi Planet VPN pr\u00e9sente une liste de pages pour diff\u00e9rents navigateurs.<\/p>\n\n\n\n<ul class=\"wp-block-list\">\n<li>Chrome<br><a href=\"https:\/\/support.google.com\/chrome\/answer\/95647\">https:\/\/support.google.com\/chrome\/answer\/95647<\/a><\/li>\n\n\n\n<li>Safari<br><a href=\"https:\/\/support.apple.com\/en-gb\/guide\/safari\/manage-cookies-and-website-data-sfri11471\/mac\">https:\/\/support.apple.com\/en-gb\/guide\/safari\/manage-cookies-and-website-data-sfri11471\/mac<\/a><\/li>\n\n\n\n<li>Firefox<br><a href=\"https:\/\/support.mozilla.org\/en-US\/kb\/enable-and-disable-cookies-website-preferences\">https:\/\/support.mozilla.org\/en-US\/kb\/enable-and-disable-cookies-website-preferences<\/a><\/li>\n\n\n\n<li>Opera<br><a href=\"http:\/\/www.opera.com\/help\/tutorials\/security\/cookies\">http:\/\/www.opera.com\/help\/tutorials\/security\/cookies<\/a><\/li>\n\n\n\n<li>Internet Explorer<br><a href=\"https:\/\/support.microsoft.com\/en-gb\/help\/17442\/windows-internet-explorer-delete-manage-cookies\">https:\/\/support.microsoft.com\/en-gb\/help\/17442\/windows-internet-explorer-delete-manage-cookies<\/a><\/li>\n\n\n\n<li>Edge<br><a href=\"https:\/\/privacy.microsoft.com\/en-us\/windows-10-microsoft-edge-and-privacy\">https:\/\/privacy.microsoft.com\/en-us\/windows-10-microsoft-edge-and-privacy<\/a><\/li>\n<\/ul>\n\n\n\n<h4 class=\"wp-block-heading\">Liste des cookies utilis\u00e9s sur Planet VPN<\/h4>\n\n\n\n<p>Voici la liste des cookies collect\u00e9s et fournis par des tiers fiables. Les cookies list\u00e9s ci-dessous sont ceux que vous rencontrerez lors de l&#8217;utilisation du site web.<\/p>\n\n\n\n<h4 class=\"wp-block-heading\">Google Analytics:<\/h4>\n\n\n\n<p>Ces fichiers sont parmi les plus fiables, leur utilisation aide \u00e0 analyser le fonctionnement complet du site web et \u00e0 recommander des optimisations. Les informations collect\u00e9es incluent le temps pass\u00e9 par l&#8217;utilisateur sur la page, le site web en g\u00e9n\u00e9ral, et les actions effectu\u00e9es sur la plateforme<\/p>\n\n\n\n<p>Pour plus d&#8217;informations d\u00e9taill\u00e9es sur Google Analytics, rendez-vous sur le&nbsp;<a href=\"https:\/\/developers.google.com\/analytics\/devguides\/collection\/analyticsjs\/cookie-usage\">page officielle.<\/a><\/p>\n\n\n\n<h4 class=\"wp-block-heading\">Matomo:<\/h4>\n\n\n\n<p>Ces cookies sont parmi les plus fiables et les plus utilis\u00e9s, leur utilisation aide \u00e0 analyser qualitativement les op\u00e9rations sur le site web et \u00e0 optimiser correctement son utilisation pour les clients et utilisateurs sur la plateforme. Les informations collect\u00e9es incluent le temps pass\u00e9 par l&#8217;utilisateur sur la page, le temps total sur le site web et les actions effectu\u00e9es sur la plateforme.<\/p>\n\n\n\n<p>Pour plus d&#8217;informations d\u00e9taill\u00e9es sur Matomo, veuillez visiter&nbsp;<a href=\"https:\/\/matomo.org\/privacy\/\">page officielle.<\/a><\/p>\n\n\n\n<h4 class=\"wp-block-heading\">Zendesk:<\/h4>\n\n\n\n<p>Pour vous fournir l&#8217;assistance n\u00e9cessaire dans les chats en ligne et pour former une &#8220;base de connaissances&#8221;, nous utilisons Zendesk. Zendesk peut placer certains fichiers de cookies dans votre navigateur. Ils sont connus sous le nom de fichiers primaires et sont essentiels pour stocker les informations de session. Par exemple, nous utilisons des cookies sur nos sites web pour comprendre les pr\u00e9f\u00e9rences des visiteurs et utilisateurs, am\u00e9liorer leur exp\u00e9rience, suivre et analyser l&#8217;utilisation, la navigation, et d&#8217;autres informations statistiques n\u00e9cessaires.<\/p>\n\n\n\n<p>La politique de confidentialit\u00e9 est disponible&nbsp;<a href=\"https:\/\/www.zendesk.com\/company\/customers-partners\/privacy-policy\/\">pour examen \u00e0.<\/a><\/p>\n\n\n\n<h4 class=\"wp-block-heading\">Vous pouvez nous contacter<\/h4>\n\n\n\n<ul class=\"wp-block-list\">\n<li>Utilisation de notre site web<br><a class=\"\" href=\"https:\/\/freevpnplanet.com\/fr\/contact-us\/\">Coordonn\u00e9es<\/a><\/li>\n\n\n\n<li>Par e-mail, en utilisant<br><a href=\"mailto:support@freevpnplanet.com\">support@freevpnplanet.com<\/a><\/li>\n<\/ul>\n","protected":false},"excerpt":{"rendered":"<p>Politique relative aux cookies Un cookie est un fichier contenant un identifiant unique. Cet identifiant est envoy\u00e9 par le serveur au navigateur et est ensuite stock\u00e9 dans le support de donn\u00e9es. Ainsi, cet identifiant est renvoy\u00e9 au serveur \u00e0 chaque fois qu&#8217;il re\u00e7oit une requ\u00eate de la page du serveur vers la page du navigateur&#8230;.<\/p>\n","protected":false},"author":13,"featured_media":0,"parent":0,"menu_order":0,"comment_status":"closed","ping_status":"closed","template":"templates\/page_template-basic_for_gutenberg.php","meta":{"_acf_changed":false,"inline_featured_image":false,"footnotes":""},"download_by_lite_tag":[],"class_list":["post-96355","page","type-page","status-publish","hentry"],"yoast_head":"<!-- This site is optimized with the Yoast SEO plugin v22.6 - https:\/\/yoast.com\/wordpress\/plugins\/seo\/ -->\n<title>Politique relative aux cookies - Planet VPN<\/title>\n<meta name=\"description\" content=\"Nos r\u00e8gles en mati\u00e8re de cookies : quels sont les cookies que nous utilisons pour offrir des performances optimales. Ne vous inqui\u00e9tez pas : toutes les donn\u00e9es relatives \u00e0 l&#039;utilisation du service sont anonymes.\" \/>\n<meta name=\"robots\" content=\"index, follow, max-snippet:-1, max-image-preview:large, max-video-preview:-1\" \/>\n<link rel=\"canonical\" href=\"https:\/\/freevpnplanet.com\/fr\/cookies\/\" \/>\n<meta property=\"og:locale\" content=\"fr_FR\" \/>\n<meta property=\"og:type\" content=\"article\" \/>\n<meta property=\"og:title\" content=\"Politique relative aux cookies - Planet VPN\" \/>\n<meta property=\"og:description\" content=\"Nos r\u00e8gles en mati\u00e8re de cookies : quels sont les cookies que nous utilisons pour offrir des performances optimales. Ne vous inqui\u00e9tez pas : toutes les donn\u00e9es relatives \u00e0 l&#039;utilisation du service sont anonymes.\" \/>\n<meta property=\"og:url\" content=\"https:\/\/freevpnplanet.com\/fr\/cookies\/\" \/>\n<meta property=\"og:site_name\" content=\"Planet VPN\" \/>\n<meta property=\"article:modified_time\" content=\"2024-09-11T13:03:25+00:00\" \/>\n<meta name=\"twitter:card\" content=\"summary_large_image\" \/>\n<meta name=\"twitter:label1\" content=\"Est. reading time\" \/>\n\t<meta name=\"twitter:data1\" content=\"4 minutes\" \/>\n<script type=\"application\/ld+json\" class=\"yoast-schema-graph\">{\"@context\":\"https:\/\/schema.org\",\"@graph\":[{\"@type\":\"WebPage\",\"@id\":\"https:\/\/freevpnplanet.com\/fr\/cookies\/\",\"url\":\"https:\/\/freevpnplanet.com\/fr\/cookies\/\",\"name\":\"Politique relative aux cookies - Planet VPN\",\"isPartOf\":{\"@id\":\"https:\/\/freevpnplanet.com\/fr\/#website\"},\"datePublished\":\"2024-07-01T07:13:33+00:00\",\"dateModified\":\"2024-09-11T13:03:25+00:00\",\"description\":\"Nos r\u00e8gles en mati\u00e8re de cookies : quels sont les cookies que nous utilisons pour offrir des performances optimales. Ne vous inqui\u00e9tez pas : toutes les donn\u00e9es relatives \u00e0 l'utilisation du service sont anonymes.\",\"breadcrumb\":{\"@id\":\"https:\/\/freevpnplanet.com\/fr\/cookies\/#breadcrumb\"},\"inLanguage\":\"fr\",\"potentialAction\":[{\"@type\":\"ReadAction\",\"target\":[\"https:\/\/freevpnplanet.com\/fr\/cookies\/\"]}]},{\"@type\":\"BreadcrumbList\",\"@id\":\"https:\/\/freevpnplanet.com\/fr\/cookies\/#breadcrumb\",\"itemListElement\":[{\"@type\":\"ListItem\",\"position\":1,\"name\":\"Home\",\"item\":\"https:\/\/freevpnplanet.com\/fr\/\"},{\"@type\":\"ListItem\",\"position\":2,\"name\":\"Cookies\"}]},{\"@type\":\"WebSite\",\"@id\":\"https:\/\/freevpnplanet.com\/fr\/#website\",\"url\":\"https:\/\/freevpnplanet.com\/fr\/\",\"name\":\"Planet VPN \ud83d\udee1\ufe0f\ud83c\udf10 Free VPN\",\"description\":\"Free VPN\",\"potentialAction\":[{\"@type\":\"SearchAction\",\"target\":{\"@type\":\"EntryPoint\",\"urlTemplate\":\"https:\/\/freevpnplanet.com\/fr\/?s={search_term_string}\"},\"query-input\":\"required name=search_term_string\"}],\"inLanguage\":\"fr\",\"publisher\":{\"@id\":\"https:\/\/freevpnplanet.com\/fr\/#organization\"}},{\"@context\":\"https:\/\/schema.org\/\",\"@type\":\"SoftwareApplication\",\"name\":\"Planet VPN \ud83d\udee1\ufe0f\ud83c\udf10 Free VPN\",\"operatingSystem\":\"Windows, macOS, iOS, Android, Linux, Chrome\",\"applicationCategory\":\"SecurityApplication\",\"offers\":{\"@type\":\"AggregateOffer\",\"priceCurrency\":\"USD\",\"price\":\"0\",\"lowPrice\":\"0\",\"availability\":\"https:\/\/schema.org\/InStock\"},\"aggregateRating\":{\"@type\":\"AggregateRating\",\"ratingValue\":\"4.8\",\"bestRating\":\"5\",\"ratingCount\":\"12476\"}},{\"@type\":\"Organization\",\"@id\":\"https:\/\/freevpnplanet.com\/fr\/#organization\",\"url\":\"https:\/\/freevpnplanet.com\/fr\/\",\"name\":\"Planet VPN \ud83d\udee1\ufe0f\ud83c\udf10 Free VPN\"}]}<\/script>\n<!-- \/ Yoast SEO plugin. -->","yoast_head_json":{"title":"Politique relative aux cookies - Planet VPN","description":"Nos r\u00e8gles en mati\u00e8re de cookies : quels sont les cookies que nous utilisons pour offrir des performances optimales. Ne vous inqui\u00e9tez pas : toutes les donn\u00e9es relatives \u00e0 l'utilisation du service sont anonymes.","robots":{"index":"index","follow":"follow","max-snippet":"max-snippet:-1","max-image-preview":"max-image-preview:large","max-video-preview":"max-video-preview:-1"},"canonical":"https:\/\/freevpnplanet.com\/fr\/cookies\/","og_locale":"fr_FR","og_type":"article","og_title":"Politique relative aux cookies - Planet VPN","og_description":"Nos r\u00e8gles en mati\u00e8re de cookies : quels sont les cookies que nous utilisons pour offrir des performances optimales. Ne vous inqui\u00e9tez pas : toutes les donn\u00e9es relatives \u00e0 l'utilisation du service sont anonymes.","og_url":"https:\/\/freevpnplanet.com\/fr\/cookies\/","og_site_name":"Planet VPN","article_modified_time":"2024-09-11T13:03:25+00:00","twitter_card":"summary_large_image","twitter_misc":{"Est. reading time":"4 minutes"},"schema":{"@context":"https:\/\/schema.org","@graph":[{"@type":"WebPage","@id":"https:\/\/freevpnplanet.com\/fr\/cookies\/","url":"https:\/\/freevpnplanet.com\/fr\/cookies\/","name":"Politique relative aux cookies - Planet VPN","isPartOf":{"@id":"https:\/\/freevpnplanet.com\/fr\/#website"},"datePublished":"2024-07-01T07:13:33+00:00","dateModified":"2024-09-11T13:03:25+00:00","description":"Nos r\u00e8gles en mati\u00e8re de cookies : quels sont les cookies que nous utilisons pour offrir des performances optimales. Ne vous inqui\u00e9tez pas : toutes les donn\u00e9es relatives \u00e0 l'utilisation du service sont anonymes.","breadcrumb":{"@id":"https:\/\/freevpnplanet.com\/fr\/cookies\/#breadcrumb"},"inLanguage":"fr","potentialAction":[{"@type":"ReadAction","target":["https:\/\/freevpnplanet.com\/fr\/cookies\/"]}]},{"@type":"BreadcrumbList","@id":"https:\/\/freevpnplanet.com\/fr\/cookies\/#breadcrumb","itemListElement":[{"@type":"ListItem","position":1,"name":"Home","item":"https:\/\/freevpnplanet.com\/fr\/"},{"@type":"ListItem","position":2,"name":"Cookies"}]},{"@type":"WebSite","@id":"https:\/\/freevpnplanet.com\/fr\/#website","url":"https:\/\/freevpnplanet.com\/fr\/","name":"Planet VPN \ud83d\udee1\ufe0f\ud83c\udf10 Free VPN","description":"Free VPN","potentialAction":[{"@type":"SearchAction","target":{"@type":"EntryPoint","urlTemplate":"https:\/\/freevpnplanet.com\/fr\/?s={search_term_string}"},"query-input":"required name=search_term_string"}],"inLanguage":"fr","publisher":{"@id":"https:\/\/freevpnplanet.com\/fr\/#organization"}},{"@context":"https:\/\/schema.org\/","@type":"SoftwareApplication","name":"Planet VPN \ud83d\udee1\ufe0f\ud83c\udf10 Free VPN","operatingSystem":"Windows, macOS, iOS, Android, Linux, Chrome","applicationCategory":"SecurityApplication","offers":{"@type":"AggregateOffer","priceCurrency":"USD","price":"0","lowPrice":"0","availability":"https:\/\/schema.org\/InStock"},"aggregateRating":{"@type":"AggregateRating","ratingValue":"4.8","bestRating":"5","ratingCount":"12476"}},{"@type":"Organization","@id":"https:\/\/freevpnplanet.com\/fr\/#organization","url":"https:\/\/freevpnplanet.com\/fr\/","name":"Planet VPN \ud83d\udee1\ufe0f\ud83c\udf10 Free VPN"}]}},"acf":[],"_links":{"self":[{"href":"https:\/\/freevpnplanet.com\/fr\/wp-json\/wp\/v2\/pages\/96355","targetHints":{"allow":["GET"]}}],"collection":[{"href":"https:\/\/freevpnplanet.com\/fr\/wp-json\/wp\/v2\/pages"}],"about":[{"href":"https:\/\/freevpnplanet.com\/fr\/wp-json\/wp\/v2\/types\/page"}],"author":[{"embeddable":true,"href":"https:\/\/freevpnplanet.com\/fr\/wp-json\/wp\/v2\/users\/13"}],"replies":[{"embeddable":true,"href":"https:\/\/freevpnplanet.com\/fr\/wp-json\/wp\/v2\/comments?post=96355"}],"version-history":[{"count":0,"href":"https:\/\/freevpnplanet.com\/fr\/wp-json\/wp\/v2\/pages\/96355\/revisions"}],"wp:attachment":[{"href":"https:\/\/freevpnplanet.com\/fr\/wp-json\/wp\/v2\/media?parent=96355"}],"wp:term":[{"taxonomy":"download_by_lite_tag","embeddable":true,"href":"https:\/\/freevpnplanet.com\/fr\/wp-json\/wp\/v2\/download_by_lite_tag?post=96355"}],"curies":[{"name":"wp","href":"https:\/\/api.w.org\/{rel}","templated":true}]}}