{"id":97786,"date":"2024-05-13T20:27:17","date_gmt":"2024-05-13T17:27:17","guid":{"rendered":"https:\/\/help.freeplanetvpn.com\/dns-check\/"},"modified":"2024-12-27T17:26:41","modified_gmt":"2024-12-27T14:26:41","slug":"dns-check","status":"publish","type":"page","link":"https:\/\/freevpnplanet.com\/fr\/dns-check\/","title":{"rendered":"DNS check"},"content":{"rendered":"\n<section class=\"tools-hero\">\n  <div class=\"tools-hero__inner container\">\n\n          <h1 class=\"tools-hero__title\">V\u00e9rification de la propagation DNS en ligne<\/h1>\n    \n    <div class=\"dns-propagation\">\n        <div class=\"dns-propagation__text\">\n                    <p>Le fournisseur d&#8217;acc\u00e8s \u00e0 Internet poss\u00e8de des serveurs DNS auxquels on peut se connecter et utiliser des services. Souvent, le propri\u00e9taire surveille les utilisateurs pour lire les donn\u00e9es, suivre les actions et d\u00e9terminer les applications utilis\u00e9es. Les donn\u00e9es sont ensuite exploit\u00e9es par l&#8217;utilisateur, ou par un tiers, pour cr\u00e9er un portrait num\u00e9rique de l&#8217;utilisateur.<\/p>\n<p>Ne pas autoriser l&#8217;autosurveillance sur Internet &#8211; utiliser des serveurs DNS VPN RUS. V\u00e9rifiez la fuite et prot\u00e9gez vos donn\u00e9es.<\/p>        \n                        <a id=\"qa-avoid-dns\"\n               href=\"https:\/\/account.freevpnplanet.com\/fr\/order\/\"\n               target=\"\"\n              class=\"cta\">Eviter les fuites de DNS            <\/a>\n                  <\/div>\n\n      <div class=\"dns-propagation__context\">\n        <div class=\"dns-propagation__check\">\n          <div class=\"dns-propagation__status dns-propagation__status--undefined\" id=\"status-undefined\">\n            <img decoding=\"async\" src=\"https:\/\/freevpnplanet.com\/wp-content\/themes\/planetvpn\/assets\/images\/pages\/dns-check\/logo-unprotected.svg\" alt=\"Icon undefined\">\n            <span>Checking&#8230;<\/span>\n          <\/div>\n          <div class=\"dns-propagation__status dns-propagation__status--protected\" id=\"status-protected\">\n            <img decoding=\"async\" src=\"https:\/\/freevpnplanet.com\/wp-content\/themes\/planetvpn\/assets\/images\/pages\/dns-check\/logo-protected.svg\" alt=\"Icon Protected\">\n            <span>Vos requ\u00eates DNS sont s\u00e9curis\u00e9es!<\/span>\n          <\/div>\n          <div class=\"dns-propagation__status dns-propagation__status--unprotected\" id=\"status-unprotected\">\n            <img decoding=\"async\" src=\"https:\/\/freevpnplanet.com\/wp-content\/themes\/planetvpn\/assets\/images\/pages\/dns-check\/logo-unprotected.svg\" alt=\"Icon Uprotected\">\n            <span>Vos requ\u00eates DNS pourraient avoir une fuite!<\/span>\n          <\/div>\n        <\/div>\n\n        <div class=\"dns-propagation__result\">\n          <span>Adresse Ip:<\/span>\n          <span class=\"dns-propagation__ip\" id=\"dns-propagation-ip\">XXX.XXX.XX.XX<\/span>\n        <\/div>\n\n                  <div class=\"dns-propagation__final-text\">Si on utilise un VPN, mais on voit quand m\u00eame l&#8217;adresse DNS du serveur de son fournisseur, il y a une fuite au niveau du syst\u00e8me. Les propri\u00e9taires des serveurs DNS qu&#8217;on utilise peuvent voir tous les sites web qu&#8217;on visite.<\/div>\n        \n      <\/div>\n    <\/div>\n  <\/div>\n\n  <div class=\"tools-hero__menu\"><ul id=\"menu-tools-menu-french\" class=\"menu\"><li id=\"menu-item-117453\" class=\"menu-item\"><a id=\"qa-dns-leak-test\" href=\"https:\/\/freevpnplanet.com\/fr\/dns-check\/\">DNS check<\/a><\/li>\n<li id=\"menu-item-117454\" class=\"menu-item\"><a id=\"qa-webrtc-leak-test\" href=\"https:\/\/freevpnplanet.com\/fr\/web-rtc\/\">Web RTC<\/a><\/li>\n<li id=\"menu-item-117455\" class=\"menu-item\"><a id=\"qa-virus-scan\" href=\"https:\/\/freevpnplanet.com\/fr\/virus-scan\/\">Virus scan<\/a><\/li>\n<li id=\"menu-item-117531\" class=\"menu-item\"><a id=\"qa-what-is-my-ip\" href=\"https:\/\/freevpnplanet.com\/fr\/ip-check\/\">IP Check<\/a><\/li>\n<li id=\"menu-item-117532\" class=\"menu-item\"><a id=\"qa-generate-password\" href=\"https:\/\/freevpnplanet.com\/fr\/password-generator\/\">Password generator<\/a><\/li>\n<\/ul><\/div>\n<\/section>\n\n<section class=\"two-col-content custom-block align-full  rtl ratio-normal image image-visible-on-mobile-yes\" style=''>\n\n    <div class=\"gutenberg-block-background\"><\/div>\n    <div class=\"two-col-content__container inner-container\">\n                    <h2 class=\"two-col-content__title\">QU&#8217;EST-CE QU&#8217;UNE FUITE DE DNS?<\/h2>\n        \n                    <div class=\"two-col-content__description\"><p>M\u00eame si on poss\u00e8de le meilleur VPN connect\u00e9, h\u00e9las, ses capacit\u00e9s techniques ne garantissent pas la protection des requ\u00eates DNS de votre ordinateur ou de votre appareil mobile. Et ce facteur ne d\u00e9pend pas de la fiabilit\u00e9 du cryptage du trafic. Si une fuite DNS a lieu, cela signifie que des \u00e9trangers verront les ressources web que l&#8217;utilisateur visite, les actions qu&#8217;il effectue et les applications qu&#8217;il ouvre et utilise \u00e0 des fins personnelles.<\/p>\n<p>Le DNS est un syst\u00e8me sp\u00e9cial de carnets d&#8217;adresses, qui est directement li\u00e9 \u00e0 toutes les manipulations qu&#8217;on effectue en naviguant sur Internet. Par exemple, un navigateur ou une application utilise le DNS pour r\u00e9aliser une recherche de serveur afin de g\u00e9n\u00e9rer une connexion ult\u00e9rieure entre les services et les sites dont le client a besoin. Le appareil transmet les demandes et re\u00e7oit des instructions de r\u00e9ponse pour rechercher les donn\u00e9es cibles. Par cons\u00e9quent, ce sont les requ\u00eates DNS qui d\u00e9terminent le niveau global de confidentialit\u00e9 des donn\u00e9es de l&#8217;utilisateur et peuvent \u00e9galement constituer un risque pour la s\u00e9curit\u00e9. La v\u00e9rification du DNS est facile: il faut se connecter \u00e0 Planet VPN et se prot\u00e9ger contre les cybermenaces.<\/p><\/div>\n        \n                    <img decoding=\"async\" width=\"436\" height=\"436\" src=\"https:\/\/freevpnplanet.com\/wp-content\/uploads\/2024\/05\/rvpn-dns.8814bf7-20240514_122744_989247.svg\" class=\"two-col-content__image\" alt=\"\" \/>        \n            <\/div>\n<\/section>\n\n\n<section class=\"cta-section custom-block align-full \" style=''>\n\n    <div class=\"gutenberg-block-background\"><\/div>\n    <div class=\"cta-section__inner\">\n                    <div class=\"cta-section__cta\">\n                                    <a href=\"\/fr\/plans\/\" target=\"_self\" id=\"qa-download-free-space\" class=\"cta download-by-platform cta--with-border cta-size--small icon-position--icon-left\" style=\"--button-background-color: var(--green);--button-background-color-hover: var(--green-hover);--button-background-color-pressed: var(--green-pressed);--border-radius:40px\"><span class=\"cta__name\">T\u00e9l\u00e9charger gratuitement<\/span><\/a>                            <\/div>\n            <\/div>\n<\/section>\n\n<section class=\"two-col-content custom-block align-full  rtl ratio-normal text image-visible-on-mobile-no\" style='--background-color:var(--background-blue)'>\n\n    <div class=\"gutenberg-block-background\"><\/div>\n    <div class=\"two-col-content__container inner-container\">\n        \n                    <div class=\"two-col-content__description\"><p>Lorsque le VPN n&#8217;est pas activ\u00e9 sur l&#8217;ordinateur personnel, le service DNS fourni par le FAI est responsable du mode de s\u00e9curit\u00e9. Mais lorsque le Planet VPN est connect\u00e9, seuls les serveurs DNS de ce service sont activ\u00e9s. La protection compl\u00e8te est garantie et les risques de fuite d&#8217;informations sont minimis\u00e9s. L&#8217;utilisation des serveurs DNS de Planet VPN pr\u00e9sente des avantages incontestables:<\/p>\n<ul>\n<li>Serveurs DNS haute performance Planet VPN;<\/li>\n<li>La sauvegarde des journaux d&#8217;activit\u00e9 et de connexion est compl\u00e8tement \u00e9limin\u00e9e ;<\/li>\n<li>Le cryptage le plus s\u00fbr du trafic.<\/li>\n<\/ul>\n<p>Le principe du travail consiste \u00e0 r\u00e9aliser les actions suivantes:<\/p>\n<ul>\n<li>Lorsqu&#8217;on a besoin d&#8217;ouvrir une page sur Internet, on remplit une demande pr\u00e9cise, puis on clique sur le lien cible;<\/li>\n<li>L&#8217;adresse s\u00e9lectionn\u00e9e est envoy\u00e9e dans un tunnel crypt\u00e9 vers le serveur DNS, formant ainsi un acc\u00e8s \u00e0 la ressource en question;<\/li>\n<li>Le serveur re\u00e7oit une r\u00e9ponse et celle-ci est transmise \u00e0 l&#8217;utilisateur pour ouvrir le site.<\/li>\n<\/ul>\n<p>Toutes ces actions sont g\u00e9n\u00e9r\u00e9es dans un canal de communication s\u00e9curis\u00e9, il n&#8217;y a donc aucun risque de piratage ou de fuite. On peut v\u00e9rifier le serveur DNS en ligne sur le site web de Planet VPN.<\/p>\n<p>&nbsp;<\/p><\/div>\n        \n                                    <h2 class=\"two-col-content__text\">COMMENT \u00c9VITER LES FUITES DE DNS EN UTILISANT LE SERVICE PLANET VPN<\/h2>\n                    \n                    <div class=\"two-col-content__cta\">\n                            <\/div>\n            <\/div>\n<\/section>\n\n\n<section class=\"image-text-static-image custom-block align-none  mobile-image-bottom   header-size-small text-size-small  pb-0--desktop\" style=''>\n\n    <div class=\"gutenberg-block-background\"><\/div>\n    <div class=\"image-text-static-image__inner inner-container\">\n                    <div class=\"image-text-static-image__content content-left\" style='--content-width: 50%'>\n                \n                <h2>FAUT-IL TOUJOURS V\u00c9RIFIER S\u2019IL Y A DES FUITES DE DNS ?<\/h2>\n<p>La v\u00e9rification du serveur DNS est une mesure de s\u00e9curit\u00e9 importante qui doit \u00eatre r\u00e9alis\u00e9e de mani\u00e8re r\u00e9guli\u00e8re. M\u00eame si on utilise d\u00e9j\u00e0 le service VPN, il existe un risque de s\u00e9curit\u00e9 associ\u00e9 \u00e0 la vuln\u00e9rabilit\u00e9 du DNS. Si une fuite d\u2019informations a lieu, elle est accompagn\u00e9e des actions suivantes:<\/p>\n<ol>\n<li>L\u2019ordinateur de l\u2019utilisateur n\u2019enverra pas de requ\u00eates DNS au tunnel Planet VPN, mais au r\u00e9seau public;<\/li>\n<li>L\u2019ordinateur de l\u2019utilisateur enverra des requ\u00eates DNS par le tunnel Planet VPN, mais elles arriveront au serveur externe au lieu d\u2019\u00eatre envoy\u00e9es \u00e0 l\u2019h\u00f4te prot\u00e9g\u00e9;<\/li>\n<li>Dans ces deux cas, les \u00e9trangers peuvent voir tous les sites que l\u2019utilisateur visitera, ainsi que toutes les applications et tous les programmes utilis\u00e9s dans son travail.<\/li>\n<\/ol>\n                \n                \n\n            <\/div>\n        \n                    <div class=\"bg-image-wrapper bg-image-wrapper--desktop  right image-align--center\" style='--image-max-width: 50%'>\n                <figure>\n                    <img width=\"436\" height=\"436\" src=\"https:\/\/freevpnplanet.com\/wp-content\/uploads\/2024\/05\/rvpn-zoom.0cb093a-20240514_130633_582621.svg\" class=\"attachment-full size-full\" alt=\"\" loading=\"lazy\" decoding=\"sync\" fetchpriority=\"low\" style=\"max-width:440px\" sizes=\"auto, (max-width: 440px) 100vw, 440px\" aria-hidden=\"true\" \/>                    <!-- <img decoding=\"async\" width=\"436\" height=\"436\" src=\"https:\/\/freevpnplanet.com\/wp-content\/uploads\/2024\/05\/rvpn-zoom.0cb093a-20240514_130633_582621.svg\" class=\"attachment-full size-full\" alt=\"\" style=\"max-width:440px\" \/> -->\n                <\/figure>\n            <\/div>\n        \n            <\/div>\n<\/section>\n\n\n<section class=\"image-text-static-image custom-block align-none  mobile-image-bottom   header-size-small text-size-small  pb-0--desktop\" style=''>\n\n    <div class=\"gutenberg-block-background\"><\/div>\n    <div class=\"image-text-static-image__inner inner-container\">\n                    <div class=\"image-text-static-image__content content-right\" style='--content-width: 50%'>\n                \n                <h2>POURQUOI UNE FUITE DE DNS PEUT SE D\u00c9ROULER MALGR\u00c9 L\u2019ACTIVATION DU VPN ?<\/h2>\n<p>M\u00eame si on utilise le service VPN tout le temps, il peut y avoir des fuites de DNS. Voici les causes les plus fr\u00e9quentes de fuites de DNS:<\/p>\n<ol>\n<li>Le r\u00e9seau VPN a \u00e9t\u00e9 configur\u00e9 manuellement \u2013 ce qui augmente consid\u00e9rablement le risque de fuite d\u2019informations et de donn\u00e9es priv\u00e9es, et ajoute un facteur particulier \u00e0 la configuration du syst\u00e8me d\u2019exploitation du PC de l\u2019utilisateur. Si on se connecte au Planet VPN, les probl\u00e8mes de ce type sont exclus, on b\u00e9n\u00e9ficie d\u2019une protection totale;<\/li>\n<li>Les attaquants ont intercept\u00e9 le contr\u00f4le de votre routeur, de sorte que les requ\u00eates de son PC sont envoy\u00e9es au r\u00e9seau g\u00e9n\u00e9ral, et non pas \u00e0 un tunnel crypt\u00e9 ; cette situation a lieu le plus souvent lorsqu\u2019on utilise une connexion Wi-Fi dans des lieux publics (centre commercial, club sportif, caf\u00e9, parc, etc.). Il suffit d\u2019utiliser le service Planet VPN pour \u00e9liminer tous les risques et les vuln\u00e9rabilit\u00e9s potentielles;<\/li>\n<li>Le DNS a \u00e9t\u00e9 configur\u00e9 manuellement et la commande de ne pas utiliser une connexion via le serveur Planet VPN a \u00e9t\u00e9 activ\u00e9e \u2013 il est pr\u00e9f\u00e9rable d\u2019\u00e9viter ce type d\u2019\u00e9v\u00e9nements m\u00eame si on est un utilisateur exp\u00e9riment\u00e9, car cela perturbe la cybers\u00e9curit\u00e9 globale de son ordinateur.<\/li>\n<\/ol>\n                \n                \n\n            <\/div>\n        \n                    <div class=\"bg-image-wrapper bg-image-wrapper--desktop  left image-align--center\" style='--image-max-width: 50%'>\n                <figure>\n                    <img width=\"436\" height=\"436\" src=\"https:\/\/freevpnplanet.com\/wp-content\/uploads\/2024\/05\/rvpn-virus.9f94f39-20240514_130630_667594.svg\" class=\"attachment-full size-full\" alt=\"\" loading=\"lazy\" decoding=\"sync\" fetchpriority=\"low\" style=\"max-width:440px\" sizes=\"auto, (max-width: 440px) 100vw, 440px\" aria-hidden=\"true\" \/>                    <!-- <img decoding=\"async\" width=\"436\" height=\"436\" src=\"https:\/\/freevpnplanet.com\/wp-content\/uploads\/2024\/05\/rvpn-virus.9f94f39-20240514_130630_667594.svg\" class=\"attachment-full size-full\" alt=\"\" style=\"max-width:440px\" \/> -->\n                <\/figure>\n            <\/div>\n        \n            <\/div>\n<\/section>\n\n\n<section class=\"wrapper custom-block align-none    \" style=''>\n\n    <div class=\"gutenberg-block-background\"><\/div>\n    <div class=\"wrapper__inner inner-container\">\n        \n\n<div class=\"buttons custom-block align-center \">\n                        <a href=\"\/fr\/plans\/\" target=\"_self\" id=\"qa-download-free-info\" class=\"cta download-by-platform cta--with-border cta-size--small cta-mt--initial icon-position--icon-left\" style=\"--border-radius:40px\"><span class=\"cta__name\">T\u00e9l\u00e9charger gratuitement<\/span><\/a>            <\/div>\n\n    <\/div>\n\n<\/section>","protected":false},"excerpt":{"rendered":"","protected":false},"author":13,"featured_media":0,"parent":0,"menu_order":0,"comment_status":"closed","ping_status":"closed","template":"templates\/page_template-basic_for_gutenberg.php","meta":{"_acf_changed":false,"inline_featured_image":false,"footnotes":""},"download_by_lite_tag":[],"class_list":["post-97786","page","type-page","status-publish","hentry"],"yoast_head":"<!-- This site is optimized with the Yoast SEO plugin v22.6 - https:\/\/yoast.com\/wordpress\/plugins\/seo\/ -->\n<title>V\u00e9rification DNS - V\u00e9rification de la propagation DNS en ligne - Planet VPN<\/title>\n<meta name=\"description\" content=\"Si votre DNS a une fuite, vos demandes sont envoy\u00e9es par un tunnel VPN crypt\u00e9. V\u00e9rifiez si votre VPN pr\u00e9sente une fuite DNS indiquant votre emplacement r\u00e9el. Avec Planet VPN, vous \u00eates garanti d&#039;une confidentialit\u00e9 totale et d&#039;une protection contre la fuite DNS.\" \/>\n<meta name=\"robots\" content=\"index, follow, max-snippet:-1, max-image-preview:large, max-video-preview:-1\" \/>\n<link rel=\"canonical\" href=\"https:\/\/freevpnplanet.com\/fr\/dns-check\/\" \/>\n<meta property=\"og:locale\" content=\"fr_FR\" \/>\n<meta property=\"og:type\" content=\"article\" \/>\n<meta property=\"og:title\" content=\"V\u00e9rification DNS - V\u00e9rification de la propagation DNS en ligne - Planet VPN\" \/>\n<meta property=\"og:description\" content=\"Si votre DNS a une fuite, vos demandes sont envoy\u00e9es par un tunnel VPN crypt\u00e9. V\u00e9rifiez si votre VPN pr\u00e9sente une fuite DNS indiquant votre emplacement r\u00e9el. Avec Planet VPN, vous \u00eates garanti d&#039;une confidentialit\u00e9 totale et d&#039;une protection contre la fuite DNS.\" \/>\n<meta property=\"og:url\" content=\"https:\/\/freevpnplanet.com\/fr\/dns-check\/\" \/>\n<meta property=\"og:site_name\" content=\"Planet VPN\" \/>\n<meta property=\"article:modified_time\" content=\"2024-12-27T14:26:41+00:00\" \/>\n<meta name=\"twitter:card\" content=\"summary_large_image\" \/>\n<script type=\"application\/ld+json\" class=\"yoast-schema-graph\">{\"@context\":\"https:\/\/schema.org\",\"@graph\":[{\"@type\":\"WebPage\",\"@id\":\"https:\/\/freevpnplanet.com\/fr\/dns-check\/\",\"url\":\"https:\/\/freevpnplanet.com\/fr\/dns-check\/\",\"name\":\"V\u00e9rification DNS - V\u00e9rification de la propagation DNS en ligne - Planet VPN\",\"isPartOf\":{\"@id\":\"https:\/\/freevpnplanet.com\/fr\/#website\"},\"datePublished\":\"2024-05-13T17:27:17+00:00\",\"dateModified\":\"2024-12-27T14:26:41+00:00\",\"description\":\"Si votre DNS a une fuite, vos demandes sont envoy\u00e9es par un tunnel VPN crypt\u00e9. V\u00e9rifiez si votre VPN pr\u00e9sente une fuite DNS indiquant votre emplacement r\u00e9el. Avec Planet VPN, vous \u00eates garanti d'une confidentialit\u00e9 totale et d'une protection contre la fuite DNS.\",\"breadcrumb\":{\"@id\":\"https:\/\/freevpnplanet.com\/fr\/dns-check\/#breadcrumb\"},\"inLanguage\":\"fr\",\"potentialAction\":[{\"@type\":\"ReadAction\",\"target\":[\"https:\/\/freevpnplanet.com\/fr\/dns-check\/\"]}]},{\"@type\":\"BreadcrumbList\",\"@id\":\"https:\/\/freevpnplanet.com\/fr\/dns-check\/#breadcrumb\",\"itemListElement\":[{\"@type\":\"ListItem\",\"position\":1,\"name\":\"Home\",\"item\":\"https:\/\/freevpnplanet.com\/fr\/\"},{\"@type\":\"ListItem\",\"position\":2,\"name\":\"DNS check\"}]},{\"@type\":\"WebSite\",\"@id\":\"https:\/\/freevpnplanet.com\/fr\/#website\",\"url\":\"https:\/\/freevpnplanet.com\/fr\/\",\"name\":\"Planet VPN \ud83d\udee1\ufe0f\ud83c\udf10 Free VPN\",\"description\":\"Free VPN\",\"potentialAction\":[{\"@type\":\"SearchAction\",\"target\":{\"@type\":\"EntryPoint\",\"urlTemplate\":\"https:\/\/freevpnplanet.com\/fr\/?s={search_term_string}\"},\"query-input\":\"required name=search_term_string\"}],\"inLanguage\":\"fr\",\"publisher\":{\"@id\":\"https:\/\/freevpnplanet.com\/fr\/#organization\"}},{\"@context\":\"https:\/\/schema.org\/\",\"@type\":\"SoftwareApplication\",\"name\":\"Planet VPN \ud83d\udee1\ufe0f\ud83c\udf10 Free VPN\",\"operatingSystem\":\"Windows, macOS, iOS, Android, Linux, Chrome\",\"applicationCategory\":\"SecurityApplication\",\"offers\":{\"@type\":\"AggregateOffer\",\"priceCurrency\":\"USD\",\"price\":\"0\",\"lowPrice\":\"0\",\"availability\":\"https:\/\/schema.org\/InStock\"},\"aggregateRating\":{\"@type\":\"AggregateRating\",\"ratingValue\":\"4.8\",\"bestRating\":\"5\",\"ratingCount\":\"12476\"}},{\"@type\":\"Organization\",\"@id\":\"https:\/\/freevpnplanet.com\/fr\/#organization\",\"url\":\"https:\/\/freevpnplanet.com\/fr\/\",\"name\":\"Planet VPN \ud83d\udee1\ufe0f\ud83c\udf10 Free VPN\"}]}<\/script>\n<!-- \/ Yoast SEO plugin. -->","yoast_head_json":{"title":"V\u00e9rification DNS - V\u00e9rification de la propagation DNS en ligne - Planet VPN","description":"Si votre DNS a une fuite, vos demandes sont envoy\u00e9es par un tunnel VPN crypt\u00e9. V\u00e9rifiez si votre VPN pr\u00e9sente une fuite DNS indiquant votre emplacement r\u00e9el. Avec Planet VPN, vous \u00eates garanti d'une confidentialit\u00e9 totale et d'une protection contre la fuite DNS.","robots":{"index":"index","follow":"follow","max-snippet":"max-snippet:-1","max-image-preview":"max-image-preview:large","max-video-preview":"max-video-preview:-1"},"canonical":"https:\/\/freevpnplanet.com\/fr\/dns-check\/","og_locale":"fr_FR","og_type":"article","og_title":"V\u00e9rification DNS - V\u00e9rification de la propagation DNS en ligne - Planet VPN","og_description":"Si votre DNS a une fuite, vos demandes sont envoy\u00e9es par un tunnel VPN crypt\u00e9. V\u00e9rifiez si votre VPN pr\u00e9sente une fuite DNS indiquant votre emplacement r\u00e9el. Avec Planet VPN, vous \u00eates garanti d'une confidentialit\u00e9 totale et d'une protection contre la fuite DNS.","og_url":"https:\/\/freevpnplanet.com\/fr\/dns-check\/","og_site_name":"Planet VPN","article_modified_time":"2024-12-27T14:26:41+00:00","twitter_card":"summary_large_image","schema":{"@context":"https:\/\/schema.org","@graph":[{"@type":"WebPage","@id":"https:\/\/freevpnplanet.com\/fr\/dns-check\/","url":"https:\/\/freevpnplanet.com\/fr\/dns-check\/","name":"V\u00e9rification DNS - V\u00e9rification de la propagation DNS en ligne - Planet VPN","isPartOf":{"@id":"https:\/\/freevpnplanet.com\/fr\/#website"},"datePublished":"2024-05-13T17:27:17+00:00","dateModified":"2024-12-27T14:26:41+00:00","description":"Si votre DNS a une fuite, vos demandes sont envoy\u00e9es par un tunnel VPN crypt\u00e9. V\u00e9rifiez si votre VPN pr\u00e9sente une fuite DNS indiquant votre emplacement r\u00e9el. Avec Planet VPN, vous \u00eates garanti d'une confidentialit\u00e9 totale et d'une protection contre la fuite DNS.","breadcrumb":{"@id":"https:\/\/freevpnplanet.com\/fr\/dns-check\/#breadcrumb"},"inLanguage":"fr","potentialAction":[{"@type":"ReadAction","target":["https:\/\/freevpnplanet.com\/fr\/dns-check\/"]}]},{"@type":"BreadcrumbList","@id":"https:\/\/freevpnplanet.com\/fr\/dns-check\/#breadcrumb","itemListElement":[{"@type":"ListItem","position":1,"name":"Home","item":"https:\/\/freevpnplanet.com\/fr\/"},{"@type":"ListItem","position":2,"name":"DNS check"}]},{"@type":"WebSite","@id":"https:\/\/freevpnplanet.com\/fr\/#website","url":"https:\/\/freevpnplanet.com\/fr\/","name":"Planet VPN \ud83d\udee1\ufe0f\ud83c\udf10 Free VPN","description":"Free VPN","potentialAction":[{"@type":"SearchAction","target":{"@type":"EntryPoint","urlTemplate":"https:\/\/freevpnplanet.com\/fr\/?s={search_term_string}"},"query-input":"required name=search_term_string"}],"inLanguage":"fr","publisher":{"@id":"https:\/\/freevpnplanet.com\/fr\/#organization"}},{"@context":"https:\/\/schema.org\/","@type":"SoftwareApplication","name":"Planet VPN \ud83d\udee1\ufe0f\ud83c\udf10 Free VPN","operatingSystem":"Windows, macOS, iOS, Android, Linux, Chrome","applicationCategory":"SecurityApplication","offers":{"@type":"AggregateOffer","priceCurrency":"USD","price":"0","lowPrice":"0","availability":"https:\/\/schema.org\/InStock"},"aggregateRating":{"@type":"AggregateRating","ratingValue":"4.8","bestRating":"5","ratingCount":"12476"}},{"@type":"Organization","@id":"https:\/\/freevpnplanet.com\/fr\/#organization","url":"https:\/\/freevpnplanet.com\/fr\/","name":"Planet VPN \ud83d\udee1\ufe0f\ud83c\udf10 Free VPN"}]}},"acf":[],"_links":{"self":[{"href":"https:\/\/freevpnplanet.com\/fr\/wp-json\/wp\/v2\/pages\/97786","targetHints":{"allow":["GET"]}}],"collection":[{"href":"https:\/\/freevpnplanet.com\/fr\/wp-json\/wp\/v2\/pages"}],"about":[{"href":"https:\/\/freevpnplanet.com\/fr\/wp-json\/wp\/v2\/types\/page"}],"author":[{"embeddable":true,"href":"https:\/\/freevpnplanet.com\/fr\/wp-json\/wp\/v2\/users\/13"}],"replies":[{"embeddable":true,"href":"https:\/\/freevpnplanet.com\/fr\/wp-json\/wp\/v2\/comments?post=97786"}],"version-history":[{"count":2,"href":"https:\/\/freevpnplanet.com\/fr\/wp-json\/wp\/v2\/pages\/97786\/revisions"}],"predecessor-version":[{"id":150597,"href":"https:\/\/freevpnplanet.com\/fr\/wp-json\/wp\/v2\/pages\/97786\/revisions\/150597"}],"wp:attachment":[{"href":"https:\/\/freevpnplanet.com\/fr\/wp-json\/wp\/v2\/media?parent=97786"}],"wp:term":[{"taxonomy":"download_by_lite_tag","embeddable":true,"href":"https:\/\/freevpnplanet.com\/fr\/wp-json\/wp\/v2\/download_by_lite_tag?post=97786"}],"curies":[{"name":"wp","href":"https:\/\/api.w.org\/{rel}","templated":true}]}}