{"id":98499,"date":"2024-06-03T19:16:22","date_gmt":"2024-06-03T16:16:22","guid":{"rendered":"https:\/\/help.freeplanetvpn.com\/virus-scan\/"},"modified":"2026-01-20T15:17:13","modified_gmt":"2026-01-20T12:17:13","slug":"virus-scan","status":"publish","type":"page","link":"https:\/\/freevpnplanet.com\/fr\/virus-scan\/","title":{"rendered":"Virus scan"},"content":{"rendered":"\n<section class=\"virus-scan-hero\">\n  <div class=\"virus-scan-hero__inner container\">\n    <div class=\"virus-scan\">\n\n              <h1 class=\"virus-scan__title\">Analyse antivirus gratuite en ligne &#8211; Fichier ou URL<\/h1>\n      \n              <div class=\"virus-scan__text\"><p>Le service Planet VPN est une solution efficace et profitable pour analyser rapidement tous les fichiers suspects et les liens d&#8217;adresse, identifier les menaces potentielles et la pr\u00e9sence de virus et d&#8217;\u00e9l\u00e9ments malveillants. La recherche de virus par Planet VPN est s\u00fbre, s\u00e9curis\u00e9e et rapide.<\/p><\/div>\n      \n      <div class=\"virus-scan__content\">\n        <div class=\"virus-scan__tab\">\n\n          <button class=\"virus-scan__tab-button virus-scan__tab-button--selected\" id=\"qa-file-tab\" data-tab=\"file\">\n            <img decoding=\"async\" src=\"\/wp-content\/themes\/planetvpn\/assets\/images\/pages\/virus-scan\/doc.svg\" alt=\"document icon\" >\n            Fichier          <\/button>\n\n          <button class=\"virus-scan__tab-button\" id=\"qa-url-tab\" data-tab=\"url\">\n            <img decoding=\"async\" src=\"\/wp-content\/themes\/planetvpn\/assets\/images\/pages\/virus-scan\/file.svg\" alt=\"file icon\" >\n            Url          <\/button>\n\n          <form name=\"virus-scan-file-form\" method=\"post\" class=\"virus-scan__form virus-scan__form--active\" data-target-tab=\"file\">\n            <div class=\"virus-scan__form-group\">\n              <label class=\"virus-scan__label\">\n                <span>S\u00e9lectionner le fichier<\/span>\n                <u class=\"virus-scan__filename-inner\">Aucun fichier s\u00e9lectionn\u00e9<\/u>\n                <input type=\"file\" name=\"file_upload\" class=\"virus-scan__input-file\" id=\"qa-upload-field\" required \/>\n              <\/label>\n\n              <button type=\"submit\" class=\"virus-scan__submit-button\">\n                <img decoding=\"async\" src=\"\/wp-content\/themes\/planetvpn\/assets\/images\/pages\/virus-scan\/dow.svg\" alt=\"download icon\" >\n              <\/button>\n            <\/div>\n\n            <div class=\"virus-scan__results\"><\/div>\n\n            <button id=\"qa-scan-button\" type=\"submit\" class=\"cta CTA main-btn-file\">\n              <span>V\u00e9rifier<\/span>\n            <\/button>\n          <\/form>\n\n          <form name=\"virus-scan-url-form\" method=\"post\" class=\"virus-scan__form\" data-target-tab=\"url\">\n            <div class=\"virus-scan__form-group\">\n              <label class=\"virus-scan__label\">\n                <span>Url<\/span>\n                <input type=\"url\" name=\"url_input\" class=\"virus-scan__input-url\" required \/>\n              <\/label>\n\n              <button type=\"submit\" class=\"virus-scan__submit-button\">\n                <img decoding=\"async\" src=\"\/wp-content\/themes\/planetvpn\/assets\/images\/pages\/virus-scan\/dow.svg\" alt=\"download icon\" >\n              <\/button>\n            <\/div>\n\n            <div class=\"virus-scan__results\"><\/div>\n\n            <button id=\"main-btn-url\" type=\"submit\" class=\"cta CTA\">\n              <span>V\u00e9rifier<\/span>\n            <\/button>\n          <\/form>\n        <\/div>\n      <\/div>\n    <\/div>\n  <\/div>\n\n  <div class=\"virus-scan-hero__menu\"><ul id=\"menu-tools-menu-french\" class=\"menu\"><li id=\"menu-item-117453\" class=\"menu-item\"><a id=\"qa-dns-leak-test\" href=\"https:\/\/freevpnplanet.com\/fr\/dns-check\/\">DNS check<\/a><\/li>\n<li id=\"menu-item-117454\" class=\"menu-item\"><a id=\"qa-webrtc-leak-test\" href=\"https:\/\/freevpnplanet.com\/fr\/web-rtc\/\">Web RTC<\/a><\/li>\n<li id=\"menu-item-117455\" class=\"menu-item\"><a id=\"qa-virus-scan\" href=\"https:\/\/freevpnplanet.com\/fr\/virus-scan\/\">Virus scan<\/a><\/li>\n<li id=\"menu-item-117531\" class=\"menu-item\"><a id=\"qa-what-is-my-ip\" href=\"https:\/\/freevpnplanet.com\/fr\/ip-check\/\">IP Check<\/a><\/li>\n<li id=\"menu-item-117532\" class=\"menu-item\"><a id=\"qa-generate-password\" href=\"https:\/\/freevpnplanet.com\/fr\/password-generator\/\">Password generator<\/a><\/li>\n<\/ul><\/div>\n<\/section>\n\n<section class=\"two-col-content custom-block align-full  rtl ratio-normal text image-visible-on-mobile-no\" style='--background-color:var(--background-blue)'>\n\n    <div class=\"gutenberg-block-background\"><\/div>\n    <div class=\"two-col-content__container inner-container\">\n        \n                    <div class=\"two-col-content__description\"><p>Le plus grand nombre de menaces pour les utilisateurs d&#8217;ordinateurs se trouve sur Internet lorsqu&#8217;on se rend sur des sites, qu&#8217;on ouvre des banni\u00e8res publicitaires ou qu&#8217;on clique sur des bo\u00eetes de dialogue suppl\u00e9mentaires, qu&#8217;on t\u00e9l\u00e9charge des fichiers et des archives. On ne sait jamais quand un objet malveillant va appara\u00eetre sur son ordinateur, surtout si la protection antivirus ou le VPN n&#8217;est pas actif sur le dispositif.<\/p>\n<p>Actuellement, parmi les dangers de l&#8217;Internet qui menacent de perturber le syst\u00e8me ou le piratage informatique, les suivants sont mis en \u00e9vidence:<\/p>\n<ul>\n<li>Virus du cheval de Troie;<\/li>\n<li>Objets de chargement;<\/li>\n<li>Attaques DNS et fuites d&#8217;informations.<\/li>\n<\/ul>\n<p>Si on navigue sur Internet sans t\u00e9l\u00e9charger des fichiers, on court toujours un grand risque, une forte probabilit\u00e9 de violation de la s\u00e9curit\u00e9 en raison de:<\/p>\n<ul>\n<li>Volant des donn\u00e9es lors de leur transmission sur le r\u00e9seau;<\/li>\n<li>De blocages et de restrictions dans votre pays ou r\u00e9gion;<\/li>\n<li>De spammeurs essayant de vous d\u00e9sorienter et de vous compromettre.<\/li>\n<\/ul><\/div>\n        \n                                    <h2 class=\"two-col-content__text\">\u00c0 QUEL POINT EST-IL IMPORTANT DE CONTR\u00d4LER LA S\u00c9CURIT\u00c9 DES VIRUS SUR SON PC ?<\/h2>\n                    \n            <\/div>\n<\/section>\n\n\n<div class=\"container-box custom-block align-full \" style='--background-color:var(--dark-blue-0); --text-color:var(--white)'>\n\n    <div class=\"gutenberg-block-background\"><img decoding=\"async\" width=\"1366\" height=\"312\" src=\"https:\/\/freevpnplanet.com\/wp-content\/uploads\/2024\/05\/rvpn-galactic.8e29189-20240514_122917_086039.svg\" class=\"gutenberg-block-background__image-desktop background-image\" alt=\"bg-image-desktop\" title=\"bg-image-desktop\" \/><img decoding=\"async\" width=\"1366\" height=\"312\" src=\"https:\/\/freevpnplanet.com\/wp-content\/uploads\/2024\/05\/rvpn-galactic.8e29189-20240514_122917_086039.svg\" class=\"gutenberg-block-background__image-mobile background-image\" alt=\"bg-image-mobile\" title=\"bg-image-mobile\" \/><\/div>\n    <div class=\"container-box__inner inner-container\">\n        \n\n<div class=\"buttons custom-block align-center \">\n                        <a href=\"\/fr\/plans\/\" target=\"_self\" id=\"qa-download-free-space\" class=\"cta download-by-platform cta--with-border cta-size--small cta-mt--initial icon-position--icon-left\" style=\"--border-radius:40px\"><span class=\"cta__name\">T\u00e9l\u00e9charger gratuitement<\/span><\/a>            <\/div>\n\n    <\/div>\n\n<\/div>\n\n\n\n<section class=\"image-text custom-block align-none   mobile-image-bottom mobile-title-center  header-size-medium text-size-small   content-right\" style='overflow: hidden;;;--min-height-mobile:400px;--min-height-desktop:600px;--content-width:50%'>\n\n    <div class=\"gutenberg-block-background\"><\/div>\n    <div class=\"image-text__inner inner-container\">\n\n        \n                    <div class=\"image-text__content\">\n\n                <h2>O\u00d9 SONT V\u00c9RIFI\u00c9S LES VIRUS<\/h2>\n\n\n\n<p>La s\u00e9curit\u00e9 du site qu&#8217;on visite est un facteur important pour chaque utilisateur qui navigue sur Internet. Mais comment s&#8217;assurer que la ressource web sur laquelle on se rend pour obtenir l&#8217;information cibl\u00e9e est sans virus et ne repr\u00e9sente aucune menace ? Pour le site lui-m\u00eame, cela est \u00e9galement important, car cela affecte sa fiabilit\u00e9 et son classement.<\/p>\n<ol>\n<li>L&#8217;antivirus a bloqu\u00e9 un site web potentiellement dangereux;<\/li>\n<li>Il y a une redirection sans raison;<\/li>\n<li>Le trafic du site web a consid\u00e9rablement diminu\u00e9;<\/li>\n<li>Une alerte au virus a \u00e9t\u00e9 re\u00e7ue de la part d&#8217;autres utilisateurs;<\/li>\n<li>L&#8217;\u00e9mail est bloqu\u00e9 par le fournisseur d&#8217;h\u00e9bergement.<\/li>\n<\/ol>\n<p>Le service Planet VPN permet d&#8217;effectuer une recherche rapide de virus en ligne sur n&#8217;importe quelle ressource web pour v\u00e9rifier sa pr\u00e9sence:<\/p>\n<ol>\n<li>Codes malveillants;<\/li>\n<li>Vers;<\/li>\n<li>Programmes du cheval de Troie;<\/li>\n<li>D&#8217;autres objets malveillants.<\/li>\n<\/ol>\n<p>Afin de prot\u00e9ger la confidentialit\u00e9 de l&#8217;utilisateur, le VPN recherche et \u00e9limine les dangers suivants:<\/p>\n<p><a id=\"qa-dns-link\" class=\"\" href=\"https:\/\/freevpnplanet.com\/fr\/dns-check\/\">V\u00e9rification des fuites du DNS<\/a><br \/><a id=\"qa-ip-address-link\" href=\"https:\/\/freevpnplanet.com\/fr\/ip-check\/\">V\u00e9rification de l&#8217;adresse IP<\/a><\/p>\n                \n            <\/div>\n        \n                    <div class=\"bg-image-wrapper bg-image-wrapper--desktop left image-align--center\">\n                <figure style='--image-max-width:437px;--image-opacity:1.00;width: calc(50% - 20px)'>\n                    <img decoding=\"async\" width=\"436\" height=\"436\" src=\"https:\/\/freevpnplanet.com\/wp-content\/uploads\/2024\/05\/rvpn-virus.b86bc7a1-20240528_152401_495798.svg\" class=\"bg-image\" alt=\"Background Image for Desktop\" \/>                <\/figure>\n            <\/div>\n        \n                    <div class=\"bg-image-wrapper bg-image-wrapper--mobile regular-image\">\n                <figure style='width: 100%;max-width: 480px;opacity: 1.00;margin-top: 24px'>\n                    <img decoding=\"async\" width=\"436\" height=\"436\" src=\"https:\/\/freevpnplanet.com\/wp-content\/uploads\/2024\/05\/rvpn-virus.b86bc7a1-20240528_152401_495798.svg\" class=\"bg-image\" alt=\"Background Image for Mobile\" \/>                <\/figure>\n            <\/div>\n            <\/div>\n<\/section>\n\n<section class=\"two-col-content custom-block align-full  rtl ratio-normal text image-visible-on-mobile-no\" style='--background-color:var(--background-blue)'>\n\n    <div class=\"gutenberg-block-background\"><\/div>\n    <div class=\"two-col-content__container inner-container\">\n        \n                    <div class=\"two-col-content__description\"><p>Lorsque votre ordinateur ou votre dispositif portable est prot\u00e9g\u00e9, plus aucune attaque et les risques pour le syst\u00e8me d&#8217;exploitation ne font peur. Cependant, il ne suffit pas d&#8217;utiliser un logiciel anti-virus, qui est responsable de la s\u00e9curit\u00e9 superficielle. Le principe de fonctionnement du Planet VPN est organis\u00e9 de sorte que non seulement l&#8217;adresse IP r\u00e9elle de l&#8217;utilisateur est cach\u00e9e, mais aussi que le trafic d&#8217;informations est enti\u00e8rement chiffr\u00e9. On pourra appliquer la fonction de recherche de virus ou l&#8217;URL de recherche de virus s\u00e9par\u00e9ment pour \u00e9viter de visiter des sites suspects ou dangereux afin de pr\u00e9server sa propre s\u00e9curit\u00e9.<\/p>\n<p>Le scanner de virus en ligne de Planet VPN fournit une protection compl\u00e8te et une confidentialit\u00e9 des donn\u00e9es de l&#8217;utilisateur et de l&#8217;appareil lorsque vous utilisez l\u2019Internet. Le trafic est crypt\u00e9 et dirig\u00e9 vers un tunnel s\u00e9curis\u00e9 : une technologie particuli\u00e8re pour garantir la s\u00e9curit\u00e9 des donn\u00e9es lors de leur transmission sur le r\u00e9seau. Lorsqu&#8217;on a activ\u00e9 le VPN, on n&#8217;a pas \u00e0 craindre les attaques de virus et on peut naviguer confortablement en visitant les sites cibl\u00e9s.<\/p>\n<p>Utilisez un r\u00e9seau priv\u00e9 virtuel pour cr\u00e9er un mode anonyme combin\u00e9 avec des logiciels antivirus afin de garantir la multiprotection pour votre PC et de ne pas vous pr\u00e9occuper de la cybers\u00e9curit\u00e9 sur votre r\u00e9seau.<\/p><\/div>\n        \n                                    <h2 class=\"two-col-content__text\">COMMENT EFFECTUER UNE RECHERCHE DE VIRUS SUR UN SITE WEB EN LIGNE VIA PLANET VPN<\/h2>\n                    \n            <\/div>\n<\/section>\n\n\n<section class=\"image-text custom-block align-full   mobile-image-bottom mobile-title-center  header-size-medium text-size-small   content-right\" style='overflow: hidden;;;--min-height-mobile:400px;--min-height-desktop:600px;--content-width:60%'>\n\n    <div class=\"gutenberg-block-background\"><\/div>\n    <div class=\"image-text__inner inner-container\">\n\n        \n                    <div class=\"image-text__content\">\n\n                <h2>COMMENT PROT\u00c9GER VOTRE T\u00c9L\u00c9PHONE CONTRE LES VIRUS: MESURES DE S\u00c9CURIT\u00c9<\/h2>\n\n\n\n<p>Les smartphones gagnent en popularit\u00e9 et en sup\u00e9riorit\u00e9 par rapport aux PC de bureau. Il est particuli\u00e8rement pratique de se connecter \u00e0 Wi-Fi dans un club sportif, un caf\u00e9, un centre commercial et tout autre lieu public, si on a besoin de trouver rapidement des informations importantes ou de dialoguer dans les r\u00e9seaux sociaux. Cependant, la communication se fait par un tunnel non s\u00e9curis\u00e9 et des personnes non autoris\u00e9es peuvent facilement intercepter les donn\u00e9es de l&#8217;utilisateur, ce qui compromet consid\u00e9rablement la protection de sa confidentialit\u00e9 et la s\u00e9curit\u00e9 de ses donn\u00e9es.<\/p>\n<p>Lorsqu&#8217;on se connecte au VPN, un tunnel de connexion s\u00e9curis\u00e9 est g\u00e9n\u00e9r\u00e9 afin que les donn\u00e9es puissent \u00eatre transf\u00e9r\u00e9es secr\u00e8tement des parties non autoris\u00e9es. Tous les fichiers seront s\u00e9curis\u00e9s et il n&#8217;y aura aucun risque de piratage ou de vol.<\/p>\n<p>Planet VPN est une solution unique pour s\u00e9curiser simultan\u00e9ment vos donn\u00e9es et assurer la protection anti-virus de votre appareil mobile. Vous pourrez vous connecter \u00e0 Internet en mode anonyme et v\u00e9rifier simultan\u00e9ment l&#8217;absence de virus et de menaces \u00e9videntes ou potentielles.<\/p>\n                \n            <\/div>\n        \n                    <div class=\"bg-image-wrapper bg-image-wrapper--desktop left image-align--left\">\n                <figure style='--image-max-width:450px;--image-opacity:1.00;width: calc(40% - 20px)'>\n                    <img decoding=\"async\" width=\"451\" height=\"438\" src=\"https:\/\/freevpnplanet.com\/wp-content\/uploads\/2024\/06\/rvpn-phone-shild.af3491b-20240614_135258_408328.svg\" class=\"bg-image\" alt=\"Background Image for Desktop\" \/>                <\/figure>\n            <\/div>\n        \n                    <div class=\"bg-image-wrapper bg-image-wrapper--mobile regular-image\">\n                <figure style='width: 100%;max-width: 480px;opacity: 1.00;margin-top: 24px'>\n                    <img decoding=\"async\" width=\"451\" height=\"438\" src=\"https:\/\/freevpnplanet.com\/wp-content\/uploads\/2024\/06\/rvpn-phone-shild.af3491b-20240614_135258_408328.svg\" class=\"bg-image\" alt=\"Background Image for Mobile\" \/>                <\/figure>\n            <\/div>\n            <\/div>\n<\/section>\n\n<section class=\"two-col-content custom-block align-full  rtl ratio-normal text image-visible-on-mobile-no\" style='--background-color:var(--background-blue)'>\n\n    <div class=\"gutenberg-block-background\"><\/div>\n    <div class=\"two-col-content__container inner-container\">\n        \n                    <div class=\"two-col-content__description\"><p>Bien que les smartphones soient technologiquement avanc\u00e9s et sup\u00e9rieurs aux ordinateurs, ils restent vuln\u00e9rables aux virus et aux \u00e9l\u00e9ments dangereux qui peuvent facilement p\u00e9n\u00e9trer le syst\u00e8me \u00e0 partir du r\u00e9seau. Les logiciels espions et les chevaux de Troie peuvent discr\u00e8tement lire les donn\u00e9es des utilisateurs et les transmettre aux pirates pour des activit\u00e9s ill\u00e9gales. Les objets malveillants visent notamment \u00e0 voler des mots de passe, des codes d&#8217;acc\u00e8s, des cartes de paiement et des emails. Un dispositif infect\u00e9 fonctionne plus lentement et le trafic augmente consid\u00e9rablement.<\/p>\n<p>Le scanner de virus de Planet VPN permet d&#8217;effectuer une v\u00e9rification rapide et efficace &#8211; il suffit de connecter votre smartphone \u00e0 votre PC:<\/p>\n<p>cr\u00e9ez une connexion entre le PC et le smartphone via un c\u00e2ble USB et s\u00e9lectionnez le mode MTP\/accumulation dans le menu des param\u00e8tres;<\/p>\n<p>Copiez le fichier de votre t\u00e9l\u00e9phone \u00e0 votre ordinateur et scannez-le sur la page de scan.<\/p><\/div>\n        \n                                    <h2 class=\"two-col-content__text\">COMMENT V\u00c9RIFIER SI VOTRE T\u00c9L\u00c9PHONE EST INFECT\u00c9 PAR UN VIRUS SUR VOTRE ORDINATEUR<\/h2>\n                    \n                    <div class=\"two-col-content__cta\">\n                            <\/div>\n            <\/div>\n<\/section>","protected":false},"excerpt":{"rendered":"","protected":false},"author":13,"featured_media":0,"parent":0,"menu_order":0,"comment_status":"closed","ping_status":"closed","template":"templates\/page_template-basic_for_gutenberg.php","meta":{"_acf_changed":false,"inline_featured_image":false,"footnotes":""},"download_by_lite_tag":[],"class_list":["post-98499","page","type-page","status-publish","hentry"],"yoast_head":"<!-- This site is optimized with the Yoast SEO plugin v22.6 - https:\/\/yoast.com\/wordpress\/plugins\/seo\/ -->\n<title>Analyse antivirus gratuite - recherchez les virus par fichier ou URL - Planet VPN<\/title>\n<meta name=\"description\" content=\"V\u00e9rification des fichiers\/liens vers des virus en ligne via Planet VPN\" \/>\n<meta name=\"robots\" content=\"index, follow, max-snippet:-1, max-image-preview:large, max-video-preview:-1\" \/>\n<link rel=\"canonical\" href=\"https:\/\/freevpnplanet.com\/fr\/virus-scan\/\" \/>\n<meta property=\"og:locale\" content=\"fr_FR\" \/>\n<meta property=\"og:type\" content=\"article\" \/>\n<meta property=\"og:title\" content=\"Analyse antivirus gratuite - recherchez les virus par fichier ou URL - Planet VPN\" \/>\n<meta property=\"og:description\" content=\"V\u00e9rification des fichiers\/liens vers des virus en ligne via Planet VPN\" \/>\n<meta property=\"og:url\" content=\"https:\/\/freevpnplanet.com\/fr\/virus-scan\/\" \/>\n<meta property=\"og:site_name\" content=\"Planet VPN\" \/>\n<meta property=\"article:modified_time\" content=\"2026-01-20T12:17:13+00:00\" \/>\n<meta name=\"twitter:card\" content=\"summary_large_image\" \/>\n<script type=\"application\/ld+json\" class=\"yoast-schema-graph\">{\"@context\":\"https:\/\/schema.org\",\"@graph\":[{\"@type\":\"WebPage\",\"@id\":\"https:\/\/freevpnplanet.com\/fr\/virus-scan\/\",\"url\":\"https:\/\/freevpnplanet.com\/fr\/virus-scan\/\",\"name\":\"Analyse antivirus gratuite - recherchez les virus par fichier ou URL - Planet VPN\",\"isPartOf\":{\"@id\":\"https:\/\/freevpnplanet.com\/fr\/#website\"},\"datePublished\":\"2024-06-03T16:16:22+00:00\",\"dateModified\":\"2026-01-20T12:17:13+00:00\",\"description\":\"V\u00e9rification des fichiers\/liens vers des virus en ligne via Planet VPN\",\"breadcrumb\":{\"@id\":\"https:\/\/freevpnplanet.com\/fr\/virus-scan\/#breadcrumb\"},\"inLanguage\":\"fr\",\"potentialAction\":[{\"@type\":\"ReadAction\",\"target\":[\"https:\/\/freevpnplanet.com\/fr\/virus-scan\/\"]}]},{\"@type\":\"BreadcrumbList\",\"@id\":\"https:\/\/freevpnplanet.com\/fr\/virus-scan\/#breadcrumb\",\"itemListElement\":[{\"@type\":\"ListItem\",\"position\":1,\"name\":\"Home\",\"item\":\"https:\/\/freevpnplanet.com\/fr\/\"},{\"@type\":\"ListItem\",\"position\":2,\"name\":\"Virus scan\"}]},{\"@type\":\"WebSite\",\"@id\":\"https:\/\/freevpnplanet.com\/fr\/#website\",\"url\":\"https:\/\/freevpnplanet.com\/fr\/\",\"name\":\"Planet VPN \ud83d\udee1\ufe0f\ud83c\udf10 Free VPN\",\"description\":\"Free VPN\",\"potentialAction\":[{\"@type\":\"SearchAction\",\"target\":{\"@type\":\"EntryPoint\",\"urlTemplate\":\"https:\/\/freevpnplanet.com\/fr\/?s={search_term_string}\"},\"query-input\":\"required name=search_term_string\"}],\"inLanguage\":\"fr\",\"publisher\":{\"@id\":\"https:\/\/freevpnplanet.com\/fr\/#organization\"}},{\"@context\":\"https:\/\/schema.org\/\",\"@type\":\"SoftwareApplication\",\"name\":\"Planet VPN \ud83d\udee1\ufe0f\ud83c\udf10 Free VPN\",\"operatingSystem\":\"Windows, macOS, iOS, Android, Linux, Chrome\",\"applicationCategory\":\"SecurityApplication\",\"offers\":{\"@type\":\"AggregateOffer\",\"priceCurrency\":\"USD\",\"price\":\"0\",\"lowPrice\":\"0\",\"availability\":\"https:\/\/schema.org\/InStock\"},\"aggregateRating\":{\"@type\":\"AggregateRating\",\"ratingValue\":\"4.8\",\"bestRating\":\"5\",\"ratingCount\":\"12476\"}},{\"@type\":\"Organization\",\"@id\":\"https:\/\/freevpnplanet.com\/fr\/#organization\",\"url\":\"https:\/\/freevpnplanet.com\/fr\/\",\"name\":\"Planet VPN \ud83d\udee1\ufe0f\ud83c\udf10 Free VPN\"}]}<\/script>\n<!-- \/ Yoast SEO plugin. -->","yoast_head_json":{"title":"Analyse antivirus gratuite - recherchez les virus par fichier ou URL - Planet VPN","description":"V\u00e9rification des fichiers\/liens vers des virus en ligne via Planet VPN","robots":{"index":"index","follow":"follow","max-snippet":"max-snippet:-1","max-image-preview":"max-image-preview:large","max-video-preview":"max-video-preview:-1"},"canonical":"https:\/\/freevpnplanet.com\/fr\/virus-scan\/","og_locale":"fr_FR","og_type":"article","og_title":"Analyse antivirus gratuite - recherchez les virus par fichier ou URL - Planet VPN","og_description":"V\u00e9rification des fichiers\/liens vers des virus en ligne via Planet VPN","og_url":"https:\/\/freevpnplanet.com\/fr\/virus-scan\/","og_site_name":"Planet VPN","article_modified_time":"2026-01-20T12:17:13+00:00","twitter_card":"summary_large_image","schema":{"@context":"https:\/\/schema.org","@graph":[{"@type":"WebPage","@id":"https:\/\/freevpnplanet.com\/fr\/virus-scan\/","url":"https:\/\/freevpnplanet.com\/fr\/virus-scan\/","name":"Analyse antivirus gratuite - recherchez les virus par fichier ou URL - Planet VPN","isPartOf":{"@id":"https:\/\/freevpnplanet.com\/fr\/#website"},"datePublished":"2024-06-03T16:16:22+00:00","dateModified":"2026-01-20T12:17:13+00:00","description":"V\u00e9rification des fichiers\/liens vers des virus en ligne via Planet VPN","breadcrumb":{"@id":"https:\/\/freevpnplanet.com\/fr\/virus-scan\/#breadcrumb"},"inLanguage":"fr","potentialAction":[{"@type":"ReadAction","target":["https:\/\/freevpnplanet.com\/fr\/virus-scan\/"]}]},{"@type":"BreadcrumbList","@id":"https:\/\/freevpnplanet.com\/fr\/virus-scan\/#breadcrumb","itemListElement":[{"@type":"ListItem","position":1,"name":"Home","item":"https:\/\/freevpnplanet.com\/fr\/"},{"@type":"ListItem","position":2,"name":"Virus scan"}]},{"@type":"WebSite","@id":"https:\/\/freevpnplanet.com\/fr\/#website","url":"https:\/\/freevpnplanet.com\/fr\/","name":"Planet VPN \ud83d\udee1\ufe0f\ud83c\udf10 Free VPN","description":"Free VPN","potentialAction":[{"@type":"SearchAction","target":{"@type":"EntryPoint","urlTemplate":"https:\/\/freevpnplanet.com\/fr\/?s={search_term_string}"},"query-input":"required name=search_term_string"}],"inLanguage":"fr","publisher":{"@id":"https:\/\/freevpnplanet.com\/fr\/#organization"}},{"@context":"https:\/\/schema.org\/","@type":"SoftwareApplication","name":"Planet VPN \ud83d\udee1\ufe0f\ud83c\udf10 Free VPN","operatingSystem":"Windows, macOS, iOS, Android, Linux, Chrome","applicationCategory":"SecurityApplication","offers":{"@type":"AggregateOffer","priceCurrency":"USD","price":"0","lowPrice":"0","availability":"https:\/\/schema.org\/InStock"},"aggregateRating":{"@type":"AggregateRating","ratingValue":"4.8","bestRating":"5","ratingCount":"12476"}},{"@type":"Organization","@id":"https:\/\/freevpnplanet.com\/fr\/#organization","url":"https:\/\/freevpnplanet.com\/fr\/","name":"Planet VPN \ud83d\udee1\ufe0f\ud83c\udf10 Free VPN"}]}},"acf":[],"_links":{"self":[{"href":"https:\/\/freevpnplanet.com\/fr\/wp-json\/wp\/v2\/pages\/98499","targetHints":{"allow":["GET"]}}],"collection":[{"href":"https:\/\/freevpnplanet.com\/fr\/wp-json\/wp\/v2\/pages"}],"about":[{"href":"https:\/\/freevpnplanet.com\/fr\/wp-json\/wp\/v2\/types\/page"}],"author":[{"embeddable":true,"href":"https:\/\/freevpnplanet.com\/fr\/wp-json\/wp\/v2\/users\/13"}],"replies":[{"embeddable":true,"href":"https:\/\/freevpnplanet.com\/fr\/wp-json\/wp\/v2\/comments?post=98499"}],"version-history":[{"count":1,"href":"https:\/\/freevpnplanet.com\/fr\/wp-json\/wp\/v2\/pages\/98499\/revisions"}],"predecessor-version":[{"id":129937,"href":"https:\/\/freevpnplanet.com\/fr\/wp-json\/wp\/v2\/pages\/98499\/revisions\/129937"}],"wp:attachment":[{"href":"https:\/\/freevpnplanet.com\/fr\/wp-json\/wp\/v2\/media?parent=98499"}],"wp:term":[{"taxonomy":"download_by_lite_tag","embeddable":true,"href":"https:\/\/freevpnplanet.com\/fr\/wp-json\/wp\/v2\/download_by_lite_tag?post=98499"}],"curies":[{"name":"wp","href":"https:\/\/api.w.org\/{rel}","templated":true}]}}