{"id":98637,"date":"2024-05-23T15:29:22","date_gmt":"2024-05-23T12:29:22","guid":{"rendered":"https:\/\/help.freeplanetvpn.com\/no-logs-vpn-policy\/"},"modified":"2026-01-20T14:47:22","modified_gmt":"2026-01-20T11:47:22","slug":"no-logs-vpn-policy","status":"publish","type":"page","link":"https:\/\/freevpnplanet.com\/fr\/no-logs-vpn-policy\/","title":{"rendered":"No logs VPN Policy"},"content":{"rendered":"\n<section class=\"jurisdiction custom-block align-none \" style='--background-color:var(--background-blue)'>\n\n    <div class=\"gutenberg-block-background\"><\/div>\n    <div class=\"jurisdiction__inner inner-container\">\n                    <div class=\"jurisdiction__content\">\n                                    <h1 class=\"jurisdiction__content-title\"> Politique de non-conservation des logs <\/h1>\n                \n                <p class=\"jurisdiction__content-desc\"><p>Planet VPN est enregistr\u00e9 sous la juridiction de la Roumanie, ce qui nous permet de ne pas conserver les logs des activit\u00e9s en ligne des utilisateurs, des dates de connexion, des adresses IP, ainsi que toute autre donn\u00e9e sensible concernant nos utilisateurs.<\/p>\n<p>La Roumanie fait partie de l&#8217;Union europ\u00e9enne et n&#8217;est membre d&#8217;aucune alliance de surveillance telle que les alliances 5 Eyes, 9 Eyes ou 14 Eyes. Le S\u00e9nat roumain a rejet\u00e9 \u00e0 l&#8217;unanimit\u00e9 un projet de loi sur le stockage des donn\u00e9es en 2011.<\/p>\n<p>Lorsque vous utilisez Planet VPN, vos donn\u00e9es personnelles sont 100 % s\u00e9curis\u00e9es. Selon la loi roumaine, nous ne sommes pas tenus de surveiller nos utilisateurs.<\/p>\n<p>Notre entreprise n&#8217;a aucune obligation de coop\u00e9rer avec des agences de renseignement, ce qui nous permet de respecter strictement la politique de confidentialit\u00e9 de nos utilisateurs.<\/p><\/p>\n\n                                    <div class=\"image-text__cta\">\n                        <a href=\"\/fr\/plans\/\" target=\"_self\" id=\"qa-no-logs-policy-btn\" class=\"cta download-by-platform cta--with-border cta-size--small cta-mt--initial icon-position--icon-left\" style=\"--border-radius:40px\"><span class=\"cta__name\">T\u00e9l\u00e9charger gratuitement<\/span><\/a>                    <\/div>\n                            <\/div>\n                            <div class=\"jurisdiction__list\">\n                                    <div class=\"jurisdiction__item\">\n                                                    <figure>\n                                <img decoding=\"async\" width=\"100\" height=\"104\" src=\"https:\/\/freevpnplanet.com\/wp-content\/uploads\/2024\/09\/pasport_4847d96.svg\" class=\"jurisdiction__item-img\" alt=\"\" \/>                            <\/figure>\n                        \n                                                    <p class=\"jurisdiction__item-text\">Nous ne vous demanderons jamais de fournir des informations suppl\u00e9mentaires sur l&#8217;utilisateur, \u00e0 l&#8217;exception de l&#8217;adresse EMAIL.<\/p>\n                                            <\/div>\n                                    <div class=\"jurisdiction__item\">\n                                                    <figure>\n                                <img decoding=\"async\" width=\"99\" height=\"104\" src=\"https:\/\/freevpnplanet.com\/wp-content\/uploads\/2024\/09\/anon_741e52b.svg\" class=\"jurisdiction__item-img\" alt=\"\" \/>                            <\/figure>\n                        \n                                                    <p class=\"jurisdiction__item-text\">Nous proposons plusieurs options de paiement, y compris ANONYME (Cryptomonnaie).<\/p>\n                                            <\/div>\n                                    <div class=\"jurisdiction__item\">\n                                                    <figure>\n                                <img decoding=\"async\" width=\"104\" height=\"104\" src=\"https:\/\/freevpnplanet.com\/wp-content\/uploads\/2025\/03\/info.png\" class=\"jurisdiction__item-img\" alt=\"\" \/>                            <\/figure>\n                        \n                                                    <p class=\"jurisdiction__item-text\">Selon la loi roumaine, nous ne sommes pas tenus de surveiller nos utilisateurs.<\/p>\n                                            <\/div>\n                            <\/div>\n            <\/div>\n<\/section>\n\n\n<div class=\"wp-block-group alignfull has-background is-layout-constrained wp-block-group-is-layout-constrained\" style=\"background-color:#2f77d4\">\n<section class=\"image-text custom-block align-none   mobile-image-bottom mobile-title-center  header-size-medium text-size-small   content-right\" style='overflow: hidden;;--text-color:var(--white);--min-height-mobile:400px;--min-height-desktop:617px;--content-width:52%'>\n\n    <div class=\"gutenberg-block-background\"><\/div>\n    <div class=\"image-text__inner inner-container\">\n\n        \n                    <div class=\"image-text__content\">\n\n                <h2>Quels sont les avantages de Planet VPN pour contourner les sites bloqu\u00e9s ?<\/h2>\n\n\n<ul class=\"list-style\">\n<li>Nos serveurs sont implant\u00e9s dans de nombreux pays : Allemagne, Australie, Bulgarie, Canada, Chine, Estonie, \u00c9tats-Unis, France, Lettonie, Lituanie, R\u00e9publique Tch\u00e8que, Royaume-Uni, Russie, Singapour, Su\u00e8de, Ukraine<\/li>\n<li>Chaque serveur VPN poss\u00e8de son propre DNS du pays o\u00f9 il se trouve<\/li>\n<li>Possibilit\u00e9 d&#8217;\u00e9dition manuelle des liens<\/li>\n<li>L\u2019ensemble des serveurs disponibles est en croissance constante<\/li>\n<li>Protocoles VPN s\u00e9curis\u00e9s et serveurs crypt\u00e9s dans le monde entier.<\/li>\n<\/ul>\n                                    <div class=\"image-text__cta\">\n                        <a href=\"\/fr\/plans\/\" target=\"_self\" id=\"qa-banner-cta\" class=\"cta download-by-platform cta--with-border cta-size--small cta-mt--initial icon-position--icon-left\" style=\"--border-radius:40px\"><span class=\"cta__name\">T\u00e9l\u00e9charger gratuitement<\/span><\/a>                    <\/div>\n                \n            <\/div>\n        \n                    <div class=\"bg-image-wrapper bg-image-wrapper--desktop left image-align--center\">\n                <figure style='--image-max-width:1000px;--image-opacity:1.00;width: calc(46% - 20px)'>\n                    <img decoding=\"async\" width=\"620\" height=\"308\" src=\"https:\/\/freevpnplanet.com\/wp-content\/uploads\/2025\/02\/map.png\" class=\"bg-image\" alt=\"Background Image for Desktop\" srcset=\"https:\/\/freevpnplanet.com\/wp-content\/uploads\/2025\/02\/map.png 620w, https:\/\/freevpnplanet.com\/wp-content\/uploads\/2025\/02\/map-300x149.png 300w\" sizes=\"(max-width: 620px) 100vw, 620px\" \/>                <\/figure>\n            <\/div>\n        \n                    <div class=\"bg-image-wrapper bg-image-wrapper--mobile regular-image\">\n                <figure style='width: 100%;max-width: 480px;opacity: 1.00;margin-top: 24px'>\n                    <img decoding=\"async\" width=\"620\" height=\"308\" src=\"https:\/\/freevpnplanet.com\/wp-content\/uploads\/2025\/02\/map.png\" class=\"bg-image\" alt=\"Background Image for Mobile\" srcset=\"https:\/\/freevpnplanet.com\/wp-content\/uploads\/2025\/02\/map.png 620w, https:\/\/freevpnplanet.com\/wp-content\/uploads\/2025\/02\/map-300x149.png 300w\" sizes=\"(max-width: 620px) 100vw, 620px\" \/>                <\/figure>\n            <\/div>\n            <\/div>\n<\/section><\/div>\n","protected":false},"excerpt":{"rendered":"","protected":false},"author":39,"featured_media":0,"parent":0,"menu_order":0,"comment_status":"closed","ping_status":"closed","template":"templates\/page_template-basic_for_gutenberg.php","meta":{"_acf_changed":false,"inline_featured_image":false,"footnotes":""},"download_by_lite_tag":[],"class_list":["post-98637","page","type-page","status-publish","hentry"],"yoast_head":"<!-- This site is optimized with the Yoast SEO plugin v22.6 - https:\/\/yoast.com\/wordpress\/plugins\/seo\/ -->\n<title>Meilleur VPN sans traces - free vpn sans journaux - Planet VPN<\/title>\n<meta name=\"description\" content=\"VPN anonyme sans logs. Planet VPN utilise des algorithmes de cryptage s\u00e9curis\u00e9s et avanc\u00e9s.\" \/>\n<meta name=\"robots\" content=\"index, follow, max-snippet:-1, max-image-preview:large, max-video-preview:-1\" \/>\n<link rel=\"canonical\" href=\"https:\/\/freevpnplanet.com\/fr\/no-logs-vpn-policy\/\" \/>\n<meta property=\"og:locale\" content=\"fr_FR\" \/>\n<meta property=\"og:type\" content=\"article\" \/>\n<meta property=\"og:title\" content=\"Meilleur VPN sans traces - free vpn sans journaux - Planet VPN\" \/>\n<meta property=\"og:description\" content=\"VPN anonyme sans logs. Planet VPN utilise des algorithmes de cryptage s\u00e9curis\u00e9s et avanc\u00e9s.\" \/>\n<meta property=\"og:url\" content=\"https:\/\/freevpnplanet.com\/fr\/no-logs-vpn-policy\/\" \/>\n<meta property=\"og:site_name\" content=\"Planet VPN\" \/>\n<meta property=\"article:modified_time\" content=\"2026-01-20T11:47:22+00:00\" \/>\n<meta name=\"twitter:card\" content=\"summary_large_image\" \/>\n<script type=\"application\/ld+json\" class=\"yoast-schema-graph\">{\"@context\":\"https:\/\/schema.org\",\"@graph\":[{\"@type\":\"WebPage\",\"@id\":\"https:\/\/freevpnplanet.com\/fr\/no-logs-vpn-policy\/\",\"url\":\"https:\/\/freevpnplanet.com\/fr\/no-logs-vpn-policy\/\",\"name\":\"Meilleur VPN sans traces - free vpn sans journaux - Planet VPN\",\"isPartOf\":{\"@id\":\"https:\/\/freevpnplanet.com\/fr\/#website\"},\"datePublished\":\"2024-05-23T12:29:22+00:00\",\"dateModified\":\"2026-01-20T11:47:22+00:00\",\"description\":\"VPN anonyme sans logs. Planet VPN utilise des algorithmes de cryptage s\u00e9curis\u00e9s et avanc\u00e9s.\",\"breadcrumb\":{\"@id\":\"https:\/\/freevpnplanet.com\/fr\/no-logs-vpn-policy\/#breadcrumb\"},\"inLanguage\":\"fr\",\"potentialAction\":[{\"@type\":\"ReadAction\",\"target\":[\"https:\/\/freevpnplanet.com\/fr\/no-logs-vpn-policy\/\"]}]},{\"@type\":\"BreadcrumbList\",\"@id\":\"https:\/\/freevpnplanet.com\/fr\/no-logs-vpn-policy\/#breadcrumb\",\"itemListElement\":[{\"@type\":\"ListItem\",\"position\":1,\"name\":\"Home\",\"item\":\"https:\/\/freevpnplanet.com\/fr\/\"},{\"@type\":\"ListItem\",\"position\":2,\"name\":\"No logs VPN Policy\"}]},{\"@type\":\"WebSite\",\"@id\":\"https:\/\/freevpnplanet.com\/fr\/#website\",\"url\":\"https:\/\/freevpnplanet.com\/fr\/\",\"name\":\"Planet VPN \ud83d\udee1\ufe0f\ud83c\udf10 Free VPN\",\"description\":\"Free VPN\",\"potentialAction\":[{\"@type\":\"SearchAction\",\"target\":{\"@type\":\"EntryPoint\",\"urlTemplate\":\"https:\/\/freevpnplanet.com\/fr\/?s={search_term_string}\"},\"query-input\":\"required name=search_term_string\"}],\"inLanguage\":\"fr\",\"publisher\":{\"@id\":\"https:\/\/freevpnplanet.com\/fr\/#organization\"}},{\"@context\":\"https:\/\/schema.org\/\",\"@type\":\"SoftwareApplication\",\"name\":\"Planet VPN \ud83d\udee1\ufe0f\ud83c\udf10 Free VPN\",\"operatingSystem\":\"Windows, macOS, iOS, Android, Linux, Chrome\",\"applicationCategory\":\"SecurityApplication\",\"offers\":{\"@type\":\"AggregateOffer\",\"priceCurrency\":\"USD\",\"price\":\"0\",\"lowPrice\":\"0\",\"availability\":\"https:\/\/schema.org\/InStock\"},\"aggregateRating\":{\"@type\":\"AggregateRating\",\"ratingValue\":\"4.8\",\"bestRating\":\"5\",\"ratingCount\":\"12476\"}},{\"@type\":\"Organization\",\"@id\":\"https:\/\/freevpnplanet.com\/fr\/#organization\",\"url\":\"https:\/\/freevpnplanet.com\/fr\/\",\"name\":\"Planet VPN \ud83d\udee1\ufe0f\ud83c\udf10 Free VPN\"}]}<\/script>\n<!-- \/ Yoast SEO plugin. -->","yoast_head_json":{"title":"Meilleur VPN sans traces - free vpn sans journaux - Planet VPN","description":"VPN anonyme sans logs. Planet VPN utilise des algorithmes de cryptage s\u00e9curis\u00e9s et avanc\u00e9s.","robots":{"index":"index","follow":"follow","max-snippet":"max-snippet:-1","max-image-preview":"max-image-preview:large","max-video-preview":"max-video-preview:-1"},"canonical":"https:\/\/freevpnplanet.com\/fr\/no-logs-vpn-policy\/","og_locale":"fr_FR","og_type":"article","og_title":"Meilleur VPN sans traces - free vpn sans journaux - Planet VPN","og_description":"VPN anonyme sans logs. Planet VPN utilise des algorithmes de cryptage s\u00e9curis\u00e9s et avanc\u00e9s.","og_url":"https:\/\/freevpnplanet.com\/fr\/no-logs-vpn-policy\/","og_site_name":"Planet VPN","article_modified_time":"2026-01-20T11:47:22+00:00","twitter_card":"summary_large_image","schema":{"@context":"https:\/\/schema.org","@graph":[{"@type":"WebPage","@id":"https:\/\/freevpnplanet.com\/fr\/no-logs-vpn-policy\/","url":"https:\/\/freevpnplanet.com\/fr\/no-logs-vpn-policy\/","name":"Meilleur VPN sans traces - free vpn sans journaux - Planet VPN","isPartOf":{"@id":"https:\/\/freevpnplanet.com\/fr\/#website"},"datePublished":"2024-05-23T12:29:22+00:00","dateModified":"2026-01-20T11:47:22+00:00","description":"VPN anonyme sans logs. Planet VPN utilise des algorithmes de cryptage s\u00e9curis\u00e9s et avanc\u00e9s.","breadcrumb":{"@id":"https:\/\/freevpnplanet.com\/fr\/no-logs-vpn-policy\/#breadcrumb"},"inLanguage":"fr","potentialAction":[{"@type":"ReadAction","target":["https:\/\/freevpnplanet.com\/fr\/no-logs-vpn-policy\/"]}]},{"@type":"BreadcrumbList","@id":"https:\/\/freevpnplanet.com\/fr\/no-logs-vpn-policy\/#breadcrumb","itemListElement":[{"@type":"ListItem","position":1,"name":"Home","item":"https:\/\/freevpnplanet.com\/fr\/"},{"@type":"ListItem","position":2,"name":"No logs VPN Policy"}]},{"@type":"WebSite","@id":"https:\/\/freevpnplanet.com\/fr\/#website","url":"https:\/\/freevpnplanet.com\/fr\/","name":"Planet VPN \ud83d\udee1\ufe0f\ud83c\udf10 Free VPN","description":"Free VPN","potentialAction":[{"@type":"SearchAction","target":{"@type":"EntryPoint","urlTemplate":"https:\/\/freevpnplanet.com\/fr\/?s={search_term_string}"},"query-input":"required name=search_term_string"}],"inLanguage":"fr","publisher":{"@id":"https:\/\/freevpnplanet.com\/fr\/#organization"}},{"@context":"https:\/\/schema.org\/","@type":"SoftwareApplication","name":"Planet VPN \ud83d\udee1\ufe0f\ud83c\udf10 Free VPN","operatingSystem":"Windows, macOS, iOS, Android, Linux, Chrome","applicationCategory":"SecurityApplication","offers":{"@type":"AggregateOffer","priceCurrency":"USD","price":"0","lowPrice":"0","availability":"https:\/\/schema.org\/InStock"},"aggregateRating":{"@type":"AggregateRating","ratingValue":"4.8","bestRating":"5","ratingCount":"12476"}},{"@type":"Organization","@id":"https:\/\/freevpnplanet.com\/fr\/#organization","url":"https:\/\/freevpnplanet.com\/fr\/","name":"Planet VPN \ud83d\udee1\ufe0f\ud83c\udf10 Free VPN"}]}},"acf":[],"_links":{"self":[{"href":"https:\/\/freevpnplanet.com\/fr\/wp-json\/wp\/v2\/pages\/98637","targetHints":{"allow":["GET"]}}],"collection":[{"href":"https:\/\/freevpnplanet.com\/fr\/wp-json\/wp\/v2\/pages"}],"about":[{"href":"https:\/\/freevpnplanet.com\/fr\/wp-json\/wp\/v2\/types\/page"}],"author":[{"embeddable":true,"href":"https:\/\/freevpnplanet.com\/fr\/wp-json\/wp\/v2\/users\/39"}],"replies":[{"embeddable":true,"href":"https:\/\/freevpnplanet.com\/fr\/wp-json\/wp\/v2\/comments?post=98637"}],"version-history":[{"count":6,"href":"https:\/\/freevpnplanet.com\/fr\/wp-json\/wp\/v2\/pages\/98637\/revisions"}],"predecessor-version":[{"id":158716,"href":"https:\/\/freevpnplanet.com\/fr\/wp-json\/wp\/v2\/pages\/98637\/revisions\/158716"}],"wp:attachment":[{"href":"https:\/\/freevpnplanet.com\/fr\/wp-json\/wp\/v2\/media?parent=98637"}],"wp:term":[{"taxonomy":"download_by_lite_tag","embeddable":true,"href":"https:\/\/freevpnplanet.com\/fr\/wp-json\/wp\/v2\/download_by_lite_tag?post=98637"}],"curies":[{"name":"wp","href":"https:\/\/api.w.org\/{rel}","templated":true}]}}