{"id":99286,"date":"2024-05-31T15:55:49","date_gmt":"2024-05-31T12:55:49","guid":{"rendered":"https:\/\/help.freeplanetvpn.com\/password-generator\/"},"modified":"2026-01-20T15:48:45","modified_gmt":"2026-01-20T12:48:45","slug":"password-generator","status":"publish","type":"page","link":"https:\/\/freevpnplanet.com\/fr\/password-generator\/","title":{"rendered":"Password generator"},"content":{"rendered":"\n<section class=\"tools-hero\">\n  <div class=\"tools-hero__inner container\">\n\n    <div class=\"password-generator__wrapper\">\n      <div class=\"password-generator\">\n                  <div class=\"password-generator__text\"><h1>G\u00e9n\u00e9rateur de mots de passe en ligne &#8211; s\u00e9curis\u00e9, al\u00e9atoire et fort<\/h1>\n<p>G\u00e9n\u00e9rez un mot de passe fort avec notre g\u00e9n\u00e9rateur de mots de passe. Ne le remettez pas \u00e0 plus tard, r\u00e9duisez les risques de s\u00e9curit\u00e9 en g\u00e9n\u00e9rant un mot de passe fort.<\/p><\/div>\n        \n        <div class=\"password-generator__result\">\n          <div class=\"password-generator__password\">\n            <input id=\"password\" type=\"text\" class=\"password-generator__input\" readonly>\n            <button id=\"qa-generate-password\" type=\"button\" class=\"password-generator__generate\" aria-label=\"G\u00e9n\u00e9rer\"><\/button>\n            <button id=\"qa-copy-password\" type=\"button\" class=\"password-generator__copy\" aria-label=\"Copier\"><\/button>\n          <\/div>\n\n          <div id=\"qa-copied-message\" class=\"password-generator__msg\"><\/div>\n          <script>\n            window.success_copied_message = '';\n            window.error_copied_message = '';\n          <\/script>\n          <div class=\"password-generator__power\">\n            <span>Faible<\/span>\n            <span>Fort<\/span>\n            <b class=\"password-generator__power-line\" style=\"--width:0\"><\/b>\n          <\/div>\n        <\/div>\n\n        <form name=\"passwordGenerator\" method=\"post\" action=\"\" class=\"password-generator__form\">\n          <h2>Configurations<\/h2>\n          <div class=\"password-generator__characters\">\n            <b>Type de caract\u00e8re<\/b>\n            <label>\n              <input id=\"upperCaseCheckBox\" type=\"checkbox\" name=\"lettersUppercase\" checked \/>\n              <span>Majuscules<\/span>\n            <\/label>\n            <label>\n              <input id=\"lowerCaseCheckBox\" type=\"checkbox\" name=\"lettersLowercase\" checked \/>\n              <span>Minuscules<\/span>\n            <\/label>\n          <\/div>\n\n          <div class=\"password-generator__slider\">\n            <b>Longueur <span class=\"password-generator__lengthValue-span\">12<\/span><\/b>\n            <label>\n              <input id=\"qa-length\" type=\"range\" min=\"6\" max=\"20\" value=\"12\" name=\"lengthValue\" \/>\n            <\/label>\n          <\/div>\n\n          <div class=\"password-generator__slider\">\n            <b>Chiffres <span class=\"password-generator__digitsValue-span\">4<\/span><\/b>\n            <label>\n              <input id=\"qa-digits\" type=\"range\" min=\"0\" max=\"20\" value=\"4\" name=\"digitsValue\" \/>\n            <\/label>\n          <\/div>\n\n          <div class=\"password-generator__slider\">\n            <b>Symboles <span class=\"password-generator__symbolsValue-span\">2<\/span><\/b>\n            <label>\n              <input id=\"qa-symbols\" type=\"range\" min=\"0\" max=\"20\" value=\"2\" name=\"symbolsValue\" \/>\n            <\/label>\n          <\/div>\n\n        <\/form>\n      <\/div>\n\n    <\/div>\n  <\/div>\n\n  <div class=\"tools-hero__menu\"><ul id=\"menu-tools-menu-french\" class=\"menu\"><li id=\"menu-item-117453\" class=\"menu-item menu-item-type-post_type menu-item-object-page menu-item-117453\"><a href=\"https:\/\/freevpnplanet.com\/fr\/dns-check\/\">DNS check<\/a><\/li>\n<li id=\"menu-item-117454\" class=\"menu-item menu-item-type-post_type menu-item-object-page menu-item-117454\"><a href=\"https:\/\/freevpnplanet.com\/fr\/web-rtc\/\">Web RTC<\/a><\/li>\n<li id=\"menu-item-117455\" class=\"menu-item menu-item-type-post_type menu-item-object-page menu-item-117455\"><a href=\"https:\/\/freevpnplanet.com\/fr\/virus-scan\/\">Virus scan<\/a><\/li>\n<li id=\"menu-item-117531\" class=\"menu-item menu-item-type-post_type menu-item-object-page menu-item-117531\"><a href=\"https:\/\/freevpnplanet.com\/fr\/ip-check\/\">IP Check<\/a><\/li>\n<li id=\"menu-item-117532\" class=\"menu-item menu-item-type-post_type menu-item-object-page menu-item-117532\"><a href=\"https:\/\/freevpnplanet.com\/fr\/password-generator\/\">Password generator<\/a><\/li>\n<\/ul><\/div>\n<\/section>\n\n<section class=\"two-col-content custom-block align-full  rtl ratio-normal text image-visible-on-mobile-no\" style='--background-color:var(--background-blue)'>\n\n    <div class=\"gutenberg-block-background\"><\/div>\n    <div class=\"two-col-content__container inner-container\">\n        \n                    <div class=\"two-col-content__description\"><p>Le g\u00e9n\u00e9rateur de mots de passe en ligne est un outil gratuit qui permet de cr\u00e9er des mots de passe uniques et compliqu\u00e9s. Il est parfait pour ceux qui veulent avoir un mot de passe compliqu\u00e9 pour s&#8217;inscrire sur le site, dans la boutique en ligne ou dans divers services disponibles sur Internet.<\/p>\n<p>De m\u00eame, on peut configurer le mot de passe uniquement pour soi-m\u00eame, en utilisant diff\u00e9rents param\u00e8tres. Tous les mots de passe sont g\u00e9n\u00e9r\u00e9s de mani\u00e8re al\u00e9atoire, ce qui garantit un haut niveau de s\u00e9curit\u00e9.<\/p>\n<p>Il est conseill\u00e9 d&#8217;utiliser notre g\u00e9n\u00e9rateur pour cr\u00e9er un mot de passe fort. En premier lieu, il faut d\u00e9finir la longueur du mot de passe (on recommande au moins 8 caract\u00e8res), puis choisir la complexit\u00e9 du mot de passe. Ensuite, il faut v\u00e9rifier si les lettres utilis\u00e9es sont des majuscules ou des minuscules. Par la suite, on pr\u00e9cise combien de chiffres vont figurer dans le mot de passe et combien d&#8217;autres caract\u00e8res seront n\u00e9cessaires, le cas \u00e9ch\u00e9ant. Notre g\u00e9n\u00e9rateur de mot de passe en ligne va automatiquement g\u00e9n\u00e9rer un mot de passe de mani\u00e8re al\u00e9atoire en fonction des param\u00e8tres indiqu\u00e9s et vous n&#8217;aurez plus qu&#8217;\u00e0 le copier.<\/p>\n<p>Si par hasard le mot de passe vous semble oubliable ou ne vous convient tout simplement pas, il vous est toujours possible de cliquer sur le bouton de g\u00e9n\u00e9rer un nouveau mot de passe ou de changer les param\u00e8tres.<\/p>\n<blockquote><p>Attention : le mot de passe est g\u00e9n\u00e9r\u00e9 sur votre appareil, donc m\u00eame nous on ne peut pas le conna\u00eetre. Et pour que personne ne puisse intercepter votre mot de passe fort sur le r\u00e9seau lorsque vous l&#8217;entrez sur un site, il est pr\u00e9f\u00e9rable d&#8217;utiliser notre service VPN \u00e0 fort cryptage.<\/p><\/blockquote><\/div>\n        \n                                    <h2 class=\"two-col-content__text\">Comment cr\u00e9er un mot de passe fort ?<\/h2>\n                    \n            <\/div>\n<\/section>","protected":false},"excerpt":{"rendered":"","protected":false},"author":13,"featured_media":0,"parent":0,"menu_order":0,"comment_status":"closed","ping_status":"closed","template":"templates\/page_template-basic_for_gutenberg.php","meta":{"_acf_changed":false,"inline_featured_image":false,"footnotes":""},"download_by_lite_tag":[],"class_list":["post-99286","page","type-page","status-publish","hentry"],"yoast_head":"<!-- This site is optimized with the Yoast SEO plugin v22.6 - https:\/\/yoast.com\/wordpress\/plugins\/seo\/ -->\n<title>G\u00e9n\u00e9rateur de mot de passe - mot de passe al\u00e9atoire et fort - Planet VPN<\/title>\n<meta name=\"description\" content=\"G\u00e9n\u00e9rez un mot de passe fort avec notre g\u00e9n\u00e9rateur de mots de passe. Ne le remettez pas \u00e0 plus tard, r\u00e9duisez les risques de s\u00e9curit\u00e9 en g\u00e9n\u00e9rant un mot de passe fort.\" \/>\n<meta name=\"robots\" content=\"index, follow, max-snippet:-1, max-image-preview:large, max-video-preview:-1\" \/>\n<link rel=\"canonical\" href=\"https:\/\/freevpnplanet.com\/fr\/password-generator\/\" \/>\n<meta property=\"og:locale\" content=\"fr_FR\" \/>\n<meta property=\"og:type\" content=\"article\" \/>\n<meta property=\"og:title\" content=\"G\u00e9n\u00e9rateur de mot de passe - mot de passe al\u00e9atoire et fort - Planet VPN\" \/>\n<meta property=\"og:description\" content=\"G\u00e9n\u00e9rez un mot de passe fort avec notre g\u00e9n\u00e9rateur de mots de passe. Ne le remettez pas \u00e0 plus tard, r\u00e9duisez les risques de s\u00e9curit\u00e9 en g\u00e9n\u00e9rant un mot de passe fort.\" \/>\n<meta property=\"og:url\" content=\"https:\/\/freevpnplanet.com\/fr\/password-generator\/\" \/>\n<meta property=\"og:site_name\" content=\"Planet VPN\" \/>\n<meta property=\"article:modified_time\" content=\"2026-01-20T12:48:45+00:00\" \/>\n<meta name=\"twitter:card\" content=\"summary_large_image\" \/>\n<script type=\"application\/ld+json\" class=\"yoast-schema-graph\">{\"@context\":\"https:\/\/schema.org\",\"@graph\":[{\"@type\":\"WebPage\",\"@id\":\"https:\/\/freevpnplanet.com\/fr\/password-generator\/\",\"url\":\"https:\/\/freevpnplanet.com\/fr\/password-generator\/\",\"name\":\"G\u00e9n\u00e9rateur de mot de passe - mot de passe al\u00e9atoire et fort - Planet VPN\",\"isPartOf\":{\"@id\":\"https:\/\/freevpnplanet.com\/fr\/#website\"},\"datePublished\":\"2024-05-31T12:55:49+00:00\",\"dateModified\":\"2026-01-20T12:48:45+00:00\",\"description\":\"G\u00e9n\u00e9rez un mot de passe fort avec notre g\u00e9n\u00e9rateur de mots de passe. Ne le remettez pas \u00e0 plus tard, r\u00e9duisez les risques de s\u00e9curit\u00e9 en g\u00e9n\u00e9rant un mot de passe fort.\",\"breadcrumb\":{\"@id\":\"https:\/\/freevpnplanet.com\/fr\/password-generator\/#breadcrumb\"},\"inLanguage\":\"fr\",\"potentialAction\":[{\"@type\":\"ReadAction\",\"target\":[\"https:\/\/freevpnplanet.com\/fr\/password-generator\/\"]}]},{\"@type\":\"BreadcrumbList\",\"@id\":\"https:\/\/freevpnplanet.com\/fr\/password-generator\/#breadcrumb\",\"itemListElement\":[{\"@type\":\"ListItem\",\"position\":1,\"name\":\"Home\",\"item\":\"https:\/\/freevpnplanet.com\/fr\/\"},{\"@type\":\"ListItem\",\"position\":2,\"name\":\"Password generator\"}]},{\"@type\":\"WebSite\",\"@id\":\"https:\/\/freevpnplanet.com\/fr\/#website\",\"url\":\"https:\/\/freevpnplanet.com\/fr\/\",\"name\":\"Planet VPN \ud83d\udee1\ufe0f\ud83c\udf10 Free VPN\",\"description\":\"Free VPN\",\"potentialAction\":[{\"@type\":\"SearchAction\",\"target\":{\"@type\":\"EntryPoint\",\"urlTemplate\":\"https:\/\/freevpnplanet.com\/fr\/?s={search_term_string}\"},\"query-input\":\"required name=search_term_string\"}],\"inLanguage\":\"fr\",\"publisher\":{\"@id\":\"https:\/\/freevpnplanet.com\/fr\/#organization\"}},{\"@context\":\"https:\/\/schema.org\/\",\"@type\":\"SoftwareApplication\",\"name\":\"Planet VPN \ud83d\udee1\ufe0f\ud83c\udf10 Free VPN\",\"operatingSystem\":\"Windows, macOS, iOS, Android, Linux, Chrome\",\"applicationCategory\":\"SecurityApplication\",\"offers\":{\"@type\":\"AggregateOffer\",\"priceCurrency\":\"USD\",\"price\":\"0\",\"lowPrice\":\"0\",\"availability\":\"https:\/\/schema.org\/InStock\"},\"aggregateRating\":{\"@type\":\"AggregateRating\",\"ratingValue\":\"4.8\",\"bestRating\":\"5\",\"ratingCount\":\"12476\"}},{\"@type\":\"Organization\",\"@id\":\"https:\/\/freevpnplanet.com\/fr\/#organization\",\"url\":\"https:\/\/freevpnplanet.com\/fr\/\",\"name\":\"Planet VPN \ud83d\udee1\ufe0f\ud83c\udf10 Free VPN\"}]}<\/script>\n<!-- \/ Yoast SEO plugin. -->","yoast_head_json":{"title":"G\u00e9n\u00e9rateur de mot de passe - mot de passe al\u00e9atoire et fort - Planet VPN","description":"G\u00e9n\u00e9rez un mot de passe fort avec notre g\u00e9n\u00e9rateur de mots de passe. Ne le remettez pas \u00e0 plus tard, r\u00e9duisez les risques de s\u00e9curit\u00e9 en g\u00e9n\u00e9rant un mot de passe fort.","robots":{"index":"index","follow":"follow","max-snippet":"max-snippet:-1","max-image-preview":"max-image-preview:large","max-video-preview":"max-video-preview:-1"},"canonical":"https:\/\/freevpnplanet.com\/fr\/password-generator\/","og_locale":"fr_FR","og_type":"article","og_title":"G\u00e9n\u00e9rateur de mot de passe - mot de passe al\u00e9atoire et fort - Planet VPN","og_description":"G\u00e9n\u00e9rez un mot de passe fort avec notre g\u00e9n\u00e9rateur de mots de passe. Ne le remettez pas \u00e0 plus tard, r\u00e9duisez les risques de s\u00e9curit\u00e9 en g\u00e9n\u00e9rant un mot de passe fort.","og_url":"https:\/\/freevpnplanet.com\/fr\/password-generator\/","og_site_name":"Planet VPN","article_modified_time":"2026-01-20T12:48:45+00:00","twitter_card":"summary_large_image","schema":{"@context":"https:\/\/schema.org","@graph":[{"@type":"WebPage","@id":"https:\/\/freevpnplanet.com\/fr\/password-generator\/","url":"https:\/\/freevpnplanet.com\/fr\/password-generator\/","name":"G\u00e9n\u00e9rateur de mot de passe - mot de passe al\u00e9atoire et fort - Planet VPN","isPartOf":{"@id":"https:\/\/freevpnplanet.com\/fr\/#website"},"datePublished":"2024-05-31T12:55:49+00:00","dateModified":"2026-01-20T12:48:45+00:00","description":"G\u00e9n\u00e9rez un mot de passe fort avec notre g\u00e9n\u00e9rateur de mots de passe. Ne le remettez pas \u00e0 plus tard, r\u00e9duisez les risques de s\u00e9curit\u00e9 en g\u00e9n\u00e9rant un mot de passe fort.","breadcrumb":{"@id":"https:\/\/freevpnplanet.com\/fr\/password-generator\/#breadcrumb"},"inLanguage":"fr","potentialAction":[{"@type":"ReadAction","target":["https:\/\/freevpnplanet.com\/fr\/password-generator\/"]}]},{"@type":"BreadcrumbList","@id":"https:\/\/freevpnplanet.com\/fr\/password-generator\/#breadcrumb","itemListElement":[{"@type":"ListItem","position":1,"name":"Home","item":"https:\/\/freevpnplanet.com\/fr\/"},{"@type":"ListItem","position":2,"name":"Password generator"}]},{"@type":"WebSite","@id":"https:\/\/freevpnplanet.com\/fr\/#website","url":"https:\/\/freevpnplanet.com\/fr\/","name":"Planet VPN \ud83d\udee1\ufe0f\ud83c\udf10 Free VPN","description":"Free VPN","potentialAction":[{"@type":"SearchAction","target":{"@type":"EntryPoint","urlTemplate":"https:\/\/freevpnplanet.com\/fr\/?s={search_term_string}"},"query-input":"required name=search_term_string"}],"inLanguage":"fr","publisher":{"@id":"https:\/\/freevpnplanet.com\/fr\/#organization"}},{"@context":"https:\/\/schema.org\/","@type":"SoftwareApplication","name":"Planet VPN \ud83d\udee1\ufe0f\ud83c\udf10 Free VPN","operatingSystem":"Windows, macOS, iOS, Android, Linux, Chrome","applicationCategory":"SecurityApplication","offers":{"@type":"AggregateOffer","priceCurrency":"USD","price":"0","lowPrice":"0","availability":"https:\/\/schema.org\/InStock"},"aggregateRating":{"@type":"AggregateRating","ratingValue":"4.8","bestRating":"5","ratingCount":"12476"}},{"@type":"Organization","@id":"https:\/\/freevpnplanet.com\/fr\/#organization","url":"https:\/\/freevpnplanet.com\/fr\/","name":"Planet VPN \ud83d\udee1\ufe0f\ud83c\udf10 Free VPN"}]}},"acf":[],"_links":{"self":[{"href":"https:\/\/freevpnplanet.com\/fr\/wp-json\/wp\/v2\/pages\/99286","targetHints":{"allow":["GET"]}}],"collection":[{"href":"https:\/\/freevpnplanet.com\/fr\/wp-json\/wp\/v2\/pages"}],"about":[{"href":"https:\/\/freevpnplanet.com\/fr\/wp-json\/wp\/v2\/types\/page"}],"author":[{"embeddable":true,"href":"https:\/\/freevpnplanet.com\/fr\/wp-json\/wp\/v2\/users\/13"}],"replies":[{"embeddable":true,"href":"https:\/\/freevpnplanet.com\/fr\/wp-json\/wp\/v2\/comments?post=99286"}],"version-history":[{"count":1,"href":"https:\/\/freevpnplanet.com\/fr\/wp-json\/wp\/v2\/pages\/99286\/revisions"}],"predecessor-version":[{"id":189480,"href":"https:\/\/freevpnplanet.com\/fr\/wp-json\/wp\/v2\/pages\/99286\/revisions\/189480"}],"wp:attachment":[{"href":"https:\/\/freevpnplanet.com\/fr\/wp-json\/wp\/v2\/media?parent=99286"}],"wp:term":[{"taxonomy":"download_by_lite_tag","embeddable":true,"href":"https:\/\/freevpnplanet.com\/fr\/wp-json\/wp\/v2\/download_by_lite_tag?post=99286"}],"curies":[{"name":"wp","href":"https:\/\/api.w.org\/{rel}","templated":true}]}}