{"id":99347,"date":"2024-06-13T13:50:50","date_gmt":"2024-06-13T10:50:50","guid":{"rendered":"https:\/\/help.freeplanetvpn.com\/refund\/"},"modified":"2026-03-13T15:13:35","modified_gmt":"2026-03-13T12:13:35","slug":"refund","status":"publish","type":"page","link":"https:\/\/freevpnplanet.com\/fr\/refund\/","title":{"rendered":"Remboursements"},"content":{"rendered":"\n<div class=\"container-box custom-block align-none \" style=''>\n\n    <div class=\"gutenberg-block-background\"><\/div>\n    <div class=\"container-box__inner inner-container\">\n        \n\n<div class=\"wp-block-columns are-vertically-aligned-center is-layout-flex wp-container-core-columns-is-layout-1 wp-block-columns-is-layout-flex row-gap--20 stack-breakpoint--768\">\n<div class=\"wp-block-column is-vertically-aligned-center is-layout-flow wp-block-column-is-layout-flow\" style=\"flex-basis:66%\">\n<h1 class=\"wp-block-heading has-x-large-font-size\">Politique de remboursements<\/h1>\n\n\n\n<p class=\"has-dark-blue-3-color has-text-color has-link-color wp-elements-daa94c6b41d7276cbc390ba997c5058b\">Derni\u00e8re mise \u00e0 jour le 13 mars 2026<\/p>\n\n\n\n<h2 class=\"wp-block-heading\">D\u00e9pannage<\/h2>\n\n\n\n<p class=\"\">Si vous n&#8217;\u00eates pas satisfait du service VPN, veuillez nous en informer par e-mail \u00e0&nbsp;<a href=\"mailto:support@freevpnplanet.com\">support@freevpnplanet.com<\/a>. Il y a un certain nombre de probl\u00e8mes de configuration de services qui peuvent entraver les services pour vous, mais nous r\u00e9soudre la plupart d&#8217;entre eux. Il est une pratique r\u00e9ussie que nous d\u00e9pannez un probl\u00e8me que vous rencontrez.<\/p>\n<\/div>\n\n\n\n<div class=\"wp-block-column is-vertically-aligned-center is-layout-flow wp-block-column-is-layout-flow\">\n<figure class=\"wp-block-image alignright size-large\"><img decoding=\"async\" width=\"196\" height=\"249\" src=\"https:\/\/freevpnplanet.com\/wp-content\/uploads\/2024\/06\/rvpn-refund.94efaa9-20240613_135146_986598.svg\" alt=\"\" class=\"wp-image-94623\"\/><\/figure>\n<\/div>\n<\/div>\n\n\n\n<h2 class=\"wp-block-heading\">Conditions de remboursement<\/h2>\n\n\n\n<p class=\"\">Les utilisateurs disposent d\u2019un droit de r\u00e9tractation de 14 jours \u00e0 compter de la conclusion du contrat. Vous pouvez demander un remboursement en contactant notre \u00e9quipe d\u2019assistance \u00e0 l\u2019adresse <a>support@freevpnplanet.com<\/a>. Pour initier une demande de remboursement, vous devez r\u00e9pondre \u00e0 l\u2019e-mail de l\u2019\u00e9quipe d\u2019assistance dans un d\u00e9lai de 7 jours calendaires. Veuillez attendre un e-mail de confirmation de notre repr\u00e9sentant concernant votre remboursement. Merci d\u2019indiquer clairement la raison de votre demande afin de faciliter le processus d\u2019examen. Les demandes de remboursement sans motif pr\u00e9cis\u00e9 ne seront pas prises en compte.<\/p>\n\n\n\n<p class=\"\">Ce droit ne s\u2019applique pas si le service a \u00e9t\u00e9 enti\u00e8rement ex\u00e9cut\u00e9 conform\u00e9ment aux <a href=\"\/fr\/terms\/\">Conditions d\u2019utilisation<\/a> (Section 6). Si la demande est approuv\u00e9e, le remboursement sera effectu\u00e9 dans un d\u00e9lai de 14 jours via le moyen de paiement initial.<\/p>\n\n\n\n<p class=\"\">Pour les paiements effectu\u00e9s en cryptomonnaie, nous n\u2019effectuons g\u00e9n\u00e9ralement pas de remboursement en cryptomonnaie en raison des exigences de lutte contre le blanchiment d\u2019argent et la fraude, ainsi que du caract\u00e8re irr\u00e9versible des transactions en cryptomonnaie. Si un remboursement est approuv\u00e9, il sera trait\u00e9 exclusivement par virement bancaire. Pour traiter le remboursement, vous devrez fournir les coordonn\u00e9es bancaires compl\u00e8tes (nom complet, IBAN, SWIFT\/BIC, nom et adresse de la banque). Le montant rembours\u00e9 en monnaie fiduciaire sera calcul\u00e9 sur la base du montant initial du paiement converti selon le taux de change en vigueur \u00e0 la date de r\u00e9ception du paiement, d\u00e9duction faite des frais de transaction applicables.<\/p>\n\n\n\n<p class=\"\">Nous ne sommes pas responsables des fluctuations du taux de change des cryptomonnaies entre la date de paiement et la date de remboursement. En cas d\u2019interruption du service au niveau du fournisseur ou des autorit\u00e9s gouvernementales, aucun remboursement ne sera effectu\u00e9.<\/p>\n\n\n\n<p class=\"\">Les paiements effectu\u00e9s dans le cadre d\u2019un renouvellement automatique d\u2019abonnement ne sont pas remboursables. Une fois le remboursement approuv\u00e9, vous pourrez continuer \u00e0 utiliser les serveurs gratuits, mais l\u2019acc\u00e8s aux emplacements premium sera imm\u00e9diatement r\u00e9voqu\u00e9.<\/p>\n\n\n\n<h2 class=\"wp-block-heading\">Achats via l&#8217;application<\/h2>\n\n\n\n<p class=\"\">Les achats effectu\u00e9s via iTunes \/ App Store et Google Play Market sont soumis aux politiques de remboursement d&#8217;iTunes \/ App Store ou de Google Play Market. Pour les demandes de remboursement, veuillez contacter directement le support de la boutique concern\u00e9e. Veuillez noter que l&#8217;annulation de l&#8217;abonnement sur iTunes \/ App Store ou Google Play Market ne signifie pas le remboursement. N&#8217;h\u00e9sitez pas \u00e0 obtenir plus d&#8217;information aupr\u00e8s de l&#8217;\u00e9quipe support, lors de l&#8217;annulation d&#8217;un tel achat.<\/p>\n\n\n\n<p class=\"\">Veuillez noter que les achats effectu\u00e9s avec des Telegram Stars pour Planet VPN ne sont pas remboursables.<\/p>\n\n\n\n<h2 class=\"wp-block-heading\">Annulation du compte<\/h2>\n\n\n\n<p class=\"\">Vous pouvez annuler votre abonnement Premium \u00e0 tout moment. Si l&#8217;abonnement est \u00e9mis avec renouvellement automatique, vous pouvez l&#8217;annuler vous-m\u00eame via votre compte personnel sur le site, ou en contactant notre \u00e9quipe d&#8217;assistance \u00e0&nbsp;<a href=\"mailto:support@freevpnplanet.com\">support@freevpnplanet.com<\/a>&nbsp;avec un avis d&#8217;annulation de l&#8217;abonnement, au moins 24 heures avant la prochaine d\u00e9lai de d\u00e9bit. Vous acceptez d&#8217;\u00eatre poli et amical lorsque vous communiquez avec notre \u00e9quipe d&#8217;assistance par e-mail ou chat en ligne. Si nous trouvons votre comportement mena\u00e7ant ou offensant, nous nous r\u00e9servons le droit de vous mettre imm\u00e9diatement sur liste noire et de bloquer votre acc\u00e8s au chat.<\/p>\n\n\n    <\/div>\n\n<\/div>\n\n\n\n<p class=\"\"><\/p>\n","protected":false},"excerpt":{"rendered":"","protected":false},"author":13,"featured_media":0,"parent":0,"menu_order":0,"comment_status":"closed","ping_status":"closed","template":"templates\/page_template-basic_for_gutenberg.php","meta":{"_acf_changed":false,"inline_featured_image":false,"footnotes":""},"download_by_lite_tag":[],"class_list":["post-99347","page","type-page","status-publish","hentry"],"yoast_head":"<!-- This site is optimized with the Yoast SEO plugin v22.6 - https:\/\/yoast.com\/wordpress\/plugins\/seo\/ -->\n<title>Remboursements<\/title>\n<meta name=\"description\" content=\"Le meilleur VPN par Planet VPN - Remboursements\" \/>\n<meta name=\"robots\" content=\"index, follow, max-snippet:-1, max-image-preview:large, max-video-preview:-1\" \/>\n<link rel=\"canonical\" href=\"https:\/\/freevpnplanet.com\/fr\/refund\/\" \/>\n<meta property=\"og:locale\" content=\"fr_FR\" \/>\n<meta property=\"og:type\" content=\"article\" \/>\n<meta property=\"og:title\" content=\"Remboursements\" \/>\n<meta property=\"og:description\" content=\"Le meilleur VPN par Planet VPN - Remboursements\" \/>\n<meta property=\"og:url\" content=\"https:\/\/freevpnplanet.com\/fr\/refund\/\" \/>\n<meta property=\"og:site_name\" content=\"Planet VPN\" \/>\n<meta property=\"article:modified_time\" content=\"2026-03-13T12:13:35+00:00\" \/>\n<meta property=\"og:image\" content=\"https:\/\/freevpnplanet.com\/wp-content\/uploads\/2024\/06\/rvpn-refund.94efaa9-20240613_135146_986598.svg\" \/>\n<meta name=\"twitter:card\" content=\"summary_large_image\" \/>\n<meta name=\"twitter:label1\" content=\"Est. reading time\" \/>\n\t<meta name=\"twitter:data1\" content=\"3 minutes\" \/>\n<script type=\"application\/ld+json\" class=\"yoast-schema-graph\">{\"@context\":\"https:\/\/schema.org\",\"@graph\":[{\"@type\":\"WebPage\",\"@id\":\"https:\/\/freevpnplanet.com\/fr\/refund\/\",\"url\":\"https:\/\/freevpnplanet.com\/fr\/refund\/\",\"name\":\"Remboursements\",\"isPartOf\":{\"@id\":\"https:\/\/freevpnplanet.com\/fr\/#website\"},\"primaryImageOfPage\":{\"@id\":\"https:\/\/freevpnplanet.com\/fr\/refund\/#primaryimage\"},\"image\":{\"@id\":\"https:\/\/freevpnplanet.com\/fr\/refund\/#primaryimage\"},\"thumbnailUrl\":\"https:\/\/freevpnplanet.com\/wp-content\/uploads\/2024\/06\/rvpn-refund.94efaa9-20240613_135146_986598.svg\",\"datePublished\":\"2024-06-13T10:50:50+00:00\",\"dateModified\":\"2026-03-13T12:13:35+00:00\",\"description\":\"Le meilleur VPN par Planet VPN - Remboursements\",\"breadcrumb\":{\"@id\":\"https:\/\/freevpnplanet.com\/fr\/refund\/#breadcrumb\"},\"inLanguage\":\"fr\",\"potentialAction\":[{\"@type\":\"ReadAction\",\"target\":[\"https:\/\/freevpnplanet.com\/fr\/refund\/\"]}]},{\"@type\":\"ImageObject\",\"inLanguage\":\"fr\",\"@id\":\"https:\/\/freevpnplanet.com\/fr\/refund\/#primaryimage\",\"url\":\"https:\/\/freevpnplanet.com\/wp-content\/uploads\/2024\/06\/rvpn-refund.94efaa9-20240613_135146_986598.svg\",\"contentUrl\":\"https:\/\/freevpnplanet.com\/wp-content\/uploads\/2024\/06\/rvpn-refund.94efaa9-20240613_135146_986598.svg\"},{\"@type\":\"BreadcrumbList\",\"@id\":\"https:\/\/freevpnplanet.com\/fr\/refund\/#breadcrumb\",\"itemListElement\":[{\"@type\":\"ListItem\",\"position\":1,\"name\":\"Home\",\"item\":\"https:\/\/freevpnplanet.com\/fr\/\"},{\"@type\":\"ListItem\",\"position\":2,\"name\":\"Remboursements\"}]},{\"@type\":\"WebSite\",\"@id\":\"https:\/\/freevpnplanet.com\/fr\/#website\",\"url\":\"https:\/\/freevpnplanet.com\/fr\/\",\"name\":\"Planet VPN \ud83d\udee1\ufe0f\ud83c\udf10 Free VPN\",\"description\":\"Free VPN\",\"potentialAction\":[{\"@type\":\"SearchAction\",\"target\":{\"@type\":\"EntryPoint\",\"urlTemplate\":\"https:\/\/freevpnplanet.com\/fr\/?s={search_term_string}\"},\"query-input\":\"required name=search_term_string\"}],\"inLanguage\":\"fr\",\"publisher\":{\"@id\":\"https:\/\/freevpnplanet.com\/fr\/#organization\"}},{\"@context\":\"https:\/\/schema.org\/\",\"@type\":\"SoftwareApplication\",\"name\":\"Planet VPN \ud83d\udee1\ufe0f\ud83c\udf10 Free VPN\",\"operatingSystem\":\"Windows, macOS, iOS, Android, Linux, Chrome\",\"applicationCategory\":\"SecurityApplication\",\"offers\":{\"@type\":\"AggregateOffer\",\"priceCurrency\":\"USD\",\"price\":\"0\",\"lowPrice\":\"0\",\"availability\":\"https:\/\/schema.org\/InStock\"},\"aggregateRating\":{\"@type\":\"AggregateRating\",\"ratingValue\":\"4.8\",\"bestRating\":\"5\",\"ratingCount\":\"12476\"}},{\"@type\":\"Organization\",\"@id\":\"https:\/\/freevpnplanet.com\/fr\/#organization\",\"url\":\"https:\/\/freevpnplanet.com\/fr\/\",\"name\":\"Planet VPN \ud83d\udee1\ufe0f\ud83c\udf10 Free VPN\"}]}<\/script>\n<!-- \/ Yoast SEO plugin. -->","yoast_head_json":{"title":"Remboursements","description":"Le meilleur VPN par Planet VPN - Remboursements","robots":{"index":"index","follow":"follow","max-snippet":"max-snippet:-1","max-image-preview":"max-image-preview:large","max-video-preview":"max-video-preview:-1"},"canonical":"https:\/\/freevpnplanet.com\/fr\/refund\/","og_locale":"fr_FR","og_type":"article","og_title":"Remboursements","og_description":"Le meilleur VPN par Planet VPN - Remboursements","og_url":"https:\/\/freevpnplanet.com\/fr\/refund\/","og_site_name":"Planet VPN","article_modified_time":"2026-03-13T12:13:35+00:00","og_image":[{"url":"https:\/\/freevpnplanet.com\/wp-content\/uploads\/2024\/06\/rvpn-refund.94efaa9-20240613_135146_986598.svg"}],"twitter_card":"summary_large_image","twitter_misc":{"Est. reading time":"3 minutes"},"schema":{"@context":"https:\/\/schema.org","@graph":[{"@type":"WebPage","@id":"https:\/\/freevpnplanet.com\/fr\/refund\/","url":"https:\/\/freevpnplanet.com\/fr\/refund\/","name":"Remboursements","isPartOf":{"@id":"https:\/\/freevpnplanet.com\/fr\/#website"},"primaryImageOfPage":{"@id":"https:\/\/freevpnplanet.com\/fr\/refund\/#primaryimage"},"image":{"@id":"https:\/\/freevpnplanet.com\/fr\/refund\/#primaryimage"},"thumbnailUrl":"https:\/\/freevpnplanet.com\/wp-content\/uploads\/2024\/06\/rvpn-refund.94efaa9-20240613_135146_986598.svg","datePublished":"2024-06-13T10:50:50+00:00","dateModified":"2026-03-13T12:13:35+00:00","description":"Le meilleur VPN par Planet VPN - Remboursements","breadcrumb":{"@id":"https:\/\/freevpnplanet.com\/fr\/refund\/#breadcrumb"},"inLanguage":"fr","potentialAction":[{"@type":"ReadAction","target":["https:\/\/freevpnplanet.com\/fr\/refund\/"]}]},{"@type":"ImageObject","inLanguage":"fr","@id":"https:\/\/freevpnplanet.com\/fr\/refund\/#primaryimage","url":"https:\/\/freevpnplanet.com\/wp-content\/uploads\/2024\/06\/rvpn-refund.94efaa9-20240613_135146_986598.svg","contentUrl":"https:\/\/freevpnplanet.com\/wp-content\/uploads\/2024\/06\/rvpn-refund.94efaa9-20240613_135146_986598.svg"},{"@type":"BreadcrumbList","@id":"https:\/\/freevpnplanet.com\/fr\/refund\/#breadcrumb","itemListElement":[{"@type":"ListItem","position":1,"name":"Home","item":"https:\/\/freevpnplanet.com\/fr\/"},{"@type":"ListItem","position":2,"name":"Remboursements"}]},{"@type":"WebSite","@id":"https:\/\/freevpnplanet.com\/fr\/#website","url":"https:\/\/freevpnplanet.com\/fr\/","name":"Planet VPN \ud83d\udee1\ufe0f\ud83c\udf10 Free VPN","description":"Free VPN","potentialAction":[{"@type":"SearchAction","target":{"@type":"EntryPoint","urlTemplate":"https:\/\/freevpnplanet.com\/fr\/?s={search_term_string}"},"query-input":"required name=search_term_string"}],"inLanguage":"fr","publisher":{"@id":"https:\/\/freevpnplanet.com\/fr\/#organization"}},{"@context":"https:\/\/schema.org\/","@type":"SoftwareApplication","name":"Planet VPN \ud83d\udee1\ufe0f\ud83c\udf10 Free VPN","operatingSystem":"Windows, macOS, iOS, Android, Linux, Chrome","applicationCategory":"SecurityApplication","offers":{"@type":"AggregateOffer","priceCurrency":"USD","price":"0","lowPrice":"0","availability":"https:\/\/schema.org\/InStock"},"aggregateRating":{"@type":"AggregateRating","ratingValue":"4.8","bestRating":"5","ratingCount":"12476"}},{"@type":"Organization","@id":"https:\/\/freevpnplanet.com\/fr\/#organization","url":"https:\/\/freevpnplanet.com\/fr\/","name":"Planet VPN \ud83d\udee1\ufe0f\ud83c\udf10 Free VPN"}]}},"acf":[],"_links":{"self":[{"href":"https:\/\/freevpnplanet.com\/fr\/wp-json\/wp\/v2\/pages\/99347","targetHints":{"allow":["GET"]}}],"collection":[{"href":"https:\/\/freevpnplanet.com\/fr\/wp-json\/wp\/v2\/pages"}],"about":[{"href":"https:\/\/freevpnplanet.com\/fr\/wp-json\/wp\/v2\/types\/page"}],"author":[{"embeddable":true,"href":"https:\/\/freevpnplanet.com\/fr\/wp-json\/wp\/v2\/users\/13"}],"replies":[{"embeddable":true,"href":"https:\/\/freevpnplanet.com\/fr\/wp-json\/wp\/v2\/comments?post=99347"}],"version-history":[{"count":9,"href":"https:\/\/freevpnplanet.com\/fr\/wp-json\/wp\/v2\/pages\/99347\/revisions"}],"predecessor-version":[{"id":195833,"href":"https:\/\/freevpnplanet.com\/fr\/wp-json\/wp\/v2\/pages\/99347\/revisions\/195833"}],"wp:attachment":[{"href":"https:\/\/freevpnplanet.com\/fr\/wp-json\/wp\/v2\/media?parent=99347"}],"wp:term":[{"taxonomy":"download_by_lite_tag","embeddable":true,"href":"https:\/\/freevpnplanet.com\/fr\/wp-json\/wp\/v2\/download_by_lite_tag?post=99347"}],"curies":[{"name":"wp","href":"https:\/\/api.w.org\/{rel}","templated":true}]}}