{"id":99973,"date":"2024-05-30T10:37:13","date_gmt":"2024-05-30T07:37:13","guid":{"rendered":"https:\/\/help.freeplanetvpn.com\/listen-to-music-radio-online-download-mp3\/"},"modified":"2025-07-22T11:11:10","modified_gmt":"2025-07-22T08:11:10","slug":"listen-to-music-radio-online-download-mp3","status":"publish","type":"page","link":"https:\/\/freevpnplanet.com\/fr\/listen-to-music-radio-online-download-mp3\/","title":{"rendered":"Listen to music radio online download mp3"},"content":{"rendered":"\n<section class=\"image-text custom-block align-full bg-circle  mobile-image-bottom mobile-title-center  header-size-medium text-size-small   content-left\" style='overflow: hidden;;--background-color:var(--dark-blue-0); --text-color:var(--white);--min-height-mobile:400px;--min-height-desktop:676px;--content-width:50%'>\n\n    <div class=\"gutenberg-block-background\"><\/div>\n    <div class=\"image-text__inner inner-container\">\n\n        \n                    <div class=\"image-text__content\">\n\n                <h1>VPN gratuit pour t\u00e9l\u00e9charger et \u00e9couter de la musique<\/h1>\n<p>Votre fournisseur d\u2019acc\u00e8s ou administrateur syst\u00e8me a bloqu\u00e9 l&#8217;acc\u00e8s \u00e0 votre station de radio en ligne pr\u00e9f\u00e9r\u00e9e ? Votre acc\u00e8s au t\u00e9l\u00e9chargement de musique en MP3 a-t-il \u00e9t\u00e9 soumis \u00e0 des restrictions ?<\/p>\n<p>&#8211; Ne vous inqui\u00e9tez pas ! Aujourd&#8217;hui, vous pouvez toujours obtenir Planet VPN ! Notre service assurera le cryptage s\u00e9curis\u00e9 de vos donn\u00e9es, contournant ainsi la restriction sans perte de vitesse !<\/p>\n                                    <div class=\"image-text__cta\">\n                        <a href=\"\/fr\/plans\/\" target=\"_self\" id=\"qa-hero-btn-cta\" class=\"cta download-by-platform cta--with-border cta-size--small cta-mt--initial icon-position--icon-left\" style=\"--border-radius:40px\"><span class=\"cta__name\">T\u00e9l\u00e9charger gratuitement<\/span><\/a>                    <\/div>\n                \n            <\/div>\n        \n                    <div class=\"bg-image-wrapper bg-image-wrapper--desktop right image-align--center\">\n                <figure style='--image-max-width:1000px;--image-opacity:1.00;width: calc(46% - 20px)'>\n                    <img decoding=\"async\" width=\"608\" height=\"459\" src=\"https:\/\/freevpnplanet.com\/wp-content\/uploads\/2024\/05\/rvpn-music-main-image-20240530_104212_904697.svg\" class=\"bg-image\" alt=\"Background Image for Desktop\" \/>                <\/figure>\n            <\/div>\n        \n                    <div class=\"bg-image-wrapper bg-image-wrapper--mobile regular-image\">\n                <figure style='width: 100%;max-width: 480px;opacity: 1.00;margin-top: 24px'>\n                    <img decoding=\"async\" width=\"608\" height=\"459\" src=\"https:\/\/freevpnplanet.com\/wp-content\/uploads\/2024\/05\/rvpn-music-main-image-20240530_104212_904697.svg\" class=\"bg-image\" alt=\"Background Image for Mobile\" \/>                <\/figure>\n            <\/div>\n            <\/div>\n<\/section>\n\n\n<section class=\"image-text-static-image custom-block align-none  mobile-image-bottom   header-size-small text-size-small  \" style=''>\n\n    <div class=\"gutenberg-block-background\"><\/div>\n    <div class=\"image-text-static-image__inner inner-container\">\n                    <div class=\"image-text-static-image__content content-right\" style='--content-width: 50%'>\n                                    <div class=\"image-text-static-image__title\">\n                        <h2 >Est-il possible d\u2019\u00e9couter de la musique et une radio en ligne sans restrictions ?<\/h2>                    <\/div>\n                \n                <p>Auparavant, l\u2019utilisateur d\u2019Internet avait acc\u00e8s \u00e0 pratiquement n\u2019importe quelle musique et \u00e0 n\u2019importe quelle radio en ligne. Cependant, avec la mise en place de restrictions, le simple citoyen ne peut \u00e9couter que les musiques de films et les stations de radio autoris\u00e9es dans son pays.<\/p>\n<p>Ces restrictions font que l\u2019utilisateur re\u00e7oit un message correspondant d\u00e8s lors qu\u2019il tente d\u2019activer une piste verrouill\u00e9e ou lorsqu\u2019il essaie de se connecter \u00e0 une radio en ligne. Vous pouvez r\u00e9soudre le probl\u00e8me gr\u00e2ce \u00e0 Planet VPN. \u00c0 l\u2019aide d\u2019un VPN, vous cryptez de mani\u00e8re s\u00e9curis\u00e9e toutes les donn\u00e9es \u00e9mises et re\u00e7ues, et vous modifiez votre adresse IP pour court-circuiter la restriction et \u00e9couter une radio et de la musique en ligne sans restriction ni perte de d\u00e9bit.<\/p>\n                \n                \n\n            <\/div>\n        \n                    <div class=\"bg-image-wrapper bg-image-wrapper--desktop  left image-align--center\" style='--image-max-width: 50%'>\n                <figure>\n                    <img width=\"545\" height=\"457\" src=\"https:\/\/freevpnplanet.com\/wp-content\/uploads\/2024\/05\/rvpn-music-party-20240530_104215_523471.svg\" class=\"attachment-full size-full\" alt=\"\" loading=\"lazy\" decoding=\"sync\" fetchpriority=\"low\" style=\"max-width:545px\" sizes=\"auto, (max-width: 545px) 100vw, 545px\" aria-hidden=\"true\" \/>                    <!-- <img decoding=\"async\" width=\"545\" height=\"457\" src=\"https:\/\/freevpnplanet.com\/wp-content\/uploads\/2024\/05\/rvpn-music-party-20240530_104215_523471.svg\" class=\"attachment-full size-full\" alt=\"\" style=\"max-width:545px\" \/> -->\n                <\/figure>\n            <\/div>\n        \n            <\/div>\n<\/section>\n\n\n<section class=\"cta-section custom-block align-full \" style=''>\n\n    <div class=\"gutenberg-block-background\"><\/div>\n    <div class=\"cta-section__inner\">\n                    <div class=\"cta-section__cta\">\n                                    <a href=\"\/fr\/plans\/\" target=\"_self\" id=\"qa-banner-middle-cta\" class=\"cta download-by-platform cta--with-border cta-size--small cta-mt--initial icon-position--icon-left\" style=\"--border-radius:40px\"><span class=\"cta__name\">T\u00e9l\u00e9charger gratuitement<\/span><\/a>                            <\/div>\n            <\/div>\n<\/section>\n\n\n<div class=\"wp-block-group alignfull has-background-blue-background-color has-background is-content-justification-center is-nowrap is-layout-flex wp-container-core-group-is-layout-1 wp-block-group-is-layout-flex\">\n<div class=\"wp-block-columns wp-container-content-1 is-layout-flex wp-container-core-columns-is-layout-1 wp-block-columns-is-layout-flex row-gap--20 stack-breakpoint--768\">\n<div class=\"wp-block-column is-layout-flow wp-block-column-is-layout-flow\">\n<section class=\"advanced-steps custom-block align-none  align-desktop-left align-mobile-left font-normal three-columns title-small image-shadow\" style='--background-color:var(--dark-blue-8); --text-color:var(--dark-blue-1)'>\n\n    <div class=\"gutenberg-block-background\"><\/div>\n    <div class=\"advanced-steps__container inner-container\">\n                    <div class=\"advanced-steps__intro\">\n                <h2><span data-sheets-root=\"1\">Comment \u00e9couter de la musique et une radio en ligne, t\u00e9l\u00e9charger des fichiers MP3 SANS RESTRICTIONS ?<\/span><\/h2>\n<p><span data-sheets-root=\"1\">Il suffit de 3 \u00e9tapes pour d\u00e9bloquer une station de radio en ligne, un service de musique ou un site web pour t\u00e9l\u00e9charger de la musique en MP3 !<\/span><\/p>            <\/div>\n        \n        <ul class=\"advanced-steps__list advanced-steps__list--download-steps\" style='--columns-gap:50px'>\n                            <li style='--max-width:px'>\n                                            <h2 class=\"step-title\">1. T\u00e9l\u00e9chargement<\/h2>\n                    \n                                            <div class=\"image-wrapper\">\n                            <img decoding=\"async\" width=\"220\" height=\"171\" src=\"https:\/\/freevpnplanet.com\/wp-content\/uploads\/2024\/05\/rvpn-steps-2-20240530_105342_800846.svg\" class=\"attachment-full size-full\" alt=\"Step 2\" \/>                        <\/div>\n\n                                                    <p><a href=\"https:\/\/freevpnplanet.com\/fr\/download\/\" target=\"_blank\" rel=\"noopener\" id=\"qa-advanced-step-content-link\"><span data-sheets-root=\"1\">T\u00e9l\u00e9chargez <\/span><\/a><span data-sheets-root=\"1\">et installez l\u2019application sur votre appareil.<\/span><\/p>                                                            <\/li>\n                                <li style='--max-width:px'>\n                                            <h2 class=\"step-title\">2. Connecter<\/h2>\n                    \n                                            <div class=\"image-wrapper\">\n                            <img decoding=\"async\" width=\"219\" height=\"170\" src=\"https:\/\/freevpnplanet.com\/wp-content\/uploads\/2024\/05\/rvpn-steps-1-20240530_105340_042416.svg\" class=\"attachment-full size-full\" alt=\"Step 1\" \/>                        <\/div>\n\n                                                    <p>Connectez-vous \u00e0 l&#8217;un de nos serveurs..<\/p>                                                            <\/li>\n                                <li style='--max-width:px'>\n                                            <h2 class=\"step-title\">3. Visiter<\/h2>\n                    \n                                            <div class=\"image-wrapper\">\n                            <img decoding=\"async\" width=\"219\" height=\"170\" src=\"https:\/\/freevpnplanet.com\/wp-content\/uploads\/2024\/05\/rvpn-steps-3-20240530_105345_576093.svg\" class=\"attachment-full size-full\" alt=\"Step 3\" \/>                        <\/div>\n\n                                                    <p><span data-sheets-root=\"1\">Rendez-vous sur n\u2019importe quel site web sans restrictions.<\/span><\/p>                                                            <\/li>\n                        <\/ul>\n\n                    <div class=\"advanced-steps__cta\">\n                <a href=\"\/fr\/plans\/\" target=\"_self\" id=\"qa-btn-advanced-steps-cta\" class=\"cta download-by-platform cta--with-border cta-size--small cta-mt--initial icon-position--icon-left\" style=\"--border-radius:40px\"><span class=\"cta__name\">T\u00e9l\u00e9charger gratuitement<\/span><\/a>            <\/div>\n        \n        \n        \n\n    <\/div>\n<\/section>\n<\/div>\n<\/div>\n<\/div>\n\n\n\n<section class=\"image-text-static-image custom-block align-none  mobile-image-bottom   header-size-small text-size-small  pb-0--desktop\" style=''>\n\n    <div class=\"gutenberg-block-background\"><\/div>\n    <div class=\"image-text-static-image__inner inner-container\">\n                    <div class=\"image-text-static-image__content content-left\" style='--content-width: 50%'>\n                                    <div class=\"image-text-static-image__title\">\n                        <h2 >EST-IL POSSIBLE DE T\u00c9L\u00c9CHARGER DES PISTES MUSICALES MP3 SI LE SITE WEB EST INDISPONIBLE ?<\/h2>                    <\/div>\n                \n                <p>\u2013 Oui, m\u00eame maintenant, \u00e0 l\u2019\u00e8re des restrictions sur Internet, tout le monde peut \u00e9couter et t\u00e9l\u00e9charger n\u2019importe quelle chanson. Ceci se fait \u00e0 l\u2019aide de notre service VPN. Le VPN est un circuit de donn\u00e9es s\u00e9curis\u00e9 entre plusieurs terminaux. Les VPN sont utilis\u00e9s pour prot\u00e9ger le trafic sur Internet des intrus et de la censure. Gr\u00e2ce \u00e0 Planet VPN, vous pouvez \u00e9couter de la musique en ligne et t\u00e9l\u00e9charger des fichiers MP3 provenant de ressources verrouill\u00e9es sur n\u2019importe quel appareil.<\/p>\n<p>Nous am\u00e9liorons en permanence notre r\u00e9seau pour vous offrir le d\u00e9bit le plus \u00e9lev\u00e9 possible et une bande passante illimit\u00e9e.<\/p>\n                \n                \n\n            <\/div>\n        \n                    <div class=\"bg-image-wrapper bg-image-wrapper--desktop  right image-align--center\" style='--image-max-width: 50%'>\n                <figure>\n                    <img width=\"479\" height=\"479\" src=\"https:\/\/freevpnplanet.com\/wp-content\/uploads\/2024\/05\/rvpn-blocked.9e861a11-20240529_094058_811851.svg\" class=\"attachment-full size-full\" alt=\"\" loading=\"lazy\" decoding=\"sync\" fetchpriority=\"low\" style=\"max-width:480px\" sizes=\"auto, (max-width: 480px) 100vw, 480px\" aria-hidden=\"true\" \/>                    <!-- <img decoding=\"async\" width=\"479\" height=\"479\" src=\"https:\/\/freevpnplanet.com\/wp-content\/uploads\/2024\/05\/rvpn-blocked.9e861a11-20240529_094058_811851.svg\" class=\"attachment-full size-full\" alt=\"\" style=\"max-width:480px\" \/> -->\n                <\/figure>\n            <\/div>\n        \n            <\/div>\n<\/section>\n\n\n<section class=\"image-text-static-image custom-block align-none  mobile-image-bottom   header-size-small text-size-small  \" style=''>\n\n    <div class=\"gutenberg-block-background\"><\/div>\n    <div class=\"image-text-static-image__inner inner-container\">\n                    <div class=\"image-text-static-image__content content-right\" style='--content-width: 50%'>\n                                    <div class=\"image-text-static-image__title\">\n                        <h2 >Planet VPN contourne les interdictions !<\/h2>                    <\/div>\n                \n                <p>Si vous voulez \u00e9couter de la musique en ligne sur n\u2019importe quel appareil sans d\u00e9calage et\/ou t\u00e9l\u00e9charger des chansons sous forme de fichiers MP3, Planet VPN est fait pour vous !<\/p>\n<p>Planet VPN ex\u00e9cute plusieurs fonctions en m\u00eame temps : cryptage du r\u00e9seau, protection des donn\u00e9es transmises et de la r\u00e9ception du trafic Internet contre les auteurs de programmes malveillants, maintien de l\u2019anonymat et acc\u00e8s \u00e0 toutes les ressources en ligne en court-circuitant les restrictions.<\/p>\n                                    <div class=\"image-text-static-image__cta\">\n                                                    <a href=\"\/fr\/plans\/\" target=\"_self\" id=\"qa-btn-bottom-cta\" class=\"cta download-by-platform cta--with-border cta-size--small cta-mt--initial icon-position--icon-left\" style=\"--border-radius:40px\"><span class=\"cta__name\">Download Free<\/span><\/a>                                            <\/div>\n                \n                \n\n            <\/div>\n        \n                    <div class=\"bg-image-wrapper bg-image-wrapper--desktop  left image-align--center\" style='--image-max-width: 50%'>\n                <figure>\n                    <img width=\"585\" height=\"401\" src=\"https:\/\/freevpnplanet.com\/wp-content\/uploads\/2024\/05\/rvpn-music-dance-20240530_104209_519514.svg\" class=\"attachment-full size-full\" alt=\"\" loading=\"lazy\" decoding=\"sync\" fetchpriority=\"low\" style=\"max-width:585px\" sizes=\"auto, (max-width: 585px) 100vw, 585px\" aria-hidden=\"true\" \/>                    <!-- <img decoding=\"async\" width=\"585\" height=\"401\" src=\"https:\/\/freevpnplanet.com\/wp-content\/uploads\/2024\/05\/rvpn-music-dance-20240530_104209_519514.svg\" class=\"attachment-full size-full\" alt=\"\" style=\"max-width:585px\" \/> -->\n                <\/figure>\n            <\/div>\n        \n            <\/div>\n<\/section>","protected":false},"excerpt":{"rendered":"","protected":false},"author":13,"featured_media":0,"parent":0,"menu_order":0,"comment_status":"closed","ping_status":"closed","template":"templates\/page_template-basic_for_gutenberg.php","meta":{"_acf_changed":false,"inline_featured_image":false,"footnotes":""},"download_by_lite_tag":[],"class_list":["post-99973","page","type-page","status-publish","hentry"],"yoast_head":"<!-- This site is optimized with the Yoast SEO plugin v22.6 - https:\/\/yoast.com\/wordpress\/plugins\/seo\/ -->\n<title>VPN gratuit pour t\u00e9l\u00e9charger et \u00e9couter de la musique - votre musique pr\u00e9f\u00e9r\u00e9e avec free VPN<\/title>\n<meta name=\"description\" content=\"Planet VPN vous aidera \u00e0 r\u00e9soudre les probl\u00e8mes li\u00e9s aux restrictions d&#039;acc\u00e8s au contenu musical. Gr\u00e2ce \u00e0 VPN, vous pouvez \u00e9couter de la musique sur des services qui ne sont pas disponibles dans votre pays.\" \/>\n<meta name=\"robots\" content=\"index, follow, max-snippet:-1, max-image-preview:large, max-video-preview:-1\" \/>\n<link rel=\"canonical\" href=\"https:\/\/freevpnplanet.com\/fr\/listen-to-music-radio-online-download-mp3\/\" \/>\n<meta property=\"og:locale\" content=\"fr_FR\" \/>\n<meta property=\"og:type\" content=\"article\" \/>\n<meta property=\"og:title\" content=\"VPN gratuit pour t\u00e9l\u00e9charger et \u00e9couter de la musique - votre musique pr\u00e9f\u00e9r\u00e9e avec free VPN\" \/>\n<meta property=\"og:description\" content=\"Planet VPN vous aidera \u00e0 r\u00e9soudre les probl\u00e8mes li\u00e9s aux restrictions d&#039;acc\u00e8s au contenu musical. Gr\u00e2ce \u00e0 VPN, vous pouvez \u00e9couter de la musique sur des services qui ne sont pas disponibles dans votre pays.\" \/>\n<meta property=\"og:url\" content=\"https:\/\/freevpnplanet.com\/fr\/listen-to-music-radio-online-download-mp3\/\" \/>\n<meta property=\"og:site_name\" content=\"Planet VPN\" \/>\n<meta property=\"article:modified_time\" content=\"2025-07-22T08:11:10+00:00\" \/>\n<meta name=\"twitter:card\" content=\"summary_large_image\" \/>\n<script type=\"application\/ld+json\" class=\"yoast-schema-graph\">{\"@context\":\"https:\/\/schema.org\",\"@graph\":[{\"@type\":\"WebPage\",\"@id\":\"https:\/\/freevpnplanet.com\/fr\/listen-to-music-radio-online-download-mp3\/\",\"url\":\"https:\/\/freevpnplanet.com\/fr\/listen-to-music-radio-online-download-mp3\/\",\"name\":\"VPN gratuit pour t\u00e9l\u00e9charger et \u00e9couter de la musique - votre musique pr\u00e9f\u00e9r\u00e9e avec free VPN\",\"isPartOf\":{\"@id\":\"https:\/\/freevpnplanet.com\/fr\/#website\"},\"datePublished\":\"2024-05-30T07:37:13+00:00\",\"dateModified\":\"2025-07-22T08:11:10+00:00\",\"description\":\"Planet VPN vous aidera \u00e0 r\u00e9soudre les probl\u00e8mes li\u00e9s aux restrictions d'acc\u00e8s au contenu musical. Gr\u00e2ce \u00e0 VPN, vous pouvez \u00e9couter de la musique sur des services qui ne sont pas disponibles dans votre pays.\",\"breadcrumb\":{\"@id\":\"https:\/\/freevpnplanet.com\/fr\/listen-to-music-radio-online-download-mp3\/#breadcrumb\"},\"inLanguage\":\"fr\",\"potentialAction\":[{\"@type\":\"ReadAction\",\"target\":[\"https:\/\/freevpnplanet.com\/fr\/listen-to-music-radio-online-download-mp3\/\"]}]},{\"@type\":\"BreadcrumbList\",\"@id\":\"https:\/\/freevpnplanet.com\/fr\/listen-to-music-radio-online-download-mp3\/#breadcrumb\",\"itemListElement\":[{\"@type\":\"ListItem\",\"position\":1,\"name\":\"Home\",\"item\":\"https:\/\/freevpnplanet.com\/fr\/\"},{\"@type\":\"ListItem\",\"position\":2,\"name\":\"Listen to music radio online download mp3\"}]},{\"@type\":\"WebSite\",\"@id\":\"https:\/\/freevpnplanet.com\/fr\/#website\",\"url\":\"https:\/\/freevpnplanet.com\/fr\/\",\"name\":\"Planet VPN \ud83d\udee1\ufe0f\ud83c\udf10 Free VPN\",\"description\":\"Free VPN\",\"potentialAction\":[{\"@type\":\"SearchAction\",\"target\":{\"@type\":\"EntryPoint\",\"urlTemplate\":\"https:\/\/freevpnplanet.com\/fr\/?s={search_term_string}\"},\"query-input\":\"required name=search_term_string\"}],\"inLanguage\":\"fr\",\"publisher\":{\"@id\":\"https:\/\/freevpnplanet.com\/fr\/#organization\"}},{\"@context\":\"https:\/\/schema.org\/\",\"@type\":\"SoftwareApplication\",\"name\":\"Planet VPN \ud83d\udee1\ufe0f\ud83c\udf10 Free VPN\",\"operatingSystem\":\"Windows, macOS, iOS, Android, Linux, Chrome\",\"applicationCategory\":\"SecurityApplication\",\"offers\":{\"@type\":\"AggregateOffer\",\"priceCurrency\":\"USD\",\"price\":\"0\",\"lowPrice\":\"0\",\"availability\":\"https:\/\/schema.org\/InStock\"},\"aggregateRating\":{\"@type\":\"AggregateRating\",\"ratingValue\":\"4.8\",\"bestRating\":\"5\",\"ratingCount\":\"12476\"}},{\"@type\":\"Organization\",\"@id\":\"https:\/\/freevpnplanet.com\/fr\/#organization\",\"url\":\"https:\/\/freevpnplanet.com\/fr\/\",\"name\":\"Planet VPN \ud83d\udee1\ufe0f\ud83c\udf10 Free VPN\"}]}<\/script>\n<!-- \/ Yoast SEO plugin. -->","yoast_head_json":{"title":"VPN gratuit pour t\u00e9l\u00e9charger et \u00e9couter de la musique - votre musique pr\u00e9f\u00e9r\u00e9e avec free VPN","description":"Planet VPN vous aidera \u00e0 r\u00e9soudre les probl\u00e8mes li\u00e9s aux restrictions d'acc\u00e8s au contenu musical. Gr\u00e2ce \u00e0 VPN, vous pouvez \u00e9couter de la musique sur des services qui ne sont pas disponibles dans votre pays.","robots":{"index":"index","follow":"follow","max-snippet":"max-snippet:-1","max-image-preview":"max-image-preview:large","max-video-preview":"max-video-preview:-1"},"canonical":"https:\/\/freevpnplanet.com\/fr\/listen-to-music-radio-online-download-mp3\/","og_locale":"fr_FR","og_type":"article","og_title":"VPN gratuit pour t\u00e9l\u00e9charger et \u00e9couter de la musique - votre musique pr\u00e9f\u00e9r\u00e9e avec free VPN","og_description":"Planet VPN vous aidera \u00e0 r\u00e9soudre les probl\u00e8mes li\u00e9s aux restrictions d'acc\u00e8s au contenu musical. Gr\u00e2ce \u00e0 VPN, vous pouvez \u00e9couter de la musique sur des services qui ne sont pas disponibles dans votre pays.","og_url":"https:\/\/freevpnplanet.com\/fr\/listen-to-music-radio-online-download-mp3\/","og_site_name":"Planet VPN","article_modified_time":"2025-07-22T08:11:10+00:00","twitter_card":"summary_large_image","schema":{"@context":"https:\/\/schema.org","@graph":[{"@type":"WebPage","@id":"https:\/\/freevpnplanet.com\/fr\/listen-to-music-radio-online-download-mp3\/","url":"https:\/\/freevpnplanet.com\/fr\/listen-to-music-radio-online-download-mp3\/","name":"VPN gratuit pour t\u00e9l\u00e9charger et \u00e9couter de la musique - votre musique pr\u00e9f\u00e9r\u00e9e avec free VPN","isPartOf":{"@id":"https:\/\/freevpnplanet.com\/fr\/#website"},"datePublished":"2024-05-30T07:37:13+00:00","dateModified":"2025-07-22T08:11:10+00:00","description":"Planet VPN vous aidera \u00e0 r\u00e9soudre les probl\u00e8mes li\u00e9s aux restrictions d'acc\u00e8s au contenu musical. Gr\u00e2ce \u00e0 VPN, vous pouvez \u00e9couter de la musique sur des services qui ne sont pas disponibles dans votre pays.","breadcrumb":{"@id":"https:\/\/freevpnplanet.com\/fr\/listen-to-music-radio-online-download-mp3\/#breadcrumb"},"inLanguage":"fr","potentialAction":[{"@type":"ReadAction","target":["https:\/\/freevpnplanet.com\/fr\/listen-to-music-radio-online-download-mp3\/"]}]},{"@type":"BreadcrumbList","@id":"https:\/\/freevpnplanet.com\/fr\/listen-to-music-radio-online-download-mp3\/#breadcrumb","itemListElement":[{"@type":"ListItem","position":1,"name":"Home","item":"https:\/\/freevpnplanet.com\/fr\/"},{"@type":"ListItem","position":2,"name":"Listen to music radio online download mp3"}]},{"@type":"WebSite","@id":"https:\/\/freevpnplanet.com\/fr\/#website","url":"https:\/\/freevpnplanet.com\/fr\/","name":"Planet VPN \ud83d\udee1\ufe0f\ud83c\udf10 Free VPN","description":"Free VPN","potentialAction":[{"@type":"SearchAction","target":{"@type":"EntryPoint","urlTemplate":"https:\/\/freevpnplanet.com\/fr\/?s={search_term_string}"},"query-input":"required name=search_term_string"}],"inLanguage":"fr","publisher":{"@id":"https:\/\/freevpnplanet.com\/fr\/#organization"}},{"@context":"https:\/\/schema.org\/","@type":"SoftwareApplication","name":"Planet VPN \ud83d\udee1\ufe0f\ud83c\udf10 Free VPN","operatingSystem":"Windows, macOS, iOS, Android, Linux, Chrome","applicationCategory":"SecurityApplication","offers":{"@type":"AggregateOffer","priceCurrency":"USD","price":"0","lowPrice":"0","availability":"https:\/\/schema.org\/InStock"},"aggregateRating":{"@type":"AggregateRating","ratingValue":"4.8","bestRating":"5","ratingCount":"12476"}},{"@type":"Organization","@id":"https:\/\/freevpnplanet.com\/fr\/#organization","url":"https:\/\/freevpnplanet.com\/fr\/","name":"Planet VPN \ud83d\udee1\ufe0f\ud83c\udf10 Free VPN"}]}},"acf":[],"_links":{"self":[{"href":"https:\/\/freevpnplanet.com\/fr\/wp-json\/wp\/v2\/pages\/99973","targetHints":{"allow":["GET"]}}],"collection":[{"href":"https:\/\/freevpnplanet.com\/fr\/wp-json\/wp\/v2\/pages"}],"about":[{"href":"https:\/\/freevpnplanet.com\/fr\/wp-json\/wp\/v2\/types\/page"}],"author":[{"embeddable":true,"href":"https:\/\/freevpnplanet.com\/fr\/wp-json\/wp\/v2\/users\/13"}],"replies":[{"embeddable":true,"href":"https:\/\/freevpnplanet.com\/fr\/wp-json\/wp\/v2\/comments?post=99973"}],"version-history":[{"count":3,"href":"https:\/\/freevpnplanet.com\/fr\/wp-json\/wp\/v2\/pages\/99973\/revisions"}],"predecessor-version":[{"id":171585,"href":"https:\/\/freevpnplanet.com\/fr\/wp-json\/wp\/v2\/pages\/99973\/revisions\/171585"}],"wp:attachment":[{"href":"https:\/\/freevpnplanet.com\/fr\/wp-json\/wp\/v2\/media?parent=99973"}],"wp:term":[{"taxonomy":"download_by_lite_tag","embeddable":true,"href":"https:\/\/freevpnplanet.com\/fr\/wp-json\/wp\/v2\/download_by_lite_tag?post=99973"}],"curies":[{"name":"wp","href":"https:\/\/api.w.org\/{rel}","templated":true}]}}