{"id":101820,"date":"2024-07-04T14:07:25","date_gmt":"2024-07-04T11:07:25","guid":{"rendered":"https:\/\/help.freeplanetvpn.com\/anonymous-browsing\/"},"modified":"2025-07-18T11:20:19","modified_gmt":"2025-07-18T08:20:19","slug":"anonymous-browsing","status":"publish","type":"page","link":"https:\/\/freevpnplanet.com\/it\/anonymous-browsing\/","title":{"rendered":"Anonymous Browsing"},"content":{"rendered":"\n<div class=\"wp-block-group alignfull has-background is-layout-constrained wp-block-group-is-layout-constrained\" style=\"background:linear-gradient(135deg,rgb(16,33,84) 0%,rgb(3,7,17) 100%)\">\n<section class=\"image-text custom-block align-full bg-circle anonymous-browsing__banner  mobile-image-bottom mobile-title-center  header-size-medium text-size-small   content-left\" style='overflow: hidden;;--background-color:var(--none); --text-color:var(--white);--min-height-mobile:400px;--min-height-desktop:676px;--content-width:50%'>\n\n    <div class=\"gutenberg-block-background\"><img decoding=\"async\" width=\"1366\" height=\"684\" src=\"https:\/\/freevpnplanet.com\/wp-content\/uploads\/2024\/07\/rvpn-rays.d1295b71-20240714_163037_604254.svg\" class=\"gutenberg-block-background__image-desktop background-image\" alt=\"bg-image-desktop\" title=\"bg-image-desktop\" \/><\/div>\n    <div class=\"image-text__inner inner-container\">\n\n        \n                    <div class=\"image-text__content\">\n\n                <h1>Navigare e navigare in Internet in modo anonimo con Free VPN<\/h1>\n<p>Navigate sui siti web in modo anonimo con Planet VPN. Grazie a Planet VPN, le vostre azioni su Internet non possono essere tracciate e la vostra privacy \u00e8 protetta!<\/p>\n                                    <div class=\"image-text__cta\">\n                        <a href=\"\/it\/plans\/\" target=\"_self\" id=\"qa-hero-cta-btn\" class=\"cta download-by-platform cta--with-border cta-size--small cta-mt--initial icon-position--icon-left\" style=\"--border-radius:40px\"><span class=\"cta__name\">Scarica Gratis<\/span><\/a>                    <\/div>\n                \n            <\/div>\n        \n                    <div class=\"bg-image-wrapper bg-image-wrapper--desktop custom image-align--right\">\n                <figure style='--image-max-width:1293px;--image-opacity:1.00;width: calc(100% - 20px);left:5%;top:53%'>\n                    <img decoding=\"async\" width=\"1293\" height=\"636\" src=\"https:\/\/freevpnplanet.com\/wp-content\/uploads\/2024\/07\/rvpn-illustration.7b55dbd1-20240704_160606_363858.svg\" class=\"bg-image\" alt=\"Background Image for Desktop\" \/>                <\/figure>\n            <\/div>\n        \n                    <div class=\"bg-image-wrapper bg-image-wrapper--mobile regular-image\">\n                <figure style='width: 150%;max-width: 570px;opacity: 1.00;margin-top: 24px'>\n                    <img decoding=\"async\" width=\"1293\" height=\"636\" src=\"https:\/\/freevpnplanet.com\/wp-content\/uploads\/2024\/07\/rvpn-illustration.7b55dbd1-20240704_160606_363858.svg\" class=\"bg-image\" alt=\"Background Image for Mobile\" \/>                <\/figure>\n            <\/div>\n            <\/div>\n<\/section><\/div>\n\n\n\n<section class=\"image-text-static-image custom-block align-none  mobile-image-bottom   header-size-small text-size-small  \" style=''>\n\n    <div class=\"gutenberg-block-background\"><\/div>\n    <div class=\"image-text-static-image__inner inner-container\">\n                    <div class=\"image-text-static-image__content content-right\" style='--content-width: 50%'>\n                                    <div class=\"image-text-static-image__title\">\n                        <h2 >PERCH\u00c9 ABBIAMO BISOGNO DELL&#8217;ANONIMATO QUANDO NAVIGHIAMO IN INTERNET?<\/h2>                    <\/div>\n                \n                <p>Se decidete di acquistare qualcosa in un negozio online e inserite i dati della vostra carta di credito\/debito, sia il fornitore che il cyber-attaccante possono facilmente intercettare i vostri dati e utilizzarli per i propri scopi. Lo stesso vale quando si compilano moduli con informazioni personali.<\/p>\n<p>Anche i semplici messaggi online su siti di incontri o social network possono essere resi pubblici se la connessione tra l&#8217;utente e il servizio web non \u00e8 crittografata in modo sicuro.<\/p>\n<p>&nbsp;<\/p>\n                                    <div class=\"image-text-static-image__cta\">\n                                                    <a href=\"\/it\/plans\/\" target=\"_self\" id=\"qa-cta-btn-why\" class=\"cta download-by-platform cta--with-border cta-size--small cta-mt--initial icon-position--icon-left\" style=\"--border-radius:40px\"><span class=\"cta__name\">Scarica Gratis<\/span><\/a>                                            <\/div>\n                \n                \n\n            <\/div>\n        \n                    <div class=\"bg-image-wrapper bg-image-wrapper--desktop  left image-align--center\" style='--image-max-width: 50%'>\n                <figure>\n                    <img width=\"436\" height=\"449\" src=\"https:\/\/freevpnplanet.com\/wp-content\/uploads\/2024\/07\/rvpn-anon.610c0fb1-20240704_161721_585357.svg\" class=\"attachment-full size-full\" alt=\"\" loading=\"lazy\" decoding=\"sync\" fetchpriority=\"low\" style=\"max-width:436px\" sizes=\"auto, (max-width: 436px) 100vw, 436px\" aria-hidden=\"true\" \/>                    <!-- <img decoding=\"async\" width=\"436\" height=\"449\" src=\"https:\/\/freevpnplanet.com\/wp-content\/uploads\/2024\/07\/rvpn-anon.610c0fb1-20240704_161721_585357.svg\" class=\"attachment-full size-full\" alt=\"\" style=\"max-width:436px\" \/> -->\n                <\/figure>\n            <\/div>\n        \n            <\/div>\n<\/section>\n\n\n<div class=\"wp-block-group alignfull has-background is-layout-constrained wp-block-group-is-layout-constrained\" style=\"background-color:#2f77d4\">\n<section class=\"image-text custom-block align-full   mobile-image-bottom mobile-title-center  header-size-medium text-size-small   content-left\" style='overflow: hidden;;--background-color:var(--none); --text-color:var(--white);--min-height-mobile:400px;--min-height-desktop:650px;--content-width:52%'>\n\n    <div class=\"gutenberg-block-background\"><\/div>\n    <div class=\"image-text__inner inner-container\">\n\n        \n                    <div class=\"image-text__content\">\n\n                <h2>PLANET VPN &#8211; IL MIGLIOR SERVIZIO VPN ANONIMO<\/h2>\n<p>Abbiamo creato un servizio VPN avanzato con server veloci e una forte crittografia dei dati. Molti dei nostri server sono situati in diversi Paesi del mondo. Canali veloci e ampi e la completa assenza di registrazione delle informazioni. Oltre all&#8217;anonimato dei pagamenti: questo \u00e8 ci\u00f2 che distingue Planet VPN da tutti gli altri concorrenti.<br \/>\nNon registriamo mai il vostro traffico Internet in alcun modo, rendendo impossibile identificarvi in base al vostro indirizzo IP o al vostro orario.<\/p>\n<p>Planet VPN non condivide le vostre informazioni con nessuno. Inoltre, poich\u00e9 non memorizziamo alcun dato o registro, nessuno sar\u00e0 in grado di ottenere i vostri dati.<\/p>\n<p>&nbsp;<\/p>\n                                    <div class=\"image-text__cta\">\n                        <a href=\"\/it\/download\/\" target=\"\" id=\"qa-cta-does-vpn-btn\" class=\"cta cta-size--small cta-mt--initial icon-position--icon-left\" style=\"--border-radius:25px;--border-width:3px;--button-width:320px\"><span class=\"cta__name\">Scarica Gratis<\/span><\/a>                    <\/div>\n                \n            <\/div>\n        \n                    <div class=\"bg-image-wrapper bg-image-wrapper--desktop custom image-align--left\">\n                <figure style='--image-max-width:1500px;--image-opacity:1.00;width: calc(70% - 20px);left:42%;top:50%'>\n                    <img decoding=\"async\" width=\"1140\" height=\"1140\" src=\"https:\/\/freevpnplanet.com\/wp-content\/uploads\/2024\/05\/rvpn-rvpn-map-20240410-114426-568830-20240507_185226_366905.png\" class=\"bg-image\" alt=\"Background Image for Desktop\" \/>                <\/figure>\n            <\/div>\n        \n                    <div class=\"bg-image-wrapper bg-image-wrapper--mobile background-image\">\n                <figure style='width: 140%;max-width: 1000px;opacity: 0.20;margin-top: 24px'>\n                    <img decoding=\"async\" width=\"1140\" height=\"1140\" src=\"https:\/\/freevpnplanet.com\/wp-content\/uploads\/2024\/05\/rvpn-rvpn-map-20240410-114426-568830-20240507_185226_366905.png\" class=\"bg-image\" alt=\"Background Image for Mobile\" \/>                <\/figure>\n            <\/div>\n            <\/div>\n<\/section><\/div>\n\n\n\n<div class=\"wp-block-group alignfull has-background-blue-background-color has-background is-content-justification-center is-nowrap is-layout-flex wp-container-core-group-is-layout-3 wp-block-group-is-layout-flex\">\n<div class=\"wp-block-columns wp-container-content-1 is-layout-flex wp-container-core-columns-is-layout-1 wp-block-columns-is-layout-flex row-gap--20 stack-breakpoint--768\">\n<div class=\"wp-block-column is-layout-flow wp-block-column-is-layout-flow\">\n<section class=\"advanced-steps custom-block align-none  align-desktop-left align-mobile-left font-normal three-columns title-small image-shadow\" style='--background-color:var(--dark-blue-8)'>\n\n    <div class=\"gutenberg-block-background\"><\/div>\n    <div class=\"advanced-steps__container inner-container\">\n                    <div class=\"advanced-steps__intro\">\n                <h2 style=\"text-align: center;\">COME POSSO INIZIARE A NAVIGARE IN MODO ANONIMO?<\/h2>            <\/div>\n        \n        <ul class=\"advanced-steps__list advanced-steps__list--download-steps\" style='--columns-gap:50px'>\n                            <li style='--max-width:px'>\n                                            <h2 class=\"step-title\">1. Scaricare<\/h2>\n                    \n                                            <div class=\"image-wrapper\">\n                            <img decoding=\"async\" width=\"219\" height=\"170\" src=\"https:\/\/freevpnplanet.com\/wp-content\/uploads\/2024\/05\/rvpn-download.df91dd21-20240524_114147_333777.svg\" class=\"attachment-full size-full\" alt=\"Step 1\" \/>                        <\/div>\n\n                                                    <p><a href=\"https:\/\/freevpnplanet.com\/it\/download\/\" id=\"qa-advanced-step-content-link\">Scaricare <\/a>e installare l&#8217;applicazione sul dispositivo<\/p>                                                            <\/li>\n                                <li style='--max-width:px'>\n                                            <h2 class=\"step-title\">2. Collegare<\/h2>\n                    \n                                            <div class=\"image-wrapper\">\n                            <img decoding=\"async\" width=\"220\" height=\"171\" src=\"https:\/\/freevpnplanet.com\/wp-content\/uploads\/2024\/05\/rvpn-login.60a645a1-20240524_114327_062578.svg\" class=\"attachment-full size-full\" alt=\"Step 1\" \/>                        <\/div>\n\n                                                    <p>Connettersi a uno dei nostri server<\/p>                                                            <\/li>\n                                <li style='--max-width:px'>\n                                            <h2 class=\"step-title\">3. Visita<\/h2>\n                    \n                                            <div class=\"image-wrapper\">\n                            <img decoding=\"async\" width=\"219\" height=\"170\" src=\"https:\/\/freevpnplanet.com\/wp-content\/uploads\/2024\/05\/rvpn-connect.12ef9ce1-20240524_114733_838401.svg\" class=\"attachment-full size-full\" alt=\"Step 3\" \/>                        <\/div>\n\n                                                    <p>Visitare qualsiasi sito web senza restrizioni<\/p>                                                            <\/li>\n                        <\/ul>\n\n                    <div class=\"advanced-steps__cta\">\n                <a href=\"\/it\/plans\/\" target=\"_self\" id=\"qa-steps-btn-cta\" class=\"cta download-by-platform cta--with-border cta-size--small cta-mt--initial icon-position--icon-left\" style=\"--border-radius:40px\"><span class=\"cta__name\">Scarica Gratis<\/span><\/a>            <\/div>\n        \n        \n        \n\n    <\/div>\n<\/section>\n<\/div>\n<\/div>\n<\/div>\n\n\n\n<section class=\"wrapper custom-block align-none    \" style=''>\n\n    <div class=\"gutenberg-block-background\"><\/div>\n    <div class=\"wrapper__inner inner-container\">\n        \n\n<section class=\"image-text-static-image custom-block align-none  mobile-image-bottom   header-size-small text-size-small  pb-0--desktop\" style=''>\n\n    <div class=\"gutenberg-block-background\"><\/div>\n    <div class=\"image-text-static-image__inner inner-container\">\n                    <div class=\"image-text-static-image__content content-right\" style='--content-width: 50%'>\n                                    <div class=\"image-text-static-image__title\">\n                        <h2 >PROTEGGERE I DATI PERSONALI DA INTRUSIONI INDESIDERATE<\/h2>                    <\/div>\n                \n                <p>Se non utilizzate una VPN, \u00e8 molto facile tracciare e intercettare i vostri dati. I provider Internet tracciano e registrano le vostre azioni e condividono queste informazioni con altre organizzazioni.<\/p>\n<p>Queste organizzazioni utilizzano i vostri dati per limitare l&#8217;accesso a determinati contenuti e, in base all&#8217;analisi, possono mostrare prezzi gonfiati. Per non parlare della vulnerabilit\u00e0 alla criminalit\u00e0 informatica e alla sorveglianza, soprattutto quando si \u00e8 connessi a reti Wi-Fi pubbliche.<\/p>\n<p>Utilizzate Planet VPN per navigare in Internet in modo anonimo e assicurarvi che nessuno interferisca nei vostri affari personali.<\/p>\n                \n                \n\n            <\/div>\n        \n                    <div class=\"bg-image-wrapper bg-image-wrapper--desktop  left image-align--center\" style='--image-max-width: 50%'>\n                <figure>\n                    <img width=\"491\" height=\"436\" src=\"https:\/\/freevpnplanet.com\/wp-content\/uploads\/2024\/07\/rvpn-prot.d6581c71-20240704_192646_132779.svg\" class=\"attachment-full size-full\" alt=\"\" loading=\"lazy\" decoding=\"sync\" fetchpriority=\"low\" style=\"max-width:491px\" sizes=\"auto, (max-width: 491px) 100vw, 491px\" aria-hidden=\"true\" \/>                    <!-- <img decoding=\"async\" width=\"491\" height=\"436\" src=\"https:\/\/freevpnplanet.com\/wp-content\/uploads\/2024\/07\/rvpn-prot.d6581c71-20240704_192646_132779.svg\" class=\"attachment-full size-full\" alt=\"\" style=\"max-width:491px\" \/> -->\n                <\/figure>\n            <\/div>\n        \n            <\/div>\n<\/section>\n\n\n<section class=\"image-text-static-image custom-block align-none  mobile-image-bottom   header-size-small text-size-small  \" style=''>\n\n    <div class=\"gutenberg-block-background\"><\/div>\n    <div class=\"image-text-static-image__inner inner-container\">\n                    <div class=\"image-text-static-image__content content-left\" style='--content-width: 52%'>\n                                    <div class=\"image-text-static-image__title\">\n                        <h2 >NASCONDERE LA PROPRIA POSIZIONE E NAVIGARE SUI SITI WEB IN MODO ANONIMO.<\/h2>                    <\/div>\n                \n                <p>Sia le grandi che le piccole aziende spendono ingenti somme di denaro per garantire che le loro risorse di rete e le connessioni Internet siano utilizzate per lo scopo previsto.<\/p>\n<p>Le aziende assumono i migliori professionisti IT, ma anche l&#8217;utente tecnicamente meno illuminato pu\u00f2 ora bypassare i criteri del firewall Planet VPN, nascondere la propria posizione e ottenere l&#8217;accesso anonimo a Internet e ai siti web bloccati.<\/p>\n                \n                \n\n            <\/div>\n        \n                    <div class=\"bg-image-wrapper bg-image-wrapper--desktop  right image-align--center\" style='--image-max-width: 48%'>\n                <figure>\n                    <img width=\"436\" height=\"449\" src=\"https:\/\/freevpnplanet.com\/wp-content\/uploads\/2024\/07\/rvpn-anon.610c0fb1-20240704_161721_585357.svg\" class=\"attachment-full size-full\" alt=\"\" loading=\"lazy\" decoding=\"sync\" fetchpriority=\"low\" style=\"max-width:436px\" sizes=\"auto, (max-width: 436px) 100vw, 436px\" aria-hidden=\"true\" \/>                    <!-- <img decoding=\"async\" width=\"436\" height=\"449\" src=\"https:\/\/freevpnplanet.com\/wp-content\/uploads\/2024\/07\/rvpn-anon.610c0fb1-20240704_161721_585357.svg\" class=\"attachment-full size-full\" alt=\"\" style=\"max-width:436px\" \/> -->\n                <\/figure>\n            <\/div>\n        \n            <\/div>\n<\/section>\n\n\n<div class=\"buttons custom-block align-center \">\n                        <a href=\"\/it\/plans\/\" target=\"_self\" id=\"qa-btn-why-bottom-cta\" class=\"cta download-by-platform cta--with-border cta-size--small cta-mt--initial icon-position--icon-left\" style=\"--border-radius:40px\"><span class=\"cta__name\">Scarica Gratis<\/span><\/a>            <\/div>\n\n    <\/div>\n\n<\/section>","protected":false},"excerpt":{"rendered":"","protected":false},"author":39,"featured_media":0,"parent":0,"menu_order":0,"comment_status":"closed","ping_status":"closed","template":"templates\/page_template-basic_for_gutenberg.php","meta":{"_acf_changed":false,"inline_featured_image":false,"footnotes":""},"download_by_lite_tag":[],"class_list":["post-101820","page","type-page","status-publish","hentry"],"yoast_head":"<!-- This site is optimized with the Yoast SEO plugin v22.6 - https:\/\/yoast.com\/wordpress\/plugins\/seo\/ -->\n<title>Anonymous Browsing - Planet VPN<\/title>\n<meta name=\"description\" content=\"Securely encrypt traffic and hide your real IP address with a VPN. Hide your online activity with Planet VPN.\" \/>\n<meta name=\"robots\" content=\"index, follow, max-snippet:-1, max-image-preview:large, max-video-preview:-1\" \/>\n<link rel=\"canonical\" href=\"https:\/\/freevpnplanet.com\/it\/anonymous-browsing\/\" \/>\n<meta property=\"og:locale\" content=\"it_IT\" \/>\n<meta property=\"og:type\" content=\"article\" \/>\n<meta property=\"og:title\" content=\"Anonymous Browsing - Planet VPN\" \/>\n<meta property=\"og:description\" content=\"Securely encrypt traffic and hide your real IP address with a VPN. Hide your online activity with Planet VPN.\" \/>\n<meta property=\"og:url\" content=\"https:\/\/freevpnplanet.com\/it\/anonymous-browsing\/\" \/>\n<meta property=\"og:site_name\" content=\"Planet VPN\" \/>\n<meta property=\"article:modified_time\" content=\"2025-07-18T08:20:19+00:00\" \/>\n<meta name=\"twitter:card\" content=\"summary_large_image\" \/>\n<script type=\"application\/ld+json\" class=\"yoast-schema-graph\">{\"@context\":\"https:\/\/schema.org\",\"@graph\":[{\"@type\":\"WebPage\",\"@id\":\"https:\/\/freevpnplanet.com\/it\/anonymous-browsing\/\",\"url\":\"https:\/\/freevpnplanet.com\/it\/anonymous-browsing\/\",\"name\":\"Anonymous Browsing - Planet VPN\",\"isPartOf\":{\"@id\":\"https:\/\/freevpnplanet.com\/it\/#website\"},\"datePublished\":\"2024-07-04T11:07:25+00:00\",\"dateModified\":\"2025-07-18T08:20:19+00:00\",\"description\":\"Securely encrypt traffic and hide your real IP address with a VPN. Hide your online activity with Planet VPN.\",\"breadcrumb\":{\"@id\":\"https:\/\/freevpnplanet.com\/it\/anonymous-browsing\/#breadcrumb\"},\"inLanguage\":\"it\",\"potentialAction\":[{\"@type\":\"ReadAction\",\"target\":[\"https:\/\/freevpnplanet.com\/it\/anonymous-browsing\/\"]}]},{\"@type\":\"BreadcrumbList\",\"@id\":\"https:\/\/freevpnplanet.com\/it\/anonymous-browsing\/#breadcrumb\",\"itemListElement\":[{\"@type\":\"ListItem\",\"position\":1,\"name\":\"Home\",\"item\":\"https:\/\/freevpnplanet.com\/it\/\"},{\"@type\":\"ListItem\",\"position\":2,\"name\":\"Anonymous Browsing\"}]},{\"@type\":\"WebSite\",\"@id\":\"https:\/\/freevpnplanet.com\/it\/#website\",\"url\":\"https:\/\/freevpnplanet.com\/it\/\",\"name\":\"Planet VPN \ud83d\udee1\ufe0f\ud83c\udf10 Free VPN\",\"description\":\"Free VPN\",\"potentialAction\":[{\"@type\":\"SearchAction\",\"target\":{\"@type\":\"EntryPoint\",\"urlTemplate\":\"https:\/\/freevpnplanet.com\/it\/?s={search_term_string}\"},\"query-input\":\"required name=search_term_string\"}],\"inLanguage\":\"it\",\"publisher\":{\"@id\":\"https:\/\/freevpnplanet.com\/it\/#organization\"}},{\"@context\":\"https:\/\/schema.org\/\",\"@type\":\"SoftwareApplication\",\"name\":\"Planet VPN \ud83d\udee1\ufe0f\ud83c\udf10 Free VPN\",\"operatingSystem\":\"Windows, macOS, iOS, Android, Linux, Chrome\",\"applicationCategory\":\"SecurityApplication\",\"offers\":{\"@type\":\"AggregateOffer\",\"priceCurrency\":\"USD\",\"price\":\"0\",\"lowPrice\":\"0\",\"availability\":\"https:\/\/schema.org\/InStock\"},\"aggregateRating\":{\"@type\":\"AggregateRating\",\"ratingValue\":\"4.8\",\"bestRating\":\"5\",\"ratingCount\":\"12476\"}},{\"@type\":\"Organization\",\"@id\":\"https:\/\/freevpnplanet.com\/it\/#organization\",\"url\":\"https:\/\/freevpnplanet.com\/it\/\",\"name\":\"Planet VPN \ud83d\udee1\ufe0f\ud83c\udf10 Free VPN\"}]}<\/script>\n<!-- \/ Yoast SEO plugin. -->","yoast_head_json":{"title":"Anonymous Browsing - Planet VPN","description":"Securely encrypt traffic and hide your real IP address with a VPN. Hide your online activity with Planet VPN.","robots":{"index":"index","follow":"follow","max-snippet":"max-snippet:-1","max-image-preview":"max-image-preview:large","max-video-preview":"max-video-preview:-1"},"canonical":"https:\/\/freevpnplanet.com\/it\/anonymous-browsing\/","og_locale":"it_IT","og_type":"article","og_title":"Anonymous Browsing - Planet VPN","og_description":"Securely encrypt traffic and hide your real IP address with a VPN. Hide your online activity with Planet VPN.","og_url":"https:\/\/freevpnplanet.com\/it\/anonymous-browsing\/","og_site_name":"Planet VPN","article_modified_time":"2025-07-18T08:20:19+00:00","twitter_card":"summary_large_image","schema":{"@context":"https:\/\/schema.org","@graph":[{"@type":"WebPage","@id":"https:\/\/freevpnplanet.com\/it\/anonymous-browsing\/","url":"https:\/\/freevpnplanet.com\/it\/anonymous-browsing\/","name":"Anonymous Browsing - Planet VPN","isPartOf":{"@id":"https:\/\/freevpnplanet.com\/it\/#website"},"datePublished":"2024-07-04T11:07:25+00:00","dateModified":"2025-07-18T08:20:19+00:00","description":"Securely encrypt traffic and hide your real IP address with a VPN. Hide your online activity with Planet VPN.","breadcrumb":{"@id":"https:\/\/freevpnplanet.com\/it\/anonymous-browsing\/#breadcrumb"},"inLanguage":"it","potentialAction":[{"@type":"ReadAction","target":["https:\/\/freevpnplanet.com\/it\/anonymous-browsing\/"]}]},{"@type":"BreadcrumbList","@id":"https:\/\/freevpnplanet.com\/it\/anonymous-browsing\/#breadcrumb","itemListElement":[{"@type":"ListItem","position":1,"name":"Home","item":"https:\/\/freevpnplanet.com\/it\/"},{"@type":"ListItem","position":2,"name":"Anonymous Browsing"}]},{"@type":"WebSite","@id":"https:\/\/freevpnplanet.com\/it\/#website","url":"https:\/\/freevpnplanet.com\/it\/","name":"Planet VPN \ud83d\udee1\ufe0f\ud83c\udf10 Free VPN","description":"Free VPN","potentialAction":[{"@type":"SearchAction","target":{"@type":"EntryPoint","urlTemplate":"https:\/\/freevpnplanet.com\/it\/?s={search_term_string}"},"query-input":"required name=search_term_string"}],"inLanguage":"it","publisher":{"@id":"https:\/\/freevpnplanet.com\/it\/#organization"}},{"@context":"https:\/\/schema.org\/","@type":"SoftwareApplication","name":"Planet VPN \ud83d\udee1\ufe0f\ud83c\udf10 Free VPN","operatingSystem":"Windows, macOS, iOS, Android, Linux, Chrome","applicationCategory":"SecurityApplication","offers":{"@type":"AggregateOffer","priceCurrency":"USD","price":"0","lowPrice":"0","availability":"https:\/\/schema.org\/InStock"},"aggregateRating":{"@type":"AggregateRating","ratingValue":"4.8","bestRating":"5","ratingCount":"12476"}},{"@type":"Organization","@id":"https:\/\/freevpnplanet.com\/it\/#organization","url":"https:\/\/freevpnplanet.com\/it\/","name":"Planet VPN \ud83d\udee1\ufe0f\ud83c\udf10 Free VPN"}]}},"acf":[],"_links":{"self":[{"href":"https:\/\/freevpnplanet.com\/it\/wp-json\/wp\/v2\/pages\/101820","targetHints":{"allow":["GET"]}}],"collection":[{"href":"https:\/\/freevpnplanet.com\/it\/wp-json\/wp\/v2\/pages"}],"about":[{"href":"https:\/\/freevpnplanet.com\/it\/wp-json\/wp\/v2\/types\/page"}],"author":[{"embeddable":true,"href":"https:\/\/freevpnplanet.com\/it\/wp-json\/wp\/v2\/users\/39"}],"replies":[{"embeddable":true,"href":"https:\/\/freevpnplanet.com\/it\/wp-json\/wp\/v2\/comments?post=101820"}],"version-history":[{"count":10,"href":"https:\/\/freevpnplanet.com\/it\/wp-json\/wp\/v2\/pages\/101820\/revisions"}],"predecessor-version":[{"id":171415,"href":"https:\/\/freevpnplanet.com\/it\/wp-json\/wp\/v2\/pages\/101820\/revisions\/171415"}],"wp:attachment":[{"href":"https:\/\/freevpnplanet.com\/it\/wp-json\/wp\/v2\/media?parent=101820"}],"wp:term":[{"taxonomy":"download_by_lite_tag","embeddable":true,"href":"https:\/\/freevpnplanet.com\/it\/wp-json\/wp\/v2\/download_by_lite_tag?post=101820"}],"curies":[{"name":"wp","href":"https:\/\/api.w.org\/{rel}","templated":true}]}}