{"id":101891,"date":"2024-06-28T17:47:49","date_gmt":"2024-06-28T14:47:49","guid":{"rendered":"https:\/\/help.freeplanetvpn.com\/data-protection-security\/"},"modified":"2025-07-18T11:00:06","modified_gmt":"2025-07-18T08:00:06","slug":"data-protection-security","status":"publish","type":"page","link":"https:\/\/freevpnplanet.com\/it\/data-protection-security\/","title":{"rendered":"Data Protection Security"},"content":{"rendered":"\n<section class=\"image-text-static-image custom-block align-none data-protection-security__banner mobile-image-bottom   header-size-small text-size-small  \" style='--background-color:var(--dark-blue-0); --text-color:var(--white)'>\n\n    <div class=\"gutenberg-block-background\"><\/div>\n    <div class=\"image-text-static-image__inner inner-container\">\n                    <div class=\"image-text-static-image__content content-left\" style='--content-width: 39%'>\n                                    <div class=\"image-text-static-image__title\">\n                        <h1 >VPN gratuita per la protezione di Internet<\/h1>                    <\/div>\n                \n                <p>Sei preoccupato di essere sorvegliato? Nessun problema! Con Planet VPN, nessuno pu\u00f2 tracciare o intercettare i tuoi dati!<\/p>\n                                    <div class=\"image-text-static-image__cta\">\n                                                    <a href=\"\/it\/plans\/\" target=\"_self\" id=\"qa-hero-cta-btn\" class=\"cta download-by-platform cta--with-border cta-size--small cta-mt--initial icon-position--icon-left\" style=\"--border-radius:40px\"><span class=\"cta__name\">Scarica gratuitamente<\/span><\/a>                                            <\/div>\n                \n                \n\n            <\/div>\n        \n                    <div class=\"bg-image-wrapper bg-image-wrapper--desktop  right image-align--center\" style='--image-max-width: 61%'>\n                <figure>\n                    <img width=\"783\" height=\"734\" src=\"https:\/\/freevpnplanet.com\/wp-content\/uploads\/2024\/06\/rvpn-illustration.626d9081-20240628_175014_032621.svg\" class=\"attachment-full size-full\" alt=\"\" loading=\"lazy\" decoding=\"sync\" fetchpriority=\"low\" style=\"max-width:784px\" sizes=\"auto, (max-width: 784px) 100vw, 784px\" aria-hidden=\"true\" \/>                    <!-- <img decoding=\"async\" width=\"783\" height=\"734\" src=\"https:\/\/freevpnplanet.com\/wp-content\/uploads\/2024\/06\/rvpn-illustration.626d9081-20240628_175014_032621.svg\" class=\"attachment-full size-full\" alt=\"\" style=\"max-width:784px\" \/> -->\n                <\/figure>\n            <\/div>\n        \n            <\/div>\n<\/section>\n\n\n<section class=\"image-text-static-image custom-block align-none  mobile-image-bottom   header-size-small text-size-small  pb-0--desktop\" style=''>\n\n    <div class=\"gutenberg-block-background\"><\/div>\n    <div class=\"image-text-static-image__inner inner-container\">\n                    <div class=\"image-text-static-image__content content-right\" style='--content-width: 49%'>\n                                    <div class=\"image-text-static-image__title\">\n                        <h2 >CHI TI GUARDA SU INTERNET?<\/h2>                    <\/div>\n                \n                <p>Qualsiasi fornitore di servizi Internet (ISP) memorizza tutto ci\u00f2 che fai online: quali siti web visiti e quali messaggi invii, e invia queste informazioni a repository specializzati.<\/p>\n<p>Se sei connesso a una rete Wi-Fi pubblica, tutti i dati che invii e ricevi sono accessibili ai proprietari della rete.<\/p>\n<p>Nei luoghi di lavoro, i datori di lavoro monitorano sempre la tua attivit\u00e0 su Internet.<\/p>\n                \n                \n\n            <\/div>\n        \n                    <div class=\"bg-image-wrapper bg-image-wrapper--desktop  left image-align--center\" style='--image-max-width: 51%'>\n                <figure>\n                    <img width=\"472\" height=\"436\" src=\"https:\/\/freevpnplanet.com\/wp-content\/uploads\/2024\/06\/rvpn-surv.6d002b11-20240628_175357_751526.svg\" class=\"attachment-full size-full\" alt=\"\" loading=\"lazy\" decoding=\"sync\" fetchpriority=\"low\" style=\"max-width:472px\" sizes=\"auto, (max-width: 472px) 100vw, 472px\" aria-hidden=\"true\" \/>                    <!-- <img decoding=\"async\" width=\"472\" height=\"436\" src=\"https:\/\/freevpnplanet.com\/wp-content\/uploads\/2024\/06\/rvpn-surv.6d002b11-20240628_175357_751526.svg\" class=\"attachment-full size-full\" alt=\"\" style=\"max-width:472px\" \/> -->\n                <\/figure>\n            <\/div>\n        \n            <\/div>\n<\/section>\n\n\n<section class=\"image-text-static-image custom-block align-none  mobile-image-bottom   header-size-small text-size-small  \" style=''>\n\n    <div class=\"gutenberg-block-background\"><\/div>\n    <div class=\"image-text-static-image__inner inner-container\">\n                    <div class=\"image-text-static-image__content content-left\" style='--content-width: 49%'>\n                \n                <p>I proprietari dei siti web monitorano da quale IP \u00e8 stato accesso il loro sito. Inoltre, i motori di ricerca e vari servizi statistici raccolgono tutte le informazioni possibili su di te. Senza contare l\u2019enorme quantit\u00e0 di criminali che cercano di ottenere informazioni riservate, che si tratti di dati della tua carta, informazioni personali o messaggi.<\/p>\n<p>Chiunque abbia raccolto informazioni su di te pu\u00f2 fare cose spiacevoli e inaccettabili. Tuttavia, c&#8217;\u00e8 una soluzione: Planet VPN! Grazie ai nostri cifratori affidabili, \u00e8 impossibile estrarre le tue informazioni online. La nostra ampia gamma di canali e server incredibilmente veloci garantiscono che la tua navigazione non sia solo sicura, ma anche confortevole da usare.<\/p>\n                \n                \n\n            <\/div>\n        \n                    <div class=\"bg-image-wrapper bg-image-wrapper--desktop  right image-align--center\" style='--image-max-width: 51%'>\n                <figure>\n                    <img width=\"436\" height=\"436\" src=\"https:\/\/freevpnplanet.com\/wp-content\/uploads\/2024\/06\/rvpn-watch.c8e51db1-20240628_175545_400134.svg\" class=\"attachment-full size-full\" alt=\"\" loading=\"lazy\" decoding=\"sync\" fetchpriority=\"low\" style=\"max-width:472px\" sizes=\"auto, (max-width: 472px) 100vw, 472px\" aria-hidden=\"true\" \/>                    <!-- <img decoding=\"async\" width=\"436\" height=\"436\" src=\"https:\/\/freevpnplanet.com\/wp-content\/uploads\/2024\/06\/rvpn-watch.c8e51db1-20240628_175545_400134.svg\" class=\"attachment-full size-full\" alt=\"\" style=\"max-width:472px\" \/> -->\n                <\/figure>\n            <\/div>\n        \n            <\/div>\n<\/section>\n\n\n<div class=\"wp-block-group alignfull has-background-blue-background-color has-background is-content-justification-center is-nowrap is-layout-flex wp-container-core-group-is-layout-1 wp-block-group-is-layout-flex\">\n<div class=\"wp-block-columns wp-container-content-1 is-layout-flex wp-container-core-columns-is-layout-1 wp-block-columns-is-layout-flex row-gap--20 stack-breakpoint--768\">\n<div class=\"wp-block-column is-layout-flow wp-block-column-is-layout-flow\" style=\"padding-right:var(--wp--preset--spacing--50);padding-left:var(--wp--preset--spacing--50)\">\n<section class=\"advanced-steps custom-block align-center  align-desktop-left align-mobile-left font-normal three-columns title-small image-shadow\" style=''>\n\n    <div class=\"gutenberg-block-background\"><\/div>\n    <div class=\"advanced-steps__container inner-container\">\n                    <div class=\"advanced-steps__intro\">\n                <h2 style=\"text-align: center;\">COME PROTEGGERSI DALLA SORVEGLIANZA SU INTERNET?<\/h2>            <\/div>\n        \n        <ul class=\"advanced-steps__list advanced-steps__list--download-steps\" style='--columns-gap:50px'>\n                            <li style='--max-width:px'>\n                                            <h2 class=\"step-title\">Scarica<\/h2>\n                    \n                                            <div class=\"image-wrapper\">\n                            <img decoding=\"async\" width=\"219\" height=\"170\" src=\"https:\/\/freevpnplanet.com\/wp-content\/uploads\/2024\/05\/rvpn-download.df91dd21-20240524_114147_333777.svg\" class=\"attachment-full size-full\" alt=\"Step 1\" \/>                        <\/div>\n\n                                                    <p><a href=\"https:\/\/freevpnplanet.com\/it\/download\/\" target=\"_blank\" rel=\"noopener\" id=\"qa-advanced-step-content-link\">Scarica<\/a> e installa l&#8217;applicazione sul tuo dispositivo<\/p>                                                            <\/li>\n                                <li style='--max-width:px'>\n                                            <h2 class=\"step-title\">Connettiti<\/h2>\n                    \n                                            <div class=\"image-wrapper\">\n                            <img decoding=\"async\" width=\"220\" height=\"171\" src=\"https:\/\/freevpnplanet.com\/wp-content\/uploads\/2024\/05\/rvpn-login.60a645a1-20240524_114327_062578.svg\" class=\"attachment-full size-full\" alt=\"Step 1\" \/>                        <\/div>\n\n                                                    <p>Connettiti a uno dei nostri server<\/p>                                                            <\/li>\n                                <li style='--max-width:px'>\n                                            <h2 class=\"step-title\">Visita<\/h2>\n                    \n                                            <div class=\"image-wrapper\">\n                            <img decoding=\"async\" width=\"219\" height=\"170\" src=\"https:\/\/freevpnplanet.com\/wp-content\/uploads\/2024\/05\/rvpn-connect.12ef9ce1-20240524_114733_838401.svg\" class=\"attachment-full size-full\" alt=\"Step 3\" \/>                        <\/div>\n\n                                                    <p>Visita qualsiasi sito web senza restrizioni<\/p>                                                            <\/li>\n                        <\/ul>\n\n                    <div class=\"advanced-steps__cta\">\n                <a href=\"\/it\/plans\/\" target=\"_self\" id=\"qa-cta-steps-btn\" class=\"cta download-by-platform cta--with-border cta-size--small cta-mt--initial icon-position--icon-left\" style=\"--border-radius:40px\"><span class=\"cta__name\">Scarica gratuitamente<\/span><\/a>            <\/div>\n        \n        \n        \n\n    <\/div>\n<\/section>\n<\/div>\n<\/div>\n<\/div>\n\n\n\n<section class=\"image-text-static-image custom-block align-none  mobile-image-bottom   header-size-small text-size-small  pb-0--desktop\" style=''>\n\n    <div class=\"gutenberg-block-background\"><\/div>\n    <div class=\"image-text-static-image__inner inner-container\">\n                    <div class=\"image-text-static-image__content content-left\" style='--content-width: 49%'>\n                                    <div class=\"image-text-static-image__title\">\n                        <h2 >COME VIENI SORVEGLIATO ONLINE?<\/h2>                    <\/div>\n                \n                <p>Ogni dispositivo sulla rete ha il proprio indirizzo IP, anche se accedi a Internet tramite una rete pubblica e il tuo indirizzo IP esterno non \u00e8 unico. Esiste anche un indirizzo locale all&#8217;interno della rete. Il provider o il proprietario della rete pu\u00f2 facilmente mappare gli indirizzi IP locali ed esterni per tenere traccia delle tue azioni.<\/p>\n<p>Tutte le tue azioni e i tuoi messaggi non criptati sulla rete vengono registrati, elaborati e memorizzati per periodi che vanno da diversi mesi a diversi anni.<\/p>\n                \n                \n\n            <\/div>\n        \n                    <div class=\"bg-image-wrapper bg-image-wrapper--desktop  right image-align--center\" style='--image-max-width: 51%'>\n                <figure>\n                    <img width=\"436\" height=\"436\" src=\"https:\/\/freevpnplanet.com\/wp-content\/uploads\/2024\/06\/rvpn-zoom.97114291-20240628_180539_548832.svg\" class=\"attachment-full size-full\" alt=\"\" loading=\"lazy\" decoding=\"sync\" fetchpriority=\"low\" style=\"max-width:472px\" sizes=\"auto, (max-width: 472px) 100vw, 472px\" aria-hidden=\"true\" \/>                    <!-- <img decoding=\"async\" width=\"436\" height=\"436\" src=\"https:\/\/freevpnplanet.com\/wp-content\/uploads\/2024\/06\/rvpn-zoom.97114291-20240628_180539_548832.svg\" class=\"attachment-full size-full\" alt=\"\" style=\"max-width:472px\" \/> -->\n                <\/figure>\n            <\/div>\n        \n            <\/div>\n<\/section>\n\n\n<section class=\"image-text-static-image custom-block align-none  mobile-image-bottom   header-size-small text-size-small  \" style=''>\n\n    <div class=\"gutenberg-block-background\"><\/div>\n    <div class=\"image-text-static-image__inner inner-container\">\n                    <div class=\"image-text-static-image__content content-right\" style='--content-width: 49%'>\n                \n                <p>Esistono molte altre tecnologie di tracciamento sulla rete, ma sono tutte inefficaci di fronte alla tecnologia VPN, che crea un tunnel criptato tra te e il server, rendendo impossibile intercettare la tua attivit\u00e0 su Internet.<\/p>\n<p>Pertanto, nessuno pu\u00f2 utilizzare le tue informazioni per alcun scopo. Planet VPN offre una crittografia robusta, canali di trasferimento veloci tra i dati e il server, e l&#8217;assenza totale di registrazione e memorizzazione dei dati.<\/p>\n                \n                \n\n            <\/div>\n        \n                    <div class=\"bg-image-wrapper bg-image-wrapper--desktop  left image-align--center\" style='--image-max-width: 51%'>\n                <figure>\n                    <img width=\"436\" height=\"436\" src=\"https:\/\/freevpnplanet.com\/wp-content\/uploads\/2024\/06\/rvpn-tech.7ca10ed1-20240628_180601_644317.svg\" class=\"attachment-full size-full\" alt=\"\" loading=\"lazy\" decoding=\"sync\" fetchpriority=\"low\" style=\"max-width:472px\" sizes=\"auto, (max-width: 472px) 100vw, 472px\" aria-hidden=\"true\" \/>                    <!-- <img decoding=\"async\" width=\"436\" height=\"436\" src=\"https:\/\/freevpnplanet.com\/wp-content\/uploads\/2024\/06\/rvpn-tech.7ca10ed1-20240628_180601_644317.svg\" class=\"attachment-full size-full\" alt=\"\" style=\"max-width:472px\" \/> -->\n                <\/figure>\n            <\/div>\n        \n            <\/div>\n<\/section>\n\n\n<section class=\"image-text-static-image custom-block align-none  mobile-image-bottom   header-size-small text-size-small  \" style='--background-color:var(--dark-blue-0); --text-color:var(--white)'>\n\n    <div class=\"gutenberg-block-background\"><\/div>\n    <div class=\"image-text-static-image__inner inner-container\">\n                    <div class=\"image-text-static-image__content content-right\" style='--content-width: 51%'>\n                                    <div class=\"image-text-static-image__title\">\n                        <h2 >NON SEI PI\u00d9 SORVEGLIATO<\/h2>                    <\/div>\n                \n                <p>Oggi, motori di ricerca, fornitori di servizi e siti web hanno la possibilit\u00e0 di leggere dati su ogni utente con obiettivi diversi. Il pi\u00f9 innocuo di questi \u00e8 la distribuzione di pubblicit\u00e0 fastidiose. Tuttavia, queste informazioni potrebbero finire nelle mani di truffatori, portando sicuramente al furto di dati personali e finanziari.<\/p>\n<p>Utilizziamo una crittografia robusta a 256 bit per proteggerti da qualsiasi intruso e\/o sorveglianza della tua attivit\u00e0 su Internet. Utilizzando Planet VPN, nascondi il tuo indirizzo IP, rendendo la tua navigazione completamente anonima.<\/p>\n<p>Non conserviamo alcun record della tua attivit\u00e0 online. Pertanto, tutte le tue azioni rimarranno completamente anonime. La navigazione anonima ti permetter\u00e0 di proteggere i dati del tuo conto bancario e della tua carta di credito, le informazioni personali e aziendali, i messaggi online e molto altro ancora dagli intrusi.<\/p>\n                                    <div class=\"image-text-static-image__cta\">\n                                                    <a href=\"\/it\/plans\/\" target=\"_self\" id=\"qa-cta-ready-btn\" class=\"cta download-by-platform cta--with-border cta-size--small cta-mt--initial icon-position--icon-left\" style=\"--border-radius:40px\"><span class=\"cta__name\">Scarica gratuitamente<\/span><\/a>                                            <\/div>\n                \n                \n\n            <\/div>\n        \n                    <div class=\"bg-image-wrapper bg-image-wrapper--desktop  left image-align--center\" style='--image-max-width: 49%'>\n                <figure>\n                    <img width=\"444\" height=\"444\" src=\"https:\/\/freevpnplanet.com\/wp-content\/uploads\/2024\/07\/rvpn-no-spy.345c7111-20240701_151227_904235.svg\" class=\"attachment-full size-full\" alt=\"\" loading=\"lazy\" decoding=\"sync\" fetchpriority=\"low\" style=\"max-width:444px\" sizes=\"auto, (max-width: 444px) 100vw, 444px\" aria-hidden=\"true\" \/>                    <!-- <img decoding=\"async\" width=\"444\" height=\"444\" src=\"https:\/\/freevpnplanet.com\/wp-content\/uploads\/2024\/07\/rvpn-no-spy.345c7111-20240701_151227_904235.svg\" class=\"attachment-full size-full\" alt=\"\" style=\"max-width:444px\" \/> -->\n                <\/figure>\n            <\/div>\n        \n            <\/div>\n<\/section>","protected":false},"excerpt":{"rendered":"","protected":false},"author":39,"featured_media":0,"parent":0,"menu_order":0,"comment_status":"closed","ping_status":"closed","template":"templates\/page_template-basic_for_gutenberg.php","meta":{"_acf_changed":false,"inline_featured_image":false,"footnotes":""},"download_by_lite_tag":[],"class_list":["post-101891","page","type-page","status-publish","hentry"],"yoast_head":"<!-- This site is optimized with the Yoast SEO plugin v22.6 - https:\/\/yoast.com\/wordpress\/plugins\/seo\/ -->\n<title>Data Protection Security - Planet VPN<\/title>\n<meta name=\"description\" content=\"Proteggetevi dallo spionaggio online. Nascondete la vostra attivit\u00e0 online da persone non autorizzate utilizzando Planet VPN, una protezione affidabile.\" \/>\n<meta name=\"robots\" content=\"index, follow, max-snippet:-1, max-image-preview:large, max-video-preview:-1\" \/>\n<link rel=\"canonical\" href=\"https:\/\/freevpnplanet.com\/it\/data-protection-security\/\" \/>\n<meta property=\"og:locale\" content=\"it_IT\" \/>\n<meta property=\"og:type\" content=\"article\" \/>\n<meta property=\"og:title\" content=\"Data Protection Security - Planet VPN\" \/>\n<meta property=\"og:description\" content=\"Proteggetevi dallo spionaggio online. Nascondete la vostra attivit\u00e0 online da persone non autorizzate utilizzando Planet VPN, una protezione affidabile.\" \/>\n<meta property=\"og:url\" content=\"https:\/\/freevpnplanet.com\/it\/data-protection-security\/\" \/>\n<meta property=\"og:site_name\" content=\"Planet VPN\" \/>\n<meta property=\"article:modified_time\" content=\"2025-07-18T08:00:06+00:00\" \/>\n<meta name=\"twitter:card\" content=\"summary_large_image\" \/>\n<script type=\"application\/ld+json\" class=\"yoast-schema-graph\">{\"@context\":\"https:\/\/schema.org\",\"@graph\":[{\"@type\":\"WebPage\",\"@id\":\"https:\/\/freevpnplanet.com\/it\/data-protection-security\/\",\"url\":\"https:\/\/freevpnplanet.com\/it\/data-protection-security\/\",\"name\":\"Data Protection Security - Planet VPN\",\"isPartOf\":{\"@id\":\"https:\/\/freevpnplanet.com\/it\/#website\"},\"datePublished\":\"2024-06-28T14:47:49+00:00\",\"dateModified\":\"2025-07-18T08:00:06+00:00\",\"description\":\"Proteggetevi dallo spionaggio online. Nascondete la vostra attivit\u00e0 online da persone non autorizzate utilizzando Planet VPN, una protezione affidabile.\",\"breadcrumb\":{\"@id\":\"https:\/\/freevpnplanet.com\/it\/data-protection-security\/#breadcrumb\"},\"inLanguage\":\"it\",\"potentialAction\":[{\"@type\":\"ReadAction\",\"target\":[\"https:\/\/freevpnplanet.com\/it\/data-protection-security\/\"]}]},{\"@type\":\"BreadcrumbList\",\"@id\":\"https:\/\/freevpnplanet.com\/it\/data-protection-security\/#breadcrumb\",\"itemListElement\":[{\"@type\":\"ListItem\",\"position\":1,\"name\":\"Home\",\"item\":\"https:\/\/freevpnplanet.com\/it\/\"},{\"@type\":\"ListItem\",\"position\":2,\"name\":\"Data Protection Security\"}]},{\"@type\":\"WebSite\",\"@id\":\"https:\/\/freevpnplanet.com\/it\/#website\",\"url\":\"https:\/\/freevpnplanet.com\/it\/\",\"name\":\"Planet VPN \ud83d\udee1\ufe0f\ud83c\udf10 Free VPN\",\"description\":\"Free VPN\",\"potentialAction\":[{\"@type\":\"SearchAction\",\"target\":{\"@type\":\"EntryPoint\",\"urlTemplate\":\"https:\/\/freevpnplanet.com\/it\/?s={search_term_string}\"},\"query-input\":\"required name=search_term_string\"}],\"inLanguage\":\"it\",\"publisher\":{\"@id\":\"https:\/\/freevpnplanet.com\/it\/#organization\"}},{\"@context\":\"https:\/\/schema.org\/\",\"@type\":\"SoftwareApplication\",\"name\":\"Planet VPN \ud83d\udee1\ufe0f\ud83c\udf10 Free VPN\",\"operatingSystem\":\"Windows, macOS, iOS, Android, Linux, Chrome\",\"applicationCategory\":\"SecurityApplication\",\"offers\":{\"@type\":\"AggregateOffer\",\"priceCurrency\":\"USD\",\"price\":\"0\",\"lowPrice\":\"0\",\"availability\":\"https:\/\/schema.org\/InStock\"},\"aggregateRating\":{\"@type\":\"AggregateRating\",\"ratingValue\":\"4.8\",\"bestRating\":\"5\",\"ratingCount\":\"12476\"}},{\"@type\":\"Organization\",\"@id\":\"https:\/\/freevpnplanet.com\/it\/#organization\",\"url\":\"https:\/\/freevpnplanet.com\/it\/\",\"name\":\"Planet VPN \ud83d\udee1\ufe0f\ud83c\udf10 Free VPN\"}]}<\/script>\n<!-- \/ Yoast SEO plugin. -->","yoast_head_json":{"title":"Data Protection Security - Planet VPN","description":"Proteggetevi dallo spionaggio online. Nascondete la vostra attivit\u00e0 online da persone non autorizzate utilizzando Planet VPN, una protezione affidabile.","robots":{"index":"index","follow":"follow","max-snippet":"max-snippet:-1","max-image-preview":"max-image-preview:large","max-video-preview":"max-video-preview:-1"},"canonical":"https:\/\/freevpnplanet.com\/it\/data-protection-security\/","og_locale":"it_IT","og_type":"article","og_title":"Data Protection Security - Planet VPN","og_description":"Proteggetevi dallo spionaggio online. Nascondete la vostra attivit\u00e0 online da persone non autorizzate utilizzando Planet VPN, una protezione affidabile.","og_url":"https:\/\/freevpnplanet.com\/it\/data-protection-security\/","og_site_name":"Planet VPN","article_modified_time":"2025-07-18T08:00:06+00:00","twitter_card":"summary_large_image","schema":{"@context":"https:\/\/schema.org","@graph":[{"@type":"WebPage","@id":"https:\/\/freevpnplanet.com\/it\/data-protection-security\/","url":"https:\/\/freevpnplanet.com\/it\/data-protection-security\/","name":"Data Protection Security - Planet VPN","isPartOf":{"@id":"https:\/\/freevpnplanet.com\/it\/#website"},"datePublished":"2024-06-28T14:47:49+00:00","dateModified":"2025-07-18T08:00:06+00:00","description":"Proteggetevi dallo spionaggio online. Nascondete la vostra attivit\u00e0 online da persone non autorizzate utilizzando Planet VPN, una protezione affidabile.","breadcrumb":{"@id":"https:\/\/freevpnplanet.com\/it\/data-protection-security\/#breadcrumb"},"inLanguage":"it","potentialAction":[{"@type":"ReadAction","target":["https:\/\/freevpnplanet.com\/it\/data-protection-security\/"]}]},{"@type":"BreadcrumbList","@id":"https:\/\/freevpnplanet.com\/it\/data-protection-security\/#breadcrumb","itemListElement":[{"@type":"ListItem","position":1,"name":"Home","item":"https:\/\/freevpnplanet.com\/it\/"},{"@type":"ListItem","position":2,"name":"Data Protection Security"}]},{"@type":"WebSite","@id":"https:\/\/freevpnplanet.com\/it\/#website","url":"https:\/\/freevpnplanet.com\/it\/","name":"Planet VPN \ud83d\udee1\ufe0f\ud83c\udf10 Free VPN","description":"Free VPN","potentialAction":[{"@type":"SearchAction","target":{"@type":"EntryPoint","urlTemplate":"https:\/\/freevpnplanet.com\/it\/?s={search_term_string}"},"query-input":"required name=search_term_string"}],"inLanguage":"it","publisher":{"@id":"https:\/\/freevpnplanet.com\/it\/#organization"}},{"@context":"https:\/\/schema.org\/","@type":"SoftwareApplication","name":"Planet VPN \ud83d\udee1\ufe0f\ud83c\udf10 Free VPN","operatingSystem":"Windows, macOS, iOS, Android, Linux, Chrome","applicationCategory":"SecurityApplication","offers":{"@type":"AggregateOffer","priceCurrency":"USD","price":"0","lowPrice":"0","availability":"https:\/\/schema.org\/InStock"},"aggregateRating":{"@type":"AggregateRating","ratingValue":"4.8","bestRating":"5","ratingCount":"12476"}},{"@type":"Organization","@id":"https:\/\/freevpnplanet.com\/it\/#organization","url":"https:\/\/freevpnplanet.com\/it\/","name":"Planet VPN \ud83d\udee1\ufe0f\ud83c\udf10 Free VPN"}]}},"acf":[],"_links":{"self":[{"href":"https:\/\/freevpnplanet.com\/it\/wp-json\/wp\/v2\/pages\/101891","targetHints":{"allow":["GET"]}}],"collection":[{"href":"https:\/\/freevpnplanet.com\/it\/wp-json\/wp\/v2\/pages"}],"about":[{"href":"https:\/\/freevpnplanet.com\/it\/wp-json\/wp\/v2\/types\/page"}],"author":[{"embeddable":true,"href":"https:\/\/freevpnplanet.com\/it\/wp-json\/wp\/v2\/users\/39"}],"replies":[{"embeddable":true,"href":"https:\/\/freevpnplanet.com\/it\/wp-json\/wp\/v2\/comments?post=101891"}],"version-history":[{"count":7,"href":"https:\/\/freevpnplanet.com\/it\/wp-json\/wp\/v2\/pages\/101891\/revisions"}],"predecessor-version":[{"id":171397,"href":"https:\/\/freevpnplanet.com\/it\/wp-json\/wp\/v2\/pages\/101891\/revisions\/171397"}],"wp:attachment":[{"href":"https:\/\/freevpnplanet.com\/it\/wp-json\/wp\/v2\/media?parent=101891"}],"wp:term":[{"taxonomy":"download_by_lite_tag","embeddable":true,"href":"https:\/\/freevpnplanet.com\/it\/wp-json\/wp\/v2\/download_by_lite_tag?post=101891"}],"curies":[{"name":"wp","href":"https:\/\/api.w.org\/{rel}","templated":true}]}}