{"id":102366,"date":"2024-07-01T18:45:04","date_gmt":"2024-07-01T15:45:04","guid":{"rendered":"https:\/\/help.freeplanetvpn.com\/encryption-of-internet-connection\/"},"modified":"2025-07-18T12:06:27","modified_gmt":"2025-07-18T09:06:27","slug":"encryption-of-internet-connection","status":"publish","type":"page","link":"https:\/\/freevpnplanet.com\/it\/encryption-of-internet-connection\/","title":{"rendered":"Encryption of internet connection"},"content":{"rendered":"\n<section class=\"image-text-static-image custom-block align-none  mobile-image-bottom   header-size-small text-size-small  \" style='--background-color:var(--dark-blue-0); --text-color:var(--white)'>\n\n    <div class=\"gutenberg-block-background\"><\/div>\n    <div class=\"image-text-static-image__inner inner-container\">\n                    <div class=\"image-text-static-image__content content-left\" style='--content-width: 50%'>\n                                    <div class=\"image-text-static-image__title\">\n                        <h1 >Crittografia e sicurezza dei dati con la VPN gratuita<\/h1>                    <\/div>\n                \n                <p>Planet VPN non solo nasconde il vostro IP reale, ma cripta anche in modo sicuro il vostro traffico attraverso Internet. Nessuno, nemmeno il vostro provider di servizi Internet o l&#8217;host di un hotspot WiFi pubblico, pu\u00f2 accedere ai dati che inviate e ricevete.<\/p>\n                                    <div class=\"image-text-static-image__cta\">\n                                                    <a href=\"\/it\/plans\/\" target=\"_self\" id=\"qa-hero-cta-btn\" class=\"cta download-by-platform cta--with-border cta-size--small cta-mt--initial icon-position--icon-left\" style=\"--border-radius:40px\"><span class=\"cta__name\">Scarica gratis<\/span><\/a>                                            <\/div>\n                \n                \n\n            <\/div>\n        \n                    <div class=\"bg-image-wrapper bg-image-wrapper--desktop  right image-align--center\" style='--image-max-width: 50%'>\n                <figure>\n                    <img width=\"581\" height=\"581\" src=\"https:\/\/freevpnplanet.com\/wp-content\/uploads\/2024\/07\/rvpn-illustration.96354e01-20240701_184724_295398.svg\" class=\"attachment-full size-full\" alt=\"\" loading=\"lazy\" decoding=\"sync\" fetchpriority=\"low\" style=\"max-width:600px\" sizes=\"auto, (max-width: 600px) 100vw, 600px\" aria-hidden=\"true\" \/>                    <!-- <img decoding=\"async\" width=\"581\" height=\"581\" src=\"https:\/\/freevpnplanet.com\/wp-content\/uploads\/2024\/07\/rvpn-illustration.96354e01-20240701_184724_295398.svg\" class=\"attachment-full size-full\" alt=\"\" style=\"max-width:600px\" \/> -->\n                <\/figure>\n            <\/div>\n        \n            <\/div>\n<\/section>\n\n\n<section class=\"image-text-static-image custom-block align-none  mobile-image-bottom  pb-0 header-size-small text-size-small  pb-0--desktop\" style=''>\n\n    <div class=\"gutenberg-block-background\"><\/div>\n    <div class=\"image-text-static-image__inner inner-container\">\n                    <div class=\"image-text-static-image__content content-right\" style='--content-width: 59%'>\n                \n                <h2>COME FUNZIONA LA CRITTOGRAFIA VPN?<\/h2>\n<p>Quando il vostro dispositivo si connette a Planet VPN, tutti i dati che trasmettete su Internet vengono criptati con un&#8217;affidabile crittografia a 256 bit e vengono decifrati solo sui server VPN. Questo formato di crittografia garantisce che la trasmissione dei dati su Internet rimanga riservata.La crittografia \u00e8 il processo di codifica dei dati in modo che solo il destinatario previsto, che dispone dei mezzi appropriati per la decodifica, possa leggere e utilizzare i dati.Tradotto con DeepL.com (versione gratuita)<\/p>\n                \n                \n\n            <\/div>\n        \n                    <div class=\"bg-image-wrapper bg-image-wrapper--desktop  left image-align--left\" style='--image-max-width: 41%'>\n                <figure>\n                    <img width=\"436\" height=\"436\" src=\"https:\/\/freevpnplanet.com\/wp-content\/uploads\/2024\/06\/rvpn-zoom.97114291-20240628_180539_548832.svg\" class=\"attachment-full size-full\" alt=\"\" loading=\"lazy\" decoding=\"sync\" fetchpriority=\"low\" style=\"max-width:440px\" sizes=\"auto, (max-width: 440px) 100vw, 440px\" aria-hidden=\"true\" \/>                    <!-- <img decoding=\"async\" width=\"436\" height=\"436\" src=\"https:\/\/freevpnplanet.com\/wp-content\/uploads\/2024\/06\/rvpn-zoom.97114291-20240628_180539_548832.svg\" class=\"attachment-full size-full\" alt=\"\" style=\"max-width:440px\" \/> -->\n                <\/figure>\n            <\/div>\n        \n            <\/div>\n<\/section>\n\n\n<section class=\"image-text-static-image custom-block align-none  mobile-image-bottom   header-size-small text-size-small  \" style=''>\n\n    <div class=\"gutenberg-block-background\"><\/div>\n    <div class=\"image-text-static-image__inner inner-container\">\n                    <div class=\"image-text-static-image__content content-left\" style='--content-width: 59%'>\n                \n                <p>Una connessione VPN attiva \u00e8 come un tubo in un tubo; nessuno dall&#8217;esterno pu\u00f2 entrare e scoprire cosa c&#8217;\u00e8 dentro. Anche se qualcuno dovesse in qualche modo ricevere i vostri pacchetti di dati, non sar\u00e0 in grado di fare nulla con essi, senza una chiave univoca che viene generata al momento dello scambio di dati tra il vostro dispositivo e il server VPN.<\/p>\n<p>Questo garantisce il completo anonimato, la sicurezza e l&#8217;integrit\u00e0 dei dati inviati e ricevuti via Internet utilizzando il servizio Planet VPN.<\/p>\n                \n                \n\n            <\/div>\n        \n                    <div class=\"bg-image-wrapper bg-image-wrapper--desktop  right image-align--center\" style='--image-max-width: 41%'>\n                <figure>\n                    <img width=\"328\" height=\"400\" src=\"https:\/\/freevpnplanet.com\/wp-content\/uploads\/2024\/07\/rvpn-crypt.b03ccf11-20240701_185224_014234.svg\" class=\"attachment-full size-full\" alt=\"\" loading=\"lazy\" decoding=\"sync\" fetchpriority=\"low\" style=\"max-width:330px\" sizes=\"auto, (max-width: 330px) 100vw, 330px\" aria-hidden=\"true\" \/>                    <!-- <img decoding=\"async\" width=\"328\" height=\"400\" src=\"https:\/\/freevpnplanet.com\/wp-content\/uploads\/2024\/07\/rvpn-crypt.b03ccf11-20240701_185224_014234.svg\" class=\"attachment-full size-full\" alt=\"\" style=\"max-width:330px\" \/> -->\n                <\/figure>\n            <\/div>\n        \n            <\/div>\n<\/section>\n\n\n<div class=\"wp-block-group alignfull has-background-blue-background-color has-background is-content-justification-center is-nowrap is-layout-flex wp-container-core-group-is-layout-1 wp-block-group-is-layout-flex\" style=\"padding-right:0;padding-left:0\">\n<div class=\"wp-block-columns wp-container-content-1 is-layout-flex wp-container-core-columns-is-layout-1 wp-block-columns-is-layout-flex row-gap--20 stack-breakpoint--768\" style=\"padding-right:var(--wp--preset--spacing--40);padding-left:var(--wp--preset--spacing--40)\">\n<div class=\"wp-block-column is-layout-flow wp-block-column-is-layout-flow\">\n<section class=\"advanced-steps custom-block align-center  align-desktop-left align-mobile-left font-normal three-columns title-small image-shadow\" style=''>\n\n    <div class=\"gutenberg-block-background\"><\/div>\n    <div class=\"advanced-steps__container inner-container\">\n                    <div class=\"advanced-steps__intro\">\n                <h2 style=\"text-align: center;\">COME CRIPTARE IL TRAFFICO?<\/h2>            <\/div>\n        \n        <ul class=\"advanced-steps__list advanced-steps__list--download-steps\" style='--columns-gap:50px'>\n                            <li style='--max-width:px'>\n                                            <h2 class=\"step-title\">1. Download<\/h2>\n                    \n                                            <div class=\"image-wrapper\">\n                            <img decoding=\"async\" width=\"219\" height=\"170\" src=\"https:\/\/freevpnplanet.com\/wp-content\/uploads\/2024\/05\/rvpn-download.df91dd21-20240524_114147_333777.svg\" class=\"attachment-full size-full\" alt=\"Step 1\" \/>                        <\/div>\n\n                                                    <p><a class=\"\" href=\"https:\/\/freevpnplanet.com\/it\/download\/\" id=\"qa-advanced-step-content-link\">Download<\/a>\u00a0and install the application on your device<\/p>                                                            <\/li>\n                                <li style='--max-width:px'>\n                                            <h2 class=\"step-title\">2. Connect<\/h2>\n                    \n                                            <div class=\"image-wrapper\">\n                            <img decoding=\"async\" width=\"220\" height=\"171\" src=\"https:\/\/freevpnplanet.com\/wp-content\/uploads\/2024\/05\/rvpn-login.60a645a1-20240524_114327_062578.svg\" class=\"attachment-full size-full\" alt=\"Step 1\" \/>                        <\/div>\n\n                                                    <p>Connect to one of our servers<\/p>                                                            <\/li>\n                                <li style='--max-width:px'>\n                                            <h2 class=\"step-title\">3. Visit<\/h2>\n                    \n                                            <div class=\"image-wrapper\">\n                            <img decoding=\"async\" width=\"219\" height=\"170\" src=\"https:\/\/freevpnplanet.com\/wp-content\/uploads\/2024\/05\/rvpn-connect.12ef9ce1-20240524_114733_838401.svg\" class=\"attachment-full size-full\" alt=\"Step 3\" \/>                        <\/div>\n\n                                                    <p>Visit any website without restrictions<\/p>                                                            <\/li>\n                        <\/ul>\n\n                    <div class=\"advanced-steps__cta\">\n                <a href=\"\/it\/plans\/\" target=\"_self\" id=\"qa-steps-btn-cta\" class=\"cta download-by-platform cta--with-border cta-size--small cta-mt--initial icon-position--icon-left\" style=\"--border-radius:40px\"><span class=\"cta__name\">Scarica gratis<\/span><\/a>            <\/div>\n        \n        \n        \n\n    <\/div>\n<\/section>\n<\/div>\n<\/div>\n<\/div>\n\n\n\n<section class=\"image-text-static-image custom-block align-none  mobile-image-top   header-size-small text-size-small  \" style=''>\n\n    <div class=\"gutenberg-block-background\"><\/div>\n    <div class=\"image-text-static-image__inner inner-container\">\n                    <div class=\"image-text-static-image__content content-left\" style='--content-width: 50%'>\n                                    <div class=\"image-text-static-image__title\">\n                        <h2 >L&#8217;IMPORTANZA DELLA CRITTOGRAFIA VPN<\/h2>                    <\/div>\n                \n                <p>Provider Internet, datori di lavoro, proprietari di punti di accesso WiFi pubblici e proprietari di siti web: questi sono solo alcuni esempi di coloro che monitorano costantemente il traffico Internet per vari scopi.<\/p>\n<p>Alcuni, per censurare le risorse visitate. Altri, per tenere traccia del lavoro svolto dai propri dipendenti, altri ancora per monitorare le connessioni per pura curiosit\u00e0. Il motivo pi\u00f9 comune per cui si monitora ci\u00f2 che si cerca su Internet sono i dati, che in seguito possono essere venduti al miglior offerente.<\/p>\n<p>Grazie alla moderna tecnologia VPN e all&#8217;affidabile crittografia a 256 bit, Planet VPN vi salver\u00e0 dalla sorveglianza e da altri problemi legati all&#8217;intercettazione dei vostri dati.<\/p>\n                                    <div class=\"image-text-static-image__cta\">\n                                                    <a href=\"\/it\/plans\/\" target=\"_self\" id=\"qa-cta-content-btn\" class=\"cta download-by-platform cta--with-border cta-size--small cta-mt--initial icon-position--icon-left\" style=\"--border-radius:40px\"><span class=\"cta__name\">Scarica Gratis<\/span><\/a>                                            <\/div>\n                \n                \n\n            <\/div>\n        \n                    <div class=\"bg-image-wrapper bg-image-wrapper--desktop  right image-align--center\" style='--image-max-width: 50%'>\n                <figure>\n                    <img width=\"434\" height=\"484\" src=\"https:\/\/freevpnplanet.com\/wp-content\/uploads\/2024\/07\/rvpn-crackmen.cda31d31-20240701_190109_785249.svg\" class=\"attachment-full size-full\" alt=\"\" loading=\"lazy\" decoding=\"sync\" fetchpriority=\"low\" style=\"max-width:440px\" sizes=\"auto, (max-width: 440px) 100vw, 440px\" aria-hidden=\"true\" \/>                    <!-- <img decoding=\"async\" width=\"434\" height=\"484\" src=\"https:\/\/freevpnplanet.com\/wp-content\/uploads\/2024\/07\/rvpn-crackmen.cda31d31-20240701_190109_785249.svg\" class=\"attachment-full size-full\" alt=\"\" style=\"max-width:440px\" \/> -->\n                <\/figure>\n            <\/div>\n        \n            <\/div>\n<\/section>","protected":false},"excerpt":{"rendered":"","protected":false},"author":39,"featured_media":0,"parent":0,"menu_order":0,"comment_status":"closed","ping_status":"closed","template":"templates\/page_template-basic_for_gutenberg.php","meta":{"_acf_changed":false,"inline_featured_image":false,"footnotes":""},"download_by_lite_tag":[],"class_list":["post-102366","page","type-page","status-publish","hentry"],"yoast_head":"<!-- This site is optimized with the Yoast SEO plugin v22.6 - https:\/\/yoast.com\/wordpress\/plugins\/seo\/ -->\n<title>Encryption of internet connection - Planet VPN<\/title>\n<meta name=\"description\" content=\"Che cos&#039;\u00e8 la crittografia VPN? Come funziona? Provate la crittografia di Planet VPN e proteggete i vostri dati dai truffatori.\" \/>\n<meta name=\"robots\" content=\"index, follow, max-snippet:-1, max-image-preview:large, max-video-preview:-1\" \/>\n<link rel=\"canonical\" href=\"https:\/\/freevpnplanet.com\/it\/encryption-of-internet-connection\/\" \/>\n<meta property=\"og:locale\" content=\"it_IT\" \/>\n<meta property=\"og:type\" content=\"article\" \/>\n<meta property=\"og:title\" content=\"Encryption of internet connection - Planet VPN\" \/>\n<meta property=\"og:description\" content=\"Che cos&#039;\u00e8 la crittografia VPN? Come funziona? Provate la crittografia di Planet VPN e proteggete i vostri dati dai truffatori.\" \/>\n<meta property=\"og:url\" content=\"https:\/\/freevpnplanet.com\/it\/encryption-of-internet-connection\/\" \/>\n<meta property=\"og:site_name\" content=\"Planet VPN\" \/>\n<meta property=\"article:modified_time\" content=\"2025-07-18T09:06:27+00:00\" \/>\n<meta name=\"twitter:card\" content=\"summary_large_image\" \/>\n<script type=\"application\/ld+json\" class=\"yoast-schema-graph\">{\"@context\":\"https:\/\/schema.org\",\"@graph\":[{\"@type\":\"WebPage\",\"@id\":\"https:\/\/freevpnplanet.com\/it\/encryption-of-internet-connection\/\",\"url\":\"https:\/\/freevpnplanet.com\/it\/encryption-of-internet-connection\/\",\"name\":\"Encryption of internet connection - Planet VPN\",\"isPartOf\":{\"@id\":\"https:\/\/freevpnplanet.com\/it\/#website\"},\"datePublished\":\"2024-07-01T15:45:04+00:00\",\"dateModified\":\"2025-07-18T09:06:27+00:00\",\"description\":\"Che cos'\u00e8 la crittografia VPN? Come funziona? Provate la crittografia di Planet VPN e proteggete i vostri dati dai truffatori.\",\"breadcrumb\":{\"@id\":\"https:\/\/freevpnplanet.com\/it\/encryption-of-internet-connection\/#breadcrumb\"},\"inLanguage\":\"it\",\"potentialAction\":[{\"@type\":\"ReadAction\",\"target\":[\"https:\/\/freevpnplanet.com\/it\/encryption-of-internet-connection\/\"]}]},{\"@type\":\"BreadcrumbList\",\"@id\":\"https:\/\/freevpnplanet.com\/it\/encryption-of-internet-connection\/#breadcrumb\",\"itemListElement\":[{\"@type\":\"ListItem\",\"position\":1,\"name\":\"Home\",\"item\":\"https:\/\/freevpnplanet.com\/it\/\"},{\"@type\":\"ListItem\",\"position\":2,\"name\":\"Encryption of internet connection\"}]},{\"@type\":\"WebSite\",\"@id\":\"https:\/\/freevpnplanet.com\/it\/#website\",\"url\":\"https:\/\/freevpnplanet.com\/it\/\",\"name\":\"Planet VPN \ud83d\udee1\ufe0f\ud83c\udf10 Free VPN\",\"description\":\"Free VPN\",\"potentialAction\":[{\"@type\":\"SearchAction\",\"target\":{\"@type\":\"EntryPoint\",\"urlTemplate\":\"https:\/\/freevpnplanet.com\/it\/?s={search_term_string}\"},\"query-input\":\"required name=search_term_string\"}],\"inLanguage\":\"it\",\"publisher\":{\"@id\":\"https:\/\/freevpnplanet.com\/it\/#organization\"}},{\"@context\":\"https:\/\/schema.org\/\",\"@type\":\"SoftwareApplication\",\"name\":\"Planet VPN \ud83d\udee1\ufe0f\ud83c\udf10 Free VPN\",\"operatingSystem\":\"Windows, macOS, iOS, Android, Linux, Chrome\",\"applicationCategory\":\"SecurityApplication\",\"offers\":{\"@type\":\"AggregateOffer\",\"priceCurrency\":\"USD\",\"price\":\"0\",\"lowPrice\":\"0\",\"availability\":\"https:\/\/schema.org\/InStock\"},\"aggregateRating\":{\"@type\":\"AggregateRating\",\"ratingValue\":\"4.8\",\"bestRating\":\"5\",\"ratingCount\":\"12476\"}},{\"@type\":\"Organization\",\"@id\":\"https:\/\/freevpnplanet.com\/it\/#organization\",\"url\":\"https:\/\/freevpnplanet.com\/it\/\",\"name\":\"Planet VPN \ud83d\udee1\ufe0f\ud83c\udf10 Free VPN\"}]}<\/script>\n<!-- \/ Yoast SEO plugin. -->","yoast_head_json":{"title":"Encryption of internet connection - Planet VPN","description":"Che cos'\u00e8 la crittografia VPN? Come funziona? Provate la crittografia di Planet VPN e proteggete i vostri dati dai truffatori.","robots":{"index":"index","follow":"follow","max-snippet":"max-snippet:-1","max-image-preview":"max-image-preview:large","max-video-preview":"max-video-preview:-1"},"canonical":"https:\/\/freevpnplanet.com\/it\/encryption-of-internet-connection\/","og_locale":"it_IT","og_type":"article","og_title":"Encryption of internet connection - Planet VPN","og_description":"Che cos'\u00e8 la crittografia VPN? Come funziona? Provate la crittografia di Planet VPN e proteggete i vostri dati dai truffatori.","og_url":"https:\/\/freevpnplanet.com\/it\/encryption-of-internet-connection\/","og_site_name":"Planet VPN","article_modified_time":"2025-07-18T09:06:27+00:00","twitter_card":"summary_large_image","schema":{"@context":"https:\/\/schema.org","@graph":[{"@type":"WebPage","@id":"https:\/\/freevpnplanet.com\/it\/encryption-of-internet-connection\/","url":"https:\/\/freevpnplanet.com\/it\/encryption-of-internet-connection\/","name":"Encryption of internet connection - Planet VPN","isPartOf":{"@id":"https:\/\/freevpnplanet.com\/it\/#website"},"datePublished":"2024-07-01T15:45:04+00:00","dateModified":"2025-07-18T09:06:27+00:00","description":"Che cos'\u00e8 la crittografia VPN? Come funziona? Provate la crittografia di Planet VPN e proteggete i vostri dati dai truffatori.","breadcrumb":{"@id":"https:\/\/freevpnplanet.com\/it\/encryption-of-internet-connection\/#breadcrumb"},"inLanguage":"it","potentialAction":[{"@type":"ReadAction","target":["https:\/\/freevpnplanet.com\/it\/encryption-of-internet-connection\/"]}]},{"@type":"BreadcrumbList","@id":"https:\/\/freevpnplanet.com\/it\/encryption-of-internet-connection\/#breadcrumb","itemListElement":[{"@type":"ListItem","position":1,"name":"Home","item":"https:\/\/freevpnplanet.com\/it\/"},{"@type":"ListItem","position":2,"name":"Encryption of internet connection"}]},{"@type":"WebSite","@id":"https:\/\/freevpnplanet.com\/it\/#website","url":"https:\/\/freevpnplanet.com\/it\/","name":"Planet VPN \ud83d\udee1\ufe0f\ud83c\udf10 Free VPN","description":"Free VPN","potentialAction":[{"@type":"SearchAction","target":{"@type":"EntryPoint","urlTemplate":"https:\/\/freevpnplanet.com\/it\/?s={search_term_string}"},"query-input":"required name=search_term_string"}],"inLanguage":"it","publisher":{"@id":"https:\/\/freevpnplanet.com\/it\/#organization"}},{"@context":"https:\/\/schema.org\/","@type":"SoftwareApplication","name":"Planet VPN \ud83d\udee1\ufe0f\ud83c\udf10 Free VPN","operatingSystem":"Windows, macOS, iOS, Android, Linux, Chrome","applicationCategory":"SecurityApplication","offers":{"@type":"AggregateOffer","priceCurrency":"USD","price":"0","lowPrice":"0","availability":"https:\/\/schema.org\/InStock"},"aggregateRating":{"@type":"AggregateRating","ratingValue":"4.8","bestRating":"5","ratingCount":"12476"}},{"@type":"Organization","@id":"https:\/\/freevpnplanet.com\/it\/#organization","url":"https:\/\/freevpnplanet.com\/it\/","name":"Planet VPN \ud83d\udee1\ufe0f\ud83c\udf10 Free VPN"}]}},"acf":[],"_links":{"self":[{"href":"https:\/\/freevpnplanet.com\/it\/wp-json\/wp\/v2\/pages\/102366","targetHints":{"allow":["GET"]}}],"collection":[{"href":"https:\/\/freevpnplanet.com\/it\/wp-json\/wp\/v2\/pages"}],"about":[{"href":"https:\/\/freevpnplanet.com\/it\/wp-json\/wp\/v2\/types\/page"}],"author":[{"embeddable":true,"href":"https:\/\/freevpnplanet.com\/it\/wp-json\/wp\/v2\/users\/39"}],"replies":[{"embeddable":true,"href":"https:\/\/freevpnplanet.com\/it\/wp-json\/wp\/v2\/comments?post=102366"}],"version-history":[{"count":4,"href":"https:\/\/freevpnplanet.com\/it\/wp-json\/wp\/v2\/pages\/102366\/revisions"}],"predecessor-version":[{"id":171453,"href":"https:\/\/freevpnplanet.com\/it\/wp-json\/wp\/v2\/pages\/102366\/revisions\/171453"}],"wp:attachment":[{"href":"https:\/\/freevpnplanet.com\/it\/wp-json\/wp\/v2\/media?parent=102366"}],"wp:term":[{"taxonomy":"download_by_lite_tag","embeddable":true,"href":"https:\/\/freevpnplanet.com\/it\/wp-json\/wp\/v2\/download_by_lite_tag?post=102366"}],"curies":[{"name":"wp","href":"https:\/\/api.w.org\/{rel}","templated":true}]}}