{"id":109555,"date":"2024-05-02T18:08:20","date_gmt":"2024-05-02T15:08:20","guid":{"rendered":"https:\/\/help.freeplanetvpn.com\/change-ip\/"},"modified":"2025-07-18T12:30:08","modified_gmt":"2025-07-18T09:30:08","slug":"change-ip","status":"publish","type":"page","link":"https:\/\/freevpnplanet.com\/it\/change-ip\/","title":{"rendered":"Change IP"},"content":{"rendered":"\n<section class=\"image-text-static-image custom-block align-none  mobile-image-bottom   header-size-small text-size-small  \" style='--background-color:var(--dark-blue-0); --text-color:var(--white)'>\n\n    <div class=\"gutenberg-block-background\"><\/div>\n    <div class=\"image-text-static-image__inner inner-container\">\n                    <div class=\"image-text-static-image__content content-left\" style='--content-width: 51%'>\n                                    <div class=\"image-text-static-image__title\">\n                        <h1 >Come cambiare e nascondere l&#8217;indirizzo IP con Planet VPN<\/h1>                    <\/div>\n                \n                <p>Utilizzando Planet VPN, grazie alla tecnologia VPN, il vostro indirizzo IP sar\u00e0 nascosto in modo sicuro e i servizi esterni vedranno l&#8217;indirizzo del paese che avete selezionato una volta connessi!<\/p>\n                                    <div class=\"image-text-static-image__cta\">\n                                                    <a href=\"\/it\/plans\/\" target=\"_self\" id=\"qa-hero-btn-cta\" class=\"cta download-by-platform cta--with-border cta-size--small cta-mt--initial icon-position--icon-left\" style=\"--border-radius:40px\"><span class=\"cta__name\">Scarica gratis<\/span><\/a>                                            <\/div>\n                \n                \n\n            <\/div>\n        \n                    <div class=\"bg-image-wrapper bg-image-wrapper--desktop  right image-align--center\" style='--image-max-width: 49%'>\n                <figure>\n                    <img width=\"729\" height=\"581\" src=\"https:\/\/freevpnplanet.com\/wp-content\/uploads\/2024\/05\/rvpn-rvpn-3fa20f81-20240409-160252-504726-20240507_185215_511732.svg\" class=\"attachment-full size-full\" alt=\"\" loading=\"lazy\" decoding=\"sync\" fetchpriority=\"low\" style=\"max-width:700px\" sizes=\"auto, (max-width: 700px) 100vw, 700px\" aria-hidden=\"true\" \/>                    <!-- <img decoding=\"async\" width=\"729\" height=\"581\" src=\"https:\/\/freevpnplanet.com\/wp-content\/uploads\/2024\/05\/rvpn-rvpn-3fa20f81-20240409-160252-504726-20240507_185215_511732.svg\" class=\"attachment-full size-full\" alt=\"\" style=\"max-width:700px\" \/> -->\n                <\/figure>\n            <\/div>\n        \n            <\/div>\n<\/section>\n\n\n<section class=\"image-text-static-image custom-block align-none  mobile-image-bottom   header-size-small text-size-small  \" style=''>\n\n    <div class=\"gutenberg-block-background\"><\/div>\n    <div class=\"image-text-static-image__inner inner-container\">\n                    <div class=\"image-text-static-image__content content-right\" style='--content-width: 45%'>\n                                    <div class=\"image-text-static-image__title\">\n                        <h2 >PERCH\u00c9 DOVREI CAMBIARE O NASCONDERE IL MIO INDIRIZZO IP?<\/h2>                    <\/div>\n                \n                <p>L&#8217;indirizzo IP pu\u00f2 dire molto su di voi. Attraverso l&#8217;indirizzo IP \u00e8 possibile conoscere la vostra posizione, il vostro nome e il nome del vostro provider Internet. Quando i criminali informatici conoscono il vostro IP, possono attaccare il vostro dispositivo, tentare di hackerarlo o utilizzare metodi speciali per impedire al dispositivo di trasmettere o ricevere informazioni. Anche l&#8217;indirizzo IP consente di sapere con sufficiente precisione dove vi trovate fisicamente, il che pu\u00f2 causare non pochi problemi. Se non si nasconde l&#8217;indirizzo IP, si apre l&#8217;accesso a una grande quantit\u00e0 di informazioni, tra cui i dati personali, le informazioni sulla vostra posizione e la vostra attivit\u00e0 online, consentendo a terzi di monitorare e controllare le vostre attivit\u00e0 online.<\/p>\n                \n                \n\n            <\/div>\n        \n                    <div class=\"bg-image-wrapper bg-image-wrapper--desktop  left image-align--center\" style='--image-max-width: 55%'>\n                <figure>\n                    <img width=\"483\" height=\"493\" src=\"https:\/\/freevpnplanet.com\/wp-content\/uploads\/2024\/05\/rvpn-rvpn-db2904e1-20240409-162209-702854-20240507_185223_606342.svg\" class=\"attachment-full size-full\" alt=\"\" loading=\"lazy\" decoding=\"sync\" fetchpriority=\"low\" style=\"max-width:483px\" sizes=\"auto, (max-width: 483px) 100vw, 483px\" aria-hidden=\"true\" \/>                    <!-- <img decoding=\"async\" width=\"483\" height=\"493\" src=\"https:\/\/freevpnplanet.com\/wp-content\/uploads\/2024\/05\/rvpn-rvpn-db2904e1-20240409-162209-702854-20240507_185223_606342.svg\" class=\"attachment-full size-full\" alt=\"\" style=\"max-width:483px\" \/> -->\n                <\/figure>\n            <\/div>\n        \n            <\/div>\n<\/section>\n\n\n<section class=\"wrapper custom-block align-full    \" style='--background-color:var(--background-blue)'>\n\n    <div class=\"gutenberg-block-background\"><\/div>\n    <div class=\"wrapper__inner inner-container\">\n        \n\n<section class=\"image-text-static-image custom-block align-none  mobile-image-bottom   header-size-small text-size-small  \" style=''>\n\n    <div class=\"gutenberg-block-background\"><\/div>\n    <div class=\"image-text-static-image__inner inner-container\">\n                    <div class=\"image-text-static-image__content content-right\" style='--content-width: 49%'>\n                                    <div class=\"image-text-static-image__title\">\n                        <h2 >COME CAMBIARE O NASCONDERE IL PROPRIO INDIRIZZO IP?<\/h2>                    <\/div>\n                \n                <p>\u00c8 molto semplice, basta connettersi alla VPN utilizzando Planet VPN. Una VPN \u00e8 un tunnel sicuro tra due o pi\u00f9 dispositivi. Le VPN vengono utilizzate per proteggere il traffico web da intercettazioni, interferenze esterne e censura. Collegandosi ai nostri server si nasconde in modo sicuro il proprio IP e si crittografano tutti i dati. Per modificare e nascondere il vostro IP sono necessari solo 3 passaggi:<\/p>\n                \n                \n\n            <\/div>\n        \n                    <div class=\"bg-image-wrapper bg-image-wrapper--desktop  left image-align--center\" style='--image-max-width: 51%'>\n                <figure>\n                    <img width=\"518\" height=\"479\" src=\"https:\/\/freevpnplanet.com\/wp-content\/uploads\/2024\/05\/rvpn-rvpn-79c6c873-20240409-164508-364135-20240507_185221_234590.svg\" class=\"attachment-full size-full\" alt=\"\" loading=\"lazy\" decoding=\"sync\" fetchpriority=\"low\" style=\"max-width:518px\" sizes=\"auto, (max-width: 518px) 100vw, 518px\" aria-hidden=\"true\" \/>                    <!-- <img decoding=\"async\" width=\"518\" height=\"479\" src=\"https:\/\/freevpnplanet.com\/wp-content\/uploads\/2024\/05\/rvpn-rvpn-79c6c873-20240409-164508-364135-20240507_185221_234590.svg\" class=\"attachment-full size-full\" alt=\"\" style=\"max-width:518px\" \/> -->\n                <\/figure>\n            <\/div>\n        \n            <\/div>\n<\/section>\n\n\n<div class=\"wp-block-group is-content-justification-center is-nowrap is-layout-flex wp-container-core-group-is-layout-2 wp-block-group-is-layout-flex\">\n<div class=\"wp-block-group wp-container-content-1 is-layout-constrained wp-block-group-is-layout-constrained\">\n<section class=\"advanced-steps custom-block align-none pt-0 align-desktop-left align-mobile-left font-normal three-columns title-small image-shadow\" style='--background-color:var(--dark-blue-8)'>\n\n    <div class=\"gutenberg-block-background\"><\/div>\n    <div class=\"advanced-steps__container inner-container\">\n        \n        <ul class=\"advanced-steps__list advanced-steps__list--download-steps\" style='--columns-gap:50px'>\n                            <li style='--max-width:px'>\n                                            <h2 class=\"step-title\">1. scaricare<\/h2>\n                    \n                                            <div class=\"image-wrapper\">\n                            <img decoding=\"async\" width=\"219\" height=\"170\" src=\"https:\/\/freevpnplanet.com\/wp-content\/uploads\/2024\/05\/rvpn-download.df91dd21-20240524_114147_333777.svg\" class=\"attachment-full size-full\" alt=\"Step 1\" \/>                        <\/div>\n\n                                                    <p><a class=\"\" href=\"https:\/\/freevpnplanet.com\/it\/download\/\" id=\"qa-advanced-step-content-link\">Scaricare<\/a> e installare l&#8217;applicazione sul dispositivo<\/p>                                                            <\/li>\n                                <li style='--max-width:px'>\n                                            <h2 class=\"step-title\">2. Collegare<\/h2>\n                    \n                                            <div class=\"image-wrapper\">\n                            <img decoding=\"async\" width=\"220\" height=\"171\" src=\"https:\/\/freevpnplanet.com\/wp-content\/uploads\/2024\/05\/rvpn-login.60a645a1-20240524_114327_062578.svg\" class=\"attachment-full size-full\" alt=\"Step 1\" \/>                        <\/div>\n\n                                                    <p>Connettersi a uno dei nostri server<\/p>                                                            <\/li>\n                                <li style='--max-width:px'>\n                                            <h2 class=\"step-title\">3. Visitare<\/h2>\n                    \n                                            <div class=\"image-wrapper\">\n                            <img decoding=\"async\" width=\"219\" height=\"170\" src=\"https:\/\/freevpnplanet.com\/wp-content\/uploads\/2024\/05\/rvpn-connect.12ef9ce1-20240524_114733_838401.svg\" class=\"attachment-full size-full\" alt=\"Step 3\" \/>                        <\/div>\n\n                                                    <p>Visitare qualsiasi sito web senza restrizioni<\/p>                                                            <\/li>\n                        <\/ul>\n\n                    <div class=\"advanced-steps__cta\">\n                <a href=\"\/it\/plans\/\" target=\"_self\" id=\"qa-steps-btn-cta\" class=\"cta download-by-platform cta--with-border cta-size--small cta-mt--initial icon-position--icon-left\" style=\"--border-radius:40px\"><span class=\"cta__name\">Scarica gratis<\/span><\/a>            <\/div>\n        \n        \n        \n\n    <\/div>\n<\/section>\n<\/div>\n<\/div>\n\n\n    <\/div>\n\n<\/section>\n\n\n<section class=\"image-text-static-image custom-block align-none  mobile-image-bottom   header-size-small text-size-small  \" style=''>\n\n    <div class=\"gutenberg-block-background\"><\/div>\n    <div class=\"image-text-static-image__inner inner-container\">\n                    <div class=\"image-text-static-image__content content-right\" style='--content-width: 50%'>\n                                    <div class=\"image-text-static-image__title\">\n                        <h2 >COME CAMBIA L&#8217;INDIRIZZO IP?<\/h2>                    <\/div>\n                \n                <p>Quando vi connettete alla rete Planet VPN, il vostro indirizzo IP viene sostituito da un altro e tutto sembra essere in un altro luogo. Quando si utilizza una VPN, il traffico Internet passa attraverso un tunnel crittografato in modo che nessuno, compreso il provider di servizi Internet, possa vedere ci\u00f2 che si sta facendo su Internet. Pertanto, se vi connettete a una rete VPN, i siti web, le applicazioni e i servizi vedranno l&#8217;indirizzo IP pubblico del server VPN invece dell&#8217;indirizzo del vostro dispositivo: ci\u00f2 significa che avete &#8220;nascosto il vostro indirizzo IP&#8221; o &#8220;cambiato il vostro indirizzo IP&#8221;.<\/p>\n                                    <div class=\"image-text-static-image__cta\">\n                                                    <a href=\"\/it\/plans\/\" target=\"_self\" id=\"qa-cta-content-btn\" class=\"cta download-by-platform cta--with-border cta-size--small cta-mt--initial icon-position--icon-left\" style=\"--border-radius:40px\"><span class=\"cta__name\">Scarica gratis<\/span><\/a>                                            <\/div>\n                \n                \n\n            <\/div>\n        \n                    <div class=\"bg-image-wrapper bg-image-wrapper--desktop  left image-align--center\" style='--image-max-width: 50%'>\n                <figure>\n                    <img width=\"436\" height=\"436\" src=\"https:\/\/freevpnplanet.com\/wp-content\/uploads\/2024\/05\/rvpn-rvpn-rvpn-7d778d01-20240408-215431-1200701-20240409-170411-885201-20240507_185229_084591.svg\" class=\"attachment-full size-full\" alt=\"\" loading=\"lazy\" decoding=\"sync\" fetchpriority=\"low\" style=\"max-width:437px\" sizes=\"auto, (max-width: 437px) 100vw, 437px\" aria-hidden=\"true\" \/>                    <!-- <img decoding=\"async\" width=\"436\" height=\"436\" src=\"https:\/\/freevpnplanet.com\/wp-content\/uploads\/2024\/05\/rvpn-rvpn-rvpn-7d778d01-20240408-215431-1200701-20240409-170411-885201-20240507_185229_084591.svg\" class=\"attachment-full size-full\" alt=\"\" style=\"max-width:437px\" \/> -->\n                <\/figure>\n            <\/div>\n        \n            <\/div>\n<\/section>\n\n\n<div class=\"wp-block-group alignfull has-background is-layout-constrained wp-block-group-is-layout-constrained\" style=\"background-color:#2f77d4\">\n<section class=\"image-text custom-block align-full   mobile-image-bottom mobile-title-center  header-size-medium text-size-small   content-left\" style='overflow: hidden;;--background-color:var(--none); --text-color:var(--white);--min-height-mobile:400px;--min-height-desktop:500px;--content-width:52%'>\n\n    <div class=\"gutenberg-block-background\"><\/div>\n    <div class=\"image-text__inner inner-container\">\n\n        \n                    <div class=\"image-text__content\">\n\n                <h2>QUALI SONO I VANTAGGI DI PLANET VPN PER NASCONDERE E CAMBIARE IL MIO INDIRIZZO IP?<\/h2>\n<p>Utilizziamo i metodi di crittografia dei dati pi\u00f9 moderni e affidabili. Molti dei nostri server VPN veloci e moderni sono situati in tutto il mondo, offrendo all&#8217;utente un&#8217;ampia scelta di localit\u00e0 per nascondere o cambiare il proprio indirizzo IP. Esistono estensioni proxy per i browser, dove, in modalit\u00e0 gratuita, \u00e8 possibile testare il funzionamento del nostro servizio e vedere effettivamente come avviene la modifica dell&#8217;IP. Per proteggere in modo affidabile i dati trasmessi via Internet, abbiamo creato programmi per i sistemi operativi pi\u00f9 diffusi, oltre a fornire la possibilit\u00e0 di collegare un numero illimitato di dispositivi che supportano le VPN. Tuttavia, non teniamo traccia n\u00e9 conserviamo registri di attivit\u00e0. Forniamo un gran numero di opzioni di pagamento, compresi i metodi anonimi.<\/p>\n<p>&nbsp;<\/p>\n                                    <div class=\"image-text__cta\">\n                        <a href=\"\/it\/plans\/\" target=\"_self\" id=\"qa-advanced-cta-bta\" class=\"cta download-by-platform cta--with-border cta-size--small cta-mt--initial icon-position--icon-left\" style=\"--border-radius:40px\"><span class=\"cta__name\">Scarica gratis<\/span><\/a>                    <\/div>\n                \n            <\/div>\n        \n                    <div class=\"bg-image-wrapper bg-image-wrapper--desktop custom image-align--left\">\n                <figure style='--image-max-width:1500px;--image-opacity:1.00;width: calc(70% - 20px);left:42%;top:50%'>\n                    <img decoding=\"async\" width=\"1140\" height=\"1140\" src=\"https:\/\/freevpnplanet.com\/wp-content\/uploads\/2024\/05\/rvpn-rvpn-map-20240410-114426-568830-20240507_185226_366905.png\" class=\"bg-image\" alt=\"Background Image for Desktop\" \/>                <\/figure>\n            <\/div>\n        \n                    <div class=\"bg-image-wrapper bg-image-wrapper--mobile background-image\">\n                <figure style='width: 140%;max-width: 1000px;opacity: 0.20;margin-top: 24px'>\n                    <img decoding=\"async\" width=\"1140\" height=\"1140\" src=\"https:\/\/freevpnplanet.com\/wp-content\/uploads\/2024\/05\/rvpn-rvpn-map-20240410-114426-568830-20240507_185226_366905.png\" class=\"bg-image\" alt=\"Background Image for Mobile\" \/>                <\/figure>\n            <\/div>\n            <\/div>\n<\/section><\/div>\n","protected":false},"excerpt":{"rendered":"","protected":false},"author":39,"featured_media":0,"parent":0,"menu_order":0,"comment_status":"closed","ping_status":"closed","template":"templates\/page_template-basic_for_gutenberg.php","meta":{"_acf_changed":false,"inline_featured_image":false,"footnotes":""},"download_by_lite_tag":[],"class_list":["post-109555","page","type-page","status-publish","hentry"],"yoast_head":"<!-- This site is optimized with the Yoast SEO plugin v22.6 - https:\/\/yoast.com\/wordpress\/plugins\/seo\/ -->\n<title>Come cambiare e nascondere l&#039;indirizzo IP con una VPN gratuita - Planet VPN<\/title>\n<meta name=\"description\" content=\"\u00c8 facile cambiare indirizzo IP con una VPN. Accesso a Internet illimitato. Proteggete il vostro anonimato con Planet VPN.\" \/>\n<meta name=\"robots\" content=\"index, follow, max-snippet:-1, max-image-preview:large, max-video-preview:-1\" \/>\n<link rel=\"canonical\" href=\"https:\/\/freevpnplanet.com\/it\/change-ip\/\" \/>\n<meta property=\"og:locale\" content=\"it_IT\" \/>\n<meta property=\"og:type\" content=\"article\" \/>\n<meta property=\"og:title\" content=\"Come cambiare e nascondere l&#039;indirizzo IP con una VPN gratuita - Planet VPN\" \/>\n<meta property=\"og:description\" content=\"\u00c8 facile cambiare indirizzo IP con una VPN. Accesso a Internet illimitato. Proteggete il vostro anonimato con Planet VPN.\" \/>\n<meta property=\"og:url\" content=\"https:\/\/freevpnplanet.com\/it\/change-ip\/\" \/>\n<meta property=\"og:site_name\" content=\"Planet VPN\" \/>\n<meta property=\"article:modified_time\" content=\"2025-07-18T09:30:08+00:00\" \/>\n<meta name=\"twitter:card\" content=\"summary_large_image\" \/>\n<script type=\"application\/ld+json\" class=\"yoast-schema-graph\">{\"@context\":\"https:\/\/schema.org\",\"@graph\":[{\"@type\":\"WebPage\",\"@id\":\"https:\/\/freevpnplanet.com\/it\/change-ip\/\",\"url\":\"https:\/\/freevpnplanet.com\/it\/change-ip\/\",\"name\":\"Come cambiare e nascondere l'indirizzo IP con una VPN gratuita - Planet VPN\",\"isPartOf\":{\"@id\":\"https:\/\/freevpnplanet.com\/it\/#website\"},\"datePublished\":\"2024-05-02T15:08:20+00:00\",\"dateModified\":\"2025-07-18T09:30:08+00:00\",\"description\":\"\u00c8 facile cambiare indirizzo IP con una VPN. Accesso a Internet illimitato. Proteggete il vostro anonimato con Planet VPN.\",\"breadcrumb\":{\"@id\":\"https:\/\/freevpnplanet.com\/it\/change-ip\/#breadcrumb\"},\"inLanguage\":\"it\",\"potentialAction\":[{\"@type\":\"ReadAction\",\"target\":[\"https:\/\/freevpnplanet.com\/it\/change-ip\/\"]}]},{\"@type\":\"BreadcrumbList\",\"@id\":\"https:\/\/freevpnplanet.com\/it\/change-ip\/#breadcrumb\",\"itemListElement\":[{\"@type\":\"ListItem\",\"position\":1,\"name\":\"Home\",\"item\":\"https:\/\/freevpnplanet.com\/it\/\"},{\"@type\":\"ListItem\",\"position\":2,\"name\":\"Change IP\"}]},{\"@type\":\"WebSite\",\"@id\":\"https:\/\/freevpnplanet.com\/it\/#website\",\"url\":\"https:\/\/freevpnplanet.com\/it\/\",\"name\":\"Planet VPN \ud83d\udee1\ufe0f\ud83c\udf10 Free VPN\",\"description\":\"Free VPN\",\"potentialAction\":[{\"@type\":\"SearchAction\",\"target\":{\"@type\":\"EntryPoint\",\"urlTemplate\":\"https:\/\/freevpnplanet.com\/it\/?s={search_term_string}\"},\"query-input\":\"required name=search_term_string\"}],\"inLanguage\":\"it\",\"publisher\":{\"@id\":\"https:\/\/freevpnplanet.com\/it\/#organization\"}},{\"@context\":\"https:\/\/schema.org\/\",\"@type\":\"SoftwareApplication\",\"name\":\"Planet VPN \ud83d\udee1\ufe0f\ud83c\udf10 Free VPN\",\"operatingSystem\":\"Windows, macOS, iOS, Android, Linux, Chrome\",\"applicationCategory\":\"SecurityApplication\",\"offers\":{\"@type\":\"AggregateOffer\",\"priceCurrency\":\"USD\",\"price\":\"0\",\"lowPrice\":\"0\",\"availability\":\"https:\/\/schema.org\/InStock\"},\"aggregateRating\":{\"@type\":\"AggregateRating\",\"ratingValue\":\"4.8\",\"bestRating\":\"5\",\"ratingCount\":\"12476\"}},{\"@type\":\"Organization\",\"@id\":\"https:\/\/freevpnplanet.com\/it\/#organization\",\"url\":\"https:\/\/freevpnplanet.com\/it\/\",\"name\":\"Planet VPN \ud83d\udee1\ufe0f\ud83c\udf10 Free VPN\"}]}<\/script>\n<!-- \/ Yoast SEO plugin. -->","yoast_head_json":{"title":"Come cambiare e nascondere l'indirizzo IP con una VPN gratuita - Planet VPN","description":"\u00c8 facile cambiare indirizzo IP con una VPN. Accesso a Internet illimitato. Proteggete il vostro anonimato con Planet VPN.","robots":{"index":"index","follow":"follow","max-snippet":"max-snippet:-1","max-image-preview":"max-image-preview:large","max-video-preview":"max-video-preview:-1"},"canonical":"https:\/\/freevpnplanet.com\/it\/change-ip\/","og_locale":"it_IT","og_type":"article","og_title":"Come cambiare e nascondere l'indirizzo IP con una VPN gratuita - Planet VPN","og_description":"\u00c8 facile cambiare indirizzo IP con una VPN. Accesso a Internet illimitato. Proteggete il vostro anonimato con Planet VPN.","og_url":"https:\/\/freevpnplanet.com\/it\/change-ip\/","og_site_name":"Planet VPN","article_modified_time":"2025-07-18T09:30:08+00:00","twitter_card":"summary_large_image","schema":{"@context":"https:\/\/schema.org","@graph":[{"@type":"WebPage","@id":"https:\/\/freevpnplanet.com\/it\/change-ip\/","url":"https:\/\/freevpnplanet.com\/it\/change-ip\/","name":"Come cambiare e nascondere l'indirizzo IP con una VPN gratuita - Planet VPN","isPartOf":{"@id":"https:\/\/freevpnplanet.com\/it\/#website"},"datePublished":"2024-05-02T15:08:20+00:00","dateModified":"2025-07-18T09:30:08+00:00","description":"\u00c8 facile cambiare indirizzo IP con una VPN. Accesso a Internet illimitato. Proteggete il vostro anonimato con Planet VPN.","breadcrumb":{"@id":"https:\/\/freevpnplanet.com\/it\/change-ip\/#breadcrumb"},"inLanguage":"it","potentialAction":[{"@type":"ReadAction","target":["https:\/\/freevpnplanet.com\/it\/change-ip\/"]}]},{"@type":"BreadcrumbList","@id":"https:\/\/freevpnplanet.com\/it\/change-ip\/#breadcrumb","itemListElement":[{"@type":"ListItem","position":1,"name":"Home","item":"https:\/\/freevpnplanet.com\/it\/"},{"@type":"ListItem","position":2,"name":"Change IP"}]},{"@type":"WebSite","@id":"https:\/\/freevpnplanet.com\/it\/#website","url":"https:\/\/freevpnplanet.com\/it\/","name":"Planet VPN \ud83d\udee1\ufe0f\ud83c\udf10 Free VPN","description":"Free VPN","potentialAction":[{"@type":"SearchAction","target":{"@type":"EntryPoint","urlTemplate":"https:\/\/freevpnplanet.com\/it\/?s={search_term_string}"},"query-input":"required name=search_term_string"}],"inLanguage":"it","publisher":{"@id":"https:\/\/freevpnplanet.com\/it\/#organization"}},{"@context":"https:\/\/schema.org\/","@type":"SoftwareApplication","name":"Planet VPN \ud83d\udee1\ufe0f\ud83c\udf10 Free VPN","operatingSystem":"Windows, macOS, iOS, Android, Linux, Chrome","applicationCategory":"SecurityApplication","offers":{"@type":"AggregateOffer","priceCurrency":"USD","price":"0","lowPrice":"0","availability":"https:\/\/schema.org\/InStock"},"aggregateRating":{"@type":"AggregateRating","ratingValue":"4.8","bestRating":"5","ratingCount":"12476"}},{"@type":"Organization","@id":"https:\/\/freevpnplanet.com\/it\/#organization","url":"https:\/\/freevpnplanet.com\/it\/","name":"Planet VPN \ud83d\udee1\ufe0f\ud83c\udf10 Free VPN"}]}},"acf":[],"_links":{"self":[{"href":"https:\/\/freevpnplanet.com\/it\/wp-json\/wp\/v2\/pages\/109555","targetHints":{"allow":["GET"]}}],"collection":[{"href":"https:\/\/freevpnplanet.com\/it\/wp-json\/wp\/v2\/pages"}],"about":[{"href":"https:\/\/freevpnplanet.com\/it\/wp-json\/wp\/v2\/types\/page"}],"author":[{"embeddable":true,"href":"https:\/\/freevpnplanet.com\/it\/wp-json\/wp\/v2\/users\/39"}],"replies":[{"embeddable":true,"href":"https:\/\/freevpnplanet.com\/it\/wp-json\/wp\/v2\/comments?post=109555"}],"version-history":[{"count":6,"href":"https:\/\/freevpnplanet.com\/it\/wp-json\/wp\/v2\/pages\/109555\/revisions"}],"predecessor-version":[{"id":171473,"href":"https:\/\/freevpnplanet.com\/it\/wp-json\/wp\/v2\/pages\/109555\/revisions\/171473"}],"wp:attachment":[{"href":"https:\/\/freevpnplanet.com\/it\/wp-json\/wp\/v2\/media?parent=109555"}],"wp:term":[{"taxonomy":"download_by_lite_tag","embeddable":true,"href":"https:\/\/freevpnplanet.com\/it\/wp-json\/wp\/v2\/download_by_lite_tag?post=109555"}],"curies":[{"name":"wp","href":"https:\/\/api.w.org\/{rel}","templated":true}]}}