{"id":97802,"date":"2024-05-13T20:27:17","date_gmt":"2024-05-13T17:27:17","guid":{"rendered":"https:\/\/help.freeplanetvpn.com\/dns-check\/"},"modified":"2024-11-28T13:00:56","modified_gmt":"2024-11-28T10:00:56","slug":"dns-check","status":"publish","type":"page","link":"https:\/\/freevpnplanet.com\/it\/dns-check\/","title":{"rendered":"DNS check"},"content":{"rendered":"\n<section class=\"tools-hero\">\n  <div class=\"tools-hero__inner container\">\n\n          <h1 class=\"tools-hero__title\">Controllo della propagazione del DNS online<\/h1>\n    \n    <div class=\"dns-propagation\">\n        <div class=\"dns-propagation__text\">\n                    <p>Il tuo provider di servizi Internet possiede i server DNS a cui puoi connetterti e utilizzare i servizi. Spesso il proprietario monitora gli utenti per leggere i dati, tenere traccia delle azioni e determinare le applicazioni utilizzate. I dati vengono quindi utilizzati dall&#8217;utente, o da terzi, per creare un ritratto digitale dell&#8217;utente.<\/p>\n<p>Non consentire il tracciamento automatico su Internet: utilizza i server DNS di Planet VPN. Controlla la perdita e proteggi i tuoi dati.<\/p>        \n                        <a id=\"qa-avoid-dns\"\n               href=\"https:\/\/account.freevpnplanet.com\/it\/order\/\"\n               target=\"\"\n              class=\"cta\">Evita perdite DNS            <\/a>\n                  <\/div>\n\n      <div class=\"dns-propagation__context\">\n        <div class=\"dns-propagation__check\">\n          <div class=\"dns-propagation__status dns-propagation__status--undefined\" id=\"status-undefined\">\n            <img decoding=\"async\" src=\"https:\/\/freevpnplanet.com\/wp-content\/themes\/planetvpn\/assets\/images\/pages\/dns-check\/logo-unprotected.svg\" alt=\"Icon undefined\">\n            <span>Checking&#8230;<\/span>\n          <\/div>\n          <div class=\"dns-propagation__status dns-propagation__status--protected\" id=\"status-protected\">\n            <img decoding=\"async\" src=\"https:\/\/freevpnplanet.com\/wp-content\/themes\/planetvpn\/assets\/images\/pages\/dns-check\/logo-protected.svg\" alt=\"Icon Protected\">\n            <span>Le tue query DNS sono al sicuro!<\/span>\n          <\/div>\n          <div class=\"dns-propagation__status dns-propagation__status--unprotected\" id=\"status-unprotected\">\n            <img decoding=\"async\" src=\"https:\/\/freevpnplanet.com\/wp-content\/themes\/planetvpn\/assets\/images\/pages\/dns-check\/logo-unprotected.svg\" alt=\"Icon Uprotected\">\n            <span>Le tue query DNS potrebbero essere trapelate!<\/span>\n          <\/div>\n        <\/div>\n\n        <div class=\"dns-propagation__result\">\n          <span>Indirizzo IP:<\/span>\n          <span class=\"dns-propagation__ip\" id=\"dns-propagation-ip\">XXX.XXX.XX.XX<\/span>\n        <\/div>\n\n                  <div class=\"dns-propagation__final-text\">Se stai utilizzando VPN, ma vedi ancora l&#8217;indirizzo DNS del server del tuo provider, il sistema \u00e8 trapelato. I proprietari dei server DNS che utilizzi possono vedere tutti i siti web che visiti.<\/div>\n        \n      <\/div>\n    <\/div>\n  <\/div>\n\n  <div class=\"tools-hero__menu\"><ul id=\"menu-utensili-italian\" class=\"menu\"><li id=\"menu-item-117462\" class=\"menu-item\"><a id=\"qa-dns-leak-test\" href=\"https:\/\/freevpnplanet.com\/it\/dns-check\/\">Test di perdita DNS<\/a><\/li>\n<li id=\"menu-item-117463\" class=\"menu-item\"><a id=\"qa-webrtc-leak-test\" href=\"https:\/\/freevpnplanet.com\/it\/web-rtc\/\">Test di tenuta WebRTC<\/a><\/li>\n<li id=\"menu-item-117464\" class=\"menu-item\"><a id=\"qa-virus-scan\" href=\"https:\/\/freevpnplanet.com\/it\/virus-scan\/\">Scansione dei virus<\/a><\/li>\n<li id=\"menu-item-117537\" class=\"menu-item\"><a id=\"qa-what-is-my-ip\" href=\"https:\/\/freevpnplanet.com\/it\/ip-check\/\">Qual \u00e8 il mio IP?<\/a><\/li>\n<li id=\"menu-item-117538\" class=\"menu-item\"><a id=\"qa-generate-password\" href=\"https:\/\/freevpnplanet.com\/it\/password-generator\/\">Generatore di password<\/a><\/li>\n<\/ul><\/div>\n<\/section>\n\n<section class=\"two-col-content custom-block align-full  rtl ratio-normal image image-visible-on-mobile-yes\" style=''>\n\n    <div class=\"gutenberg-block-background\"><\/div>\n    <div class=\"two-col-content__container inner-container\">\n                    <h2 class=\"two-col-content__title\">COS&#8217;\u00c8 UN DNS LEAK?<\/h2>\n        \n                    <div class=\"two-col-content__description\"><p>Anche se ti sei collegato alla migliore VPN, ahim\u00e8, le sue capacit\u00e0 tecniche non garantiscono la protezione delle query DNS dal tuo computer o dispositivo mobile. E questo fattore non dipende dall&#8217;affidabilit\u00e0 della crittografia del traffico. Se c&#8217;\u00e8 una fuga di DNS, significa che estranei possono vedere le risorse web che visiti, le azioni che esegui e le app che apri e utilizzi per scopi personali.<\/p>\n<p>Il DNS \u00e8 un sistema speciale di rubriche, direttamente correlato a tutte le manipolazioni effettuate durante la navigazione in Internet. Ad esempio, un browser o un&#8217;app utilizza il DNS per eseguire una ricerca sul server e generare una successiva connessione tra i servizi e i siti richiesti dal client. Il dispositivo inoltra le richieste e riceve le istruzioni di risposta per cercare i dati di destinazione. Di conseguenza, sono le query DNS a determinare il livello complessivo di riservatezza dei dati dell&#8217;utente e possono rappresentare un rischio per la sicurezza. Controllare i DNS \u00e8 facile: collegati con Planet VPN e liberati dalle minacce informatiche.<\/p><\/div>\n        \n                    <img decoding=\"async\" width=\"436\" height=\"436\" src=\"https:\/\/freevpnplanet.com\/wp-content\/uploads\/2024\/05\/rvpn-dns.8814bf7-20240514_122744_989247.svg\" class=\"two-col-content__image\" alt=\"\" \/>        \n            <\/div>\n<\/section>\n\n\n<section class=\"cta-section custom-block align-full \" style=''>\n\n    <div class=\"gutenberg-block-background\"><\/div>\n    <div class=\"cta-section__inner\">\n                    <div class=\"cta-section__cta\">\n                                    <a href=\"\/it\/plans\/\" target=\"_self\" id=\"qa-download-free-space\" class=\"cta download-by-platform cta--with-border cta-size--small icon-position--icon-left\" style=\"--button-background-color: var(--green);--button-background-color-hover: var(--green-hover);--button-background-color-pressed: var(--green-pressed);--border-radius:40px\"><span class=\"cta__name\">Download Gratuito<\/span><\/a>                            <\/div>\n            <\/div>\n<\/section>\n\n<section class=\"two-col-content custom-block align-full  rtl ratio-normal text image-visible-on-mobile-no\" style='--background-color:var(--background-blue)'>\n\n    <div class=\"gutenberg-block-background\"><\/div>\n    <div class=\"two-col-content__container inner-container\">\n        \n                    <div class=\"two-col-content__description\"><p>Quando la VPN non \u00e8 attivata sul tuo computer, il servizio DNS fornito dal tuo ISP \u00e8 responsabile della modalit\u00e0 di sicurezza. Ma quando Planet VPN \u00e8 connesso, vengono attivati solo i server DNS di questo servizio. La protezione completa \u00e8 garantita e i rischi di fuga di informazioni sono ridotti al minimo. L&#8217;utilizzo dei server DNS di Planet VPN offre innegabili vantaggi:<\/p>\n<ul>\n<li>Server DNS ad alte prestazioni Pianeta VPN;<\/li>\n<li>Il salvataggio dei log delle attivit\u00e0 e delle connessioni \u00e8 completamente eliminato;<\/li>\n<li>La crittografia pi\u00f9 sicura del traffico.<\/li>\n<\/ul>\n<p>Il principio del lavoro consiste nelle seguenti azioni:<\/p>\n<ul>\n<li>Quando devi aprire una pagina su Internet inserisci una richiesta specifica e poi clicchi sul link di destinazione;<\/li>\n<li>L&#8217;indirizzo selezionato viene inviato in un tunnel criptato al server DNS, formando cos\u00ec un accesso alla risorsa di interesse;<\/li>\n<li>Il server riceve una risposta che viene trasmessa all&#8217;utente per aprire il sito.<\/li>\n<\/ul>\n<p>Tutte queste azioni sono generate in un canale di comunicazione sicuro, quindi non c&#8217;\u00e8 alcun rischio di hacking o di fuga di dati. \u00c8 possibile verificare il server DNS online sul sito web di Planet VPN.<\/p><\/div>\n        \n                                    <h2 class=\"two-col-content__text\">COME EVITARE LE FUGHE DI DNS UTILIZZANDO IL SERVIZIO PLANET VPN<\/h2>\n                    \n                    <div class=\"two-col-content__cta\">\n                            <\/div>\n            <\/div>\n<\/section>\n\n\n<section class=\"image-text-static-image custom-block align-none  mobile-image-bottom   header-size-small text-size-small  pb-0--desktop\" style=''>\n\n    <div class=\"gutenberg-block-background\"><\/div>\n    <div class=\"image-text-static-image__inner inner-container\">\n                    <div class=\"image-text-static-image__content content-left\" style='--content-width: 50%'>\n                \n                <h2>\u00c8 SEMPRE NECESSARIO VERIFICARE LA PRESENZA DI PERDITE DI DNS?<\/h2>\n<p>Il controllo del server DNS \u00e8 un\u2019importante misura di sicurezza che dovrebbe essere effettuata regolarmente. Anche se stai gi\u00e0 utilizzando il servizio VPN, esiste un rischio per la sicurezza associato alla vulnerabilit\u00e0 DNS. Se si verifica una perdita di informazioni, questa sar\u00e0 sicuramente accompagnata da queste azioni:<\/p>\n<ol>\n<li>Il computer dell\u2019utente non invier\u00e0 query DNS al tunnel VPN Planet, ma alla rete pubblica;<\/li>\n<li>Il computer dell\u2019utente invier\u00e0 query DNS attraverso il tunnel VPN Planet, ma arriver\u00e0 al server esterno anzich\u00e9 all\u2019host protetto.<\/li>\n<li>In entrambi i casi, gli astanti possono vedere tutti i siti che l\u2019utente visiter\u00e0, oltre a tutte le applicazioni e i programmi utilizzati nel suo lavoro.<\/li>\n<\/ol>\n                \n                \n\n            <\/div>\n        \n                    <div class=\"bg-image-wrapper bg-image-wrapper--desktop  right image-align--center\" style='--image-max-width: 50%'>\n                <figure>\n                    <img width=\"436\" height=\"436\" src=\"https:\/\/freevpnplanet.com\/wp-content\/uploads\/2024\/05\/rvpn-zoom.0cb093a-20240514_130633_582621.svg\" class=\"attachment-full size-full\" alt=\"\" loading=\"lazy\" decoding=\"sync\" fetchpriority=\"low\" style=\"max-width:440px\" sizes=\"auto, (max-width: 440px) 100vw, 440px\" aria-hidden=\"true\" \/>                    <!-- <img decoding=\"async\" width=\"436\" height=\"436\" src=\"https:\/\/freevpnplanet.com\/wp-content\/uploads\/2024\/05\/rvpn-zoom.0cb093a-20240514_130633_582621.svg\" class=\"attachment-full size-full\" alt=\"\" style=\"max-width:440px\" \/> -->\n                <\/figure>\n            <\/div>\n        \n            <\/div>\n<\/section>\n\n\n<section class=\"image-text-static-image custom-block align-none  mobile-image-bottom   header-size-small text-size-small  pb-0--desktop\" style=''>\n\n    <div class=\"gutenberg-block-background\"><\/div>\n    <div class=\"image-text-static-image__inner inner-container\">\n                    <div class=\"image-text-static-image__content content-right\" style='--content-width: 50%'>\n                \n                <h2>PERCH\u00c9 C\u2019\u00c8 UNA PERDITA DNS QUANDO LA VPN \u00c8 ABILITATA?<\/h2>\n<p>Anche se utilizzi sempre il servizio VPN, potrebbero esserci perdite DNS. Ecco le seguenti cause pi\u00f9 popolari di perdite DNS:<\/p>\n<ol>\n<li>La rete VPN \u00e8 stata configurata manualmente: ci\u00f2 aumenta significativamente il rischio di perdita di informazioni e dati privati e aggiunge un fattore specifico alla configurazione del sistema operativo del PC utente. Se connetti Planet VPN questi problemi sono esclusi, in quanto ti viene fornita una protezione completa;<\/li>\n<li>Gli aggressori hanno intercettato il controllo del tuo router, a seguito del quale le richieste dal tuo PC vengono inviate alla rete generale, piuttosto che a un tunnel crittografato: questa situazione si verifica pi\u00f9 spesso quando si utilizza una connessione Wi-Fi in luoghi pubblici (centro commerciale, club sportivo, caff\u00e8, parco, ecc.). \u00c8 sufficiente utilizzare il servizio Planet VPN per eliminare tutti i rischi e le potenziali vulnerabilit\u00e0;<\/li>\n<li>Il DNS \u00e8 stato impostato manualmente e il comando di non utilizzare una connessione tramite il server VPN Planet \u00e8 stato attivato: \u00e8 meglio evitare tali eventi anche se sei un utente esperto, poich\u00e9 interrompe la sicurezza informatica generale del tuo computer.<\/li>\n<\/ol>\n                \n                \n\n            <\/div>\n        \n                    <div class=\"bg-image-wrapper bg-image-wrapper--desktop  left image-align--center\" style='--image-max-width: 50%'>\n                <figure>\n                    <img width=\"436\" height=\"436\" src=\"https:\/\/freevpnplanet.com\/wp-content\/uploads\/2024\/05\/rvpn-virus.9f94f39-20240514_130630_667594.svg\" class=\"attachment-full size-full\" alt=\"\" loading=\"lazy\" decoding=\"sync\" fetchpriority=\"low\" style=\"max-width:440px\" sizes=\"auto, (max-width: 440px) 100vw, 440px\" aria-hidden=\"true\" \/>                    <!-- <img decoding=\"async\" width=\"436\" height=\"436\" src=\"https:\/\/freevpnplanet.com\/wp-content\/uploads\/2024\/05\/rvpn-virus.9f94f39-20240514_130630_667594.svg\" class=\"attachment-full size-full\" alt=\"\" style=\"max-width:440px\" \/> -->\n                <\/figure>\n            <\/div>\n        \n            <\/div>\n<\/section>\n\n\n<section class=\"wrapper custom-block align-none    \" style=''>\n\n    <div class=\"gutenberg-block-background\"><\/div>\n    <div class=\"wrapper__inner inner-container\">\n        \n\n<div class=\"buttons custom-block align-center \">\n                        <a href=\"\/it\/plans\/\" target=\"_self\" id=\"qa-download-free-info\" class=\"cta download-by-platform cta--with-border cta-size--small cta-mt--initial icon-position--icon-left\" style=\"--border-radius:40px\"><span class=\"cta__name\">Download Gratuito<\/span><\/a>            <\/div>\n\n    <\/div>\n\n<\/section>","protected":false},"excerpt":{"rendered":"","protected":false},"author":13,"featured_media":0,"parent":0,"menu_order":0,"comment_status":"closed","ping_status":"closed","template":"templates\/page_template-basic_for_gutenberg.php","meta":{"_acf_changed":false,"inline_featured_image":false,"footnotes":""},"download_by_lite_tag":[],"class_list":["post-97802","page","type-page","status-publish","hentry"],"yoast_head":"<!-- This site is optimized with the Yoast SEO plugin v22.6 - https:\/\/yoast.com\/wordpress\/plugins\/seo\/ -->\n<title>Controllo DNS - Controllo propagazione DNS online | Planet VPN<\/title>\n<meta name=\"description\" content=\"Se il tuo DNS perde, le tue richieste vengono inviate attraverso un tunnel VPN crittografato. Controlla se la tua VPN ha una perdita DNS che mostra la tua posizione reale. Con Planet VPN ti garantiamo piena riservatezza e protezione dalla fuga di DNS.\" \/>\n<meta name=\"robots\" content=\"index, follow, max-snippet:-1, max-image-preview:large, max-video-preview:-1\" \/>\n<link rel=\"canonical\" href=\"https:\/\/freevpnplanet.com\/it\/dns-check\/\" \/>\n<meta property=\"og:locale\" content=\"it_IT\" \/>\n<meta property=\"og:type\" content=\"article\" \/>\n<meta property=\"og:title\" content=\"Controllo DNS - Controllo propagazione DNS online | Planet VPN\" \/>\n<meta property=\"og:description\" content=\"Se il tuo DNS perde, le tue richieste vengono inviate attraverso un tunnel VPN crittografato. Controlla se la tua VPN ha una perdita DNS che mostra la tua posizione reale. Con Planet VPN ti garantiamo piena riservatezza e protezione dalla fuga di DNS.\" \/>\n<meta property=\"og:url\" content=\"https:\/\/freevpnplanet.com\/it\/dns-check\/\" \/>\n<meta property=\"og:site_name\" content=\"Planet VPN\" \/>\n<meta property=\"article:modified_time\" content=\"2024-11-28T10:00:56+00:00\" \/>\n<meta name=\"twitter:card\" content=\"summary_large_image\" \/>\n<script type=\"application\/ld+json\" class=\"yoast-schema-graph\">{\"@context\":\"https:\/\/schema.org\",\"@graph\":[{\"@type\":\"WebPage\",\"@id\":\"https:\/\/freevpnplanet.com\/it\/dns-check\/\",\"url\":\"https:\/\/freevpnplanet.com\/it\/dns-check\/\",\"name\":\"Controllo DNS - Controllo propagazione DNS online | Planet VPN\",\"isPartOf\":{\"@id\":\"https:\/\/freevpnplanet.com\/it\/#website\"},\"datePublished\":\"2024-05-13T17:27:17+00:00\",\"dateModified\":\"2024-11-28T10:00:56+00:00\",\"description\":\"Se il tuo DNS perde, le tue richieste vengono inviate attraverso un tunnel VPN crittografato. Controlla se la tua VPN ha una perdita DNS che mostra la tua posizione reale. Con Planet VPN ti garantiamo piena riservatezza e protezione dalla fuga di DNS.\",\"breadcrumb\":{\"@id\":\"https:\/\/freevpnplanet.com\/it\/dns-check\/#breadcrumb\"},\"inLanguage\":\"it\",\"potentialAction\":[{\"@type\":\"ReadAction\",\"target\":[\"https:\/\/freevpnplanet.com\/it\/dns-check\/\"]}]},{\"@type\":\"BreadcrumbList\",\"@id\":\"https:\/\/freevpnplanet.com\/it\/dns-check\/#breadcrumb\",\"itemListElement\":[{\"@type\":\"ListItem\",\"position\":1,\"name\":\"Home\",\"item\":\"https:\/\/freevpnplanet.com\/it\/\"},{\"@type\":\"ListItem\",\"position\":2,\"name\":\"DNS check\"}]},{\"@type\":\"WebSite\",\"@id\":\"https:\/\/freevpnplanet.com\/it\/#website\",\"url\":\"https:\/\/freevpnplanet.com\/it\/\",\"name\":\"Planet VPN \ud83d\udee1\ufe0f\ud83c\udf10 Free VPN\",\"description\":\"Free VPN\",\"potentialAction\":[{\"@type\":\"SearchAction\",\"target\":{\"@type\":\"EntryPoint\",\"urlTemplate\":\"https:\/\/freevpnplanet.com\/it\/?s={search_term_string}\"},\"query-input\":\"required name=search_term_string\"}],\"inLanguage\":\"it\",\"publisher\":{\"@id\":\"https:\/\/freevpnplanet.com\/it\/#organization\"}},{\"@context\":\"https:\/\/schema.org\/\",\"@type\":\"SoftwareApplication\",\"name\":\"Planet VPN \ud83d\udee1\ufe0f\ud83c\udf10 Free VPN\",\"operatingSystem\":\"Windows, macOS, iOS, Android, Linux, Chrome\",\"applicationCategory\":\"SecurityApplication\",\"offers\":{\"@type\":\"AggregateOffer\",\"priceCurrency\":\"USD\",\"price\":\"0\",\"lowPrice\":\"0\",\"availability\":\"https:\/\/schema.org\/InStock\"},\"aggregateRating\":{\"@type\":\"AggregateRating\",\"ratingValue\":\"4.8\",\"bestRating\":\"5\",\"ratingCount\":\"12476\"}},{\"@type\":\"Organization\",\"@id\":\"https:\/\/freevpnplanet.com\/it\/#organization\",\"url\":\"https:\/\/freevpnplanet.com\/it\/\",\"name\":\"Planet VPN \ud83d\udee1\ufe0f\ud83c\udf10 Free VPN\"}]}<\/script>\n<!-- \/ Yoast SEO plugin. -->","yoast_head_json":{"title":"Controllo DNS - Controllo propagazione DNS online | Planet VPN","description":"Se il tuo DNS perde, le tue richieste vengono inviate attraverso un tunnel VPN crittografato. Controlla se la tua VPN ha una perdita DNS che mostra la tua posizione reale. Con Planet VPN ti garantiamo piena riservatezza e protezione dalla fuga di DNS.","robots":{"index":"index","follow":"follow","max-snippet":"max-snippet:-1","max-image-preview":"max-image-preview:large","max-video-preview":"max-video-preview:-1"},"canonical":"https:\/\/freevpnplanet.com\/it\/dns-check\/","og_locale":"it_IT","og_type":"article","og_title":"Controllo DNS - Controllo propagazione DNS online | Planet VPN","og_description":"Se il tuo DNS perde, le tue richieste vengono inviate attraverso un tunnel VPN crittografato. Controlla se la tua VPN ha una perdita DNS che mostra la tua posizione reale. Con Planet VPN ti garantiamo piena riservatezza e protezione dalla fuga di DNS.","og_url":"https:\/\/freevpnplanet.com\/it\/dns-check\/","og_site_name":"Planet VPN","article_modified_time":"2024-11-28T10:00:56+00:00","twitter_card":"summary_large_image","schema":{"@context":"https:\/\/schema.org","@graph":[{"@type":"WebPage","@id":"https:\/\/freevpnplanet.com\/it\/dns-check\/","url":"https:\/\/freevpnplanet.com\/it\/dns-check\/","name":"Controllo DNS - Controllo propagazione DNS online | Planet VPN","isPartOf":{"@id":"https:\/\/freevpnplanet.com\/it\/#website"},"datePublished":"2024-05-13T17:27:17+00:00","dateModified":"2024-11-28T10:00:56+00:00","description":"Se il tuo DNS perde, le tue richieste vengono inviate attraverso un tunnel VPN crittografato. Controlla se la tua VPN ha una perdita DNS che mostra la tua posizione reale. Con Planet VPN ti garantiamo piena riservatezza e protezione dalla fuga di DNS.","breadcrumb":{"@id":"https:\/\/freevpnplanet.com\/it\/dns-check\/#breadcrumb"},"inLanguage":"it","potentialAction":[{"@type":"ReadAction","target":["https:\/\/freevpnplanet.com\/it\/dns-check\/"]}]},{"@type":"BreadcrumbList","@id":"https:\/\/freevpnplanet.com\/it\/dns-check\/#breadcrumb","itemListElement":[{"@type":"ListItem","position":1,"name":"Home","item":"https:\/\/freevpnplanet.com\/it\/"},{"@type":"ListItem","position":2,"name":"DNS check"}]},{"@type":"WebSite","@id":"https:\/\/freevpnplanet.com\/it\/#website","url":"https:\/\/freevpnplanet.com\/it\/","name":"Planet VPN \ud83d\udee1\ufe0f\ud83c\udf10 Free VPN","description":"Free VPN","potentialAction":[{"@type":"SearchAction","target":{"@type":"EntryPoint","urlTemplate":"https:\/\/freevpnplanet.com\/it\/?s={search_term_string}"},"query-input":"required name=search_term_string"}],"inLanguage":"it","publisher":{"@id":"https:\/\/freevpnplanet.com\/it\/#organization"}},{"@context":"https:\/\/schema.org\/","@type":"SoftwareApplication","name":"Planet VPN \ud83d\udee1\ufe0f\ud83c\udf10 Free VPN","operatingSystem":"Windows, macOS, iOS, Android, Linux, Chrome","applicationCategory":"SecurityApplication","offers":{"@type":"AggregateOffer","priceCurrency":"USD","price":"0","lowPrice":"0","availability":"https:\/\/schema.org\/InStock"},"aggregateRating":{"@type":"AggregateRating","ratingValue":"4.8","bestRating":"5","ratingCount":"12476"}},{"@type":"Organization","@id":"https:\/\/freevpnplanet.com\/it\/#organization","url":"https:\/\/freevpnplanet.com\/it\/","name":"Planet VPN \ud83d\udee1\ufe0f\ud83c\udf10 Free VPN"}]}},"acf":[],"_links":{"self":[{"href":"https:\/\/freevpnplanet.com\/it\/wp-json\/wp\/v2\/pages\/97802","targetHints":{"allow":["GET"]}}],"collection":[{"href":"https:\/\/freevpnplanet.com\/it\/wp-json\/wp\/v2\/pages"}],"about":[{"href":"https:\/\/freevpnplanet.com\/it\/wp-json\/wp\/v2\/types\/page"}],"author":[{"embeddable":true,"href":"https:\/\/freevpnplanet.com\/it\/wp-json\/wp\/v2\/users\/13"}],"replies":[{"embeddable":true,"href":"https:\/\/freevpnplanet.com\/it\/wp-json\/wp\/v2\/comments?post=97802"}],"version-history":[{"count":1,"href":"https:\/\/freevpnplanet.com\/it\/wp-json\/wp\/v2\/pages\/97802\/revisions"}],"predecessor-version":[{"id":133667,"href":"https:\/\/freevpnplanet.com\/it\/wp-json\/wp\/v2\/pages\/97802\/revisions\/133667"}],"wp:attachment":[{"href":"https:\/\/freevpnplanet.com\/it\/wp-json\/wp\/v2\/media?parent=97802"}],"wp:term":[{"taxonomy":"download_by_lite_tag","embeddable":true,"href":"https:\/\/freevpnplanet.com\/it\/wp-json\/wp\/v2\/download_by_lite_tag?post=97802"}],"curies":[{"name":"wp","href":"https:\/\/api.w.org\/{rel}","templated":true}]}}