{"id":98502,"date":"2024-06-03T19:16:22","date_gmt":"2024-06-03T16:16:22","guid":{"rendered":"https:\/\/help.freeplanetvpn.com\/virus-scan\/"},"modified":"2026-01-20T15:32:53","modified_gmt":"2026-01-20T12:32:53","slug":"virus-scan","status":"publish","type":"page","link":"https:\/\/freevpnplanet.com\/it\/virus-scan\/","title":{"rendered":"Virus scan"},"content":{"rendered":"\n<section class=\"virus-scan-hero\">\n  <div class=\"virus-scan-hero__inner container\">\n    <div class=\"virus-scan\">\n\n              <h1 class=\"virus-scan__title\">Scansione antivirus online gratuito &#8211; File o URL<\/h1>\n      \n              <div class=\"virus-scan__text\"><p>Il servizio Planet VPN \u00e8 una soluzione efficace e redditizia per analizzare rapidamente tutti i file sospetti e indirizzare i collegamenti, identificare potenziali minacce e presenza di virus e oggetti dannosi. Scansione antivirus da Planet VPN: sicura, protetta, veloce.<\/p><\/div>\n      \n      <div class=\"virus-scan__content\">\n        <div class=\"virus-scan__tab\">\n\n          <button class=\"virus-scan__tab-button virus-scan__tab-button--selected\" id=\"qa-file-tab\" data-tab=\"file\">\n            <img decoding=\"async\" src=\"\/wp-content\/themes\/planetvpn\/assets\/images\/pages\/virus-scan\/doc.svg\" alt=\"document icon\" >\n            File          <\/button>\n\n          <button class=\"virus-scan__tab-button\" id=\"qa-url-tab\" data-tab=\"url\">\n            <img decoding=\"async\" src=\"\/wp-content\/themes\/planetvpn\/assets\/images\/pages\/virus-scan\/file.svg\" alt=\"file icon\" >\n            Url          <\/button>\n\n          <form name=\"virus-scan-file-form\" method=\"post\" class=\"virus-scan__form virus-scan__form--active\" data-target-tab=\"file\">\n            <div class=\"virus-scan__form-group\">\n              <label class=\"virus-scan__label\">\n                <span>Seleziona file<\/span>\n                <u class=\"virus-scan__filename-inner\">Nessun file selezionato<\/u>\n                <input type=\"file\" name=\"file_upload\" class=\"virus-scan__input-file\" id=\"qa-upload-field\" required \/>\n              <\/label>\n\n              <button type=\"submit\" class=\"virus-scan__submit-button\">\n                <img decoding=\"async\" src=\"\/wp-content\/themes\/planetvpn\/assets\/images\/pages\/virus-scan\/dow.svg\" alt=\"download icon\" >\n              <\/button>\n            <\/div>\n\n            <div class=\"virus-scan__results\"><\/div>\n\n            <button id=\"qa-scan-button\" type=\"submit\" class=\"cta CTA main-btn-file\">\n              <span>Controlla<\/span>\n            <\/button>\n          <\/form>\n\n          <form name=\"virus-scan-url-form\" method=\"post\" class=\"virus-scan__form\" data-target-tab=\"url\">\n            <div class=\"virus-scan__form-group\">\n              <label class=\"virus-scan__label\">\n                <span>Url<\/span>\n                <input type=\"url\" name=\"url_input\" class=\"virus-scan__input-url\" required \/>\n              <\/label>\n\n              <button type=\"submit\" class=\"virus-scan__submit-button\">\n                <img decoding=\"async\" src=\"\/wp-content\/themes\/planetvpn\/assets\/images\/pages\/virus-scan\/dow.svg\" alt=\"download icon\" >\n              <\/button>\n            <\/div>\n\n            <div class=\"virus-scan__results\"><\/div>\n\n            <button id=\"main-btn-url\" type=\"submit\" class=\"cta CTA\">\n              <span>Controlla<\/span>\n            <\/button>\n          <\/form>\n        <\/div>\n      <\/div>\n    <\/div>\n  <\/div>\n\n  <div class=\"virus-scan-hero__menu\"><ul id=\"menu-utensili-italian\" class=\"menu\"><li id=\"menu-item-117462\" class=\"menu-item\"><a id=\"qa-dns-leak-test\" href=\"https:\/\/freevpnplanet.com\/it\/dns-check\/\">Test di perdita DNS<\/a><\/li>\n<li id=\"menu-item-117463\" class=\"menu-item\"><a id=\"qa-webrtc-leak-test\" href=\"https:\/\/freevpnplanet.com\/it\/web-rtc\/\">Test di tenuta WebRTC<\/a><\/li>\n<li id=\"menu-item-117464\" class=\"menu-item\"><a id=\"qa-virus-scan\" href=\"https:\/\/freevpnplanet.com\/it\/virus-scan\/\">Scansione dei virus<\/a><\/li>\n<li id=\"menu-item-117537\" class=\"menu-item\"><a id=\"qa-what-is-my-ip\" href=\"https:\/\/freevpnplanet.com\/it\/ip-check\/\">Qual \u00e8 il mio IP?<\/a><\/li>\n<li id=\"menu-item-117538\" class=\"menu-item\"><a id=\"qa-generate-password\" href=\"https:\/\/freevpnplanet.com\/it\/password-generator\/\">Generatore di password<\/a><\/li>\n<\/ul><\/div>\n<\/section>\n\n<section class=\"two-col-content custom-block align-full  rtl ratio-normal text image-visible-on-mobile-no\" style='--background-color:var(--background-blue)'>\n\n    <div class=\"gutenberg-block-background\"><\/div>\n    <div class=\"two-col-content__container inner-container\">\n        \n                    <div class=\"two-col-content__description\"><p>Il maggior numero di minacce per gli utenti di computer \u00e8 in attesa su Internet quando andiamo sui siti, apriamo banner pubblicitari o clicchiamo su finestre di dialogo aggiuntive, scarichiamo file e archivi. Non sai mai quando un oggetto dannoso apparir\u00e0 sul tuo computer, soprattutto se la protezione antivirus o la VPN non sono attive sul tuo dispositivo.<\/p>\n<p>Ad oggi, tra i pericoli di Internet che minacciano di perturbare il sistema o l&#8217;hacking hacker ci sono:<\/p>\n<ul>\n<li>Virus trojan;<\/li>\n<li>Caricamento oggetti;<\/li>\n<li>Attacchi DNS e fughe di informazioni.<\/li>\n<\/ul>\n<p>Se navighi in Internet senza scaricare alcun file, sei ancora a grande rischio, un&#8217;alta probabilit\u00e0 di violazione della sicurezza a causa di:<\/p>\n<ul>\n<li>Sottrazione dati durante la trasmissione in rete;<\/li>\n<li>Blocchi e restrizioni nel tuo paese o regione;<\/li>\n<li>Spammer che cercano di disorientarti e comprometterti.<\/li>\n<\/ul><\/div>\n        \n                                    <h2 class=\"two-col-content__text\">QUANTO \u00c8 IMPORTANTE VERIFICARE LA PRESENZA DI VIRUS NEL PC<\/h2>\n                    \n            <\/div>\n<\/section>\n\n\n<div class=\"container-box custom-block align-full \" style='--background-color:var(--dark-blue-0); --text-color:var(--white)'>\n\n    <div class=\"gutenberg-block-background\"><img decoding=\"async\" width=\"1366\" height=\"312\" src=\"https:\/\/freevpnplanet.com\/wp-content\/uploads\/2024\/05\/rvpn-galactic.8e29189-20240514_122917_086039.svg\" class=\"gutenberg-block-background__image-desktop background-image\" alt=\"bg-image-desktop\" title=\"bg-image-desktop\" \/><img decoding=\"async\" width=\"1366\" height=\"312\" src=\"https:\/\/freevpnplanet.com\/wp-content\/uploads\/2024\/05\/rvpn-galactic.8e29189-20240514_122917_086039.svg\" class=\"gutenberg-block-background__image-mobile background-image\" alt=\"bg-image-mobile\" title=\"bg-image-mobile\" \/><\/div>\n    <div class=\"container-box__inner inner-container\">\n        \n\n<div class=\"buttons custom-block align-center \">\n                        <a href=\"\/it\/plans\/\" target=\"_self\" id=\"qa-download-free-space\" class=\"cta download-by-platform cta--with-border cta-size--small cta-mt--initial icon-position--icon-left\" style=\"--border-radius:40px\"><span class=\"cta__name\">Download Gratuito<\/span><\/a>            <\/div>\n\n    <\/div>\n\n<\/div>\n\n\n\n<section class=\"image-text custom-block align-none   mobile-image-bottom mobile-title-center  header-size-medium text-size-small   content-right\" style='overflow: hidden;;;--min-height-mobile:400px;--min-height-desktop:600px;--content-width:50%'>\n\n    <div class=\"gutenberg-block-background\"><\/div>\n    <div class=\"image-text__inner inner-container\">\n\n        \n                    <div class=\"image-text__content\">\n\n                <h2>DOVE VENGONO CONTROLLATI I VIRUS<\/h2>\n\n\n\n<p>La sicurezza del sito che visiti \u00e8 un fattore importante per ogni utente che naviga in Internet. Ma come ti assicuri che la risorsa web a cui devi accedere per ottenere le informazioni mirate sia priva di virus e non rappresenti una minaccia? Anche per il sito stesso questo \u00e8 importante, in quanto influisce sulla sua affidabilit\u00e0 e valutazione.<\/p>\n<ol>\n<li>L&#8217;antivirus ha bloccato un sito web potenzialmente pericoloso;<\/li>\n<li>C&#8217;\u00e8 un reindirizzamento senza motivo;<\/li>\n<li>Il traffico del sito web \u00e8 crollato;<\/li>\n<li>\u00c8 stato ricevuto un avviso di virus da altri utenti;<\/li>\n<li>La posta viene bloccata dal provider di hosting.<\/li>\n<\/ol>\n<p>Il servizio Planet VPN consente di eseguire una rapida scansione antivirus online di qualsiasi risorsa web per verificare la presenza di:<\/p>\n<ol>\n<li>Codici dannosi;<\/li>\n<li>Worm;<\/li>\n<li>Programmi trojan;<\/li>\n<li>Altri oggetti dannosi.<\/li>\n<\/ol>\n<p>Al fine di proteggere la privacy dell&#8217;utente, la VPN ricerca ed elimina i seguenti pericoli:<\/p>\n<p><a id=\"qa-dns-link\" class=\"\" href=\"https:\/\/freevpnplanet.com\/it\/dns-check\/\">Controllo delle fughe del DNS<\/a><br \/><a id=\"qa-ip-address-link\" href=\"https:\/\/freevpnplanet.com\/it\/ip-check\/\">Controllo indirizzo IP<\/a><\/p>\n                \n            <\/div>\n        \n                    <div class=\"bg-image-wrapper bg-image-wrapper--desktop left image-align--center\">\n                <figure style='--image-max-width:437px;--image-opacity:1.00;width: calc(50% - 20px)'>\n                    <img decoding=\"async\" width=\"436\" height=\"436\" src=\"https:\/\/freevpnplanet.com\/wp-content\/uploads\/2024\/05\/rvpn-virus.b86bc7a1-20240528_152401_495798.svg\" class=\"bg-image\" alt=\"Background Image for Desktop\" \/>                <\/figure>\n            <\/div>\n        \n                    <div class=\"bg-image-wrapper bg-image-wrapper--mobile regular-image\">\n                <figure style='width: 100%;max-width: 480px;opacity: 1.00;margin-top: 24px'>\n                    <img decoding=\"async\" width=\"436\" height=\"436\" src=\"https:\/\/freevpnplanet.com\/wp-content\/uploads\/2024\/05\/rvpn-virus.b86bc7a1-20240528_152401_495798.svg\" class=\"bg-image\" alt=\"Background Image for Mobile\" \/>                <\/figure>\n            <\/div>\n            <\/div>\n<\/section>\n\n<section class=\"two-col-content custom-block align-full  rtl ratio-normal text image-visible-on-mobile-no\" style='--background-color:var(--background-blue)'>\n\n    <div class=\"gutenberg-block-background\"><\/div>\n    <div class=\"two-col-content__container inner-container\">\n        \n                    <div class=\"two-col-content__description\"><p>Quando il tuo computer o dispositivo mobile \u00e8 protetto, non ci sono pi\u00f9 attacchi e rischi per il sistema operativo. Tuttavia, non \u00e8 sufficiente utilizzare solo software antivirus, che \u00e8 responsabile della sicurezza superficiale. Il principio di funzionamento di Planet VPN \u00e8 organizzato in modo tale che non solo il vero indirizzo IP dell&#8217;utente risulta nascosto, ma anche il traffico di informazioni sia completamente crittografato. Sarai in grado di applicare la funzione di scansione antivirus o l&#8217;URL di scansione antivirus separatamente per evitare che siti sospetti o pericolosi vengano visitati per mantenere la tua sicurezza.<\/p>\n<p>Lo scanner antivirus online di Planet VPN offre protezione completa e privacy dei dati e dei dispositivi degli utenti quando si utilizza Internet. Il traffico viene crittografato e indirizzato verso un tunnel sicuro, una tecnologia speciale per garantire la sicurezza dei tuoi dati quando vengono trasmessi sulla rete. Quando hai abilitato la VPN, non devi preoccuparti degli attacchi di virus e naviga comodamente quando visiti siti mirati.<\/p>\n<p>Utilizza una rete privata virtuale per creare una modalit\u00e0 anonima combinata con un software antivirus per fornire protezione multipla al tuo PC e non preoccuparti della sicurezza informatica sulla tua rete.<\/p><\/div>\n        \n                                    <h2 class=\"two-col-content__text\">COME FARE UNA SCANSIONE ANTIVIRUS DI UN SITO WEB ONLINE TRAMITE PLANET VPN<\/h2>\n                    \n            <\/div>\n<\/section>\n\n\n<section class=\"image-text custom-block align-full   mobile-image-bottom mobile-title-center  header-size-medium text-size-small   content-right\" style='overflow: hidden;;;--min-height-mobile:400px;--min-height-desktop:600px;--content-width:60%'>\n\n    <div class=\"gutenberg-block-background\"><\/div>\n    <div class=\"image-text__inner inner-container\">\n\n        \n                    <div class=\"image-text__content\">\n\n                <h2>COME PROTEGGERE IL TELEFONO DAI VIRUS &#8211; MISURE DI SICUREZZA<\/h2>\n\n\n\n<p>Gli smartphone stanno guadagnando popolarit\u00e0 e superiorit\u00e0 rispetto ai PC desktop. \u00c8 particolarmente comodo connettersi al Wi-Fi in un club sportivo, in un bar, in un centro commerciale e in qualsiasi altro luogo pubblico, se \u00e8 necessario trovare urgentemente informazioni importanti o comunicare nei social network. Tuttavia, la comunicazione avviene attraverso un tunnel non protetto e persone non autorizzate possono facilmente intercettare i tuoi dati, il che mina drasticamente la tua privacy e la sicurezza dei dati.<\/p>\n<p>Quando ti connetti alla VPN, viene generato un tunnel di connessione sicuro in modo che i dati possano essere trasferiti segretamente da parti non autorizzate. Tutti i file saranno al sicuro e non ci sar\u00e0 alcun rischio di hacking o furto.<\/p>\n<p>Planet VPN \u00e8 una soluzione unica per proteggere contemporaneamente i tuoi dati e prendersi cura della protezione antivirus sul tuo dispositivo mobile.<\/p>\n                \n            <\/div>\n        \n                    <div class=\"bg-image-wrapper bg-image-wrapper--desktop left image-align--left\">\n                <figure style='--image-max-width:450px;--image-opacity:1.00;width: calc(40% - 20px)'>\n                    <img decoding=\"async\" width=\"451\" height=\"438\" src=\"https:\/\/freevpnplanet.com\/wp-content\/uploads\/2024\/06\/rvpn-phone-shild.af3491b-20240614_135258_408328.svg\" class=\"bg-image\" alt=\"Background Image for Desktop\" \/>                <\/figure>\n            <\/div>\n        \n                    <div class=\"bg-image-wrapper bg-image-wrapper--mobile regular-image\">\n                <figure style='width: 100%;max-width: 480px;opacity: 1.00;margin-top: 24px'>\n                    <img decoding=\"async\" width=\"451\" height=\"438\" src=\"https:\/\/freevpnplanet.com\/wp-content\/uploads\/2024\/06\/rvpn-phone-shild.af3491b-20240614_135258_408328.svg\" class=\"bg-image\" alt=\"Background Image for Mobile\" \/>                <\/figure>\n            <\/div>\n            <\/div>\n<\/section>\n\n<section class=\"two-col-content custom-block align-full  rtl ratio-normal text image-visible-on-mobile-no\" style='--background-color:var(--background-blue)'>\n\n    <div class=\"gutenberg-block-background\"><\/div>\n    <div class=\"two-col-content__container inner-container\">\n        \n                    <div class=\"two-col-content__description\"><p>Sebbene gli smartphone siano tecnologicamente avanzati e superiori ai computer, rimangono comunque vulnerabili a virus e oggetti pericolosi che possono facilmente penetrare nel sistema dalla rete. Spyware e Trojan possono leggere con discrezione i dati degli utenti e trasmetterli agli hacker per attivit\u00e0 illegali. In particolare, gli oggetti malevoli sono finalizzati al furto di password, codici di accesso, carte di pagamento e indirizzi email. Un dispositivo infetto funziona pi\u00f9 lentamente e il traffico aumenta in modo significativo.<\/p>\n<p>Il virus scanner di Planet VPN consente di effettuare un controllo rapido e qualitativo: basta collegare lo smartphone al PC:<\/p>\n<p>creare una connessione tra PC e smartphone tramite cavo USB e selezionare la modalit\u00e0 MTP\/accumulo tramite il menu impostazioni;<\/p>\n<p>Copia il file dal telefono al computer e scansionalo nella pagina di scansione.<\/p><\/div>\n        \n                                    <h2 class=\"two-col-content__text\">COME VERIFICARE LA PRESENZA DI VIRUS SUL TELEFONO ATTRAVERSO IL COMPUTER<\/h2>\n                    \n                    <div class=\"two-col-content__cta\">\n                            <\/div>\n            <\/div>\n<\/section>","protected":false},"excerpt":{"rendered":"","protected":false},"author":13,"featured_media":0,"parent":0,"menu_order":0,"comment_status":"closed","ping_status":"closed","template":"templates\/page_template-basic_for_gutenberg.php","meta":{"_acf_changed":false,"inline_featured_image":false,"footnotes":""},"download_by_lite_tag":[],"class_list":["post-98502","page","type-page","status-publish","hentry"],"yoast_head":"<!-- This site is optimized with the Yoast SEO plugin v22.6 - https:\/\/yoast.com\/wordpress\/plugins\/seo\/ -->\n<title>Scansione antivirus gratuita: verifica la presenza di virus per file o URL - Planet VPN<\/title>\n<meta name=\"description\" content=\"Controllo di file\/collegamenti a virus online tramite Planet VPN\" \/>\n<meta name=\"robots\" content=\"index, follow, max-snippet:-1, max-image-preview:large, max-video-preview:-1\" \/>\n<link rel=\"canonical\" href=\"https:\/\/freevpnplanet.com\/it\/virus-scan\/\" \/>\n<meta property=\"og:locale\" content=\"it_IT\" \/>\n<meta property=\"og:type\" content=\"article\" \/>\n<meta property=\"og:title\" content=\"Scansione antivirus gratuita: verifica la presenza di virus per file o URL - Planet VPN\" \/>\n<meta property=\"og:description\" content=\"Controllo di file\/collegamenti a virus online tramite Planet VPN\" \/>\n<meta property=\"og:url\" content=\"https:\/\/freevpnplanet.com\/it\/virus-scan\/\" \/>\n<meta property=\"og:site_name\" content=\"Planet VPN\" \/>\n<meta property=\"article:modified_time\" content=\"2026-01-20T12:32:53+00:00\" \/>\n<meta name=\"twitter:card\" content=\"summary_large_image\" \/>\n<script type=\"application\/ld+json\" class=\"yoast-schema-graph\">{\"@context\":\"https:\/\/schema.org\",\"@graph\":[{\"@type\":\"WebPage\",\"@id\":\"https:\/\/freevpnplanet.com\/it\/virus-scan\/\",\"url\":\"https:\/\/freevpnplanet.com\/it\/virus-scan\/\",\"name\":\"Scansione antivirus gratuita: verifica la presenza di virus per file o URL - Planet VPN\",\"isPartOf\":{\"@id\":\"https:\/\/freevpnplanet.com\/it\/#website\"},\"datePublished\":\"2024-06-03T16:16:22+00:00\",\"dateModified\":\"2026-01-20T12:32:53+00:00\",\"description\":\"Controllo di file\/collegamenti a virus online tramite Planet VPN\",\"breadcrumb\":{\"@id\":\"https:\/\/freevpnplanet.com\/it\/virus-scan\/#breadcrumb\"},\"inLanguage\":\"it\",\"potentialAction\":[{\"@type\":\"ReadAction\",\"target\":[\"https:\/\/freevpnplanet.com\/it\/virus-scan\/\"]}]},{\"@type\":\"BreadcrumbList\",\"@id\":\"https:\/\/freevpnplanet.com\/it\/virus-scan\/#breadcrumb\",\"itemListElement\":[{\"@type\":\"ListItem\",\"position\":1,\"name\":\"Home\",\"item\":\"https:\/\/freevpnplanet.com\/it\/\"},{\"@type\":\"ListItem\",\"position\":2,\"name\":\"Virus scan\"}]},{\"@type\":\"WebSite\",\"@id\":\"https:\/\/freevpnplanet.com\/it\/#website\",\"url\":\"https:\/\/freevpnplanet.com\/it\/\",\"name\":\"Planet VPN \ud83d\udee1\ufe0f\ud83c\udf10 Free VPN\",\"description\":\"Free VPN\",\"potentialAction\":[{\"@type\":\"SearchAction\",\"target\":{\"@type\":\"EntryPoint\",\"urlTemplate\":\"https:\/\/freevpnplanet.com\/it\/?s={search_term_string}\"},\"query-input\":\"required name=search_term_string\"}],\"inLanguage\":\"it\",\"publisher\":{\"@id\":\"https:\/\/freevpnplanet.com\/it\/#organization\"}},{\"@context\":\"https:\/\/schema.org\/\",\"@type\":\"SoftwareApplication\",\"name\":\"Planet VPN \ud83d\udee1\ufe0f\ud83c\udf10 Free VPN\",\"operatingSystem\":\"Windows, macOS, iOS, Android, Linux, Chrome\",\"applicationCategory\":\"SecurityApplication\",\"offers\":{\"@type\":\"AggregateOffer\",\"priceCurrency\":\"USD\",\"price\":\"0\",\"lowPrice\":\"0\",\"availability\":\"https:\/\/schema.org\/InStock\"},\"aggregateRating\":{\"@type\":\"AggregateRating\",\"ratingValue\":\"4.8\",\"bestRating\":\"5\",\"ratingCount\":\"12476\"}},{\"@type\":\"Organization\",\"@id\":\"https:\/\/freevpnplanet.com\/it\/#organization\",\"url\":\"https:\/\/freevpnplanet.com\/it\/\",\"name\":\"Planet VPN \ud83d\udee1\ufe0f\ud83c\udf10 Free VPN\"}]}<\/script>\n<!-- \/ Yoast SEO plugin. -->","yoast_head_json":{"title":"Scansione antivirus gratuita: verifica la presenza di virus per file o URL - Planet VPN","description":"Controllo di file\/collegamenti a virus online tramite Planet VPN","robots":{"index":"index","follow":"follow","max-snippet":"max-snippet:-1","max-image-preview":"max-image-preview:large","max-video-preview":"max-video-preview:-1"},"canonical":"https:\/\/freevpnplanet.com\/it\/virus-scan\/","og_locale":"it_IT","og_type":"article","og_title":"Scansione antivirus gratuita: verifica la presenza di virus per file o URL - Planet VPN","og_description":"Controllo di file\/collegamenti a virus online tramite Planet VPN","og_url":"https:\/\/freevpnplanet.com\/it\/virus-scan\/","og_site_name":"Planet VPN","article_modified_time":"2026-01-20T12:32:53+00:00","twitter_card":"summary_large_image","schema":{"@context":"https:\/\/schema.org","@graph":[{"@type":"WebPage","@id":"https:\/\/freevpnplanet.com\/it\/virus-scan\/","url":"https:\/\/freevpnplanet.com\/it\/virus-scan\/","name":"Scansione antivirus gratuita: verifica la presenza di virus per file o URL - Planet VPN","isPartOf":{"@id":"https:\/\/freevpnplanet.com\/it\/#website"},"datePublished":"2024-06-03T16:16:22+00:00","dateModified":"2026-01-20T12:32:53+00:00","description":"Controllo di file\/collegamenti a virus online tramite Planet VPN","breadcrumb":{"@id":"https:\/\/freevpnplanet.com\/it\/virus-scan\/#breadcrumb"},"inLanguage":"it","potentialAction":[{"@type":"ReadAction","target":["https:\/\/freevpnplanet.com\/it\/virus-scan\/"]}]},{"@type":"BreadcrumbList","@id":"https:\/\/freevpnplanet.com\/it\/virus-scan\/#breadcrumb","itemListElement":[{"@type":"ListItem","position":1,"name":"Home","item":"https:\/\/freevpnplanet.com\/it\/"},{"@type":"ListItem","position":2,"name":"Virus scan"}]},{"@type":"WebSite","@id":"https:\/\/freevpnplanet.com\/it\/#website","url":"https:\/\/freevpnplanet.com\/it\/","name":"Planet VPN \ud83d\udee1\ufe0f\ud83c\udf10 Free VPN","description":"Free VPN","potentialAction":[{"@type":"SearchAction","target":{"@type":"EntryPoint","urlTemplate":"https:\/\/freevpnplanet.com\/it\/?s={search_term_string}"},"query-input":"required name=search_term_string"}],"inLanguage":"it","publisher":{"@id":"https:\/\/freevpnplanet.com\/it\/#organization"}},{"@context":"https:\/\/schema.org\/","@type":"SoftwareApplication","name":"Planet VPN \ud83d\udee1\ufe0f\ud83c\udf10 Free VPN","operatingSystem":"Windows, macOS, iOS, Android, Linux, Chrome","applicationCategory":"SecurityApplication","offers":{"@type":"AggregateOffer","priceCurrency":"USD","price":"0","lowPrice":"0","availability":"https:\/\/schema.org\/InStock"},"aggregateRating":{"@type":"AggregateRating","ratingValue":"4.8","bestRating":"5","ratingCount":"12476"}},{"@type":"Organization","@id":"https:\/\/freevpnplanet.com\/it\/#organization","url":"https:\/\/freevpnplanet.com\/it\/","name":"Planet VPN \ud83d\udee1\ufe0f\ud83c\udf10 Free VPN"}]}},"acf":[],"_links":{"self":[{"href":"https:\/\/freevpnplanet.com\/it\/wp-json\/wp\/v2\/pages\/98502","targetHints":{"allow":["GET"]}}],"collection":[{"href":"https:\/\/freevpnplanet.com\/it\/wp-json\/wp\/v2\/pages"}],"about":[{"href":"https:\/\/freevpnplanet.com\/it\/wp-json\/wp\/v2\/types\/page"}],"author":[{"embeddable":true,"href":"https:\/\/freevpnplanet.com\/it\/wp-json\/wp\/v2\/users\/13"}],"replies":[{"embeddable":true,"href":"https:\/\/freevpnplanet.com\/it\/wp-json\/wp\/v2\/comments?post=98502"}],"version-history":[{"count":1,"href":"https:\/\/freevpnplanet.com\/it\/wp-json\/wp\/v2\/pages\/98502\/revisions"}],"predecessor-version":[{"id":129930,"href":"https:\/\/freevpnplanet.com\/it\/wp-json\/wp\/v2\/pages\/98502\/revisions\/129930"}],"wp:attachment":[{"href":"https:\/\/freevpnplanet.com\/it\/wp-json\/wp\/v2\/media?parent=98502"}],"wp:term":[{"taxonomy":"download_by_lite_tag","embeddable":true,"href":"https:\/\/freevpnplanet.com\/it\/wp-json\/wp\/v2\/download_by_lite_tag?post=98502"}],"curies":[{"name":"wp","href":"https:\/\/api.w.org\/{rel}","templated":true}]}}