{"id":100020,"date":"2024-06-14T10:33:16","date_gmt":"2024-06-14T07:33:16","guid":{"rendered":"https:\/\/help.freeplanetvpn.com\/contact-us\/"},"modified":"2025-10-27T14:07:22","modified_gmt":"2025-10-27T11:07:22","slug":"contact-us","status":"publish","type":"page","link":"https:\/\/freevpnplanet.com\/pl\/contact-us\/","title":{"rendered":"Contact us"},"content":{"rendered":"\n<section class=\"hero-contact-us custom-block align-none \" style='--text-color:var(--white)'>\n\n    <div class=\"gutenberg-block-background\"><img decoding=\"async\" width=\"1920\" height=\"568\" src=\"https:\/\/freevpnplanet.com\/wp-content\/uploads\/2024\/09\/rvpn-bg.405430a1-20240614_114129_966776.jpg\" class=\"gutenberg-block-background__image-desktop background-image\" alt=\"bg-image-desktop\" title=\"bg-image-desktop\" \/><img decoding=\"async\" width=\"375\" height=\"400\" src=\"https:\/\/freevpnplanet.com\/wp-content\/uploads\/2024\/09\/bg-375.jpg\" class=\"gutenberg-block-background__image-mobile background-image\" alt=\"bg-image-mobile\" title=\"bg-image-mobile\" \/><\/div>\n    <div class=\"hero-contact-us__inner inner-container\">\n                    <div class=\"hero-contact-us__content\">\n                <h1 class=\"hero-contact-us__title\">Kontakt z zespo\u0142em Planet VPN<\/h1>\n\n                                    <p class=\"hero-contact-us__description\">POTRZEBUJESZ POMOCY?\r\n<\/p>\n                \n                <div class=\"hero-contact-us__buttons\">\n                                            <button id=\"qa-btn-contact\" class=\"hero-contact-us__cta hero-contact-us__cta-support cta support-btn\">Wsparcie<\/button>\n                    \n                    <a href=\"mailto:support@freevpnplanet.com\" id=\"qa-btn-contact-default\" target=\"_blank\" class=\"cta hero-contact-us__cta hero-contact-us__cta--style-default\">E-mail<\/a><a href=\"https:\/\/t.me\/PlanetVPN_bot\" id=\"qa-btn-contact-telegram\" target=\"_blank\" class=\"cta hero-contact-us__cta hero-contact-us__cta--style-telegram\">Telegram<\/a><a href=\"https:\/\/wa.me\/447706813210?text=\" id=\"qa-btn-contact-whatsapp\" target=\"_blank\" class=\"cta hero-contact-us__cta hero-contact-us__cta--style-whatsapp\">WhatsApp<\/a>                <\/div>\n\n            <\/div>\n            <\/div>\n<\/section>\n\n\n\n<section class=\"columns-list custom-block align-full  image-desktop-left image-mobile-left text-desktop-left text-mobile-left column-shadow text-sm fw-500 two-columns\" style=''>\n\n    <div class=\"gutenberg-block-background\"><\/div>\n    <div class=\"columns-list__inner inner-container\">\n\n                    <div class=\"columns-list__header\">\n                <h2 class=\"content__title\">SZUKASZ DANYCH KONTAKTOWYCH NASZYCH DZIA\u0141\u00d3W?<\/h2>            <\/div>\n        \n        <div class=\"columns-list__items\" style='--grid-gap:40px'>\n                            <div class=\"list-item\">\n                                                                <div class=\"list-item__text\">\n                            <h4 class=\"content__caption\">Najcz\u0119stsze pytania<\/h4>\n<p class=\"content__text\">Chcesz om\u00f3wi\u0107 najcz\u0119stsze pytania dotycz\u0105ce VPN? Wy\u015blij wiadomo\u015b\u0107 e-mail na adres: <a class=\"content__link\" href=\"mailto:support@freevpnplanet.com\">support@freevpnplanet.com<\/a><\/p>\n<p>&nbsp;<\/p>                        <\/div>\n                                    <\/div>\n                            <div class=\"list-item\">\n                                                                <div class=\"list-item__text\">\n                            <h4 class=\"content__caption\">Partner<\/h4>\n<p class=\"content__text\">Podoba Ci si\u0119 nasz produkt i chcesz go rozpowszechni\u0107? Zapewniamy wszystkie narz\u0119dzia do wsp\u00f3lnego partnerstwa, najwi\u0119ksz\u0105 prowizj\u0119, dedykowane wsparcie. Napisz do nas na adres: <a class=\"content__link\" href=\"mailto:affiliates@planetfreevpn.com\">affiliates@planetfreevpn.com<\/a><\/p>\n<p>&nbsp;<\/p>                        <\/div>\n                                    <\/div>\n                            <div class=\"list-item\">\n                                                                <div class=\"list-item__text\">\n                            <h4 class=\"content__caption\">Prasa<\/h4>\n<p class=\"content__text\">Pracujesz nad reklam\u0105 lub tworzysz materia\u0142y w tym obszarze? Aby om\u00f3wi\u0107 szczeg\u00f3\u0142y, prosimy o e-mail na adres: <a class=\"content__link\" href=\"mailto:adv@freevpnplanet.com\">adv@freevpnplanet.com<\/a><\/p>\n<p class=\"content__text\">                        <\/div>\n                                    <\/div>\n                            <div class=\"list-item\">\n                                                                <div class=\"list-item__text\">\n                            <h4>Informacje prawne<\/h4>\n<p>W przypadku pyta\u0144 dotycz\u0105cych kwestii prawnych, warunk\u00f3w \u015bwiadczenia us\u0142ug lub zgodno\u015bci z przepisami, prosimy o kontakt z naszym zespo\u0142em prawnym pod adresem: <a class=\"decorated-link cursor-pointer\" href=\"mailto:legal@freevpnplanet.com\" rel=\"noopener\" data-start=\"180\" data-end=\"203\" data-is-last-node=\"\">legal@freevpnplanet.com<\/a><\/p>                        <\/div>\n                                    <\/div>\n                    <\/div>\n\n        \n    <\/div>\n<\/section>\n","protected":false},"excerpt":{"rendered":"","protected":false},"author":39,"featured_media":0,"parent":0,"menu_order":0,"comment_status":"closed","ping_status":"closed","template":"templates\/page_template-basic_for_gutenberg.php","meta":{"_acf_changed":false,"inline_featured_image":false,"footnotes":""},"download_by_lite_tag":[],"class_list":["post-100020","page","type-page","status-publish","hentry"],"yoast_head":"<!-- This site is optimized with the Yoast SEO plugin v22.6 - https:\/\/yoast.com\/wordpress\/plugins\/seo\/ -->\n<title>Kontakt z Planet VPN<\/title>\n<meta name=\"description\" content=\"Kontakt z Planet VPN: wsp\u00f3\u0142praca, afiliacja, najcz\u0119stsze pytania dotycz\u0105ce us\u0142ugi VPN.\" \/>\n<meta name=\"robots\" content=\"index, follow, max-snippet:-1, max-image-preview:large, max-video-preview:-1\" \/>\n<link rel=\"canonical\" href=\"https:\/\/freevpnplanet.com\/pl\/contact-us\/\" \/>\n<meta property=\"og:locale\" content=\"pl_PL\" \/>\n<meta property=\"og:type\" content=\"article\" \/>\n<meta property=\"og:title\" content=\"Kontakt z Planet VPN\" \/>\n<meta property=\"og:description\" content=\"Kontakt z Planet VPN: wsp\u00f3\u0142praca, afiliacja, najcz\u0119stsze pytania dotycz\u0105ce us\u0142ugi VPN.\" \/>\n<meta property=\"og:url\" content=\"https:\/\/freevpnplanet.com\/pl\/contact-us\/\" \/>\n<meta property=\"og:site_name\" content=\"Planet VPN\" \/>\n<meta property=\"article:modified_time\" content=\"2025-10-27T11:07:22+00:00\" \/>\n<meta name=\"twitter:card\" content=\"summary_large_image\" \/>\n<script type=\"application\/ld+json\" class=\"yoast-schema-graph\">{\"@context\":\"https:\/\/schema.org\",\"@graph\":[{\"@type\":\"WebPage\",\"@id\":\"https:\/\/freevpnplanet.com\/pl\/contact-us\/\",\"url\":\"https:\/\/freevpnplanet.com\/pl\/contact-us\/\",\"name\":\"Kontakt z Planet VPN\",\"isPartOf\":{\"@id\":\"https:\/\/freevpnplanet.com\/pl\/#website\"},\"datePublished\":\"2024-06-14T07:33:16+00:00\",\"dateModified\":\"2025-10-27T11:07:22+00:00\",\"description\":\"Kontakt z Planet VPN: wsp\u00f3\u0142praca, afiliacja, najcz\u0119stsze pytania dotycz\u0105ce us\u0142ugi VPN.\",\"breadcrumb\":{\"@id\":\"https:\/\/freevpnplanet.com\/pl\/contact-us\/#breadcrumb\"},\"inLanguage\":\"pl\",\"potentialAction\":[{\"@type\":\"ReadAction\",\"target\":[\"https:\/\/freevpnplanet.com\/pl\/contact-us\/\"]}]},{\"@type\":\"BreadcrumbList\",\"@id\":\"https:\/\/freevpnplanet.com\/pl\/contact-us\/#breadcrumb\",\"itemListElement\":[{\"@type\":\"ListItem\",\"position\":1,\"name\":\"Home\",\"item\":\"https:\/\/freevpnplanet.com\/pl\/\"},{\"@type\":\"ListItem\",\"position\":2,\"name\":\"Contact us\"}]},{\"@type\":\"WebSite\",\"@id\":\"https:\/\/freevpnplanet.com\/pl\/#website\",\"url\":\"https:\/\/freevpnplanet.com\/pl\/\",\"name\":\"Planet VPN \ud83d\udee1\ufe0f\ud83c\udf10 Free VPN\",\"description\":\"Free VPN\",\"potentialAction\":[{\"@type\":\"SearchAction\",\"target\":{\"@type\":\"EntryPoint\",\"urlTemplate\":\"https:\/\/freevpnplanet.com\/pl\/?s={search_term_string}\"},\"query-input\":\"required name=search_term_string\"}],\"inLanguage\":\"pl\",\"publisher\":{\"@id\":\"https:\/\/freevpnplanet.com\/pl\/#organization\"}},{\"@context\":\"https:\/\/schema.org\/\",\"@type\":\"SoftwareApplication\",\"name\":\"Planet VPN \ud83d\udee1\ufe0f\ud83c\udf10 Free VPN\",\"operatingSystem\":\"Windows, macOS, iOS, Android, Linux, Chrome\",\"applicationCategory\":\"SecurityApplication\",\"offers\":{\"@type\":\"AggregateOffer\",\"priceCurrency\":\"USD\",\"price\":\"0\",\"lowPrice\":\"0\",\"availability\":\"https:\/\/schema.org\/InStock\"},\"aggregateRating\":{\"@type\":\"AggregateRating\",\"ratingValue\":\"4.8\",\"bestRating\":\"5\",\"ratingCount\":\"12476\"}},{\"@type\":\"Organization\",\"@id\":\"https:\/\/freevpnplanet.com\/pl\/#organization\",\"url\":\"https:\/\/freevpnplanet.com\/pl\/\",\"name\":\"Planet VPN \ud83d\udee1\ufe0f\ud83c\udf10 Free VPN\"}]}<\/script>\n<!-- \/ Yoast SEO plugin. -->","yoast_head_json":{"title":"Kontakt z Planet VPN","description":"Kontakt z Planet VPN: wsp\u00f3\u0142praca, afiliacja, najcz\u0119stsze pytania dotycz\u0105ce us\u0142ugi VPN.","robots":{"index":"index","follow":"follow","max-snippet":"max-snippet:-1","max-image-preview":"max-image-preview:large","max-video-preview":"max-video-preview:-1"},"canonical":"https:\/\/freevpnplanet.com\/pl\/contact-us\/","og_locale":"pl_PL","og_type":"article","og_title":"Kontakt z Planet VPN","og_description":"Kontakt z Planet VPN: wsp\u00f3\u0142praca, afiliacja, najcz\u0119stsze pytania dotycz\u0105ce us\u0142ugi VPN.","og_url":"https:\/\/freevpnplanet.com\/pl\/contact-us\/","og_site_name":"Planet VPN","article_modified_time":"2025-10-27T11:07:22+00:00","twitter_card":"summary_large_image","schema":{"@context":"https:\/\/schema.org","@graph":[{"@type":"WebPage","@id":"https:\/\/freevpnplanet.com\/pl\/contact-us\/","url":"https:\/\/freevpnplanet.com\/pl\/contact-us\/","name":"Kontakt z Planet VPN","isPartOf":{"@id":"https:\/\/freevpnplanet.com\/pl\/#website"},"datePublished":"2024-06-14T07:33:16+00:00","dateModified":"2025-10-27T11:07:22+00:00","description":"Kontakt z Planet VPN: wsp\u00f3\u0142praca, afiliacja, najcz\u0119stsze pytania dotycz\u0105ce us\u0142ugi VPN.","breadcrumb":{"@id":"https:\/\/freevpnplanet.com\/pl\/contact-us\/#breadcrumb"},"inLanguage":"pl","potentialAction":[{"@type":"ReadAction","target":["https:\/\/freevpnplanet.com\/pl\/contact-us\/"]}]},{"@type":"BreadcrumbList","@id":"https:\/\/freevpnplanet.com\/pl\/contact-us\/#breadcrumb","itemListElement":[{"@type":"ListItem","position":1,"name":"Home","item":"https:\/\/freevpnplanet.com\/pl\/"},{"@type":"ListItem","position":2,"name":"Contact us"}]},{"@type":"WebSite","@id":"https:\/\/freevpnplanet.com\/pl\/#website","url":"https:\/\/freevpnplanet.com\/pl\/","name":"Planet VPN \ud83d\udee1\ufe0f\ud83c\udf10 Free VPN","description":"Free VPN","potentialAction":[{"@type":"SearchAction","target":{"@type":"EntryPoint","urlTemplate":"https:\/\/freevpnplanet.com\/pl\/?s={search_term_string}"},"query-input":"required name=search_term_string"}],"inLanguage":"pl","publisher":{"@id":"https:\/\/freevpnplanet.com\/pl\/#organization"}},{"@context":"https:\/\/schema.org\/","@type":"SoftwareApplication","name":"Planet VPN \ud83d\udee1\ufe0f\ud83c\udf10 Free VPN","operatingSystem":"Windows, macOS, iOS, Android, Linux, Chrome","applicationCategory":"SecurityApplication","offers":{"@type":"AggregateOffer","priceCurrency":"USD","price":"0","lowPrice":"0","availability":"https:\/\/schema.org\/InStock"},"aggregateRating":{"@type":"AggregateRating","ratingValue":"4.8","bestRating":"5","ratingCount":"12476"}},{"@type":"Organization","@id":"https:\/\/freevpnplanet.com\/pl\/#organization","url":"https:\/\/freevpnplanet.com\/pl\/","name":"Planet VPN \ud83d\udee1\ufe0f\ud83c\udf10 Free VPN"}]}},"acf":[],"_links":{"self":[{"href":"https:\/\/freevpnplanet.com\/pl\/wp-json\/wp\/v2\/pages\/100020","targetHints":{"allow":["GET"]}}],"collection":[{"href":"https:\/\/freevpnplanet.com\/pl\/wp-json\/wp\/v2\/pages"}],"about":[{"href":"https:\/\/freevpnplanet.com\/pl\/wp-json\/wp\/v2\/types\/page"}],"author":[{"embeddable":true,"href":"https:\/\/freevpnplanet.com\/pl\/wp-json\/wp\/v2\/users\/39"}],"replies":[{"embeddable":true,"href":"https:\/\/freevpnplanet.com\/pl\/wp-json\/wp\/v2\/comments?post=100020"}],"version-history":[{"count":7,"href":"https:\/\/freevpnplanet.com\/pl\/wp-json\/wp\/v2\/pages\/100020\/revisions"}],"predecessor-version":[{"id":186777,"href":"https:\/\/freevpnplanet.com\/pl\/wp-json\/wp\/v2\/pages\/100020\/revisions\/186777"}],"wp:attachment":[{"href":"https:\/\/freevpnplanet.com\/pl\/wp-json\/wp\/v2\/media?parent=100020"}],"wp:term":[{"taxonomy":"download_by_lite_tag","embeddable":true,"href":"https:\/\/freevpnplanet.com\/pl\/wp-json\/wp\/v2\/download_by_lite_tag?post=100020"}],"curies":[{"name":"wp","href":"https:\/\/api.w.org\/{rel}","templated":true}]}}