{"id":100037,"date":"2024-06-11T18:14:08","date_gmt":"2024-06-11T15:14:08","guid":{"rendered":"https:\/\/help.freeplanetvpn.com\/about-us\/"},"modified":"2025-03-25T23:06:04","modified_gmt":"2025-03-25T20:06:04","slug":"about-us","status":"publish","type":"page","link":"https:\/\/freevpnplanet.com\/pl\/about-us\/","title":{"rendered":"About us"},"content":{"rendered":"\n<section class=\"image-text custom-block align-full   mobile-image-bottom mobile-title-center  header-size-medium text-size-small   content-left\" style='overflow: hidden;;;--min-height-mobile:400px;--min-height-desktop:507px;--content-width:36%'>\n\n    <div class=\"gutenberg-block-background\"><\/div>\n    <div class=\"image-text__inner inner-container\">\n\n        \n                    <div class=\"image-text__content\">\n\n                <h1><span data-sheets-root=\"1\">Wolny internet dla ka\u017cdego!<\/span><\/h1>\n<p class=\"header__descr\"><span data-sheets-root=\"1\">Planet VPN to us\u0142uga oparta na zasadach jako\u015bci, anonimowo\u015bci i dost\u0119pno\u015bci dla u\u017cytkownik\u00f3w. Pracujemy, aby uczyni\u0107 Internet lepszym, chroni\u0107 Ci\u0119 przed niebezpiecze\u0144stwami i sprawi\u0107, \u017ce poczujesz si\u0119 swobodnie podczas surfowania po sieci.<\/span><\/p>\n                \n            <\/div>\n        \n                    <div class=\"bg-image-wrapper bg-image-wrapper--desktop custom image-align--center\">\n                <figure style='--image-max-width:2000px;--image-opacity:1.00;width: calc(90% - 20px);left:34%;top:50%'>\n                    <img decoding=\"async\" width=\"1239\" height=\"588\" src=\"https:\/\/freevpnplanet.com\/wp-content\/uploads\/2024\/06\/rvpn-bg.844f66c1-20240611_181533_011207.png\" class=\"bg-image\" alt=\"Background Image for Desktop\" \/>                <\/figure>\n            <\/div>\n        \n                    <div class=\"bg-image-wrapper bg-image-wrapper--mobile regular-image\">\n                <figure style='width: 100%;max-width: 700px;opacity: 1.00;margin-top: 24px'>\n                    <img decoding=\"async\" width=\"1239\" height=\"588\" src=\"https:\/\/freevpnplanet.com\/wp-content\/uploads\/2024\/06\/rvpn-bg.844f66c1-20240611_181533_011207.png\" class=\"bg-image\" alt=\"Background Image for Mobile\" \/>                <\/figure>\n            <\/div>\n            <\/div>\n<\/section>\n\n\n<section class=\"wrapper custom-block align-full    \" style='--background-color:var(--dark-blue-8)'>\n\n    <div class=\"gutenberg-block-background\"><\/div>\n    <div class=\"wrapper__inner inner-container\">\n        \n\n<h3 class=\"wp-block-heading has-text-align-center\" style=\"font-size:25px\">Nasza misja<\/h3>\n\n\n\n<p style=\"font-size:18px\">Jeste\u015bmy przekonani, \u017ce ka\u017cda osoba ma prawo do korzystania z wysokiej jako\u015bci Internetu. Dzi\u0119ki Planet VPN wszystkie Twoje dane s\u0105 wysoce chronione i przesy\u0142ane przez bezpieczne wirtualne tunele, dzi\u0119ki czemu mo\u017cesz pozosta\u0107 anonimowy. U\u017cywamy technologii OpenVPN 256-bit 2048 RSA. Obs\u0142ugujemy po\u0142\u0105czenia przez IPSec (IKEv1 + IKEv2), kt\u00f3ry jest dobrze znany ze swojej niezawodno\u015bci, wysokiej pr\u0119dko\u015bci transmisji i wysokiego poziomu ochrony danych. Dost\u0119pne s\u0105 r\u00f3wnie\u017c protoko\u0142y PPTP i L2TP. Dzi\u0119ki Planet VPN filmy, muzyka, transmisje sportowe i darmowa komunikacja s\u0105 do Twojej dyspozycji!<\/p>\n\n\n    <\/div>\n\n<\/section>\n\n\n<section class=\"image-text custom-block align-wide   mobile-image-top mobile-title-center  header-size-small text-size-medium   content-right\" style='overflow: hidden;;;--min-height-mobile:400px;--min-height-desktop:500px;--content-width:62%'>\n\n    <div class=\"gutenberg-block-background\"><\/div>\n    <div class=\"image-text__inner inner-container\">\n\n        \n                    <div class=\"image-text__content\">\n\n                <h2><span data-sheets-root=\"1\">Wolno\u015b\u0107 osobista<\/span><\/h2>\n<p class=\"features__descr\"><span data-sheets-root=\"1\">W czasach rosn\u0105cej cenzury naszym celem jest zapewnienie ci wolno\u015bci osobistej i poczucia bezpiecze\u0144stwa w Internecie. Nieustannie pracujemy nad rozwi\u0105zaniami, kt\u00f3re zapewniaj\u0105 bezpiecze\u0144stwo danych osobowych, chroni\u0105 Twoje \u017c\u0105dania i ukrywaj\u0105 Twoje dzia\u0142ania. Oferujemy pe\u0142ny dost\u0119p do wszelkich informacji w Internecie oraz mo\u017cliwo\u015b\u0107 korzystania z nich anonimowo i bezpiecznie.<\/span><\/p>\n                \n            <\/div>\n        \n                    <div class=\"bg-image-wrapper bg-image-wrapper--desktop left image-align--center\">\n                <figure style='--image-max-width:407px;--image-opacity:1.00;width: calc(35% - 20px)'>\n                    <img decoding=\"async\" width=\"407\" height=\"288\" src=\"https:\/\/freevpnplanet.com\/wp-content\/uploads\/2024\/06\/rvpn-pic-1.0efc1381-20240611_182759_024047.png\" class=\"bg-image\" alt=\"Background Image for Desktop\" \/>                <\/figure>\n            <\/div>\n        \n                    <div class=\"bg-image-wrapper bg-image-wrapper--mobile regular-image\">\n                <figure style='width: 100%;max-width: 407px;opacity: 1.00;margin-top: 24px'>\n                    <img decoding=\"async\" width=\"407\" height=\"288\" src=\"https:\/\/freevpnplanet.com\/wp-content\/uploads\/2024\/06\/rvpn-pic-1.0efc1381-20240611_182759_024047.png\" class=\"bg-image\" alt=\"Background Image for Mobile\" \/>                <\/figure>\n            <\/div>\n            <\/div>\n<\/section>\n\n\n<section class=\"image-text custom-block align-wide   mobile-image-top mobile-title-center  header-size-small text-size-medium   content-left\" style='overflow: hidden;;;--min-height-mobile:400px;--min-height-desktop:400px;--content-width:65%'>\n\n    <div class=\"gutenberg-block-background\"><\/div>\n    <div class=\"image-text__inner inner-container\">\n\n        \n                    <div class=\"image-text__content\">\n\n                <h2><span data-sheets-root=\"1\">Ochrona prywatno\u015bci<\/span><\/h2>\n<p class=\"features__descr\"><span data-sheets-root=\"1\">Gwarantujemy niezawodne szyfrowanie ruchu i przesy\u0142anie go za po\u015brednictwem bezpiecznego po\u0142\u0105czenia. Twoja aktywno\u015b\u0107 online jest pod niezawodn\u0105 ochron\u0105. Pracujemy 24 godziny na dob\u0119, 7 dni w tygodniu, aby zapewni\u0107 Ci prywatno\u015b\u0107. Nasza polityka poufno\u015bci jest przejrzysta i jasna. Natychmiast powiadamiamy ka\u017cdego u\u017cytkownika o wszelkich zmianach.<\/span><\/p>\n                \n            <\/div>\n        \n                    <div class=\"bg-image-wrapper bg-image-wrapper--desktop right image-align--center\">\n                <figure style='--image-max-width:304px;--image-opacity:1.00;width: calc(35% - 20px)'>\n                    <img decoding=\"async\" width=\"304\" height=\"305\" src=\"https:\/\/freevpnplanet.com\/wp-content\/uploads\/2024\/06\/rvpn-pic-2.e55aedf1-20240611_191503_396014.png\" class=\"bg-image\" alt=\"Background Image for Desktop\" \/>                <\/figure>\n            <\/div>\n        \n                    <div class=\"bg-image-wrapper bg-image-wrapper--mobile regular-image\">\n                <figure style='width: 100%;max-width: 304px;opacity: 1.00;margin-top: 24px'>\n                    <img decoding=\"async\" width=\"304\" height=\"305\" src=\"https:\/\/freevpnplanet.com\/wp-content\/uploads\/2024\/06\/rvpn-pic-2.e55aedf1-20240611_191503_396014.png\" class=\"bg-image\" alt=\"Background Image for Mobile\" \/>                <\/figure>\n            <\/div>\n            <\/div>\n<\/section>\n\n\n<section class=\"image-text custom-block align-wide   mobile-image-top mobile-title-center  header-size-small text-size-medium   content-right\" style='overflow: hidden;;;--min-height-mobile:400px;--min-height-desktop:400px;--content-width:65%'>\n\n    <div class=\"gutenberg-block-background\"><\/div>\n    <div class=\"image-text__inner inner-container\">\n\n        \n                    <div class=\"image-text__content\">\n\n                <h2><span data-sheets-root=\"1\">Prawa cyfrowe<\/span><\/h2>\n<p class=\"features__descr\"><span data-sheets-root=\"1\">Nie rejestrujemy \u017cadnych dziennik\u00f3w aktywno\u015bci sieciowej klient\u00f3w. Nie prosimy o podawanie \u017cadnych dodatkowych informacji na sw\u00f3j temat. Oferujemy anonimowe opcje p\u0142atno\u015bci za nasze us\u0142ugi. Wszystkie informacje o korzystaniu z us\u0142ugi Planet VPN pozostaj\u0105 anonimowe i nie s\u0105 powi\u0105zane z rzeczywistym adresem IP u\u017cytkownika.<\/span><\/p>\n                \n            <\/div>\n        \n                    <div class=\"bg-image-wrapper bg-image-wrapper--desktop left image-align--center\">\n                <figure style='--image-max-width:397px;--image-opacity:1.00;width: calc(35% - 20px)'>\n                    <img decoding=\"async\" width=\"397\" height=\"260\" src=\"https:\/\/freevpnplanet.com\/wp-content\/uploads\/2024\/06\/rvpn-pic-3.cbf2ef01-20240611_191648_160765.png\" class=\"bg-image\" alt=\"Background Image for Desktop\" \/>                <\/figure>\n            <\/div>\n        \n                    <div class=\"bg-image-wrapper bg-image-wrapper--mobile regular-image\">\n                <figure style='width: 100%;max-width: 397px;opacity: 1.00;margin-top: 24px'>\n                    <img decoding=\"async\" width=\"397\" height=\"260\" src=\"https:\/\/freevpnplanet.com\/wp-content\/uploads\/2024\/06\/rvpn-pic-3.cbf2ef01-20240611_191648_160765.png\" class=\"bg-image\" alt=\"Background Image for Mobile\" \/>                <\/figure>\n            <\/div>\n            <\/div>\n<\/section>\n\n\n<section class=\"wrapper custom-block align-full    \" style='--background-color:var(--dark-blue-8)'>\n\n    <div class=\"gutenberg-block-background\"><\/div>\n    <div class=\"wrapper__inner inner-container\">\n        \n\n<h3 class=\"wp-block-heading has-text-align-center\" style=\"font-size:25px\">Nasza historia<\/h3>\n\n\n\n<p style=\"font-size:18px\">Stworzyli\u015bmy Planet VPN w 2017 roku, aby zapewni\u0107 bezpiecze\u0144stwo cyfrowe i wolno\u015b\u0107 osobist\u0105 ka\u017cdemu u\u017cytkownikowi Internetu. Poniewa\u017c sami jeste\u015bmy aktywnymi u\u017cytkownikami Internetu, wiemy jak poczucie bezpiecze\u0144stwa jest wa\u017cne dla ka\u017cdego z nas. Niestety w Internecie istnieje wiele zagro\u017ce\u0144: pocz\u0105wszy od irytuj\u0105cych reklamodawc\u00f3w, oszust\u00f3w, a nawet agencji rz\u0105dowych pr\u00f3buj\u0105cych uzyska\u0107 dost\u0119p do danych osobowych u\u017cytkownik\u00f3w.<\/p>\n\n\n\n<p style=\"font-size:18px\">Tak narodzi\u0142 si\u0119 pomys\u0142 stworzenia przyjaznej spo\u0142eczno\u015bci podobnie my\u015bl\u0105cych ludzi, kt\u00f3rzy obecnie maj\u0105 serwery VPN w ponad 60 krajach na pi\u0119ciu kontynentach. Obecnie tysi\u0105ce u\u017cytkownik\u00f3w powierza nam swoje bezpiecze\u0144stwo online.<\/p>\n\n\n    <\/div>\n\n<\/section>\n\n\n<section class=\"image-text custom-block align-full   mobile-image-top mobile-title-center  header-size-medium text-size-medium   content-right\" style='overflow: hidden;;;--min-height-mobile:400px;--min-height-desktop:500px;--content-width:67%'>\n\n    <div class=\"gutenberg-block-background\"><\/div>\n    <div class=\"image-text__inner inner-container\">\n\n        \n                    <div class=\"image-text__content\">\n\n                <h2><span data-sheets-root=\"1\">Nasze warto\u015bci<\/span><\/h2>\n<p class=\"features__descr\"><span data-sheets-root=\"1\">Planet VPN wspiera ide\u0119 zachowania wolno\u015bci osobistej, bezpiecze\u0144stwa online i prawa wyboru. Dotyczy to r\u00f3wnie\u017c interes\u00f3w prywatnych i biznesowych. Opowiadamy si\u0119 za sprawiedliwo\u015bci\u0105 i wiemy, \u017ce ka\u017cdy powinien mie\u0107 prawo do swobodnego dost\u0119pu i bezpiecznego korzystania z Internetu. Ponadto zapewniamy mo\u017cliwo\u015b\u0107 unikni\u0119cia dyskryminacji cenowej i sztuczek marketer\u00f3w.<\/span><\/p>\n                                    <div class=\"image-text__cta\">\n                        <a href=\"\/pl\/plans\/\" target=\"_self\" id=\"qa-download-button-values\" class=\"cta download-by-platform cta--with-border cta-size--small cta-mt--initial icon-position--icon-left\" style=\"--border-radius:40px\"><span class=\"cta__name\">Pobierz za darmo<\/span><\/a>                    <\/div>\n                \n            <\/div>\n        \n                    <div class=\"bg-image-wrapper bg-image-wrapper--desktop left image-align--left\">\n                <figure style='--image-max-width:390px;--image-opacity:1.00;width: calc(35% - 20px)'>\n                    <img decoding=\"async\" width=\"393\" height=\"288\" src=\"https:\/\/freevpnplanet.com\/wp-content\/uploads\/2024\/06\/rvpn-pic-4.d8c3f2a1-20240611_192429_140366.png\" class=\"bg-image\" alt=\"Background Image for Desktop\" \/>                <\/figure>\n            <\/div>\n        \n                    <div class=\"bg-image-wrapper bg-image-wrapper--mobile regular-image\">\n                <figure style='width: 100%;max-width: 393px;opacity: 1.00;margin-top: 24px'>\n                    <img decoding=\"async\" width=\"393\" height=\"288\" src=\"https:\/\/freevpnplanet.com\/wp-content\/uploads\/2024\/06\/rvpn-pic-4.d8c3f2a1-20240611_192429_140366.png\" class=\"bg-image\" alt=\"Background Image for Mobile\" \/>                <\/figure>\n            <\/div>\n            <\/div>\n<\/section>","protected":false},"excerpt":{"rendered":"","protected":false},"author":39,"featured_media":0,"parent":0,"menu_order":0,"comment_status":"closed","ping_status":"closed","template":"templates\/page_template-basic_for_gutenberg.php","meta":{"_acf_changed":false,"inline_featured_image":false,"footnotes":""},"download_by_lite_tag":[],"class_list":["post-100037","page","type-page","status-publish","hentry"],"yoast_head":"<!-- This site is optimized with the Yoast SEO plugin v22.6 - https:\/\/yoast.com\/wordpress\/plugins\/seo\/ -->\n<title>O nas | Planet VPN<\/title>\n<meta name=\"description\" content=\"Planet VPN d\u0105\u017cy do zapewnienia bezpiecznego i niezawodnego surfowania w sieci. Do\u0142\u0105cz do Planet VPN.\" \/>\n<meta name=\"robots\" content=\"index, follow, max-snippet:-1, max-image-preview:large, max-video-preview:-1\" \/>\n<link rel=\"canonical\" href=\"https:\/\/freevpnplanet.com\/pl\/about-us\/\" \/>\n<meta property=\"og:locale\" content=\"pl_PL\" \/>\n<meta property=\"og:type\" content=\"article\" \/>\n<meta property=\"og:title\" content=\"O nas | Planet VPN\" \/>\n<meta property=\"og:description\" content=\"Planet VPN d\u0105\u017cy do zapewnienia bezpiecznego i niezawodnego surfowania w sieci. Do\u0142\u0105cz do Planet VPN.\" \/>\n<meta property=\"og:url\" content=\"https:\/\/freevpnplanet.com\/pl\/about-us\/\" \/>\n<meta property=\"og:site_name\" content=\"Planet VPN\" \/>\n<meta property=\"article:modified_time\" content=\"2025-03-25T20:06:04+00:00\" \/>\n<meta name=\"twitter:card\" content=\"summary_large_image\" \/>\n<meta name=\"twitter:label1\" content=\"Est. reading time\" \/>\n\t<meta name=\"twitter:data1\" content=\"1 minute\" \/>\n<script type=\"application\/ld+json\" class=\"yoast-schema-graph\">{\"@context\":\"https:\/\/schema.org\",\"@graph\":[{\"@type\":\"WebPage\",\"@id\":\"https:\/\/freevpnplanet.com\/pl\/about-us\/\",\"url\":\"https:\/\/freevpnplanet.com\/pl\/about-us\/\",\"name\":\"O nas | Planet VPN\",\"isPartOf\":{\"@id\":\"https:\/\/freevpnplanet.com\/pl\/#website\"},\"datePublished\":\"2024-06-11T15:14:08+00:00\",\"dateModified\":\"2025-03-25T20:06:04+00:00\",\"description\":\"Planet VPN d\u0105\u017cy do zapewnienia bezpiecznego i niezawodnego surfowania w sieci. Do\u0142\u0105cz do Planet VPN.\",\"breadcrumb\":{\"@id\":\"https:\/\/freevpnplanet.com\/pl\/about-us\/#breadcrumb\"},\"inLanguage\":\"pl\",\"potentialAction\":[{\"@type\":\"ReadAction\",\"target\":[\"https:\/\/freevpnplanet.com\/pl\/about-us\/\"]}]},{\"@type\":\"BreadcrumbList\",\"@id\":\"https:\/\/freevpnplanet.com\/pl\/about-us\/#breadcrumb\",\"itemListElement\":[{\"@type\":\"ListItem\",\"position\":1,\"name\":\"Home\",\"item\":\"https:\/\/freevpnplanet.com\/pl\/\"},{\"@type\":\"ListItem\",\"position\":2,\"name\":\"About us\"}]},{\"@type\":\"WebSite\",\"@id\":\"https:\/\/freevpnplanet.com\/pl\/#website\",\"url\":\"https:\/\/freevpnplanet.com\/pl\/\",\"name\":\"Planet VPN \ud83d\udee1\ufe0f\ud83c\udf10 Free VPN\",\"description\":\"Free VPN\",\"potentialAction\":[{\"@type\":\"SearchAction\",\"target\":{\"@type\":\"EntryPoint\",\"urlTemplate\":\"https:\/\/freevpnplanet.com\/pl\/?s={search_term_string}\"},\"query-input\":\"required name=search_term_string\"}],\"inLanguage\":\"pl\",\"publisher\":{\"@id\":\"https:\/\/freevpnplanet.com\/pl\/#organization\"}},{\"@context\":\"https:\/\/schema.org\/\",\"@type\":\"SoftwareApplication\",\"name\":\"Planet VPN \ud83d\udee1\ufe0f\ud83c\udf10 Free VPN\",\"operatingSystem\":\"Windows, macOS, iOS, Android, Linux, Chrome\",\"applicationCategory\":\"SecurityApplication\",\"offers\":{\"@type\":\"AggregateOffer\",\"priceCurrency\":\"USD\",\"price\":\"0\",\"lowPrice\":\"0\",\"availability\":\"https:\/\/schema.org\/InStock\"},\"aggregateRating\":{\"@type\":\"AggregateRating\",\"ratingValue\":\"4.8\",\"bestRating\":\"5\",\"ratingCount\":\"12476\"}},{\"@type\":\"Organization\",\"@id\":\"https:\/\/freevpnplanet.com\/pl\/#organization\",\"url\":\"https:\/\/freevpnplanet.com\/pl\/\",\"name\":\"Planet VPN \ud83d\udee1\ufe0f\ud83c\udf10 Free VPN\"}]}<\/script>\n<!-- \/ Yoast SEO plugin. -->","yoast_head_json":{"title":"O nas | Planet VPN","description":"Planet VPN d\u0105\u017cy do zapewnienia bezpiecznego i niezawodnego surfowania w sieci. Do\u0142\u0105cz do Planet VPN.","robots":{"index":"index","follow":"follow","max-snippet":"max-snippet:-1","max-image-preview":"max-image-preview:large","max-video-preview":"max-video-preview:-1"},"canonical":"https:\/\/freevpnplanet.com\/pl\/about-us\/","og_locale":"pl_PL","og_type":"article","og_title":"O nas | Planet VPN","og_description":"Planet VPN d\u0105\u017cy do zapewnienia bezpiecznego i niezawodnego surfowania w sieci. Do\u0142\u0105cz do Planet VPN.","og_url":"https:\/\/freevpnplanet.com\/pl\/about-us\/","og_site_name":"Planet VPN","article_modified_time":"2025-03-25T20:06:04+00:00","twitter_card":"summary_large_image","twitter_misc":{"Est. reading time":"1 minute"},"schema":{"@context":"https:\/\/schema.org","@graph":[{"@type":"WebPage","@id":"https:\/\/freevpnplanet.com\/pl\/about-us\/","url":"https:\/\/freevpnplanet.com\/pl\/about-us\/","name":"O nas | Planet VPN","isPartOf":{"@id":"https:\/\/freevpnplanet.com\/pl\/#website"},"datePublished":"2024-06-11T15:14:08+00:00","dateModified":"2025-03-25T20:06:04+00:00","description":"Planet VPN d\u0105\u017cy do zapewnienia bezpiecznego i niezawodnego surfowania w sieci. Do\u0142\u0105cz do Planet VPN.","breadcrumb":{"@id":"https:\/\/freevpnplanet.com\/pl\/about-us\/#breadcrumb"},"inLanguage":"pl","potentialAction":[{"@type":"ReadAction","target":["https:\/\/freevpnplanet.com\/pl\/about-us\/"]}]},{"@type":"BreadcrumbList","@id":"https:\/\/freevpnplanet.com\/pl\/about-us\/#breadcrumb","itemListElement":[{"@type":"ListItem","position":1,"name":"Home","item":"https:\/\/freevpnplanet.com\/pl\/"},{"@type":"ListItem","position":2,"name":"About us"}]},{"@type":"WebSite","@id":"https:\/\/freevpnplanet.com\/pl\/#website","url":"https:\/\/freevpnplanet.com\/pl\/","name":"Planet VPN \ud83d\udee1\ufe0f\ud83c\udf10 Free VPN","description":"Free VPN","potentialAction":[{"@type":"SearchAction","target":{"@type":"EntryPoint","urlTemplate":"https:\/\/freevpnplanet.com\/pl\/?s={search_term_string}"},"query-input":"required name=search_term_string"}],"inLanguage":"pl","publisher":{"@id":"https:\/\/freevpnplanet.com\/pl\/#organization"}},{"@context":"https:\/\/schema.org\/","@type":"SoftwareApplication","name":"Planet VPN \ud83d\udee1\ufe0f\ud83c\udf10 Free VPN","operatingSystem":"Windows, macOS, iOS, Android, Linux, Chrome","applicationCategory":"SecurityApplication","offers":{"@type":"AggregateOffer","priceCurrency":"USD","price":"0","lowPrice":"0","availability":"https:\/\/schema.org\/InStock"},"aggregateRating":{"@type":"AggregateRating","ratingValue":"4.8","bestRating":"5","ratingCount":"12476"}},{"@type":"Organization","@id":"https:\/\/freevpnplanet.com\/pl\/#organization","url":"https:\/\/freevpnplanet.com\/pl\/","name":"Planet VPN \ud83d\udee1\ufe0f\ud83c\udf10 Free VPN"}]}},"acf":[],"_links":{"self":[{"href":"https:\/\/freevpnplanet.com\/pl\/wp-json\/wp\/v2\/pages\/100037","targetHints":{"allow":["GET"]}}],"collection":[{"href":"https:\/\/freevpnplanet.com\/pl\/wp-json\/wp\/v2\/pages"}],"about":[{"href":"https:\/\/freevpnplanet.com\/pl\/wp-json\/wp\/v2\/types\/page"}],"author":[{"embeddable":true,"href":"https:\/\/freevpnplanet.com\/pl\/wp-json\/wp\/v2\/users\/39"}],"replies":[{"embeddable":true,"href":"https:\/\/freevpnplanet.com\/pl\/wp-json\/wp\/v2\/comments?post=100037"}],"version-history":[{"count":1,"href":"https:\/\/freevpnplanet.com\/pl\/wp-json\/wp\/v2\/pages\/100037\/revisions"}],"predecessor-version":[{"id":150642,"href":"https:\/\/freevpnplanet.com\/pl\/wp-json\/wp\/v2\/pages\/100037\/revisions\/150642"}],"wp:attachment":[{"href":"https:\/\/freevpnplanet.com\/pl\/wp-json\/wp\/v2\/media?parent=100037"}],"wp:term":[{"taxonomy":"download_by_lite_tag","embeddable":true,"href":"https:\/\/freevpnplanet.com\/pl\/wp-json\/wp\/v2\/download_by_lite_tag?post=100037"}],"curies":[{"name":"wp","href":"https:\/\/api.w.org\/{rel}","templated":true}]}}