{"id":101390,"date":"2024-06-12T14:19:27","date_gmt":"2024-06-12T11:19:27","guid":{"rendered":"https:\/\/help.freeplanetvpn.com\/affiliate-program\/"},"modified":"2025-07-18T14:26:45","modified_gmt":"2025-07-18T11:26:45","slug":"affiliate-program","status":"publish","type":"page","link":"https:\/\/freevpnplanet.com\/pl\/affiliate-program\/","title":{"rendered":"Affiliate Program"},"content":{"rendered":"\n<section class=\"image-text custom-block align-full bg-circle-top-left  mobile-image-bottom   header-size-extra-large text-size-large   content-left\" style='overflow: hidden;;--background-color:var(--dark-blue-1); --text-color:var(--white);--min-height-mobile:400px;--min-height-desktop:676px;--content-width:46%'>\n\n    <div class=\"gutenberg-block-background\"><\/div>\n    <div class=\"image-text__inner inner-container\">\n\n        \n                    <div class=\"image-text__content\">\n\n                <h1><span>DARMOWY\u00a0<\/span>PROGRAM PARTNERSKI VPN PLANET<\/h1>\n\n\n\n<p>Masz stron\u0119 internetow\u0105 lub kana\u0142 YouTube? A mo\u017ce stron\u0119 na Instagramie lub Facebooku? Pozw\u00f3l nam pom\u00f3c Ci zarabia\u0107 i zarobi\u0107 troch\u0119 dodatkowej got\u00f3wki.<\/p>\n                                    <div class=\"image-text__cta\">\n                        <a href=\"https:\/\/affiliate.freevpnplanet.com\/\" target=\"_blank\" id=\"qa-program-hero\" class=\"cta cta-size--small cta-mt--initial icon-position--icon-left\" style=\"--button-background-color: var(--red);--button-background-color-hover: var(--red-hover);--button-background-color-pressed: var(--red-pressed)\"><span class=\"cta__name\">Do\u0142\u0105cz do naszego programu partnerskiego<\/span><\/a>                    <\/div>\n                \n            <\/div>\n        \n                    <div class=\"bg-image-wrapper bg-image-wrapper--desktop right image-align--right\">\n                <figure style='--image-max-width:700px;--image-opacity:1.00;width: calc(62% - 20px)'>\n                    <img decoding=\"async\" width=\"923\" height=\"705\" src=\"https:\/\/freevpnplanet.com\/wp-content\/uploads\/2024\/09\/main_img_affiliate.svg\" class=\"bg-image\" alt=\"Background Image for Desktop\" \/>                <\/figure>\n            <\/div>\n        \n                    <div class=\"bg-image-wrapper bg-image-wrapper--mobile regular-image\">\n                <figure style='width: 100%;max-width: 550px;opacity: 1.00;margin-top: 40px'>\n                    <img decoding=\"async\" width=\"923\" height=\"705\" src=\"https:\/\/freevpnplanet.com\/wp-content\/uploads\/2024\/09\/main_img_affiliate.svg\" class=\"bg-image\" alt=\"Background Image for Mobile\" \/>                <\/figure>\n            <\/div>\n            <\/div>\n<\/section>\n\n\n<section class=\"wrapper custom-block align-full    \" style=''>\n\n    <div class=\"gutenberg-block-background\"><\/div>\n    <div class=\"wrapper__inner inner-container\">\n        \n\n<div class=\"wp-block-group is-content-justification-center is-nowrap is-layout-flex wp-container-core-group-is-layout-1 wp-block-group-is-layout-flex\">\n<div class=\"wp-block-columns wp-container-content-1 is-layout-flex wp-container-core-columns-is-layout-1 wp-block-columns-is-layout-flex row-gap--20 stack-breakpoint--768\">\n<div class=\"wp-block-column is-layout-flow wp-block-column-is-layout-flow\">\n<h2 data-v-0b82cb4d=\"\"><span data-v-0b82cb4d=\"\">NAJPOPULARNIEJSZA\u00a0<\/span>W\u015aR\u00d3D U\u017bYTKOWNIK\u00d3W US\u0141UGA VPN W 2023 ROKU<\/h2>\n<\/div>\n<\/div>\n<\/div>\n\n\n\n<div class=\"wp-block-group alignwide images-list is-content-justification-space-between is-nowrap is-layout-flex wp-container-core-group-is-layout-2 wp-block-group-is-layout-flex\" style=\"margin-top:50px\">\n<figure class=\"wp-block-image size-full is-resized\"><img decoding=\"async\" width=\"380\" height=\"128\" src=\"https:\/\/freevpnplanet.com\/wp-content\/uploads\/2024\/06\/rvpn-taboola.84c3ff51-20240612_143702_009199.png\" alt=\"\" class=\"wp-image-94372\" style=\"width:204px\"\/><\/figure>\n\n\n\n<figure class=\"wp-block-image size-full is-resized\"><img decoding=\"async\" width=\"501\" height=\"128\" src=\"https:\/\/freevpnplanet.com\/wp-content\/uploads\/2024\/06\/rvpn-codefuel.63af7d61-20240612_143718_418588.png\" alt=\"\" class=\"wp-image-94390\" style=\"width:262px\"\/><\/figure>\n\n\n\n<figure class=\"wp-block-image size-full is-resized\"><img decoding=\"async\" width=\"351\" height=\"129\" src=\"https:\/\/freevpnplanet.com\/wp-content\/uploads\/2024\/06\/rvpn-bing.0fcd4b31-20240612_143733_953304.png\" alt=\"\" class=\"wp-image-94407\" style=\"width:188px\"\/><\/figure>\n\n\n\n<figure class=\"wp-block-image size-full is-resized\"><img decoding=\"async\" width=\"790\" height=\"129\" src=\"https:\/\/freevpnplanet.com\/wp-content\/uploads\/2024\/06\/rvpn-googleadmob.28c8ecb1-20240612_143752_838237.png\" alt=\"\" class=\"wp-image-94424\" style=\"width:400px\"\/><\/figure>\n<\/div>\n\n\n    <\/div>\n\n<\/section>\n\n\n<section class=\"wrapper custom-block align-full    \" style='--background-color:var(--dark-blue-8)'>\n\n    <div class=\"gutenberg-block-background\"><\/div>\n    <div class=\"wrapper__inner inner-container\">\n        \n\n<div class=\"wp-block-group is-content-justification-center is-layout-flex wp-container-core-group-is-layout-3 wp-block-group-is-layout-flex\" style=\"margin-bottom:50px\">\n<h2 class=\"wp-block-heading has-text-align-center\">DLACZEGO LUDZIE UFAJ\u0104&nbsp;<\/h2>\n\n\n\n<h2 class=\"wp-block-heading has-green-color has-text-color has-link-color wp-elements-2e7625518b8dad0e674a3da2a160cd13\" style=\"margin-top:0px\">PLANET VPN<\/h2>\n<\/div>\n\n\n\n<div class=\"wp-block-group is-layout-constrained wp-block-group-is-layout-constrained\">\n<p class=\"\"><\/p>\n<\/div>\n\n\n\n<div class=\"wp-block-columns is-layout-flex wp-container-core-columns-is-layout-2 wp-block-columns-is-layout-flex row-gap--20 stack-breakpoint--768\">\n<div class=\"wp-block-column is-layout-flow wp-block-column-is-layout-flow\">\n<figure class=\"wp-block-image aligncenter size-full\"><img decoding=\"async\" width=\"324\" height=\"323\" src=\"https:\/\/freevpnplanet.com\/wp-content\/uploads\/2024\/06\/rvpn-manager-icon.7dfe41d1-20240612_152044_574063.png\" alt=\"\" class=\"wp-image-94469\"\/><\/figure>\n\n\n\n<h3 class=\"wp-block-heading\">Profesjonalny mened\u017cer konta<\/h3>\n\n\n\n<p class=\"has-medium-font-size\">Nasz zesp\u00f3\u0142 profesjonalnych mened\u017cer\u00f3w kont pomo\u017ce ci na ka\u017cdym kroku, aby zmaksymalizowa\u0107 zyski z ruchu.<\/p>\n<\/div>\n\n\n\n<div class=\"wp-block-column is-layout-flow wp-block-column-is-layout-flow\">\n<figure class=\"wp-block-image aligncenter size-full is-resized\"><img decoding=\"async\" width=\"324\" height=\"323\" src=\"https:\/\/freevpnplanet.com\/wp-content\/uploads\/2024\/06\/rvpn-team-icon.6adadae1-20240612_152305_257720.png\" alt=\"\" class=\"wp-image-94486\" style=\"width:324px;height:auto\"\/><\/figure>\n\n\n\n<h3 class=\"wp-block-heading\">Profesjonalny zesp\u00f3\u0142 SEO, SMM i projektant\u00f3w<\/h3>\n\n\n\n<p class=\"has-medium-font-size\">Nasz zesp\u00f3\u0142 pomo\u017ce ci zwi\u0119kszy\u0107 potencja\u0142 twoich stron internetowych w zale\u017cno\u015bci od posiadanych \u017ar\u00f3de\u0142 ruchu.<\/p>\n<\/div>\n<\/div>\n\n\n\n<div class=\"wp-block-columns is-layout-flex wp-container-core-columns-is-layout-3 wp-block-columns-is-layout-flex row-gap--20 stack-breakpoint--768\">\n<div class=\"wp-block-column is-layout-flow wp-block-column-is-layout-flow\">\n<figure class=\"wp-block-image aligncenter size-full\"><img decoding=\"async\" width=\"320\" height=\"320\" src=\"https:\/\/freevpnplanet.com\/wp-content\/uploads\/2024\/06\/rvpn-lifecomision-icon.01c53281-20240612_152628_436600.png\" alt=\"\" class=\"wp-image-94507\"\/><\/figure>\n\n\n\n<h3 class=\"wp-block-heading\">Do\u017cywotnia prowizja<\/h3>\n\n\n\n<p class=\"has-medium-font-size\">Brak limitu zarobk\u00f3w &#8211; do\u017cywotnia prowizja<\/p>\n<\/div>\n\n\n\n<div class=\"wp-block-column is-layout-flow wp-block-column-is-layout-flow\">\n<figure class=\"wp-block-image aligncenter size-full is-resized\"><img decoding=\"async\" width=\"324\" height=\"323\" src=\"https:\/\/freevpnplanet.com\/wp-content\/uploads\/2024\/06\/rvpn-payment-icon.9042fb31-20240612_152953_149461.png\" alt=\"\" class=\"wp-image-94527\" style=\"width:324px;height:auto\"\/><\/figure>\n\n\n\n<h3 class=\"wp-block-heading\">Elastyczna metoda p\u0142atno\u015bci WD<\/h3>\n\n\n\n<p class=\"has-medium-font-size\">BTC, PayPal, przelew itp.<\/p>\n<\/div>\n<\/div>\n\n\n\n<div class=\"wp-block-group is-layout-constrained wp-block-group-is-layout-constrained\" style=\"margin-top:0;padding-top:var(--wp--preset--spacing--70)\">\n<div class=\"buttons custom-block align-center \">\n                        <a href=\"https:\/\/affiliate.freevpnplanet.com\/\" target=\"_blank\" id=\"qa-program-trust\" class=\"cta cta-size--small cta-mt--initial icon-position--icon-left\" style=\"--button-background-color: var(--red);--button-background-color-hover: var(--red-hover);--button-background-color-pressed: var(--red-pressed)\"><span class=\"cta__name\">Do\u0142\u0105cz do naszego programu partnerskiego<\/span><\/a>            <\/div><\/div>\n\n\n    <\/div>\n\n<\/section>\n\n\n<section class=\"image-text custom-block align-none   mobile-image-top mobile-title-center  header-size-extra-large text-size-small   content-right\" style='overflow: hidden;;;--min-height-mobile:400px;--min-height-desktop:482px;--content-width:50%'>\n\n    <div class=\"gutenberg-block-background\"><\/div>\n    <div class=\"image-text__inner inner-container\">\n\n        \n                    <div class=\"image-text__content\">\n\n                <h2>POTRZEBUJESZ POMOCY?<\/h2>\n\n<p>Skontaktuj si\u0119 z nami przez\u00a0<a id=\"qa-email\" href=\"mailto:affiliates@planetfreevpn.com\">e-mail<\/a>, a my skontaktujemy si\u0119 z Tob\u0105 jak najszybciej.<\/p>\n                \n            <\/div>\n        \n                    <div class=\"bg-image-wrapper bg-image-wrapper--desktop left image-align--left\">\n                <figure style='--image-max-width:486px;--image-opacity:1.00;width: calc(50% - 20px)'>\n                    <img decoding=\"async\" width=\"486\" height=\"342\" src=\"https:\/\/freevpnplanet.com\/wp-content\/uploads\/2024\/06\/rvpn-guestion-img.14083381-20240612_151717_329677.svg\" class=\"bg-image\" alt=\"Background Image for Desktop\" \/>                <\/figure>\n            <\/div>\n        \n                    <div class=\"bg-image-wrapper bg-image-wrapper--mobile regular-image\">\n                <figure style='width: 100%;max-width: 480px;opacity: 1.00;margin-top: 24px'>\n                    <img decoding=\"async\" width=\"486\" height=\"342\" src=\"https:\/\/freevpnplanet.com\/wp-content\/uploads\/2024\/06\/rvpn-guestion-img.14083381-20240612_151717_329677.svg\" class=\"bg-image\" alt=\"Background Image for Mobile\" \/>                <\/figure>\n            <\/div>\n            <\/div>\n<\/section>","protected":false},"excerpt":{"rendered":"","protected":false},"author":39,"featured_media":0,"parent":0,"menu_order":0,"comment_status":"closed","ping_status":"closed","template":"templates\/page_template-basic_for_gutenberg.php","meta":{"_acf_changed":false,"inline_featured_image":false,"footnotes":""},"download_by_lite_tag":[],"class_list":["post-101390","page","type-page","status-publish","hentry"],"yoast_head":"<!-- This site is optimized with the Yoast SEO plugin v22.6 - https:\/\/yoast.com\/wordpress\/plugins\/seo\/ -->\n<title>Program partnerski Planet VPN - najlepsze warunki i oferty<\/title>\n<meta name=\"description\" content=\"Do\u0142\u0105cz do programu partnerskiego Planet VPN. Oferujemy korzystne warunki, wysokie prowizje, szybkie wyp\u0142aty i mo\u017cliwo\u015b\u0107 wzajemnie korzystnej d\u0142ugoterminowej wsp\u00f3\u0142pracy.\" \/>\n<meta name=\"robots\" content=\"index, follow, max-snippet:-1, max-image-preview:large, max-video-preview:-1\" \/>\n<link rel=\"canonical\" href=\"https:\/\/freevpnplanet.com\/pl\/affiliate-program\/\" \/>\n<meta property=\"og:locale\" content=\"pl_PL\" \/>\n<meta property=\"og:type\" content=\"article\" \/>\n<meta property=\"og:title\" content=\"Program partnerski Planet VPN - najlepsze warunki i oferty\" \/>\n<meta property=\"og:description\" content=\"Do\u0142\u0105cz do programu partnerskiego Planet VPN. Oferujemy korzystne warunki, wysokie prowizje, szybkie wyp\u0142aty i mo\u017cliwo\u015b\u0107 wzajemnie korzystnej d\u0142ugoterminowej wsp\u00f3\u0142pracy.\" \/>\n<meta property=\"og:url\" content=\"https:\/\/freevpnplanet.com\/pl\/affiliate-program\/\" \/>\n<meta property=\"og:site_name\" content=\"Planet VPN\" \/>\n<meta property=\"article:modified_time\" content=\"2025-07-18T11:26:45+00:00\" \/>\n<meta property=\"og:image\" content=\"https:\/\/freevpnplanet.com\/wp-content\/uploads\/2024\/06\/rvpn-taboola.84c3ff51-20240612_143702_009199.png\" \/>\n<meta name=\"twitter:card\" content=\"summary_large_image\" \/>\n<meta name=\"twitter:label1\" content=\"Est. reading time\" \/>\n\t<meta name=\"twitter:data1\" content=\"2 minutes\" \/>\n<script type=\"application\/ld+json\" class=\"yoast-schema-graph\">{\"@context\":\"https:\/\/schema.org\",\"@graph\":[{\"@type\":\"WebPage\",\"@id\":\"https:\/\/freevpnplanet.com\/pl\/affiliate-program\/\",\"url\":\"https:\/\/freevpnplanet.com\/pl\/affiliate-program\/\",\"name\":\"Program partnerski Planet VPN - najlepsze warunki i oferty\",\"isPartOf\":{\"@id\":\"https:\/\/freevpnplanet.com\/pl\/#website\"},\"primaryImageOfPage\":{\"@id\":\"https:\/\/freevpnplanet.com\/pl\/affiliate-program\/#primaryimage\"},\"image\":{\"@id\":\"https:\/\/freevpnplanet.com\/pl\/affiliate-program\/#primaryimage\"},\"thumbnailUrl\":\"https:\/\/freevpnplanet.com\/wp-content\/uploads\/2024\/06\/rvpn-taboola.84c3ff51-20240612_143702_009199.png\",\"datePublished\":\"2024-06-12T11:19:27+00:00\",\"dateModified\":\"2025-07-18T11:26:45+00:00\",\"description\":\"Do\u0142\u0105cz do programu partnerskiego Planet VPN. Oferujemy korzystne warunki, wysokie prowizje, szybkie wyp\u0142aty i mo\u017cliwo\u015b\u0107 wzajemnie korzystnej d\u0142ugoterminowej wsp\u00f3\u0142pracy.\",\"breadcrumb\":{\"@id\":\"https:\/\/freevpnplanet.com\/pl\/affiliate-program\/#breadcrumb\"},\"inLanguage\":\"pl\",\"potentialAction\":[{\"@type\":\"ReadAction\",\"target\":[\"https:\/\/freevpnplanet.com\/pl\/affiliate-program\/\"]}]},{\"@type\":\"ImageObject\",\"inLanguage\":\"pl\",\"@id\":\"https:\/\/freevpnplanet.com\/pl\/affiliate-program\/#primaryimage\",\"url\":\"https:\/\/freevpnplanet.com\/wp-content\/uploads\/2024\/06\/rvpn-taboola.84c3ff51-20240612_143702_009199.png\",\"contentUrl\":\"https:\/\/freevpnplanet.com\/wp-content\/uploads\/2024\/06\/rvpn-taboola.84c3ff51-20240612_143702_009199.png\"},{\"@type\":\"BreadcrumbList\",\"@id\":\"https:\/\/freevpnplanet.com\/pl\/affiliate-program\/#breadcrumb\",\"itemListElement\":[{\"@type\":\"ListItem\",\"position\":1,\"name\":\"Home\",\"item\":\"https:\/\/freevpnplanet.com\/pl\/\"},{\"@type\":\"ListItem\",\"position\":2,\"name\":\"Affiliate Program\"}]},{\"@type\":\"WebSite\",\"@id\":\"https:\/\/freevpnplanet.com\/pl\/#website\",\"url\":\"https:\/\/freevpnplanet.com\/pl\/\",\"name\":\"Planet VPN \ud83d\udee1\ufe0f\ud83c\udf10 Free VPN\",\"description\":\"Free VPN\",\"potentialAction\":[{\"@type\":\"SearchAction\",\"target\":{\"@type\":\"EntryPoint\",\"urlTemplate\":\"https:\/\/freevpnplanet.com\/pl\/?s={search_term_string}\"},\"query-input\":\"required name=search_term_string\"}],\"inLanguage\":\"pl\",\"publisher\":{\"@id\":\"https:\/\/freevpnplanet.com\/pl\/#organization\"}},{\"@context\":\"https:\/\/schema.org\/\",\"@type\":\"SoftwareApplication\",\"name\":\"Planet VPN \ud83d\udee1\ufe0f\ud83c\udf10 Free VPN\",\"operatingSystem\":\"Windows, macOS, iOS, Android, Linux, Chrome\",\"applicationCategory\":\"SecurityApplication\",\"offers\":{\"@type\":\"AggregateOffer\",\"priceCurrency\":\"USD\",\"price\":\"0\",\"lowPrice\":\"0\",\"availability\":\"https:\/\/schema.org\/InStock\"},\"aggregateRating\":{\"@type\":\"AggregateRating\",\"ratingValue\":\"4.8\",\"bestRating\":\"5\",\"ratingCount\":\"12476\"}},{\"@type\":\"Organization\",\"@id\":\"https:\/\/freevpnplanet.com\/pl\/#organization\",\"url\":\"https:\/\/freevpnplanet.com\/pl\/\",\"name\":\"Planet VPN \ud83d\udee1\ufe0f\ud83c\udf10 Free VPN\"}]}<\/script>\n<!-- \/ Yoast SEO plugin. -->","yoast_head_json":{"title":"Program partnerski Planet VPN - najlepsze warunki i oferty","description":"Do\u0142\u0105cz do programu partnerskiego Planet VPN. Oferujemy korzystne warunki, wysokie prowizje, szybkie wyp\u0142aty i mo\u017cliwo\u015b\u0107 wzajemnie korzystnej d\u0142ugoterminowej wsp\u00f3\u0142pracy.","robots":{"index":"index","follow":"follow","max-snippet":"max-snippet:-1","max-image-preview":"max-image-preview:large","max-video-preview":"max-video-preview:-1"},"canonical":"https:\/\/freevpnplanet.com\/pl\/affiliate-program\/","og_locale":"pl_PL","og_type":"article","og_title":"Program partnerski Planet VPN - najlepsze warunki i oferty","og_description":"Do\u0142\u0105cz do programu partnerskiego Planet VPN. Oferujemy korzystne warunki, wysokie prowizje, szybkie wyp\u0142aty i mo\u017cliwo\u015b\u0107 wzajemnie korzystnej d\u0142ugoterminowej wsp\u00f3\u0142pracy.","og_url":"https:\/\/freevpnplanet.com\/pl\/affiliate-program\/","og_site_name":"Planet VPN","article_modified_time":"2025-07-18T11:26:45+00:00","og_image":[{"url":"https:\/\/freevpnplanet.com\/wp-content\/uploads\/2024\/06\/rvpn-taboola.84c3ff51-20240612_143702_009199.png"}],"twitter_card":"summary_large_image","twitter_misc":{"Est. reading time":"2 minutes"},"schema":{"@context":"https:\/\/schema.org","@graph":[{"@type":"WebPage","@id":"https:\/\/freevpnplanet.com\/pl\/affiliate-program\/","url":"https:\/\/freevpnplanet.com\/pl\/affiliate-program\/","name":"Program partnerski Planet VPN - najlepsze warunki i oferty","isPartOf":{"@id":"https:\/\/freevpnplanet.com\/pl\/#website"},"primaryImageOfPage":{"@id":"https:\/\/freevpnplanet.com\/pl\/affiliate-program\/#primaryimage"},"image":{"@id":"https:\/\/freevpnplanet.com\/pl\/affiliate-program\/#primaryimage"},"thumbnailUrl":"https:\/\/freevpnplanet.com\/wp-content\/uploads\/2024\/06\/rvpn-taboola.84c3ff51-20240612_143702_009199.png","datePublished":"2024-06-12T11:19:27+00:00","dateModified":"2025-07-18T11:26:45+00:00","description":"Do\u0142\u0105cz do programu partnerskiego Planet VPN. Oferujemy korzystne warunki, wysokie prowizje, szybkie wyp\u0142aty i mo\u017cliwo\u015b\u0107 wzajemnie korzystnej d\u0142ugoterminowej wsp\u00f3\u0142pracy.","breadcrumb":{"@id":"https:\/\/freevpnplanet.com\/pl\/affiliate-program\/#breadcrumb"},"inLanguage":"pl","potentialAction":[{"@type":"ReadAction","target":["https:\/\/freevpnplanet.com\/pl\/affiliate-program\/"]}]},{"@type":"ImageObject","inLanguage":"pl","@id":"https:\/\/freevpnplanet.com\/pl\/affiliate-program\/#primaryimage","url":"https:\/\/freevpnplanet.com\/wp-content\/uploads\/2024\/06\/rvpn-taboola.84c3ff51-20240612_143702_009199.png","contentUrl":"https:\/\/freevpnplanet.com\/wp-content\/uploads\/2024\/06\/rvpn-taboola.84c3ff51-20240612_143702_009199.png"},{"@type":"BreadcrumbList","@id":"https:\/\/freevpnplanet.com\/pl\/affiliate-program\/#breadcrumb","itemListElement":[{"@type":"ListItem","position":1,"name":"Home","item":"https:\/\/freevpnplanet.com\/pl\/"},{"@type":"ListItem","position":2,"name":"Affiliate Program"}]},{"@type":"WebSite","@id":"https:\/\/freevpnplanet.com\/pl\/#website","url":"https:\/\/freevpnplanet.com\/pl\/","name":"Planet VPN \ud83d\udee1\ufe0f\ud83c\udf10 Free VPN","description":"Free VPN","potentialAction":[{"@type":"SearchAction","target":{"@type":"EntryPoint","urlTemplate":"https:\/\/freevpnplanet.com\/pl\/?s={search_term_string}"},"query-input":"required name=search_term_string"}],"inLanguage":"pl","publisher":{"@id":"https:\/\/freevpnplanet.com\/pl\/#organization"}},{"@context":"https:\/\/schema.org\/","@type":"SoftwareApplication","name":"Planet VPN \ud83d\udee1\ufe0f\ud83c\udf10 Free VPN","operatingSystem":"Windows, macOS, iOS, Android, Linux, Chrome","applicationCategory":"SecurityApplication","offers":{"@type":"AggregateOffer","priceCurrency":"USD","price":"0","lowPrice":"0","availability":"https:\/\/schema.org\/InStock"},"aggregateRating":{"@type":"AggregateRating","ratingValue":"4.8","bestRating":"5","ratingCount":"12476"}},{"@type":"Organization","@id":"https:\/\/freevpnplanet.com\/pl\/#organization","url":"https:\/\/freevpnplanet.com\/pl\/","name":"Planet VPN \ud83d\udee1\ufe0f\ud83c\udf10 Free VPN"}]}},"acf":[],"_links":{"self":[{"href":"https:\/\/freevpnplanet.com\/pl\/wp-json\/wp\/v2\/pages\/101390","targetHints":{"allow":["GET"]}}],"collection":[{"href":"https:\/\/freevpnplanet.com\/pl\/wp-json\/wp\/v2\/pages"}],"about":[{"href":"https:\/\/freevpnplanet.com\/pl\/wp-json\/wp\/v2\/types\/page"}],"author":[{"embeddable":true,"href":"https:\/\/freevpnplanet.com\/pl\/wp-json\/wp\/v2\/users\/39"}],"replies":[{"embeddable":true,"href":"https:\/\/freevpnplanet.com\/pl\/wp-json\/wp\/v2\/comments?post=101390"}],"version-history":[{"count":2,"href":"https:\/\/freevpnplanet.com\/pl\/wp-json\/wp\/v2\/pages\/101390\/revisions"}],"predecessor-version":[{"id":171547,"href":"https:\/\/freevpnplanet.com\/pl\/wp-json\/wp\/v2\/pages\/101390\/revisions\/171547"}],"wp:attachment":[{"href":"https:\/\/freevpnplanet.com\/pl\/wp-json\/wp\/v2\/media?parent=101390"}],"wp:term":[{"taxonomy":"download_by_lite_tag","embeddable":true,"href":"https:\/\/freevpnplanet.com\/pl\/wp-json\/wp\/v2\/download_by_lite_tag?post=101390"}],"curies":[{"name":"wp","href":"https:\/\/api.w.org\/{rel}","templated":true}]}}